{"id":124082,"date":"2023-03-26T11:40:15","date_gmt":"2023-03-26T11:40:15","guid":{"rendered":"http:\/\/talkpal.ai\/nemet-nyelvtan\/"},"modified":"2025-05-22T19:22:43","modified_gmt":"2025-05-22T19:22:43","slug":"nemet-nyelvtan","status":"publish","type":"page","link":"https:\/\/talkpal.ai\/hu\/nemet-nyelvtan\/","title":{"rendered":"N\u00e9met nyelvtan"},"content":{"rendered":"\r\n\r\n\r\n<section class=\"languageChallengeSection\">\r\n    <div class=\"languageInfoWrapper\">\r\n        \r\n        <h1>N\u00e9met nyelvtan<\/h1>\r\n        <p>Nyissa meg a <a href=\"https:\/\/talkpal.ai\/hu\/gyakorold-a-nemet-beszedet\/\">n\u00e9met nyelv<\/a> szerkezet\u00e9t az alapvet\u0151 nyelvtani szab\u00e1lyok elsaj\u00e1t\u00edt\u00e1s\u00e1val. A <a href=\"https:\/\/talkpal.ai\/hu\/grammar\/passziv-a-nemet-nyelvtanban\/\">n\u00e9met nyelvtan<\/a> meg\u00e9rt\u00e9se seg\u00edt magabiztosan kommunik\u00e1lni \u00e9s teljes m\u00e9rt\u00e9kben \u00e9rt\u00e9kelni a <a href=\"https:\/\/talkpal.ai\/learn-german\/\">n\u00e9met<\/a> nyelv\u0171 kult\u00far\u00e1k gazdags\u00e1g\u00e1t. Kezdje el a n\u00e9met <a href=\"https:\/\/talkpal.ai\/grammar\/\">nyelvtan<\/a> tanul\u00e1s\u00e1t m\u00e9g ma, \u00e9s tegye meg az els\u0151 l\u00e9p\u00e9st a foly\u00e9kony nyelvtud\u00e1s fel\u00e9!\n\n<\/p>\r\n\r\n                            <a class=\"getStartedHidden\" href=\"https:\/\/app.talkpal.ai\/hu\/signup?lng=\">Kezdj\u00fck<\/a>\r\n        \r\n    <\/div>\r\n\r\n    <figure>\r\n    <img decoding=\"async\" width=\"768\" height=\"768\" src=\"https:\/\/talkpal.ai\/wp-content\/uploads\/2023\/06\/german-768x768.png\" class=\"languageImage no-lazy\" alt=\"Language learning for global networking\" fetchpriority=\"high\" sizes=\"(max-width: 768px) 150px, 768px\" srcset=\"https:\/\/talkpal.ai\/wp-content\/uploads\/2023\/06\/german-768x768.png 768w, https:\/\/talkpal.ai\/wp-content\/uploads\/2023\/06\/german-300x300.png 300w\" \/>\r\n    \r\n\r\n    <\/figure>\r\n\r\n            <a class=\"getStartedVisible\" href=\"https:\/\/app.talkpal.ai\/hu\/signup?lng=\">Kezdj\u00fck<\/a>\r\n    \r\n<\/section>\r\n        <section class=\"grammarSection\">\r\n            <div class=\"grammarLinks\">\r\n                <a href=\"https:\/\/talkpal.ai\/hu\/language\/eloljaroszok-nemet-nyelvtan\/\">El\u00f6lj\u00e1r\u00f3sz\u00f3k <\/a><a href=\"https:\/\/talkpal.ai\/hu\/language\/fonevek-es-szocikkek-nemet-nyelvtan\/\">F\u0151nevek \u00e9s sz\u00f3cikkek <\/a><a href=\"https:\/\/talkpal.ai\/hu\/language\/hatarozoszavak-nemet-nyelvtan\/\">Hat\u00e1roz\u00f3szavak <\/a><a href=\"https:\/\/talkpal.ai\/hu\/language\/igeidok-nemet-nyelvtan\/\">Igeid\u0151k <\/a><a href=\"https:\/\/talkpal.ai\/hu\/language\/igek-nemet-nyelvtan\/\">Ig\u00e9k <\/a><a href=\"https:\/\/talkpal.ai\/hu\/language\/melleknevek-nemet-nyelvtan\/\">Mell\u00e9knevek <\/a><a href=\"https:\/\/talkpal.ai\/hu\/language\/mondatszerkezet-nemet-nyelvtan\/\">Mondatszerkezet <\/a><a href=\"https:\/\/talkpal.ai\/hu\/language\/nevmasok-nemet-nyelvtan\/\">N\u00e9vm\u00e1sok <\/a><a href=\"https:\/\/talkpal.ai\/hu\/language\/ragozas-nemet-nyelvtan\/\">Ragoz\u00e1s <\/a>            <\/div>\r\n        <\/section>\r\n    <section class=\"promotionalBanner\">\r\n    <p class=\"promotionalText\">A nyelvtanul\u00e1s leghat\u00e9konyabb m\u00f3dja<\/p>\r\n    <a class=\"promotionalLink\" href=\"https:\/\/app.talkpal.ai\/hu\/signup?lng=\">Pr\u00f3b\u00e1lja ki a Talkpal ingyen<\/a>\r\n<\/section>\n<div class=\"wp-block-group pageContainerStyle\"><div class=\"wp-block-group__inner-container is-layout-constrained wp-block-group-is-layout-constrained\">\n<h2 class=\"wp-block-heading\" id=\"h-unraveling-the-intricacies-of-german-grammar\">A n\u00e9met nyelvtan bonyolults\u00e1g\u00e1nak felt\u00e1r\u00e1sa<\/h2>\n\n\n\n<p>A <a href=\"https:\/\/talkpal.ai\/hu\/gyors-es-hatekony-nemet-tanulas-modszerek-mindenkinek\/\">n\u00e9met nyelvtanul\u00e1s<\/a> izgalmas \u00e9s kifizet\u0151d\u0151 t\u00f6rekv\u00e9s lehet. Nemcsak hogy vil\u00e1gszerte t\u00f6bb mint 130 milli\u00f3 emberrel besz\u00e9lhet, de hozz\u00e1f\u00e9rhet az irodalom, a zene \u00e9s a kult\u00fart\u00f6rt\u00e9net gazdag t\u00e1rh\u00e1z\u00e1hoz is. Mint <a href=\"https:\/\/talkpal.ai\/languages\/\">minden nyelv<\/a>, a n\u00e9met nyelv elsaj\u00e1t\u00edt\u00e1sa is elk\u00f6telezetts\u00e9get \u00e9s t\u00fcrelmet ig\u00e9nyel &#8211; k\u00fcl\u00f6n\u00f6sen, ha a nyelvtanr\u00f3l <a href=\"https:\/\/talkpal.ai\/locations\/language-courses-in-van\/\">van<\/a> sz\u00f3. A j\u00f3 h\u00edr az, hogy a n\u00e9met nyelvtan sz\u00e1mos aspektusa meglehet\u0151sen hasonl\u00edt az <a href=\"https:\/\/talkpal.ai\/locations\/language-courses-in-angol\/\">angol<\/a> nyelvtanhoz, megk\u00f6nny\u00edtve az angolul besz\u00e9l\u0151k sz\u00e1m\u00e1ra, hogy k\u00f6rbej\u00e1rj\u00e1k a fej\u00fcket. Ebben a cikkben a n\u00e9met nyelvtan n\u00e9h\u00e1ny kulcsfontoss\u00e1g\u00fa jellemz\u0151j\u00e9t vizsg\u00e1ljuk meg, \u00e9s hasznos tippeket \u00e9s tr\u00fckk\u00f6ket adunk, amelyek seg\u00edtenek elsaj\u00e1t\u00edtani ezt a gy\u00f6ny\u00f6r\u0171 \u00e9s \u00f6sszetett nyelvet.<\/p>\n\n\n\n<h3 class=\"wp-block-heading\" id=\"h-1-nouns-and-articles-get-your-cases-right\">1. F\u0151nevek \u00e9s cikkek &#8211; Tegye rendbe az eseteket!<\/h3>\n\n\n\n<p>Az angolul besz\u00e9l\u0151k n\u00e9met\u00fcl tanul\u00e1s\u00e1nak egyik els\u0151 akad\u00e1lya a n\u00e9gy eset meg\u00e9rt\u00e9se: n\u00e9vel\u0151, t\u00e1rgyeset, dat\u00edv \u00e9s genit\u00edv. <a href=\"https:\/\/talkpal.ai\/locations\/language-courses-in-minden\/\">Minden<\/a> eset egy f\u0151n\u00e9v k\u00fcl\u00f6nb\u00f6z\u0151 funkci\u00f3j\u00e1t jelzi egy mondatban, p\u00e9ld\u00e1ul az alanyt, a k\u00f6zvetlen t\u00e1rgyat vagy a k\u00f6zvetett t\u00e1rgyat. Ezenk\u00edv\u00fcl a n\u00e9metnek h\u00e1rom nyelvtani neme van (f\u00e9rfias, n\u0151nem\u0171 \u00e9s ivartalan\u00edtott), \u00e9s az egyes nemekhez tartoz\u00f3 cikkek az esett\u0151l f\u00fcgg\u0151en v\u00e1ltoznak. Zavar\u00f3an hangzik? Ne agg\u00f3dj! Ahogy egyre jobban megismerkedik a n\u00e9met nyelvvel, elkezdi felismerni a mint\u00e1kat, \u00e9s el\u0151re l\u00e1tni, hogy melyik esetet \u00e9s nemet kell haszn\u00e1lni.<\/p>\n\n\n\n<p>Tipp: K\u00e9sz\u00edtsen t\u00e1bl\u00e1zatot a hat\u00e1rozott n\u00e9vel\u0151kr\u0151l (der, die, das) \u00e9s hat\u00e1rozatlan n\u00e9vel\u0151kr\u0151l (ein, eine, ein) nemenk\u00e9nt \u00e9s esetenk\u00e9nt. El\u0151sz\u00f6r ezeket jegyezze meg, mivel ezek szolg\u00e1lnak alapul a n\u00e9met mondatszerkezet meg\u00e9rt\u00e9s\u00e9hez.<\/p>\n\n\n\n<h3 class=\"wp-block-heading\" id=\"h-2-verbs-conjugate-and-dominate\">2. Ig\u00e9k \u2013 ragoz\u00e1s \u00e9s uralkod\u00e1s!<\/h3>\n\n\n\n<p>A n\u00e9metben az ig\u00e9k nemcsak a cselekv\u00e9s kifejez\u00e9s\u00e9re, hanem az igeid\u0151 \u00e9s a hangulat jelz\u00e9s\u00e9re is elengedhetetlenek. Csak\u00fagy, mint az angol, a n\u00e9met ig\u00e9ket is ragozni kell, hogy megfeleljenek a mondat t\u00e1rgy\u00e1nak. Van azonban n\u00e9h\u00e1ny kulcsfontoss\u00e1g\u00fa k\u00fcl\u00f6nbs\u00e9g, bele\u00e9rtve a rendszeres (gyenge) \u00e9s szab\u00e1lytalan (er\u0151s) ig\u00e9k haszn\u00e1lat\u00e1t, valamint a seg\u00edt\u0151 ig\u00e9k haszn\u00e1lat\u00e1t bizonyos id\u0151kben. A j\u00f3 h\u00edr az, hogy a n\u00e9met igek\u00f6t\u0151 n\u00e9h\u00e1ny aspektusa egyszer\u0171bb, mint az angol\u00e9, p\u00e9ld\u00e1ul a &#8222;do&#8221; nem sz\u00fcks\u00e9ges a k\u00e9rd\u00e9sekre vagy a tagad\u00e1sra.<\/p>\n\n\n\n<p>Tipp: Kezdje a szab\u00e1lyos igeragoz\u00e1s elsaj\u00e1t\u00edt\u00e1s\u00e1val, majd foglalkozzon a leggyakoribb rendhagy\u00f3 ig\u00e9kkel. Gyakorold a seg\u00e9dig\u00e9k haszn\u00e1lat\u00e1t m\u00falt \u00e9s j\u00f6v\u0151 id\u0151ben, \u00e9s hamarosan k\u00e9pes leszel \u00f6sszetettebb mondatokat alkotni.<\/p>\n\n\n\n<h3 class=\"wp-block-heading\" id=\"h-3-adjectives-show-your-agreement\">3. Mell\u00e9knevek \u2013 Mutasd meg egyet\u00e9rt\u00e9sedet!<\/h3>\n\n\n\n<p>Amikor mell\u00e9kneveket haszn\u00e1lunk f\u0151nevek le\u00edr\u00e1s\u00e1ra a n\u00e9met nyelvben, fontos, hogy meg\u00e9rts\u00fck a mell\u00e9kn\u00e9v-egyez\u00e9st. Ez azt jelenti, hogy a mell\u00e9kneveknek meg kell egyezni\u00fck a f\u0151n\u00e9v nem\u00e9vel \u00e9s eset\u00e9vel. Bizonyos esetekben ehhez a mell\u00e9kn\u00e9vhez a f\u0151n\u00e9v cikkelye \u00e9s esete alapj\u00e1n egy v\u00e9gz\u0151d\u00e9s hozz\u00e1ad\u00e1sa sz\u00fcks\u00e9ges.<\/p>\n\n\n\n<p>Tipp: Haszn\u00e1lja a kor\u00e1bbi cikkt\u00e1bl\u00e1zatot, hogy seg\u00edtsen megjegyezni a helyes mell\u00e9kn\u00e9vi v\u00e9gz\u0151d\u00e9seket. Ahogy gyakorolja a mell\u00e9knevek haszn\u00e1lat\u00e1t a mondatokban, jegyezze fel ment\u00e1lisan a befejez\u00e9si mint\u00e1kat \u00e9s azt, hogy ezek hogyan kapcsol\u00f3dnak a f\u0151n\u00e9v nem\u00e9hez \u00e9s eset\u00e9hez.<\/p>\n\n\n\n<h3 class=\"wp-block-heading\" id=\"h-4-word-order-embrace-the-flexibility\">4. Sz\u00f3rend \u2013 Ragadja meg a rugalmass\u00e1got!<\/h3>\n\n\n\n<p>A n\u00e9met nyelvtan sz\u00e1mos \u00f6r\u00f6m\u00e9nek egyike a rugalmas sz\u00f3rend. Az angolt\u00f3l elt\u00e9r\u0151en, amely \u00e1ltal\u00e1ban szigor\u00fa alany-ige-t\u00e1rgy mint\u00e1t k\u00f6vet, a n\u00e9met mondatok szerkezete v\u00e1ltozhat. A kulcs az ige poz\u00edci\u00f3j\u00e1nak meg\u00e9rt\u00e9se, amely \u00e1ltal\u00e1ban a m\u00e1sodik helyen \u00e1ll a f\u0151mondatban \u00e9s az utols\u00f3 helyen a mell\u00e9kmondatban.<\/p>\n\n\n\n<p>Tipp: A k\u00fcl\u00f6nb\u00f6z\u0151 sz\u00f3rendi mint\u00e1k megismer\u00e9se \u00e9rdek\u00e9ben pr\u00f3b\u00e1lja meg leford\u00edtani az egyszer\u0171 angol mondatokat n\u00e9metre, majd rendezze \u00e1t a mondatot \u00fagy, hogy az ige a megfelel\u0151 hely\u00e9n maradjon. Ez seg\u00edt abban, hogy \u00fcgyesebb\u00e9 v\u00e1ljon az \u00e1rnyalt \u00e9s kifejez\u0151 mondatok megfogalmaz\u00e1s\u00e1ban n\u00e9met\u00fcl.<\/p>\n\n\n\n<h3 class=\"wp-block-heading\" id=\"h-5-prepositions-think-in-german\">5. El\u00f6lj\u00e1r\u00f3szavak \u2013 gondolkodj n\u00e9met\u00fcl!<\/h3>\n\n\n\n<p>A n\u00e9met nyelvtan tanul\u00e1s\u00e1nak vitathatatlanul legtr\u00fckk\u00f6sebb r\u00e9sze az el\u00f6lj\u00e1r\u00f3szavak elsaj\u00e1t\u00edt\u00e1sa. M\u00edg az angolban l\u00e9teznek prepoz\u00edci\u00f3k, \u00e9s hasonl\u00f3 c\u00e9lt szolg\u00e1lnak, a n\u00e9metben m\u00e1sk\u00e9pp haszn\u00e1lj\u00e1k \u0151ket, \u00e9s gyakran &#8222;n\u00e9met\u00fcl kell gondolkodni&#8221;, hogy kiv\u00e1lasszuk a megfelel\u0151t. P\u00e9ld\u00e1ul az angol &#8222;in&#8221; prepoz\u00edci\u00f3t a n\u00e9met nyelvben a kontextust\u00f3l f\u00fcgg\u0151en &#8222;in&#8221;, &#8222;an&#8221; vagy &#8222;auf&#8221; sz\u00f3val lehet ford\u00edtani.<\/p>\n\n\n\n<p>Tipp: Hozzon l\u00e9tre k\u00e1rty\u00e1kat k\u00f6z\u00f6s el\u00f6lj\u00e1r\u00f3szavakkal \u00e9s angol megfelel\u0151ikkel. Gyakorolja \u0151ket mondatokban, \u00e9s \u00f6sszpontos\u00edtson azokra a konkr\u00e9t kontextusokra, amelyekben az egyes prepoz\u00edci\u00f3kat haszn\u00e1lj\u00e1k.<\/p>\n\n\n\n<h3 class=\"wp-block-heading\" id=\"h-conclusion\">K\u00f6vetkeztet\u00e9s:<\/h3>\n\n\n\n<p>A n\u00e9met nyelvtan els\u0151re ijeszt\u0151nek t\u0171nhet, de elk\u00f6telezett gyakorl\u00e1ssal, t\u00fcrelemmel \u00e9s a m\u00f6g\u00f6ttes szab\u00e1lyok \u00e9s mint\u00e1k meg\u00e9rt\u00e9s\u00e9re \u00f6sszpontos\u00edtva hamarosan k\u00f6nnyed\u00e9n fogsz kifinomult mondatokat alkotni. A n\u00e9met nyelvtan bonyolults\u00e1g\u00e1nak meg\u00e9rt\u00e9s\u00e9vel az angolul besz\u00e9l\u0151k nemcsak nyelvi k\u00e9szs\u00e9geiket fejlesztik, hanem \u00fajonnan felfedezett elismer\u00e9st is kialak\u00edtanak e gy\u00f6ny\u00f6r\u0171 \u00e9s \u00f6sszetett nyelv ir\u00e1nt. Most, auf geht&#8217;s! Itt az ideje, hogy belemer\u00fclj\u00f6n a n\u00e9met nyelvtan vil\u00e1g\u00e1ba, \u00e9s felszabad\u00edtsa teljes nyelvtanul\u00e1si potenci\u00e1lj\u00e1t.<\/p>\n<\/div><\/div>\n\r\n<section class=\"learnNavigationSection\">\r\n            \r\n        <a href=\"https:\/\/talkpal.ai\/hu\/tanuljon-nemetul\/\">\r\n            <div class=\"learnNavigationWrapper\">\r\n                <div class=\"learnNavigationContent\">\r\n                    <img decoding=\"async\" src=\"https:\/\/talkpal.ai\/wp-content\/uploads\/2024\/08\/German.jpg\" alt=\"German Flag\">\r\n                    <div>\r\n                        <h4>A n\u00e9met nyelvtanul\u00e1sr\u00f3l<\/h4>\r\n                        <p>Tudjon meg mindent a n\u00e9met nyelvtanr\u00f3l.<\/p>\r\n                    <\/div>\r\n                <\/div>\r\n            <\/div>\r\n        <\/a>\r\n\r\n        \r\n        <a href=\"https:\/\/talkpal.ai\/hu\/nemet-nyelvtani-gyakorlatok\/\">\r\n            <div class=\"learnNavigationWrapper\">\r\n                <div class=\"learnNavigationContent\">\r\n                    <img decoding=\"async\" src=\"https:\/\/talkpal.ai\/wp-content\/uploads\/2024\/08\/German.jpg\" alt=\"German Flag\">\r\n                    <div>\r\n                        <h4>N\u00e9met nyelvtani gyakorlat<\/h4>\r\n                        <p>Gyakorolja a n\u00e9met nyelvtant.<\/p>\r\n                    <\/div>\r\n                <\/div>\r\n            <\/div>\r\n        <\/a>\r\n\r\n        \r\n        <a href=\"https:\/\/talkpal.ai\/vocabulary_language\/german\/\">\r\n            <div class=\"learnNavigationWrapper\">\r\n                <div class=\"learnNavigationContent\">\r\n                    <img decoding=\"async\" src=\"https:\/\/talkpal.ai\/wp-content\/uploads\/2024\/08\/German.jpg\" alt=\"German Flag\">\r\n                    <div>\r\n                        <h4>N\u00e9met sz\u00f3kincs<\/h4>\r\n                        <p>B\u0151v\u00edtse n\u00e9met sz\u00f3kincs\u00e9t.<\/p>\r\n                    <\/div>\r\n                <\/div>\r\n            <\/div>\r\n        <\/a>\r\n\r\n            <\/section>","protected":false},"excerpt":{"rendered":"<p>A n\u00e9met nyelvtan bonyolults\u00e1g\u00e1nak felt\u00e1r\u00e1sa A n\u00e9met nyelvtanul\u00e1s izgalmas \u00e9s kifizet\u0151d\u0151 t\u00f6rekv\u00e9s lehet. Nemcsak hogy vil\u00e1gszerte t\u00f6bb mint 130 milli\u00f3 emberrel besz\u00e9lhet, de hozz\u00e1f\u00e9rhet az irodalom, a zene \u00e9s a kult\u00fart\u00f6rt\u00e9net gazdag t\u00e1rh\u00e1z\u00e1hoz is. Mint minden nyelv, a n\u00e9met nyelv elsaj\u00e1t\u00edt\u00e1sa is elk\u00f6telezetts\u00e9get \u00e9s t\u00fcrelmet ig\u00e9nyel &#8211; k\u00fcl\u00f6n\u00f6sen, ha a nyelvtanr\u00f3l van sz\u00f3. A j\u00f3 [&hellip;]<\/p>\n","protected":false},"author":1,"featured_media":75567,"parent":0,"menu_order":0,"comment_status":"closed","ping_status":"closed","template":"LearningContentPage.php","meta":{"_acf_changed":false,"footnotes":""},"class_list":["post-124082","page","type-page","status-publish","has-post-thumbnail","hentry"],"acf":[],"yoast_head":"<!-- This site is optimized with the Yoast SEO Premium plugin v27.2 (Yoast SEO v27.2) - https:\/\/yoast.com\/product\/yoast-seo-premium-wordpress\/ -->\n<title>N\u00e9met nyelvtan - Talkpal<\/title>\n<meta name=\"description\" content=\"Tanuljon k\u00f6nnyen n\u00e9met nyelvtant - \u00e9rtse meg az alapvet\u0151 szab\u00e1lyokat, gyakorolja a mondat\u00e9p\u00edt\u00e9st, \u00e9s besz\u00e9ljen vil\u00e1gosan a Talkpalmesters\u00e9ges intelligencia \u00e1ltal vez\u00e9relt t\u00e1mogat\u00e1ssal.\" \/>\n<meta name=\"robots\" content=\"index, follow, max-snippet:-1, max-image-preview:large, max-video-preview:-1\" \/>\n<link rel=\"canonical\" href=\"https:\/\/talkpal.ai\/hu\/nemet-nyelvtan\/\" \/>\n<meta property=\"og:locale\" content=\"hu_HU\" \/>\n<meta property=\"og:type\" content=\"article\" \/>\n<meta property=\"og:title\" content=\"N\u00e9met nyelvtan\" \/>\n<meta property=\"og:description\" content=\"A n\u00e9met nyelvtan bonyolults\u00e1g\u00e1nak felt\u00e1r\u00e1sa A n\u00e9met nyelvtanul\u00e1s izgalmas \u00e9s kifizet\u0151d\u0151 t\u00f6rekv\u00e9s lehet. Nemcsak hogy vil\u00e1gszerte t\u00f6bb mint 130 milli\u00f3\" \/>\n<meta property=\"og:url\" content=\"https:\/\/talkpal.ai\/hu\/nemet-nyelvtan\/\" \/>\n<meta property=\"og:site_name\" content=\"Talkpal\" \/>\n<meta property=\"article:publisher\" content=\"https:\/\/www.facebook.com\/profile.php?id=100090733639311\" \/>\n<meta property=\"article:modified_time\" content=\"2025-05-22T19:22:43+00:00\" \/>\n<meta property=\"og:image\" content=\"https:\/\/talkpal.ai\/wp-content\/uploads\/2023\/03\/germany.png\" \/>\n\t<meta property=\"og:image:width\" content=\"512\" \/>\n\t<meta property=\"og:image:height\" content=\"512\" \/>\n\t<meta property=\"og:image:type\" content=\"image\/png\" \/>\n<meta name=\"twitter:card\" content=\"summary_large_image\" \/>\n<meta name=\"twitter:site\" content=\"@talkpalai\" \/>\n<meta name=\"twitter:label1\" content=\"Becs\u00fclt olvas\u00e1si id\u0151\" \/>\n\t<meta name=\"twitter:data1\" content=\"5 perc\" \/>\n<script type=\"application\/ld+json\" class=\"yoast-schema-graph\">{\"@context\":\"https:\/\/schema.org\",\"@graph\":[{\"@type\":\"WebPage\",\"@id\":\"https:\/\/talkpal.ai\/hu\/nemet-nyelvtan\/\",\"url\":\"https:\/\/talkpal.ai\/hu\/nemet-nyelvtan\/\",\"name\":\"N\u00e9met nyelvtan - Talkpal\",\"isPartOf\":{\"@id\":\"https:\/\/talkpal.ai\/hu\/#website\"},\"primaryImageOfPage\":{\"@id\":\"https:\/\/talkpal.ai\/hu\/nemet-nyelvtan\/#primaryimage\"},\"image\":{\"@id\":\"https:\/\/talkpal.ai\/hu\/nemet-nyelvtan\/#primaryimage\"},\"thumbnailUrl\":\"https:\/\/talkpal.ai\/wp-content\/uploads\/2023\/03\/germany.png\",\"datePublished\":\"2023-03-26T11:40:15+00:00\",\"dateModified\":\"2025-05-22T19:22:43+00:00\",\"description\":\"Tanuljon k\u00f6nnyen n\u00e9met nyelvtant - \u00e9rtse meg az alapvet\u0151 szab\u00e1lyokat, gyakorolja a mondat\u00e9p\u00edt\u00e9st, \u00e9s besz\u00e9ljen vil\u00e1gosan a Talkpalmesters\u00e9ges intelligencia \u00e1ltal vez\u00e9relt t\u00e1mogat\u00e1ssal.\",\"breadcrumb\":{\"@id\":\"https:\/\/talkpal.ai\/hu\/nemet-nyelvtan\/#breadcrumb\"},\"inLanguage\":\"hu\",\"potentialAction\":[{\"@type\":\"ReadAction\",\"target\":[\"https:\/\/talkpal.ai\/hu\/nemet-nyelvtan\/\"]}]},{\"@type\":\"ImageObject\",\"inLanguage\":\"hu\",\"@id\":\"https:\/\/talkpal.ai\/hu\/nemet-nyelvtan\/#primaryimage\",\"url\":\"https:\/\/talkpal.ai\/wp-content\/uploads\/2023\/03\/germany.png\",\"contentUrl\":\"https:\/\/talkpal.ai\/wp-content\/uploads\/2023\/03\/germany.png\",\"width\":512,\"height\":512,\"caption\":\"TalkPal AI learn German\"},{\"@type\":\"BreadcrumbList\",\"@id\":\"https:\/\/talkpal.ai\/hu\/nemet-nyelvtan\/#breadcrumb\",\"itemListElement\":[{\"@type\":\"ListItem\",\"position\":1,\"name\":\"Homepage\",\"item\":\"https:\/\/talkpal.ai\/hu\/\"},{\"@type\":\"ListItem\",\"position\":2,\"name\":\"N\u00e9met nyelvtan\"}]},{\"@type\":\"WebSite\",\"@id\":\"https:\/\/talkpal.ai\/hu\/#website\",\"url\":\"https:\/\/talkpal.ai\/hu\/\",\"name\":\"Talkpal\",\"description\":\"AI Language Learning\",\"publisher\":{\"@id\":\"https:\/\/talkpal.ai\/hu\/#organization\"},\"alternateName\":\"Talkpal AI\",\"potentialAction\":[{\"@type\":\"SearchAction\",\"target\":{\"@type\":\"EntryPoint\",\"urlTemplate\":\"https:\/\/talkpal.ai\/hu\/?s={search_term_string}\"},\"query-input\":{\"@type\":\"PropertyValueSpecification\",\"valueRequired\":true,\"valueName\":\"search_term_string\"}}],\"inLanguage\":\"hu\"},{\"@type\":\"Organization\",\"@id\":\"https:\/\/talkpal.ai\/hu\/#organization\",\"name\":\"Talkpal, Inc.\",\"alternateName\":\"Talkpal AI\",\"url\":\"https:\/\/talkpal.ai\/hu\/\",\"logo\":{\"@type\":\"ImageObject\",\"inLanguage\":\"hu\",\"@id\":\"https:\/\/talkpal.ai\/hu\/#\/schema\/logo\/image\/\",\"url\":\"https:\/\/talkpal.ai\/wp-content\/uploads\/2024\/03\/Talkpal-Logo-Icon.png\",\"contentUrl\":\"https:\/\/talkpal.ai\/wp-content\/uploads\/2024\/03\/Talkpal-Logo-Icon.png\",\"width\":2880,\"height\":2880,\"caption\":\"Talkpal, Inc.\"},\"image\":{\"@id\":\"https:\/\/talkpal.ai\/hu\/#\/schema\/logo\/image\/\"},\"sameAs\":[\"https:\/\/www.facebook.com\/profile.php?id=100090733639311\",\"https:\/\/x.com\/talkpalai\",\"https:\/\/www.linkedin.com\/company\/talkpal\/\",\"https:\/\/www.youtube.com\/@TalkPal\/\",\"https:\/\/www.tiktok.com\/@talkpal\",\"https:\/\/www.instagram.com\/talkpal_ai\/\",\"https:\/\/www.crunchbase.com\/organization\/talkpal-9cde\",\"https:\/\/www.g2.com\/products\/talkpal-for-business\/\",\"https:\/\/www.trustpilot.com\/review\/talkpal.ai\",\"https:\/\/www.capterra.com\/p\/10006800\/TalkPal\/\"],\"description\":\"Talkpal is a language learning web and mobile education app, powered by the latest AI technologies, that provides engaging experiences to its customers in many different languages to help them improve their language skills. Users can chat about unlimited amount of topics with the app and use other modes to practice their language learning.\",\"email\":\"support@talkpal.ai\",\"legalName\":\"Talkpal, Inc.\",\"foundingDate\":\"2023-04-03\",\"duns\":\"118989042\",\"numberOfEmployees\":{\"@type\":\"QuantitativeValue\",\"minValue\":\"11\",\"maxValue\":\"50\"},\"publishingPrinciples\":\"https:\/\/talkpal.ai\/publishing-principles\/\",\"actionableFeedbackPolicy\":\"https:\/\/talkpal.ai\/actionable-feedback-policy\/\",\"correctionsPolicy\":\"https:\/\/talkpal.ai\/corrections-policy\/\",\"ethicsPolicy\":\"https:\/\/talkpal.ai\/ethics-policy\/\",\"diversityPolicy\":\"https:\/\/talkpal.ai\/diversity-policy\/\",\"diversityStaffingReport\":\"https:\/\/talkpal.ai\/diversity-policy\/\"}]}<\/script>\n<!-- \/ Yoast SEO Premium plugin. -->","yoast_head_json":{"title":"N\u00e9met nyelvtan - Talkpal","description":"Tanuljon k\u00f6nnyen n\u00e9met nyelvtant - \u00e9rtse meg az alapvet\u0151 szab\u00e1lyokat, gyakorolja a mondat\u00e9p\u00edt\u00e9st, \u00e9s besz\u00e9ljen vil\u00e1gosan a Talkpalmesters\u00e9ges intelligencia \u00e1ltal vez\u00e9relt t\u00e1mogat\u00e1ssal.","robots":{"index":"index","follow":"follow","max-snippet":"max-snippet:-1","max-image-preview":"max-image-preview:large","max-video-preview":"max-video-preview:-1"},"canonical":"https:\/\/talkpal.ai\/hu\/nemet-nyelvtan\/","og_locale":"hu_HU","og_type":"article","og_title":"N\u00e9met nyelvtan","og_description":"A n\u00e9met nyelvtan bonyolults\u00e1g\u00e1nak felt\u00e1r\u00e1sa A n\u00e9met nyelvtanul\u00e1s izgalmas \u00e9s kifizet\u0151d\u0151 t\u00f6rekv\u00e9s lehet. Nemcsak hogy vil\u00e1gszerte t\u00f6bb mint 130 milli\u00f3","og_url":"https:\/\/talkpal.ai\/hu\/nemet-nyelvtan\/","og_site_name":"Talkpal","article_publisher":"https:\/\/www.facebook.com\/profile.php?id=100090733639311","article_modified_time":"2025-05-22T19:22:43+00:00","og_image":[{"width":512,"height":512,"url":"https:\/\/talkpal.ai\/wp-content\/uploads\/2023\/03\/germany.png","type":"image\/png"}],"twitter_card":"summary_large_image","twitter_site":"@talkpalai","twitter_misc":{"Becs\u00fclt olvas\u00e1si id\u0151":"5 perc"},"schema":{"@context":"https:\/\/schema.org","@graph":[{"@type":"WebPage","@id":"https:\/\/talkpal.ai\/hu\/nemet-nyelvtan\/","url":"https:\/\/talkpal.ai\/hu\/nemet-nyelvtan\/","name":"N\u00e9met nyelvtan - Talkpal","isPartOf":{"@id":"https:\/\/talkpal.ai\/hu\/#website"},"primaryImageOfPage":{"@id":"https:\/\/talkpal.ai\/hu\/nemet-nyelvtan\/#primaryimage"},"image":{"@id":"https:\/\/talkpal.ai\/hu\/nemet-nyelvtan\/#primaryimage"},"thumbnailUrl":"https:\/\/talkpal.ai\/wp-content\/uploads\/2023\/03\/germany.png","datePublished":"2023-03-26T11:40:15+00:00","dateModified":"2025-05-22T19:22:43+00:00","description":"Tanuljon k\u00f6nnyen n\u00e9met nyelvtant - \u00e9rtse meg az alapvet\u0151 szab\u00e1lyokat, gyakorolja a mondat\u00e9p\u00edt\u00e9st, \u00e9s besz\u00e9ljen vil\u00e1gosan a Talkpalmesters\u00e9ges intelligencia \u00e1ltal vez\u00e9relt t\u00e1mogat\u00e1ssal.","breadcrumb":{"@id":"https:\/\/talkpal.ai\/hu\/nemet-nyelvtan\/#breadcrumb"},"inLanguage":"hu","potentialAction":[{"@type":"ReadAction","target":["https:\/\/talkpal.ai\/hu\/nemet-nyelvtan\/"]}]},{"@type":"ImageObject","inLanguage":"hu","@id":"https:\/\/talkpal.ai\/hu\/nemet-nyelvtan\/#primaryimage","url":"https:\/\/talkpal.ai\/wp-content\/uploads\/2023\/03\/germany.png","contentUrl":"https:\/\/talkpal.ai\/wp-content\/uploads\/2023\/03\/germany.png","width":512,"height":512,"caption":"TalkPal AI learn German"},{"@type":"BreadcrumbList","@id":"https:\/\/talkpal.ai\/hu\/nemet-nyelvtan\/#breadcrumb","itemListElement":[{"@type":"ListItem","position":1,"name":"Homepage","item":"https:\/\/talkpal.ai\/hu\/"},{"@type":"ListItem","position":2,"name":"N\u00e9met nyelvtan"}]},{"@type":"WebSite","@id":"https:\/\/talkpal.ai\/hu\/#website","url":"https:\/\/talkpal.ai\/hu\/","name":"Talkpal","description":"AI Language Learning","publisher":{"@id":"https:\/\/talkpal.ai\/hu\/#organization"},"alternateName":"Talkpal AI","potentialAction":[{"@type":"SearchAction","target":{"@type":"EntryPoint","urlTemplate":"https:\/\/talkpal.ai\/hu\/?s={search_term_string}"},"query-input":{"@type":"PropertyValueSpecification","valueRequired":true,"valueName":"search_term_string"}}],"inLanguage":"hu"},{"@type":"Organization","@id":"https:\/\/talkpal.ai\/hu\/#organization","name":"Talkpal, Inc.","alternateName":"Talkpal AI","url":"https:\/\/talkpal.ai\/hu\/","logo":{"@type":"ImageObject","inLanguage":"hu","@id":"https:\/\/talkpal.ai\/hu\/#\/schema\/logo\/image\/","url":"https:\/\/talkpal.ai\/wp-content\/uploads\/2024\/03\/Talkpal-Logo-Icon.png","contentUrl":"https:\/\/talkpal.ai\/wp-content\/uploads\/2024\/03\/Talkpal-Logo-Icon.png","width":2880,"height":2880,"caption":"Talkpal, Inc."},"image":{"@id":"https:\/\/talkpal.ai\/hu\/#\/schema\/logo\/image\/"},"sameAs":["https:\/\/www.facebook.com\/profile.php?id=100090733639311","https:\/\/x.com\/talkpalai","https:\/\/www.linkedin.com\/company\/talkpal\/","https:\/\/www.youtube.com\/@TalkPal\/","https:\/\/www.tiktok.com\/@talkpal","https:\/\/www.instagram.com\/talkpal_ai\/","https:\/\/www.crunchbase.com\/organization\/talkpal-9cde","https:\/\/www.g2.com\/products\/talkpal-for-business\/","https:\/\/www.trustpilot.com\/review\/talkpal.ai","https:\/\/www.capterra.com\/p\/10006800\/TalkPal\/"],"description":"Talkpal is a language learning web and mobile education app, powered by the latest AI technologies, that provides engaging experiences to its customers in many different languages to help them improve their language skills. Users can chat about unlimited amount of topics with the app and use other modes to practice their language learning.","email":"support@talkpal.ai","legalName":"Talkpal, Inc.","foundingDate":"2023-04-03","duns":"118989042","numberOfEmployees":{"@type":"QuantitativeValue","minValue":"11","maxValue":"50"},"publishingPrinciples":"https:\/\/talkpal.ai\/publishing-principles\/","actionableFeedbackPolicy":"https:\/\/talkpal.ai\/actionable-feedback-policy\/","correctionsPolicy":"https:\/\/talkpal.ai\/corrections-policy\/","ethicsPolicy":"https:\/\/talkpal.ai\/ethics-policy\/","diversityPolicy":"https:\/\/talkpal.ai\/diversity-policy\/","diversityStaffingReport":"https:\/\/talkpal.ai\/diversity-policy\/"}]}},"_links":{"self":[{"href":"https:\/\/talkpal.ai\/hu\/wp-json\/wp\/v2\/pages\/124082","targetHints":{"allow":["GET"]}}],"collection":[{"href":"https:\/\/talkpal.ai\/hu\/wp-json\/wp\/v2\/pages"}],"about":[{"href":"https:\/\/talkpal.ai\/hu\/wp-json\/wp\/v2\/types\/page"}],"author":[{"embeddable":true,"href":"https:\/\/talkpal.ai\/hu\/wp-json\/wp\/v2\/users\/1"}],"replies":[{"embeddable":true,"href":"https:\/\/talkpal.ai\/hu\/wp-json\/wp\/v2\/comments?post=124082"}],"version-history":[{"count":0,"href":"https:\/\/talkpal.ai\/hu\/wp-json\/wp\/v2\/pages\/124082\/revisions"}],"wp:featuredmedia":[{"embeddable":true,"href":"https:\/\/talkpal.ai\/hu\/wp-json\/wp\/v2\/media\/75567"}],"wp:attachment":[{"href":"https:\/\/talkpal.ai\/hu\/wp-json\/wp\/v2\/media?parent=124082"}],"curies":[{"name":"wp","href":"https:\/\/api.w.org\/{rel}","templated":true}]}}