{"id":91974,"date":"2023-06-14T13:25:23","date_gmt":"2023-06-14T13:25:23","guid":{"rendered":"http:\/\/talkpal.ai\/engleske-gramaticke-vjezbe\/"},"modified":"2025-12-17T16:36:18","modified_gmt":"2025-12-17T16:36:18","slug":"engleske-gramaticke-vjezbe","status":"publish","type":"page","link":"https:\/\/talkpal.ai\/hr\/engleske-gramaticke-vjezbe\/","title":{"rendered":"Engleske gramati\u010dke vje\u017ebe"},"content":{"rendered":"\r\n\r\n\r\n<section class=\"languageChallengeSection\">\r\n    <div class=\"languageInfoWrapper\">\r\n        \r\n        <h1>Engleske gramati\u010dke vje\u017ebe<\/h1>\r\n        <p>\u017delite li pobolj\u0161ati svoje samopouzdanje u engleskom jeziku? Vje\u017ebanje gramati\u010dkih vje\u017ebi odli\u010dan je na\u010din za pobolj\u0161anje razumijevanja gramati\u010dkih pravila, pravilnu upotrebu glagola i pro\u0161irenje vokabulara. Po\u010dnite raditi na svojoj engleskoj gramatici ve\u0107 danas i gledajte kako vam vje\u0161tine i te\u010dnost rastu sa svakom vje\u017ebom!\n\n<\/p>\r\n\r\n                            <a class=\"getStartedHidden\" href=\"https:\/\/app.talkpal.ai\/hr\/signup?lng=\">Zapo\u010dni<\/a>\r\n        \r\n    <\/div>\r\n\r\n    <figure>\r\n    <img decoding=\"async\" width=\"768\" height=\"768\" src=\"https:\/\/talkpal.ai\/wp-content\/uploads\/2023\/06\/English-768x768.png\" class=\"languageImage no-lazy\" alt=\"Language learning for improved multitasking\" fetchpriority=\"high\" sizes=\"(max-width: 768px) 150px, 768px\" srcset=\"https:\/\/talkpal.ai\/wp-content\/uploads\/2023\/06\/English-768x768.png 768w, https:\/\/talkpal.ai\/wp-content\/uploads\/2023\/06\/English-300x300.png 300w\" \/>\r\n    \r\n\r\n    <\/figure>\r\n\r\n            <a class=\"getStartedVisible\" href=\"https:\/\/app.talkpal.ai\/hr\/signup?lng=\">Zapo\u010dni<\/a>\r\n    \r\n<\/section>\r\n\r\n\r\n<!-- <section class=\"grammarSection\">\r\n    <div class=\"grammarLinks\">\r\n        <a href=\"https:\/\/talkpal.ai\/hr\/exercise_language\/clanci-engleska-gramatika\/\">\u010clanci <\/a><a href=\"https:\/\/talkpal.ai\/hr\/exercise_language\/glagoli-engleska-gramatika\/\">Glagoli <\/a><a href=\"https:\/\/talkpal.ai\/hr\/exercise_language\/imenice-engleska-gramatika\/\">Imenice <\/a><a href=\"https:\/\/talkpal.ai\/hr\/exercise_language\/kondicionali-engleska-gramatika\/\">Kondicionali <\/a><a href=\"https:\/\/talkpal.ai\/hr\/exercise_language\/pridjevi-engleska-gramatika\/\">Pridjevi <\/a><a href=\"https:\/\/talkpal.ai\/hr\/exercise_language\/prijedlozi-engleska-gramatika\/\">Prijedlozi <\/a><a href=\"https:\/\/talkpal.ai\/hr\/exercise_language\/prilozi-engleska-gramatika\/\">Prilozi <\/a><a href=\"https:\/\/talkpal.ai\/hr\/exercise_language\/recenice-engleska-gramatika\/\">Re\u010denice <\/a><a href=\"https:\/\/talkpal.ai\/hr\/exercise_language\/usporedba-vremena-engleska-gramatika\/\">Usporedba vremena <\/a><a href=\"https:\/\/talkpal.ai\/hr\/exercise_language\/vremena-engleska-gramatika\/\">Vremena <\/a><a href=\"https:\/\/talkpal.ai\/hr\/exercise_language\/zamjenice-odredivaci-engleska-gramatika\/\">Zamjenice\/odre\u0111iva\u010di <\/a>    <\/div>\r\n<\/section> -->\r\n\r\n\r\n\r\n\r\n        <section class=\"grammarSection\">\r\n            <div class=\"grammarLinks\">\r\n                <a href=\"https:\/\/talkpal.ai\/hr\/exercise_language\/clanci-engleska-gramatika\/\">\u010clanci <\/a><a href=\"https:\/\/talkpal.ai\/hr\/exercise_language\/glagoli-engleska-gramatika\/\">Glagoli <\/a><a href=\"https:\/\/talkpal.ai\/hr\/exercise_language\/imenice-engleska-gramatika\/\">Imenice <\/a><a href=\"https:\/\/talkpal.ai\/hr\/exercise_language\/kondicionali-engleska-gramatika\/\">Kondicionali <\/a><a href=\"https:\/\/talkpal.ai\/hr\/exercise_language\/pridjevi-engleska-gramatika\/\">Pridjevi <\/a><a href=\"https:\/\/talkpal.ai\/hr\/exercise_language\/prijedlozi-engleska-gramatika\/\">Prijedlozi <\/a><a href=\"https:\/\/talkpal.ai\/hr\/exercise_language\/prilozi-engleska-gramatika\/\">Prilozi <\/a><a href=\"https:\/\/talkpal.ai\/hr\/exercise_language\/recenice-engleska-gramatika\/\">Re\u010denice <\/a><a href=\"https:\/\/talkpal.ai\/hr\/exercise_language\/usporedba-vremena-engleska-gramatika\/\">Usporedba vremena <\/a><a href=\"https:\/\/talkpal.ai\/hr\/exercise_language\/vremena-engleska-gramatika\/\">Vremena <\/a><a href=\"https:\/\/talkpal.ai\/hr\/exercise_language\/zamjenice-odredivaci-engleska-gramatika\/\">Zamjenice\/odre\u0111iva\u010di <\/a>            <\/div>\r\n        <\/section>\r\n<section class=\"promotionalBanner\">\r\n    <p class=\"promotionalText\">Naju\u010dinkovitiji na\u010din u\u010denja jezika<\/p>\r\n    <a class=\"promotionalLink\" href=\"https:\/\/app.talkpal.ai\/hr\/signup?lng=\">Isprobajte Talkpal besplatno<\/a>\r\n<\/section>\n<div class=\"wp-block-group pageContainerStyle\"><div class=\"wp-block-group__inner-container is-layout-constrained wp-block-group-is-layout-constrained\">\n<h2 class=\"wp-block-heading\" id=\"h-english-grammar-topics\">Teme engleske gramatike<\/h2>\n\n\n\n<p><a href=\"https:\/\/talkpal.ai\/english-grammar\/\">Engleska gramatika<\/a> je skup pravila i smjernica koje odre\u0111uju strukturu engleskog jezika. Omogu\u0107uje nam jasnu i u\u010dinkovitu komunikaciju. Kada u\u010dite <a href=\"https:\/\/talkpal.ai\/learn-english-with-ai\/\">engleski<\/a> jezik, razumijevanje gramatike klju\u010dno je za razvoj sna\u017enih vje\u0161tina \u010ditanja, pisanja i govora. Ovo putovanje obuhvatit \u0107e razli\u010dite komponente gramatike kao \u0161to su pridjevi, prilozi, \u010dlanci, uvjeti, imenice, prijedlozi, zamjenice\/odrediva\u010di, re\u010denice, usporedba vremena, vremena i glagoli. Istra\u017eimo svaku od ovih tema predlo\u017eenim redoslijedom kako bismo u\u010denje engleske gramatike u\u010dinili u\u010dinkovitijim i ugodnijim.<\/p>\n\n\n\n<h3 class=\"wp-block-heading\" id=\"h-1-nouns\">1. Imenice:<\/h3>\n\n\n\n<p>Imenice su najosnovniji gra\u0111evni blokovi engleske gramatike. To su rije\u010di koje predstavljaju ljude, mjesta, stvari ili ideje. Razumijevanje imenica klju\u010dno je za formiranje re\u010denica i preno\u0161enje zna\u010denja u jeziku.<\/p>\n\n\n\n<h3 class=\"wp-block-heading\" id=\"h-2-pronouns-determiners\">2. Zamjenice\/Odrediva\u010di:<\/h3>\n\n\n\n<p>Jednom kada se uhvatite za imenice, u\u010denje o zamjenicama i odrediva\u010dima sljede\u0107i je korak. Zamjenice zamjenjuju imenice u re\u010denici kako bi se izbjeglo ponavljanje, dok odrediva\u010di pru\u017eaju informacije o imenici, kao \u0161to su koli\u010dina ili posjedovanje.<\/p>\n\n\n\n<h3 class=\"wp-block-heading\" id=\"h-3-verbs\">3. Glagoli:<\/h3>\n\n\n\n<p>Glagoli su akcijske rije\u010di koje izra\u017eavaju \u0161to imenica radi ili do\u017eivljava. Oni su klju\u010dni dio svake re\u010denice, a razumijevanje kako funkcioniraju klju\u010dno je za stvaranje jasnih i sa\u017eetih izjava.<\/p>\n\n\n\n<h3 class=\"wp-block-heading\" id=\"h-4-adjectives\">4. Pridjevi:<\/h3>\n\n\n\n<p>Pridjevi opisuju ili mijenjaju imenice, daju\u0107i vi\u0161e informacija o njihovim kvalitetama ili karakteristikama. U\u010denje kako u\u010dinkovito koristiti pridjeve pobolj\u0161at \u0107e va\u0161u sposobnost komuniciranja na engleskom jeziku.<\/p>\n\n\n\n<h3 class=\"wp-block-heading\" id=\"h-5-adverbs\">5. Prilozi:<\/h3>\n\n\n\n<p>Prilozi su sli\u010dni pridjevima, ali mijenjaju glagole, pridjeve ili druge priloge. \u010cesto opisuju kako, kada ili gdje se radnja doga\u0111a. Poznavanje kori\u0161tenja priloga dodat \u0107e dubinu i detalje va\u0161oj engleskoj komunikaciji.<\/p>\n\n\n\n<h3 class=\"wp-block-heading\" id=\"h-6-prepositions\">6. Prijedlozi:<\/h3>\n\n\n\n<p>Prijedlozi su rije\u010di koje pokazuju odnos izme\u0111u imenica, zamjenica i drugih rije\u010di u re\u010denici. Oni poma\u017eu u pru\u017eanju konteksta, kao \u0161to su mjesto, vrijeme ili smjer.<\/p>\n\n\n\n<h3 class=\"wp-block-heading\" id=\"h-7-articles\">7. \u010clanci:<\/h3>\n\n\n\n<p>\u010clanci su vrsta odrediva\u010da koji odre\u0111uje je li imenica odre\u0111ena ili neodre\u0111ena. Oni su va\u017eni za pravilno formiranje kazne i poma\u017eu razjasniti zna\u010denje izjave.<\/p>\n\n\n\n<h3 class=\"wp-block-heading\" id=\"h-8-tenses\">8. Vrijeme:<\/h3>\n\n\n\n<p>Vremena ozna\u010davaju vrijeme akcije ili stanja bi\u0107a. U\u010denje razli\u010ditih vremena u engleskom jeziku omogu\u0107it \u0107e vam da se to\u010dno izrazite, bilo da razgovarate o pro\u0161losti, sada\u0161njosti ili budu\u0107nosti.<\/p>\n\n\n\n<h3 class=\"wp-block-heading\" id=\"h-9-tense-comparison\">9. Napeta usporedba:<\/h3>\n\n\n\n<p>Razumijevanje usporedbe vremena va\u017eno je za usporedbu radnji ili stanja u razli\u010ditim vremenskim okvirima. Ova vje\u0161tina pomo\u0107i \u0107e vam da komunicirate slo\u017eene ideje i razvijete naprednije razumijevanje engleske gramatike.<\/p>\n\n\n\n<h3 class=\"wp-block-heading\" id=\"h-10-sentences\">10. Re\u010denice:<\/h3>\n\n\n\n<p>Re\u010denice su temelj pisane i govorne komunikacije na engleskom jeziku. Nadovezuju\u0107i se na svoje znanje imenica, glagola i drugih gramati\u010dkih komponenti, u\u010denje o strukturi re\u010denice omogu\u0107it \u0107e vam da u\u010dinkovito prenesete svoje misli na jeziku.<\/p>\n\n\n\n<h3 class=\"wp-block-heading\" id=\"h-11-conditionals\">11. Uvjeti:<\/h3>\n\n\n\n<p>Uvjeti su re\u010denice koje izra\u017eavaju uvjet i njegovu potencijalnu posljedicu. Oni su napredni aspekt engleske gramatike koji \u0107e vam pomo\u0107i da izrazite hipotetske situacije i slo\u017eene ideje.<\/p>\n<\/div><\/div>\n\r\n<section class=\"learnNavigationSection\">\r\n            \r\n        <a href=\"https:\/\/talkpal.ai\/hr\/nauci-engleski\/\">\r\n            <div class=\"learnNavigationWrapper\">\r\n                <div class=\"learnNavigationContent\">\r\n                    <img decoding=\"async\" src=\"https:\/\/talkpal.ai\/wp-content\/uploads\/2024\/08\/English.jpg\" alt=\"English Flag\">\r\n                    <div>\r\n                        <h4>O u\u010denju engleskog<\/h4>\r\n                        <p>Saznajte sve o engleskoj gramatici.<\/p>\r\n                    <\/div>\r\n                <\/div>\r\n            <\/div>\r\n        <\/a>\r\n\r\n        \r\n        <a href=\"https:\/\/talkpal.ai\/hr\/engleska-gramatika\/\">\r\n            <div class=\"learnNavigationWrapper\">\r\n                <div class=\"learnNavigationContent\">\r\n                    <img decoding=\"async\" src=\"https:\/\/talkpal.ai\/wp-content\/uploads\/2024\/08\/English.jpg\" alt=\"English Flag\">\r\n                    <div>\r\n                        <h4>Lekcije engleske gramatike<\/h4>\r\n                        <p>Vje\u017ebajte englesku gramatiku.<\/p>\r\n                    <\/div>\r\n                <\/div>\r\n            <\/div>\r\n        <\/a>\r\n\r\n        \r\n        <a href=\"https:\/\/talkpal.ai\/vocabulary_language\/english\/\">\r\n            <div class=\"learnNavigationWrapper\">\r\n                <div class=\"learnNavigationContent\">\r\n                    <img decoding=\"async\" src=\"https:\/\/talkpal.ai\/wp-content\/uploads\/2024\/08\/English.jpg\" alt=\"English Flag\">\r\n                    <div>\r\n                        <h4>engleski vokabular<\/h4>\r\n                        <p>Pro\u0161irite svoj engleski vokabular.<\/p>\r\n                    <\/div>\r\n                <\/div>\r\n            <\/div>\r\n        <\/a>\r\n\r\n            <\/section>","protected":false},"excerpt":{"rendered":"<p>Teme engleske gramatike Engleska gramatika je skup pravila i smjernica koje odre\u0111uju strukturu engleskog jezika. Omogu\u0107uje nam jasnu i u\u010dinkovitu komunikaciju. Kada u\u010dite engleski jezik, razumijevanje gramatike klju\u010dno je za razvoj sna\u017enih vje\u0161tina \u010ditanja, pisanja i govora. Ovo putovanje obuhvatit \u0107e razli\u010dite komponente gramatike kao \u0161to su pridjevi, prilozi, \u010dlanci, uvjeti, imenice, prijedlozi, zamjenice\/odrediva\u010di, re\u010denice, [&hellip;]<\/p>\n","protected":false},"author":1,"featured_media":64456,"parent":0,"menu_order":0,"comment_status":"closed","ping_status":"closed","template":"LearningContentPage.php","meta":{"_acf_changed":false,"footnotes":""},"class_list":["post-91974","page","type-page","status-publish","has-post-thumbnail","hentry"],"acf":[],"yoast_head":"<!-- This site is optimized with the Yoast SEO Premium plugin v27.2 (Yoast SEO v27.2) - https:\/\/yoast.com\/product\/yoast-seo-premium-wordpress\/ -->\n<title>Engleske gramati\u010dke vje\u017ebe - Talkpal<\/title>\n<meta name=\"description\" content=\"Pobolj\u0161ajte svoje znanje engleskog jezika u\u010dinkovitim gramati\u010dkim vje\u017ebama na Talkpal . Pobolj\u0161ajte svoje jezi\u010dno znanje odmah!\" \/>\n<meta name=\"robots\" content=\"index, follow, max-snippet:-1, max-image-preview:large, max-video-preview:-1\" \/>\n<link rel=\"canonical\" href=\"https:\/\/talkpal.ai\/hr\/engleske-gramaticke-vjezbe\/\" \/>\n<meta property=\"og:locale\" content=\"hr_HR\" \/>\n<meta property=\"og:type\" content=\"article\" \/>\n<meta property=\"og:title\" content=\"Engleske gramati\u010dke vje\u017ebe\" \/>\n<meta property=\"og:description\" content=\"Teme engleske gramatike Engleska gramatika je skup pravila i smjernica koje odre\u0111uju strukturu engleskog jezika. Omogu\u0107uje nam jasnu i u\u010dinkovitu\" \/>\n<meta property=\"og:url\" content=\"https:\/\/talkpal.ai\/hr\/engleske-gramaticke-vjezbe\/\" \/>\n<meta property=\"og:site_name\" content=\"Talkpal\" \/>\n<meta property=\"article:publisher\" content=\"https:\/\/www.facebook.com\/profile.php?id=100090733639311\" \/>\n<meta property=\"article:modified_time\" content=\"2025-12-17T16:36:18+00:00\" \/>\n<meta property=\"og:image\" content=\"https:\/\/talkpal.ai\/wp-content\/uploads\/2023\/03\/united-kingdom.png\" \/>\n\t<meta property=\"og:image:width\" content=\"512\" \/>\n\t<meta property=\"og:image:height\" content=\"512\" \/>\n\t<meta property=\"og:image:type\" content=\"image\/png\" \/>\n<meta name=\"twitter:card\" content=\"summary_large_image\" \/>\n<meta name=\"twitter:site\" content=\"@talkpalai\" \/>\n<meta name=\"twitter:label1\" content=\"Procijenjeno vrijeme \u010ditanja\" \/>\n\t<meta name=\"twitter:data1\" content=\"2 minute\" \/>\n<script type=\"application\/ld+json\" class=\"yoast-schema-graph\">{\"@context\":\"https:\/\/schema.org\",\"@graph\":[{\"@type\":\"WebPage\",\"@id\":\"https:\/\/talkpal.ai\/hr\/engleske-gramaticke-vjezbe\/\",\"url\":\"https:\/\/talkpal.ai\/hr\/engleske-gramaticke-vjezbe\/\",\"name\":\"Engleske gramati\u010dke vje\u017ebe - Talkpal\",\"isPartOf\":{\"@id\":\"https:\/\/talkpal.ai\/hr\/#website\"},\"primaryImageOfPage\":{\"@id\":\"https:\/\/talkpal.ai\/hr\/engleske-gramaticke-vjezbe\/#primaryimage\"},\"image\":{\"@id\":\"https:\/\/talkpal.ai\/hr\/engleske-gramaticke-vjezbe\/#primaryimage\"},\"thumbnailUrl\":\"https:\/\/talkpal.ai\/wp-content\/uploads\/2023\/03\/united-kingdom.png\",\"datePublished\":\"2023-06-14T13:25:23+00:00\",\"dateModified\":\"2025-12-17T16:36:18+00:00\",\"description\":\"Pobolj\u0161ajte svoje znanje engleskog jezika u\u010dinkovitim gramati\u010dkim vje\u017ebama na Talkpal . Pobolj\u0161ajte svoje jezi\u010dno znanje odmah!\",\"breadcrumb\":{\"@id\":\"https:\/\/talkpal.ai\/hr\/engleske-gramaticke-vjezbe\/#breadcrumb\"},\"inLanguage\":\"hr\",\"potentialAction\":[{\"@type\":\"ReadAction\",\"target\":[\"https:\/\/talkpal.ai\/hr\/engleske-gramaticke-vjezbe\/\"]}]},{\"@type\":\"ImageObject\",\"inLanguage\":\"hr\",\"@id\":\"https:\/\/talkpal.ai\/hr\/engleske-gramaticke-vjezbe\/#primaryimage\",\"url\":\"https:\/\/talkpal.ai\/wp-content\/uploads\/2023\/03\/united-kingdom.png\",\"contentUrl\":\"https:\/\/talkpal.ai\/wp-content\/uploads\/2023\/03\/united-kingdom.png\",\"width\":512,\"height\":512,\"caption\":\"TalkPal AI learn English\"},{\"@type\":\"BreadcrumbList\",\"@id\":\"https:\/\/talkpal.ai\/hr\/engleske-gramaticke-vjezbe\/#breadcrumb\",\"itemListElement\":[{\"@type\":\"ListItem\",\"position\":1,\"name\":\"Homepage\",\"item\":\"https:\/\/talkpal.ai\/hr\/\"},{\"@type\":\"ListItem\",\"position\":2,\"name\":\"Engleske gramati\u010dke vje\u017ebe\"}]},{\"@type\":\"WebSite\",\"@id\":\"https:\/\/talkpal.ai\/hr\/#website\",\"url\":\"https:\/\/talkpal.ai\/hr\/\",\"name\":\"Talkpal\",\"description\":\"AI Language Learning\",\"publisher\":{\"@id\":\"https:\/\/talkpal.ai\/hr\/#organization\"},\"alternateName\":\"Talkpal AI\",\"potentialAction\":[{\"@type\":\"SearchAction\",\"target\":{\"@type\":\"EntryPoint\",\"urlTemplate\":\"https:\/\/talkpal.ai\/hr\/?s={search_term_string}\"},\"query-input\":{\"@type\":\"PropertyValueSpecification\",\"valueRequired\":true,\"valueName\":\"search_term_string\"}}],\"inLanguage\":\"hr\"},{\"@type\":\"Organization\",\"@id\":\"https:\/\/talkpal.ai\/hr\/#organization\",\"name\":\"Talkpal, Inc.\",\"alternateName\":\"Talkpal AI\",\"url\":\"https:\/\/talkpal.ai\/hr\/\",\"logo\":{\"@type\":\"ImageObject\",\"inLanguage\":\"hr\",\"@id\":\"https:\/\/talkpal.ai\/hr\/#\/schema\/logo\/image\/\",\"url\":\"https:\/\/talkpal.ai\/wp-content\/uploads\/2024\/03\/Talkpal-Logo-Icon.png\",\"contentUrl\":\"https:\/\/talkpal.ai\/wp-content\/uploads\/2024\/03\/Talkpal-Logo-Icon.png\",\"width\":2880,\"height\":2880,\"caption\":\"Talkpal, Inc.\"},\"image\":{\"@id\":\"https:\/\/talkpal.ai\/hr\/#\/schema\/logo\/image\/\"},\"sameAs\":[\"https:\/\/www.facebook.com\/profile.php?id=100090733639311\",\"https:\/\/x.com\/talkpalai\",\"https:\/\/www.linkedin.com\/company\/talkpal\/\",\"https:\/\/www.youtube.com\/@TalkPal\/\",\"https:\/\/www.tiktok.com\/@talkpal\",\"https:\/\/www.instagram.com\/talkpal_ai\/\",\"https:\/\/www.crunchbase.com\/organization\/talkpal-9cde\",\"https:\/\/www.g2.com\/products\/talkpal-for-business\/\",\"https:\/\/www.trustpilot.com\/review\/talkpal.ai\",\"https:\/\/www.capterra.com\/p\/10006800\/TalkPal\/\"],\"description\":\"Talkpal is a language learning web and mobile education app, powered by the latest AI technologies, that provides engaging experiences to its customers in many different languages to help them improve their language skills. Users can chat about unlimited amount of topics with the app and use other modes to practice their language learning.\",\"email\":\"support@talkpal.ai\",\"legalName\":\"Talkpal, Inc.\",\"foundingDate\":\"2023-04-03\",\"duns\":\"118989042\",\"numberOfEmployees\":{\"@type\":\"QuantitativeValue\",\"minValue\":\"11\",\"maxValue\":\"50\"},\"publishingPrinciples\":\"https:\/\/talkpal.ai\/publishing-principles\/\",\"actionableFeedbackPolicy\":\"https:\/\/talkpal.ai\/actionable-feedback-policy\/\",\"correctionsPolicy\":\"https:\/\/talkpal.ai\/corrections-policy\/\",\"ethicsPolicy\":\"https:\/\/talkpal.ai\/ethics-policy\/\",\"diversityPolicy\":\"https:\/\/talkpal.ai\/diversity-policy\/\",\"diversityStaffingReport\":\"https:\/\/talkpal.ai\/diversity-policy\/\"}]}<\/script>\n<!-- \/ Yoast SEO Premium plugin. -->","yoast_head_json":{"title":"Engleske gramati\u010dke vje\u017ebe - Talkpal","description":"Pobolj\u0161ajte svoje znanje engleskog jezika u\u010dinkovitim gramati\u010dkim vje\u017ebama na Talkpal . Pobolj\u0161ajte svoje jezi\u010dno znanje odmah!","robots":{"index":"index","follow":"follow","max-snippet":"max-snippet:-1","max-image-preview":"max-image-preview:large","max-video-preview":"max-video-preview:-1"},"canonical":"https:\/\/talkpal.ai\/hr\/engleske-gramaticke-vjezbe\/","og_locale":"hr_HR","og_type":"article","og_title":"Engleske gramati\u010dke vje\u017ebe","og_description":"Teme engleske gramatike Engleska gramatika je skup pravila i smjernica koje odre\u0111uju strukturu engleskog jezika. Omogu\u0107uje nam jasnu i u\u010dinkovitu","og_url":"https:\/\/talkpal.ai\/hr\/engleske-gramaticke-vjezbe\/","og_site_name":"Talkpal","article_publisher":"https:\/\/www.facebook.com\/profile.php?id=100090733639311","article_modified_time":"2025-12-17T16:36:18+00:00","og_image":[{"width":512,"height":512,"url":"https:\/\/talkpal.ai\/wp-content\/uploads\/2023\/03\/united-kingdom.png","type":"image\/png"}],"twitter_card":"summary_large_image","twitter_site":"@talkpalai","twitter_misc":{"Procijenjeno vrijeme \u010ditanja":"2 minute"},"schema":{"@context":"https:\/\/schema.org","@graph":[{"@type":"WebPage","@id":"https:\/\/talkpal.ai\/hr\/engleske-gramaticke-vjezbe\/","url":"https:\/\/talkpal.ai\/hr\/engleske-gramaticke-vjezbe\/","name":"Engleske gramati\u010dke vje\u017ebe - Talkpal","isPartOf":{"@id":"https:\/\/talkpal.ai\/hr\/#website"},"primaryImageOfPage":{"@id":"https:\/\/talkpal.ai\/hr\/engleske-gramaticke-vjezbe\/#primaryimage"},"image":{"@id":"https:\/\/talkpal.ai\/hr\/engleske-gramaticke-vjezbe\/#primaryimage"},"thumbnailUrl":"https:\/\/talkpal.ai\/wp-content\/uploads\/2023\/03\/united-kingdom.png","datePublished":"2023-06-14T13:25:23+00:00","dateModified":"2025-12-17T16:36:18+00:00","description":"Pobolj\u0161ajte svoje znanje engleskog jezika u\u010dinkovitim gramati\u010dkim vje\u017ebama na Talkpal . Pobolj\u0161ajte svoje jezi\u010dno znanje odmah!","breadcrumb":{"@id":"https:\/\/talkpal.ai\/hr\/engleske-gramaticke-vjezbe\/#breadcrumb"},"inLanguage":"hr","potentialAction":[{"@type":"ReadAction","target":["https:\/\/talkpal.ai\/hr\/engleske-gramaticke-vjezbe\/"]}]},{"@type":"ImageObject","inLanguage":"hr","@id":"https:\/\/talkpal.ai\/hr\/engleske-gramaticke-vjezbe\/#primaryimage","url":"https:\/\/talkpal.ai\/wp-content\/uploads\/2023\/03\/united-kingdom.png","contentUrl":"https:\/\/talkpal.ai\/wp-content\/uploads\/2023\/03\/united-kingdom.png","width":512,"height":512,"caption":"TalkPal AI learn English"},{"@type":"BreadcrumbList","@id":"https:\/\/talkpal.ai\/hr\/engleske-gramaticke-vjezbe\/#breadcrumb","itemListElement":[{"@type":"ListItem","position":1,"name":"Homepage","item":"https:\/\/talkpal.ai\/hr\/"},{"@type":"ListItem","position":2,"name":"Engleske gramati\u010dke vje\u017ebe"}]},{"@type":"WebSite","@id":"https:\/\/talkpal.ai\/hr\/#website","url":"https:\/\/talkpal.ai\/hr\/","name":"Talkpal","description":"AI Language Learning","publisher":{"@id":"https:\/\/talkpal.ai\/hr\/#organization"},"alternateName":"Talkpal AI","potentialAction":[{"@type":"SearchAction","target":{"@type":"EntryPoint","urlTemplate":"https:\/\/talkpal.ai\/hr\/?s={search_term_string}"},"query-input":{"@type":"PropertyValueSpecification","valueRequired":true,"valueName":"search_term_string"}}],"inLanguage":"hr"},{"@type":"Organization","@id":"https:\/\/talkpal.ai\/hr\/#organization","name":"Talkpal, Inc.","alternateName":"Talkpal AI","url":"https:\/\/talkpal.ai\/hr\/","logo":{"@type":"ImageObject","inLanguage":"hr","@id":"https:\/\/talkpal.ai\/hr\/#\/schema\/logo\/image\/","url":"https:\/\/talkpal.ai\/wp-content\/uploads\/2024\/03\/Talkpal-Logo-Icon.png","contentUrl":"https:\/\/talkpal.ai\/wp-content\/uploads\/2024\/03\/Talkpal-Logo-Icon.png","width":2880,"height":2880,"caption":"Talkpal, Inc."},"image":{"@id":"https:\/\/talkpal.ai\/hr\/#\/schema\/logo\/image\/"},"sameAs":["https:\/\/www.facebook.com\/profile.php?id=100090733639311","https:\/\/x.com\/talkpalai","https:\/\/www.linkedin.com\/company\/talkpal\/","https:\/\/www.youtube.com\/@TalkPal\/","https:\/\/www.tiktok.com\/@talkpal","https:\/\/www.instagram.com\/talkpal_ai\/","https:\/\/www.crunchbase.com\/organization\/talkpal-9cde","https:\/\/www.g2.com\/products\/talkpal-for-business\/","https:\/\/www.trustpilot.com\/review\/talkpal.ai","https:\/\/www.capterra.com\/p\/10006800\/TalkPal\/"],"description":"Talkpal is a language learning web and mobile education app, powered by the latest AI technologies, that provides engaging experiences to its customers in many different languages to help them improve their language skills. Users can chat about unlimited amount of topics with the app and use other modes to practice their language learning.","email":"support@talkpal.ai","legalName":"Talkpal, Inc.","foundingDate":"2023-04-03","duns":"118989042","numberOfEmployees":{"@type":"QuantitativeValue","minValue":"11","maxValue":"50"},"publishingPrinciples":"https:\/\/talkpal.ai\/publishing-principles\/","actionableFeedbackPolicy":"https:\/\/talkpal.ai\/actionable-feedback-policy\/","correctionsPolicy":"https:\/\/talkpal.ai\/corrections-policy\/","ethicsPolicy":"https:\/\/talkpal.ai\/ethics-policy\/","diversityPolicy":"https:\/\/talkpal.ai\/diversity-policy\/","diversityStaffingReport":"https:\/\/talkpal.ai\/diversity-policy\/"}]}},"_links":{"self":[{"href":"https:\/\/talkpal.ai\/hr\/wp-json\/wp\/v2\/pages\/91974","targetHints":{"allow":["GET"]}}],"collection":[{"href":"https:\/\/talkpal.ai\/hr\/wp-json\/wp\/v2\/pages"}],"about":[{"href":"https:\/\/talkpal.ai\/hr\/wp-json\/wp\/v2\/types\/page"}],"author":[{"embeddable":true,"href":"https:\/\/talkpal.ai\/hr\/wp-json\/wp\/v2\/users\/1"}],"replies":[{"embeddable":true,"href":"https:\/\/talkpal.ai\/hr\/wp-json\/wp\/v2\/comments?post=91974"}],"version-history":[{"count":0,"href":"https:\/\/talkpal.ai\/hr\/wp-json\/wp\/v2\/pages\/91974\/revisions"}],"wp:featuredmedia":[{"embeddable":true,"href":"https:\/\/talkpal.ai\/hr\/wp-json\/wp\/v2\/media\/64456"}],"wp:attachment":[{"href":"https:\/\/talkpal.ai\/hr\/wp-json\/wp\/v2\/media?parent=91974"}],"curies":[{"name":"wp","href":"https:\/\/api.w.org\/{rel}","templated":true}]}}