{"id":91776,"date":"2023-03-25T16:57:06","date_gmt":"2023-03-25T16:57:06","guid":{"rendered":"http:\/\/talkpal.ai\/engleska-gramatika\/"},"modified":"2025-05-22T19:28:00","modified_gmt":"2025-05-22T19:28:00","slug":"engleska-gramatika","status":"publish","type":"page","link":"https:\/\/talkpal.ai\/hr\/engleska-gramatika\/","title":{"rendered":"Engleska gramatika"},"content":{"rendered":"\r\n\r\n\r\n<section class=\"languageChallengeSection\">\r\n    <div class=\"languageInfoWrapper\">\r\n        \r\n        <h1>Engleska gramatika<\/h1>\r\n        <p>Spremni za po\u010detak u\u010denja engleskog jezika? Uz samo malo gramatike i nekoliko novih rije\u010di, u tren oka \u0107ete mo\u0107i razgovarati i povezivati \u200b\u200bse s ljudima iz cijelog svijeta. Zaronite i u\u010dinimo u\u010denje engleskog jezika zabavnim i jednostavnim &#8211; va\u0161e putovanje do te\u010dnog govora po\u010dinje ve\u0107 danas!\n\n<\/p>\r\n\r\n                            <a class=\"getStartedHidden\" href=\"https:\/\/app.talkpal.ai\/hr\/signup?lng=\">Zapo\u010dni<\/a>\r\n        \r\n    <\/div>\r\n\r\n    <figure>\r\n    <img decoding=\"async\" width=\"768\" height=\"768\" src=\"https:\/\/talkpal.ai\/wp-content\/uploads\/2023\/06\/English-768x768.png\" class=\"languageImage no-lazy\" alt=\"Language learning for improved multitasking\" fetchpriority=\"high\" sizes=\"(max-width: 768px) 150px, 768px\" srcset=\"https:\/\/talkpal.ai\/wp-content\/uploads\/2023\/06\/English-768x768.png 768w, https:\/\/talkpal.ai\/wp-content\/uploads\/2023\/06\/English-300x300.png 300w\" \/>\r\n    \r\n\r\n    <\/figure>\r\n\r\n            <a class=\"getStartedVisible\" href=\"https:\/\/app.talkpal.ai\/hr\/signup?lng=\">Zapo\u010dni<\/a>\r\n    \r\n<\/section>\r\n        <section class=\"grammarSection\">\r\n            <div class=\"grammarLinks\">\r\n                <a href=\"https:\/\/talkpal.ai\/hr\/language\/clanci-engleska-gramatika\/\">\u010clanci <\/a><a href=\"https:\/\/talkpal.ai\/hr\/language\/glagoli-engleska-gramatika\/\">Glagoli <\/a><a href=\"https:\/\/talkpal.ai\/hr\/language\/imenice-engleska-gramatika\/\">Imenice <\/a><a href=\"https:\/\/talkpal.ai\/hr\/language\/kondicionali-engleska-gramatika\/\">Kondicionali <\/a><a href=\"https:\/\/talkpal.ai\/hr\/language\/pridjevi-engleska-gramatika\/\">Pridjevi <\/a><a href=\"https:\/\/talkpal.ai\/hr\/language\/prijedlozi-engleska-gramatika\/\">Prijedlozi <\/a><a href=\"https:\/\/talkpal.ai\/hr\/language\/prilozi-engleska-gramatika\/\">Prilozi <\/a><a href=\"https:\/\/talkpal.ai\/hr\/language\/recenice-engleska-gramatika\/\">Re\u010denice <\/a><a href=\"https:\/\/talkpal.ai\/hr\/language\/vremena-engleska-gramatika\/\">Vremena <\/a><a href=\"https:\/\/talkpal.ai\/hr\/language\/zamjenice-odredivaci-engleska-gramatika\/\">Zamjenice\/odre\u0111iva\u010di <\/a>            <\/div>\r\n        <\/section>\r\n    <section class=\"promotionalBanner\">\r\n    <p class=\"promotionalText\">Naju\u010dinkovitiji na\u010din u\u010denja jezika<\/p>\r\n    <a class=\"promotionalLink\" href=\"https:\/\/app.talkpal.ai\/hr\/signup?lng=\">Isprobajte Talkpal besplatno<\/a>\r\n<\/section>\n<div class=\"wp-block-group pageContainerStyle\"><div class=\"wp-block-group__inner-container is-layout-constrained wp-block-group-is-layout-constrained\">\n<h2 class=\"wp-block-heading\" id=\"h-the-importance-of-english-grammar-a-guide-to-mastering-the-rules-and-principles\">Va\u017enost engleske gramatike: vodi\u010d za ovladavanje pravilima i na\u010delima<\/h2>\n\n\n\n<p>S obzirom na to da je <a href=\"https:\/\/talkpal.ai\/learn-english-with-ai\/\">engleski<\/a> jedan od najistaknutijih jezika koji se govore u cijelom svijetu, ne \u010dudi da ljudi \u017eele pobolj\u0161ati svoju te\u010dnost i vladanje njime. Jedan od klju\u010dnih aspekata ovladavanja engleskim jezikom je razumijevanje njegove gramatike. Ali za\u0161to je <a href=\"https:\/\/talkpal.ai\/sq\/gramatika\/\">gramatika<\/a> toliko va\u017ena i kako je mo\u017eemo u\u010dinkovito nau\u010diti? U ovom \u0107emo \u010dlanku zaroniti u zna\u010daj engleske gramatike, raspravljati o njezinim klju\u010dnim na\u010delima i podijeliti neke korisne savjete za izo\u0161travanje va\u0161ih vje\u0161tina.<\/p>\n\n\n\n<h3 class=\"wp-block-heading\" id=\"h-the-role-of-grammar-in-the-english-language\">Uloga gramatike na engleskom jeziku:<\/h3>\n\n\n\n<p>Dakle, u \u010demu je problem s gramatikom? U biti, gramatika slu\u017ei kao gra\u0111evni blok svakog jezika \u2013 to je skup pravila i principa koji upravljaju na\u010dinom na koji koristimo rije\u010di za oblikovanje smislenih re\u010denica. Pridr\u017eavaju\u0107i se ovih pravila, mo\u017eemo osigurati jasnu komunikaciju i izbje\u0107i nesporazume. Zamislite da poku\u0161avate kuhati obrok bez pridr\u017eavanja recepta &#8211; krajnji rezultat mogao bi biti neukusan! Isto tako, zanemarivanje gramatike u na\u0161em svakodnevnom govoru i pisanju mo\u017ee dovesti do zbunjenosti i pogre\u0161nog tuma\u010denja.<\/p>\n\n\n\n<h3 class=\"wp-block-heading\" id=\"h-key-principles-of-english-grammar\">Klju\u010dna na\u010dela engleske gramatike:<\/h3>\n\n\n\n<p>Iako <a href=\"https:\/\/talkpal.ai\/english-grammar\/\">engleska gramatika<\/a> obuhva\u0107a \u0161irok raspon pravila, postoje neka klju\u010dna na\u010dela kojih biste trebali biti svjesni:<\/p>\n\n\n\n<p><strong>1. Dijelovi govora:<\/strong> To su uloge koje rije\u010di igraju u re\u010denici. Ovisno o njihovoj funkciji, rije\u010di se mogu klasificirati kao imenice, zamjenice, glagoli, pridjevi, prilozi, prijedlozi, veznici ili interjekcije.<\/p>\n\n\n\n<p>2. Vremena<strong>: Vremena<\/strong> ozna\u010davaju vrijeme djelovanja ili stanja postojanja. Kategoriziraju se u pro\u0161lost, sada\u0161njost i budu\u0107nost, a svako vrijeme ima \u010detiri aspekta \u2013 jednostavno, progresivno, savr\u0161eno i savr\u0161eno progresivno.<\/p>\n\n\n\n<p><strong>3. Slaganje subjekta i glagola:<\/strong> U osnovi, subjekt (imenica ili zamjenica) i glagol u re\u010denici moraju se slo\u017eiti u broju \u2013 jednini ili mno\u017eini. Na primjer, &#8220;Ona \u010dita knjigu&#8221; i &#8220;Oni \u010ditaju knjige&#8221; gramati\u010dki su ispravni.<\/p>\n\n\n\n<p><strong>4. Struktura re\u010denice:<\/strong> Dobro strukturirana re\u010denica sastoji se od subjekta, glagola i, \u010desto, objekta. Re\u010denice mogu biti jednostavne (jedna neovisna klauzula), slo\u017eene (dvije ili vi\u0161e neovisnih klauzula) ili slo\u017eene (jedna neovisna klauzula i jedna ili vi\u0161e zavisnih re\u010denica).<\/p>\n\n\n\n<p><strong>5. Interpunkcija: Interpunkcijski<\/strong> znakovi, kao \u0161to su zarezi, to\u010dke i to\u010dka-zarez, kriti\u010dni su u organiziranju i razja\u0161njavanju pisanog jezika. Pravilna interpunkcija osigurava da se va\u0161e ideje prenose precizno i koherentno.<\/p>\n\n\n\n<h3 class=\"wp-block-heading\" id=\"h-tips-to-improve-your-english-grammar\">Savjeti za pobolj\u0161anje engleske gramatike:<\/h3>\n\n\n\n<p>Sada kada smo razgovarali o osnovama engleske gramatike, istra\u017eimo neke u\u010dinkovite na\u010dine da usavr\u0161ite svoje vje\u0161tine:<\/p>\n\n\n\n<p><strong>1. Redovito \u010ditajte:<\/strong> \u010citanje je izvrstan na\u010din internalizacije pravilne gramatike. \u0160to se vi\u0161e izla\u017eete dobro napisanim \u010dlancima, knjigama ili esejima, bolje \u0107ete shvatiti pravila i strukture.<\/p>\n\n\n\n<p><strong>2. Vje\u017ebajte pisanje:<\/strong> Redovito pisanje omogu\u0107uje vam da primijenite svoje gramati\u010dko znanje i identificirate podru\u010dja u kojima vam je potrebno pobolj\u0161anje. Razmislite o vo\u0111enju dnevnika ili pokretanju <a href=\"https:\/\/talkpal.ai\/blog\/\">bloga<\/a> kako biste razvili svoje vje\u0161tine pisanja.<\/p>\n\n\n\n<p><strong>3. Prou\u010dite gramati\u010dke resurse:<\/strong> Do\u010depajte se nekih uglednih gramati\u010dkih knjiga, web stranica ili <a href=\"https:\/\/talkpal.ai\/es\/descargar-la-aplicacion-talkpal-para-android-e-ios\/\">aplikacija<\/a> kako biste produbili svoje razumijevanje pravila. Redovito pregledavanje ovih materijala pomo\u0107i \u0107e u\u010dvrstiti va\u0161e znanje.<\/p>\n\n\n\n<p><strong>4. Potra\u017eite povratne informacije:<\/strong> Sura\u0111ujte s drugima kako biste primali konstruktivne kritike na svom pisanom i govornom engleskom jeziku. To mo\u017ee biti putem internetskih foruma, grupa za razmjenu jezika ili prijatelja i kolega koji znaju engleski jezik.<\/p>\n\n\n\n<p><strong>5. Budite strpljivi i uporni:<\/strong> <a href=\"https:\/\/talkpal.ai\/sl\/ucenje-grscine-najhitrejsi-vodic-za-zacetnike\/\">U\u010denje gramatike<\/a> postupni je proces koji zahtijeva vrijeme i trud. Ostanite predani, nastavite vje\u017ebati i proslavite svoj napredak.<\/p>\n\n\n\n<h3 class=\"wp-block-heading\" id=\"h-conclusion\">Zaklju\u010dak:<\/h3>\n\n\n\n<p>Ovladavanje engleskom gramatikom bitna je odsko\u010dna daska na putu prema te\u010dnosti. Razumijevanjem njegove va\u017enosti, upoznavanjem s klju\u010dnim principima i aktivnim vje\u017ebanjem, uskoro \u0107ete razviti dobro vladanje jezikom. Upamtite da Rim nije izgra\u0111en za jedan dan \u2013 stoga budite strpljivi, zabavite se i u\u017eivajte u putovanju prema besprijekornoj gramatici!<\/p>\n<\/div><\/div>\n\r\n<section class=\"learnNavigationSection\">\r\n            \r\n        <a href=\"https:\/\/talkpal.ai\/hr\/nauci-engleski\/\">\r\n            <div class=\"learnNavigationWrapper\">\r\n                <div class=\"learnNavigationContent\">\r\n                    <img decoding=\"async\" src=\"https:\/\/talkpal.ai\/wp-content\/uploads\/2024\/08\/English.jpg\" alt=\"English Flag\">\r\n                    <div>\r\n                        <h4>O u\u010denju engleskog<\/h4>\r\n                        <p>Saznajte sve o engleskoj gramatici.<\/p>\r\n                    <\/div>\r\n                <\/div>\r\n            <\/div>\r\n        <\/a>\r\n\r\n        \r\n        <a href=\"https:\/\/talkpal.ai\/hr\/engleske-gramaticke-vjezbe\/\">\r\n            <div class=\"learnNavigationWrapper\">\r\n                <div class=\"learnNavigationContent\">\r\n                    <img decoding=\"async\" src=\"https:\/\/talkpal.ai\/wp-content\/uploads\/2024\/08\/English.jpg\" alt=\"English Flag\">\r\n                    <div>\r\n                        <h4>Engleske gramati\u010dke vje\u017ebe<\/h4>\r\n                        <p>Vje\u017ebajte englesku gramatiku.<\/p>\r\n                    <\/div>\r\n                <\/div>\r\n            <\/div>\r\n        <\/a>\r\n\r\n        \r\n        <a href=\"https:\/\/talkpal.ai\/vocabulary_language\/english\/\">\r\n            <div class=\"learnNavigationWrapper\">\r\n                <div class=\"learnNavigationContent\">\r\n                    <img decoding=\"async\" src=\"https:\/\/talkpal.ai\/wp-content\/uploads\/2024\/08\/English.jpg\" alt=\"English Flag\">\r\n                    <div>\r\n                        <h4>engleski vokabular<\/h4>\r\n                        <p>Pro\u0161irite svoj engleski vokabular.<\/p>\r\n                    <\/div>\r\n                <\/div>\r\n            <\/div>\r\n        <\/a>\r\n\r\n            <\/section>","protected":false},"excerpt":{"rendered":"<p>Va\u017enost engleske gramatike: vodi\u010d za ovladavanje pravilima i na\u010delima S obzirom na to da je engleski jedan od najistaknutijih jezika koji se govore u cijelom svijetu, ne \u010dudi da ljudi \u017eele pobolj\u0161ati svoju te\u010dnost i vladanje njime. Jedan od klju\u010dnih aspekata ovladavanja engleskim jezikom je razumijevanje njegove gramatike. Ali za\u0161to je gramatika toliko va\u017ena i [&hellip;]<\/p>\n","protected":false},"author":1,"featured_media":64456,"parent":0,"menu_order":0,"comment_status":"closed","ping_status":"closed","template":"LearningContentPage.php","meta":{"_acf_changed":false,"footnotes":""},"class_list":["post-91776","page","type-page","status-publish","has-post-thumbnail","hentry"],"acf":[],"yoast_head":"<!-- This site is optimized with the Yoast SEO Premium plugin v27.2 (Yoast SEO v27.2) - https:\/\/yoast.com\/product\/yoast-seo-premium-wordpress\/ -->\n<title>Engleska gramatika - Talkpal<\/title>\n<meta name=\"description\" content=\"Pobolj\u0161ajte svoje gramati\u010dke vje\u0161tine engleskog jezika bez napora uz Talkpal -ovu aplikaciju za u\u010denje jezika pokretanu umjetnom inteligencijom.\" \/>\n<meta name=\"robots\" content=\"index, follow, max-snippet:-1, max-image-preview:large, max-video-preview:-1\" \/>\n<link rel=\"canonical\" href=\"https:\/\/talkpal.ai\/hr\/engleska-gramatika\/\" \/>\n<meta property=\"og:locale\" content=\"hr_HR\" \/>\n<meta property=\"og:type\" content=\"article\" \/>\n<meta property=\"og:title\" content=\"Engleska gramatika\" \/>\n<meta property=\"og:description\" content=\"Va\u017enost engleske gramatike: vodi\u010d za ovladavanje pravilima i na\u010delima S obzirom na to da je engleski jedan od najistaknutijih jezika koji se govore u\" \/>\n<meta property=\"og:url\" content=\"https:\/\/talkpal.ai\/hr\/engleska-gramatika\/\" \/>\n<meta property=\"og:site_name\" content=\"Talkpal\" \/>\n<meta property=\"article:publisher\" content=\"https:\/\/www.facebook.com\/profile.php?id=100090733639311\" \/>\n<meta property=\"article:modified_time\" content=\"2025-05-22T19:28:00+00:00\" \/>\n<meta property=\"og:image\" content=\"https:\/\/talkpal.ai\/wp-content\/uploads\/2023\/03\/united-kingdom.png\" \/>\n\t<meta property=\"og:image:width\" content=\"512\" \/>\n\t<meta property=\"og:image:height\" content=\"512\" \/>\n\t<meta property=\"og:image:type\" content=\"image\/png\" \/>\n<meta name=\"twitter:card\" content=\"summary_large_image\" \/>\n<meta name=\"twitter:site\" content=\"@talkpalai\" \/>\n<meta name=\"twitter:label1\" content=\"Procijenjeno vrijeme \u010ditanja\" \/>\n\t<meta name=\"twitter:data1\" content=\"3 minute\" \/>\n<script type=\"application\/ld+json\" class=\"yoast-schema-graph\">{\"@context\":\"https:\/\/schema.org\",\"@graph\":[{\"@type\":\"WebPage\",\"@id\":\"https:\/\/talkpal.ai\/hr\/engleska-gramatika\/\",\"url\":\"https:\/\/talkpal.ai\/hr\/engleska-gramatika\/\",\"name\":\"Engleska gramatika - Talkpal\",\"isPartOf\":{\"@id\":\"https:\/\/talkpal.ai\/hr\/#website\"},\"primaryImageOfPage\":{\"@id\":\"https:\/\/talkpal.ai\/hr\/engleska-gramatika\/#primaryimage\"},\"image\":{\"@id\":\"https:\/\/talkpal.ai\/hr\/engleska-gramatika\/#primaryimage\"},\"thumbnailUrl\":\"https:\/\/talkpal.ai\/wp-content\/uploads\/2023\/03\/united-kingdom.png\",\"datePublished\":\"2023-03-25T16:57:06+00:00\",\"dateModified\":\"2025-05-22T19:28:00+00:00\",\"description\":\"Pobolj\u0161ajte svoje gramati\u010dke vje\u0161tine engleskog jezika bez napora uz Talkpal -ovu aplikaciju za u\u010denje jezika pokretanu umjetnom inteligencijom.\",\"breadcrumb\":{\"@id\":\"https:\/\/talkpal.ai\/hr\/engleska-gramatika\/#breadcrumb\"},\"inLanguage\":\"hr\",\"potentialAction\":[{\"@type\":\"ReadAction\",\"target\":[\"https:\/\/talkpal.ai\/hr\/engleska-gramatika\/\"]}]},{\"@type\":\"ImageObject\",\"inLanguage\":\"hr\",\"@id\":\"https:\/\/talkpal.ai\/hr\/engleska-gramatika\/#primaryimage\",\"url\":\"https:\/\/talkpal.ai\/wp-content\/uploads\/2023\/03\/united-kingdom.png\",\"contentUrl\":\"https:\/\/talkpal.ai\/wp-content\/uploads\/2023\/03\/united-kingdom.png\",\"width\":512,\"height\":512,\"caption\":\"TalkPal AI learn English\"},{\"@type\":\"BreadcrumbList\",\"@id\":\"https:\/\/talkpal.ai\/hr\/engleska-gramatika\/#breadcrumb\",\"itemListElement\":[{\"@type\":\"ListItem\",\"position\":1,\"name\":\"Homepage\",\"item\":\"https:\/\/talkpal.ai\/hr\/\"},{\"@type\":\"ListItem\",\"position\":2,\"name\":\"Engleska gramatika\"}]},{\"@type\":\"WebSite\",\"@id\":\"https:\/\/talkpal.ai\/hr\/#website\",\"url\":\"https:\/\/talkpal.ai\/hr\/\",\"name\":\"Talkpal\",\"description\":\"AI Language Learning\",\"publisher\":{\"@id\":\"https:\/\/talkpal.ai\/hr\/#organization\"},\"alternateName\":\"Talkpal AI\",\"potentialAction\":[{\"@type\":\"SearchAction\",\"target\":{\"@type\":\"EntryPoint\",\"urlTemplate\":\"https:\/\/talkpal.ai\/hr\/?s={search_term_string}\"},\"query-input\":{\"@type\":\"PropertyValueSpecification\",\"valueRequired\":true,\"valueName\":\"search_term_string\"}}],\"inLanguage\":\"hr\"},{\"@type\":\"Organization\",\"@id\":\"https:\/\/talkpal.ai\/hr\/#organization\",\"name\":\"Talkpal, Inc.\",\"alternateName\":\"Talkpal AI\",\"url\":\"https:\/\/talkpal.ai\/hr\/\",\"logo\":{\"@type\":\"ImageObject\",\"inLanguage\":\"hr\",\"@id\":\"https:\/\/talkpal.ai\/hr\/#\/schema\/logo\/image\/\",\"url\":\"https:\/\/talkpal.ai\/wp-content\/uploads\/2024\/03\/Talkpal-Logo-Icon.png\",\"contentUrl\":\"https:\/\/talkpal.ai\/wp-content\/uploads\/2024\/03\/Talkpal-Logo-Icon.png\",\"width\":2880,\"height\":2880,\"caption\":\"Talkpal, Inc.\"},\"image\":{\"@id\":\"https:\/\/talkpal.ai\/hr\/#\/schema\/logo\/image\/\"},\"sameAs\":[\"https:\/\/www.facebook.com\/profile.php?id=100090733639311\",\"https:\/\/x.com\/talkpalai\",\"https:\/\/www.linkedin.com\/company\/talkpal\/\",\"https:\/\/www.youtube.com\/@TalkPal\/\",\"https:\/\/www.tiktok.com\/@talkpal\",\"https:\/\/www.instagram.com\/talkpal_ai\/\",\"https:\/\/www.crunchbase.com\/organization\/talkpal-9cde\",\"https:\/\/www.g2.com\/products\/talkpal-for-business\/\",\"https:\/\/www.trustpilot.com\/review\/talkpal.ai\",\"https:\/\/www.capterra.com\/p\/10006800\/TalkPal\/\"],\"description\":\"Talkpal is a language learning web and mobile education app, powered by the latest AI technologies, that provides engaging experiences to its customers in many different languages to help them improve their language skills. Users can chat about unlimited amount of topics with the app and use other modes to practice their language learning.\",\"email\":\"support@talkpal.ai\",\"legalName\":\"Talkpal, Inc.\",\"foundingDate\":\"2023-04-03\",\"duns\":\"118989042\",\"numberOfEmployees\":{\"@type\":\"QuantitativeValue\",\"minValue\":\"11\",\"maxValue\":\"50\"},\"publishingPrinciples\":\"https:\/\/talkpal.ai\/publishing-principles\/\",\"actionableFeedbackPolicy\":\"https:\/\/talkpal.ai\/actionable-feedback-policy\/\",\"correctionsPolicy\":\"https:\/\/talkpal.ai\/corrections-policy\/\",\"ethicsPolicy\":\"https:\/\/talkpal.ai\/ethics-policy\/\",\"diversityPolicy\":\"https:\/\/talkpal.ai\/diversity-policy\/\",\"diversityStaffingReport\":\"https:\/\/talkpal.ai\/diversity-policy\/\"}]}<\/script>\n<!-- \/ Yoast SEO Premium plugin. -->","yoast_head_json":{"title":"Engleska gramatika - Talkpal","description":"Pobolj\u0161ajte svoje gramati\u010dke vje\u0161tine engleskog jezika bez napora uz Talkpal -ovu aplikaciju za u\u010denje jezika pokretanu umjetnom inteligencijom.","robots":{"index":"index","follow":"follow","max-snippet":"max-snippet:-1","max-image-preview":"max-image-preview:large","max-video-preview":"max-video-preview:-1"},"canonical":"https:\/\/talkpal.ai\/hr\/engleska-gramatika\/","og_locale":"hr_HR","og_type":"article","og_title":"Engleska gramatika","og_description":"Va\u017enost engleske gramatike: vodi\u010d za ovladavanje pravilima i na\u010delima S obzirom na to da je engleski jedan od najistaknutijih jezika koji se govore u","og_url":"https:\/\/talkpal.ai\/hr\/engleska-gramatika\/","og_site_name":"Talkpal","article_publisher":"https:\/\/www.facebook.com\/profile.php?id=100090733639311","article_modified_time":"2025-05-22T19:28:00+00:00","og_image":[{"width":512,"height":512,"url":"https:\/\/talkpal.ai\/wp-content\/uploads\/2023\/03\/united-kingdom.png","type":"image\/png"}],"twitter_card":"summary_large_image","twitter_site":"@talkpalai","twitter_misc":{"Procijenjeno vrijeme \u010ditanja":"3 minute"},"schema":{"@context":"https:\/\/schema.org","@graph":[{"@type":"WebPage","@id":"https:\/\/talkpal.ai\/hr\/engleska-gramatika\/","url":"https:\/\/talkpal.ai\/hr\/engleska-gramatika\/","name":"Engleska gramatika - Talkpal","isPartOf":{"@id":"https:\/\/talkpal.ai\/hr\/#website"},"primaryImageOfPage":{"@id":"https:\/\/talkpal.ai\/hr\/engleska-gramatika\/#primaryimage"},"image":{"@id":"https:\/\/talkpal.ai\/hr\/engleska-gramatika\/#primaryimage"},"thumbnailUrl":"https:\/\/talkpal.ai\/wp-content\/uploads\/2023\/03\/united-kingdom.png","datePublished":"2023-03-25T16:57:06+00:00","dateModified":"2025-05-22T19:28:00+00:00","description":"Pobolj\u0161ajte svoje gramati\u010dke vje\u0161tine engleskog jezika bez napora uz Talkpal -ovu aplikaciju za u\u010denje jezika pokretanu umjetnom inteligencijom.","breadcrumb":{"@id":"https:\/\/talkpal.ai\/hr\/engleska-gramatika\/#breadcrumb"},"inLanguage":"hr","potentialAction":[{"@type":"ReadAction","target":["https:\/\/talkpal.ai\/hr\/engleska-gramatika\/"]}]},{"@type":"ImageObject","inLanguage":"hr","@id":"https:\/\/talkpal.ai\/hr\/engleska-gramatika\/#primaryimage","url":"https:\/\/talkpal.ai\/wp-content\/uploads\/2023\/03\/united-kingdom.png","contentUrl":"https:\/\/talkpal.ai\/wp-content\/uploads\/2023\/03\/united-kingdom.png","width":512,"height":512,"caption":"TalkPal AI learn English"},{"@type":"BreadcrumbList","@id":"https:\/\/talkpal.ai\/hr\/engleska-gramatika\/#breadcrumb","itemListElement":[{"@type":"ListItem","position":1,"name":"Homepage","item":"https:\/\/talkpal.ai\/hr\/"},{"@type":"ListItem","position":2,"name":"Engleska gramatika"}]},{"@type":"WebSite","@id":"https:\/\/talkpal.ai\/hr\/#website","url":"https:\/\/talkpal.ai\/hr\/","name":"Talkpal","description":"AI Language Learning","publisher":{"@id":"https:\/\/talkpal.ai\/hr\/#organization"},"alternateName":"Talkpal AI","potentialAction":[{"@type":"SearchAction","target":{"@type":"EntryPoint","urlTemplate":"https:\/\/talkpal.ai\/hr\/?s={search_term_string}"},"query-input":{"@type":"PropertyValueSpecification","valueRequired":true,"valueName":"search_term_string"}}],"inLanguage":"hr"},{"@type":"Organization","@id":"https:\/\/talkpal.ai\/hr\/#organization","name":"Talkpal, Inc.","alternateName":"Talkpal AI","url":"https:\/\/talkpal.ai\/hr\/","logo":{"@type":"ImageObject","inLanguage":"hr","@id":"https:\/\/talkpal.ai\/hr\/#\/schema\/logo\/image\/","url":"https:\/\/talkpal.ai\/wp-content\/uploads\/2024\/03\/Talkpal-Logo-Icon.png","contentUrl":"https:\/\/talkpal.ai\/wp-content\/uploads\/2024\/03\/Talkpal-Logo-Icon.png","width":2880,"height":2880,"caption":"Talkpal, Inc."},"image":{"@id":"https:\/\/talkpal.ai\/hr\/#\/schema\/logo\/image\/"},"sameAs":["https:\/\/www.facebook.com\/profile.php?id=100090733639311","https:\/\/x.com\/talkpalai","https:\/\/www.linkedin.com\/company\/talkpal\/","https:\/\/www.youtube.com\/@TalkPal\/","https:\/\/www.tiktok.com\/@talkpal","https:\/\/www.instagram.com\/talkpal_ai\/","https:\/\/www.crunchbase.com\/organization\/talkpal-9cde","https:\/\/www.g2.com\/products\/talkpal-for-business\/","https:\/\/www.trustpilot.com\/review\/talkpal.ai","https:\/\/www.capterra.com\/p\/10006800\/TalkPal\/"],"description":"Talkpal is a language learning web and mobile education app, powered by the latest AI technologies, that provides engaging experiences to its customers in many different languages to help them improve their language skills. Users can chat about unlimited amount of topics with the app and use other modes to practice their language learning.","email":"support@talkpal.ai","legalName":"Talkpal, Inc.","foundingDate":"2023-04-03","duns":"118989042","numberOfEmployees":{"@type":"QuantitativeValue","minValue":"11","maxValue":"50"},"publishingPrinciples":"https:\/\/talkpal.ai\/publishing-principles\/","actionableFeedbackPolicy":"https:\/\/talkpal.ai\/actionable-feedback-policy\/","correctionsPolicy":"https:\/\/talkpal.ai\/corrections-policy\/","ethicsPolicy":"https:\/\/talkpal.ai\/ethics-policy\/","diversityPolicy":"https:\/\/talkpal.ai\/diversity-policy\/","diversityStaffingReport":"https:\/\/talkpal.ai\/diversity-policy\/"}]}},"_links":{"self":[{"href":"https:\/\/talkpal.ai\/hr\/wp-json\/wp\/v2\/pages\/91776","targetHints":{"allow":["GET"]}}],"collection":[{"href":"https:\/\/talkpal.ai\/hr\/wp-json\/wp\/v2\/pages"}],"about":[{"href":"https:\/\/talkpal.ai\/hr\/wp-json\/wp\/v2\/types\/page"}],"author":[{"embeddable":true,"href":"https:\/\/talkpal.ai\/hr\/wp-json\/wp\/v2\/users\/1"}],"replies":[{"embeddable":true,"href":"https:\/\/talkpal.ai\/hr\/wp-json\/wp\/v2\/comments?post=91776"}],"version-history":[{"count":0,"href":"https:\/\/talkpal.ai\/hr\/wp-json\/wp\/v2\/pages\/91776\/revisions"}],"wp:featuredmedia":[{"embeddable":true,"href":"https:\/\/talkpal.ai\/hr\/wp-json\/wp\/v2\/media\/64456"}],"wp:attachment":[{"href":"https:\/\/talkpal.ai\/hr\/wp-json\/wp\/v2\/media?parent=91776"}],"curies":[{"name":"wp","href":"https:\/\/api.w.org\/{rel}","templated":true}]}}