{"id":74956,"date":"2023-05-14T14:01:16","date_gmt":"2023-05-14T14:01:16","guid":{"rendered":"http:\/\/talkpal.ai\/hrvatska-gramatika\/"},"modified":"2025-12-11T16:41:50","modified_gmt":"2025-12-11T16:41:50","slug":"hrvatska-gramatika","status":"publish","type":"page","link":"https:\/\/talkpal.ai\/hr\/hrvatska-gramatika\/","title":{"rendered":"Hrvatska gramatika"},"content":{"rendered":"\r\n\r\n\r\n<section class=\"languageChallengeSection\">\r\n    <div class=\"languageInfoWrapper\">\r\n        \r\n        <h1>Hrvatska gramatika<\/h1>\r\n        <p>Otkrijte fascinantnu strukturu hrvatskog jezika u\u010de\u0107i njegova osnovna gramati\u010dka pravila. Savladavanje hrvatske gramatike otvorit \u0107e vam nove mogu\u0107nosti komunikacije i pomo\u0107i \u0107e vam da bolje do\u017eivite kulturu i ba\u0161tinu zemlje. Po\u010dnite u\u010diti hrvatsku gramatiku ve\u0107 danas i napravite prvi korak prema te\u010dnosti!<\/p>\r\n\r\n                            <a class=\"getStartedHidden\" href=\"https:\/\/app.talkpal.ai\/hr\/signup?lng=\">Zapo\u010dni<\/a>\r\n        \r\n    <\/div>\r\n\r\n    <figure>\r\n    <img decoding=\"async\" width=\"768\" height=\"768\" src=\"https:\/\/talkpal.ai\/wp-content\/uploads\/2023\/06\/croatian-768x768.png\" class=\"languageImage no-lazy\" alt=\"Language learning for successful interaction\" fetchpriority=\"high\" sizes=\"(max-width: 768px) 150px, 768px\" srcset=\"https:\/\/talkpal.ai\/wp-content\/uploads\/2023\/06\/croatian-768x768.png 768w, https:\/\/talkpal.ai\/wp-content\/uploads\/2023\/06\/croatian-300x300.png 300w\" \/>\r\n    \r\n\r\n    <\/figure>\r\n\r\n            <a class=\"getStartedVisible\" href=\"https:\/\/app.talkpal.ai\/hr\/signup?lng=\">Zapo\u010dni<\/a>\r\n    \r\n<\/section>\r\n<section class=\"promotionalBanner\">\r\n    <p class=\"promotionalText\">Naju\u010dinkovitiji na\u010din u\u010denja jezika<\/p>\r\n    <a class=\"promotionalLink\" href=\"https:\/\/app.talkpal.ai\/hr\/signup?lng=\">Isprobajte Talkpal besplatno<\/a>\r\n<\/section>\n<div class=\"wp-block-group pageContainerStyle\"><div class=\"wp-block-group__inner-container is-layout-constrained wp-block-group-is-layout-constrained\">\n<h2 class=\"wp-block-heading\" id=\"h-a-journey-through-croatian-grammar-unraveling-the-complexities-made-easy\">Putovanje hrvatskom gramatikom: Rasplet slo\u017eenosti olak\u0161an<\/h2>\n\n\n\n<p><a href=\"https:\/\/talkpal.ai\/sv\/grammar\/bestamda-artiklar-i-kroatisk-grammatik\/\">Hrvatska gramatika<\/a>: primamljiva i zastra\u0161uju\u0107a, jednostavna i zamr\u0161ena, tajanstvena i fascinantna. Dok kre\u0107ete na put u\u010denja hrvatskog jezika, mo\u017eda \u0107ete se osje\u0107ati preplavljeni mi\u0161lju da shvatite njegove gramati\u010dke zamr\u0161enosti. Ali ne bojte se, neustra\u0161ivi lingviste, jer mi smo tu da vas vodimo na svakom koraku!<\/p>\n\n\n\n<p>U ovom \u010dlanku pru\u017eit \u0107emo osnovno razumijevanje hrvatskih gramati\u010dkih pojmova i pru\u017eiti savjete i trikove za svladavanje ovog prekrasnog slavenskog jezika. Samo sjednite, opustite se i pojednostavimo ovu naizgled kompliciranu aferu!<\/p>\n\n\n\n<h3 class=\"wp-block-heading\" id=\"h-1-heavenly-nouns-declining-in-style\">1. Nebeske imenice: Opadanje u stilu<\/h3>\n\n\n\n<p>Ako ste upoznati s jezicima poput latinskog ili njema\u010dkog, tada vam koncept deklinacije imenice ne\u0107e biti nov. Hrvatska <a href=\"https:\/\/talkpal.ai\/sq\/gramatika\/\">gramatika<\/a> izgra\u0111ena <a href=\"https:\/\/talkpal.ai\/culture\/what-is-the-difference-between-je-and-na-for-i\/\">je na<\/a> temeljima deklinacije, s ukupno sedam slu\u010dajeva. Da, dobro ste \u010duli! Svaka imenica na hrvatskom jeziku mo\u017ee imati do sedam razli\u010ditih oblika, ovisno o ulozi u re\u010denici. Ali \u010demu frka, pitate se? Pa, smanjuje potrebu za prijedlozima, \u010dine\u0107i jezik preciznijim.  <\/p>\n\n\n\n<p>Evo kratkog pregleda slu\u010dajeva:<\/p>\n\n\n\n<p><strong>\u2013 Nominativ:<\/strong> Subjekt re\u010denice<\/p>\n\n\n\n<p><strong>\u2013 Genitiv:<\/strong> Ozna\u010dava posjedovanje ili porijeklo<\/p>\n\n\n\n<p><strong>\u2013 Dativ:<\/strong> neizravni objekt ili odredi\u0161te<\/p>\n\n\n\n<p><strong>\u2013 Akuzativ:<\/strong> izravni objekt ili cilj<\/p>\n\n\n\n<p><strong>\u2013 Vokativ:<\/strong> Koristi se za obra\u0107anje ili dozivanje nekoga<\/p>\n\n\n\n<p><strong>\u2013 Lokativ:<\/strong> Ozna\u010dava mjesto<\/p>\n\n\n\n<p><strong>\u2013 Instrumental:<\/strong> Opisuje sredstva, na\u010din ili pratnju<\/p>\n\n\n\n<p>Prije nego \u0161to po\u010dnete pani\u010dariti, zapamtite da praksa \u010dini savr\u0161enim. Redovita izlo\u017eenost i kori\u0161tenje jezika pomo\u0107i \u0107e vam da postupno savladate ove deklinacije i postanete <a href=\"https:\/\/talkpal.ai\/learn-croatian\/\">hrvatski<\/a> gramati\u010dki \u010darobnjak!<\/p>\n\n\n\n<h3 class=\"wp-block-heading\" id=\"h-2-adorable-adjectives-agreements-galore\">2. Preslatki pridjevi: Sporazumi Galore<\/h3>\n\n\n\n<p>U svijetu hrvatske gramatike pridjevi vole biti ugodni. Mijenjaju se ovisno o spolu, broju i slu\u010daju imenice koju mijenjaju. To zna\u010di da \u0107ete morati prilagoditi oblik pridjeva ovisno o tome je li imenica mu\u0161kog, \u017eenskog ili srednjeg roda, kao i je li jednina ili mno\u017eina.<\/p>\n\n\n\n<p>Bori\u0161 se sa dogovorom? Evo malog savjeta: usredoto\u010dite se na u\u010denje korijena pridjeva, a ostalo \u0107e do\u0107i na svoje mjesto. Na primjer, korijen pridjeva za \u201clijep\u201d je \u201clijep-\u201d, a mo\u017eete stvoriti oblike poput \u201clijepa\u201d (\u017eenski, nominativ) ili \u201clijepim\u201d (mu\u0161ki\/srednji rod, instrumental) koriste\u0107i razli\u010dite nastavke.<\/p>\n\n\n\n<h3 class=\"wp-block-heading\" id=\"h-3-vibrant-verbs-conjugating-to-perfection\">3. \u017divopisni glagoli: Konjugiranje do savr\u0161enstva<\/h3>\n\n\n\n<p>Po\u010dinjete li uvi\u0111ati uzorak ovdje? Ba\u0161 kao i imenice i pridjevi, i <a href=\"https:\/\/talkpal.ai\/sv\/grammar\/datid-i-kroatisk-grammatik\/\">hrvatski glagoli<\/a> puni su varijacija. U ovom jeziku glagoli prolaze konjugaciju na temelju vremena, raspolo\u017eenja, aspekta, osobe i broja.<\/p>\n\n\n\n<p>Na hrvatskom jeziku postoje tri glavna vremena: pro\u0161lo, sada\u0161nje i budu\u0107e. Iako se sada\u0161nje vrijeme mo\u017ee \u010diniti relativno lako razumljivim, pro\u0161lo i budu\u0107e vrijeme mogu biti zamr\u0161eni. Ali ne brinite! Praksa i izlo\u017eenost jeziku pomo\u0107i \u0107e vam da u trenu prevladate ove prepreke.<\/p>\n\n\n\n<h3 class=\"wp-block-heading\" id=\"h-4-prepositions-cases-dynamic-duo\">4. Prijedlozi + slu\u010dajevi = dinami\u010dki dvojac!<\/h3>\n\n\n\n<p><a href=\"https:\/\/talkpal.ai\/learn-croatian\/\">Hrvatski<\/a> prijedlozi mogu biti malo zeznuti, jer su usko povezani s imeni\u010dkim slu\u010dajevima. Na primjer, prijedlog &#8220;u&#8221; (u, u) koristi se s akuzativom ako ozna\u010dava kretanje ili smjer, ali ako prikazuje mjesto, <a href=\"https:\/\/talkpal.ai\/locations\/language-courses-in-onda\/\">onda<\/a> radi s lokativom.<\/p>\n\n\n\n<p>Da biste izbjegli zabunu, pove\u017eite prijedlog sa slu\u010dajem koji zahtijeva. Na primjer, zapamtite &#8220;u + lokativ = u&#8221; i &#8220;u + akuzativ = u.&#8221;<\/p>\n\n\n\n<h3 class=\"wp-block-heading\" id=\"h-5-tame-the-complexities-practice-makes-perfect\">5. Ukrotite slo\u017eenost: Praksa \u010dini savr\u0161enim<\/h3>\n\n\n\n<p>Na prvi pogled, hrvatska gramatika mo\u017ee izgledati kao labirint, ali imajte na umu da je praksa tajni sastojak uspjeha. Uronite u jezik kroz \u010ditanje, pisanje, slu\u0161anje i razgovor. Pretvorite izazove u trijumfe dopu\u0161taju\u0107i svom mozgu da apsorbira i prilagodi se novom jezi\u010dnom okru\u017eenju.<\/p>\n\n\n\n<p>Dakle, sada kada ste zaronili u o\u010daravaju\u0107e vode hrvatske gramatike, jeste li spremni zaroniti dublje? Prigrlite slo\u017eenosti, u\u017eivajte u nijansama i sjetite se da uporno\u0161\u0107u i stra\u0161\u0107u mo\u017eete otklju\u010dati pravu ljepotu hrvatskog jezika. Sretno! (Sretno!)<\/p>\n<\/div><\/div>\n\r\n<section class=\"learnNavigationSection\">\r\n            \r\n        <a href=\"https:\/\/talkpal.ai\/hr\/naucite-hrvatski\/\">\r\n            <div class=\"learnNavigationWrapper\">\r\n                <div class=\"learnNavigationContent\">\r\n                    <img decoding=\"async\" src=\"https:\/\/talkpal.ai\/wp-content\/uploads\/2024\/08\/Croatian.jpg\" alt=\"Croatian Flag\">\r\n                    <div>\r\n                        <h4>O hrvatskom u\u010denju<\/h4>\r\n                        <p>Saznajte sve o hrvatskoj gramatici.<\/p>\r\n                    <\/div>\r\n                <\/div>\r\n            <\/div>\r\n        <\/a>\r\n\r\n        \r\n        <a href=\"https:\/\/talkpal.ai\/hr\/vjezbe-iz-hrvatske-gramatike\/\">\r\n            <div class=\"learnNavigationWrapper\">\r\n                <div class=\"learnNavigationContent\">\r\n                    <img decoding=\"async\" src=\"https:\/\/talkpal.ai\/wp-content\/uploads\/2024\/08\/Croatian.jpg\" alt=\"Croatian Flag\">\r\n                    <div>\r\n                        <h4>Vje\u017eba iz hrvatske gramatike<\/h4>\r\n                        <p>Vje\u017ebajte hrvatsku gramatiku.<\/p>\r\n                    <\/div>\r\n                <\/div>\r\n            <\/div>\r\n        <\/a>\r\n\r\n        \r\n        <a href=\"https:\/\/talkpal.ai\/vocabulary_language\/croatian\/\">\r\n            <div class=\"learnNavigationWrapper\">\r\n                <div class=\"learnNavigationContent\">\r\n                    <img decoding=\"async\" src=\"https:\/\/talkpal.ai\/wp-content\/uploads\/2024\/08\/Croatian.jpg\" alt=\"Croatian Flag\">\r\n                    <div>\r\n                        <h4>Hrvatski rje\u010dnik<\/h4>\r\n                        <p>Pro\u0161irite svoj hrvatski vokabular.<\/p>\r\n                    <\/div>\r\n                <\/div>\r\n            <\/div>\r\n        <\/a>\r\n\r\n            <\/section>","protected":false},"excerpt":{"rendered":"<p>Putovanje hrvatskom gramatikom: Rasplet slo\u017eenosti olak\u0161an Hrvatska gramatika: primamljiva i zastra\u0161uju\u0107a, jednostavna i zamr\u0161ena, tajanstvena i fascinantna. Dok kre\u0107ete na put u\u010denja hrvatskog jezika, mo\u017eda \u0107ete se osje\u0107ati preplavljeni mi\u0161lju da shvatite njegove gramati\u010dke zamr\u0161enosti. Ali ne bojte se, neustra\u0161ivi lingviste, jer mi smo tu da vas vodimo na svakom koraku! U ovom \u010dlanku pru\u017eit [&hellip;]<\/p>\n","protected":false},"author":1,"featured_media":64120,"parent":0,"menu_order":0,"comment_status":"closed","ping_status":"closed","template":"LearningContentPage.php","meta":{"_acf_changed":false,"footnotes":""},"class_list":["post-74956","page","type-page","status-publish","has-post-thumbnail","hentry"],"acf":[],"yoast_head":"<!-- This site is optimized with the Yoast SEO Premium plugin v27.2 (Yoast SEO v27.2) - https:\/\/yoast.com\/product\/yoast-seo-premium-wordpress\/ -->\n<title>Hrvatska gramatika - Talkpal<\/title>\n<meta name=\"description\" content=\"Istra\u017eite hrvatsku gramatiku i pobolj\u0161ajte svoje razumijevanje jezika uz pomo\u0107 bitnih savjeta i resursa.\" \/>\n<meta name=\"robots\" content=\"index, follow, max-snippet:-1, max-image-preview:large, max-video-preview:-1\" \/>\n<link rel=\"canonical\" href=\"https:\/\/talkpal.ai\/hr\/hrvatska-gramatika\/\" \/>\n<meta property=\"og:locale\" content=\"hr_HR\" \/>\n<meta property=\"og:type\" content=\"article\" \/>\n<meta property=\"og:title\" content=\"Hrvatska gramatika\" \/>\n<meta property=\"og:description\" content=\"Putovanje hrvatskom gramatikom: Rasplet slo\u017eenosti olak\u0161an Hrvatska gramatika: primamljiva i zastra\u0161uju\u0107a, jednostavna i zamr\u0161ena, tajanstvena i\" \/>\n<meta property=\"og:url\" content=\"https:\/\/talkpal.ai\/hr\/hrvatska-gramatika\/\" \/>\n<meta property=\"og:site_name\" content=\"Talkpal\" \/>\n<meta property=\"article:publisher\" content=\"https:\/\/www.facebook.com\/profile.php?id=100090733639311\" \/>\n<meta property=\"article:modified_time\" content=\"2025-12-11T16:41:50+00:00\" \/>\n<meta property=\"og:image\" content=\"https:\/\/talkpal.ai\/wp-content\/uploads\/2023\/05\/croatia.png\" \/>\n\t<meta property=\"og:image:width\" content=\"512\" \/>\n\t<meta property=\"og:image:height\" content=\"512\" \/>\n\t<meta property=\"og:image:type\" content=\"image\/png\" \/>\n<meta name=\"twitter:card\" content=\"summary_large_image\" \/>\n<meta name=\"twitter:site\" content=\"@talkpalai\" \/>\n<meta name=\"twitter:label1\" content=\"Procijenjeno vrijeme \u010ditanja\" \/>\n\t<meta name=\"twitter:data1\" content=\"3 minute\" \/>\n<script type=\"application\/ld+json\" class=\"yoast-schema-graph\">{\"@context\":\"https:\/\/schema.org\",\"@graph\":[{\"@type\":\"WebPage\",\"@id\":\"https:\/\/talkpal.ai\/hr\/hrvatska-gramatika\/\",\"url\":\"https:\/\/talkpal.ai\/hr\/hrvatska-gramatika\/\",\"name\":\"Hrvatska gramatika - Talkpal\",\"isPartOf\":{\"@id\":\"https:\/\/talkpal.ai\/hr\/#website\"},\"primaryImageOfPage\":{\"@id\":\"https:\/\/talkpal.ai\/hr\/hrvatska-gramatika\/#primaryimage\"},\"image\":{\"@id\":\"https:\/\/talkpal.ai\/hr\/hrvatska-gramatika\/#primaryimage\"},\"thumbnailUrl\":\"https:\/\/talkpal.ai\/wp-content\/uploads\/2023\/05\/croatia.png\",\"datePublished\":\"2023-05-14T14:01:16+00:00\",\"dateModified\":\"2025-12-11T16:41:50+00:00\",\"description\":\"Istra\u017eite hrvatsku gramatiku i pobolj\u0161ajte svoje razumijevanje jezika uz pomo\u0107 bitnih savjeta i resursa.\",\"breadcrumb\":{\"@id\":\"https:\/\/talkpal.ai\/hr\/hrvatska-gramatika\/#breadcrumb\"},\"inLanguage\":\"hr\",\"potentialAction\":[{\"@type\":\"ReadAction\",\"target\":[\"https:\/\/talkpal.ai\/hr\/hrvatska-gramatika\/\"]}]},{\"@type\":\"ImageObject\",\"inLanguage\":\"hr\",\"@id\":\"https:\/\/talkpal.ai\/hr\/hrvatska-gramatika\/#primaryimage\",\"url\":\"https:\/\/talkpal.ai\/wp-content\/uploads\/2023\/05\/croatia.png\",\"contentUrl\":\"https:\/\/talkpal.ai\/wp-content\/uploads\/2023\/05\/croatia.png\",\"width\":512,\"height\":512},{\"@type\":\"BreadcrumbList\",\"@id\":\"https:\/\/talkpal.ai\/hr\/hrvatska-gramatika\/#breadcrumb\",\"itemListElement\":[{\"@type\":\"ListItem\",\"position\":1,\"name\":\"Homepage\",\"item\":\"https:\/\/talkpal.ai\/hr\/\"},{\"@type\":\"ListItem\",\"position\":2,\"name\":\"Hrvatska gramatika\"}]},{\"@type\":\"WebSite\",\"@id\":\"https:\/\/talkpal.ai\/hr\/#website\",\"url\":\"https:\/\/talkpal.ai\/hr\/\",\"name\":\"Talkpal\",\"description\":\"AI Language Learning\",\"publisher\":{\"@id\":\"https:\/\/talkpal.ai\/hr\/#organization\"},\"alternateName\":\"Talkpal AI\",\"potentialAction\":[{\"@type\":\"SearchAction\",\"target\":{\"@type\":\"EntryPoint\",\"urlTemplate\":\"https:\/\/talkpal.ai\/hr\/?s={search_term_string}\"},\"query-input\":{\"@type\":\"PropertyValueSpecification\",\"valueRequired\":true,\"valueName\":\"search_term_string\"}}],\"inLanguage\":\"hr\"},{\"@type\":\"Organization\",\"@id\":\"https:\/\/talkpal.ai\/hr\/#organization\",\"name\":\"Talkpal, Inc.\",\"alternateName\":\"Talkpal AI\",\"url\":\"https:\/\/talkpal.ai\/hr\/\",\"logo\":{\"@type\":\"ImageObject\",\"inLanguage\":\"hr\",\"@id\":\"https:\/\/talkpal.ai\/hr\/#\/schema\/logo\/image\/\",\"url\":\"https:\/\/talkpal.ai\/wp-content\/uploads\/2024\/03\/Talkpal-Logo-Icon.png\",\"contentUrl\":\"https:\/\/talkpal.ai\/wp-content\/uploads\/2024\/03\/Talkpal-Logo-Icon.png\",\"width\":2880,\"height\":2880,\"caption\":\"Talkpal, Inc.\"},\"image\":{\"@id\":\"https:\/\/talkpal.ai\/hr\/#\/schema\/logo\/image\/\"},\"sameAs\":[\"https:\/\/www.facebook.com\/profile.php?id=100090733639311\",\"https:\/\/x.com\/talkpalai\",\"https:\/\/www.linkedin.com\/company\/talkpal\/\",\"https:\/\/www.youtube.com\/@TalkPal\/\",\"https:\/\/www.tiktok.com\/@talkpal\",\"https:\/\/www.instagram.com\/talkpal_ai\/\",\"https:\/\/www.crunchbase.com\/organization\/talkpal-9cde\",\"https:\/\/www.g2.com\/products\/talkpal-for-business\/\",\"https:\/\/www.trustpilot.com\/review\/talkpal.ai\",\"https:\/\/www.capterra.com\/p\/10006800\/TalkPal\/\"],\"description\":\"Talkpal is a language learning web and mobile education app, powered by the latest AI technologies, that provides engaging experiences to its customers in many different languages to help them improve their language skills. Users can chat about unlimited amount of topics with the app and use other modes to practice their language learning.\",\"email\":\"support@talkpal.ai\",\"legalName\":\"Talkpal, Inc.\",\"foundingDate\":\"2023-04-03\",\"duns\":\"118989042\",\"numberOfEmployees\":{\"@type\":\"QuantitativeValue\",\"minValue\":\"11\",\"maxValue\":\"50\"},\"publishingPrinciples\":\"https:\/\/talkpal.ai\/publishing-principles\/\",\"actionableFeedbackPolicy\":\"https:\/\/talkpal.ai\/actionable-feedback-policy\/\",\"correctionsPolicy\":\"https:\/\/talkpal.ai\/corrections-policy\/\",\"ethicsPolicy\":\"https:\/\/talkpal.ai\/ethics-policy\/\",\"diversityPolicy\":\"https:\/\/talkpal.ai\/diversity-policy\/\",\"diversityStaffingReport\":\"https:\/\/talkpal.ai\/diversity-policy\/\"}]}<\/script>\n<!-- \/ Yoast SEO Premium plugin. -->","yoast_head_json":{"title":"Hrvatska gramatika - Talkpal","description":"Istra\u017eite hrvatsku gramatiku i pobolj\u0161ajte svoje razumijevanje jezika uz pomo\u0107 bitnih savjeta i resursa.","robots":{"index":"index","follow":"follow","max-snippet":"max-snippet:-1","max-image-preview":"max-image-preview:large","max-video-preview":"max-video-preview:-1"},"canonical":"https:\/\/talkpal.ai\/hr\/hrvatska-gramatika\/","og_locale":"hr_HR","og_type":"article","og_title":"Hrvatska gramatika","og_description":"Putovanje hrvatskom gramatikom: Rasplet slo\u017eenosti olak\u0161an Hrvatska gramatika: primamljiva i zastra\u0161uju\u0107a, jednostavna i zamr\u0161ena, tajanstvena i","og_url":"https:\/\/talkpal.ai\/hr\/hrvatska-gramatika\/","og_site_name":"Talkpal","article_publisher":"https:\/\/www.facebook.com\/profile.php?id=100090733639311","article_modified_time":"2025-12-11T16:41:50+00:00","og_image":[{"width":512,"height":512,"url":"https:\/\/talkpal.ai\/wp-content\/uploads\/2023\/05\/croatia.png","type":"image\/png"}],"twitter_card":"summary_large_image","twitter_site":"@talkpalai","twitter_misc":{"Procijenjeno vrijeme \u010ditanja":"3 minute"},"schema":{"@context":"https:\/\/schema.org","@graph":[{"@type":"WebPage","@id":"https:\/\/talkpal.ai\/hr\/hrvatska-gramatika\/","url":"https:\/\/talkpal.ai\/hr\/hrvatska-gramatika\/","name":"Hrvatska gramatika - Talkpal","isPartOf":{"@id":"https:\/\/talkpal.ai\/hr\/#website"},"primaryImageOfPage":{"@id":"https:\/\/talkpal.ai\/hr\/hrvatska-gramatika\/#primaryimage"},"image":{"@id":"https:\/\/talkpal.ai\/hr\/hrvatska-gramatika\/#primaryimage"},"thumbnailUrl":"https:\/\/talkpal.ai\/wp-content\/uploads\/2023\/05\/croatia.png","datePublished":"2023-05-14T14:01:16+00:00","dateModified":"2025-12-11T16:41:50+00:00","description":"Istra\u017eite hrvatsku gramatiku i pobolj\u0161ajte svoje razumijevanje jezika uz pomo\u0107 bitnih savjeta i resursa.","breadcrumb":{"@id":"https:\/\/talkpal.ai\/hr\/hrvatska-gramatika\/#breadcrumb"},"inLanguage":"hr","potentialAction":[{"@type":"ReadAction","target":["https:\/\/talkpal.ai\/hr\/hrvatska-gramatika\/"]}]},{"@type":"ImageObject","inLanguage":"hr","@id":"https:\/\/talkpal.ai\/hr\/hrvatska-gramatika\/#primaryimage","url":"https:\/\/talkpal.ai\/wp-content\/uploads\/2023\/05\/croatia.png","contentUrl":"https:\/\/talkpal.ai\/wp-content\/uploads\/2023\/05\/croatia.png","width":512,"height":512},{"@type":"BreadcrumbList","@id":"https:\/\/talkpal.ai\/hr\/hrvatska-gramatika\/#breadcrumb","itemListElement":[{"@type":"ListItem","position":1,"name":"Homepage","item":"https:\/\/talkpal.ai\/hr\/"},{"@type":"ListItem","position":2,"name":"Hrvatska gramatika"}]},{"@type":"WebSite","@id":"https:\/\/talkpal.ai\/hr\/#website","url":"https:\/\/talkpal.ai\/hr\/","name":"Talkpal","description":"AI Language Learning","publisher":{"@id":"https:\/\/talkpal.ai\/hr\/#organization"},"alternateName":"Talkpal AI","potentialAction":[{"@type":"SearchAction","target":{"@type":"EntryPoint","urlTemplate":"https:\/\/talkpal.ai\/hr\/?s={search_term_string}"},"query-input":{"@type":"PropertyValueSpecification","valueRequired":true,"valueName":"search_term_string"}}],"inLanguage":"hr"},{"@type":"Organization","@id":"https:\/\/talkpal.ai\/hr\/#organization","name":"Talkpal, Inc.","alternateName":"Talkpal AI","url":"https:\/\/talkpal.ai\/hr\/","logo":{"@type":"ImageObject","inLanguage":"hr","@id":"https:\/\/talkpal.ai\/hr\/#\/schema\/logo\/image\/","url":"https:\/\/talkpal.ai\/wp-content\/uploads\/2024\/03\/Talkpal-Logo-Icon.png","contentUrl":"https:\/\/talkpal.ai\/wp-content\/uploads\/2024\/03\/Talkpal-Logo-Icon.png","width":2880,"height":2880,"caption":"Talkpal, Inc."},"image":{"@id":"https:\/\/talkpal.ai\/hr\/#\/schema\/logo\/image\/"},"sameAs":["https:\/\/www.facebook.com\/profile.php?id=100090733639311","https:\/\/x.com\/talkpalai","https:\/\/www.linkedin.com\/company\/talkpal\/","https:\/\/www.youtube.com\/@TalkPal\/","https:\/\/www.tiktok.com\/@talkpal","https:\/\/www.instagram.com\/talkpal_ai\/","https:\/\/www.crunchbase.com\/organization\/talkpal-9cde","https:\/\/www.g2.com\/products\/talkpal-for-business\/","https:\/\/www.trustpilot.com\/review\/talkpal.ai","https:\/\/www.capterra.com\/p\/10006800\/TalkPal\/"],"description":"Talkpal is a language learning web and mobile education app, powered by the latest AI technologies, that provides engaging experiences to its customers in many different languages to help them improve their language skills. Users can chat about unlimited amount of topics with the app and use other modes to practice their language learning.","email":"support@talkpal.ai","legalName":"Talkpal, Inc.","foundingDate":"2023-04-03","duns":"118989042","numberOfEmployees":{"@type":"QuantitativeValue","minValue":"11","maxValue":"50"},"publishingPrinciples":"https:\/\/talkpal.ai\/publishing-principles\/","actionableFeedbackPolicy":"https:\/\/talkpal.ai\/actionable-feedback-policy\/","correctionsPolicy":"https:\/\/talkpal.ai\/corrections-policy\/","ethicsPolicy":"https:\/\/talkpal.ai\/ethics-policy\/","diversityPolicy":"https:\/\/talkpal.ai\/diversity-policy\/","diversityStaffingReport":"https:\/\/talkpal.ai\/diversity-policy\/"}]}},"_links":{"self":[{"href":"https:\/\/talkpal.ai\/hr\/wp-json\/wp\/v2\/pages\/74956","targetHints":{"allow":["GET"]}}],"collection":[{"href":"https:\/\/talkpal.ai\/hr\/wp-json\/wp\/v2\/pages"}],"about":[{"href":"https:\/\/talkpal.ai\/hr\/wp-json\/wp\/v2\/types\/page"}],"author":[{"embeddable":true,"href":"https:\/\/talkpal.ai\/hr\/wp-json\/wp\/v2\/users\/1"}],"replies":[{"embeddable":true,"href":"https:\/\/talkpal.ai\/hr\/wp-json\/wp\/v2\/comments?post=74956"}],"version-history":[{"count":0,"href":"https:\/\/talkpal.ai\/hr\/wp-json\/wp\/v2\/pages\/74956\/revisions"}],"wp:featuredmedia":[{"embeddable":true,"href":"https:\/\/talkpal.ai\/hr\/wp-json\/wp\/v2\/media\/64120"}],"wp:attachment":[{"href":"https:\/\/talkpal.ai\/hr\/wp-json\/wp\/v2\/media?parent=74956"}],"curies":[{"name":"wp","href":"https:\/\/api.w.org\/{rel}","templated":true}]}}