{"id":74953,"date":"2023-06-16T13:02:09","date_gmt":"2023-06-16T13:02:09","guid":{"rendered":"http:\/\/talkpal.ai\/vjezbe-iz-hrvatske-gramatike\/"},"modified":"2025-12-17T16:27:03","modified_gmt":"2025-12-17T16:27:03","slug":"vjezbe-iz-hrvatske-gramatike","status":"publish","type":"page","link":"https:\/\/talkpal.ai\/hr\/vjezbe-iz-hrvatske-gramatike\/","title":{"rendered":"Vje\u017ebe iz hrvatske gramatike"},"content":{"rendered":"\r\n\r\n\r\n<section class=\"languageChallengeSection\">\r\n    <div class=\"languageInfoWrapper\">\r\n        \r\n        <h1>Vje\u017ebe iz hrvatske gramatike<\/h1>\r\n        <p>\u017delite li ste\u0107i vi\u0161e samopouzdanja u hrvatskom jeziku? Vje\u017ebanje gramati\u010dkih vje\u017ebi pomo\u0107i \u0107e vam da savladate re\u010deni\u010dnu strukturu, glagolske oblike i jedinstvene zna\u010dajke hrvatskog jezika. Po\u010dnite istra\u017eivati \u200b\u200bhrvatsku gramatiku ve\u0107 danas i gledajte kako se va\u0161e vje\u0161tine i te\u010dnost pobolj\u0161avaju sa svakom novom vje\u017ebom!\n\n<\/p>\r\n\r\n                            <a class=\"getStartedHidden\" href=\"https:\/\/app.talkpal.ai\/hr\/signup?lng=\">Zapo\u010dni<\/a>\r\n        \r\n    <\/div>\r\n\r\n    <figure>\r\n    <img decoding=\"async\" width=\"768\" height=\"768\" src=\"https:\/\/talkpal.ai\/wp-content\/uploads\/2023\/06\/croatian-768x768.png\" class=\"languageImage no-lazy\" alt=\"Language learning for successful interaction\" fetchpriority=\"high\" sizes=\"(max-width: 768px) 150px, 768px\" srcset=\"https:\/\/talkpal.ai\/wp-content\/uploads\/2023\/06\/croatian-768x768.png 768w, https:\/\/talkpal.ai\/wp-content\/uploads\/2023\/06\/croatian-300x300.png 300w\" \/>\r\n    \r\n\r\n    <\/figure>\r\n\r\n            <a class=\"getStartedVisible\" href=\"https:\/\/app.talkpal.ai\/hr\/signup?lng=\">Zapo\u010dni<\/a>\r\n    \r\n<\/section>\r\n\r\n\r\n<!-- <section class=\"grammarSection\">\r\n    <div class=\"grammarLinks\">\r\n            <\/div>\r\n<\/section> -->\r\n\r\n\r\n\r\n\r\n<section class=\"promotionalBanner\">\r\n    <p class=\"promotionalText\">Naju\u010dinkovitiji na\u010din u\u010denja jezika<\/p>\r\n    <a class=\"promotionalLink\" href=\"https:\/\/app.talkpal.ai\/hr\/signup?lng=\">Isprobajte Talkpal besplatno<\/a>\r\n<\/section>\n<div class=\"wp-block-group pageContainerStyle\"><div class=\"wp-block-group__inner-container is-layout-constrained wp-block-group-is-layout-constrained\">\n<h2 class=\"wp-block-heading\" id=\"h-croatian-grammar-topics\">Teme hrvatske gramatike<\/h2>\n\n\n\n<p><a href=\"https:\/\/talkpal.ai\/learn-croatian\/\">Hrvatski<\/a>, ju\u017enoslavenski jezik, slu\u017ebeni je jezik Hrvatske i jedan od slu\u017ebenih jezika Bosne i Hercegovine. To je slo\u017een i bogat jezik, s dugom povije\u0161\u0107u i jedinstvenim gramati\u010dkim sustavom. Za u\u010denike je bitno razumjeti temeljne aspekte hrvatske gramatike kako bi postali vje\u0161ti u jeziku. Ovaj vodi\u010d pomo\u0107i \u0107e vam da se kre\u0107ete kroz klju\u010dne gramati\u010dke teme kao \u0161to su vremena, glagoli, imenice i jo\u0161 mnogo toga, u nizu koji \u0107e olak\u0161ati va\u0161 proces u\u010denja i pru\u017eiti sna\u017ene temelje za svladavanje ovog prekrasnog jezika.<\/p>\n\n\n\n<h3 class=\"wp-block-heading\" id=\"h-1-nouns\">1. Imenice:<\/h3>\n\n\n\n<p>Imenice su prva gra\u0111evna jedinica svakog jezika, a hrvatske imenice imaju tri roda \u2013 mu\u0161ki, \u017eenski i srednji, koji utje\u010du na deklinaciju i slaganje s pridjevima i zamjenicama. Upoznajte se s razli\u010ditim spolovima i njihovim zavr\u0161ecima.<\/p>\n\n\n\n<h3 class=\"wp-block-heading\" id=\"h-2-articles\">2. \u010clanci:<\/h3>\n\n\n\n<p>Hrvatski nema \u010dlanove poput &#8220;the&#8221; ili &#8220;a&#8221; u engleskom jeziku, \u0161to po\u010detnicima olak\u0161ava po\u010detak konstruiranja jednostavnih re\u010denica bez brige o kori\u0161tenju \u010dlanova.<\/p>\n\n\n\n<h3 class=\"wp-block-heading\" id=\"h-3-pronouns-determiners\">3. Zamjenice\/Odrediva\u010di:<\/h3>\n\n\n\n<p>Zamjenice se koriste za zamjenu imenica u re\u010denicama, dok determinatori ukazuju na specifi\u010dnost imenice. Nau\u010dite razli\u010dite vrste zamjenica (osobne, posesivne, demonstrativne itd.) i njihovu deklinaciju prema spolu, broju i slu\u010daju.<\/p>\n\n\n\n<h3 class=\"wp-block-heading\" id=\"h-4-adjectives\">4. Pridjevi:<\/h3>\n\n\n\n<p>Pridjevi opisuju kvalitete imenica i sla\u017eu se s spolom, brojem i slu\u010dajem imenice koju mijenjaju. Nau\u010dite osnovne oblike i obrasce deklinacije pridjeva.<\/p>\n\n\n\n<h3 class=\"wp-block-heading\" id=\"h-5-verbs\">5. Glagoli:<\/h3>\n\n\n\n<p>Glagoli su sr\u017e svake re\u010denice, izra\u017eavaju\u0107i radnje ili stanja. <a href=\"https:\/\/talkpal.ai\/sv\/grammar\/datid-i-kroatisk-grammatik\/\">Hrvatski glagoli<\/a> konjugirani su prema vremenu, raspolo\u017eenju, glasu i osobi. Po\u010dnite s naj\u010de\u0161\u0107im pravilnim glagolima i njihovim uzorcima konjugacije u sada\u0161njem vremenu.<\/p>\n\n\n\n<h3 class=\"wp-block-heading\" id=\"h-6-tenses\">6. Vrijeme:<\/h3>\n\n\n\n<p>Hrvatski ima sedam vremena \u2013 sada\u0161njost, <a href=\"https:\/\/talkpal.ai\/ar\/grammar_exercises\/futur-i-%d8%aa%d9%85%d8%a7%d8%b1%d9%8a%d9%86-%d9%84%d9%84%d9%82%d9%88%d8%a7%d8%b9%d8%af-%d8%a7%d9%84%d8%a3%d9%84%d9%85%d8%a7%d9%86%d9%8a%d8%a9\/\">futur I<\/a>, <a href=\"https:\/\/talkpal.ai\/ar\/grammar_exercises\/futur-ii-%d8%aa%d9%85%d8%a7%d8%b1%d9%8a%d9%86-%d9%84%d9%84%d9%82%d9%88%d8%a7%d8%b9%d8%af-%d8%a7%d9%84%d8%a3%d9%84%d9%85%d8%a7%d9%86%d9%8a%d8%a9\/\">futur II<\/a>, pro\u0161lost, pluperfekt, aorist i imperfekt. Po\u010dnite s trenutnim vremenom, a zatim prije\u0111ite na pro\u0161lo i budu\u0107e vrijeme, u\u010de\u0107i obrasce konjugacije za svako.<\/p>\n\n\n\n<h3 class=\"wp-block-heading\" id=\"h-7-tense-comparison\">7. Napeta usporedba:<\/h3>\n\n\n\n<p>Razumijevanje razlika i sli\u010dnosti me\u0111u vremenima klju\u010dno je za svladavanje hrvatskog jezika. Usporedite vremena i vje\u017ebajte njihovo kori\u0161tenje u kontekstu.<\/p>\n\n\n\n<h3 class=\"wp-block-heading\" id=\"h-8-progressive\">8. Progresivno:<\/h3>\n\n\n\n<p>Progresivni aspekt izra\u017eava radnje koje su u tijeku ili su kontinuirane. Hrvatski nema zaseban progresivni oblik poput engleskog, ali progresivno zna\u010denje mo\u017eete prenijeti kori\u0161tenjem specifi\u010dnih glagolskih oblika, priloga ili konstrukcija.<\/p>\n\n\n\n<h3 class=\"wp-block-heading\" id=\"h-9-perfect-progressive\">9. Savr\u0161en progresivan:<\/h3>\n\n\n\n<p>Ovaj aspekt kombinira savr\u0161ena i progresivna zna\u010denja. Na hrvatskom jeziku izra\u017eava se kori\u0161tenjem savr\u0161enog vremena sa specifi\u010dnim glagolskim oblikom ili konstrukcijom <a href=\"https:\/\/talkpal.ai\/locations\/language-courses-in-koja\/\">koja<\/a> ukazuje na kontinuirano djelovanje.<\/p>\n\n\n\n<h3 class=\"wp-block-heading\" id=\"h-10-adverbs\">10. Prilozi:<\/h3>\n\n\n\n<p>Prilozi mijenjaju glagole, pridjeve ili druge priloge i obi\u010dno ozna\u010davaju na\u010din, mjesto, vrijeme ili stupanj. Nau\u010dite naj\u010de\u0161\u0107e hrvatske priloge i njihovo smje\u0161tanje u re\u010denice.<\/p>\n\n\n\n<h3 class=\"wp-block-heading\" id=\"h-11-prepositions\">11. Prijedlozi:<\/h3>\n\n\n\n<p>Prijedlozi se koriste za ozna\u010davanje odnosa izme\u0111u rije\u010di, kao \u0161to su mjesto, smjer, vrijeme ili posjedovanje. Nau\u010dite naj\u010de\u0161\u0107e hrvatske prijedloge i slu\u010dajeve kojima upravljaju.<\/p>\n\n\n\n<h3 class=\"wp-block-heading\" id=\"h-12-conditionals\">12. Uvjeti:<\/h3>\n\n\n\n<p>Uvjeti izra\u017eavaju hipotetske situacije ili uvjete i njihove posljedice. Hrvatski ima tri vrste kondicionala \u2013 pravi, nepravi i mje\u0161oviti. Nau\u010dite formiranje i kori\u0161tenje svake vrste.<\/p>\n\n\n\n<h3 class=\"wp-block-heading\" id=\"h-13-sentences\">13. Re\u010denice:<\/h3>\n\n\n\n<p>Naposljetku, vje\u017ebajte kombinirati sve gramati\u010dke elemente koje ste nau\u010dili za sastavljanje jednostavnih i slo\u017eenih re\u010denica na hrvatskom jeziku. To \u0107e vam pomo\u0107i da razvijete svoju jezi\u010dnu te\u010dnost i razumijevanje hrvatske gramatike u cjelini.<\/p>\n<\/div><\/div>\n\r\n<section class=\"learnNavigationSection\">\r\n            \r\n        <a href=\"https:\/\/talkpal.ai\/hr\/naucite-hrvatski\/\">\r\n            <div class=\"learnNavigationWrapper\">\r\n                <div class=\"learnNavigationContent\">\r\n                    <img decoding=\"async\" src=\"https:\/\/talkpal.ai\/wp-content\/uploads\/2024\/08\/Croatian.jpg\" alt=\"Croatian Flag\">\r\n                    <div>\r\n                        <h4>O hrvatskom u\u010denju<\/h4>\r\n                        <p>Saznajte sve o hrvatskoj gramatici.<\/p>\r\n                    <\/div>\r\n                <\/div>\r\n            <\/div>\r\n        <\/a>\r\n\r\n        \r\n        <a href=\"https:\/\/talkpal.ai\/hr\/hrvatska-gramatika\/\">\r\n            <div class=\"learnNavigationWrapper\">\r\n                <div class=\"learnNavigationContent\">\r\n                    <img decoding=\"async\" src=\"https:\/\/talkpal.ai\/wp-content\/uploads\/2024\/08\/Croatian.jpg\" alt=\"Croatian Flag\">\r\n                    <div>\r\n                        <h4>Lekcije iz hrvatske gramatike<\/h4>\r\n                        <p>Vje\u017ebajte hrvatsku gramatiku.<\/p>\r\n                    <\/div>\r\n                <\/div>\r\n            <\/div>\r\n        <\/a>\r\n\r\n        \r\n        <a href=\"https:\/\/talkpal.ai\/vocabulary_language\/croatian\/\">\r\n            <div class=\"learnNavigationWrapper\">\r\n                <div class=\"learnNavigationContent\">\r\n                    <img decoding=\"async\" src=\"https:\/\/talkpal.ai\/wp-content\/uploads\/2024\/08\/Croatian.jpg\" alt=\"Croatian Flag\">\r\n                    <div>\r\n                        <h4>Hrvatski rje\u010dnik<\/h4>\r\n                        <p>Pro\u0161irite svoj hrvatski vokabular.<\/p>\r\n                    <\/div>\r\n                <\/div>\r\n            <\/div>\r\n        <\/a>\r\n\r\n            <\/section>","protected":false},"excerpt":{"rendered":"<p>Teme hrvatske gramatike Hrvatski, ju\u017enoslavenski jezik, slu\u017ebeni je jezik Hrvatske i jedan od slu\u017ebenih jezika Bosne i Hercegovine. To je slo\u017een i bogat jezik, s dugom povije\u0161\u0107u i jedinstvenim gramati\u010dkim sustavom. Za u\u010denike je bitno razumjeti temeljne aspekte hrvatske gramatike kako bi postali vje\u0161ti u jeziku. Ovaj vodi\u010d pomo\u0107i \u0107e vam da se kre\u0107ete kroz [&hellip;]<\/p>\n","protected":false},"author":6,"featured_media":64120,"parent":0,"menu_order":0,"comment_status":"closed","ping_status":"closed","template":"LearningContentPage.php","meta":{"_acf_changed":false,"footnotes":""},"class_list":["post-74953","page","type-page","status-publish","has-post-thumbnail","hentry"],"acf":[],"yoast_head":"<!-- This site is optimized with the Yoast SEO Premium plugin v27.2 (Yoast SEO v27.2) - https:\/\/yoast.com\/product\/yoast-seo-premium-wordpress\/ -->\n<title>Vje\u017ebe iz hrvatske gramatike - Talkpal<\/title>\n<meta name=\"description\" content=\"Savladajte hrvatski jezik u\u010dinkovitim vje\u017ebama iz hrvatske gramatike koje korisnicima pojednostavljuju u\u010denje glagolskih vremena, glagola i imenica.\" \/>\n<meta name=\"robots\" content=\"index, follow, max-snippet:-1, max-image-preview:large, max-video-preview:-1\" \/>\n<link rel=\"canonical\" href=\"https:\/\/talkpal.ai\/hr\/vjezbe-iz-hrvatske-gramatike\/\" \/>\n<meta property=\"og:locale\" content=\"hr_HR\" \/>\n<meta property=\"og:type\" content=\"article\" \/>\n<meta property=\"og:title\" content=\"Vje\u017ebe iz hrvatske gramatike\" \/>\n<meta property=\"og:description\" content=\"Teme hrvatske gramatike Hrvatski, ju\u017enoslavenski jezik, slu\u017ebeni je jezik Hrvatske i jedan od slu\u017ebenih jezika Bosne i Hercegovine. To je slo\u017een i bogat\" \/>\n<meta property=\"og:url\" content=\"https:\/\/talkpal.ai\/hr\/vjezbe-iz-hrvatske-gramatike\/\" \/>\n<meta property=\"og:site_name\" content=\"Talkpal\" \/>\n<meta property=\"article:publisher\" content=\"https:\/\/www.facebook.com\/profile.php?id=100090733639311\" \/>\n<meta property=\"article:modified_time\" content=\"2025-12-17T16:27:03+00:00\" \/>\n<meta property=\"og:image\" content=\"https:\/\/talkpal.ai\/wp-content\/uploads\/2023\/05\/croatia.png\" \/>\n\t<meta property=\"og:image:width\" content=\"512\" \/>\n\t<meta property=\"og:image:height\" content=\"512\" \/>\n\t<meta property=\"og:image:type\" content=\"image\/png\" \/>\n<meta name=\"twitter:card\" content=\"summary_large_image\" \/>\n<meta name=\"twitter:site\" content=\"@talkpalai\" \/>\n<meta name=\"twitter:label1\" content=\"Procijenjeno vrijeme \u010ditanja\" \/>\n\t<meta name=\"twitter:data1\" content=\"3 minute\" \/>\n<script type=\"application\/ld+json\" class=\"yoast-schema-graph\">{\"@context\":\"https:\/\/schema.org\",\"@graph\":[{\"@type\":\"WebPage\",\"@id\":\"https:\/\/talkpal.ai\/hr\/vjezbe-iz-hrvatske-gramatike\/\",\"url\":\"https:\/\/talkpal.ai\/hr\/vjezbe-iz-hrvatske-gramatike\/\",\"name\":\"Vje\u017ebe iz hrvatske gramatike - Talkpal\",\"isPartOf\":{\"@id\":\"https:\/\/talkpal.ai\/hr\/#website\"},\"primaryImageOfPage\":{\"@id\":\"https:\/\/talkpal.ai\/hr\/vjezbe-iz-hrvatske-gramatike\/#primaryimage\"},\"image\":{\"@id\":\"https:\/\/talkpal.ai\/hr\/vjezbe-iz-hrvatske-gramatike\/#primaryimage\"},\"thumbnailUrl\":\"https:\/\/talkpal.ai\/wp-content\/uploads\/2023\/05\/croatia.png\",\"datePublished\":\"2023-06-16T13:02:09+00:00\",\"dateModified\":\"2025-12-17T16:27:03+00:00\",\"description\":\"Savladajte hrvatski jezik u\u010dinkovitim vje\u017ebama iz hrvatske gramatike koje korisnicima pojednostavljuju u\u010denje glagolskih vremena, glagola i imenica.\",\"breadcrumb\":{\"@id\":\"https:\/\/talkpal.ai\/hr\/vjezbe-iz-hrvatske-gramatike\/#breadcrumb\"},\"inLanguage\":\"hr\",\"potentialAction\":[{\"@type\":\"ReadAction\",\"target\":[\"https:\/\/talkpal.ai\/hr\/vjezbe-iz-hrvatske-gramatike\/\"]}]},{\"@type\":\"ImageObject\",\"inLanguage\":\"hr\",\"@id\":\"https:\/\/talkpal.ai\/hr\/vjezbe-iz-hrvatske-gramatike\/#primaryimage\",\"url\":\"https:\/\/talkpal.ai\/wp-content\/uploads\/2023\/05\/croatia.png\",\"contentUrl\":\"https:\/\/talkpal.ai\/wp-content\/uploads\/2023\/05\/croatia.png\",\"width\":512,\"height\":512},{\"@type\":\"BreadcrumbList\",\"@id\":\"https:\/\/talkpal.ai\/hr\/vjezbe-iz-hrvatske-gramatike\/#breadcrumb\",\"itemListElement\":[{\"@type\":\"ListItem\",\"position\":1,\"name\":\"Homepage\",\"item\":\"https:\/\/talkpal.ai\/hr\/\"},{\"@type\":\"ListItem\",\"position\":2,\"name\":\"Vje\u017ebe iz hrvatske gramatike\"}]},{\"@type\":\"WebSite\",\"@id\":\"https:\/\/talkpal.ai\/hr\/#website\",\"url\":\"https:\/\/talkpal.ai\/hr\/\",\"name\":\"Talkpal\",\"description\":\"AI Language Learning\",\"publisher\":{\"@id\":\"https:\/\/talkpal.ai\/hr\/#organization\"},\"alternateName\":\"Talkpal AI\",\"potentialAction\":[{\"@type\":\"SearchAction\",\"target\":{\"@type\":\"EntryPoint\",\"urlTemplate\":\"https:\/\/talkpal.ai\/hr\/?s={search_term_string}\"},\"query-input\":{\"@type\":\"PropertyValueSpecification\",\"valueRequired\":true,\"valueName\":\"search_term_string\"}}],\"inLanguage\":\"hr\"},{\"@type\":\"Organization\",\"@id\":\"https:\/\/talkpal.ai\/hr\/#organization\",\"name\":\"Talkpal, Inc.\",\"alternateName\":\"Talkpal AI\",\"url\":\"https:\/\/talkpal.ai\/hr\/\",\"logo\":{\"@type\":\"ImageObject\",\"inLanguage\":\"hr\",\"@id\":\"https:\/\/talkpal.ai\/hr\/#\/schema\/logo\/image\/\",\"url\":\"https:\/\/talkpal.ai\/wp-content\/uploads\/2024\/03\/Talkpal-Logo-Icon.png\",\"contentUrl\":\"https:\/\/talkpal.ai\/wp-content\/uploads\/2024\/03\/Talkpal-Logo-Icon.png\",\"width\":2880,\"height\":2880,\"caption\":\"Talkpal, Inc.\"},\"image\":{\"@id\":\"https:\/\/talkpal.ai\/hr\/#\/schema\/logo\/image\/\"},\"sameAs\":[\"https:\/\/www.facebook.com\/profile.php?id=100090733639311\",\"https:\/\/x.com\/talkpalai\",\"https:\/\/www.linkedin.com\/company\/talkpal\/\",\"https:\/\/www.youtube.com\/@TalkPal\/\",\"https:\/\/www.tiktok.com\/@talkpal\",\"https:\/\/www.instagram.com\/talkpal_ai\/\",\"https:\/\/www.crunchbase.com\/organization\/talkpal-9cde\",\"https:\/\/www.g2.com\/products\/talkpal-for-business\/\",\"https:\/\/www.trustpilot.com\/review\/talkpal.ai\",\"https:\/\/www.capterra.com\/p\/10006800\/TalkPal\/\"],\"description\":\"Talkpal is a language learning web and mobile education app, powered by the latest AI technologies, that provides engaging experiences to its customers in many different languages to help them improve their language skills. Users can chat about unlimited amount of topics with the app and use other modes to practice their language learning.\",\"email\":\"support@talkpal.ai\",\"legalName\":\"Talkpal, Inc.\",\"foundingDate\":\"2023-04-03\",\"duns\":\"118989042\",\"numberOfEmployees\":{\"@type\":\"QuantitativeValue\",\"minValue\":\"11\",\"maxValue\":\"50\"},\"publishingPrinciples\":\"https:\/\/talkpal.ai\/publishing-principles\/\",\"actionableFeedbackPolicy\":\"https:\/\/talkpal.ai\/actionable-feedback-policy\/\",\"correctionsPolicy\":\"https:\/\/talkpal.ai\/corrections-policy\/\",\"ethicsPolicy\":\"https:\/\/talkpal.ai\/ethics-policy\/\",\"diversityPolicy\":\"https:\/\/talkpal.ai\/diversity-policy\/\",\"diversityStaffingReport\":\"https:\/\/talkpal.ai\/diversity-policy\/\"}]}<\/script>\n<!-- \/ Yoast SEO Premium plugin. -->","yoast_head_json":{"title":"Vje\u017ebe iz hrvatske gramatike - Talkpal","description":"Savladajte hrvatski jezik u\u010dinkovitim vje\u017ebama iz hrvatske gramatike koje korisnicima pojednostavljuju u\u010denje glagolskih vremena, glagola i imenica.","robots":{"index":"index","follow":"follow","max-snippet":"max-snippet:-1","max-image-preview":"max-image-preview:large","max-video-preview":"max-video-preview:-1"},"canonical":"https:\/\/talkpal.ai\/hr\/vjezbe-iz-hrvatske-gramatike\/","og_locale":"hr_HR","og_type":"article","og_title":"Vje\u017ebe iz hrvatske gramatike","og_description":"Teme hrvatske gramatike Hrvatski, ju\u017enoslavenski jezik, slu\u017ebeni je jezik Hrvatske i jedan od slu\u017ebenih jezika Bosne i Hercegovine. To je slo\u017een i bogat","og_url":"https:\/\/talkpal.ai\/hr\/vjezbe-iz-hrvatske-gramatike\/","og_site_name":"Talkpal","article_publisher":"https:\/\/www.facebook.com\/profile.php?id=100090733639311","article_modified_time":"2025-12-17T16:27:03+00:00","og_image":[{"width":512,"height":512,"url":"https:\/\/talkpal.ai\/wp-content\/uploads\/2023\/05\/croatia.png","type":"image\/png"}],"twitter_card":"summary_large_image","twitter_site":"@talkpalai","twitter_misc":{"Procijenjeno vrijeme \u010ditanja":"3 minute"},"schema":{"@context":"https:\/\/schema.org","@graph":[{"@type":"WebPage","@id":"https:\/\/talkpal.ai\/hr\/vjezbe-iz-hrvatske-gramatike\/","url":"https:\/\/talkpal.ai\/hr\/vjezbe-iz-hrvatske-gramatike\/","name":"Vje\u017ebe iz hrvatske gramatike - Talkpal","isPartOf":{"@id":"https:\/\/talkpal.ai\/hr\/#website"},"primaryImageOfPage":{"@id":"https:\/\/talkpal.ai\/hr\/vjezbe-iz-hrvatske-gramatike\/#primaryimage"},"image":{"@id":"https:\/\/talkpal.ai\/hr\/vjezbe-iz-hrvatske-gramatike\/#primaryimage"},"thumbnailUrl":"https:\/\/talkpal.ai\/wp-content\/uploads\/2023\/05\/croatia.png","datePublished":"2023-06-16T13:02:09+00:00","dateModified":"2025-12-17T16:27:03+00:00","description":"Savladajte hrvatski jezik u\u010dinkovitim vje\u017ebama iz hrvatske gramatike koje korisnicima pojednostavljuju u\u010denje glagolskih vremena, glagola i imenica.","breadcrumb":{"@id":"https:\/\/talkpal.ai\/hr\/vjezbe-iz-hrvatske-gramatike\/#breadcrumb"},"inLanguage":"hr","potentialAction":[{"@type":"ReadAction","target":["https:\/\/talkpal.ai\/hr\/vjezbe-iz-hrvatske-gramatike\/"]}]},{"@type":"ImageObject","inLanguage":"hr","@id":"https:\/\/talkpal.ai\/hr\/vjezbe-iz-hrvatske-gramatike\/#primaryimage","url":"https:\/\/talkpal.ai\/wp-content\/uploads\/2023\/05\/croatia.png","contentUrl":"https:\/\/talkpal.ai\/wp-content\/uploads\/2023\/05\/croatia.png","width":512,"height":512},{"@type":"BreadcrumbList","@id":"https:\/\/talkpal.ai\/hr\/vjezbe-iz-hrvatske-gramatike\/#breadcrumb","itemListElement":[{"@type":"ListItem","position":1,"name":"Homepage","item":"https:\/\/talkpal.ai\/hr\/"},{"@type":"ListItem","position":2,"name":"Vje\u017ebe iz hrvatske gramatike"}]},{"@type":"WebSite","@id":"https:\/\/talkpal.ai\/hr\/#website","url":"https:\/\/talkpal.ai\/hr\/","name":"Talkpal","description":"AI Language Learning","publisher":{"@id":"https:\/\/talkpal.ai\/hr\/#organization"},"alternateName":"Talkpal AI","potentialAction":[{"@type":"SearchAction","target":{"@type":"EntryPoint","urlTemplate":"https:\/\/talkpal.ai\/hr\/?s={search_term_string}"},"query-input":{"@type":"PropertyValueSpecification","valueRequired":true,"valueName":"search_term_string"}}],"inLanguage":"hr"},{"@type":"Organization","@id":"https:\/\/talkpal.ai\/hr\/#organization","name":"Talkpal, Inc.","alternateName":"Talkpal AI","url":"https:\/\/talkpal.ai\/hr\/","logo":{"@type":"ImageObject","inLanguage":"hr","@id":"https:\/\/talkpal.ai\/hr\/#\/schema\/logo\/image\/","url":"https:\/\/talkpal.ai\/wp-content\/uploads\/2024\/03\/Talkpal-Logo-Icon.png","contentUrl":"https:\/\/talkpal.ai\/wp-content\/uploads\/2024\/03\/Talkpal-Logo-Icon.png","width":2880,"height":2880,"caption":"Talkpal, Inc."},"image":{"@id":"https:\/\/talkpal.ai\/hr\/#\/schema\/logo\/image\/"},"sameAs":["https:\/\/www.facebook.com\/profile.php?id=100090733639311","https:\/\/x.com\/talkpalai","https:\/\/www.linkedin.com\/company\/talkpal\/","https:\/\/www.youtube.com\/@TalkPal\/","https:\/\/www.tiktok.com\/@talkpal","https:\/\/www.instagram.com\/talkpal_ai\/","https:\/\/www.crunchbase.com\/organization\/talkpal-9cde","https:\/\/www.g2.com\/products\/talkpal-for-business\/","https:\/\/www.trustpilot.com\/review\/talkpal.ai","https:\/\/www.capterra.com\/p\/10006800\/TalkPal\/"],"description":"Talkpal is a language learning web and mobile education app, powered by the latest AI technologies, that provides engaging experiences to its customers in many different languages to help them improve their language skills. Users can chat about unlimited amount of topics with the app and use other modes to practice their language learning.","email":"support@talkpal.ai","legalName":"Talkpal, Inc.","foundingDate":"2023-04-03","duns":"118989042","numberOfEmployees":{"@type":"QuantitativeValue","minValue":"11","maxValue":"50"},"publishingPrinciples":"https:\/\/talkpal.ai\/publishing-principles\/","actionableFeedbackPolicy":"https:\/\/talkpal.ai\/actionable-feedback-policy\/","correctionsPolicy":"https:\/\/talkpal.ai\/corrections-policy\/","ethicsPolicy":"https:\/\/talkpal.ai\/ethics-policy\/","diversityPolicy":"https:\/\/talkpal.ai\/diversity-policy\/","diversityStaffingReport":"https:\/\/talkpal.ai\/diversity-policy\/"}]}},"_links":{"self":[{"href":"https:\/\/talkpal.ai\/hr\/wp-json\/wp\/v2\/pages\/74953","targetHints":{"allow":["GET"]}}],"collection":[{"href":"https:\/\/talkpal.ai\/hr\/wp-json\/wp\/v2\/pages"}],"about":[{"href":"https:\/\/talkpal.ai\/hr\/wp-json\/wp\/v2\/types\/page"}],"author":[{"embeddable":true,"href":"https:\/\/talkpal.ai\/hr\/wp-json\/wp\/v2\/users\/6"}],"replies":[{"embeddable":true,"href":"https:\/\/talkpal.ai\/hr\/wp-json\/wp\/v2\/comments?post=74953"}],"version-history":[{"count":0,"href":"https:\/\/talkpal.ai\/hr\/wp-json\/wp\/v2\/pages\/74953\/revisions"}],"wp:featuredmedia":[{"embeddable":true,"href":"https:\/\/talkpal.ai\/hr\/wp-json\/wp\/v2\/media\/64120"}],"wp:attachment":[{"href":"https:\/\/talkpal.ai\/hr\/wp-json\/wp\/v2\/media?parent=74953"}],"curies":[{"name":"wp","href":"https:\/\/api.w.org\/{rel}","templated":true}]}}