{"id":166751,"date":"2023-04-03T14:56:00","date_gmt":"2023-04-03T14:56:00","guid":{"rendered":"http:\/\/talkpal.ai\/oko\/"},"modified":"2026-03-06T16:33:04","modified_gmt":"2026-03-06T16:33:04","slug":"oko","status":"publish","type":"page","link":"https:\/\/talkpal.ai\/hr\/oko\/","title":{"rendered":"Oko"},"content":{"rendered":"\n<p id=\"h-\"><a href=\"https:\/\/talkpal.ai\/ko\/ai-%ec%96%b8%ec%96%b4-%ea%b5%90%ec%82%ac\/\">Talkpal<\/a>, Inc. je tvrtka za u\u010denje jezika pokretana umjetnom inteligencijom s misijom da govor bilo kojeg jezika u\u010dini dostupnim svima, svugdje. Talkpal razvija jednu od najnaprednijih svjetskih platformi za podu\u010davanje jezika temeljenih na umjetnoj inteligenciji, poma\u017eu\u0107i milijunima u\u010denika da s povjerenjem vje\u017ebaju stvarne razgovore.<\/p>\n\n<p>Osnovan 2023. godine, Talkpal je izgra\u0111en na jednostavnom, ali sna\u017enom uvjerenju: u\u010denje jezika ne bi trebalo biti privilegija i trebalo bi biti dostupno svima. Kombiniraju\u0107i vrhunsku umjetnu inteligenciju s lingvisti\u010dkom stru\u010dno\u0161\u0107u i istra\u017eivanjem, Talkpal uklanja tradicionalne barijere poput tro\u0161kova, vremena i straha od govora &#8211; zamjenjuju\u0107i ih personaliziranom, neometanom vje\u017ebom dostupnom na vi\u0161e platformi 24\/7.<\/p>\n\n<p>Danas Talkpal podr\u017eava vi\u0161e od 80 jezika, slu\u017ei milijunima u\u010denika u vi\u0161e od 180 zemalja te je dostupan na webu, iOS-u i Androidu.<\/p>\n\n<h2 class=\"wp-block-heading\" id=\"h-our-mission\">Na\u0161a misija<\/h2>\n\n<p>Na\u0161a je misija revolucionirati u\u010denje jezika pru\u017eaju\u0107i zanimljivo, interaktivno i personalizirano iskustvo podu\u010davanja jezika pomo\u0107u umjetne inteligencije.<br\/><br\/>Nastojimo sru\u0161iti jezi\u010dne barijere, poticati globalne veze i njegovati zajednicu strastvenih u\u010denika, osna\u017euju\u0107i ih da samouvjereno i te\u010dno komuniciraju na odabranom jeziku.<\/p>\n\n<h2 class=\"wp-block-heading\" id=\"h-our-vision\">Na\u0161a vizija<\/h2>\n\n<p>Na\u0161a je vizija postati vode\u0107i svjetski <a href=\"https:\/\/talkpal.ai\/welcome\/\">u\u010ditelj jezika AI<\/a>, mijenjaju\u0107i na\u010din na koji ljudi u\u010de jezike kroz imerzivne razgovore vo\u0111ene kontekstom i prilagodljivu tehnologiju u\u010denja.<br\/><br\/>Cilj nam je potaknuti i njegovati ljubav prema u\u010denju jezika, poticati kulturnu razmjenu i premostiti prekograni\u010dni komunikacijski jaz, u kona\u010dnici oblikuju\u0107i povezaniji svijet koji razumije.<\/p>\n\n<h2 class=\"wp-block-heading\" id=\"h-our-story\">Na\u0161a pri\u010da<\/h2>\n\n<p>Talkpal su osnovali <a href=\"https:\/\/talkpal.ai\/locations\/language-courses-in-david\/\">David<\/a> Gegechkori (na slici lijevo) i Dimitri Dekanozishvili (na slici desno), vo\u0111eni zajedni\u010dkom frustracijom tradicionalnim metodama u\u010denja jezika koje \u010desto ne uspijevaju pripremiti u\u010denike za govor u stvarnom svijetu.<\/p>\n\n<div class=\"wp-block-columns is-layout-flex wp-container-core-columns-is-layout-9d6595d7 wp-block-columns-is-layout-flex\">\n<div class=\"wp-block-column is-layout-flow wp-block-column-is-layout-flow\" style=\"flex-basis:50%\"><div class=\"wp-block-image\">\n<figure class=\"alignleft size-large\"><img decoding=\"async\" width=\"1024\" height=\"683\" src=\"https:\/\/talkpal.ai\/wp-content\/uploads\/2025\/12\/Talkpal-Entrepreneur-1024x683.jpg\" alt=\"\" class=\"wp-image-1557444\" style=\"aspect-ratio:1.4992888417882142\" srcset=\"https:\/\/talkpal.ai\/wp-content\/uploads\/2025\/12\/Talkpal-Entrepreneur-1024x683.jpg 1024w, https:\/\/talkpal.ai\/wp-content\/uploads\/2025\/12\/Talkpal-Entrepreneur-300x200.jpg 300w, https:\/\/talkpal.ai\/wp-content\/uploads\/2025\/12\/Talkpal-Entrepreneur-768x512.jpg 768w, https:\/\/talkpal.ai\/wp-content\/uploads\/2025\/12\/Talkpal-Entrepreneur.jpg 1344w\" sizes=\"(max-width: 1024px) 100vw, 1024px\" \/><\/figure>\n<\/div><\/div>\n\n\n\n<div class=\"wp-block-column is-layout-flow wp-block-column-is-layout-flow\" style=\"flex-basis:50%\">\n<p>Od samog po\u010detka cilj je bio jasan: izgraditi jezi\u010dnog suputnika za umjetnu inteligenciju koji se manje osje\u0107a kao ud\u017ebenik, a vi\u0161e kao podr\u017eavaju\u0107i partner u razgovoru. Naziv \u201eTalkpal\u201c odra\u017eava ovu filozofiju &#8211; prijateljski, uvijek dostupan pratitelj koji poti\u010de u\u010denike da vje\u017ebaju govor bez straha od osude.<\/p>\n\n\n\n<p>Po\u010dev\u0161i kao web-proizvod, Talkpal se brzo pro\u0161irio na mobilne platforme, okupljaju\u0107i globalni tim in\u017eenjera umjetne inteligencije, lingvista, edukatora, marketin\u0161kih stru\u010dnjaka i dizajnera proizvoda. Kroz kontinuiranu iteraciju, istra\u017eivanje i <a href=\"https:\/\/talkpal.ai\/contact\/\">povratne informacije<\/a> korisnika, Talkpal se razvio u sveobuhvatnu platformu za u\u010denje jezika temeljenu na umjetnoj inteligenciji kojoj vjeruju milijuni diljem svijeta.<\/p>\n<\/div>\n<\/div>\n\n<h2 class=\"wp-block-heading\" id=\"h-what-we-do\">\u0160to radimo<\/h2>\n\n<p>Talkpal pru\u017ea iskustva u\u010denja teksta i glasa pokretana umjetnom inteligencijom osmi\u0161ljena za simulaciju stvarne ljudske interakcije. Na\u0161a platforma se dinami\u010dki prilago\u0111ava razini, ciljevima i stilu u\u010denja svakog u\u010denika.<\/p>\n\n<p>Klju\u010dne mogu\u0107nosti uklju\u010duju:<\/p>\n\n<ul class=\"wp-block-list\">\n<li>Prirodni <a href=\"https:\/\/talkpal.ai\/bs\/razgovaram-sa-ai\/\">AI razgovori<\/a> za govornu vje\u017ebu<\/li>\n\n\n\n<li><a href=\"https:\/\/talkpal.ai\/contact\/\">Povratne informacije<\/a> o izgovoru, gramatici i te\u010dnosti u stvarnom vremenu<\/li>\n\n\n\n<li>Podr\u0161ka za po\u010detnike i napredne u\u010denike<\/li>\n\n\n\n<li>Lekcije na vi\u0161e od 80 svjetskih jezika, uklju\u010duju\u0107i <a href=\"https:\/\/talkpal.ai\/learn-english-with-ai\/\">engleski<\/a>, <a href=\"https:\/\/talkpal.ai\/learn-spanish\/\">\u0161panjolski<\/a>, njema\u010dki, francuski, talijanski, japanski, kineski, korejski, arapski, nizozemski, portugalski, \u0161vedski, hebrejski, gr\u010dki, turski, finski i afrikanski, albanski, armenski, asamski, azerbajd\u017eanski, baskijski, bjeloruski, bengalski, bosanski, bugarski, burmanski, kantonski, katalonski, hrvatski, \u010de\u0161ki, danski, estonski, galicijski, gruzijski, gud\u017earatski, hindski, ma\u0111arski, islandski, indonezijski, irski, javanski, kannadski, kaza\u0161ki, kmerski, laoski, latvijski, litavski, makedonijski, malajski, malajalamski, malte\u0161ki, maorski, marathi, mongolski, nepalski, norve\u0161ki, odijski, pa\u0161tunski, perzijski, poljski, pand\u017eapski, rumunjski, ruski, srpski, singalski, slova\u010dki, slovenski, somalski, svahili, tagalog, tamilski, telugu, tajlandski, ukrajinski, urdu, uzbekistanski, vijetnamski, vel\u0161ki, zulu i druge.<\/li>\n\n\n\n<li>Freemium model s fleksibilnim pretplatni\u010dkim planovima<\/li>\n\n\n\n<li>Namjenska poslovna rje\u0161enja za sveu\u010dili\u0161ta, jezi\u010dne \u0161kole, tvrtke i druge organizacije<\/li>\n<\/ul>\n\n<p>Na\u0161 sadr\u017eaj i sustavi razvijeni su u suradnji s jezi\u010dnim stru\u010dnjacima i istra\u017eiva\u010dima umjetne inteligencije, osiguravaju\u0107i pedago\u0161ku ispravnost i tehni\u010dku izvrsnost.<\/p>\n\n<h2 class=\"wp-block-heading\" id=\"h-research-backed-learning\">U\u010denje utemeljeno na istra\u017eivanju<\/h2>\n\n<p>U\u010dinkovitost Talkpala ispitana je u vi\u0161e akademskih studija, posebno u kontekstima u\u010denja engleskog kao stranog jezika (ESL) i engleskog kao stranog jezika kao stranog jezika (EFFL). Istra\u017eivanja su pokazala statisti\u010dki zna\u010dajna pobolj\u0161anja u te\u010dnosti govora, izgovoru, gramatici i samopouzdanju u\u010denika kada koriste alate za razgovor temeljene na umjetnoj inteligenciji poput Talkpala.<\/p>\n\n<p>Ovaj pristup utemeljen na istra\u017eivanju podupire na\u0161u predanost izgradnji ne samo inovativne tehnologije &#8211; ve\u0107 i mjerljivo u\u010dinkovitih iskustava u\u010denja jezika.<\/p>\n\n<h2 class=\"wp-block-heading\" id=\"h-trusted-by-learners-worldwide\">Vjeruju nam u\u010denici diljem svijeta<\/h2>\n\n<p>Talkpalu vjeruju milijuni korisnika diljem svijeta i dosljedno dobiva visoke ocjene u trgovinama aplikacija i platformama za recenzije. U\u010denici \u010desto isti\u010du:<\/p>\n\n<ul class=\"wp-block-list\">\n<li>Okru\u017eenje bez pritiska za govorni\u010dku vje\u017ebu<\/li>\n\n\n\n<li>Trenutne, prakti\u010dne povratne informacije<\/li>\n\n\n\n<li>Fleksibilnost za u\u010denje bilo kada i bilo gdje<\/li>\n\n\n\n<li>Mogu\u0107nost vje\u017ebanja bez potrebe za ljudskim jezi\u010dnim partnerom<\/li>\n<\/ul>\n\n<h2 class=\"wp-block-heading\" id=\"h-our-commitment\">Na\u0161a predanost<\/h2>\n\n<p>U Talkpalu smo posve\u0107eni:<\/p>\n\n<ul class=\"wp-block-list\">\n<li><strong>Inovacija<\/strong> \u2013 kontinuirani napredak u umjetnoj inteligenciji i obrazovnoj tehnologiji<\/li>\n\n\n\n<li><strong>Kvaliteta<\/strong> \u2013 iskustva u\u010denja utemeljena na istra\u017eivanjima<\/li>\n\n\n\n<li><strong>Pristupa\u010dnost<\/strong> \u2013 pristupa\u010dno, uklju\u010divo u\u010denje jezika za sve<\/li>\n\n\n\n<li><strong>Globalni utjecaj<\/strong> \u2013 osna\u017eivanje komunikacije me\u0111u kulturama<\/li>\n<\/ul>\n\n<p>Vjerujemo da jezik ima mo\u0107 promijeniti \u017eivote &#8211; a s umjetnom inteligencijom ta mo\u0107 mo\u017ee dosegnuti sve.<\/p>\n\n<p><\/p>\n","protected":false},"excerpt":{"rendered":"<p>Talkpal, Inc. je tvrtka za u\u010denje jezika pokretana umjetnom inteligencijom s misijom da govor bilo kojeg jezika u\u010dini dostupnim svima, svugdje. Talkpal razvija jednu od najnaprednijih svjetskih platformi za podu\u010davanje jezika temeljenih na umjetnoj inteligenciji, poma\u017eu\u0107i milijunima u\u010denika da s povjerenjem vje\u017ebaju stvarne razgovore. Osnovan 2023. godine, Talkpal je izgra\u0111en na jednostavnom, ali sna\u017enom uvjerenju: [&hellip;]<\/p>\n","protected":false},"author":1,"featured_media":197948,"parent":0,"menu_order":0,"comment_status":"closed","ping_status":"closed","template":"","meta":{"_acf_changed":false,"footnotes":""},"class_list":["post-166751","page","type-page","status-publish","has-post-thumbnail","hentry"],"acf":[],"yoast_head":"<!-- This site is optimized with the Yoast SEO Premium plugin v27.2 (Yoast SEO v27.2) - https:\/\/yoast.com\/product\/yoast-seo-premium-wordpress\/ -->\n<title>Oko - Talkpal<\/title>\n<meta name=\"description\" content=\"Talkpal je AI tutor jezika pokretan GPT-om, osnovan s uvjerenjem da u\u010denje jezika treba biti dostupno svima.\" \/>\n<meta name=\"robots\" content=\"index, follow, max-snippet:-1, max-image-preview:large, max-video-preview:-1\" \/>\n<link rel=\"canonical\" href=\"https:\/\/talkpal.ai\/hr\/oko\/\" \/>\n<meta property=\"og:locale\" content=\"hr_HR\" \/>\n<meta property=\"og:type\" content=\"article\" \/>\n<meta property=\"og:title\" content=\"Oko\" \/>\n<meta property=\"og:description\" content=\"Talkpal, Inc. je tvrtka za u\u010denje jezika pokretana umjetnom inteligencijom s misijom da govor bilo kojeg jezika u\u010dini dostupnim svima, svugdje. Talkpal\" \/>\n<meta property=\"og:url\" content=\"https:\/\/talkpal.ai\/hr\/oko\/\" \/>\n<meta property=\"og:site_name\" content=\"Talkpal\" \/>\n<meta property=\"article:publisher\" content=\"https:\/\/www.facebook.com\/profile.php?id=100090733639311\" \/>\n<meta property=\"article:modified_time\" content=\"2026-03-06T16:33:04+00:00\" \/>\n<meta property=\"og:image\" content=\"https:\/\/talkpal.ai\/wp-content\/uploads\/2024\/03\/Talkpal-Logo-Icon.png\" \/>\n\t<meta property=\"og:image:width\" content=\"5000\" \/>\n\t<meta property=\"og:image:height\" content=\"5000\" \/>\n\t<meta property=\"og:image:type\" content=\"image\/png\" \/>\n<meta name=\"twitter:card\" content=\"summary_large_image\" \/>\n<meta name=\"twitter:site\" content=\"@talkpalai\" \/>\n<meta name=\"twitter:label1\" content=\"Procijenjeno vrijeme \u010ditanja\" \/>\n\t<meta name=\"twitter:data1\" content=\"4 minute\" \/>\n<script type=\"application\/ld+json\" class=\"yoast-schema-graph\">{\"@context\":\"https:\/\/schema.org\",\"@graph\":[{\"@type\":\"WebPage\",\"@id\":\"https:\/\/talkpal.ai\/hr\/oko\/\",\"url\":\"https:\/\/talkpal.ai\/hr\/oko\/\",\"name\":\"Oko - Talkpal\",\"isPartOf\":{\"@id\":\"https:\/\/talkpal.ai\/hr\/#website\"},\"primaryImageOfPage\":{\"@id\":\"https:\/\/talkpal.ai\/hr\/oko\/#primaryimage\"},\"image\":{\"@id\":\"https:\/\/talkpal.ai\/hr\/oko\/#primaryimage\"},\"thumbnailUrl\":\"https:\/\/talkpal.ai\/wp-content\/uploads\/2024\/03\/Talkpal-Logo-Icon.png\",\"datePublished\":\"2023-04-03T14:56:00+00:00\",\"dateModified\":\"2026-03-06T16:33:04+00:00\",\"description\":\"Talkpal je AI tutor jezika pokretan GPT-om, osnovan s uvjerenjem da u\u010denje jezika treba biti dostupno svima.\",\"breadcrumb\":{\"@id\":\"https:\/\/talkpal.ai\/hr\/oko\/#breadcrumb\"},\"inLanguage\":\"hr\",\"potentialAction\":[{\"@type\":\"ReadAction\",\"target\":[\"https:\/\/talkpal.ai\/hr\/oko\/\"]}]},{\"@type\":\"ImageObject\",\"inLanguage\":\"hr\",\"@id\":\"https:\/\/talkpal.ai\/hr\/oko\/#primaryimage\",\"url\":\"https:\/\/talkpal.ai\/wp-content\/uploads\/2024\/03\/Talkpal-Logo-Icon.png\",\"contentUrl\":\"https:\/\/talkpal.ai\/wp-content\/uploads\/2024\/03\/Talkpal-Logo-Icon.png\",\"width\":5000,\"height\":5000,\"caption\":\"Talkpal logo bez oznake rije\u010di\"},{\"@type\":\"BreadcrumbList\",\"@id\":\"https:\/\/talkpal.ai\/hr\/oko\/#breadcrumb\",\"itemListElement\":[{\"@type\":\"ListItem\",\"position\":1,\"name\":\"Homepage\",\"item\":\"https:\/\/talkpal.ai\/hr\/\"},{\"@type\":\"ListItem\",\"position\":2,\"name\":\"Oko\"}]},{\"@type\":\"WebSite\",\"@id\":\"https:\/\/talkpal.ai\/hr\/#website\",\"url\":\"https:\/\/talkpal.ai\/hr\/\",\"name\":\"Talkpal\",\"description\":\"AI Language Learning\",\"publisher\":{\"@id\":\"https:\/\/talkpal.ai\/hr\/#organization\"},\"alternateName\":\"Talkpal AI\",\"potentialAction\":[{\"@type\":\"SearchAction\",\"target\":{\"@type\":\"EntryPoint\",\"urlTemplate\":\"https:\/\/talkpal.ai\/hr\/?s={search_term_string}\"},\"query-input\":{\"@type\":\"PropertyValueSpecification\",\"valueRequired\":true,\"valueName\":\"search_term_string\"}}],\"inLanguage\":\"hr\"},{\"@type\":\"Organization\",\"@id\":\"https:\/\/talkpal.ai\/hr\/#organization\",\"name\":\"Talkpal, Inc.\",\"alternateName\":\"Talkpal AI\",\"url\":\"https:\/\/talkpal.ai\/hr\/\",\"logo\":{\"@type\":\"ImageObject\",\"inLanguage\":\"hr\",\"@id\":\"https:\/\/talkpal.ai\/hr\/#\/schema\/logo\/image\/\",\"url\":\"https:\/\/talkpal.ai\/wp-content\/uploads\/2024\/03\/Talkpal-Logo-Icon.png\",\"contentUrl\":\"https:\/\/talkpal.ai\/wp-content\/uploads\/2024\/03\/Talkpal-Logo-Icon.png\",\"width\":2880,\"height\":2880,\"caption\":\"Talkpal, Inc.\"},\"image\":{\"@id\":\"https:\/\/talkpal.ai\/hr\/#\/schema\/logo\/image\/\"},\"sameAs\":[\"https:\/\/www.facebook.com\/profile.php?id=100090733639311\",\"https:\/\/x.com\/talkpalai\",\"https:\/\/www.linkedin.com\/company\/talkpal\/\",\"https:\/\/www.youtube.com\/@TalkPal\/\",\"https:\/\/www.tiktok.com\/@talkpal\",\"https:\/\/www.instagram.com\/talkpal_ai\/\",\"https:\/\/www.crunchbase.com\/organization\/talkpal-9cde\",\"https:\/\/www.g2.com\/products\/talkpal-for-business\/\",\"https:\/\/www.trustpilot.com\/review\/talkpal.ai\",\"https:\/\/www.capterra.com\/p\/10006800\/TalkPal\/\"],\"description\":\"Talkpal is a language learning web and mobile education app, powered by the latest AI technologies, that provides engaging experiences to its customers in many different languages to help them improve their language skills. Users can chat about unlimited amount of topics with the app and use other modes to practice their language learning.\",\"email\":\"support@talkpal.ai\",\"legalName\":\"Talkpal, Inc.\",\"foundingDate\":\"2023-04-03\",\"duns\":\"118989042\",\"numberOfEmployees\":{\"@type\":\"QuantitativeValue\",\"minValue\":\"11\",\"maxValue\":\"50\"},\"publishingPrinciples\":\"https:\/\/talkpal.ai\/publishing-principles\/\",\"actionableFeedbackPolicy\":\"https:\/\/talkpal.ai\/actionable-feedback-policy\/\",\"correctionsPolicy\":\"https:\/\/talkpal.ai\/corrections-policy\/\",\"ethicsPolicy\":\"https:\/\/talkpal.ai\/ethics-policy\/\",\"diversityPolicy\":\"https:\/\/talkpal.ai\/diversity-policy\/\",\"diversityStaffingReport\":\"https:\/\/talkpal.ai\/diversity-policy\/\"}]}<\/script>\n<!-- \/ Yoast SEO Premium plugin. -->","yoast_head_json":{"title":"Oko - Talkpal","description":"Talkpal je AI tutor jezika pokretan GPT-om, osnovan s uvjerenjem da u\u010denje jezika treba biti dostupno svima.","robots":{"index":"index","follow":"follow","max-snippet":"max-snippet:-1","max-image-preview":"max-image-preview:large","max-video-preview":"max-video-preview:-1"},"canonical":"https:\/\/talkpal.ai\/hr\/oko\/","og_locale":"hr_HR","og_type":"article","og_title":"Oko","og_description":"Talkpal, Inc. je tvrtka za u\u010denje jezika pokretana umjetnom inteligencijom s misijom da govor bilo kojeg jezika u\u010dini dostupnim svima, svugdje. Talkpal","og_url":"https:\/\/talkpal.ai\/hr\/oko\/","og_site_name":"Talkpal","article_publisher":"https:\/\/www.facebook.com\/profile.php?id=100090733639311","article_modified_time":"2026-03-06T16:33:04+00:00","og_image":[{"width":5000,"height":5000,"url":"https:\/\/talkpal.ai\/wp-content\/uploads\/2024\/03\/Talkpal-Logo-Icon.png","type":"image\/png"}],"twitter_card":"summary_large_image","twitter_site":"@talkpalai","twitter_misc":{"Procijenjeno vrijeme \u010ditanja":"4 minute"},"schema":{"@context":"https:\/\/schema.org","@graph":[{"@type":"WebPage","@id":"https:\/\/talkpal.ai\/hr\/oko\/","url":"https:\/\/talkpal.ai\/hr\/oko\/","name":"Oko - Talkpal","isPartOf":{"@id":"https:\/\/talkpal.ai\/hr\/#website"},"primaryImageOfPage":{"@id":"https:\/\/talkpal.ai\/hr\/oko\/#primaryimage"},"image":{"@id":"https:\/\/talkpal.ai\/hr\/oko\/#primaryimage"},"thumbnailUrl":"https:\/\/talkpal.ai\/wp-content\/uploads\/2024\/03\/Talkpal-Logo-Icon.png","datePublished":"2023-04-03T14:56:00+00:00","dateModified":"2026-03-06T16:33:04+00:00","description":"Talkpal je AI tutor jezika pokretan GPT-om, osnovan s uvjerenjem da u\u010denje jezika treba biti dostupno svima.","breadcrumb":{"@id":"https:\/\/talkpal.ai\/hr\/oko\/#breadcrumb"},"inLanguage":"hr","potentialAction":[{"@type":"ReadAction","target":["https:\/\/talkpal.ai\/hr\/oko\/"]}]},{"@type":"ImageObject","inLanguage":"hr","@id":"https:\/\/talkpal.ai\/hr\/oko\/#primaryimage","url":"https:\/\/talkpal.ai\/wp-content\/uploads\/2024\/03\/Talkpal-Logo-Icon.png","contentUrl":"https:\/\/talkpal.ai\/wp-content\/uploads\/2024\/03\/Talkpal-Logo-Icon.png","width":5000,"height":5000,"caption":"Talkpal logo bez oznake rije\u010di"},{"@type":"BreadcrumbList","@id":"https:\/\/talkpal.ai\/hr\/oko\/#breadcrumb","itemListElement":[{"@type":"ListItem","position":1,"name":"Homepage","item":"https:\/\/talkpal.ai\/hr\/"},{"@type":"ListItem","position":2,"name":"Oko"}]},{"@type":"WebSite","@id":"https:\/\/talkpal.ai\/hr\/#website","url":"https:\/\/talkpal.ai\/hr\/","name":"Talkpal","description":"AI Language Learning","publisher":{"@id":"https:\/\/talkpal.ai\/hr\/#organization"},"alternateName":"Talkpal AI","potentialAction":[{"@type":"SearchAction","target":{"@type":"EntryPoint","urlTemplate":"https:\/\/talkpal.ai\/hr\/?s={search_term_string}"},"query-input":{"@type":"PropertyValueSpecification","valueRequired":true,"valueName":"search_term_string"}}],"inLanguage":"hr"},{"@type":"Organization","@id":"https:\/\/talkpal.ai\/hr\/#organization","name":"Talkpal, Inc.","alternateName":"Talkpal AI","url":"https:\/\/talkpal.ai\/hr\/","logo":{"@type":"ImageObject","inLanguage":"hr","@id":"https:\/\/talkpal.ai\/hr\/#\/schema\/logo\/image\/","url":"https:\/\/talkpal.ai\/wp-content\/uploads\/2024\/03\/Talkpal-Logo-Icon.png","contentUrl":"https:\/\/talkpal.ai\/wp-content\/uploads\/2024\/03\/Talkpal-Logo-Icon.png","width":2880,"height":2880,"caption":"Talkpal, Inc."},"image":{"@id":"https:\/\/talkpal.ai\/hr\/#\/schema\/logo\/image\/"},"sameAs":["https:\/\/www.facebook.com\/profile.php?id=100090733639311","https:\/\/x.com\/talkpalai","https:\/\/www.linkedin.com\/company\/talkpal\/","https:\/\/www.youtube.com\/@TalkPal\/","https:\/\/www.tiktok.com\/@talkpal","https:\/\/www.instagram.com\/talkpal_ai\/","https:\/\/www.crunchbase.com\/organization\/talkpal-9cde","https:\/\/www.g2.com\/products\/talkpal-for-business\/","https:\/\/www.trustpilot.com\/review\/talkpal.ai","https:\/\/www.capterra.com\/p\/10006800\/TalkPal\/"],"description":"Talkpal is a language learning web and mobile education app, powered by the latest AI technologies, that provides engaging experiences to its customers in many different languages to help them improve their language skills. Users can chat about unlimited amount of topics with the app and use other modes to practice their language learning.","email":"support@talkpal.ai","legalName":"Talkpal, Inc.","foundingDate":"2023-04-03","duns":"118989042","numberOfEmployees":{"@type":"QuantitativeValue","minValue":"11","maxValue":"50"},"publishingPrinciples":"https:\/\/talkpal.ai\/publishing-principles\/","actionableFeedbackPolicy":"https:\/\/talkpal.ai\/actionable-feedback-policy\/","correctionsPolicy":"https:\/\/talkpal.ai\/corrections-policy\/","ethicsPolicy":"https:\/\/talkpal.ai\/ethics-policy\/","diversityPolicy":"https:\/\/talkpal.ai\/diversity-policy\/","diversityStaffingReport":"https:\/\/talkpal.ai\/diversity-policy\/"}]}},"_links":{"self":[{"href":"https:\/\/talkpal.ai\/hr\/wp-json\/wp\/v2\/pages\/166751","targetHints":{"allow":["GET"]}}],"collection":[{"href":"https:\/\/talkpal.ai\/hr\/wp-json\/wp\/v2\/pages"}],"about":[{"href":"https:\/\/talkpal.ai\/hr\/wp-json\/wp\/v2\/types\/page"}],"author":[{"embeddable":true,"href":"https:\/\/talkpal.ai\/hr\/wp-json\/wp\/v2\/users\/1"}],"replies":[{"embeddable":true,"href":"https:\/\/talkpal.ai\/hr\/wp-json\/wp\/v2\/comments?post=166751"}],"version-history":[{"count":0,"href":"https:\/\/talkpal.ai\/hr\/wp-json\/wp\/v2\/pages\/166751\/revisions"}],"wp:featuredmedia":[{"embeddable":true,"href":"https:\/\/talkpal.ai\/hr\/wp-json\/wp\/v2\/media\/197948"}],"wp:attachment":[{"href":"https:\/\/talkpal.ai\/hr\/wp-json\/wp\/v2\/media?parent=166751"}],"curies":[{"name":"wp","href":"https:\/\/api.w.org\/{rel}","templated":true}]}}