{"id":166579,"date":"2023-06-16T10:58:35","date_gmt":"2023-06-16T10:58:35","guid":{"rendered":"http:\/\/talkpal.ai\/ruske-gramaticke-vjezbe\/"},"modified":"2025-12-17T16:24:47","modified_gmt":"2025-12-17T16:24:47","slug":"ruske-gramaticke-vjezbe","status":"publish","type":"page","link":"https:\/\/talkpal.ai\/hr\/ruske-gramaticke-vjezbe\/","title":{"rendered":"Ruske gramati\u010dke vje\u017ebe"},"content":{"rendered":"\r\n\r\n\r\n<section class=\"languageChallengeSection\">\r\n    <div class=\"languageInfoWrapper\">\r\n        \r\n        <h1>Ruske gramati\u010dke vje\u017ebe<\/h1>\r\n        <p>Spremni ste usavr\u0161iti svoje znanje ruskog jezika? Vje\u017ebanje gramati\u010dkih vje\u017ebi jedan je od najboljih na\u010dina za svladavanje re\u010deni\u010dne strukture, konjugacija glagola i jedinstvenih pravila ruskog jezika. Po\u010dnite istra\u017eivati \u200b\u200brusku gramatiku ve\u0107 danas i gledajte kako va\u0161e razumijevanje i te\u010dnost rastu sa svakom vje\u017ebom!<\/p>\r\n\r\n                            <a class=\"getStartedHidden\" href=\"https:\/\/app.talkpal.ai\/hr\/signup?lng=\">Zapo\u010dni<\/a>\r\n        \r\n    <\/div>\r\n\r\n    <figure>\r\n    <img decoding=\"async\" width=\"768\" height=\"768\" src=\"https:\/\/talkpal.ai\/wp-content\/uploads\/2023\/06\/russian-768x768.png\" class=\"languageImage no-lazy\" alt=\"Language learning for multicultural understanding\" fetchpriority=\"high\" sizes=\"(max-width: 768px) 150px, 768px\" srcset=\"https:\/\/talkpal.ai\/wp-content\/uploads\/2023\/06\/russian-768x768.png 768w, https:\/\/talkpal.ai\/wp-content\/uploads\/2023\/06\/russian-300x300.png 300w\" \/>\r\n    \r\n\r\n    <\/figure>\r\n\r\n            <a class=\"getStartedVisible\" href=\"https:\/\/app.talkpal.ai\/hr\/signup?lng=\">Zapo\u010dni<\/a>\r\n    \r\n<\/section>\r\n\r\n\r\n<!-- <section class=\"grammarSection\">\r\n    <div class=\"grammarLinks\">\r\n            <\/div>\r\n<\/section> -->\r\n\r\n\r\n\r\n\r\n<section class=\"promotionalBanner\">\r\n    <p class=\"promotionalText\">Naju\u010dinkovitiji na\u010din u\u010denja jezika<\/p>\r\n    <a class=\"promotionalLink\" href=\"https:\/\/app.talkpal.ai\/hr\/signup?lng=\">Isprobajte Talkpal besplatno<\/a>\r\n<\/section>\n<div class=\"wp-block-group pageContainerStyle\"><div class=\"wp-block-group__inner-container is-layout-constrained wp-block-group-is-layout-constrained\">\n<h2 class=\"wp-block-heading\" id=\"h-russian-grammar-topics\">Ruske gramati\u010dke teme<\/h2>\n\n\n\n<p>U\u010denje ruskog jezika mo\u017ee biti nevjerojatno korisno i intelektualno poticajno iskustvo. <a href=\"https:\/\/talkpal.ai\/hr\/ucenje-ruskog-jezika\/\">Ruski jezik<\/a> nije samo bogat vokabularom i izra\u017eajnom mo\u0107i, ve\u0107 pru\u017ea i prozor u fascinantnu kulturu, povijest i knji\u017eevnost Rusije i biv\u0161eg Sovjetskog Saveza. Dok kre\u0107ete na svoje putovanje kako biste nau\u010dili <a href=\"https:\/\/talkpal.ai\/hr\/ucenje-ruskog-jezika\/\">ruski jezik<\/a>, va\u017eno je upoznati se s raznim gramati\u010dkim temama koje \u0107e biti temelj va\u0161ih jezi\u010dnih vje\u0161tina. U ovom \u0107emo vodi\u010du pru\u017eiti pregled bitnih ruskih gramati\u010dkih tema, uklju\u010duju\u0107i vremena, glagole, imenice, \u010dlanke, zamjenice, pridjeve, priloge, prijedloge i strukturu re\u010denica. Savladavanjem ovih osnova, bit \u0107ete na dobrom putu da postignete te\u010dnost ruskog jezika.<\/p>\n\n\n\n<h3 class=\"wp-block-heading\" id=\"h-1-nouns\">1. Imenice:<\/h3>\n\n\n\n<p><a href=\"https:\/\/talkpal.ai\/ko\/ai-%ec%96%b8%ec%96%b4-%ea%b5%90%ec%82%ac\/\">Zapo\u010dnite<\/a> u\u010denjem ruskih imenica, jer su to osnovni gra\u0111evni blokovi jezika. Ruske imenice imaju tri spola (mu\u0161ki, \u017eenski i kastrirani) i \u0161est slu\u010dajeva (nominativni, genitivni, dativni, akuzativni, instrumentalni i prijedlo\u017eni). Razumijevanje spola i sustava slu\u010dajeva klju\u010dno je za pravilnu uporabu imenica u re\u010denicama.<\/p>\n\n\n\n<h3 class=\"wp-block-heading\" id=\"h-2-pronouns\">2. Zamjenice:<\/h3>\n\n\n\n<p>Nakon \u0161to se upoznate s imenicama, prije\u0111ite na zamjenice koje zamjenjuju imenice u re\u010denicama kako bi se izbjeglo ponavljanje. Zamjenice tako\u0111er imaju rodove i pade\u017ee i va\u017eno je nau\u010diti njihove oblike i upotrebu.<\/p>\n\n\n\n<h3 class=\"wp-block-heading\" id=\"h-3-adjectives\">3. Pridjevi:<\/h3>\n\n\n\n<p>Pridjevi opisuju ili mijenjaju imenice i zamjenice. Sla\u017eu se s imenicama koje mijenjaju u spolu, broju i slu\u010daju. Nau\u010dite razli\u010dite oblike i zavr\u0161etke pridjeva kako biste ih pravilno koristili.<\/p>\n\n\n\n<h3 class=\"wp-block-heading\" id=\"h-4-verbs\">4. Glagoli:<\/h3>\n\n\n\n<p>Glagoli su okosnica svake re\u010denice jer izra\u017eavaju radnje, stanja ili pojavljivanja. Na ruskom jeziku glagoli imaju dva aspekta (savr\u0161eni i nesavr\u0161eni) i konjugiraju prema osobi, broju i vremenu. Upoznajte se s uzorcima konjugacije i aspektima kako biste oblikovali to\u010dne glagolske oblike.<\/p>\n\n\n\n<h3 class=\"wp-block-heading\" id=\"h-5-tenses-indicative\">5. Indikativna vremena:<\/h3>\n\n\n\n<p><a href=\"https:\/\/talkpal.ai\/learn-russian\/\">Ruski<\/a> ima tri indikativna vremena: pro\u0161lo, sada\u0161nje i budu\u0107e. Saznajte kako oblikovati i koristiti ta vremena za izra\u017eavanje radnji i doga\u0111aja u razli\u010ditim vremenskim okvirima.<\/p>\n\n\n\n<h3 class=\"wp-block-heading\" id=\"h-6-tenses-subjunctive\">6. Vremena konjunktivna:<\/h3>\n\n\n\n<p>Konjunktivno raspolo\u017eenje izra\u017eava hipotetske situacije, \u017eelje ili nestvarne uvjete. Nau\u010dite kako formirati <a href=\"https:\/\/talkpal.ai\/ja\/grammar_exercises\/konjunktiv-%e3%83%89%e3%82%a4%e3%83%84%e6%96%87%e6%b3%95%e3%81%ae%e6%bc%94%e7%bf%92\/\">konjunktiv<\/a> na ruskom jeziku i kada ga koristiti u re\u010denicama.<\/p>\n\n\n\n<h3 class=\"wp-block-heading\" id=\"h-7-tense-comparison\">7. Napeta usporedba:<\/h3>\n\n\n\n<p>Razumijevanje usporedbe i kontrasta djelovanja u razli\u010ditim vremenima klju\u010dno je za jasnu komunikaciju. Vje\u017ebajte zajedni\u010dko kori\u0161tenje razli\u010ditih vremena kako biste izrazili slo\u017eene misli i ideje.<\/p>\n\n\n\n<h3 class=\"wp-block-heading\" id=\"h-8-adverbs\">8. Prilozi:<\/h3>\n\n\n\n<p>Prilozi mijenjaju glagole, pridjeve ili druge priloge, pru\u017eaju\u0107i informacije o tome kako, kada, gdje ili u kojoj mjeri se radnja doga\u0111a. Nau\u010dite uobi\u010dajene ruske priloge i njihovu upotrebu za pobolj\u0161anje re\u010denica.<\/p>\n\n\n\n<h3 class=\"wp-block-heading\" id=\"h-9-prepositions\">9. Prijedlozi:<\/h3>\n\n\n\n<p>Prijedlozi povezuju imenice, zamjenice ili izraze s drugim rije\u010dima unutar re\u010denice, ukazuju\u0107i na odnose kao \u0161to su mjesto, smjer, vrijeme ili svrha. Upoznajte se s ruskim prijedlozima i njihovim odgovaraju\u0107im slu\u010dajevima kako biste konstruirali gramati\u010dki ispravne re\u010denice.<\/p>\n\n\n\n<h3 class=\"wp-block-heading\" id=\"h-10-sentence-structure\">10. Struktura re\u010denice:<\/h3>\n\n\n\n<p>Kona\u010dno, nau\u010dite osnove ruske strukture re\u010denica, uklju\u010duju\u0107i redoslijed rije\u010di, negaciju i formiranje pitanja. Razumijevanje kako pravilno konstruirati re\u010denice osigurat \u0107e da je va\u0161 govorni i pisani <a href=\"https:\/\/talkpal.ai\/learn-russian\/\">ruski<\/a> jasan i razumljiv.<\/p>\n\n\n\n<p>Slijede\u0107i ovaj slijed i posve\u0107uju\u0107i vrijeme svakoj gramati\u010dkoj temi, razvit \u0107ete sna\u017ene temelje na ruskom jeziku, omogu\u0107uju\u0107i vam u\u010dinkovitu komunikaciju i cijeniti ljepotu i dubinu jezika.<\/p>\n<\/div><\/div>\n\r\n<section class=\"learnNavigationSection\">\r\n            \r\n        <a href=\"https:\/\/talkpal.ai\/hr\/ucenje-ruskog-jezika\/\">\r\n            <div class=\"learnNavigationWrapper\">\r\n                <div class=\"learnNavigationContent\">\r\n                    <img decoding=\"async\" src=\"https:\/\/talkpal.ai\/wp-content\/uploads\/2024\/08\/Russian.jpg\" alt=\"Russian Flag\">\r\n                    <div>\r\n                        <h4>O u\u010denju ruskog<\/h4>\r\n                        <p>Saznajte sve o ruskoj gramatici.<\/p>\r\n                    <\/div>\r\n                <\/div>\r\n            <\/div>\r\n        <\/a>\r\n\r\n        \r\n        <a href=\"https:\/\/talkpal.ai\/hr\/ruska-gramatika\/\">\r\n            <div class=\"learnNavigationWrapper\">\r\n                <div class=\"learnNavigationContent\">\r\n                    <img decoding=\"async\" src=\"https:\/\/talkpal.ai\/wp-content\/uploads\/2024\/08\/Russian.jpg\" alt=\"Russian Flag\">\r\n                    <div>\r\n                        <h4>Lekcije ruske gramatike<\/h4>\r\n                        <p>Vje\u017ebajte rusku gramatiku.<\/p>\r\n                    <\/div>\r\n                <\/div>\r\n            <\/div>\r\n        <\/a>\r\n\r\n        \r\n        <a href=\"https:\/\/talkpal.ai\/vocabulary_language\/russian\/\">\r\n            <div class=\"learnNavigationWrapper\">\r\n                <div class=\"learnNavigationContent\">\r\n                    <img decoding=\"async\" src=\"https:\/\/talkpal.ai\/wp-content\/uploads\/2024\/08\/Russian.jpg\" alt=\"Russian Flag\">\r\n                    <div>\r\n                        <h4>Ruski rje\u010dnik<\/h4>\r\n                        <p>Pro\u0161irite svoj ruski vokabular.<\/p>\r\n                    <\/div>\r\n                <\/div>\r\n            <\/div>\r\n        <\/a>\r\n\r\n            <\/section>","protected":false},"excerpt":{"rendered":"<p>Ruske gramati\u010dke teme U\u010denje ruskog jezika mo\u017ee biti nevjerojatno korisno i intelektualno poticajno iskustvo. Ruski jezik nije samo bogat vokabularom i izra\u017eajnom mo\u0107i, ve\u0107 pru\u017ea i prozor u fascinantnu kulturu, povijest i knji\u017eevnost Rusije i biv\u0161eg Sovjetskog Saveza. Dok kre\u0107ete na svoje putovanje kako biste nau\u010dili ruski jezik, va\u017eno je upoznati se s raznim gramati\u010dkim [&hellip;]<\/p>\n","protected":false},"author":6,"featured_media":107977,"parent":0,"menu_order":0,"comment_status":"closed","ping_status":"closed","template":"LearningContentPage.php","meta":{"_acf_changed":false,"footnotes":""},"class_list":["post-166579","page","type-page","status-publish","has-post-thumbnail","hentry"],"acf":[],"yoast_head":"<!-- This site is optimized with the Yoast SEO Premium plugin v27.2 (Yoast SEO v27.2) - https:\/\/yoast.com\/product\/yoast-seo-premium-wordpress\/ -->\n<title>Ruske gramati\u010dke vje\u017ebe - Talkpal<\/title>\n<meta name=\"description\" content=\"Istra\u017eite bitne vje\u017ebe iz ruske gramatike kako biste oja\u010dali svoje jezi\u010dne vje\u0161tine i postigli te\u010dnost u ruskom jeziku.\" \/>\n<meta name=\"robots\" content=\"index, follow, max-snippet:-1, max-image-preview:large, max-video-preview:-1\" \/>\n<link rel=\"canonical\" href=\"https:\/\/talkpal.ai\/hr\/ruske-gramaticke-vjezbe\/\" \/>\n<meta property=\"og:locale\" content=\"hr_HR\" \/>\n<meta property=\"og:type\" content=\"article\" \/>\n<meta property=\"og:title\" content=\"Ruske gramati\u010dke vje\u017ebe\" \/>\n<meta property=\"og:description\" content=\"Ruske gramati\u010dke teme U\u010denje ruskog jezika mo\u017ee biti nevjerojatno korisno i intelektualno poticajno iskustvo. Ruski jezik nije samo bogat vokabularom i\" \/>\n<meta property=\"og:url\" content=\"https:\/\/talkpal.ai\/hr\/ruske-gramaticke-vjezbe\/\" \/>\n<meta property=\"og:site_name\" content=\"Talkpal\" \/>\n<meta property=\"article:publisher\" content=\"https:\/\/www.facebook.com\/profile.php?id=100090733639311\" \/>\n<meta property=\"article:modified_time\" content=\"2025-12-17T16:24:47+00:00\" \/>\n<meta property=\"og:image\" content=\"https:\/\/talkpal.ai\/wp-content\/uploads\/2023\/04\/rusia.png\" \/>\n\t<meta property=\"og:image:width\" content=\"512\" \/>\n\t<meta property=\"og:image:height\" content=\"512\" \/>\n\t<meta property=\"og:image:type\" content=\"image\/png\" \/>\n<meta name=\"twitter:card\" content=\"summary_large_image\" \/>\n<meta name=\"twitter:site\" content=\"@talkpalai\" \/>\n<meta name=\"twitter:label1\" content=\"Procijenjeno vrijeme \u010ditanja\" \/>\n\t<meta name=\"twitter:data1\" content=\"3 minute\" \/>\n<script type=\"application\/ld+json\" class=\"yoast-schema-graph\">{\"@context\":\"https:\/\/schema.org\",\"@graph\":[{\"@type\":\"WebPage\",\"@id\":\"https:\/\/talkpal.ai\/hr\/ruske-gramaticke-vjezbe\/\",\"url\":\"https:\/\/talkpal.ai\/hr\/ruske-gramaticke-vjezbe\/\",\"name\":\"Ruske gramati\u010dke vje\u017ebe - Talkpal\",\"isPartOf\":{\"@id\":\"https:\/\/talkpal.ai\/hr\/#website\"},\"primaryImageOfPage\":{\"@id\":\"https:\/\/talkpal.ai\/hr\/ruske-gramaticke-vjezbe\/#primaryimage\"},\"image\":{\"@id\":\"https:\/\/talkpal.ai\/hr\/ruske-gramaticke-vjezbe\/#primaryimage\"},\"thumbnailUrl\":\"https:\/\/talkpal.ai\/wp-content\/uploads\/2023\/04\/rusia.png\",\"datePublished\":\"2023-06-16T10:58:35+00:00\",\"dateModified\":\"2025-12-17T16:24:47+00:00\",\"description\":\"Istra\u017eite bitne vje\u017ebe iz ruske gramatike kako biste oja\u010dali svoje jezi\u010dne vje\u0161tine i postigli te\u010dnost u ruskom jeziku.\",\"breadcrumb\":{\"@id\":\"https:\/\/talkpal.ai\/hr\/ruske-gramaticke-vjezbe\/#breadcrumb\"},\"inLanguage\":\"hr\",\"potentialAction\":[{\"@type\":\"ReadAction\",\"target\":[\"https:\/\/talkpal.ai\/hr\/ruske-gramaticke-vjezbe\/\"]}]},{\"@type\":\"ImageObject\",\"inLanguage\":\"hr\",\"@id\":\"https:\/\/talkpal.ai\/hr\/ruske-gramaticke-vjezbe\/#primaryimage\",\"url\":\"https:\/\/talkpal.ai\/wp-content\/uploads\/2023\/04\/rusia.png\",\"contentUrl\":\"https:\/\/talkpal.ai\/wp-content\/uploads\/2023\/04\/rusia.png\",\"width\":512,\"height\":512},{\"@type\":\"BreadcrumbList\",\"@id\":\"https:\/\/talkpal.ai\/hr\/ruske-gramaticke-vjezbe\/#breadcrumb\",\"itemListElement\":[{\"@type\":\"ListItem\",\"position\":1,\"name\":\"Homepage\",\"item\":\"https:\/\/talkpal.ai\/hr\/\"},{\"@type\":\"ListItem\",\"position\":2,\"name\":\"Ruske gramati\u010dke vje\u017ebe\"}]},{\"@type\":\"WebSite\",\"@id\":\"https:\/\/talkpal.ai\/hr\/#website\",\"url\":\"https:\/\/talkpal.ai\/hr\/\",\"name\":\"Talkpal\",\"description\":\"AI Language Learning\",\"publisher\":{\"@id\":\"https:\/\/talkpal.ai\/hr\/#organization\"},\"alternateName\":\"Talkpal AI\",\"potentialAction\":[{\"@type\":\"SearchAction\",\"target\":{\"@type\":\"EntryPoint\",\"urlTemplate\":\"https:\/\/talkpal.ai\/hr\/?s={search_term_string}\"},\"query-input\":{\"@type\":\"PropertyValueSpecification\",\"valueRequired\":true,\"valueName\":\"search_term_string\"}}],\"inLanguage\":\"hr\"},{\"@type\":\"Organization\",\"@id\":\"https:\/\/talkpal.ai\/hr\/#organization\",\"name\":\"Talkpal, Inc.\",\"alternateName\":\"Talkpal AI\",\"url\":\"https:\/\/talkpal.ai\/hr\/\",\"logo\":{\"@type\":\"ImageObject\",\"inLanguage\":\"hr\",\"@id\":\"https:\/\/talkpal.ai\/hr\/#\/schema\/logo\/image\/\",\"url\":\"https:\/\/talkpal.ai\/wp-content\/uploads\/2024\/03\/Talkpal-Logo-Icon.png\",\"contentUrl\":\"https:\/\/talkpal.ai\/wp-content\/uploads\/2024\/03\/Talkpal-Logo-Icon.png\",\"width\":2880,\"height\":2880,\"caption\":\"Talkpal, Inc.\"},\"image\":{\"@id\":\"https:\/\/talkpal.ai\/hr\/#\/schema\/logo\/image\/\"},\"sameAs\":[\"https:\/\/www.facebook.com\/profile.php?id=100090733639311\",\"https:\/\/x.com\/talkpalai\",\"https:\/\/www.linkedin.com\/company\/talkpal\/\",\"https:\/\/www.youtube.com\/@TalkPal\/\",\"https:\/\/www.tiktok.com\/@talkpal\",\"https:\/\/www.instagram.com\/talkpal_ai\/\",\"https:\/\/www.crunchbase.com\/organization\/talkpal-9cde\",\"https:\/\/www.g2.com\/products\/talkpal-for-business\/\",\"https:\/\/www.trustpilot.com\/review\/talkpal.ai\",\"https:\/\/www.capterra.com\/p\/10006800\/TalkPal\/\"],\"description\":\"Talkpal is a language learning web and mobile education app, powered by the latest AI technologies, that provides engaging experiences to its customers in many different languages to help them improve their language skills. Users can chat about unlimited amount of topics with the app and use other modes to practice their language learning.\",\"email\":\"support@talkpal.ai\",\"legalName\":\"Talkpal, Inc.\",\"foundingDate\":\"2023-04-03\",\"duns\":\"118989042\",\"numberOfEmployees\":{\"@type\":\"QuantitativeValue\",\"minValue\":\"11\",\"maxValue\":\"50\"},\"publishingPrinciples\":\"https:\/\/talkpal.ai\/publishing-principles\/\",\"actionableFeedbackPolicy\":\"https:\/\/talkpal.ai\/actionable-feedback-policy\/\",\"correctionsPolicy\":\"https:\/\/talkpal.ai\/corrections-policy\/\",\"ethicsPolicy\":\"https:\/\/talkpal.ai\/ethics-policy\/\",\"diversityPolicy\":\"https:\/\/talkpal.ai\/diversity-policy\/\",\"diversityStaffingReport\":\"https:\/\/talkpal.ai\/diversity-policy\/\"}]}<\/script>\n<!-- \/ Yoast SEO Premium plugin. -->","yoast_head_json":{"title":"Ruske gramati\u010dke vje\u017ebe - Talkpal","description":"Istra\u017eite bitne vje\u017ebe iz ruske gramatike kako biste oja\u010dali svoje jezi\u010dne vje\u0161tine i postigli te\u010dnost u ruskom jeziku.","robots":{"index":"index","follow":"follow","max-snippet":"max-snippet:-1","max-image-preview":"max-image-preview:large","max-video-preview":"max-video-preview:-1"},"canonical":"https:\/\/talkpal.ai\/hr\/ruske-gramaticke-vjezbe\/","og_locale":"hr_HR","og_type":"article","og_title":"Ruske gramati\u010dke vje\u017ebe","og_description":"Ruske gramati\u010dke teme U\u010denje ruskog jezika mo\u017ee biti nevjerojatno korisno i intelektualno poticajno iskustvo. Ruski jezik nije samo bogat vokabularom i","og_url":"https:\/\/talkpal.ai\/hr\/ruske-gramaticke-vjezbe\/","og_site_name":"Talkpal","article_publisher":"https:\/\/www.facebook.com\/profile.php?id=100090733639311","article_modified_time":"2025-12-17T16:24:47+00:00","og_image":[{"width":512,"height":512,"url":"https:\/\/talkpal.ai\/wp-content\/uploads\/2023\/04\/rusia.png","type":"image\/png"}],"twitter_card":"summary_large_image","twitter_site":"@talkpalai","twitter_misc":{"Procijenjeno vrijeme \u010ditanja":"3 minute"},"schema":{"@context":"https:\/\/schema.org","@graph":[{"@type":"WebPage","@id":"https:\/\/talkpal.ai\/hr\/ruske-gramaticke-vjezbe\/","url":"https:\/\/talkpal.ai\/hr\/ruske-gramaticke-vjezbe\/","name":"Ruske gramati\u010dke vje\u017ebe - Talkpal","isPartOf":{"@id":"https:\/\/talkpal.ai\/hr\/#website"},"primaryImageOfPage":{"@id":"https:\/\/talkpal.ai\/hr\/ruske-gramaticke-vjezbe\/#primaryimage"},"image":{"@id":"https:\/\/talkpal.ai\/hr\/ruske-gramaticke-vjezbe\/#primaryimage"},"thumbnailUrl":"https:\/\/talkpal.ai\/wp-content\/uploads\/2023\/04\/rusia.png","datePublished":"2023-06-16T10:58:35+00:00","dateModified":"2025-12-17T16:24:47+00:00","description":"Istra\u017eite bitne vje\u017ebe iz ruske gramatike kako biste oja\u010dali svoje jezi\u010dne vje\u0161tine i postigli te\u010dnost u ruskom jeziku.","breadcrumb":{"@id":"https:\/\/talkpal.ai\/hr\/ruske-gramaticke-vjezbe\/#breadcrumb"},"inLanguage":"hr","potentialAction":[{"@type":"ReadAction","target":["https:\/\/talkpal.ai\/hr\/ruske-gramaticke-vjezbe\/"]}]},{"@type":"ImageObject","inLanguage":"hr","@id":"https:\/\/talkpal.ai\/hr\/ruske-gramaticke-vjezbe\/#primaryimage","url":"https:\/\/talkpal.ai\/wp-content\/uploads\/2023\/04\/rusia.png","contentUrl":"https:\/\/talkpal.ai\/wp-content\/uploads\/2023\/04\/rusia.png","width":512,"height":512},{"@type":"BreadcrumbList","@id":"https:\/\/talkpal.ai\/hr\/ruske-gramaticke-vjezbe\/#breadcrumb","itemListElement":[{"@type":"ListItem","position":1,"name":"Homepage","item":"https:\/\/talkpal.ai\/hr\/"},{"@type":"ListItem","position":2,"name":"Ruske gramati\u010dke vje\u017ebe"}]},{"@type":"WebSite","@id":"https:\/\/talkpal.ai\/hr\/#website","url":"https:\/\/talkpal.ai\/hr\/","name":"Talkpal","description":"AI Language Learning","publisher":{"@id":"https:\/\/talkpal.ai\/hr\/#organization"},"alternateName":"Talkpal AI","potentialAction":[{"@type":"SearchAction","target":{"@type":"EntryPoint","urlTemplate":"https:\/\/talkpal.ai\/hr\/?s={search_term_string}"},"query-input":{"@type":"PropertyValueSpecification","valueRequired":true,"valueName":"search_term_string"}}],"inLanguage":"hr"},{"@type":"Organization","@id":"https:\/\/talkpal.ai\/hr\/#organization","name":"Talkpal, Inc.","alternateName":"Talkpal AI","url":"https:\/\/talkpal.ai\/hr\/","logo":{"@type":"ImageObject","inLanguage":"hr","@id":"https:\/\/talkpal.ai\/hr\/#\/schema\/logo\/image\/","url":"https:\/\/talkpal.ai\/wp-content\/uploads\/2024\/03\/Talkpal-Logo-Icon.png","contentUrl":"https:\/\/talkpal.ai\/wp-content\/uploads\/2024\/03\/Talkpal-Logo-Icon.png","width":2880,"height":2880,"caption":"Talkpal, Inc."},"image":{"@id":"https:\/\/talkpal.ai\/hr\/#\/schema\/logo\/image\/"},"sameAs":["https:\/\/www.facebook.com\/profile.php?id=100090733639311","https:\/\/x.com\/talkpalai","https:\/\/www.linkedin.com\/company\/talkpal\/","https:\/\/www.youtube.com\/@TalkPal\/","https:\/\/www.tiktok.com\/@talkpal","https:\/\/www.instagram.com\/talkpal_ai\/","https:\/\/www.crunchbase.com\/organization\/talkpal-9cde","https:\/\/www.g2.com\/products\/talkpal-for-business\/","https:\/\/www.trustpilot.com\/review\/talkpal.ai","https:\/\/www.capterra.com\/p\/10006800\/TalkPal\/"],"description":"Talkpal is a language learning web and mobile education app, powered by the latest AI technologies, that provides engaging experiences to its customers in many different languages to help them improve their language skills. Users can chat about unlimited amount of topics with the app and use other modes to practice their language learning.","email":"support@talkpal.ai","legalName":"Talkpal, Inc.","foundingDate":"2023-04-03","duns":"118989042","numberOfEmployees":{"@type":"QuantitativeValue","minValue":"11","maxValue":"50"},"publishingPrinciples":"https:\/\/talkpal.ai\/publishing-principles\/","actionableFeedbackPolicy":"https:\/\/talkpal.ai\/actionable-feedback-policy\/","correctionsPolicy":"https:\/\/talkpal.ai\/corrections-policy\/","ethicsPolicy":"https:\/\/talkpal.ai\/ethics-policy\/","diversityPolicy":"https:\/\/talkpal.ai\/diversity-policy\/","diversityStaffingReport":"https:\/\/talkpal.ai\/diversity-policy\/"}]}},"_links":{"self":[{"href":"https:\/\/talkpal.ai\/hr\/wp-json\/wp\/v2\/pages\/166579","targetHints":{"allow":["GET"]}}],"collection":[{"href":"https:\/\/talkpal.ai\/hr\/wp-json\/wp\/v2\/pages"}],"about":[{"href":"https:\/\/talkpal.ai\/hr\/wp-json\/wp\/v2\/types\/page"}],"author":[{"embeddable":true,"href":"https:\/\/talkpal.ai\/hr\/wp-json\/wp\/v2\/users\/6"}],"replies":[{"embeddable":true,"href":"https:\/\/talkpal.ai\/hr\/wp-json\/wp\/v2\/comments?post=166579"}],"version-history":[{"count":0,"href":"https:\/\/talkpal.ai\/hr\/wp-json\/wp\/v2\/pages\/166579\/revisions"}],"wp:featuredmedia":[{"embeddable":true,"href":"https:\/\/talkpal.ai\/hr\/wp-json\/wp\/v2\/media\/107977"}],"wp:attachment":[{"href":"https:\/\/talkpal.ai\/hr\/wp-json\/wp\/v2\/media?parent=166579"}],"curies":[{"name":"wp","href":"https:\/\/api.w.org\/{rel}","templated":true}]}}