{"id":166218,"date":"2023-06-16T11:31:43","date_gmt":"2023-06-16T11:31:43","guid":{"rendered":"http:\/\/talkpal.ai\/armenske-gramaticke-vjezbe\/"},"modified":"2025-05-22T19:39:10","modified_gmt":"2025-05-22T19:39:10","slug":"armenske-gramaticke-vjezbe","status":"publish","type":"page","link":"https:\/\/talkpal.ai\/hr\/armenske-gramaticke-vjezbe\/","title":{"rendered":"Armenske gramati\u010dke vje\u017ebe"},"content":{"rendered":"\r\n\r\n\r\n<section class=\"languageChallengeSection\">\r\n    <div class=\"languageInfoWrapper\">\r\n        \r\n        <h1>Armenske gramati\u010dke vje\u017ebe<\/h1>\r\n        <p>Upoznajmo armensku gramatiku uz nekoliko jednostavnih i zabavnih vje\u017ebi! Ove aktivnosti \u0107e vam pomo\u0107i da se naviknete na osnove i pru\u017eiti vam odli\u010dan po\u010detak na va\u0161em putu u\u010denja.<\/p>\r\n\r\n                            <a class=\"getStartedHidden\" href=\"https:\/\/app.talkpal.ai\/hr\/signup?lng=\">Zapo\u010dni<\/a>\r\n        \r\n    <\/div>\r\n\r\n    <figure>\r\n    <img decoding=\"async\" width=\"768\" height=\"768\" src=\"https:\/\/talkpal.ai\/wp-content\/uploads\/2023\/06\/armenian-768x768.png\" class=\"languageImage no-lazy\" alt=\"Language learning for higher cognition\" fetchpriority=\"high\" sizes=\"(max-width: 768px) 150px, 768px\" srcset=\"https:\/\/talkpal.ai\/wp-content\/uploads\/2023\/06\/armenian-768x768.png 768w, https:\/\/talkpal.ai\/wp-content\/uploads\/2023\/06\/armenian-300x300.png 300w\" \/>\r\n    \r\n\r\n    <\/figure>\r\n\r\n            <a class=\"getStartedVisible\" href=\"https:\/\/app.talkpal.ai\/hr\/signup?lng=\">Zapo\u010dni<\/a>\r\n    \r\n<\/section>\r\n\r\n\r\n<!-- <section class=\"grammarSection\">\r\n    <div class=\"grammarLinks\">\r\n            <\/div>\r\n<\/section> -->\r\n\r\n\r\n\r\n\r\n<section class=\"promotionalBanner\">\r\n    <p class=\"promotionalText\">Naju\u010dinkovitiji na\u010din u\u010denja jezika<\/p>\r\n    <a class=\"promotionalLink\" href=\"https:\/\/app.talkpal.ai\/hr\/signup?lng=\">Isprobajte Talkpal besplatno<\/a>\r\n<\/section>\n<div class=\"wp-block-group pageContainerStyle\"><div class=\"wp-block-group__inner-container is-layout-constrained wp-block-group-is-layout-constrained\">\n<h2 class=\"wp-block-heading\" id=\"h-armenian-grammar-topics\">Armenske gramati\u010dke teme<\/h2>\n\n\n\n<p><a href=\"https:\/\/talkpal.ai\/learn-armenian\/\">Armenski<\/a> je indoeuropski jezik koji se uglavnom govori u Republici Armeniji i armenskoj dijaspori \u0161irom svijeta. S dugom povije\u0161\u0107u i jedinstvenim sustavom pisanja, <a href=\"https:\/\/talkpal.ai\/learn-armenian\/\">armenski<\/a> nudi fascinantno jezi\u010dno iskustvo za u\u010denike jezika. Kao i kod svakog jezika, razumijevanje gramatike bitan je dio ovladavanja armenskim. Ovaj vodi\u010d pru\u017ea pregled klju\u010dnih armenskih gramati\u010dkih tema koje \u0107e vam pomo\u0107i da steknete \u010dvrste temelje na jeziku. Slijede\u0107i predlo\u017eeni slijed tema, mo\u0107i \u0107ete u\u010dinkovitije i u\u010dinkovitije u\u010diti <a href=\"https:\/\/talkpal.ai\/sl\/naucite-se-armenskega-jezika\/\">armenski jezik<\/a>.<\/p>\n\n\n\n<h3 class=\"wp-block-heading\" id=\"h-1-nouns\">1. Imenice:<\/h3>\n\n\n\n<p><a href=\"https:\/\/talkpal.ai\/ko\/ai-%ec%96%b8%ec%96%b4-%ea%b5%90%ec%82%ac\/\">Zapo\u010dnite<\/a> svoje armensko gramati\u010dko putovanje imenicama, okosnicom bilo kojeg jezika. Saznajte vi\u0161e o armenskim klasama imenica (uobi\u010dajenim i pravilnim), deklinaciji i slu\u010dajevima (nominativni, genitivni, dativni, akuzativni, ablativni, instrumentalni i lokativni). Razumijevanje funkcioniranja imenica na armenskom jeziku pru\u017eit \u0107e \u010dvrstu bazu za izgradnju re\u010denica.<\/p>\n\n\n\n<h3 class=\"wp-block-heading\" id=\"h-2-articles\">2. \u010clanci:<\/h3>\n\n\n\n<p>Armenski ima definitivne i neodre\u0111ene \u010dlanke, sli\u010dne engleskom. Saznajte kako ih pravilno koristiti s imenicama kako biste nazna\u010dili specifi\u010dnost i stvorili koherentne re\u010denice.<\/p>\n\n\n\n<h3 class=\"wp-block-heading\" id=\"h-3-adjectives\">3. Pridjevi:<\/h3>\n\n\n\n<p>Pridjevi su neophodni za opisivanje imenica. Prou\u010dite pravila za kori\u0161tenje pridjeva na armenskom, uklju\u010duju\u0107i dogovor s imenicama u spolu, broju i slu\u010daju.<\/p>\n\n\n\n<h3 class=\"wp-block-heading\" id=\"h-4-pronouns-determiners\">4. Zamjenice\/Odrediva\u010di:<\/h3>\n\n\n\n<p>Zamjenice zamjenjuju imenice u re\u010denicama, dok ih odre\u0111uju i kvantificiraju. Saznajte vi\u0161e o razli\u010ditim vrstama zamjenica (osobnih, posesivnih, demonstrativnih, relativnih, upitnih, refleksivnih) i odrediva\u010da na armenskom jeziku i njihovoj uporabi.<\/p>\n\n\n\n<h3 class=\"wp-block-heading\" id=\"h-5-verbs\">5. Glagoli:<\/h3>\n\n\n\n<p>Glagoli su akcijske rije\u010di jezika. Upoznajte se s armenskom konjugacijom glagola, pravilnim i nepravilnim glagolima i razli\u010ditim glagolskim oblicima (infinitiv, <a href=\"https:\/\/talkpal.ai\/ja\/grammar_exercises\/imperatif-%e3%83%95%e3%83%a9%e3%83%b3%e3%82%b9%e3%81%ae%e6%96%87%e6%b3%95%e3%81%ae%e3%81%9f%e3%82%81%e3%81%ae%e6%bc%94%e7%bf%92\/\">imperativ<\/a>, <a href=\"https:\/\/talkpal.ai\/ja\/grammar_exercises\/konjunktiv-%e3%83%89%e3%82%a4%e3%83%84%e6%96%87%e6%b3%95%e3%81%ae%e6%bc%94%e7%bf%92\/\">konjunktiv<\/a>).<\/p>\n\n\n\n<h3 class=\"wp-block-heading\" id=\"h-6-tenses\">6. Vrijeme:<\/h3>\n\n\n\n<p>Armenski ima \u010detiri glagolska vremena: sada\u0161njost, pro\u0161lost, budu\u0107nost i aorist. Prou\u010dite tvorbu i upotrebu svakog vremena, kao i razlike izme\u0111u jednostavnih i kontinuiranih oblika.<\/p>\n\n\n\n<h3 class=\"wp-block-heading\" id=\"h-7-tense-comparison\">7. Napeta usporedba:<\/h3>\n\n\n\n<p>Razumijevanje nijansi izme\u0111u razli\u010ditih vremena klju\u010dno je za u\u010dinkovitu komunikaciju. Nau\u010dite kako usporediti i usporediti armenska vremena kako biste to\u010dno prenijeli svoje namjeravano zna\u010denje.<\/p>\n\n\n\n<h3 class=\"wp-block-heading\" id=\"h-8-progressive\">8. Progresivno:<\/h3>\n\n\n\n<p>Progresivni aspekt na armenskom jeziku ukazuje na teku\u0107e akcije. Nau\u010dite kako oblikovati i koristiti progresivni aspekt u razli\u010ditim vremenima.<\/p>\n\n\n\n<h3 class=\"wp-block-heading\" id=\"h-9-perfect-progressive\">9. Savr\u0161en progresivan:<\/h3>\n\n\n\n<p>Savr\u0161eni progresiv kombinira savr\u0161ene i progresivne aspekte, ukazuju\u0107i na radnju <a href=\"https:\/\/talkpal.ai\/locations\/language-courses-in-koja\/\">koja<\/a> je zapo\u010dela u pro\u0161losti i nastavlja se u sada\u0161njosti. Nau\u010dite njegovo formiranje i uporabu na armenskom jeziku.<\/p>\n\n\n\n<h3 class=\"wp-block-heading\" id=\"h-10-adverbs\">10. Prilozi:<\/h3>\n\n\n\n<p>Prilozi mijenjaju glagole, pridjeve i druge priloge, pru\u017eaju\u0107i dodatne informacije o radnjama ili kvalitetama. Prou\u010dite razli\u010dite vrste priloga na armenskom jeziku i njihovo postavljanje u re\u010denice.<\/p>\n\n\n\n<h3 class=\"wp-block-heading\" id=\"h-11-prepositions\">11. Prijedlozi:<\/h3>\n\n\n\n<p>Prijedlozi na armenskom jeziku klju\u010dni su za ozna\u010davanje odnosa izme\u0111u rije\u010di, kao \u0161to su mjesto, smjer, vrijeme i uzrok. Nau\u010dite naj\u010de\u0161\u0107e armenske prijedloge i njihovu upotrebu.<\/p>\n\n\n\n<h3 class=\"wp-block-heading\" id=\"h-12-conditionals\">12. Uvjeti:<\/h3>\n\n\n\n<p>Uvjeti izra\u017eavaju hipotetske situacije i njihove mogu\u0107e ishode. Prou\u010dite razli\u010dite vrste uvjeta na armenskom (nula, prvo, drugo i tre\u0107e) i njihove odgovaraju\u0107e glagolske oblike.<\/p>\n\n\n\n<h3 class=\"wp-block-heading\" id=\"h-13-sentences\">13. Re\u010denice:<\/h3>\n\n\n\n<p>Kona\u010dno, spojite sve gramati\u010dke elemente kako biste oblikovali cjelovite re\u010denice na armenskom. Saznajte vi\u0161e o razli\u010ditim strukturama re\u010denica, redoslijedu rije\u010di i pravilima interpunkcije.<\/p>\n<\/div><\/div>\n\r\n<section class=\"learnNavigationSection\">\r\n            \r\n        <a href=\"https:\/\/talkpal.ai\/hr\/ucenje-armenskog-jezika\/\">\r\n            <div class=\"learnNavigationWrapper\">\r\n                <div class=\"learnNavigationContent\">\r\n                    <img decoding=\"async\" src=\"https:\/\/talkpal.ai\/wp-content\/uploads\/2024\/08\/Armenian.jpg\" alt=\"Armenian Flag\">\r\n                    <div>\r\n                        <h4>O armenskom u\u010denju<\/h4>\r\n                        <p>Saznajte sve o armenskoj gramatici.<\/p>\r\n                    <\/div>\r\n                <\/div>\r\n            <\/div>\r\n        <\/a>\r\n\r\n        \r\n        <a href=\"https:\/\/talkpal.ai\/hr\/armenska-gramatika\/\">\r\n            <div class=\"learnNavigationWrapper\">\r\n                <div class=\"learnNavigationContent\">\r\n                    <img decoding=\"async\" src=\"https:\/\/talkpal.ai\/wp-content\/uploads\/2024\/08\/Armenian.jpg\" alt=\"Armenian Flag\">\r\n                    <div>\r\n                        <h4>Lekcije armenske gramatike<\/h4>\r\n                        <p>Vje\u017ebajte armensku gramatiku.<\/p>\r\n                    <\/div>\r\n                <\/div>\r\n            <\/div>\r\n        <\/a>\r\n\r\n        \r\n        <a href=\"https:\/\/talkpal.ai\/vocabulary_language\/armenian\/\">\r\n            <div class=\"learnNavigationWrapper\">\r\n                <div class=\"learnNavigationContent\">\r\n                    <img decoding=\"async\" src=\"https:\/\/talkpal.ai\/wp-content\/uploads\/2024\/08\/Armenian.jpg\" alt=\"Armenian Flag\">\r\n                    <div>\r\n                        <h4>Armenski rje\u010dnik<\/h4>\r\n                        <p>Pro\u0161irite svoj armenski vokabular.<\/p>\r\n                    <\/div>\r\n                <\/div>\r\n            <\/div>\r\n        <\/a>\r\n\r\n            <\/section>","protected":false},"excerpt":{"rendered":"<p>Armenske gramati\u010dke teme Armenski je indoeuropski jezik koji se uglavnom govori u Republici Armeniji i armenskoj dijaspori \u0161irom svijeta. S dugom povije\u0161\u0107u i jedinstvenim sustavom pisanja, armenski nudi fascinantno jezi\u010dno iskustvo za u\u010denike jezika. Kao i kod svakog jezika, razumijevanje gramatike bitan je dio ovladavanja armenskim. Ovaj vodi\u010d pru\u017ea pregled klju\u010dnih armenskih gramati\u010dkih tema koje [&hellip;]<\/p>\n","protected":false},"author":6,"featured_media":109265,"parent":0,"menu_order":0,"comment_status":"closed","ping_status":"closed","template":"LearningContentPage.php","meta":{"_acf_changed":false,"footnotes":""},"class_list":["post-166218","page","type-page","status-publish","has-post-thumbnail","hentry"],"acf":[],"yoast_head":"<!-- This site is optimized with the Yoast SEO Premium plugin v27.2 (Yoast SEO v27.2) - https:\/\/yoast.com\/product\/yoast-seo-premium-wordpress\/ -->\n<title>Armenske gramati\u010dke vje\u017ebe - Talkpal<\/title>\n<meta name=\"description\" content=\"Savladajte armensku gramatiku uz zanimljive armenske gramati\u010dke vje\u017ebe koje je prilagodio Talkpal , va\u0161 u\u010ditelj jezika pokretan umjetnom inteligencijom.\" \/>\n<meta name=\"robots\" content=\"index, follow, max-snippet:-1, max-image-preview:large, max-video-preview:-1\" \/>\n<link rel=\"canonical\" href=\"https:\/\/talkpal.ai\/hr\/armenske-gramaticke-vjezbe\/\" \/>\n<meta property=\"og:locale\" content=\"hr_HR\" \/>\n<meta property=\"og:type\" content=\"article\" \/>\n<meta property=\"og:title\" content=\"Armenske gramati\u010dke vje\u017ebe\" \/>\n<meta property=\"og:description\" content=\"Armenske gramati\u010dke teme Armenski je indoeuropski jezik koji se uglavnom govori u Republici Armeniji i armenskoj dijaspori \u0161irom svijeta. S dugom\" \/>\n<meta property=\"og:url\" content=\"https:\/\/talkpal.ai\/hr\/armenske-gramaticke-vjezbe\/\" \/>\n<meta property=\"og:site_name\" content=\"Talkpal\" \/>\n<meta property=\"article:publisher\" content=\"https:\/\/www.facebook.com\/profile.php?id=100090733639311\" \/>\n<meta property=\"article:modified_time\" content=\"2025-05-22T19:39:10+00:00\" \/>\n<meta property=\"og:image\" content=\"https:\/\/talkpal.ai\/wp-content\/uploads\/2023\/05\/armenia.png\" \/>\n\t<meta property=\"og:image:width\" content=\"512\" \/>\n\t<meta property=\"og:image:height\" content=\"512\" \/>\n\t<meta property=\"og:image:type\" content=\"image\/png\" \/>\n<meta name=\"twitter:card\" content=\"summary_large_image\" \/>\n<meta name=\"twitter:site\" content=\"@talkpalai\" \/>\n<meta name=\"twitter:label1\" content=\"Procijenjeno vrijeme \u010ditanja\" \/>\n\t<meta name=\"twitter:data1\" content=\"3 minute\" \/>\n<script type=\"application\/ld+json\" class=\"yoast-schema-graph\">{\"@context\":\"https:\/\/schema.org\",\"@graph\":[{\"@type\":\"WebPage\",\"@id\":\"https:\/\/talkpal.ai\/hr\/armenske-gramaticke-vjezbe\/\",\"url\":\"https:\/\/talkpal.ai\/hr\/armenske-gramaticke-vjezbe\/\",\"name\":\"Armenske gramati\u010dke vje\u017ebe - Talkpal\",\"isPartOf\":{\"@id\":\"https:\/\/talkpal.ai\/hr\/#website\"},\"primaryImageOfPage\":{\"@id\":\"https:\/\/talkpal.ai\/hr\/armenske-gramaticke-vjezbe\/#primaryimage\"},\"image\":{\"@id\":\"https:\/\/talkpal.ai\/hr\/armenske-gramaticke-vjezbe\/#primaryimage\"},\"thumbnailUrl\":\"https:\/\/talkpal.ai\/wp-content\/uploads\/2023\/05\/armenia.png\",\"datePublished\":\"2023-06-16T11:31:43+00:00\",\"dateModified\":\"2025-05-22T19:39:10+00:00\",\"description\":\"Savladajte armensku gramatiku uz zanimljive armenske gramati\u010dke vje\u017ebe koje je prilagodio Talkpal , va\u0161 u\u010ditelj jezika pokretan umjetnom inteligencijom.\",\"breadcrumb\":{\"@id\":\"https:\/\/talkpal.ai\/hr\/armenske-gramaticke-vjezbe\/#breadcrumb\"},\"inLanguage\":\"hr\",\"potentialAction\":[{\"@type\":\"ReadAction\",\"target\":[\"https:\/\/talkpal.ai\/hr\/armenske-gramaticke-vjezbe\/\"]}]},{\"@type\":\"ImageObject\",\"inLanguage\":\"hr\",\"@id\":\"https:\/\/talkpal.ai\/hr\/armenske-gramaticke-vjezbe\/#primaryimage\",\"url\":\"https:\/\/talkpal.ai\/wp-content\/uploads\/2023\/05\/armenia.png\",\"contentUrl\":\"https:\/\/talkpal.ai\/wp-content\/uploads\/2023\/05\/armenia.png\",\"width\":512,\"height\":512},{\"@type\":\"BreadcrumbList\",\"@id\":\"https:\/\/talkpal.ai\/hr\/armenske-gramaticke-vjezbe\/#breadcrumb\",\"itemListElement\":[{\"@type\":\"ListItem\",\"position\":1,\"name\":\"Homepage\",\"item\":\"https:\/\/talkpal.ai\/hr\/\"},{\"@type\":\"ListItem\",\"position\":2,\"name\":\"Armenske gramati\u010dke vje\u017ebe\"}]},{\"@type\":\"WebSite\",\"@id\":\"https:\/\/talkpal.ai\/hr\/#website\",\"url\":\"https:\/\/talkpal.ai\/hr\/\",\"name\":\"Talkpal\",\"description\":\"AI Language Learning\",\"publisher\":{\"@id\":\"https:\/\/talkpal.ai\/hr\/#organization\"},\"alternateName\":\"Talkpal AI\",\"potentialAction\":[{\"@type\":\"SearchAction\",\"target\":{\"@type\":\"EntryPoint\",\"urlTemplate\":\"https:\/\/talkpal.ai\/hr\/?s={search_term_string}\"},\"query-input\":{\"@type\":\"PropertyValueSpecification\",\"valueRequired\":true,\"valueName\":\"search_term_string\"}}],\"inLanguage\":\"hr\"},{\"@type\":\"Organization\",\"@id\":\"https:\/\/talkpal.ai\/hr\/#organization\",\"name\":\"Talkpal, Inc.\",\"alternateName\":\"Talkpal AI\",\"url\":\"https:\/\/talkpal.ai\/hr\/\",\"logo\":{\"@type\":\"ImageObject\",\"inLanguage\":\"hr\",\"@id\":\"https:\/\/talkpal.ai\/hr\/#\/schema\/logo\/image\/\",\"url\":\"https:\/\/talkpal.ai\/wp-content\/uploads\/2024\/03\/Talkpal-Logo-Icon.png\",\"contentUrl\":\"https:\/\/talkpal.ai\/wp-content\/uploads\/2024\/03\/Talkpal-Logo-Icon.png\",\"width\":2880,\"height\":2880,\"caption\":\"Talkpal, Inc.\"},\"image\":{\"@id\":\"https:\/\/talkpal.ai\/hr\/#\/schema\/logo\/image\/\"},\"sameAs\":[\"https:\/\/www.facebook.com\/profile.php?id=100090733639311\",\"https:\/\/x.com\/talkpalai\",\"https:\/\/www.linkedin.com\/company\/talkpal\/\",\"https:\/\/www.youtube.com\/@TalkPal\/\",\"https:\/\/www.tiktok.com\/@talkpal\",\"https:\/\/www.instagram.com\/talkpal_ai\/\",\"https:\/\/www.crunchbase.com\/organization\/talkpal-9cde\",\"https:\/\/www.g2.com\/products\/talkpal-for-business\/\",\"https:\/\/www.trustpilot.com\/review\/talkpal.ai\",\"https:\/\/www.capterra.com\/p\/10006800\/TalkPal\/\"],\"description\":\"Talkpal is a language learning web and mobile education app, powered by the latest AI technologies, that provides engaging experiences to its customers in many different languages to help them improve their language skills. Users can chat about unlimited amount of topics with the app and use other modes to practice their language learning.\",\"email\":\"support@talkpal.ai\",\"legalName\":\"Talkpal, Inc.\",\"foundingDate\":\"2023-04-03\",\"duns\":\"118989042\",\"numberOfEmployees\":{\"@type\":\"QuantitativeValue\",\"minValue\":\"11\",\"maxValue\":\"50\"},\"publishingPrinciples\":\"https:\/\/talkpal.ai\/publishing-principles\/\",\"actionableFeedbackPolicy\":\"https:\/\/talkpal.ai\/actionable-feedback-policy\/\",\"correctionsPolicy\":\"https:\/\/talkpal.ai\/corrections-policy\/\",\"ethicsPolicy\":\"https:\/\/talkpal.ai\/ethics-policy\/\",\"diversityPolicy\":\"https:\/\/talkpal.ai\/diversity-policy\/\",\"diversityStaffingReport\":\"https:\/\/talkpal.ai\/diversity-policy\/\"}]}<\/script>\n<!-- \/ Yoast SEO Premium plugin. -->","yoast_head_json":{"title":"Armenske gramati\u010dke vje\u017ebe - Talkpal","description":"Savladajte armensku gramatiku uz zanimljive armenske gramati\u010dke vje\u017ebe koje je prilagodio Talkpal , va\u0161 u\u010ditelj jezika pokretan umjetnom inteligencijom.","robots":{"index":"index","follow":"follow","max-snippet":"max-snippet:-1","max-image-preview":"max-image-preview:large","max-video-preview":"max-video-preview:-1"},"canonical":"https:\/\/talkpal.ai\/hr\/armenske-gramaticke-vjezbe\/","og_locale":"hr_HR","og_type":"article","og_title":"Armenske gramati\u010dke vje\u017ebe","og_description":"Armenske gramati\u010dke teme Armenski je indoeuropski jezik koji se uglavnom govori u Republici Armeniji i armenskoj dijaspori \u0161irom svijeta. S dugom","og_url":"https:\/\/talkpal.ai\/hr\/armenske-gramaticke-vjezbe\/","og_site_name":"Talkpal","article_publisher":"https:\/\/www.facebook.com\/profile.php?id=100090733639311","article_modified_time":"2025-05-22T19:39:10+00:00","og_image":[{"width":512,"height":512,"url":"https:\/\/talkpal.ai\/wp-content\/uploads\/2023\/05\/armenia.png","type":"image\/png"}],"twitter_card":"summary_large_image","twitter_site":"@talkpalai","twitter_misc":{"Procijenjeno vrijeme \u010ditanja":"3 minute"},"schema":{"@context":"https:\/\/schema.org","@graph":[{"@type":"WebPage","@id":"https:\/\/talkpal.ai\/hr\/armenske-gramaticke-vjezbe\/","url":"https:\/\/talkpal.ai\/hr\/armenske-gramaticke-vjezbe\/","name":"Armenske gramati\u010dke vje\u017ebe - Talkpal","isPartOf":{"@id":"https:\/\/talkpal.ai\/hr\/#website"},"primaryImageOfPage":{"@id":"https:\/\/talkpal.ai\/hr\/armenske-gramaticke-vjezbe\/#primaryimage"},"image":{"@id":"https:\/\/talkpal.ai\/hr\/armenske-gramaticke-vjezbe\/#primaryimage"},"thumbnailUrl":"https:\/\/talkpal.ai\/wp-content\/uploads\/2023\/05\/armenia.png","datePublished":"2023-06-16T11:31:43+00:00","dateModified":"2025-05-22T19:39:10+00:00","description":"Savladajte armensku gramatiku uz zanimljive armenske gramati\u010dke vje\u017ebe koje je prilagodio Talkpal , va\u0161 u\u010ditelj jezika pokretan umjetnom inteligencijom.","breadcrumb":{"@id":"https:\/\/talkpal.ai\/hr\/armenske-gramaticke-vjezbe\/#breadcrumb"},"inLanguage":"hr","potentialAction":[{"@type":"ReadAction","target":["https:\/\/talkpal.ai\/hr\/armenske-gramaticke-vjezbe\/"]}]},{"@type":"ImageObject","inLanguage":"hr","@id":"https:\/\/talkpal.ai\/hr\/armenske-gramaticke-vjezbe\/#primaryimage","url":"https:\/\/talkpal.ai\/wp-content\/uploads\/2023\/05\/armenia.png","contentUrl":"https:\/\/talkpal.ai\/wp-content\/uploads\/2023\/05\/armenia.png","width":512,"height":512},{"@type":"BreadcrumbList","@id":"https:\/\/talkpal.ai\/hr\/armenske-gramaticke-vjezbe\/#breadcrumb","itemListElement":[{"@type":"ListItem","position":1,"name":"Homepage","item":"https:\/\/talkpal.ai\/hr\/"},{"@type":"ListItem","position":2,"name":"Armenske gramati\u010dke vje\u017ebe"}]},{"@type":"WebSite","@id":"https:\/\/talkpal.ai\/hr\/#website","url":"https:\/\/talkpal.ai\/hr\/","name":"Talkpal","description":"AI Language Learning","publisher":{"@id":"https:\/\/talkpal.ai\/hr\/#organization"},"alternateName":"Talkpal AI","potentialAction":[{"@type":"SearchAction","target":{"@type":"EntryPoint","urlTemplate":"https:\/\/talkpal.ai\/hr\/?s={search_term_string}"},"query-input":{"@type":"PropertyValueSpecification","valueRequired":true,"valueName":"search_term_string"}}],"inLanguage":"hr"},{"@type":"Organization","@id":"https:\/\/talkpal.ai\/hr\/#organization","name":"Talkpal, Inc.","alternateName":"Talkpal AI","url":"https:\/\/talkpal.ai\/hr\/","logo":{"@type":"ImageObject","inLanguage":"hr","@id":"https:\/\/talkpal.ai\/hr\/#\/schema\/logo\/image\/","url":"https:\/\/talkpal.ai\/wp-content\/uploads\/2024\/03\/Talkpal-Logo-Icon.png","contentUrl":"https:\/\/talkpal.ai\/wp-content\/uploads\/2024\/03\/Talkpal-Logo-Icon.png","width":2880,"height":2880,"caption":"Talkpal, Inc."},"image":{"@id":"https:\/\/talkpal.ai\/hr\/#\/schema\/logo\/image\/"},"sameAs":["https:\/\/www.facebook.com\/profile.php?id=100090733639311","https:\/\/x.com\/talkpalai","https:\/\/www.linkedin.com\/company\/talkpal\/","https:\/\/www.youtube.com\/@TalkPal\/","https:\/\/www.tiktok.com\/@talkpal","https:\/\/www.instagram.com\/talkpal_ai\/","https:\/\/www.crunchbase.com\/organization\/talkpal-9cde","https:\/\/www.g2.com\/products\/talkpal-for-business\/","https:\/\/www.trustpilot.com\/review\/talkpal.ai","https:\/\/www.capterra.com\/p\/10006800\/TalkPal\/"],"description":"Talkpal is a language learning web and mobile education app, powered by the latest AI technologies, that provides engaging experiences to its customers in many different languages to help them improve their language skills. Users can chat about unlimited amount of topics with the app and use other modes to practice their language learning.","email":"support@talkpal.ai","legalName":"Talkpal, Inc.","foundingDate":"2023-04-03","duns":"118989042","numberOfEmployees":{"@type":"QuantitativeValue","minValue":"11","maxValue":"50"},"publishingPrinciples":"https:\/\/talkpal.ai\/publishing-principles\/","actionableFeedbackPolicy":"https:\/\/talkpal.ai\/actionable-feedback-policy\/","correctionsPolicy":"https:\/\/talkpal.ai\/corrections-policy\/","ethicsPolicy":"https:\/\/talkpal.ai\/ethics-policy\/","diversityPolicy":"https:\/\/talkpal.ai\/diversity-policy\/","diversityStaffingReport":"https:\/\/talkpal.ai\/diversity-policy\/"}]}},"_links":{"self":[{"href":"https:\/\/talkpal.ai\/hr\/wp-json\/wp\/v2\/pages\/166218","targetHints":{"allow":["GET"]}}],"collection":[{"href":"https:\/\/talkpal.ai\/hr\/wp-json\/wp\/v2\/pages"}],"about":[{"href":"https:\/\/talkpal.ai\/hr\/wp-json\/wp\/v2\/types\/page"}],"author":[{"embeddable":true,"href":"https:\/\/talkpal.ai\/hr\/wp-json\/wp\/v2\/users\/6"}],"replies":[{"embeddable":true,"href":"https:\/\/talkpal.ai\/hr\/wp-json\/wp\/v2\/comments?post=166218"}],"version-history":[{"count":0,"href":"https:\/\/talkpal.ai\/hr\/wp-json\/wp\/v2\/pages\/166218\/revisions"}],"wp:featuredmedia":[{"embeddable":true,"href":"https:\/\/talkpal.ai\/hr\/wp-json\/wp\/v2\/media\/109265"}],"wp:attachment":[{"href":"https:\/\/talkpal.ai\/hr\/wp-json\/wp\/v2\/media?parent=166218"}],"curies":[{"name":"wp","href":"https:\/\/api.w.org\/{rel}","templated":true}]}}