{"id":165958,"date":"2023-06-16T11:38:32","date_gmt":"2023-06-16T11:38:32","guid":{"rendered":"http:\/\/talkpal.ai\/azerbajdzanske-gramaticke-vjezbe\/"},"modified":"2025-05-22T21:34:23","modified_gmt":"2025-05-22T21:34:23","slug":"azerbajdzanske-gramaticke-vjezbe","status":"publish","type":"page","link":"https:\/\/talkpal.ai\/hr\/azerbajdzanske-gramaticke-vjezbe\/","title":{"rendered":"Azerbajd\u017eanske gramati\u010dke vje\u017ebe"},"content":{"rendered":"\r\n\r\n\r\n<section class=\"languageChallengeSection\">\r\n    <div class=\"languageInfoWrapper\">\r\n        \r\n        <h1>Azerbajd\u017eanske gramati\u010dke vje\u017ebe<\/h1>\r\n        <p>\u017delite li unaprijediti svoje vje\u0161tine azerbejd\u017eanskog jezika? Vje\u017ebanje gramati\u010dkih vje\u017ebi savr\u0161en je na\u010din za razumijevanje re\u010deni\u010dne strukture, glagolskih zavr\u0161etaka i obrazaca koji jezik \u010dine jedinstvenim. Po\u010dnite vje\u017ebati azerbejd\u017eansku gramatiku ve\u0107 danas i gledajte kako vam samopouzdanje i te\u010dnost rastu sa svakim korakom!<\/p>\r\n\r\n                            <a class=\"getStartedHidden\" href=\"https:\/\/app.talkpal.ai\/hr\/signup?lng=\">Zapo\u010dni<\/a>\r\n        \r\n    <\/div>\r\n\r\n    <figure>\r\n    <img decoding=\"async\" width=\"768\" height=\"768\" src=\"https:\/\/talkpal.ai\/wp-content\/uploads\/2023\/06\/azerbaijani-768x768.png\" class=\"languageImage no-lazy\" alt=\"Language learning for enhanced cognitive skills\" fetchpriority=\"high\" sizes=\"(max-width: 768px) 150px, 768px\" srcset=\"https:\/\/talkpal.ai\/wp-content\/uploads\/2023\/06\/azerbaijani-768x768.png 768w, https:\/\/talkpal.ai\/wp-content\/uploads\/2023\/06\/azerbaijani-300x300.png 300w\" \/>\r\n    \r\n\r\n    <\/figure>\r\n\r\n            <a class=\"getStartedVisible\" href=\"https:\/\/app.talkpal.ai\/hr\/signup?lng=\">Zapo\u010dni<\/a>\r\n    \r\n<\/section>\r\n\r\n\r\n<!-- <section class=\"grammarSection\">\r\n    <div class=\"grammarLinks\">\r\n            <\/div>\r\n<\/section> -->\r\n\r\n\r\n\r\n\r\n<section class=\"promotionalBanner\">\r\n    <p class=\"promotionalText\">Naju\u010dinkovitiji na\u010din u\u010denja jezika<\/p>\r\n    <a class=\"promotionalLink\" href=\"https:\/\/app.talkpal.ai\/hr\/signup?lng=\">Isprobajte Talkpal besplatno<\/a>\r\n<\/section>\n<div class=\"wp-block-group pageContainerStyle\"><div class=\"wp-block-group__inner-container is-layout-constrained wp-block-group-is-layout-constrained\">\n<h2 class=\"wp-block-heading\" id=\"h-azerbaijani-grammar-topics\">Azerbajd\u017eanske gramati\u010dke teme<\/h2>\n\n\n\n<p><a href=\"https:\/\/talkpal.ai\/learn-azerbaijani\/\">Azerbejd\u017eanski<\/a>, tako\u0111er poznat kao Azeri, <a href=\"https:\/\/talkpal.ai\/learn-turkish\/\">turski<\/a> je jezik koji se prvenstveno govori u Azerbajd\u017eanu i okolnim regijama. To je slu\u017ebeni jezik Republike Azerbajd\u017ean i ima zna\u010dajne govornike u Iranu, Turskoj, Gruziji i Rusiji. Kao u\u010denik azerbajd\u017eanskog jezika, bitno je razumjeti temeljne aspekte jezika, kao \u0161to su njegova <a href=\"https:\/\/talkpal.ai\/sq\/gramatika\/\">gramatika<\/a>, sintaksa i vokabular. Ovaj vodi\u010d pru\u017eit \u0107e vam pregled bitnih azerbajd\u017eanskih gramati\u010dkih tema, grupiranih u logi\u010dkom slijedu koji \u0107e vam pomo\u0107i da u\u010dinkovito i s lako\u0107om nau\u010dite jezik.<\/p>\n\n\n\n<h3 class=\"wp-block-heading\" id=\"h-1-nouns-and-articles\">1. Imenice i \u010dlanci:<\/h3>\n\n\n\n<p>Na azerbajd\u017eanskom su imenice gra\u0111evni blokovi re\u010denica, a razumijevanje njihove uporabe je klju\u010dno. Imenice nemaju spol i nema neodre\u0111enog \u010dlanka. Me\u0111utim, definitivni \u010dlanak dodaje se kao sufiks imenici.<\/p>\n\n\n\n<h3 class=\"wp-block-heading\" id=\"h-2-adjectives\">2. Pridjevi:<\/h3>\n\n\n\n<p>Pridjevi na azerbajd\u017eanskom koriste se za opisivanje imenica. Uvijek dolaze ispred imenice koju mijenjaju i ne mijenjaju svoj oblik prema rodu ili broju imenice.<\/p>\n\n\n\n<h3 class=\"wp-block-heading\" id=\"h-3-pronouns-determiners\">3. Zamjenice\/Odrediva\u010di:<\/h3>\n\n\n\n<p>Zamjenice se koriste za zamjenu imenica, a determinante za odre\u0111ivanje koli\u010dine ili odre\u0111enosti imenice. Obje su bitne komponente azerbejd\u017eanskih re\u010denica.<\/p>\n\n\n\n<h3 class=\"wp-block-heading\" id=\"h-4-verbs\">4. Glagoli:<\/h3>\n\n\n\n<p><a href=\"https:\/\/talkpal.ai\/learn-azerbaijani\/\">Azerbajd\u017eanski<\/a> glagoli su akcijske rije\u010di jezika. Oni mijenjaju svoj oblik ovisno o vremenu, raspolo\u017eenju i glasu. Razumijevanje konjugacije glagola klju\u010dno je za svladavanje azerbajd\u017eanske gramatike.<\/p>\n\n\n\n<h3 class=\"wp-block-heading\" id=\"h-5-tenses\">5. Vrijeme:<\/h3>\n\n\n\n<p>Azerbajd\u017eanski ima \u0161est vremena \u2013 sada\u0161nje, pro\u0161lo, budu\u0107e, sada\u0161nje svr\u0161eno, pro\u0161lo svr\u0161eno i budu\u0107e svr\u0161eno vrijeme. Svako vrijeme ima svoja pravila konjugacije i koristi se za izra\u017eavanje radnji ili stanja u razli\u010dito vrijeme.<\/p>\n\n\n\n<h3 class=\"wp-block-heading\" id=\"h-6-tense-comparison\">6. Napeta usporedba:<\/h3>\n\n\n\n<p>Usporedba vremena na azerbajd\u017eanskom poma\u017ee vam razumjeti razlike u izra\u017eavanju vremena i radnji. To je klju\u010dna vje\u0161tina za u\u010dinkovitu komunikaciju.<\/p>\n\n\n\n<h3 class=\"wp-block-heading\" id=\"h-7-progressive\">7. Progresivno:<\/h3>\n\n\n\n<p>Progresivni aspekt na azerbajd\u017eanskom jeziku koristi se za opisivanje teku\u0107ih akcija. Formira se pomo\u0107u pomo\u0107nih glagola i bitno je razumjeti tijek doga\u0111aja u re\u010denici.<\/p>\n\n\n\n<h3 class=\"wp-block-heading\" id=\"h-8-perfect-progressive\">8. Savr\u0161en progresivan:<\/h3>\n\n\n\n<p>Savr\u0161ena progresivna vremena koriste se za opisivanje radnji koje su zapo\u010dele u pro\u0161losti i nastavljaju se do sada\u0161njosti ili budu\u0107nosti. Oni kombiniraju savr\u0161ene i progresivne aspekte i neophodni su za izra\u017eavanje slo\u017eenih radnji.<\/p>\n\n\n\n<h3 class=\"wp-block-heading\" id=\"h-9-adverbs\">9. Prilozi:<\/h3>\n\n\n\n<p>Prilozi na azerbajd\u017eanskom koriste se za izmjenu glagola, pridjeva ili drugih priloga. Oni pru\u017eaju dodatne informacije o radnjama ili dr\u017eavama i klju\u010dni su za stvaranje preciznijih i opisnijih re\u010denica.<\/p>\n\n\n\n<h3 class=\"wp-block-heading\" id=\"h-10-conditionals\">10. Uvjeti:<\/h3>\n\n\n\n<p>Uvjeti se koriste za izra\u017eavanje hipotetskih situacija i njihovih mogu\u0107ih posljedica. Oni su klju\u010dni za izra\u017eavanje neizvjesnosti i predvi\u0111anje na azerbajd\u017eanskom jeziku.<\/p>\n\n\n\n<h3 class=\"wp-block-heading\" id=\"h-11-prepositions\">11. Prijedlozi:<\/h3>\n\n\n\n<p>Prijedlozi se koriste za prikaz odnosa izme\u0111u imenica ili zamjenica i drugih rije\u010di u re\u010denici. Oni su neophodni za izra\u017eavanje prostornih, vremenskih i logi\u010dkih odnosa na azerbajd\u017eanskom jeziku.<\/p>\n\n\n\n<h3 class=\"wp-block-heading\" id=\"h-12-sentences\">12. Re\u010denice:<\/h3>\n\n\n\n<p>Azerbejd\u017eanske re\u010denice slijede redoslijed rije\u010di subjekt-objekt-glagol (SOV). Razumijevanje strukture re\u010denica klju\u010dno je za u\u010dinkovitu komunikaciju i ovladavanje azerbajd\u017eanskim jezikom.<\/p>\n<\/div><\/div>\n\r\n<section class=\"learnNavigationSection\">\r\n            \r\n        <a href=\"https:\/\/talkpal.ai\/hr\/ucite-azerbajdzanski\/\">\r\n            <div class=\"learnNavigationWrapper\">\r\n                <div class=\"learnNavigationContent\">\r\n                    <img decoding=\"async\" src=\"https:\/\/talkpal.ai\/wp-content\/uploads\/2024\/08\/Azerbaijani.jpg\" alt=\"Azerbaijani Flag\">\r\n                    <div>\r\n                        <h4>O u\u010denju azerbajd\u017eanskog jezika<\/h4>\r\n                        <p>Saznajte sve o azerbajd\u017eanskoj gramatici.<\/p>\r\n                    <\/div>\r\n                <\/div>\r\n            <\/div>\r\n        <\/a>\r\n\r\n        \r\n        <a href=\"https:\/\/talkpal.ai\/hr\/azerbajdzanska-gramatika\/\">\r\n            <div class=\"learnNavigationWrapper\">\r\n                <div class=\"learnNavigationContent\">\r\n                    <img decoding=\"async\" src=\"https:\/\/talkpal.ai\/wp-content\/uploads\/2024\/08\/Azerbaijani.jpg\" alt=\"Azerbaijani Flag\">\r\n                    <div>\r\n                        <h4>Lekcije azerbajd\u017eanske gramatike<\/h4>\r\n                        <p>Vje\u017ebajte azerbajd\u017eansku gramatiku.<\/p>\r\n                    <\/div>\r\n                <\/div>\r\n            <\/div>\r\n        <\/a>\r\n\r\n        \r\n        <a href=\"https:\/\/talkpal.ai\/vocabulary_language\/azerbaijani\/\">\r\n            <div class=\"learnNavigationWrapper\">\r\n                <div class=\"learnNavigationContent\">\r\n                    <img decoding=\"async\" src=\"https:\/\/talkpal.ai\/wp-content\/uploads\/2024\/08\/Azerbaijani.jpg\" alt=\"Azerbaijani Flag\">\r\n                    <div>\r\n                        <h4>Azerbajd\u017eanski rje\u010dnik<\/h4>\r\n                        <p>Pro\u0161irite svoj vokabular azerbajd\u017eanskog.<\/p>\r\n                    <\/div>\r\n                <\/div>\r\n            <\/div>\r\n        <\/a>\r\n\r\n            <\/section>","protected":false},"excerpt":{"rendered":"<p>Azerbajd\u017eanske gramati\u010dke teme Azerbejd\u017eanski, tako\u0111er poznat kao Azeri, turski je jezik koji se prvenstveno govori u Azerbajd\u017eanu i okolnim regijama. To je slu\u017ebeni jezik Republike Azerbajd\u017ean i ima zna\u010dajne govornike u Iranu, Turskoj, Gruziji i Rusiji. Kao u\u010denik azerbajd\u017eanskog jezika, bitno je razumjeti temeljne aspekte jezika, kao \u0161to su njegova gramatika, sintaksa i vokabular. Ovaj [&hellip;]<\/p>\n","protected":false},"author":6,"featured_media":109585,"parent":0,"menu_order":0,"comment_status":"closed","ping_status":"closed","template":"LearningContentPage.php","meta":{"_acf_changed":false,"footnotes":""},"class_list":["post-165958","page","type-page","status-publish","has-post-thumbnail","hentry"],"acf":[],"yoast_head":"<!-- This site is optimized with the Yoast SEO Premium plugin v27.2 (Yoast SEO v27.2) - https:\/\/yoast.com\/product\/yoast-seo-premium-wordpress\/ -->\n<title>Azerbajd\u017eanske gramati\u010dke vje\u017ebe - Talkpal<\/title>\n<meta name=\"description\" content=\"Pobolj\u0161ajte svoje znanje azerbejd\u017eanskog jezika interaktivnim vje\u017ebama azerbejd\u017eanske gramatike od Talkpal , va\u0161eg u\u010ditelja jezika s umjetnom inteligencijom.\" \/>\n<meta name=\"robots\" content=\"index, follow, max-snippet:-1, max-image-preview:large, max-video-preview:-1\" \/>\n<link rel=\"canonical\" href=\"https:\/\/talkpal.ai\/hr\/azerbajdzanske-gramaticke-vjezbe\/\" \/>\n<meta property=\"og:locale\" content=\"hr_HR\" \/>\n<meta property=\"og:type\" content=\"article\" \/>\n<meta property=\"og:title\" content=\"Azerbajd\u017eanske gramati\u010dke vje\u017ebe\" \/>\n<meta property=\"og:description\" content=\"Azerbajd\u017eanske gramati\u010dke teme Azerbejd\u017eanski, tako\u0111er poznat kao Azeri, turski je jezik koji se prvenstveno govori u Azerbajd\u017eanu i okolnim regijama. To\" \/>\n<meta property=\"og:url\" content=\"https:\/\/talkpal.ai\/hr\/azerbajdzanske-gramaticke-vjezbe\/\" \/>\n<meta property=\"og:site_name\" content=\"Talkpal\" \/>\n<meta property=\"article:publisher\" content=\"https:\/\/www.facebook.com\/profile.php?id=100090733639311\" \/>\n<meta property=\"article:modified_time\" content=\"2025-05-22T21:34:23+00:00\" \/>\n<meta property=\"og:image\" content=\"https:\/\/talkpal.ai\/wp-content\/uploads\/2023\/05\/azerbaijan.png\" \/>\n\t<meta property=\"og:image:width\" content=\"512\" \/>\n\t<meta property=\"og:image:height\" content=\"512\" \/>\n\t<meta property=\"og:image:type\" content=\"image\/png\" \/>\n<meta name=\"twitter:card\" content=\"summary_large_image\" \/>\n<meta name=\"twitter:site\" content=\"@talkpalai\" \/>\n<meta name=\"twitter:label1\" content=\"Procijenjeno vrijeme \u010ditanja\" \/>\n\t<meta name=\"twitter:data1\" content=\"2 minute\" \/>\n<script type=\"application\/ld+json\" class=\"yoast-schema-graph\">{\"@context\":\"https:\/\/schema.org\",\"@graph\":[{\"@type\":\"WebPage\",\"@id\":\"https:\/\/talkpal.ai\/hr\/azerbajdzanske-gramaticke-vjezbe\/\",\"url\":\"https:\/\/talkpal.ai\/hr\/azerbajdzanske-gramaticke-vjezbe\/\",\"name\":\"Azerbajd\u017eanske gramati\u010dke vje\u017ebe - Talkpal\",\"isPartOf\":{\"@id\":\"https:\/\/talkpal.ai\/hr\/#website\"},\"primaryImageOfPage\":{\"@id\":\"https:\/\/talkpal.ai\/hr\/azerbajdzanske-gramaticke-vjezbe\/#primaryimage\"},\"image\":{\"@id\":\"https:\/\/talkpal.ai\/hr\/azerbajdzanske-gramaticke-vjezbe\/#primaryimage\"},\"thumbnailUrl\":\"https:\/\/talkpal.ai\/wp-content\/uploads\/2023\/05\/azerbaijan.png\",\"datePublished\":\"2023-06-16T11:38:32+00:00\",\"dateModified\":\"2025-05-22T21:34:23+00:00\",\"description\":\"Pobolj\u0161ajte svoje znanje azerbejd\u017eanskog jezika interaktivnim vje\u017ebama azerbejd\u017eanske gramatike od Talkpal , va\u0161eg u\u010ditelja jezika s umjetnom inteligencijom.\",\"breadcrumb\":{\"@id\":\"https:\/\/talkpal.ai\/hr\/azerbajdzanske-gramaticke-vjezbe\/#breadcrumb\"},\"inLanguage\":\"hr\",\"potentialAction\":[{\"@type\":\"ReadAction\",\"target\":[\"https:\/\/talkpal.ai\/hr\/azerbajdzanske-gramaticke-vjezbe\/\"]}]},{\"@type\":\"ImageObject\",\"inLanguage\":\"hr\",\"@id\":\"https:\/\/talkpal.ai\/hr\/azerbajdzanske-gramaticke-vjezbe\/#primaryimage\",\"url\":\"https:\/\/talkpal.ai\/wp-content\/uploads\/2023\/05\/azerbaijan.png\",\"contentUrl\":\"https:\/\/talkpal.ai\/wp-content\/uploads\/2023\/05\/azerbaijan.png\",\"width\":512,\"height\":512},{\"@type\":\"BreadcrumbList\",\"@id\":\"https:\/\/talkpal.ai\/hr\/azerbajdzanske-gramaticke-vjezbe\/#breadcrumb\",\"itemListElement\":[{\"@type\":\"ListItem\",\"position\":1,\"name\":\"Homepage\",\"item\":\"https:\/\/talkpal.ai\/hr\/\"},{\"@type\":\"ListItem\",\"position\":2,\"name\":\"Azerbajd\u017eanske gramati\u010dke vje\u017ebe\"}]},{\"@type\":\"WebSite\",\"@id\":\"https:\/\/talkpal.ai\/hr\/#website\",\"url\":\"https:\/\/talkpal.ai\/hr\/\",\"name\":\"Talkpal\",\"description\":\"AI Language Learning\",\"publisher\":{\"@id\":\"https:\/\/talkpal.ai\/hr\/#organization\"},\"alternateName\":\"Talkpal AI\",\"potentialAction\":[{\"@type\":\"SearchAction\",\"target\":{\"@type\":\"EntryPoint\",\"urlTemplate\":\"https:\/\/talkpal.ai\/hr\/?s={search_term_string}\"},\"query-input\":{\"@type\":\"PropertyValueSpecification\",\"valueRequired\":true,\"valueName\":\"search_term_string\"}}],\"inLanguage\":\"hr\"},{\"@type\":\"Organization\",\"@id\":\"https:\/\/talkpal.ai\/hr\/#organization\",\"name\":\"Talkpal, Inc.\",\"alternateName\":\"Talkpal AI\",\"url\":\"https:\/\/talkpal.ai\/hr\/\",\"logo\":{\"@type\":\"ImageObject\",\"inLanguage\":\"hr\",\"@id\":\"https:\/\/talkpal.ai\/hr\/#\/schema\/logo\/image\/\",\"url\":\"https:\/\/talkpal.ai\/wp-content\/uploads\/2024\/03\/Talkpal-Logo-Icon.png\",\"contentUrl\":\"https:\/\/talkpal.ai\/wp-content\/uploads\/2024\/03\/Talkpal-Logo-Icon.png\",\"width\":2880,\"height\":2880,\"caption\":\"Talkpal, Inc.\"},\"image\":{\"@id\":\"https:\/\/talkpal.ai\/hr\/#\/schema\/logo\/image\/\"},\"sameAs\":[\"https:\/\/www.facebook.com\/profile.php?id=100090733639311\",\"https:\/\/x.com\/talkpalai\",\"https:\/\/www.linkedin.com\/company\/talkpal\/\",\"https:\/\/www.youtube.com\/@TalkPal\/\",\"https:\/\/www.tiktok.com\/@talkpal\",\"https:\/\/www.instagram.com\/talkpal_ai\/\",\"https:\/\/www.crunchbase.com\/organization\/talkpal-9cde\",\"https:\/\/www.g2.com\/products\/talkpal-for-business\/\",\"https:\/\/www.trustpilot.com\/review\/talkpal.ai\",\"https:\/\/www.capterra.com\/p\/10006800\/TalkPal\/\"],\"description\":\"Talkpal is a language learning web and mobile education app, powered by the latest AI technologies, that provides engaging experiences to its customers in many different languages to help them improve their language skills. Users can chat about unlimited amount of topics with the app and use other modes to practice their language learning.\",\"email\":\"support@talkpal.ai\",\"legalName\":\"Talkpal, Inc.\",\"foundingDate\":\"2023-04-03\",\"duns\":\"118989042\",\"numberOfEmployees\":{\"@type\":\"QuantitativeValue\",\"minValue\":\"11\",\"maxValue\":\"50\"},\"publishingPrinciples\":\"https:\/\/talkpal.ai\/publishing-principles\/\",\"actionableFeedbackPolicy\":\"https:\/\/talkpal.ai\/actionable-feedback-policy\/\",\"correctionsPolicy\":\"https:\/\/talkpal.ai\/corrections-policy\/\",\"ethicsPolicy\":\"https:\/\/talkpal.ai\/ethics-policy\/\",\"diversityPolicy\":\"https:\/\/talkpal.ai\/diversity-policy\/\",\"diversityStaffingReport\":\"https:\/\/talkpal.ai\/diversity-policy\/\"}]}<\/script>\n<!-- \/ Yoast SEO Premium plugin. -->","yoast_head_json":{"title":"Azerbajd\u017eanske gramati\u010dke vje\u017ebe - Talkpal","description":"Pobolj\u0161ajte svoje znanje azerbejd\u017eanskog jezika interaktivnim vje\u017ebama azerbejd\u017eanske gramatike od Talkpal , va\u0161eg u\u010ditelja jezika s umjetnom inteligencijom.","robots":{"index":"index","follow":"follow","max-snippet":"max-snippet:-1","max-image-preview":"max-image-preview:large","max-video-preview":"max-video-preview:-1"},"canonical":"https:\/\/talkpal.ai\/hr\/azerbajdzanske-gramaticke-vjezbe\/","og_locale":"hr_HR","og_type":"article","og_title":"Azerbajd\u017eanske gramati\u010dke vje\u017ebe","og_description":"Azerbajd\u017eanske gramati\u010dke teme Azerbejd\u017eanski, tako\u0111er poznat kao Azeri, turski je jezik koji se prvenstveno govori u Azerbajd\u017eanu i okolnim regijama. To","og_url":"https:\/\/talkpal.ai\/hr\/azerbajdzanske-gramaticke-vjezbe\/","og_site_name":"Talkpal","article_publisher":"https:\/\/www.facebook.com\/profile.php?id=100090733639311","article_modified_time":"2025-05-22T21:34:23+00:00","og_image":[{"width":512,"height":512,"url":"https:\/\/talkpal.ai\/wp-content\/uploads\/2023\/05\/azerbaijan.png","type":"image\/png"}],"twitter_card":"summary_large_image","twitter_site":"@talkpalai","twitter_misc":{"Procijenjeno vrijeme \u010ditanja":"2 minute"},"schema":{"@context":"https:\/\/schema.org","@graph":[{"@type":"WebPage","@id":"https:\/\/talkpal.ai\/hr\/azerbajdzanske-gramaticke-vjezbe\/","url":"https:\/\/talkpal.ai\/hr\/azerbajdzanske-gramaticke-vjezbe\/","name":"Azerbajd\u017eanske gramati\u010dke vje\u017ebe - Talkpal","isPartOf":{"@id":"https:\/\/talkpal.ai\/hr\/#website"},"primaryImageOfPage":{"@id":"https:\/\/talkpal.ai\/hr\/azerbajdzanske-gramaticke-vjezbe\/#primaryimage"},"image":{"@id":"https:\/\/talkpal.ai\/hr\/azerbajdzanske-gramaticke-vjezbe\/#primaryimage"},"thumbnailUrl":"https:\/\/talkpal.ai\/wp-content\/uploads\/2023\/05\/azerbaijan.png","datePublished":"2023-06-16T11:38:32+00:00","dateModified":"2025-05-22T21:34:23+00:00","description":"Pobolj\u0161ajte svoje znanje azerbejd\u017eanskog jezika interaktivnim vje\u017ebama azerbejd\u017eanske gramatike od Talkpal , va\u0161eg u\u010ditelja jezika s umjetnom inteligencijom.","breadcrumb":{"@id":"https:\/\/talkpal.ai\/hr\/azerbajdzanske-gramaticke-vjezbe\/#breadcrumb"},"inLanguage":"hr","potentialAction":[{"@type":"ReadAction","target":["https:\/\/talkpal.ai\/hr\/azerbajdzanske-gramaticke-vjezbe\/"]}]},{"@type":"ImageObject","inLanguage":"hr","@id":"https:\/\/talkpal.ai\/hr\/azerbajdzanske-gramaticke-vjezbe\/#primaryimage","url":"https:\/\/talkpal.ai\/wp-content\/uploads\/2023\/05\/azerbaijan.png","contentUrl":"https:\/\/talkpal.ai\/wp-content\/uploads\/2023\/05\/azerbaijan.png","width":512,"height":512},{"@type":"BreadcrumbList","@id":"https:\/\/talkpal.ai\/hr\/azerbajdzanske-gramaticke-vjezbe\/#breadcrumb","itemListElement":[{"@type":"ListItem","position":1,"name":"Homepage","item":"https:\/\/talkpal.ai\/hr\/"},{"@type":"ListItem","position":2,"name":"Azerbajd\u017eanske gramati\u010dke vje\u017ebe"}]},{"@type":"WebSite","@id":"https:\/\/talkpal.ai\/hr\/#website","url":"https:\/\/talkpal.ai\/hr\/","name":"Talkpal","description":"AI Language Learning","publisher":{"@id":"https:\/\/talkpal.ai\/hr\/#organization"},"alternateName":"Talkpal AI","potentialAction":[{"@type":"SearchAction","target":{"@type":"EntryPoint","urlTemplate":"https:\/\/talkpal.ai\/hr\/?s={search_term_string}"},"query-input":{"@type":"PropertyValueSpecification","valueRequired":true,"valueName":"search_term_string"}}],"inLanguage":"hr"},{"@type":"Organization","@id":"https:\/\/talkpal.ai\/hr\/#organization","name":"Talkpal, Inc.","alternateName":"Talkpal AI","url":"https:\/\/talkpal.ai\/hr\/","logo":{"@type":"ImageObject","inLanguage":"hr","@id":"https:\/\/talkpal.ai\/hr\/#\/schema\/logo\/image\/","url":"https:\/\/talkpal.ai\/wp-content\/uploads\/2024\/03\/Talkpal-Logo-Icon.png","contentUrl":"https:\/\/talkpal.ai\/wp-content\/uploads\/2024\/03\/Talkpal-Logo-Icon.png","width":2880,"height":2880,"caption":"Talkpal, Inc."},"image":{"@id":"https:\/\/talkpal.ai\/hr\/#\/schema\/logo\/image\/"},"sameAs":["https:\/\/www.facebook.com\/profile.php?id=100090733639311","https:\/\/x.com\/talkpalai","https:\/\/www.linkedin.com\/company\/talkpal\/","https:\/\/www.youtube.com\/@TalkPal\/","https:\/\/www.tiktok.com\/@talkpal","https:\/\/www.instagram.com\/talkpal_ai\/","https:\/\/www.crunchbase.com\/organization\/talkpal-9cde","https:\/\/www.g2.com\/products\/talkpal-for-business\/","https:\/\/www.trustpilot.com\/review\/talkpal.ai","https:\/\/www.capterra.com\/p\/10006800\/TalkPal\/"],"description":"Talkpal is a language learning web and mobile education app, powered by the latest AI technologies, that provides engaging experiences to its customers in many different languages to help them improve their language skills. Users can chat about unlimited amount of topics with the app and use other modes to practice their language learning.","email":"support@talkpal.ai","legalName":"Talkpal, Inc.","foundingDate":"2023-04-03","duns":"118989042","numberOfEmployees":{"@type":"QuantitativeValue","minValue":"11","maxValue":"50"},"publishingPrinciples":"https:\/\/talkpal.ai\/publishing-principles\/","actionableFeedbackPolicy":"https:\/\/talkpal.ai\/actionable-feedback-policy\/","correctionsPolicy":"https:\/\/talkpal.ai\/corrections-policy\/","ethicsPolicy":"https:\/\/talkpal.ai\/ethics-policy\/","diversityPolicy":"https:\/\/talkpal.ai\/diversity-policy\/","diversityStaffingReport":"https:\/\/talkpal.ai\/diversity-policy\/"}]}},"_links":{"self":[{"href":"https:\/\/talkpal.ai\/hr\/wp-json\/wp\/v2\/pages\/165958","targetHints":{"allow":["GET"]}}],"collection":[{"href":"https:\/\/talkpal.ai\/hr\/wp-json\/wp\/v2\/pages"}],"about":[{"href":"https:\/\/talkpal.ai\/hr\/wp-json\/wp\/v2\/types\/page"}],"author":[{"embeddable":true,"href":"https:\/\/talkpal.ai\/hr\/wp-json\/wp\/v2\/users\/6"}],"replies":[{"embeddable":true,"href":"https:\/\/talkpal.ai\/hr\/wp-json\/wp\/v2\/comments?post=165958"}],"version-history":[{"count":0,"href":"https:\/\/talkpal.ai\/hr\/wp-json\/wp\/v2\/pages\/165958\/revisions"}],"wp:featuredmedia":[{"embeddable":true,"href":"https:\/\/talkpal.ai\/hr\/wp-json\/wp\/v2\/media\/109585"}],"wp:attachment":[{"href":"https:\/\/talkpal.ai\/hr\/wp-json\/wp\/v2\/media?parent=165958"}],"curies":[{"name":"wp","href":"https:\/\/api.w.org\/{rel}","templated":true}]}}