{"id":165648,"date":"2023-06-16T11:55:18","date_gmt":"2023-06-16T11:55:18","guid":{"rendered":"http:\/\/talkpal.ai\/bjeloruske-gramaticke-vjezbe\/"},"modified":"2025-05-23T11:31:44","modified_gmt":"2025-05-23T11:31:44","slug":"bjeloruske-gramaticke-vjezbe","status":"publish","type":"page","link":"https:\/\/talkpal.ai\/hr\/bjeloruske-gramaticke-vjezbe\/","title":{"rendered":"Bjeloruske gramati\u010dke vje\u017ebe"},"content":{"rendered":"\r\n\r\n\r\n<section class=\"languageChallengeSection\">\r\n    <div class=\"languageInfoWrapper\">\r\n        \r\n        <h1>Bjeloruske gramati\u010dke vje\u017ebe<\/h1>\r\n        <p>\u017delite li pobolj\u0161ati svoje znanje bjeloruskog jezika? Vje\u017ebanje gramati\u010dkih vje\u017ebi odli\u010dan je na\u010din za svladavanje re\u010deni\u010dne strukture, glagolskih oblika i karakteristi\u010dnih obilje\u017eja bjeloruskog jezika. Po\u010dnite istra\u017eivati \u200b\u200bbjelorusku gramatiku ve\u0107 danas i gledajte kako va\u0161e razumijevanje i te\u010dnost rastu sa svakom vje\u017ebom!<\/p>\r\n\r\n                            <a class=\"getStartedHidden\" href=\"https:\/\/app.talkpal.ai\/hr\/signup?lng=\">Zapo\u010dni<\/a>\r\n        \r\n    <\/div>\r\n\r\n    <figure>\r\n    <img decoding=\"async\" width=\"768\" height=\"768\" src=\"https:\/\/talkpal.ai\/wp-content\/uploads\/2023\/06\/belarusian-768x768.png\" class=\"languageImage no-lazy\" alt=\"Language learning for academic excellence\" fetchpriority=\"high\" sizes=\"(max-width: 768px) 150px, 768px\" srcset=\"https:\/\/talkpal.ai\/wp-content\/uploads\/2023\/06\/belarusian-768x768.png 768w, https:\/\/talkpal.ai\/wp-content\/uploads\/2023\/06\/belarusian-300x300.png 300w\" \/>\r\n    \r\n\r\n    <\/figure>\r\n\r\n            <a class=\"getStartedVisible\" href=\"https:\/\/app.talkpal.ai\/hr\/signup?lng=\">Zapo\u010dni<\/a>\r\n    \r\n<\/section>\r\n\r\n\r\n<!-- <section class=\"grammarSection\">\r\n    <div class=\"grammarLinks\">\r\n            <\/div>\r\n<\/section> -->\r\n\r\n\r\n\r\n\r\n<section class=\"promotionalBanner\">\r\n    <p class=\"promotionalText\">Naju\u010dinkovitiji na\u010din u\u010denja jezika<\/p>\r\n    <a class=\"promotionalLink\" href=\"https:\/\/app.talkpal.ai\/hr\/signup?lng=\">Isprobajte Talkpal besplatno<\/a>\r\n<\/section>\n<div class=\"wp-block-group pageContainerStyle\"><div class=\"wp-block-group__inner-container is-layout-constrained wp-block-group-is-layout-constrained\">\n<h2 class=\"wp-block-heading\" id=\"h-belarusian-grammar-topics\">Bjeloruske gramati\u010dke teme<\/h2>\n\n\n\n<p><a href=\"https:\/\/talkpal.ai\/learn-belarusian\/\">Bjeloruski<\/a> je isto\u010dnoslavenski jezik koji u Bjelorusiji prete\u017eno govori oko 70% stanovni\u0161tva. Kao slavenski jezik dijeli sli\u010dnosti s ruskim i ukrajinskim, \u0161to govornicima tih jezika olak\u0161ava u\u010denje bjeloruskog jezika. Me\u0111utim, ima svoje jedinstvene zna\u010dajke, a <a href=\"https:\/\/talkpal.ai\/sl\/ucenje-grscine-najhitrejsi-vodic-za-zacetnike\/\">u\u010denje gramatike<\/a> mo\u017ee biti korisno iskustvo za ljubitelje jezika. U ovom \u0107emo \u010dlanku istra\u017eiti bitne bjeloruske gramati\u010dke teme u nizu koji \u0107e vam pomo\u0107i da u\u010dinkovitije nau\u010dite jezik.<\/p>\n\n\n\n<h3 class=\"wp-block-heading\" id=\"h-1-nouns\">1. Imenice:<\/h3>\n\n\n\n<p><a href=\"https:\/\/talkpal.ai\/ko\/ai-%ec%96%b8%ec%96%b4-%ea%b5%90%ec%82%ac\/\">Zapo\u010dnite<\/a> u\u010denjem bjeloruskih imenica, koje mogu biti mu\u0161ke, \u017eenske ili kastrirane. Imaju \u0161est pade\u017ea: nominativ, akuzativ, genitiv, dativ, instrumental i prijedlog, koji odre\u0111uju funkciju imenice u re\u010denici. Obratite pozornost na zavr\u0161etke imenica i obrasce deklinacije, jer \u0107e vam pomo\u0107i da shvatite kako se imenice mijenjaju u razli\u010ditim slu\u010dajevima.<\/p>\n\n\n\n<h3 class=\"wp-block-heading\" id=\"h-2-articles\">2. \u010clanci:<\/h3>\n\n\n\n<p>Za razliku od engleskog, <a href=\"https:\/\/talkpal.ai\/learn-belarusian\/\">bjeloruski<\/a> nema \u010dlanke. Stoga se mo\u017eete usredoto\u010diti na u\u010denje drugih aspekata jezika bez brige o ovoj temi.<\/p>\n\n\n\n<h3 class=\"wp-block-heading\" id=\"h-3-pronouns-determiners\">3. Zamjenice\/Odrediva\u010di:<\/h3>\n\n\n\n<p>Zatim nau\u010dite zamjenice i odrediva\u010de, koji funkcioniraju sli\u010dno njihovim engleskim ekvivalentima. Oni zamjenjuju imenice i prenose informacije o posjedovanju, koli\u010dini ili identitetu. Postoje osobne, posesivne, demonstrativne, upitne i relativne zamjenice na bjeloruskom jeziku, a morate zapamtiti njihove oblike i uporabu.<\/p>\n\n\n\n<h3 class=\"wp-block-heading\" id=\"h-4-adjectives\">4. Pridjevi:<\/h3>\n\n\n\n<p>Pridjevi na bjeloruskom sla\u017eu se s imenicom koju mijenjaju u spolu, broju i slu\u010daju. Nau\u010dite pridjevske zavr\u0161etke i kako oblikovati usporedne i superlativne stupnjeve kako biste izrazili razli\u010dite razine usporedbe.<\/p>\n\n\n\n<h3 class=\"wp-block-heading\" id=\"h-5-verbs\">5. Glagoli:<\/h3>\n\n\n\n<p>Glagoli su klju\u010dni na bjeloruskom jeziku jer prenose radnje, stanja i doga\u0111aje. Saznajte vi\u0161e o konjugaciji glagola, <a href=\"https:\/\/talkpal.ai\/locations\/language-courses-in-koja\/\">koja<\/a> se sastoji od dvije skupine: prve konjugacije (uglavnom mu\u0161kih glagola) i druge konjugacije (uglavnom \u017eenskih glagola). Tako\u0111er, prou\u010dite imperativna i konjunktivna raspolo\u017eenja i kako ih formirati.<\/p>\n\n\n\n<h3 class=\"wp-block-heading\" id=\"h-6-tenses\">6. Vrijeme:<\/h3>\n\n\n\n<p>Bjeloruski ima tri glavna vremena: pro\u0161lo, sada\u0161nje i budu\u0107e. Nau\u010dite kako oblikovati i koristiti ova vremena za razgovor o doga\u0111ajima i radnjama u razli\u010dito vrijeme.<\/p>\n\n\n\n<h3 class=\"wp-block-heading\" id=\"h-7-tense-comparison\">7. Napeta usporedba:<\/h3>\n\n\n\n<p>Usporedba vremena na bjeloruskom jeziku klju\u010dna je za razumijevanje odnosa izme\u0111u pro\u0161lih, sada\u0161njih i budu\u0107ih doga\u0111aja. Prou\u010dite slijed vremena i kako ih koristiti u slo\u017eenim re\u010denicama.<\/p>\n\n\n\n<h3 class=\"wp-block-heading\" id=\"h-8-progressive\">8. Progresivno:<\/h3>\n\n\n\n<p>Bjeloruski koristi progresivni oblik za izra\u017eavanje teku\u0107ih radnji. Nau\u010dite kako oblikovati ovaj aspekt odgovaraju\u0107om konjugacijom glagola i pomo\u0107nim glagolima.<\/p>\n\n\n\n<h3 class=\"wp-block-heading\" id=\"h-9-perfect-progressive\">9. Savr\u0161en progresivan:<\/h3>\n\n\n\n<p>Savr\u0161en progresivni aspekt na bjeloruskom kombinira koncepte zavr\u0161etka i trajanja. Nau\u010dite kako oblikovati ovaj aspekt pomo\u0107u pomo\u0107nih glagola i ispravnih glagolskih oblika.<\/p>\n\n\n\n<h3 class=\"wp-block-heading\" id=\"h-10-adverbs\">10. Prilozi:<\/h3>\n\n\n\n<p>Prilozi mijenjaju glagole, pridjeve i druge priloge, dodaju\u0107i vi\u0161e informacija re\u010denici. Nau\u010dite razli\u010dite vrste priloga na bjeloruskom jeziku, njihovo formiranje i njihovo postavljanje u re\u010denicu.<\/p>\n\n\n\n<h3 class=\"wp-block-heading\" id=\"h-11-prepositions\">11. Prijedlozi:<\/h3>\n\n\n\n<p>Prijedlozi su neophodni za izra\u017eavanje odnosa izme\u0111u rije\u010di u re\u010denici. Nau\u010dite naj\u010de\u0161\u0107e bjeloruske prijedloge, njihove slu\u010dajeve i kako ih koristiti s imenicama i zamjenicama.<\/p>\n\n\n\n<h3 class=\"wp-block-heading\" id=\"h-12-conditionals\">12. Uvjeti:<\/h3>\n\n\n\n<p>Uvjeti izra\u017eavaju hipotetske situacije i njihove posljedice. Prou\u010dite tri vrste uvjeta na bjeloruskom jeziku: stvarne, nestvarne i mje\u0161ovite, te njihove odgovaraju\u0107e glagolske oblike.<\/p>\n\n\n\n<h3 class=\"wp-block-heading\" id=\"h-13-sentences\">13. Re\u010denice:<\/h3>\n\n\n\n<p>Kona\u010dno, saznajte vi\u0161e o bjeloruskim strukturama re\u010denica, uklju\u010duju\u0107i jednostavne, slo\u017eene i slo\u017eene re\u010denice. Vje\u017ebajte kombiniranje razli\u010ditih gramati\u010dkih elemenata kako biste izgradili re\u010denice i pobolj\u0161ali svoje ukupne jezi\u010dne vje\u0161tine.<\/p>\n<\/div><\/div>\n\r\n<section class=\"learnNavigationSection\">\r\n            \r\n        <a href=\"https:\/\/talkpal.ai\/hr\/ucenje-bjeloruskog-jezika\/\">\r\n            <div class=\"learnNavigationWrapper\">\r\n                <div class=\"learnNavigationContent\">\r\n                    <img decoding=\"async\" src=\"https:\/\/talkpal.ai\/wp-content\/uploads\/2024\/08\/Belarusian.jpg\" alt=\"Belarusian Flag\">\r\n                    <div>\r\n                        <h4>O bjeloruskom u\u010denju<\/h4>\r\n                        <p>Saznajte sve o bjeloruskoj gramatici.<\/p>\r\n                    <\/div>\r\n                <\/div>\r\n            <\/div>\r\n        <\/a>\r\n\r\n        \r\n        <a href=\"https:\/\/talkpal.ai\/hr\/bjeloruska-gramatika\/\">\r\n            <div class=\"learnNavigationWrapper\">\r\n                <div class=\"learnNavigationContent\">\r\n                    <img decoding=\"async\" src=\"https:\/\/talkpal.ai\/wp-content\/uploads\/2024\/08\/Belarusian.jpg\" alt=\"Belarusian Flag\">\r\n                    <div>\r\n                        <h4>Bjeloruske gramati\u010dke lekcije<\/h4>\r\n                        <p>Vje\u017ebajte bjelorusku gramatiku.<\/p>\r\n                    <\/div>\r\n                <\/div>\r\n            <\/div>\r\n        <\/a>\r\n\r\n        \r\n        <a href=\"https:\/\/talkpal.ai\/vocabulary_language\/belarusian\/\">\r\n            <div class=\"learnNavigationWrapper\">\r\n                <div class=\"learnNavigationContent\">\r\n                    <img decoding=\"async\" src=\"https:\/\/talkpal.ai\/wp-content\/uploads\/2024\/08\/Belarusian.jpg\" alt=\"Belarusian Flag\">\r\n                    <div>\r\n                        <h4>Bjeloruski rje\u010dnik<\/h4>\r\n                        <p>Pro\u0161irite svoj bjeloruski vokabular.<\/p>\r\n                    <\/div>\r\n                <\/div>\r\n            <\/div>\r\n        <\/a>\r\n\r\n            <\/section>","protected":false},"excerpt":{"rendered":"<p>Bjeloruske gramati\u010dke teme Bjeloruski je isto\u010dnoslavenski jezik koji u Bjelorusiji prete\u017eno govori oko 70% stanovni\u0161tva. Kao slavenski jezik dijeli sli\u010dnosti s ruskim i ukrajinskim, \u0161to govornicima tih jezika olak\u0161ava u\u010denje bjeloruskog jezika. Me\u0111utim, ima svoje jedinstvene zna\u010dajke, a u\u010denje gramatike mo\u017ee biti korisno iskustvo za ljubitelje jezika. U ovom \u0107emo \u010dlanku istra\u017eiti bitne bjeloruske gramati\u010dke [&hellip;]<\/p>\n","protected":false},"author":6,"featured_media":110529,"parent":0,"menu_order":0,"comment_status":"closed","ping_status":"closed","template":"LearningContentPage.php","meta":{"_acf_changed":false,"footnotes":""},"class_list":["post-165648","page","type-page","status-publish","has-post-thumbnail","hentry"],"acf":[],"yoast_head":"<!-- This site is optimized with the Yoast SEO Premium plugin v27.2 (Yoast SEO v27.2) - https:\/\/yoast.com\/product\/yoast-seo-premium-wordpress\/ -->\n<title>Bjeloruske gramati\u010dke vje\u017ebe - Talkpal<\/title>\n<meta name=\"description\" content=\"Oja\u010dajte svoje znanje bjeloruskog jezika interaktivnim vje\u017ebama iz bjeloruske gramatike od Talkpal , va\u0161eg jezi\u010dnog tutora s umjetnom inteligencijom.\" \/>\n<meta name=\"robots\" content=\"index, follow, max-snippet:-1, max-image-preview:large, max-video-preview:-1\" \/>\n<link rel=\"canonical\" href=\"https:\/\/talkpal.ai\/hr\/bjeloruske-gramaticke-vjezbe\/\" \/>\n<meta property=\"og:locale\" content=\"hr_HR\" \/>\n<meta property=\"og:type\" content=\"article\" \/>\n<meta property=\"og:title\" content=\"Bjeloruske gramati\u010dke vje\u017ebe\" \/>\n<meta property=\"og:description\" content=\"Bjeloruske gramati\u010dke teme Bjeloruski je isto\u010dnoslavenski jezik koji u Bjelorusiji prete\u017eno govori oko 70% stanovni\u0161tva. Kao slavenski jezik dijeli\" \/>\n<meta property=\"og:url\" content=\"https:\/\/talkpal.ai\/hr\/bjeloruske-gramaticke-vjezbe\/\" \/>\n<meta property=\"og:site_name\" content=\"Talkpal\" \/>\n<meta property=\"article:publisher\" content=\"https:\/\/www.facebook.com\/profile.php?id=100090733639311\" \/>\n<meta property=\"article:modified_time\" content=\"2025-05-23T11:31:44+00:00\" \/>\n<meta property=\"og:image\" content=\"https:\/\/talkpal.ai\/wp-content\/uploads\/2023\/05\/belarus.png\" \/>\n\t<meta property=\"og:image:width\" content=\"512\" \/>\n\t<meta property=\"og:image:height\" content=\"512\" \/>\n\t<meta property=\"og:image:type\" content=\"image\/png\" \/>\n<meta name=\"twitter:card\" content=\"summary_large_image\" \/>\n<meta name=\"twitter:site\" content=\"@talkpalai\" \/>\n<meta name=\"twitter:label1\" content=\"Procijenjeno vrijeme \u010ditanja\" \/>\n\t<meta name=\"twitter:data1\" content=\"3 minute\" \/>\n<script type=\"application\/ld+json\" class=\"yoast-schema-graph\">{\"@context\":\"https:\/\/schema.org\",\"@graph\":[{\"@type\":\"WebPage\",\"@id\":\"https:\/\/talkpal.ai\/hr\/bjeloruske-gramaticke-vjezbe\/\",\"url\":\"https:\/\/talkpal.ai\/hr\/bjeloruske-gramaticke-vjezbe\/\",\"name\":\"Bjeloruske gramati\u010dke vje\u017ebe - Talkpal\",\"isPartOf\":{\"@id\":\"https:\/\/talkpal.ai\/hr\/#website\"},\"primaryImageOfPage\":{\"@id\":\"https:\/\/talkpal.ai\/hr\/bjeloruske-gramaticke-vjezbe\/#primaryimage\"},\"image\":{\"@id\":\"https:\/\/talkpal.ai\/hr\/bjeloruske-gramaticke-vjezbe\/#primaryimage\"},\"thumbnailUrl\":\"https:\/\/talkpal.ai\/wp-content\/uploads\/2023\/05\/belarus.png\",\"datePublished\":\"2023-06-16T11:55:18+00:00\",\"dateModified\":\"2025-05-23T11:31:44+00:00\",\"description\":\"Oja\u010dajte svoje znanje bjeloruskog jezika interaktivnim vje\u017ebama iz bjeloruske gramatike od Talkpal , va\u0161eg jezi\u010dnog tutora s umjetnom inteligencijom.\",\"breadcrumb\":{\"@id\":\"https:\/\/talkpal.ai\/hr\/bjeloruske-gramaticke-vjezbe\/#breadcrumb\"},\"inLanguage\":\"hr\",\"potentialAction\":[{\"@type\":\"ReadAction\",\"target\":[\"https:\/\/talkpal.ai\/hr\/bjeloruske-gramaticke-vjezbe\/\"]}]},{\"@type\":\"ImageObject\",\"inLanguage\":\"hr\",\"@id\":\"https:\/\/talkpal.ai\/hr\/bjeloruske-gramaticke-vjezbe\/#primaryimage\",\"url\":\"https:\/\/talkpal.ai\/wp-content\/uploads\/2023\/05\/belarus.png\",\"contentUrl\":\"https:\/\/talkpal.ai\/wp-content\/uploads\/2023\/05\/belarus.png\",\"width\":512,\"height\":512},{\"@type\":\"BreadcrumbList\",\"@id\":\"https:\/\/talkpal.ai\/hr\/bjeloruske-gramaticke-vjezbe\/#breadcrumb\",\"itemListElement\":[{\"@type\":\"ListItem\",\"position\":1,\"name\":\"Homepage\",\"item\":\"https:\/\/talkpal.ai\/hr\/\"},{\"@type\":\"ListItem\",\"position\":2,\"name\":\"Bjeloruske gramati\u010dke vje\u017ebe\"}]},{\"@type\":\"WebSite\",\"@id\":\"https:\/\/talkpal.ai\/hr\/#website\",\"url\":\"https:\/\/talkpal.ai\/hr\/\",\"name\":\"Talkpal\",\"description\":\"AI Language Learning\",\"publisher\":{\"@id\":\"https:\/\/talkpal.ai\/hr\/#organization\"},\"alternateName\":\"Talkpal AI\",\"potentialAction\":[{\"@type\":\"SearchAction\",\"target\":{\"@type\":\"EntryPoint\",\"urlTemplate\":\"https:\/\/talkpal.ai\/hr\/?s={search_term_string}\"},\"query-input\":{\"@type\":\"PropertyValueSpecification\",\"valueRequired\":true,\"valueName\":\"search_term_string\"}}],\"inLanguage\":\"hr\"},{\"@type\":\"Organization\",\"@id\":\"https:\/\/talkpal.ai\/hr\/#organization\",\"name\":\"Talkpal, Inc.\",\"alternateName\":\"Talkpal AI\",\"url\":\"https:\/\/talkpal.ai\/hr\/\",\"logo\":{\"@type\":\"ImageObject\",\"inLanguage\":\"hr\",\"@id\":\"https:\/\/talkpal.ai\/hr\/#\/schema\/logo\/image\/\",\"url\":\"https:\/\/talkpal.ai\/wp-content\/uploads\/2024\/03\/Talkpal-Logo-Icon.png\",\"contentUrl\":\"https:\/\/talkpal.ai\/wp-content\/uploads\/2024\/03\/Talkpal-Logo-Icon.png\",\"width\":2880,\"height\":2880,\"caption\":\"Talkpal, Inc.\"},\"image\":{\"@id\":\"https:\/\/talkpal.ai\/hr\/#\/schema\/logo\/image\/\"},\"sameAs\":[\"https:\/\/www.facebook.com\/profile.php?id=100090733639311\",\"https:\/\/x.com\/talkpalai\",\"https:\/\/www.linkedin.com\/company\/talkpal\/\",\"https:\/\/www.youtube.com\/@TalkPal\/\",\"https:\/\/www.tiktok.com\/@talkpal\",\"https:\/\/www.instagram.com\/talkpal_ai\/\",\"https:\/\/www.crunchbase.com\/organization\/talkpal-9cde\",\"https:\/\/www.g2.com\/products\/talkpal-for-business\/\",\"https:\/\/www.trustpilot.com\/review\/talkpal.ai\",\"https:\/\/www.capterra.com\/p\/10006800\/TalkPal\/\"],\"description\":\"Talkpal is a language learning web and mobile education app, powered by the latest AI technologies, that provides engaging experiences to its customers in many different languages to help them improve their language skills. Users can chat about unlimited amount of topics with the app and use other modes to practice their language learning.\",\"email\":\"support@talkpal.ai\",\"legalName\":\"Talkpal, Inc.\",\"foundingDate\":\"2023-04-03\",\"duns\":\"118989042\",\"numberOfEmployees\":{\"@type\":\"QuantitativeValue\",\"minValue\":\"11\",\"maxValue\":\"50\"},\"publishingPrinciples\":\"https:\/\/talkpal.ai\/publishing-principles\/\",\"actionableFeedbackPolicy\":\"https:\/\/talkpal.ai\/actionable-feedback-policy\/\",\"correctionsPolicy\":\"https:\/\/talkpal.ai\/corrections-policy\/\",\"ethicsPolicy\":\"https:\/\/talkpal.ai\/ethics-policy\/\",\"diversityPolicy\":\"https:\/\/talkpal.ai\/diversity-policy\/\",\"diversityStaffingReport\":\"https:\/\/talkpal.ai\/diversity-policy\/\"}]}<\/script>\n<!-- \/ Yoast SEO Premium plugin. -->","yoast_head_json":{"title":"Bjeloruske gramati\u010dke vje\u017ebe - Talkpal","description":"Oja\u010dajte svoje znanje bjeloruskog jezika interaktivnim vje\u017ebama iz bjeloruske gramatike od Talkpal , va\u0161eg jezi\u010dnog tutora s umjetnom inteligencijom.","robots":{"index":"index","follow":"follow","max-snippet":"max-snippet:-1","max-image-preview":"max-image-preview:large","max-video-preview":"max-video-preview:-1"},"canonical":"https:\/\/talkpal.ai\/hr\/bjeloruske-gramaticke-vjezbe\/","og_locale":"hr_HR","og_type":"article","og_title":"Bjeloruske gramati\u010dke vje\u017ebe","og_description":"Bjeloruske gramati\u010dke teme Bjeloruski je isto\u010dnoslavenski jezik koji u Bjelorusiji prete\u017eno govori oko 70% stanovni\u0161tva. Kao slavenski jezik dijeli","og_url":"https:\/\/talkpal.ai\/hr\/bjeloruske-gramaticke-vjezbe\/","og_site_name":"Talkpal","article_publisher":"https:\/\/www.facebook.com\/profile.php?id=100090733639311","article_modified_time":"2025-05-23T11:31:44+00:00","og_image":[{"width":512,"height":512,"url":"https:\/\/talkpal.ai\/wp-content\/uploads\/2023\/05\/belarus.png","type":"image\/png"}],"twitter_card":"summary_large_image","twitter_site":"@talkpalai","twitter_misc":{"Procijenjeno vrijeme \u010ditanja":"3 minute"},"schema":{"@context":"https:\/\/schema.org","@graph":[{"@type":"WebPage","@id":"https:\/\/talkpal.ai\/hr\/bjeloruske-gramaticke-vjezbe\/","url":"https:\/\/talkpal.ai\/hr\/bjeloruske-gramaticke-vjezbe\/","name":"Bjeloruske gramati\u010dke vje\u017ebe - Talkpal","isPartOf":{"@id":"https:\/\/talkpal.ai\/hr\/#website"},"primaryImageOfPage":{"@id":"https:\/\/talkpal.ai\/hr\/bjeloruske-gramaticke-vjezbe\/#primaryimage"},"image":{"@id":"https:\/\/talkpal.ai\/hr\/bjeloruske-gramaticke-vjezbe\/#primaryimage"},"thumbnailUrl":"https:\/\/talkpal.ai\/wp-content\/uploads\/2023\/05\/belarus.png","datePublished":"2023-06-16T11:55:18+00:00","dateModified":"2025-05-23T11:31:44+00:00","description":"Oja\u010dajte svoje znanje bjeloruskog jezika interaktivnim vje\u017ebama iz bjeloruske gramatike od Talkpal , va\u0161eg jezi\u010dnog tutora s umjetnom inteligencijom.","breadcrumb":{"@id":"https:\/\/talkpal.ai\/hr\/bjeloruske-gramaticke-vjezbe\/#breadcrumb"},"inLanguage":"hr","potentialAction":[{"@type":"ReadAction","target":["https:\/\/talkpal.ai\/hr\/bjeloruske-gramaticke-vjezbe\/"]}]},{"@type":"ImageObject","inLanguage":"hr","@id":"https:\/\/talkpal.ai\/hr\/bjeloruske-gramaticke-vjezbe\/#primaryimage","url":"https:\/\/talkpal.ai\/wp-content\/uploads\/2023\/05\/belarus.png","contentUrl":"https:\/\/talkpal.ai\/wp-content\/uploads\/2023\/05\/belarus.png","width":512,"height":512},{"@type":"BreadcrumbList","@id":"https:\/\/talkpal.ai\/hr\/bjeloruske-gramaticke-vjezbe\/#breadcrumb","itemListElement":[{"@type":"ListItem","position":1,"name":"Homepage","item":"https:\/\/talkpal.ai\/hr\/"},{"@type":"ListItem","position":2,"name":"Bjeloruske gramati\u010dke vje\u017ebe"}]},{"@type":"WebSite","@id":"https:\/\/talkpal.ai\/hr\/#website","url":"https:\/\/talkpal.ai\/hr\/","name":"Talkpal","description":"AI Language Learning","publisher":{"@id":"https:\/\/talkpal.ai\/hr\/#organization"},"alternateName":"Talkpal AI","potentialAction":[{"@type":"SearchAction","target":{"@type":"EntryPoint","urlTemplate":"https:\/\/talkpal.ai\/hr\/?s={search_term_string}"},"query-input":{"@type":"PropertyValueSpecification","valueRequired":true,"valueName":"search_term_string"}}],"inLanguage":"hr"},{"@type":"Organization","@id":"https:\/\/talkpal.ai\/hr\/#organization","name":"Talkpal, Inc.","alternateName":"Talkpal AI","url":"https:\/\/talkpal.ai\/hr\/","logo":{"@type":"ImageObject","inLanguage":"hr","@id":"https:\/\/talkpal.ai\/hr\/#\/schema\/logo\/image\/","url":"https:\/\/talkpal.ai\/wp-content\/uploads\/2024\/03\/Talkpal-Logo-Icon.png","contentUrl":"https:\/\/talkpal.ai\/wp-content\/uploads\/2024\/03\/Talkpal-Logo-Icon.png","width":2880,"height":2880,"caption":"Talkpal, Inc."},"image":{"@id":"https:\/\/talkpal.ai\/hr\/#\/schema\/logo\/image\/"},"sameAs":["https:\/\/www.facebook.com\/profile.php?id=100090733639311","https:\/\/x.com\/talkpalai","https:\/\/www.linkedin.com\/company\/talkpal\/","https:\/\/www.youtube.com\/@TalkPal\/","https:\/\/www.tiktok.com\/@talkpal","https:\/\/www.instagram.com\/talkpal_ai\/","https:\/\/www.crunchbase.com\/organization\/talkpal-9cde","https:\/\/www.g2.com\/products\/talkpal-for-business\/","https:\/\/www.trustpilot.com\/review\/talkpal.ai","https:\/\/www.capterra.com\/p\/10006800\/TalkPal\/"],"description":"Talkpal is a language learning web and mobile education app, powered by the latest AI technologies, that provides engaging experiences to its customers in many different languages to help them improve their language skills. Users can chat about unlimited amount of topics with the app and use other modes to practice their language learning.","email":"support@talkpal.ai","legalName":"Talkpal, Inc.","foundingDate":"2023-04-03","duns":"118989042","numberOfEmployees":{"@type":"QuantitativeValue","minValue":"11","maxValue":"50"},"publishingPrinciples":"https:\/\/talkpal.ai\/publishing-principles\/","actionableFeedbackPolicy":"https:\/\/talkpal.ai\/actionable-feedback-policy\/","correctionsPolicy":"https:\/\/talkpal.ai\/corrections-policy\/","ethicsPolicy":"https:\/\/talkpal.ai\/ethics-policy\/","diversityPolicy":"https:\/\/talkpal.ai\/diversity-policy\/","diversityStaffingReport":"https:\/\/talkpal.ai\/diversity-policy\/"}]}},"_links":{"self":[{"href":"https:\/\/talkpal.ai\/hr\/wp-json\/wp\/v2\/pages\/165648","targetHints":{"allow":["GET"]}}],"collection":[{"href":"https:\/\/talkpal.ai\/hr\/wp-json\/wp\/v2\/pages"}],"about":[{"href":"https:\/\/talkpal.ai\/hr\/wp-json\/wp\/v2\/types\/page"}],"author":[{"embeddable":true,"href":"https:\/\/talkpal.ai\/hr\/wp-json\/wp\/v2\/users\/6"}],"replies":[{"embeddable":true,"href":"https:\/\/talkpal.ai\/hr\/wp-json\/wp\/v2\/comments?post=165648"}],"version-history":[{"count":0,"href":"https:\/\/talkpal.ai\/hr\/wp-json\/wp\/v2\/pages\/165648\/revisions"}],"wp:featuredmedia":[{"embeddable":true,"href":"https:\/\/talkpal.ai\/hr\/wp-json\/wp\/v2\/media\/110529"}],"wp:attachment":[{"href":"https:\/\/talkpal.ai\/hr\/wp-json\/wp\/v2\/media?parent=165648"}],"curies":[{"name":"wp","href":"https:\/\/api.w.org\/{rel}","templated":true}]}}