{"id":164642,"date":"2023-06-16T12:39:48","date_gmt":"2023-06-16T12:39:48","guid":{"rendered":"http:\/\/talkpal.ai\/bugarske-gramaticke-vjezbe\/"},"modified":"2025-05-23T12:00:26","modified_gmt":"2025-05-23T12:00:26","slug":"bugarske-gramaticke-vjezbe","status":"publish","type":"page","link":"https:\/\/talkpal.ai\/hr\/bugarske-gramaticke-vjezbe\/","title":{"rendered":"Bugarske gramati\u010dke vje\u017ebe"},"content":{"rendered":"\r\n\r\n\r\n<section class=\"languageChallengeSection\">\r\n    <div class=\"languageInfoWrapper\">\r\n        \r\n        <h1>Bugarske gramati\u010dke vje\u017ebe<\/h1>\r\n        <p>\u017delite li pobolj\u0161ati svoje znanje bugarskog jezika? Vje\u017ebanje gramati\u010dkih vje\u017ebi izvrstan je na\u010din za svladavanje re\u010deni\u010dne strukture, glagolskih oblika i jedinstvenih obrazaca bugarskog jezika. Po\u010dnite raditi na bugarskoj gramatici ve\u0107 danas i gledajte kako vam samopouzdanje i te\u010dnost rastu sa svakom vje\u017ebom!<\/p>\r\n\r\n                            <a class=\"getStartedHidden\" href=\"https:\/\/app.talkpal.ai\/hr\/signup?lng=\">Zapo\u010dni<\/a>\r\n        \r\n    <\/div>\r\n\r\n    <figure>\r\n    <img decoding=\"async\" width=\"768\" height=\"768\" src=\"https:\/\/talkpal.ai\/wp-content\/uploads\/2023\/06\/bulgarian-768x768.png\" class=\"languageImage no-lazy\" alt=\"Language learning for deeper cultural understanding\" fetchpriority=\"high\" sizes=\"(max-width: 768px) 150px, 768px\" srcset=\"https:\/\/talkpal.ai\/wp-content\/uploads\/2023\/06\/bulgarian-768x768.png 768w, https:\/\/talkpal.ai\/wp-content\/uploads\/2023\/06\/bulgarian-300x300.png 300w\" \/>\r\n    \r\n\r\n    <\/figure>\r\n\r\n            <a class=\"getStartedVisible\" href=\"https:\/\/app.talkpal.ai\/hr\/signup?lng=\">Zapo\u010dni<\/a>\r\n    \r\n<\/section>\r\n\r\n\r\n<!-- <section class=\"grammarSection\">\r\n    <div class=\"grammarLinks\">\r\n            <\/div>\r\n<\/section> -->\r\n\r\n\r\n\r\n\r\n<section class=\"promotionalBanner\">\r\n    <p class=\"promotionalText\">Naju\u010dinkovitiji na\u010din u\u010denja jezika<\/p>\r\n    <a class=\"promotionalLink\" href=\"https:\/\/app.talkpal.ai\/hr\/signup?lng=\">Isprobajte Talkpal besplatno<\/a>\r\n<\/section>\n<div class=\"wp-block-group pageContainerStyle\"><div class=\"wp-block-group__inner-container is-layout-constrained wp-block-group-is-layout-constrained\">\n<h2 class=\"wp-block-heading\" id=\"h-bulgarian-grammar-topics\">Bugarske gramati\u010dke teme<\/h2>\n\n\n\n<p><a href=\"https:\/\/talkpal.ai\/learn-bulgarian\/\">Bugarski<\/a> je ju\u017enoslavenski jezik kojim se govori prvenstveno u Bugarskoj i od strane bugarskih zajednica u susjednim zemljama. Kao slu\u017ebeni jezik Bugarske, igra vitalnu ulogu u kulturi, povijesti i svakodnevnom \u017eivotu zemlje. U\u010denje bugarskog jezika mo\u017ee biti korisno iskustvo, jer vam omogu\u0107uje da istra\u017eite bogatu knji\u017eevnost, prekrasne krajolike i ukusnu kuhinju zemlje. Za ovladavanje bugarskim bitno je razumjeti njegovu gramatiku, <a href=\"https:\/\/talkpal.ai\/locations\/language-courses-in-koja\/\">koja<\/a> ima svoje jedinstvene zna\u010dajke i strukture. U ovom \u0107emo vodi\u010du istra\u017eiti klju\u010dne bugarske gramati\u010dke teme koje biste trebali nau\u010diti u slijedu kako biste postigli \u010dvrste temelje u jeziku.<\/p>\n\n\n\n<h3 class=\"wp-block-heading\" id=\"h-1-nouns\">1. Imenice:<\/h3>\n\n\n\n<p>Bugarske imenice imaju spol (mu\u0161ki, \u017eenski i kastrirani), \u0161to je va\u017eno znati jer utje\u010de na oblik drugih rije\u010di u re\u010denici, kao \u0161to su pridjevi i \u010dlanci. Oni tako\u0111er imaju jedinstvene i mno\u017einske oblike, ali za razliku od engleskog, nema slu\u010dajeva.<\/p>\n\n\n\n<h3 class=\"wp-block-heading\" id=\"h-2-articles\">2. \u010clanci:<\/h3>\n\n\n\n<p>Na bugarskom jeziku \u010dlanci su prilo\u017eeni na kraju imenice koju mijenjaju. Postoje odre\u0111eni i neodre\u0111eni \u010dlanci, a oni se mijenjaju prema spolu i broju imenice.<\/p>\n\n\n\n<h3 class=\"wp-block-heading\" id=\"h-3-pronouns-determiners\">3. Zamjenice\/Odrediva\u010di:<\/h3>\n\n\n\n<p>Bugarski ima osobne, posesivne, demonstrativne, upitne i relativne zamjenice. Sla\u017eu se po spolu i broju s imenicom koju zamjenjuju ili mijenjaju. Odrediva\u010di se koriste za odre\u0111ivanje ili kvantificiranje imenica.<\/p>\n\n\n\n<h3 class=\"wp-block-heading\" id=\"h-4-adjectives\">4. Pridjevi:<\/h3>\n\n\n\n<p>Pridjevi na bugarskom jeziku sla\u017eu se po spolu, broju i definitivnosti s imenicom koju mijenjaju. Imaju tri stupnja usporedbe \u2013 pozitivan, komparativ i superlativ.<\/p>\n\n\n\n<h3 class=\"wp-block-heading\" id=\"h-5-adverbs\">5. Prilozi:<\/h3>\n\n\n\n<p>Prilozi mijenjaju glagole, pridjeve ili druge priloge. Ne mijenjaju oblik i bitni su za izra\u017eavanje vremena, mjesta, na\u010dina i stupnja.<\/p>\n\n\n\n<h3 class=\"wp-block-heading\" id=\"h-6-verbs\">6. Glagoli:<\/h3>\n\n\n\n<p>Bugarski glagoli imaju tri glavne konjugacije i nametnuti su za osobu, broj, vrijeme, raspolo\u017eenje i glas. U\u010denje ispravne konjugacije i razumijevanje razli\u010ditih glagolskih aspekata klju\u010dno je za pravilnu komunikaciju.<\/p>\n\n\n\n<h3 class=\"wp-block-heading\" id=\"h-7-tenses\">7. Vrijeme:<\/h3>\n\n\n\n<p>Bugarski ima tri glavna vremena \u2013 pro\u0161lost, sada\u0161njost i budu\u0107nost. U\u010denje kako oblikovati i koristiti ova vremena klju\u010dno je za razumijevanje i izra\u017eavanje vremena na bugarskom jeziku.<\/p>\n\n\n\n<h3 class=\"wp-block-heading\" id=\"h-8-tense-comparison\">8. Usporedba vremena:<\/h3>\n\n\n\n<p>Mogu\u0107nost usporedbe razli\u010ditih vremena va\u017ena je za razumijevanje slo\u017eenih re\u010denica i izra\u017eavanje razli\u010ditih vremenskih odnosa na bugarskom jeziku.<\/p>\n\n\n\n<h3 class=\"wp-block-heading\" id=\"h-9-progressive\">9. Progresivno:<\/h3>\n\n\n\n<p>Progresivni aspekt na bugarskom jeziku koristi se za opisivanje teku\u0107ih akcija. Mo\u017ee se formirati pomo\u0107nim glagolima i sada\u0161njim participom glavnog glagola.<\/p>\n\n\n\n<h3 class=\"wp-block-heading\" id=\"h-10-perfect-progressive\">10. Savr\u0161en progresivan:<\/h3>\n\n\n\n<p>Savr\u0161en progresivni aspekt kombinira savr\u0161ene i progresivne aspekte za izra\u017eavanje radnji koje su zapo\u010dele u pro\u0161losti, nastavljaju se u sada\u0161njosti i mogu se nastaviti u budu\u0107nosti.<\/p>\n\n\n\n<h3 class=\"wp-block-heading\" id=\"h-11-conditionals\">11. Uvjeti:<\/h3>\n\n\n\n<p>Bugarski ima tri vrste kondicionala \u2013 pravi, nestvarni i potencijalni. Koriste se za izra\u017eavanje hipotetskih ili suprotnih \u010dinjenica, kao i za predvi\u0111anje ili davanje savjeta.<\/p>\n\n\n\n<h3 class=\"wp-block-heading\" id=\"h-12-prepositions\">12. Prijedlozi:<\/h3>\n\n\n\n<p>Prijedlozi su neophodni za izra\u017eavanje odnosa izme\u0111u rije\u010di u re\u010denici. Koriste se za ozna\u010davanje lokacije, vremena, smjera, uzroka i drugih odnosa.<\/p>\n\n\n\n<h3 class=\"wp-block-heading\" id=\"h-13-sentences\">13. Re\u010denice:<\/h3>\n\n\n\n<p>U\u010denje kako oblikovati jednostavne i slo\u017eene re\u010denice na bugarskom jeziku klju\u010dno je za u\u010dinkovitu komunikaciju. To uklju\u010duje razumijevanje ispravnog redoslijeda rije\u010di, slaganja subjekta i glagola te kori\u0161tenje veznika i drugih struktura re\u010denica.<\/p>\n<\/div><\/div>\n\r\n<section class=\"learnNavigationSection\">\r\n            \r\n        <a href=\"https:\/\/talkpal.ai\/hr\/ucenje-bugarskog-jezika\/\">\r\n            <div class=\"learnNavigationWrapper\">\r\n                <div class=\"learnNavigationContent\">\r\n                    <img decoding=\"async\" src=\"https:\/\/talkpal.ai\/wp-content\/uploads\/2024\/08\/Bulgarian.jpg\" alt=\"Bulgarian Flag\">\r\n                    <div>\r\n                        <h4>O bugarskom u\u010denju<\/h4>\r\n                        <p>Saznajte sve o bugarskoj gramatici.<\/p>\r\n                    <\/div>\r\n                <\/div>\r\n            <\/div>\r\n        <\/a>\r\n\r\n        \r\n        <a href=\"https:\/\/talkpal.ai\/hr\/bugarska-gramatika\/\">\r\n            <div class=\"learnNavigationWrapper\">\r\n                <div class=\"learnNavigationContent\">\r\n                    <img decoding=\"async\" src=\"https:\/\/talkpal.ai\/wp-content\/uploads\/2024\/08\/Bulgarian.jpg\" alt=\"Bulgarian Flag\">\r\n                    <div>\r\n                        <h4>Lekcije bugarske gramatike<\/h4>\r\n                        <p>Vje\u017ebajte bugarsku gramatiku.<\/p>\r\n                    <\/div>\r\n                <\/div>\r\n            <\/div>\r\n        <\/a>\r\n\r\n        \r\n        <a href=\"https:\/\/talkpal.ai\/vocabulary_language\/bulgarian\/\">\r\n            <div class=\"learnNavigationWrapper\">\r\n                <div class=\"learnNavigationContent\">\r\n                    <img decoding=\"async\" src=\"https:\/\/talkpal.ai\/wp-content\/uploads\/2024\/08\/Bulgarian.jpg\" alt=\"Bulgarian Flag\">\r\n                    <div>\r\n                        <h4>Bugarski rje\u010dnik<\/h4>\r\n                        <p>Pro\u0161irite svoj bugarski vokabular.<\/p>\r\n                    <\/div>\r\n                <\/div>\r\n            <\/div>\r\n        <\/a>\r\n\r\n            <\/section>","protected":false},"excerpt":{"rendered":"<p>Bugarske gramati\u010dke teme Bugarski je ju\u017enoslavenski jezik kojim se govori prvenstveno u Bugarskoj i od strane bugarskih zajednica u susjednim zemljama. Kao slu\u017ebeni jezik Bugarske, igra vitalnu ulogu u kulturi, povijesti i svakodnevnom \u017eivotu zemlje. U\u010denje bugarskog jezika mo\u017ee biti korisno iskustvo, jer vam omogu\u0107uje da istra\u017eite bogatu knji\u017eevnost, prekrasne krajolike i ukusnu kuhinju zemlje. [&hellip;]<\/p>\n","protected":false},"author":6,"featured_media":111124,"parent":0,"menu_order":0,"comment_status":"closed","ping_status":"closed","template":"LearningContentPage.php","meta":{"_acf_changed":false,"footnotes":""},"class_list":["post-164642","page","type-page","status-publish","has-post-thumbnail","hentry"],"acf":[],"yoast_head":"<!-- This site is optimized with the Yoast SEO Premium plugin v27.2 (Yoast SEO v27.2) - https:\/\/yoast.com\/product\/yoast-seo-premium-wordpress\/ -->\n<title>Bugarske gramati\u010dke vje\u017ebe - Talkpal<\/title>\n<meta name=\"description\" content=\"Unaprijedite svoje jezi\u010dne vje\u0161tine vje\u017ebama bugarske gramatike. Savladajte gramatiku za \u010dvrste temelje bugarskog jezika.\" \/>\n<meta name=\"robots\" content=\"index, follow, max-snippet:-1, max-image-preview:large, max-video-preview:-1\" \/>\n<link rel=\"canonical\" href=\"https:\/\/talkpal.ai\/hr\/bugarske-gramaticke-vjezbe\/\" \/>\n<meta property=\"og:locale\" content=\"hr_HR\" \/>\n<meta property=\"og:type\" content=\"article\" \/>\n<meta property=\"og:title\" content=\"Bugarske gramati\u010dke vje\u017ebe\" \/>\n<meta property=\"og:description\" content=\"Bugarske gramati\u010dke teme Bugarski je ju\u017enoslavenski jezik kojim se govori prvenstveno u Bugarskoj i od strane bugarskih zajednica u susjednim zemljama.\" \/>\n<meta property=\"og:url\" content=\"https:\/\/talkpal.ai\/hr\/bugarske-gramaticke-vjezbe\/\" \/>\n<meta property=\"og:site_name\" content=\"Talkpal\" \/>\n<meta property=\"article:publisher\" content=\"https:\/\/www.facebook.com\/profile.php?id=100090733639311\" \/>\n<meta property=\"article:modified_time\" content=\"2025-05-23T12:00:26+00:00\" \/>\n<meta property=\"og:image\" content=\"https:\/\/talkpal.ai\/wp-content\/uploads\/2023\/05\/bulgaria.png\" \/>\n\t<meta property=\"og:image:width\" content=\"512\" \/>\n\t<meta property=\"og:image:height\" content=\"512\" \/>\n\t<meta property=\"og:image:type\" content=\"image\/png\" \/>\n<meta name=\"twitter:card\" content=\"summary_large_image\" \/>\n<meta name=\"twitter:site\" content=\"@talkpalai\" \/>\n<meta name=\"twitter:label1\" content=\"Procijenjeno vrijeme \u010ditanja\" \/>\n\t<meta name=\"twitter:data1\" content=\"3 minute\" \/>\n<script type=\"application\/ld+json\" class=\"yoast-schema-graph\">{\"@context\":\"https:\/\/schema.org\",\"@graph\":[{\"@type\":\"WebPage\",\"@id\":\"https:\/\/talkpal.ai\/hr\/bugarske-gramaticke-vjezbe\/\",\"url\":\"https:\/\/talkpal.ai\/hr\/bugarske-gramaticke-vjezbe\/\",\"name\":\"Bugarske gramati\u010dke vje\u017ebe - Talkpal\",\"isPartOf\":{\"@id\":\"https:\/\/talkpal.ai\/hr\/#website\"},\"primaryImageOfPage\":{\"@id\":\"https:\/\/talkpal.ai\/hr\/bugarske-gramaticke-vjezbe\/#primaryimage\"},\"image\":{\"@id\":\"https:\/\/talkpal.ai\/hr\/bugarske-gramaticke-vjezbe\/#primaryimage\"},\"thumbnailUrl\":\"https:\/\/talkpal.ai\/wp-content\/uploads\/2023\/05\/bulgaria.png\",\"datePublished\":\"2023-06-16T12:39:48+00:00\",\"dateModified\":\"2025-05-23T12:00:26+00:00\",\"description\":\"Unaprijedite svoje jezi\u010dne vje\u0161tine vje\u017ebama bugarske gramatike. Savladajte gramatiku za \u010dvrste temelje bugarskog jezika.\",\"breadcrumb\":{\"@id\":\"https:\/\/talkpal.ai\/hr\/bugarske-gramaticke-vjezbe\/#breadcrumb\"},\"inLanguage\":\"hr\",\"potentialAction\":[{\"@type\":\"ReadAction\",\"target\":[\"https:\/\/talkpal.ai\/hr\/bugarske-gramaticke-vjezbe\/\"]}]},{\"@type\":\"ImageObject\",\"inLanguage\":\"hr\",\"@id\":\"https:\/\/talkpal.ai\/hr\/bugarske-gramaticke-vjezbe\/#primaryimage\",\"url\":\"https:\/\/talkpal.ai\/wp-content\/uploads\/2023\/05\/bulgaria.png\",\"contentUrl\":\"https:\/\/talkpal.ai\/wp-content\/uploads\/2023\/05\/bulgaria.png\",\"width\":512,\"height\":512},{\"@type\":\"BreadcrumbList\",\"@id\":\"https:\/\/talkpal.ai\/hr\/bugarske-gramaticke-vjezbe\/#breadcrumb\",\"itemListElement\":[{\"@type\":\"ListItem\",\"position\":1,\"name\":\"Homepage\",\"item\":\"https:\/\/talkpal.ai\/hr\/\"},{\"@type\":\"ListItem\",\"position\":2,\"name\":\"Bugarske gramati\u010dke vje\u017ebe\"}]},{\"@type\":\"WebSite\",\"@id\":\"https:\/\/talkpal.ai\/hr\/#website\",\"url\":\"https:\/\/talkpal.ai\/hr\/\",\"name\":\"Talkpal\",\"description\":\"AI Language Learning\",\"publisher\":{\"@id\":\"https:\/\/talkpal.ai\/hr\/#organization\"},\"alternateName\":\"Talkpal AI\",\"potentialAction\":[{\"@type\":\"SearchAction\",\"target\":{\"@type\":\"EntryPoint\",\"urlTemplate\":\"https:\/\/talkpal.ai\/hr\/?s={search_term_string}\"},\"query-input\":{\"@type\":\"PropertyValueSpecification\",\"valueRequired\":true,\"valueName\":\"search_term_string\"}}],\"inLanguage\":\"hr\"},{\"@type\":\"Organization\",\"@id\":\"https:\/\/talkpal.ai\/hr\/#organization\",\"name\":\"Talkpal, Inc.\",\"alternateName\":\"Talkpal AI\",\"url\":\"https:\/\/talkpal.ai\/hr\/\",\"logo\":{\"@type\":\"ImageObject\",\"inLanguage\":\"hr\",\"@id\":\"https:\/\/talkpal.ai\/hr\/#\/schema\/logo\/image\/\",\"url\":\"https:\/\/talkpal.ai\/wp-content\/uploads\/2024\/03\/Talkpal-Logo-Icon.png\",\"contentUrl\":\"https:\/\/talkpal.ai\/wp-content\/uploads\/2024\/03\/Talkpal-Logo-Icon.png\",\"width\":2880,\"height\":2880,\"caption\":\"Talkpal, Inc.\"},\"image\":{\"@id\":\"https:\/\/talkpal.ai\/hr\/#\/schema\/logo\/image\/\"},\"sameAs\":[\"https:\/\/www.facebook.com\/profile.php?id=100090733639311\",\"https:\/\/x.com\/talkpalai\",\"https:\/\/www.linkedin.com\/company\/talkpal\/\",\"https:\/\/www.youtube.com\/@TalkPal\/\",\"https:\/\/www.tiktok.com\/@talkpal\",\"https:\/\/www.instagram.com\/talkpal_ai\/\",\"https:\/\/www.crunchbase.com\/organization\/talkpal-9cde\",\"https:\/\/www.g2.com\/products\/talkpal-for-business\/\",\"https:\/\/www.trustpilot.com\/review\/talkpal.ai\",\"https:\/\/www.capterra.com\/p\/10006800\/TalkPal\/\"],\"description\":\"Talkpal is a language learning web and mobile education app, powered by the latest AI technologies, that provides engaging experiences to its customers in many different languages to help them improve their language skills. Users can chat about unlimited amount of topics with the app and use other modes to practice their language learning.\",\"email\":\"support@talkpal.ai\",\"legalName\":\"Talkpal, Inc.\",\"foundingDate\":\"2023-04-03\",\"duns\":\"118989042\",\"numberOfEmployees\":{\"@type\":\"QuantitativeValue\",\"minValue\":\"11\",\"maxValue\":\"50\"},\"publishingPrinciples\":\"https:\/\/talkpal.ai\/publishing-principles\/\",\"actionableFeedbackPolicy\":\"https:\/\/talkpal.ai\/actionable-feedback-policy\/\",\"correctionsPolicy\":\"https:\/\/talkpal.ai\/corrections-policy\/\",\"ethicsPolicy\":\"https:\/\/talkpal.ai\/ethics-policy\/\",\"diversityPolicy\":\"https:\/\/talkpal.ai\/diversity-policy\/\",\"diversityStaffingReport\":\"https:\/\/talkpal.ai\/diversity-policy\/\"}]}<\/script>\n<!-- \/ Yoast SEO Premium plugin. -->","yoast_head_json":{"title":"Bugarske gramati\u010dke vje\u017ebe - Talkpal","description":"Unaprijedite svoje jezi\u010dne vje\u0161tine vje\u017ebama bugarske gramatike. Savladajte gramatiku za \u010dvrste temelje bugarskog jezika.","robots":{"index":"index","follow":"follow","max-snippet":"max-snippet:-1","max-image-preview":"max-image-preview:large","max-video-preview":"max-video-preview:-1"},"canonical":"https:\/\/talkpal.ai\/hr\/bugarske-gramaticke-vjezbe\/","og_locale":"hr_HR","og_type":"article","og_title":"Bugarske gramati\u010dke vje\u017ebe","og_description":"Bugarske gramati\u010dke teme Bugarski je ju\u017enoslavenski jezik kojim se govori prvenstveno u Bugarskoj i od strane bugarskih zajednica u susjednim zemljama.","og_url":"https:\/\/talkpal.ai\/hr\/bugarske-gramaticke-vjezbe\/","og_site_name":"Talkpal","article_publisher":"https:\/\/www.facebook.com\/profile.php?id=100090733639311","article_modified_time":"2025-05-23T12:00:26+00:00","og_image":[{"width":512,"height":512,"url":"https:\/\/talkpal.ai\/wp-content\/uploads\/2023\/05\/bulgaria.png","type":"image\/png"}],"twitter_card":"summary_large_image","twitter_site":"@talkpalai","twitter_misc":{"Procijenjeno vrijeme \u010ditanja":"3 minute"},"schema":{"@context":"https:\/\/schema.org","@graph":[{"@type":"WebPage","@id":"https:\/\/talkpal.ai\/hr\/bugarske-gramaticke-vjezbe\/","url":"https:\/\/talkpal.ai\/hr\/bugarske-gramaticke-vjezbe\/","name":"Bugarske gramati\u010dke vje\u017ebe - Talkpal","isPartOf":{"@id":"https:\/\/talkpal.ai\/hr\/#website"},"primaryImageOfPage":{"@id":"https:\/\/talkpal.ai\/hr\/bugarske-gramaticke-vjezbe\/#primaryimage"},"image":{"@id":"https:\/\/talkpal.ai\/hr\/bugarske-gramaticke-vjezbe\/#primaryimage"},"thumbnailUrl":"https:\/\/talkpal.ai\/wp-content\/uploads\/2023\/05\/bulgaria.png","datePublished":"2023-06-16T12:39:48+00:00","dateModified":"2025-05-23T12:00:26+00:00","description":"Unaprijedite svoje jezi\u010dne vje\u0161tine vje\u017ebama bugarske gramatike. Savladajte gramatiku za \u010dvrste temelje bugarskog jezika.","breadcrumb":{"@id":"https:\/\/talkpal.ai\/hr\/bugarske-gramaticke-vjezbe\/#breadcrumb"},"inLanguage":"hr","potentialAction":[{"@type":"ReadAction","target":["https:\/\/talkpal.ai\/hr\/bugarske-gramaticke-vjezbe\/"]}]},{"@type":"ImageObject","inLanguage":"hr","@id":"https:\/\/talkpal.ai\/hr\/bugarske-gramaticke-vjezbe\/#primaryimage","url":"https:\/\/talkpal.ai\/wp-content\/uploads\/2023\/05\/bulgaria.png","contentUrl":"https:\/\/talkpal.ai\/wp-content\/uploads\/2023\/05\/bulgaria.png","width":512,"height":512},{"@type":"BreadcrumbList","@id":"https:\/\/talkpal.ai\/hr\/bugarske-gramaticke-vjezbe\/#breadcrumb","itemListElement":[{"@type":"ListItem","position":1,"name":"Homepage","item":"https:\/\/talkpal.ai\/hr\/"},{"@type":"ListItem","position":2,"name":"Bugarske gramati\u010dke vje\u017ebe"}]},{"@type":"WebSite","@id":"https:\/\/talkpal.ai\/hr\/#website","url":"https:\/\/talkpal.ai\/hr\/","name":"Talkpal","description":"AI Language Learning","publisher":{"@id":"https:\/\/talkpal.ai\/hr\/#organization"},"alternateName":"Talkpal AI","potentialAction":[{"@type":"SearchAction","target":{"@type":"EntryPoint","urlTemplate":"https:\/\/talkpal.ai\/hr\/?s={search_term_string}"},"query-input":{"@type":"PropertyValueSpecification","valueRequired":true,"valueName":"search_term_string"}}],"inLanguage":"hr"},{"@type":"Organization","@id":"https:\/\/talkpal.ai\/hr\/#organization","name":"Talkpal, Inc.","alternateName":"Talkpal AI","url":"https:\/\/talkpal.ai\/hr\/","logo":{"@type":"ImageObject","inLanguage":"hr","@id":"https:\/\/talkpal.ai\/hr\/#\/schema\/logo\/image\/","url":"https:\/\/talkpal.ai\/wp-content\/uploads\/2024\/03\/Talkpal-Logo-Icon.png","contentUrl":"https:\/\/talkpal.ai\/wp-content\/uploads\/2024\/03\/Talkpal-Logo-Icon.png","width":2880,"height":2880,"caption":"Talkpal, Inc."},"image":{"@id":"https:\/\/talkpal.ai\/hr\/#\/schema\/logo\/image\/"},"sameAs":["https:\/\/www.facebook.com\/profile.php?id=100090733639311","https:\/\/x.com\/talkpalai","https:\/\/www.linkedin.com\/company\/talkpal\/","https:\/\/www.youtube.com\/@TalkPal\/","https:\/\/www.tiktok.com\/@talkpal","https:\/\/www.instagram.com\/talkpal_ai\/","https:\/\/www.crunchbase.com\/organization\/talkpal-9cde","https:\/\/www.g2.com\/products\/talkpal-for-business\/","https:\/\/www.trustpilot.com\/review\/talkpal.ai","https:\/\/www.capterra.com\/p\/10006800\/TalkPal\/"],"description":"Talkpal is a language learning web and mobile education app, powered by the latest AI technologies, that provides engaging experiences to its customers in many different languages to help them improve their language skills. Users can chat about unlimited amount of topics with the app and use other modes to practice their language learning.","email":"support@talkpal.ai","legalName":"Talkpal, Inc.","foundingDate":"2023-04-03","duns":"118989042","numberOfEmployees":{"@type":"QuantitativeValue","minValue":"11","maxValue":"50"},"publishingPrinciples":"https:\/\/talkpal.ai\/publishing-principles\/","actionableFeedbackPolicy":"https:\/\/talkpal.ai\/actionable-feedback-policy\/","correctionsPolicy":"https:\/\/talkpal.ai\/corrections-policy\/","ethicsPolicy":"https:\/\/talkpal.ai\/ethics-policy\/","diversityPolicy":"https:\/\/talkpal.ai\/diversity-policy\/","diversityStaffingReport":"https:\/\/talkpal.ai\/diversity-policy\/"}]}},"_links":{"self":[{"href":"https:\/\/talkpal.ai\/hr\/wp-json\/wp\/v2\/pages\/164642","targetHints":{"allow":["GET"]}}],"collection":[{"href":"https:\/\/talkpal.ai\/hr\/wp-json\/wp\/v2\/pages"}],"about":[{"href":"https:\/\/talkpal.ai\/hr\/wp-json\/wp\/v2\/types\/page"}],"author":[{"embeddable":true,"href":"https:\/\/talkpal.ai\/hr\/wp-json\/wp\/v2\/users\/6"}],"replies":[{"embeddable":true,"href":"https:\/\/talkpal.ai\/hr\/wp-json\/wp\/v2\/comments?post=164642"}],"version-history":[{"count":0,"href":"https:\/\/talkpal.ai\/hr\/wp-json\/wp\/v2\/pages\/164642\/revisions"}],"wp:featuredmedia":[{"embeddable":true,"href":"https:\/\/talkpal.ai\/hr\/wp-json\/wp\/v2\/media\/111124"}],"wp:attachment":[{"href":"https:\/\/talkpal.ai\/hr\/wp-json\/wp\/v2\/media?parent=164642"}],"curies":[{"name":"wp","href":"https:\/\/api.w.org\/{rel}","templated":true}]}}