{"id":162504,"date":"2023-06-21T14:18:43","date_gmt":"2023-06-21T14:18:43","guid":{"rendered":"http:\/\/talkpal.ai\/vjezbe-gramatike-za-grcku\/"},"modified":"2025-12-17T16:05:26","modified_gmt":"2025-12-17T16:05:26","slug":"vjezbe-gramatike-za-grcku","status":"publish","type":"page","link":"https:\/\/talkpal.ai\/hr\/vjezbe-gramatike-za-grcku\/","title":{"rendered":"Vje\u017ebe gramatike za Gr\u010dku"},"content":{"rendered":"\r\n\r\n\r\n<section class=\"languageChallengeSection\">\r\n    <div class=\"languageInfoWrapper\">\r\n        \r\n        <h1>Vje\u017ebe gramatike za Gr\u010dku<\/h1>\r\n        <p>U\u010dinimo u\u010denje gr\u010dkog zabavnim i jednostavnim! Isprobajte ove jednostavne vje\u017ebe kako biste uvje\u017ebali neke osnove gr\u010dke gramatike i zapo\u010deli svoje jezi\u010dno putovanje.<\/p>\r\n\r\n                            <a class=\"getStartedHidden\" href=\"https:\/\/app.talkpal.ai\/hr\/signup?lng=\">Zapo\u010dni<\/a>\r\n        \r\n    <\/div>\r\n\r\n    <figure>\r\n    <img decoding=\"async\" width=\"768\" height=\"768\" src=\"https:\/\/talkpal.ai\/wp-content\/uploads\/2023\/06\/greek-768x768.png\" class=\"languageImage no-lazy\" alt=\"Language learning to boost personal capability\" fetchpriority=\"high\" sizes=\"(max-width: 768px) 150px, 768px\" srcset=\"https:\/\/talkpal.ai\/wp-content\/uploads\/2023\/06\/greek-768x768.png 768w, https:\/\/talkpal.ai\/wp-content\/uploads\/2023\/06\/greek-300x300.png 300w\" \/>\r\n    \r\n\r\n    <\/figure>\r\n\r\n            <a class=\"getStartedVisible\" href=\"https:\/\/app.talkpal.ai\/hr\/signup?lng=\">Zapo\u010dni<\/a>\r\n    \r\n<\/section>\r\n\r\n\r\n<!-- <section class=\"grammarSection\">\r\n    <div class=\"grammarLinks\">\r\n            <\/div>\r\n<\/section> -->\r\n\r\n\r\n\r\n\r\n<section class=\"promotionalBanner\">\r\n    <p class=\"promotionalText\">Naju\u010dinkovitiji na\u010din u\u010denja jezika<\/p>\r\n    <a class=\"promotionalLink\" href=\"https:\/\/app.talkpal.ai\/hr\/signup?lng=\">Isprobajte Talkpal besplatno<\/a>\r\n<\/section>\n<div class=\"wp-block-group pageContainerStyle\"><div class=\"wp-block-group__inner-container is-layout-constrained wp-block-group-is-layout-constrained\">\n<h2 class=\"wp-block-heading\" id=\"h-greek-grammar-topics\">Gr\u010dke gramati\u010dke teme<\/h2>\n\n\n\n<p>U\u010denje gr\u010dkog jezika mo\u017ee biti nevjerojatno korisno iskustvo jer pru\u017ea ulaz u bogatu i raznoliku kulturu, knji\u017eevnost i povijest. <a href=\"https:\/\/talkpal.ai\/hr\/ucenje-grckog\/\">Gr\u010dki jezik<\/a> ima jedinstvenu gramati\u010dku strukturu <a href=\"https:\/\/talkpal.ai\/locations\/language-courses-in-koja\/\">koja<\/a> mo\u017ee biti fascinantna za istra\u017eivanje. Upoznavanje s gr\u010dkom gramatikom klju\u010dno je za ovladavanje jezikom, jer \u0107e vam omogu\u0107iti u\u010dinkovitu i to\u010dnu komunikaciju. Ovaj vodi\u010d pru\u017eit \u0107e vam pregled nekih od klju\u010dnih gr\u010dkih gramati\u010dkih tema, grupiranih u nizu koji pogoduje u\u010denju jezika. Od vremena i glagola do prijedloga i re\u010denica, ovaj \u0107e vas vodi\u010d postaviti na put da postanete vje\u0161ti na gr\u010dkom jeziku.<\/p>\n\n\n\n<h3 class=\"wp-block-heading\" id=\"h-1-nouns\">1. Imenice:<\/h3>\n\n\n\n<p>Imenice su gra\u0111evni blokovi bilo kojeg jezika, a <a href=\"https:\/\/talkpal.ai\/learn-greek\/\">gr\u010dki<\/a> nije iznimka. Koriste se za predstavljanje ljudi, mjesta, stvari ili ideja. Na gr\u010dkom, imenice imaju spol (mu\u0161ki, \u017eenski ili kastrirani), broj (jednina ili mno\u017eina) i slu\u010daj (nominativni, genitivni, akuzativni ili vokativni). Razumijevanje tih svojstava i njihovih infleksija klju\u010dno je za formiranje re\u010denica.<\/p>\n\n\n\n<h3 class=\"wp-block-heading\" id=\"h-2-articles\">2. \u010clanci:<\/h3>\n\n\n\n<p>\u010clanci na gr\u010dkom jeziku neophodni su za odre\u0111ivanje definitivnosti imenice. Sla\u017eu se s imenicom u spolu, broju i slu\u010daju. Postoje odre\u0111eni (koji odgovaraju &#8216;the&#8217;) i neodre\u0111eni (koji odgovaraju &#8216;a&#8217; ili &#8216;an&#8217;) \u010dlanovi koje trebate nau\u010diti i pravilno koristiti.<\/p>\n\n\n\n<h3 class=\"wp-block-heading\" id=\"h-3-adjectives\">3. Pridjevi:<\/h3>\n\n\n\n<p>Pridjevi opisuju ili mijenjaju imenice, pru\u017eaju\u0107i dodatne informacije o njihovim kvalitetama ili karakteristikama. Na gr\u010dkom, pridjevi se sla\u017eu s imenicama koje mijenjaju u spolu, broju i slu\u010daju i imaju razli\u010dite deklinacije ovisno o tim svojstvima.<\/p>\n\n\n\n<h3 class=\"wp-block-heading\" id=\"h-4-pronouns-determiners\">4. Zamjenice\/Odrediva\u010di:<\/h3>\n\n\n\n<p>Zamjenice se koriste za zamjenu imenica, dok ih odre\u0111uju ili kvantificiraju. Na gr\u010dkom, i zamjenice i odrednice utje\u010du na spol, broj i slu\u010daj, ba\u0161 kao i imenice i pridjevi. Neki primjeri uklju\u010duju osobne zamjenice (ja, vi, on, ona itd.), Demonstrativne zamjenice (ovo, <a href=\"https:\/\/talkpal.ai\/locations\/language-courses-in-ono\/\">ono<\/a>) i posvojne zamjenice (moje, va\u0161e, njegove, <a href=\"https:\/\/talkpal.ai\/talkpal-new-years-discount\/\">nje<\/a> itd.).<\/p>\n\n\n\n<h3 class=\"wp-block-heading\" id=\"h-5-verbs\">5. Glagoli:<\/h3>\n\n\n\n<p>Glagoli izra\u017eavaju akcije, pojavljivanja ili stanja. <a href=\"https:\/\/talkpal.ai\/learn-greek\/\">Gr\u010dki<\/a> glagoli imaju razli\u010dite oblike ovisno o vremenu, raspolo\u017eenju, glasu i osobi. Razumijevanje razli\u010ditih konjugacija i na\u010dina na koji se koriste klju\u010dno je za konstruiranje i razumijevanje re\u010denica.<\/p>\n\n\n\n<h3 class=\"wp-block-heading\" id=\"h-6-tenses\">6. Vrijeme:<\/h3>\n\n\n\n<p>Gr\u010dki ima nekoliko vremena, kao \u0161to su sada\u0161njost, pro\u0161lost i budu\u0107nost. Svako se vrijeme koristi za ozna\u010davanje vremena akcije, doga\u0111aja ili stanja. U\u010denje razli\u010ditih vremena i njihovih konjugacija pomo\u0107i \u0107e vam da se to\u010dno izrazite i razumijete druge.<\/p>\n\n\n\n<h3 class=\"wp-block-heading\" id=\"h-7-tense-comparison\">7. Napeta usporedba:<\/h3>\n\n\n\n<p>Usporedba vremena na gr\u010dkom va\u017ean je za razumijevanje nijansi jezika. To uklju\u010duje u\u010denje kako izraziti radnje ili stanja koja se javljaju istovremeno, uzastopno ili uvjetno.<\/p>\n\n\n\n<h3 class=\"wp-block-heading\" id=\"h-8-progressive\">8. Progresivno:<\/h3>\n\n\n\n<p>Progresivni aspekt na gr\u010dkom jeziku koristi se za ozna\u010davanje teku\u0107ih ili kontinuiranih akcija. U\u010denje kako oblikovati i koristiti progresivni aspekt pomo\u0107i \u0107e vam da prenesete radnje koje se trenutno doga\u0111aju ili su se doga\u0111ale u pro\u0161losti.<\/p>\n\n\n\n<h3 class=\"wp-block-heading\" id=\"h-9-perfect-progressive\">9. Savr\u0161en progresivan:<\/h3>\n\n\n\n<p>Savr\u0161en progresivni aspekt na gr\u010dkom kombinira koncepte zavr\u0161etka i kontinuiteta. Koristi se za izra\u017eavanje radnji ili stanja koja su zapo\u010dela u pro\u0161losti i nastavila se do odre\u0111enog trenutka.<\/p>\n\n\n\n<h3 class=\"wp-block-heading\" id=\"h-10-adverbs\">10. Prilozi:<\/h3>\n\n\n\n<p>Prilozi pru\u017eaju dodatne informacije o glagolima, pridjevima ili drugim prilozima. Mogu izraziti na\u010din, u\u010destalost, stupanj, vrijeme ili mjesto. U\u010denje razli\u010ditih vrsta priloga i njihovo pravilno postavljanje u re\u010denicu pobolj\u0161at \u0107e va\u0161u ukupnu te\u010dnost na gr\u010dkom jeziku.<\/p>\n\n\n\n<h3 class=\"wp-block-heading\" id=\"h-11-conditionals\">11. Uvjeti:<\/h3>\n\n\n\n<p>Uvjeti se koriste za izra\u017eavanje hipotetskih situacija i njihovih posljedica. Gr\u010dki ima nekoliko vrsta uvjeta, uklju\u010duju\u0107i stvarne, nestvarne i mje\u0161ovite. Razumijevanje i kori\u0161tenje uvjeta potrebno je za izra\u017eavanje slo\u017eenih misli i ideja.<\/p>\n\n\n\n<h3 class=\"wp-block-heading\" id=\"h-12-prepositions\">12. Prijedlozi:<\/h3>\n\n\n\n<p>Prijedlozi su male rije\u010di koje ukazuju na odnose izme\u0111u imenica, zamjenica ili drugih rije\u010di u re\u010denici. Mogu izraziti lokaciju, vrijeme, smjer, uzrok i jo\u0161 mnogo toga. U\u010denje razli\u010ditih prijedloga i njihova ispravna upotreba pomo\u0107i \u0107e vam da formirate preciznije i koherentnije re\u010denice.<\/p>\n\n\n\n<h3 class=\"wp-block-heading\" id=\"h-13-sentences\">13. Re\u010denice:<\/h3>\n\n\n\n<p>Kona\u010dno, ovladavanje strukturom re\u010denica klju\u010dno je za u\u010dinkovitu komunikaciju na gr\u010dkom jeziku. To uklju\u010duje razumijevanje ispravnog redoslijeda rije\u010di i kori\u0161tenje razli\u010ditih gramati\u010dkih elemenata, kao \u0161to su subjekt, glagol i objekt. U\u010de\u0107i kako konstruirati razli\u010dite vrste re\u010denica, bit \u0107ete na dobrom putu da postanete vje\u0161ti na gr\u010dkom jeziku.<\/p>\n<\/div><\/div>\n\r\n<section class=\"learnNavigationSection\">\r\n            \r\n        <a href=\"https:\/\/talkpal.ai\/hr\/ucenje-grckog\/\">\r\n            <div class=\"learnNavigationWrapper\">\r\n                <div class=\"learnNavigationContent\">\r\n                    <img decoding=\"async\" src=\"https:\/\/talkpal.ai\/wp-content\/uploads\/2024\/08\/Greek.jpg\" alt=\"Greek Flag\">\r\n                    <div>\r\n                        <h4>O u\u010denju gr\u010dkog<\/h4>\r\n                        <p>Saznajte sve o gr\u010dkoj gramatici.<\/p>\r\n                    <\/div>\r\n                <\/div>\r\n            <\/div>\r\n        <\/a>\r\n\r\n        \r\n        <a href=\"https:\/\/talkpal.ai\/hr\/grcka-gramatika\/\">\r\n            <div class=\"learnNavigationWrapper\">\r\n                <div class=\"learnNavigationContent\">\r\n                    <img decoding=\"async\" src=\"https:\/\/talkpal.ai\/wp-content\/uploads\/2024\/08\/Greek.jpg\" alt=\"Greek Flag\">\r\n                    <div>\r\n                        <h4>Lekcije gr\u010dke gramatike<\/h4>\r\n                        <p>Vje\u017ebajte gr\u010dku gramatiku.<\/p>\r\n                    <\/div>\r\n                <\/div>\r\n            <\/div>\r\n        <\/a>\r\n\r\n        \r\n        <a href=\"https:\/\/talkpal.ai\/vocabulary_language\/greek\/\">\r\n            <div class=\"learnNavigationWrapper\">\r\n                <div class=\"learnNavigationContent\">\r\n                    <img decoding=\"async\" src=\"https:\/\/talkpal.ai\/wp-content\/uploads\/2024\/08\/Greek.jpg\" alt=\"Greek Flag\">\r\n                    <div>\r\n                        <h4>Gr\u010dki rje\u010dnik<\/h4>\r\n                        <p>Pro\u0161irite svoj gr\u010dki vokabular.<\/p>\r\n                    <\/div>\r\n                <\/div>\r\n            <\/div>\r\n        <\/a>\r\n\r\n            <\/section>","protected":false},"excerpt":{"rendered":"<p>Gr\u010dke gramati\u010dke teme U\u010denje gr\u010dkog jezika mo\u017ee biti nevjerojatno korisno iskustvo jer pru\u017ea ulaz u bogatu i raznoliku kulturu, knji\u017eevnost i povijest. Gr\u010dki jezik ima jedinstvenu gramati\u010dku strukturu koja mo\u017ee biti fascinantna za istra\u017eivanje. Upoznavanje s gr\u010dkom gramatikom klju\u010dno je za ovladavanje jezikom, jer \u0107e vam omogu\u0107iti u\u010dinkovitu i to\u010dnu komunikaciju. Ovaj vodi\u010d pru\u017eit \u0107e [&hellip;]<\/p>\n","protected":false},"author":6,"featured_media":112646,"parent":0,"menu_order":0,"comment_status":"closed","ping_status":"closed","template":"LearningContentPage.php","meta":{"_acf_changed":false,"footnotes":""},"class_list":["post-162504","page","type-page","status-publish","has-post-thumbnail","hentry"],"acf":[],"yoast_head":"<!-- This site is optimized with the Yoast SEO Premium plugin v27.2 (Yoast SEO v27.2) - https:\/\/yoast.com\/product\/yoast-seo-premium-wordpress\/ -->\n<title>Vje\u017ebe gramatike za Gr\u010dku - Talkpal<\/title>\n<meta name=\"description\" content=\"Jednostavno pobolj\u0161ajte svoje znanje gr\u010dke gramatike - vje\u017ebajte interaktivne vje\u017ebe, brzo se pobolj\u0161ajte i izgradite samopouzdanje uz Talkpal AI.\" \/>\n<meta name=\"robots\" content=\"index, follow, max-snippet:-1, max-image-preview:large, max-video-preview:-1\" \/>\n<link rel=\"canonical\" href=\"https:\/\/talkpal.ai\/hr\/vjezbe-gramatike-za-grcku\/\" \/>\n<meta property=\"og:locale\" content=\"hr_HR\" \/>\n<meta property=\"og:type\" content=\"article\" \/>\n<meta property=\"og:title\" content=\"Vje\u017ebe gramatike za Gr\u010dku\" \/>\n<meta property=\"og:description\" content=\"Gr\u010dke gramati\u010dke teme U\u010denje gr\u010dkog jezika mo\u017ee biti nevjerojatno korisno iskustvo jer pru\u017ea ulaz u bogatu i raznoliku kulturu, knji\u017eevnost i povijest.\" \/>\n<meta property=\"og:url\" content=\"https:\/\/talkpal.ai\/hr\/vjezbe-gramatike-za-grcku\/\" \/>\n<meta property=\"og:site_name\" content=\"Talkpal\" \/>\n<meta property=\"article:publisher\" content=\"https:\/\/www.facebook.com\/profile.php?id=100090733639311\" \/>\n<meta property=\"article:modified_time\" content=\"2025-12-17T16:05:26+00:00\" \/>\n<meta property=\"og:image\" content=\"https:\/\/talkpal.ai\/wp-content\/uploads\/2023\/05\/greece.png\" \/>\n\t<meta property=\"og:image:width\" content=\"512\" \/>\n\t<meta property=\"og:image:height\" content=\"512\" \/>\n\t<meta property=\"og:image:type\" content=\"image\/png\" \/>\n<meta name=\"twitter:card\" content=\"summary_large_image\" \/>\n<meta name=\"twitter:site\" content=\"@talkpalai\" \/>\n<meta name=\"twitter:label1\" content=\"Procijenjeno vrijeme \u010ditanja\" \/>\n\t<meta name=\"twitter:data1\" content=\"4 minute\" \/>\n<script type=\"application\/ld+json\" class=\"yoast-schema-graph\">{\"@context\":\"https:\/\/schema.org\",\"@graph\":[{\"@type\":\"WebPage\",\"@id\":\"https:\/\/talkpal.ai\/hr\/vjezbe-gramatike-za-grcku\/\",\"url\":\"https:\/\/talkpal.ai\/hr\/vjezbe-gramatike-za-grcku\/\",\"name\":\"Vje\u017ebe gramatike za Gr\u010dku - Talkpal\",\"isPartOf\":{\"@id\":\"https:\/\/talkpal.ai\/hr\/#website\"},\"primaryImageOfPage\":{\"@id\":\"https:\/\/talkpal.ai\/hr\/vjezbe-gramatike-za-grcku\/#primaryimage\"},\"image\":{\"@id\":\"https:\/\/talkpal.ai\/hr\/vjezbe-gramatike-za-grcku\/#primaryimage\"},\"thumbnailUrl\":\"https:\/\/talkpal.ai\/wp-content\/uploads\/2023\/05\/greece.png\",\"datePublished\":\"2023-06-21T14:18:43+00:00\",\"dateModified\":\"2025-12-17T16:05:26+00:00\",\"description\":\"Jednostavno pobolj\u0161ajte svoje znanje gr\u010dke gramatike - vje\u017ebajte interaktivne vje\u017ebe, brzo se pobolj\u0161ajte i izgradite samopouzdanje uz Talkpal AI.\",\"breadcrumb\":{\"@id\":\"https:\/\/talkpal.ai\/hr\/vjezbe-gramatike-za-grcku\/#breadcrumb\"},\"inLanguage\":\"hr\",\"potentialAction\":[{\"@type\":\"ReadAction\",\"target\":[\"https:\/\/talkpal.ai\/hr\/vjezbe-gramatike-za-grcku\/\"]}]},{\"@type\":\"ImageObject\",\"inLanguage\":\"hr\",\"@id\":\"https:\/\/talkpal.ai\/hr\/vjezbe-gramatike-za-grcku\/#primaryimage\",\"url\":\"https:\/\/talkpal.ai\/wp-content\/uploads\/2023\/05\/greece.png\",\"contentUrl\":\"https:\/\/talkpal.ai\/wp-content\/uploads\/2023\/05\/greece.png\",\"width\":512,\"height\":512},{\"@type\":\"BreadcrumbList\",\"@id\":\"https:\/\/talkpal.ai\/hr\/vjezbe-gramatike-za-grcku\/#breadcrumb\",\"itemListElement\":[{\"@type\":\"ListItem\",\"position\":1,\"name\":\"Homepage\",\"item\":\"https:\/\/talkpal.ai\/hr\/\"},{\"@type\":\"ListItem\",\"position\":2,\"name\":\"Vje\u017ebe gramatike za Gr\u010dku\"}]},{\"@type\":\"WebSite\",\"@id\":\"https:\/\/talkpal.ai\/hr\/#website\",\"url\":\"https:\/\/talkpal.ai\/hr\/\",\"name\":\"Talkpal\",\"description\":\"AI Language Learning\",\"publisher\":{\"@id\":\"https:\/\/talkpal.ai\/hr\/#organization\"},\"alternateName\":\"Talkpal AI\",\"potentialAction\":[{\"@type\":\"SearchAction\",\"target\":{\"@type\":\"EntryPoint\",\"urlTemplate\":\"https:\/\/talkpal.ai\/hr\/?s={search_term_string}\"},\"query-input\":{\"@type\":\"PropertyValueSpecification\",\"valueRequired\":true,\"valueName\":\"search_term_string\"}}],\"inLanguage\":\"hr\"},{\"@type\":\"Organization\",\"@id\":\"https:\/\/talkpal.ai\/hr\/#organization\",\"name\":\"Talkpal, Inc.\",\"alternateName\":\"Talkpal AI\",\"url\":\"https:\/\/talkpal.ai\/hr\/\",\"logo\":{\"@type\":\"ImageObject\",\"inLanguage\":\"hr\",\"@id\":\"https:\/\/talkpal.ai\/hr\/#\/schema\/logo\/image\/\",\"url\":\"https:\/\/talkpal.ai\/wp-content\/uploads\/2024\/03\/Talkpal-Logo-Icon.png\",\"contentUrl\":\"https:\/\/talkpal.ai\/wp-content\/uploads\/2024\/03\/Talkpal-Logo-Icon.png\",\"width\":2880,\"height\":2880,\"caption\":\"Talkpal, Inc.\"},\"image\":{\"@id\":\"https:\/\/talkpal.ai\/hr\/#\/schema\/logo\/image\/\"},\"sameAs\":[\"https:\/\/www.facebook.com\/profile.php?id=100090733639311\",\"https:\/\/x.com\/talkpalai\",\"https:\/\/www.linkedin.com\/company\/talkpal\/\",\"https:\/\/www.youtube.com\/@TalkPal\/\",\"https:\/\/www.tiktok.com\/@talkpal\",\"https:\/\/www.instagram.com\/talkpal_ai\/\",\"https:\/\/www.crunchbase.com\/organization\/talkpal-9cde\",\"https:\/\/www.g2.com\/products\/talkpal-for-business\/\",\"https:\/\/www.trustpilot.com\/review\/talkpal.ai\",\"https:\/\/www.capterra.com\/p\/10006800\/TalkPal\/\"],\"description\":\"Talkpal is a language learning web and mobile education app, powered by the latest AI technologies, that provides engaging experiences to its customers in many different languages to help them improve their language skills. Users can chat about unlimited amount of topics with the app and use other modes to practice their language learning.\",\"email\":\"support@talkpal.ai\",\"legalName\":\"Talkpal, Inc.\",\"foundingDate\":\"2023-04-03\",\"duns\":\"118989042\",\"numberOfEmployees\":{\"@type\":\"QuantitativeValue\",\"minValue\":\"11\",\"maxValue\":\"50\"},\"publishingPrinciples\":\"https:\/\/talkpal.ai\/publishing-principles\/\",\"actionableFeedbackPolicy\":\"https:\/\/talkpal.ai\/actionable-feedback-policy\/\",\"correctionsPolicy\":\"https:\/\/talkpal.ai\/corrections-policy\/\",\"ethicsPolicy\":\"https:\/\/talkpal.ai\/ethics-policy\/\",\"diversityPolicy\":\"https:\/\/talkpal.ai\/diversity-policy\/\",\"diversityStaffingReport\":\"https:\/\/talkpal.ai\/diversity-policy\/\"}]}<\/script>\n<!-- \/ Yoast SEO Premium plugin. -->","yoast_head_json":{"title":"Vje\u017ebe gramatike za Gr\u010dku - Talkpal","description":"Jednostavno pobolj\u0161ajte svoje znanje gr\u010dke gramatike - vje\u017ebajte interaktivne vje\u017ebe, brzo se pobolj\u0161ajte i izgradite samopouzdanje uz Talkpal AI.","robots":{"index":"index","follow":"follow","max-snippet":"max-snippet:-1","max-image-preview":"max-image-preview:large","max-video-preview":"max-video-preview:-1"},"canonical":"https:\/\/talkpal.ai\/hr\/vjezbe-gramatike-za-grcku\/","og_locale":"hr_HR","og_type":"article","og_title":"Vje\u017ebe gramatike za Gr\u010dku","og_description":"Gr\u010dke gramati\u010dke teme U\u010denje gr\u010dkog jezika mo\u017ee biti nevjerojatno korisno iskustvo jer pru\u017ea ulaz u bogatu i raznoliku kulturu, knji\u017eevnost i povijest.","og_url":"https:\/\/talkpal.ai\/hr\/vjezbe-gramatike-za-grcku\/","og_site_name":"Talkpal","article_publisher":"https:\/\/www.facebook.com\/profile.php?id=100090733639311","article_modified_time":"2025-12-17T16:05:26+00:00","og_image":[{"width":512,"height":512,"url":"https:\/\/talkpal.ai\/wp-content\/uploads\/2023\/05\/greece.png","type":"image\/png"}],"twitter_card":"summary_large_image","twitter_site":"@talkpalai","twitter_misc":{"Procijenjeno vrijeme \u010ditanja":"4 minute"},"schema":{"@context":"https:\/\/schema.org","@graph":[{"@type":"WebPage","@id":"https:\/\/talkpal.ai\/hr\/vjezbe-gramatike-za-grcku\/","url":"https:\/\/talkpal.ai\/hr\/vjezbe-gramatike-za-grcku\/","name":"Vje\u017ebe gramatike za Gr\u010dku - Talkpal","isPartOf":{"@id":"https:\/\/talkpal.ai\/hr\/#website"},"primaryImageOfPage":{"@id":"https:\/\/talkpal.ai\/hr\/vjezbe-gramatike-za-grcku\/#primaryimage"},"image":{"@id":"https:\/\/talkpal.ai\/hr\/vjezbe-gramatike-za-grcku\/#primaryimage"},"thumbnailUrl":"https:\/\/talkpal.ai\/wp-content\/uploads\/2023\/05\/greece.png","datePublished":"2023-06-21T14:18:43+00:00","dateModified":"2025-12-17T16:05:26+00:00","description":"Jednostavno pobolj\u0161ajte svoje znanje gr\u010dke gramatike - vje\u017ebajte interaktivne vje\u017ebe, brzo se pobolj\u0161ajte i izgradite samopouzdanje uz Talkpal AI.","breadcrumb":{"@id":"https:\/\/talkpal.ai\/hr\/vjezbe-gramatike-za-grcku\/#breadcrumb"},"inLanguage":"hr","potentialAction":[{"@type":"ReadAction","target":["https:\/\/talkpal.ai\/hr\/vjezbe-gramatike-za-grcku\/"]}]},{"@type":"ImageObject","inLanguage":"hr","@id":"https:\/\/talkpal.ai\/hr\/vjezbe-gramatike-za-grcku\/#primaryimage","url":"https:\/\/talkpal.ai\/wp-content\/uploads\/2023\/05\/greece.png","contentUrl":"https:\/\/talkpal.ai\/wp-content\/uploads\/2023\/05\/greece.png","width":512,"height":512},{"@type":"BreadcrumbList","@id":"https:\/\/talkpal.ai\/hr\/vjezbe-gramatike-za-grcku\/#breadcrumb","itemListElement":[{"@type":"ListItem","position":1,"name":"Homepage","item":"https:\/\/talkpal.ai\/hr\/"},{"@type":"ListItem","position":2,"name":"Vje\u017ebe gramatike za Gr\u010dku"}]},{"@type":"WebSite","@id":"https:\/\/talkpal.ai\/hr\/#website","url":"https:\/\/talkpal.ai\/hr\/","name":"Talkpal","description":"AI Language Learning","publisher":{"@id":"https:\/\/talkpal.ai\/hr\/#organization"},"alternateName":"Talkpal AI","potentialAction":[{"@type":"SearchAction","target":{"@type":"EntryPoint","urlTemplate":"https:\/\/talkpal.ai\/hr\/?s={search_term_string}"},"query-input":{"@type":"PropertyValueSpecification","valueRequired":true,"valueName":"search_term_string"}}],"inLanguage":"hr"},{"@type":"Organization","@id":"https:\/\/talkpal.ai\/hr\/#organization","name":"Talkpal, Inc.","alternateName":"Talkpal AI","url":"https:\/\/talkpal.ai\/hr\/","logo":{"@type":"ImageObject","inLanguage":"hr","@id":"https:\/\/talkpal.ai\/hr\/#\/schema\/logo\/image\/","url":"https:\/\/talkpal.ai\/wp-content\/uploads\/2024\/03\/Talkpal-Logo-Icon.png","contentUrl":"https:\/\/talkpal.ai\/wp-content\/uploads\/2024\/03\/Talkpal-Logo-Icon.png","width":2880,"height":2880,"caption":"Talkpal, Inc."},"image":{"@id":"https:\/\/talkpal.ai\/hr\/#\/schema\/logo\/image\/"},"sameAs":["https:\/\/www.facebook.com\/profile.php?id=100090733639311","https:\/\/x.com\/talkpalai","https:\/\/www.linkedin.com\/company\/talkpal\/","https:\/\/www.youtube.com\/@TalkPal\/","https:\/\/www.tiktok.com\/@talkpal","https:\/\/www.instagram.com\/talkpal_ai\/","https:\/\/www.crunchbase.com\/organization\/talkpal-9cde","https:\/\/www.g2.com\/products\/talkpal-for-business\/","https:\/\/www.trustpilot.com\/review\/talkpal.ai","https:\/\/www.capterra.com\/p\/10006800\/TalkPal\/"],"description":"Talkpal is a language learning web and mobile education app, powered by the latest AI technologies, that provides engaging experiences to its customers in many different languages to help them improve their language skills. Users can chat about unlimited amount of topics with the app and use other modes to practice their language learning.","email":"support@talkpal.ai","legalName":"Talkpal, Inc.","foundingDate":"2023-04-03","duns":"118989042","numberOfEmployees":{"@type":"QuantitativeValue","minValue":"11","maxValue":"50"},"publishingPrinciples":"https:\/\/talkpal.ai\/publishing-principles\/","actionableFeedbackPolicy":"https:\/\/talkpal.ai\/actionable-feedback-policy\/","correctionsPolicy":"https:\/\/talkpal.ai\/corrections-policy\/","ethicsPolicy":"https:\/\/talkpal.ai\/ethics-policy\/","diversityPolicy":"https:\/\/talkpal.ai\/diversity-policy\/","diversityStaffingReport":"https:\/\/talkpal.ai\/diversity-policy\/"}]}},"_links":{"self":[{"href":"https:\/\/talkpal.ai\/hr\/wp-json\/wp\/v2\/pages\/162504","targetHints":{"allow":["GET"]}}],"collection":[{"href":"https:\/\/talkpal.ai\/hr\/wp-json\/wp\/v2\/pages"}],"about":[{"href":"https:\/\/talkpal.ai\/hr\/wp-json\/wp\/v2\/types\/page"}],"author":[{"embeddable":true,"href":"https:\/\/talkpal.ai\/hr\/wp-json\/wp\/v2\/users\/6"}],"replies":[{"embeddable":true,"href":"https:\/\/talkpal.ai\/hr\/wp-json\/wp\/v2\/comments?post=162504"}],"version-history":[{"count":0,"href":"https:\/\/talkpal.ai\/hr\/wp-json\/wp\/v2\/pages\/162504\/revisions"}],"wp:featuredmedia":[{"embeddable":true,"href":"https:\/\/talkpal.ai\/hr\/wp-json\/wp\/v2\/media\/112646"}],"wp:attachment":[{"href":"https:\/\/talkpal.ai\/hr\/wp-json\/wp\/v2\/media?parent=162504"}],"curies":[{"name":"wp","href":"https:\/\/api.w.org\/{rel}","templated":true}]}}