{"id":159287,"date":"2023-06-22T08:37:16","date_gmt":"2023-06-22T08:37:16","guid":{"rendered":"http:\/\/talkpal.ai\/marathi-gramaticke-vjezbe\/"},"modified":"2025-12-17T15:13:14","modified_gmt":"2025-12-17T15:13:14","slug":"marathi-gramaticke-vjezbe","status":"publish","type":"page","link":"https:\/\/talkpal.ai\/hr\/marathi-gramaticke-vjezbe\/","title":{"rendered":"Marathi gramati\u010dke vje\u017ebe"},"content":{"rendered":"\r\n\r\n\r\n<section class=\"languageChallengeSection\">\r\n    <div class=\"languageInfoWrapper\">\r\n        \r\n        <h1>Marathi gramati\u010dke vje\u017ebe<\/h1>\r\n        <p>Spremni ste usavr\u0161iti svoje znanje <a href=\"https:\/\/talkpal.ai\/learn-marathi\/\">marathi<\/a> jezika? Vje\u017ebanje gramati\u010dkih vje\u017ebi izvrstan je na\u010din za svladavanje re\u010deni\u010dne strukture, glagolskih oblika i klju\u010dnih gramati\u010dkih obrazaca jezika. Po\u010dnite istra\u017eivati \u200b\u200bgramatiku marathi ve\u0107 danas i gledajte kako vam samopouzdanje i te\u010dnost rastu sa svakom vje\u017ebom!<\/p>\r\n\r\n                            <a class=\"getStartedHidden\" href=\"https:\/\/app.talkpal.ai\/hr\/signup?lng=\">Zapo\u010dni<\/a>\r\n        \r\n    <\/div>\r\n\r\n    <figure>\r\n    <img decoding=\"async\" width=\"768\" height=\"768\" src=\"https:\/\/talkpal.ai\/wp-content\/uploads\/2023\/06\/marathi-768x768.png\" class=\"languageImage no-lazy\" alt=\"Fun ways to make language learning interesting\" fetchpriority=\"high\" sizes=\"(max-width: 768px) 150px, 768px\" srcset=\"https:\/\/talkpal.ai\/wp-content\/uploads\/2023\/06\/marathi-768x768.png 768w, https:\/\/talkpal.ai\/wp-content\/uploads\/2023\/06\/marathi-300x300.png 300w\" \/>\r\n    \r\n\r\n    <\/figure>\r\n\r\n            <a class=\"getStartedVisible\" href=\"https:\/\/app.talkpal.ai\/hr\/signup?lng=\">Zapo\u010dni<\/a>\r\n    \r\n<\/section>\r\n\r\n\r\n<!-- <section class=\"grammarSection\">\r\n    <div class=\"grammarLinks\">\r\n            <\/div>\r\n<\/section> -->\r\n\r\n\r\n\r\n\r\n<section class=\"promotionalBanner\">\r\n    <p class=\"promotionalText\">Naju\u010dinkovitiji na\u010din u\u010denja jezika<\/p>\r\n    <a class=\"promotionalLink\" href=\"https:\/\/app.talkpal.ai\/hr\/signup?lng=\">Isprobajte Talkpal besplatno<\/a>\r\n<\/section>\n<div class=\"wp-block-group pageContainerStyle\"><div class=\"wp-block-group__inner-container is-layout-constrained wp-block-group-is-layout-constrained\">\n<h2 class=\"wp-block-heading\" id=\"h-marathi-grammar-topics\">Maratski Gramati\u010dke teme<\/h2>\n\n\n\n<p>Marathi, indo-arijevski jezik, prete\u017eno se govori u indijskoj dr\u017eavi Maharashtra i slu\u017ebeni je jezik regije. U\u010denje Marathija mo\u017ee biti oboga\u0107uju\u0107e iskustvo jer otvara vrata bogatoj kulturi, povijesti i knji\u017eevnosti. Da biste u\u010dinkovito nau\u010dili Marathi, va\u017eno je imati strukturirani pristup koji se usredoto\u010duje na razli\u010dite aspekte jezika, kao \u0161to su <a href=\"https:\/\/talkpal.ai\/sq\/gramatika\/\">gramatika<\/a>, vokabular i izgovor. Ovaj \u0107e vas \u010dlanak voditi kroz slijed u\u010denja Marathi gramati\u010dkih tema, po\u010dev\u0161i od vremena, glagola, imenica i prelaska na naprednije pojmove poput uvjeta i prijedloga.<\/p>\n\n\n\n<h3 class=\"wp-block-heading\" id=\"h-1-tenses\">1. Vrijeme:<\/h3>\n\n\n\n<p>Vremena su okosnica bilo kojeg jezika, jer poma\u017eu u izra\u017eavanju radnji ili stanja u odnosu na vrijeme. U Marathiju postoje tri osnovna vremena &#8211; pro\u0161lo, sada\u0161nje i budu\u0107e. Svako vrijeme ima razli\u010dite oblike koji se temelje na vrsti akcije (jednostavna, kontinuirana, savr\u0161ena ili savr\u0161ena kontinuirana). <a href=\"https:\/\/talkpal.ai\/ko\/ai-%ec%96%b8%ec%96%b4-%ea%b5%90%ec%82%ac\/\">Zapo\u010dnite<\/a> u\u010denjem jednostavnih vremena, a zatim prije\u0111ite na slo\u017eenije.<\/p>\n\n\n\n<h3 class=\"wp-block-heading\" id=\"h-2-tense-comparison\">2. Napeta usporedba:<\/h3>\n\n\n\n<p>Nakon razumijevanja osnovnih vremena, klju\u010dno je nau\u010diti kako ih usporediti. Napeta usporedba omogu\u0107uje vam da govorite o vi\u0161e radnji ili doga\u0111aja koji se odvijaju istovremeno ili u razli\u010ditim vremenskim okvirima. To poma\u017ee u formiranju slo\u017eenih re\u010denica i izra\u017eavanju \u0161ireg raspona ideja.<\/p>\n\n\n\n<h3 class=\"wp-block-heading\" id=\"h-3-verbs\">3. Glagoli:<\/h3>\n\n\n\n<p>Glagoli su akcijske rije\u010di koje predstavljaju radnju ili stanje u re\u010denici. U Marathiju su glagoli nametnuti kako bi ukazali na vrijeme, aspekt, raspolo\u017eenje i glas. Nau\u010dite osnovna pravila konjugacije glagola i razli\u010dite glagolske oblike kako biste pobolj\u0161ali svoje vje\u0161tine izgradnje re\u010denice.<\/p>\n\n\n\n<h3 class=\"wp-block-heading\" id=\"h-4-nouns\">4. Imenice:<\/h3>\n\n\n\n<p>Imenice su rije\u010di koje predstavljaju ljude, mjesta, stvari ili ideje. Marathi imenice imaju spol (mu\u0161ki, \u017eenski ili kastrirani) i nanesene su za broj (jedninu ili mno\u017einu) i slu\u010daj (izravan, kosi ili posesivni). Upoznajte se s razli\u010ditim oblicima imenica i njihovom uporabom u re\u010denicama.<\/p>\n\n\n\n<h3 class=\"wp-block-heading\" id=\"h-5-articles\">5. \u010clanci:<\/h3>\n\n\n\n<p>Marathski nema \u010dlanke poput &#8216;a&#8217;, &#8216;an&#8217; ili &#8216;the&#8217;. Me\u0111utim, postoje demonstrativne zamjenice i odrediva\u010di koji slu\u017ee sli\u010dnoj svrsi. Saznajte kako koristiti te zamjenice i odrednice za odre\u0111ivanje ili prepoznavanje imenica u re\u010denici.<\/p>\n\n\n\n<h3 class=\"wp-block-heading\" id=\"h-6-pronouns-determiners\">6. Zamjenice\/Odrediva\u010di:<\/h3>\n\n\n\n<p>Zamjenice zamjenjuju imenice kako bi se izbjeglo ponavljanje, dok odrediva\u010di odre\u0111uju ili ograni\u010davaju zna\u010denje imenica. U Marathiju se zamjenice i odrednice sla\u017eu u spolu i broju s imenicom koju zamjenjuju ili mijenjaju. Nau\u010dite razli\u010dite obrasce i njihovu odgovaraju\u0107u upotrebu kako biste pobolj\u0161ali konstrukciju re\u010denice.<\/p>\n\n\n\n<h3 class=\"wp-block-heading\" id=\"h-7-adjectives\">7. Pridjevi:<\/h3>\n\n\n\n<p>Pridjevi opisuju ili mijenjaju imenice, pru\u017eaju\u0107i dodatne informacije o njihovim kvalitetama ili atributima. U Marathiju se pridjevi sla\u017eu po spolu i broju s imenicom koju mijenjaju. Nau\u010dite razli\u010dite pridjevske oblike i njihovu ispravnu uporabu u re\u010denicama.<\/p>\n\n\n\n<h3 class=\"wp-block-heading\" id=\"h-8-adverbs\">8. Prilozi:<\/h3>\n\n\n\n<p>Prilozi pru\u017eaju dodatne informacije o glagolima, pridjevima ili drugim prilozima, opisuju\u0107i kako, kada, gdje ili u kojoj mjeri se ne\u0161to doga\u0111a. Nau\u010dite razli\u010dite vrste priloga i njihov polo\u017eaj u re\u010denicama kako biste pobolj\u0161ali svoje jezi\u010dne vje\u0161tine.<\/p>\n\n\n\n<h3 class=\"wp-block-heading\" id=\"h-9-conditionals\">9. Uvjeti:<\/h3>\n\n\n\n<p>Uvjeti izra\u017eavaju hipotetske situacije ili uvjete i njihove mogu\u0107e posljedice. U Marathiju postoje tri vrste uvjeta &#8211; stvarni, nestvarni i mje\u0161oviti. Nau\u010dite strukturu i upotrebu svake vrste za izra\u017eavanje slo\u017eenih ideja i situacija.<\/p>\n\n\n\n<h3 class=\"wp-block-heading\" id=\"h-10-prepositions\">10. Prijedlozi:<\/h3>\n\n\n\n<p>Prijedlozi su rije\u010di koje pokazuju odnos izme\u0111u imenica (ili zamjenica) i drugih rije\u010di u re\u010denici. Oni ozna\u010davaju mjesto, smjer, vrijeme ili druge odnose. Nau\u010dite uobi\u010dajene prijedloge u Marathiju i njihovu upotrebu u re\u010denicama.<\/p>\n\n\n\n<h3 class=\"wp-block-heading\" id=\"h-11-sentences\">11. Re\u010denice:<\/h3>\n\n\n\n<p>Kona\u010dno, vje\u017ebajte formiranje jednostavnih i slo\u017eenih re\u010denica pomo\u0107u gramati\u010dkih pravila i vokabulara koji ste nau\u010dili. Usredoto\u010dite se na strukturu re\u010denice.<\/p>\n<\/div><\/div>\n\r\n<section class=\"learnNavigationSection\">\r\n            \r\n        <a href=\"https:\/\/talkpal.ai\/hr\/naucite-marathi\/\">\r\n            <div class=\"learnNavigationWrapper\">\r\n                <div class=\"learnNavigationContent\">\r\n                    <img decoding=\"async\" src=\"https:\/\/talkpal.ai\/wp-content\/uploads\/2023\/05\/Marathi-india.png\" alt=\"TalkPal Marathi Flag\">\r\n                    <div>\r\n                        <h4>O u\u010denju maratskog jezika<\/h4>\r\n                        <p>Saznajte sve o Marathi gramatici.<\/p>\r\n                    <\/div>\r\n                <\/div>\r\n            <\/div>\r\n        <\/a>\r\n\r\n        \r\n        <a href=\"https:\/\/talkpal.ai\/hr\/marathi-gramatika\/\">\r\n            <div class=\"learnNavigationWrapper\">\r\n                <div class=\"learnNavigationContent\">\r\n                    <img decoding=\"async\" src=\"https:\/\/talkpal.ai\/wp-content\/uploads\/2023\/05\/Marathi-india.png\" alt=\"TalkPal Marathi Flag\">\r\n                    <div>\r\n                        <h4>Lekcije gramatike marathskog jezika<\/h4>\r\n                        <p>Vje\u017ebajte Marathi gramatiku.<\/p>\r\n                    <\/div>\r\n                <\/div>\r\n            <\/div>\r\n        <\/a>\r\n\r\n        \r\n        <a href=\"https:\/\/talkpal.ai\/vocabulary_language\/marathi\/\">\r\n            <div class=\"learnNavigationWrapper\">\r\n                <div class=\"learnNavigationContent\">\r\n                    <img decoding=\"async\" src=\"https:\/\/talkpal.ai\/wp-content\/uploads\/2023\/05\/Marathi-india.png\" alt=\"TalkPal Marathi Flag\">\r\n                    <div>\r\n                        <h4>Marathski rje\u010dnik<\/h4>\r\n                        <p>Pro\u0161irite svoj marati vokabular.<\/p>\r\n                    <\/div>\r\n                <\/div>\r\n            <\/div>\r\n        <\/a>\r\n\r\n            <\/section>","protected":false},"excerpt":{"rendered":"<p>Maratski Gramati\u010dke teme Marathi, indo-arijevski jezik, prete\u017eno se govori u indijskoj dr\u017eavi Maharashtra i slu\u017ebeni je jezik regije. U\u010denje Marathija mo\u017ee biti oboga\u0107uju\u0107e iskustvo jer otvara vrata bogatoj kulturi, povijesti i knji\u017eevnosti. Da biste u\u010dinkovito nau\u010dili Marathi, va\u017eno je imati strukturirani pristup koji se usredoto\u010duje na razli\u010dite aspekte jezika, kao \u0161to su gramatika, vokabular i [&hellip;]<\/p>\n","protected":false},"author":6,"featured_media":116342,"parent":0,"menu_order":0,"comment_status":"closed","ping_status":"closed","template":"LearningContentPage.php","meta":{"_acf_changed":false,"footnotes":""},"class_list":["post-159287","page","type-page","status-publish","has-post-thumbnail","hentry"],"acf":[],"yoast_head":"<!-- This site is optimized with the Yoast SEO Premium plugin v27.2 (Yoast SEO v27.2) - https:\/\/yoast.com\/product\/yoast-seo-premium-wordpress\/ -->\n<title>Marathi gramati\u010dke vje\u017ebe - Talkpal<\/title>\n<meta name=\"description\" content=\"Unaprijedite svoje znanje marathi jezika zanimljivim vje\u017ebama gramatike marathi jezika osmi\u0161ljenim za u\u010denike svih razina.\" \/>\n<meta name=\"robots\" content=\"index, follow, max-snippet:-1, max-image-preview:large, max-video-preview:-1\" \/>\n<link rel=\"canonical\" href=\"https:\/\/talkpal.ai\/hr\/marathi-gramaticke-vjezbe\/\" \/>\n<meta property=\"og:locale\" content=\"hr_HR\" \/>\n<meta property=\"og:type\" content=\"article\" \/>\n<meta property=\"og:title\" content=\"Marathi gramati\u010dke vje\u017ebe\" \/>\n<meta property=\"og:description\" content=\"Maratski Gramati\u010dke teme Marathi, indo-arijevski jezik, prete\u017eno se govori u indijskoj dr\u017eavi Maharashtra i slu\u017ebeni je jezik regije. U\u010denje Marathija\" \/>\n<meta property=\"og:url\" content=\"https:\/\/talkpal.ai\/hr\/marathi-gramaticke-vjezbe\/\" \/>\n<meta property=\"og:site_name\" content=\"Talkpal\" \/>\n<meta property=\"article:publisher\" content=\"https:\/\/www.facebook.com\/profile.php?id=100090733639311\" \/>\n<meta property=\"article:modified_time\" content=\"2025-12-17T15:13:14+00:00\" \/>\n<meta property=\"og:image\" content=\"https:\/\/talkpal.ai\/wp-content\/uploads\/2023\/05\/Marathi-india.png\" \/>\n\t<meta property=\"og:image:width\" content=\"512\" \/>\n\t<meta property=\"og:image:height\" content=\"512\" \/>\n\t<meta property=\"og:image:type\" content=\"image\/png\" \/>\n<meta name=\"twitter:card\" content=\"summary_large_image\" \/>\n<meta name=\"twitter:site\" content=\"@talkpalai\" \/>\n<meta name=\"twitter:label1\" content=\"Procijenjeno vrijeme \u010ditanja\" \/>\n\t<meta name=\"twitter:data1\" content=\"3 minute\" \/>\n<script type=\"application\/ld+json\" class=\"yoast-schema-graph\">{\"@context\":\"https:\/\/schema.org\",\"@graph\":[{\"@type\":\"WebPage\",\"@id\":\"https:\/\/talkpal.ai\/hr\/marathi-gramaticke-vjezbe\/\",\"url\":\"https:\/\/talkpal.ai\/hr\/marathi-gramaticke-vjezbe\/\",\"name\":\"Marathi gramati\u010dke vje\u017ebe - Talkpal\",\"isPartOf\":{\"@id\":\"https:\/\/talkpal.ai\/hr\/#website\"},\"primaryImageOfPage\":{\"@id\":\"https:\/\/talkpal.ai\/hr\/marathi-gramaticke-vjezbe\/#primaryimage\"},\"image\":{\"@id\":\"https:\/\/talkpal.ai\/hr\/marathi-gramaticke-vjezbe\/#primaryimage\"},\"thumbnailUrl\":\"https:\/\/talkpal.ai\/wp-content\/uploads\/2023\/05\/Marathi-india.png\",\"datePublished\":\"2023-06-22T08:37:16+00:00\",\"dateModified\":\"2025-12-17T15:13:14+00:00\",\"description\":\"Unaprijedite svoje znanje marathi jezika zanimljivim vje\u017ebama gramatike marathi jezika osmi\u0161ljenim za u\u010denike svih razina.\",\"breadcrumb\":{\"@id\":\"https:\/\/talkpal.ai\/hr\/marathi-gramaticke-vjezbe\/#breadcrumb\"},\"inLanguage\":\"hr\",\"potentialAction\":[{\"@type\":\"ReadAction\",\"target\":[\"https:\/\/talkpal.ai\/hr\/marathi-gramaticke-vjezbe\/\"]}]},{\"@type\":\"ImageObject\",\"inLanguage\":\"hr\",\"@id\":\"https:\/\/talkpal.ai\/hr\/marathi-gramaticke-vjezbe\/#primaryimage\",\"url\":\"https:\/\/talkpal.ai\/wp-content\/uploads\/2023\/05\/Marathi-india.png\",\"contentUrl\":\"https:\/\/talkpal.ai\/wp-content\/uploads\/2023\/05\/Marathi-india.png\",\"width\":512,\"height\":512},{\"@type\":\"BreadcrumbList\",\"@id\":\"https:\/\/talkpal.ai\/hr\/marathi-gramaticke-vjezbe\/#breadcrumb\",\"itemListElement\":[{\"@type\":\"ListItem\",\"position\":1,\"name\":\"Homepage\",\"item\":\"https:\/\/talkpal.ai\/hr\/\"},{\"@type\":\"ListItem\",\"position\":2,\"name\":\"Marathi gramati\u010dke vje\u017ebe\"}]},{\"@type\":\"WebSite\",\"@id\":\"https:\/\/talkpal.ai\/hr\/#website\",\"url\":\"https:\/\/talkpal.ai\/hr\/\",\"name\":\"Talkpal\",\"description\":\"AI Language Learning\",\"publisher\":{\"@id\":\"https:\/\/talkpal.ai\/hr\/#organization\"},\"alternateName\":\"Talkpal AI\",\"potentialAction\":[{\"@type\":\"SearchAction\",\"target\":{\"@type\":\"EntryPoint\",\"urlTemplate\":\"https:\/\/talkpal.ai\/hr\/?s={search_term_string}\"},\"query-input\":{\"@type\":\"PropertyValueSpecification\",\"valueRequired\":true,\"valueName\":\"search_term_string\"}}],\"inLanguage\":\"hr\"},{\"@type\":\"Organization\",\"@id\":\"https:\/\/talkpal.ai\/hr\/#organization\",\"name\":\"Talkpal, Inc.\",\"alternateName\":\"Talkpal AI\",\"url\":\"https:\/\/talkpal.ai\/hr\/\",\"logo\":{\"@type\":\"ImageObject\",\"inLanguage\":\"hr\",\"@id\":\"https:\/\/talkpal.ai\/hr\/#\/schema\/logo\/image\/\",\"url\":\"https:\/\/talkpal.ai\/wp-content\/uploads\/2024\/03\/Talkpal-Logo-Icon.png\",\"contentUrl\":\"https:\/\/talkpal.ai\/wp-content\/uploads\/2024\/03\/Talkpal-Logo-Icon.png\",\"width\":2880,\"height\":2880,\"caption\":\"Talkpal, Inc.\"},\"image\":{\"@id\":\"https:\/\/talkpal.ai\/hr\/#\/schema\/logo\/image\/\"},\"sameAs\":[\"https:\/\/www.facebook.com\/profile.php?id=100090733639311\",\"https:\/\/x.com\/talkpalai\",\"https:\/\/www.linkedin.com\/company\/talkpal\/\",\"https:\/\/www.youtube.com\/@TalkPal\/\",\"https:\/\/www.tiktok.com\/@talkpal\",\"https:\/\/www.instagram.com\/talkpal_ai\/\",\"https:\/\/www.crunchbase.com\/organization\/talkpal-9cde\",\"https:\/\/www.g2.com\/products\/talkpal-for-business\/\",\"https:\/\/www.trustpilot.com\/review\/talkpal.ai\",\"https:\/\/www.capterra.com\/p\/10006800\/TalkPal\/\"],\"description\":\"Talkpal is a language learning web and mobile education app, powered by the latest AI technologies, that provides engaging experiences to its customers in many different languages to help them improve their language skills. Users can chat about unlimited amount of topics with the app and use other modes to practice their language learning.\",\"email\":\"support@talkpal.ai\",\"legalName\":\"Talkpal, Inc.\",\"foundingDate\":\"2023-04-03\",\"duns\":\"118989042\",\"numberOfEmployees\":{\"@type\":\"QuantitativeValue\",\"minValue\":\"11\",\"maxValue\":\"50\"},\"publishingPrinciples\":\"https:\/\/talkpal.ai\/publishing-principles\/\",\"actionableFeedbackPolicy\":\"https:\/\/talkpal.ai\/actionable-feedback-policy\/\",\"correctionsPolicy\":\"https:\/\/talkpal.ai\/corrections-policy\/\",\"ethicsPolicy\":\"https:\/\/talkpal.ai\/ethics-policy\/\",\"diversityPolicy\":\"https:\/\/talkpal.ai\/diversity-policy\/\",\"diversityStaffingReport\":\"https:\/\/talkpal.ai\/diversity-policy\/\"}]}<\/script>\n<!-- \/ Yoast SEO Premium plugin. -->","yoast_head_json":{"title":"Marathi gramati\u010dke vje\u017ebe - Talkpal","description":"Unaprijedite svoje znanje marathi jezika zanimljivim vje\u017ebama gramatike marathi jezika osmi\u0161ljenim za u\u010denike svih razina.","robots":{"index":"index","follow":"follow","max-snippet":"max-snippet:-1","max-image-preview":"max-image-preview:large","max-video-preview":"max-video-preview:-1"},"canonical":"https:\/\/talkpal.ai\/hr\/marathi-gramaticke-vjezbe\/","og_locale":"hr_HR","og_type":"article","og_title":"Marathi gramati\u010dke vje\u017ebe","og_description":"Maratski Gramati\u010dke teme Marathi, indo-arijevski jezik, prete\u017eno se govori u indijskoj dr\u017eavi Maharashtra i slu\u017ebeni je jezik regije. U\u010denje Marathija","og_url":"https:\/\/talkpal.ai\/hr\/marathi-gramaticke-vjezbe\/","og_site_name":"Talkpal","article_publisher":"https:\/\/www.facebook.com\/profile.php?id=100090733639311","article_modified_time":"2025-12-17T15:13:14+00:00","og_image":[{"width":512,"height":512,"url":"https:\/\/talkpal.ai\/wp-content\/uploads\/2023\/05\/Marathi-india.png","type":"image\/png"}],"twitter_card":"summary_large_image","twitter_site":"@talkpalai","twitter_misc":{"Procijenjeno vrijeme \u010ditanja":"3 minute"},"schema":{"@context":"https:\/\/schema.org","@graph":[{"@type":"WebPage","@id":"https:\/\/talkpal.ai\/hr\/marathi-gramaticke-vjezbe\/","url":"https:\/\/talkpal.ai\/hr\/marathi-gramaticke-vjezbe\/","name":"Marathi gramati\u010dke vje\u017ebe - Talkpal","isPartOf":{"@id":"https:\/\/talkpal.ai\/hr\/#website"},"primaryImageOfPage":{"@id":"https:\/\/talkpal.ai\/hr\/marathi-gramaticke-vjezbe\/#primaryimage"},"image":{"@id":"https:\/\/talkpal.ai\/hr\/marathi-gramaticke-vjezbe\/#primaryimage"},"thumbnailUrl":"https:\/\/talkpal.ai\/wp-content\/uploads\/2023\/05\/Marathi-india.png","datePublished":"2023-06-22T08:37:16+00:00","dateModified":"2025-12-17T15:13:14+00:00","description":"Unaprijedite svoje znanje marathi jezika zanimljivim vje\u017ebama gramatike marathi jezika osmi\u0161ljenim za u\u010denike svih razina.","breadcrumb":{"@id":"https:\/\/talkpal.ai\/hr\/marathi-gramaticke-vjezbe\/#breadcrumb"},"inLanguage":"hr","potentialAction":[{"@type":"ReadAction","target":["https:\/\/talkpal.ai\/hr\/marathi-gramaticke-vjezbe\/"]}]},{"@type":"ImageObject","inLanguage":"hr","@id":"https:\/\/talkpal.ai\/hr\/marathi-gramaticke-vjezbe\/#primaryimage","url":"https:\/\/talkpal.ai\/wp-content\/uploads\/2023\/05\/Marathi-india.png","contentUrl":"https:\/\/talkpal.ai\/wp-content\/uploads\/2023\/05\/Marathi-india.png","width":512,"height":512},{"@type":"BreadcrumbList","@id":"https:\/\/talkpal.ai\/hr\/marathi-gramaticke-vjezbe\/#breadcrumb","itemListElement":[{"@type":"ListItem","position":1,"name":"Homepage","item":"https:\/\/talkpal.ai\/hr\/"},{"@type":"ListItem","position":2,"name":"Marathi gramati\u010dke vje\u017ebe"}]},{"@type":"WebSite","@id":"https:\/\/talkpal.ai\/hr\/#website","url":"https:\/\/talkpal.ai\/hr\/","name":"Talkpal","description":"AI Language Learning","publisher":{"@id":"https:\/\/talkpal.ai\/hr\/#organization"},"alternateName":"Talkpal AI","potentialAction":[{"@type":"SearchAction","target":{"@type":"EntryPoint","urlTemplate":"https:\/\/talkpal.ai\/hr\/?s={search_term_string}"},"query-input":{"@type":"PropertyValueSpecification","valueRequired":true,"valueName":"search_term_string"}}],"inLanguage":"hr"},{"@type":"Organization","@id":"https:\/\/talkpal.ai\/hr\/#organization","name":"Talkpal, Inc.","alternateName":"Talkpal AI","url":"https:\/\/talkpal.ai\/hr\/","logo":{"@type":"ImageObject","inLanguage":"hr","@id":"https:\/\/talkpal.ai\/hr\/#\/schema\/logo\/image\/","url":"https:\/\/talkpal.ai\/wp-content\/uploads\/2024\/03\/Talkpal-Logo-Icon.png","contentUrl":"https:\/\/talkpal.ai\/wp-content\/uploads\/2024\/03\/Talkpal-Logo-Icon.png","width":2880,"height":2880,"caption":"Talkpal, Inc."},"image":{"@id":"https:\/\/talkpal.ai\/hr\/#\/schema\/logo\/image\/"},"sameAs":["https:\/\/www.facebook.com\/profile.php?id=100090733639311","https:\/\/x.com\/talkpalai","https:\/\/www.linkedin.com\/company\/talkpal\/","https:\/\/www.youtube.com\/@TalkPal\/","https:\/\/www.tiktok.com\/@talkpal","https:\/\/www.instagram.com\/talkpal_ai\/","https:\/\/www.crunchbase.com\/organization\/talkpal-9cde","https:\/\/www.g2.com\/products\/talkpal-for-business\/","https:\/\/www.trustpilot.com\/review\/talkpal.ai","https:\/\/www.capterra.com\/p\/10006800\/TalkPal\/"],"description":"Talkpal is a language learning web and mobile education app, powered by the latest AI technologies, that provides engaging experiences to its customers in many different languages to help them improve their language skills. Users can chat about unlimited amount of topics with the app and use other modes to practice their language learning.","email":"support@talkpal.ai","legalName":"Talkpal, Inc.","foundingDate":"2023-04-03","duns":"118989042","numberOfEmployees":{"@type":"QuantitativeValue","minValue":"11","maxValue":"50"},"publishingPrinciples":"https:\/\/talkpal.ai\/publishing-principles\/","actionableFeedbackPolicy":"https:\/\/talkpal.ai\/actionable-feedback-policy\/","correctionsPolicy":"https:\/\/talkpal.ai\/corrections-policy\/","ethicsPolicy":"https:\/\/talkpal.ai\/ethics-policy\/","diversityPolicy":"https:\/\/talkpal.ai\/diversity-policy\/","diversityStaffingReport":"https:\/\/talkpal.ai\/diversity-policy\/"}]}},"_links":{"self":[{"href":"https:\/\/talkpal.ai\/hr\/wp-json\/wp\/v2\/pages\/159287","targetHints":{"allow":["GET"]}}],"collection":[{"href":"https:\/\/talkpal.ai\/hr\/wp-json\/wp\/v2\/pages"}],"about":[{"href":"https:\/\/talkpal.ai\/hr\/wp-json\/wp\/v2\/types\/page"}],"author":[{"embeddable":true,"href":"https:\/\/talkpal.ai\/hr\/wp-json\/wp\/v2\/users\/6"}],"replies":[{"embeddable":true,"href":"https:\/\/talkpal.ai\/hr\/wp-json\/wp\/v2\/comments?post=159287"}],"version-history":[{"count":0,"href":"https:\/\/talkpal.ai\/hr\/wp-json\/wp\/v2\/pages\/159287\/revisions"}],"wp:featuredmedia":[{"embeddable":true,"href":"https:\/\/talkpal.ai\/hr\/wp-json\/wp\/v2\/media\/116342"}],"wp:attachment":[{"href":"https:\/\/talkpal.ai\/hr\/wp-json\/wp\/v2\/media?parent=159287"}],"curies":[{"name":"wp","href":"https:\/\/api.w.org\/{rel}","templated":true}]}}