{"id":158704,"date":"2023-06-22T08:52:21","date_gmt":"2023-06-22T08:52:21","guid":{"rendered":"http:\/\/talkpal.ai\/nepalske-gramaticke-vjezbe\/"},"modified":"2025-12-17T14:36:38","modified_gmt":"2025-12-17T14:36:38","slug":"nepalske-gramaticke-vjezbe","status":"publish","type":"page","link":"https:\/\/talkpal.ai\/hr\/nepalske-gramaticke-vjezbe\/","title":{"rendered":"Nepalske gramati\u010dke vje\u017ebe"},"content":{"rendered":"\r\n\r\n\r\n<section class=\"languageChallengeSection\">\r\n    <div class=\"languageInfoWrapper\">\r\n        \r\n        <h1>Nepalske gramati\u010dke vje\u017ebe<\/h1>\r\n        <p>\u017delite li ste\u0107i ve\u0107e samopouzdanje u nepalskom? Vje\u017ebanje gramati\u010dkih vje\u017ebi odli\u010dan je na\u010din za razumijevanje re\u010deni\u010dne strukture, glagolskih oblika i jedinstvenih obrazaca jezika. Po\u010dnite raditi na nepalskoj gramatici ve\u0107 danas i gledajte kako vam vje\u0161tine i te\u010dnost rastu sa svakom vje\u017ebom!<\/p>\r\n\r\n                            <a class=\"getStartedHidden\" href=\"https:\/\/app.talkpal.ai\/hr\/signup?lng=\">Zapo\u010dni<\/a>\r\n        \r\n    <\/div>\r\n\r\n    <figure>\r\n    <img decoding=\"async\" width=\"768\" height=\"768\" src=\"https:\/\/talkpal.ai\/wp-content\/uploads\/2023\/06\/nepali-768x768.png\" class=\"languageImage no-lazy\" alt=\"Practical language learning for real-life application\" fetchpriority=\"high\" sizes=\"(max-width: 768px) 150px, 768px\" srcset=\"https:\/\/talkpal.ai\/wp-content\/uploads\/2023\/06\/nepali-768x768.png 768w, https:\/\/talkpal.ai\/wp-content\/uploads\/2023\/06\/nepali-300x300.png 300w\" \/>\r\n    \r\n\r\n    <\/figure>\r\n\r\n            <a class=\"getStartedVisible\" href=\"https:\/\/app.talkpal.ai\/hr\/signup?lng=\">Zapo\u010dni<\/a>\r\n    \r\n<\/section>\r\n\r\n\r\n<!-- <section class=\"grammarSection\">\r\n    <div class=\"grammarLinks\">\r\n            <\/div>\r\n<\/section> -->\r\n\r\n\r\n\r\n\r\n<section class=\"promotionalBanner\">\r\n    <p class=\"promotionalText\">Naju\u010dinkovitiji na\u010din u\u010denja jezika<\/p>\r\n    <a class=\"promotionalLink\" href=\"https:\/\/app.talkpal.ai\/hr\/signup?lng=\">Isprobajte Talkpal besplatno<\/a>\r\n<\/section>\n<div class=\"wp-block-group pageContainerStyle\"><div class=\"wp-block-group__inner-container is-layout-constrained wp-block-group-is-layout-constrained\">\n<h2 class=\"wp-block-heading\" id=\"h-nepali-grammar-topics\">Nepalski Gramati\u010dke teme<\/h2>\n\n\n\n<p>U\u010denje nepalskog jezika mo\u017ee biti fascinantno i korisno iskustvo za sve koji su zainteresirani za ronjenje u bogatu kulturu i povijest Nepala. Kao i kod svakog jezika, ovladavanje nepalskom gramatikom klju\u010dno je za u\u010dinkovitu komunikaciju. Ovaj \u0107e vas \u010dlanak voditi kroz nepalske gramati\u010dke teme, grupirane u nizu koji \u0107e vam olak\u0161ati u\u010denje jezika. Od vremena do struktura re\u010denica, ovaj \u0107e vam vodi\u010d pru\u017eiti pregled va\u017enih gramati\u010dkih koncepata koji \u0107e postaviti sna\u017ene temelje za va\u0161e nepalske jezi\u010dne vje\u0161tine.<\/p>\n\n\n\n<h3 class=\"wp-block-heading\" id=\"h-1-tenses\">1. Vrijeme:<\/h3>\n\n\n\n<p>Razumijevanje vremena klju\u010dno je za u\u010denje bilo kojeg jezika jer poma\u017eu u preno\u0161enju vremena radnje ili doga\u0111aja. U Nepalu postoje tri glavna vremena: pro\u0161lo, sada\u0161nje i budu\u0107e. Svako vrijeme ima svoj skup pravila konjugacije glagola, s kojima biste se trebali upoznati kako biste to\u010dno opisali radnje u razli\u010ditim vremenskim okvirima.<\/p>\n\n\n\n<h3 class=\"wp-block-heading\" id=\"h-2-tense-comparison\">2. Napeta usporedba:<\/h3>\n\n\n\n<p>Usporedba vremena na nepalskom jeziku klju\u010dan je aspekt ovladavanja jezikom. To uklju\u010duje razumijevanje kako se razli\u010dita vremena me\u0111usobno odnose i kako ih koristiti zajedno za jasnu komunikaciju. To \u0107e vam pomo\u0107i da izbjegnete zabunu kada razgovarate o doga\u0111ajima koji su se dogodili u pro\u0161losti, sada\u0161njosti ili budu\u0107nosti.<\/p>\n\n\n\n<h3 class=\"wp-block-heading\" id=\"h-3-progressive\">3. Progresivno:<\/h3>\n\n\n\n<p>Progresivni aspekt nepalske gramatike ukazuje na teku\u0107e akcije. U\u010denje progresivnog oblika glagola va\u017eno je za izra\u017eavanje radnji koje se trenutno doga\u0111aju ili su se doga\u0111ale u odre\u0111enom trenutku. To \u0107e vam pomo\u0107i u stvaranju dinami\u010dnijih i zanimljivijih razgovora na nepalskom jeziku.<\/p>\n\n\n\n<h3 class=\"wp-block-heading\" id=\"h-4-perfect-progressive\">4. Savr\u0161en progresivan:<\/h3>\n\n\n\n<p>Ovo vrijeme kombinira koncepte savr\u0161enog i progresivnog vremena. Savr\u0161eno progresivno vrijeme koristi se za opisivanje radnje <a href=\"https:\/\/talkpal.ai\/locations\/language-courses-in-koja\/\">koja<\/a> je zapo\u010dela u pro\u0161losti i nastavila se sve do druge to\u010dke u pro\u0161losti. Ovladavanje ovim vremenom omogu\u0107it \u0107e vam pru\u017eanje detaljnih informacija o pro\u0161lim radnjama i njihovom trajanju.<\/p>\n\n\n\n<h3 class=\"wp-block-heading\" id=\"h-5-verbs\">5. Glagoli:<\/h3>\n\n\n\n<p>Glagoli su okosnica bilo kojeg jezika, a <a href=\"https:\/\/talkpal.ai\/learn-nepali\/\">nepalski<\/a> nije iznimka. Da biste u\u010dinkovito govorili i razumjeli <a href=\"https:\/\/talkpal.ai\/learn-nepali\/\">nepalski<\/a>, bitno je nau\u010diti razli\u010dite oblike glagola, njihove konjugacije i kako funkcioniraju u re\u010denicama.<\/p>\n\n\n\n<h3 class=\"wp-block-heading\" id=\"h-6-nouns\">6. Imenice:<\/h3>\n\n\n\n<p>Sna\u017eno razumijevanje nepalskih imenica potrebno je za izgradnju \u010dvrstog vokabulara. U\u010denje o uobi\u010dajenim i pravilnim imenicama, kao i brojnim i nebrojenim imenicama, pomo\u0107i \u0107e vam da ispravno identificirate i koristite ove bitne dijelove govora u svojim razgovorima.<\/p>\n\n\n\n<h3 class=\"wp-block-heading\" id=\"h-7-articles\">7. \u010clanci:<\/h3>\n\n\n\n<p>Na nepalskom jeziku \u010dlanci nisu toliko istaknuti kao na engleskom jeziku, ali je jo\u0161 uvijek bitno nau\u010diti njihovu upotrebu. Ovladavanje kori\u0161tenjem \u010dlanaka pomo\u0107i \u0107e vam da to\u010dno identificirate i opi\u0161ete objekte, ljude i koncepte u svojim razgovorima.<\/p>\n\n\n\n<h3 class=\"wp-block-heading\" id=\"h-8-pronouns-determiners\">8. Zamjenice\/Odrediva\u010di:<\/h3>\n\n\n\n<p>Upoznavanje s nepalskim zamjenicama i odrediva\u010dima klju\u010dno je za jasnu i sa\u017eetu komunikaciju. Ovi dijelovi govora poma\u017eu zamijeniti ili odrediti imenice u re\u010denicama, \u010dine\u0107i va\u0161e razgovore u\u010dinkovitijima i prirodnijima.<\/p>\n\n\n\n<h3 class=\"wp-block-heading\" id=\"h-9-adjectives\">9. Pridjevi:<\/h3>\n\n\n\n<p>Pridjevi su neophodni za dodavanje dubine i detalja va\u0161im nepalskim razgovorima. U\u010denje pravilnog kori\u0161tenja pridjeva omogu\u0107it \u0107e vam da to\u010dno opi\u0161ete ljude, mjesta i stvari, \u010dine\u0107i va\u0161 govor zanimljivijim i informativnijim.<\/p>\n\n\n\n<h3 class=\"wp-block-heading\" id=\"h-10-adverbs\">10. Prilozi<\/h3>\n\n\n\n<p>: Na nepalskom prilozima igraju klju\u010dnu ulogu u izmjeni glagola, pridjeva ili drugih priloga. Razumijevanje kori\u0161tenja priloga omogu\u0107it \u0107e vam pru\u017eanje dodatnih informacija o radnjama, stanjima ili kvalitetama u razgovorima.<\/p>\n\n\n\n<h3 class=\"wp-block-heading\" id=\"h-11-conditionals\">11. Uvjeti:<\/h3>\n\n\n\n<p>Ovladavanje nepalskim uvjetima omogu\u0107it \u0107e vam da izrazite hipotetske situacije i njihove posljedice. To je va\u017eno za stvaranje slo\u017eenih, nijansiranih rasprava na jeziku.<\/p>\n\n\n\n<h3 class=\"wp-block-heading\" id=\"h-12-prepositions\">12. Prijedlozi:<\/h3>\n\n\n\n<p>Prijedlozi su neophodni za ozna\u010davanje odnosa izme\u0111u rije\u010di u re\u010denici. U\u010denje ispravne uporabe prijedloga pomo\u0107i \u0107e vam u stvaranju jasnih i koherentnih re\u010denica na nepalskom.<\/p>\n\n\n\n<h3 class=\"wp-block-heading\" id=\"h-13-sentences\">13. Re\u010denice:<\/h3>\n\n\n\n<p>Kona\u010dno, razumijevanje strukture i vrsta nepalskih re\u010denica klju\u010dno je za u\u010dinkovitu komunikaciju. Upoznajte se s jednostavnim, slo\u017eenim i slo\u017eenim re\u010denicama i nau\u010dite kako ih pravilno konstruirati kako biste prenijeli svoje misli i ideje na jeziku.<\/p>\n<\/div><\/div>\n\r\n<section class=\"learnNavigationSection\">\r\n            \r\n        <a href=\"https:\/\/talkpal.ai\/hr\/ucite-nepalski\/\">\r\n            <div class=\"learnNavigationWrapper\">\r\n                <div class=\"learnNavigationContent\">\r\n                    <img decoding=\"async\" src=\"https:\/\/talkpal.ai\/wp-content\/uploads\/2024\/08\/Nepali.jpg\" alt=\"Nepali Flag\">\r\n                    <div>\r\n                        <h4>O nepalskom u\u010denju<\/h4>\r\n                        <p>Saznajte sve o nepalskoj gramatici.<\/p>\r\n                    <\/div>\r\n                <\/div>\r\n            <\/div>\r\n        <\/a>\r\n\r\n        \r\n        <a href=\"https:\/\/talkpal.ai\/hr\/nepalska-gramatika\/\">\r\n            <div class=\"learnNavigationWrapper\">\r\n                <div class=\"learnNavigationContent\">\r\n                    <img decoding=\"async\" src=\"https:\/\/talkpal.ai\/wp-content\/uploads\/2024\/08\/Nepali.jpg\" alt=\"Nepali Flag\">\r\n                    <div>\r\n                        <h4>Lekcije iz nepalske gramatike<\/h4>\r\n                        <p>Vje\u017ebajte nepalsku gramatiku.<\/p>\r\n                    <\/div>\r\n                <\/div>\r\n            <\/div>\r\n        <\/a>\r\n\r\n        \r\n        <a href=\"https:\/\/talkpal.ai\/vocabulary_language\/nepali\/\">\r\n            <div class=\"learnNavigationWrapper\">\r\n                <div class=\"learnNavigationContent\">\r\n                    <img decoding=\"async\" src=\"https:\/\/talkpal.ai\/wp-content\/uploads\/2024\/08\/Nepali.jpg\" alt=\"Nepali Flag\">\r\n                    <div>\r\n                        <h4>Nepalski rje\u010dnik<\/h4>\r\n                        <p>Pro\u0161irite svoj nepalski vokabular.<\/p>\r\n                    <\/div>\r\n                <\/div>\r\n            <\/div>\r\n        <\/a>\r\n\r\n            <\/section>","protected":false},"excerpt":{"rendered":"<p>Nepalski Gramati\u010dke teme U\u010denje nepalskog jezika mo\u017ee biti fascinantno i korisno iskustvo za sve koji su zainteresirani za ronjenje u bogatu kulturu i povijest Nepala. Kao i kod svakog jezika, ovladavanje nepalskom gramatikom klju\u010dno je za u\u010dinkovitu komunikaciju. Ovaj \u0107e vas \u010dlanak voditi kroz nepalske gramati\u010dke teme, grupirane u nizu koji \u0107e vam olak\u0161ati u\u010denje [&hellip;]<\/p>\n","protected":false},"author":6,"featured_media":116075,"parent":0,"menu_order":0,"comment_status":"closed","ping_status":"closed","template":"LearningContentPage.php","meta":{"_acf_changed":false,"footnotes":""},"class_list":["post-158704","page","type-page","status-publish","has-post-thumbnail","hentry"],"acf":[],"yoast_head":"<!-- This site is optimized with the Yoast SEO Premium plugin v27.2 (Yoast SEO v27.2) - https:\/\/yoast.com\/product\/yoast-seo-premium-wordpress\/ -->\n<title>Nepalske gramati\u010dke vje\u017ebe - Talkpal<\/title>\n<meta name=\"description\" content=\"Savladajte nepalske gramati\u010dke vje\u017ebe za u\u010dinkovitu komunikaciju. Istra\u017eite glagomska vremena i re\u010deni\u010dne strukture za te\u010dnost jezika.\" \/>\n<meta name=\"robots\" content=\"index, follow, max-snippet:-1, max-image-preview:large, max-video-preview:-1\" \/>\n<link rel=\"canonical\" href=\"https:\/\/talkpal.ai\/hr\/nepalske-gramaticke-vjezbe\/\" \/>\n<meta property=\"og:locale\" content=\"hr_HR\" \/>\n<meta property=\"og:type\" content=\"article\" \/>\n<meta property=\"og:title\" content=\"Nepalske gramati\u010dke vje\u017ebe\" \/>\n<meta property=\"og:description\" content=\"Nepalski Gramati\u010dke teme U\u010denje nepalskog jezika mo\u017ee biti fascinantno i korisno iskustvo za sve koji su zainteresirani za ronjenje u bogatu kulturu i\" \/>\n<meta property=\"og:url\" content=\"https:\/\/talkpal.ai\/hr\/nepalske-gramaticke-vjezbe\/\" \/>\n<meta property=\"og:site_name\" content=\"Talkpal\" \/>\n<meta property=\"article:publisher\" content=\"https:\/\/www.facebook.com\/profile.php?id=100090733639311\" \/>\n<meta property=\"article:modified_time\" content=\"2025-12-17T14:36:38+00:00\" \/>\n<meta property=\"og:image\" content=\"https:\/\/talkpal.ai\/wp-content\/uploads\/2023\/05\/nepal.png\" \/>\n\t<meta property=\"og:image:width\" content=\"512\" \/>\n\t<meta property=\"og:image:height\" content=\"512\" \/>\n\t<meta property=\"og:image:type\" content=\"image\/png\" \/>\n<meta name=\"twitter:card\" content=\"summary_large_image\" \/>\n<meta name=\"twitter:site\" content=\"@talkpalai\" \/>\n<meta name=\"twitter:label1\" content=\"Procijenjeno vrijeme \u010ditanja\" \/>\n\t<meta name=\"twitter:data1\" content=\"3 minute\" \/>\n<script type=\"application\/ld+json\" class=\"yoast-schema-graph\">{\"@context\":\"https:\/\/schema.org\",\"@graph\":[{\"@type\":\"WebPage\",\"@id\":\"https:\/\/talkpal.ai\/hr\/nepalske-gramaticke-vjezbe\/\",\"url\":\"https:\/\/talkpal.ai\/hr\/nepalske-gramaticke-vjezbe\/\",\"name\":\"Nepalske gramati\u010dke vje\u017ebe - Talkpal\",\"isPartOf\":{\"@id\":\"https:\/\/talkpal.ai\/hr\/#website\"},\"primaryImageOfPage\":{\"@id\":\"https:\/\/talkpal.ai\/hr\/nepalske-gramaticke-vjezbe\/#primaryimage\"},\"image\":{\"@id\":\"https:\/\/talkpal.ai\/hr\/nepalske-gramaticke-vjezbe\/#primaryimage\"},\"thumbnailUrl\":\"https:\/\/talkpal.ai\/wp-content\/uploads\/2023\/05\/nepal.png\",\"datePublished\":\"2023-06-22T08:52:21+00:00\",\"dateModified\":\"2025-12-17T14:36:38+00:00\",\"description\":\"Savladajte nepalske gramati\u010dke vje\u017ebe za u\u010dinkovitu komunikaciju. Istra\u017eite glagomska vremena i re\u010deni\u010dne strukture za te\u010dnost jezika.\",\"breadcrumb\":{\"@id\":\"https:\/\/talkpal.ai\/hr\/nepalske-gramaticke-vjezbe\/#breadcrumb\"},\"inLanguage\":\"hr\",\"potentialAction\":[{\"@type\":\"ReadAction\",\"target\":[\"https:\/\/talkpal.ai\/hr\/nepalske-gramaticke-vjezbe\/\"]}]},{\"@type\":\"ImageObject\",\"inLanguage\":\"hr\",\"@id\":\"https:\/\/talkpal.ai\/hr\/nepalske-gramaticke-vjezbe\/#primaryimage\",\"url\":\"https:\/\/talkpal.ai\/wp-content\/uploads\/2023\/05\/nepal.png\",\"contentUrl\":\"https:\/\/talkpal.ai\/wp-content\/uploads\/2023\/05\/nepal.png\",\"width\":512,\"height\":512},{\"@type\":\"BreadcrumbList\",\"@id\":\"https:\/\/talkpal.ai\/hr\/nepalske-gramaticke-vjezbe\/#breadcrumb\",\"itemListElement\":[{\"@type\":\"ListItem\",\"position\":1,\"name\":\"Homepage\",\"item\":\"https:\/\/talkpal.ai\/hr\/\"},{\"@type\":\"ListItem\",\"position\":2,\"name\":\"Nepalske gramati\u010dke vje\u017ebe\"}]},{\"@type\":\"WebSite\",\"@id\":\"https:\/\/talkpal.ai\/hr\/#website\",\"url\":\"https:\/\/talkpal.ai\/hr\/\",\"name\":\"Talkpal\",\"description\":\"AI Language Learning\",\"publisher\":{\"@id\":\"https:\/\/talkpal.ai\/hr\/#organization\"},\"alternateName\":\"Talkpal AI\",\"potentialAction\":[{\"@type\":\"SearchAction\",\"target\":{\"@type\":\"EntryPoint\",\"urlTemplate\":\"https:\/\/talkpal.ai\/hr\/?s={search_term_string}\"},\"query-input\":{\"@type\":\"PropertyValueSpecification\",\"valueRequired\":true,\"valueName\":\"search_term_string\"}}],\"inLanguage\":\"hr\"},{\"@type\":\"Organization\",\"@id\":\"https:\/\/talkpal.ai\/hr\/#organization\",\"name\":\"Talkpal, Inc.\",\"alternateName\":\"Talkpal AI\",\"url\":\"https:\/\/talkpal.ai\/hr\/\",\"logo\":{\"@type\":\"ImageObject\",\"inLanguage\":\"hr\",\"@id\":\"https:\/\/talkpal.ai\/hr\/#\/schema\/logo\/image\/\",\"url\":\"https:\/\/talkpal.ai\/wp-content\/uploads\/2024\/03\/Talkpal-Logo-Icon.png\",\"contentUrl\":\"https:\/\/talkpal.ai\/wp-content\/uploads\/2024\/03\/Talkpal-Logo-Icon.png\",\"width\":2880,\"height\":2880,\"caption\":\"Talkpal, Inc.\"},\"image\":{\"@id\":\"https:\/\/talkpal.ai\/hr\/#\/schema\/logo\/image\/\"},\"sameAs\":[\"https:\/\/www.facebook.com\/profile.php?id=100090733639311\",\"https:\/\/x.com\/talkpalai\",\"https:\/\/www.linkedin.com\/company\/talkpal\/\",\"https:\/\/www.youtube.com\/@TalkPal\/\",\"https:\/\/www.tiktok.com\/@talkpal\",\"https:\/\/www.instagram.com\/talkpal_ai\/\",\"https:\/\/www.crunchbase.com\/organization\/talkpal-9cde\",\"https:\/\/www.g2.com\/products\/talkpal-for-business\/\",\"https:\/\/www.trustpilot.com\/review\/talkpal.ai\",\"https:\/\/www.capterra.com\/p\/10006800\/TalkPal\/\"],\"description\":\"Talkpal is a language learning web and mobile education app, powered by the latest AI technologies, that provides engaging experiences to its customers in many different languages to help them improve their language skills. Users can chat about unlimited amount of topics with the app and use other modes to practice their language learning.\",\"email\":\"support@talkpal.ai\",\"legalName\":\"Talkpal, Inc.\",\"foundingDate\":\"2023-04-03\",\"duns\":\"118989042\",\"numberOfEmployees\":{\"@type\":\"QuantitativeValue\",\"minValue\":\"11\",\"maxValue\":\"50\"},\"publishingPrinciples\":\"https:\/\/talkpal.ai\/publishing-principles\/\",\"actionableFeedbackPolicy\":\"https:\/\/talkpal.ai\/actionable-feedback-policy\/\",\"correctionsPolicy\":\"https:\/\/talkpal.ai\/corrections-policy\/\",\"ethicsPolicy\":\"https:\/\/talkpal.ai\/ethics-policy\/\",\"diversityPolicy\":\"https:\/\/talkpal.ai\/diversity-policy\/\",\"diversityStaffingReport\":\"https:\/\/talkpal.ai\/diversity-policy\/\"}]}<\/script>\n<!-- \/ Yoast SEO Premium plugin. -->","yoast_head_json":{"title":"Nepalske gramati\u010dke vje\u017ebe - Talkpal","description":"Savladajte nepalske gramati\u010dke vje\u017ebe za u\u010dinkovitu komunikaciju. Istra\u017eite glagomska vremena i re\u010deni\u010dne strukture za te\u010dnost jezika.","robots":{"index":"index","follow":"follow","max-snippet":"max-snippet:-1","max-image-preview":"max-image-preview:large","max-video-preview":"max-video-preview:-1"},"canonical":"https:\/\/talkpal.ai\/hr\/nepalske-gramaticke-vjezbe\/","og_locale":"hr_HR","og_type":"article","og_title":"Nepalske gramati\u010dke vje\u017ebe","og_description":"Nepalski Gramati\u010dke teme U\u010denje nepalskog jezika mo\u017ee biti fascinantno i korisno iskustvo za sve koji su zainteresirani za ronjenje u bogatu kulturu i","og_url":"https:\/\/talkpal.ai\/hr\/nepalske-gramaticke-vjezbe\/","og_site_name":"Talkpal","article_publisher":"https:\/\/www.facebook.com\/profile.php?id=100090733639311","article_modified_time":"2025-12-17T14:36:38+00:00","og_image":[{"width":512,"height":512,"url":"https:\/\/talkpal.ai\/wp-content\/uploads\/2023\/05\/nepal.png","type":"image\/png"}],"twitter_card":"summary_large_image","twitter_site":"@talkpalai","twitter_misc":{"Procijenjeno vrijeme \u010ditanja":"3 minute"},"schema":{"@context":"https:\/\/schema.org","@graph":[{"@type":"WebPage","@id":"https:\/\/talkpal.ai\/hr\/nepalske-gramaticke-vjezbe\/","url":"https:\/\/talkpal.ai\/hr\/nepalske-gramaticke-vjezbe\/","name":"Nepalske gramati\u010dke vje\u017ebe - Talkpal","isPartOf":{"@id":"https:\/\/talkpal.ai\/hr\/#website"},"primaryImageOfPage":{"@id":"https:\/\/talkpal.ai\/hr\/nepalske-gramaticke-vjezbe\/#primaryimage"},"image":{"@id":"https:\/\/talkpal.ai\/hr\/nepalske-gramaticke-vjezbe\/#primaryimage"},"thumbnailUrl":"https:\/\/talkpal.ai\/wp-content\/uploads\/2023\/05\/nepal.png","datePublished":"2023-06-22T08:52:21+00:00","dateModified":"2025-12-17T14:36:38+00:00","description":"Savladajte nepalske gramati\u010dke vje\u017ebe za u\u010dinkovitu komunikaciju. Istra\u017eite glagomska vremena i re\u010deni\u010dne strukture za te\u010dnost jezika.","breadcrumb":{"@id":"https:\/\/talkpal.ai\/hr\/nepalske-gramaticke-vjezbe\/#breadcrumb"},"inLanguage":"hr","potentialAction":[{"@type":"ReadAction","target":["https:\/\/talkpal.ai\/hr\/nepalske-gramaticke-vjezbe\/"]}]},{"@type":"ImageObject","inLanguage":"hr","@id":"https:\/\/talkpal.ai\/hr\/nepalske-gramaticke-vjezbe\/#primaryimage","url":"https:\/\/talkpal.ai\/wp-content\/uploads\/2023\/05\/nepal.png","contentUrl":"https:\/\/talkpal.ai\/wp-content\/uploads\/2023\/05\/nepal.png","width":512,"height":512},{"@type":"BreadcrumbList","@id":"https:\/\/talkpal.ai\/hr\/nepalske-gramaticke-vjezbe\/#breadcrumb","itemListElement":[{"@type":"ListItem","position":1,"name":"Homepage","item":"https:\/\/talkpal.ai\/hr\/"},{"@type":"ListItem","position":2,"name":"Nepalske gramati\u010dke vje\u017ebe"}]},{"@type":"WebSite","@id":"https:\/\/talkpal.ai\/hr\/#website","url":"https:\/\/talkpal.ai\/hr\/","name":"Talkpal","description":"AI Language Learning","publisher":{"@id":"https:\/\/talkpal.ai\/hr\/#organization"},"alternateName":"Talkpal AI","potentialAction":[{"@type":"SearchAction","target":{"@type":"EntryPoint","urlTemplate":"https:\/\/talkpal.ai\/hr\/?s={search_term_string}"},"query-input":{"@type":"PropertyValueSpecification","valueRequired":true,"valueName":"search_term_string"}}],"inLanguage":"hr"},{"@type":"Organization","@id":"https:\/\/talkpal.ai\/hr\/#organization","name":"Talkpal, Inc.","alternateName":"Talkpal AI","url":"https:\/\/talkpal.ai\/hr\/","logo":{"@type":"ImageObject","inLanguage":"hr","@id":"https:\/\/talkpal.ai\/hr\/#\/schema\/logo\/image\/","url":"https:\/\/talkpal.ai\/wp-content\/uploads\/2024\/03\/Talkpal-Logo-Icon.png","contentUrl":"https:\/\/talkpal.ai\/wp-content\/uploads\/2024\/03\/Talkpal-Logo-Icon.png","width":2880,"height":2880,"caption":"Talkpal, Inc."},"image":{"@id":"https:\/\/talkpal.ai\/hr\/#\/schema\/logo\/image\/"},"sameAs":["https:\/\/www.facebook.com\/profile.php?id=100090733639311","https:\/\/x.com\/talkpalai","https:\/\/www.linkedin.com\/company\/talkpal\/","https:\/\/www.youtube.com\/@TalkPal\/","https:\/\/www.tiktok.com\/@talkpal","https:\/\/www.instagram.com\/talkpal_ai\/","https:\/\/www.crunchbase.com\/organization\/talkpal-9cde","https:\/\/www.g2.com\/products\/talkpal-for-business\/","https:\/\/www.trustpilot.com\/review\/talkpal.ai","https:\/\/www.capterra.com\/p\/10006800\/TalkPal\/"],"description":"Talkpal is a language learning web and mobile education app, powered by the latest AI technologies, that provides engaging experiences to its customers in many different languages to help them improve their language skills. Users can chat about unlimited amount of topics with the app and use other modes to practice their language learning.","email":"support@talkpal.ai","legalName":"Talkpal, Inc.","foundingDate":"2023-04-03","duns":"118989042","numberOfEmployees":{"@type":"QuantitativeValue","minValue":"11","maxValue":"50"},"publishingPrinciples":"https:\/\/talkpal.ai\/publishing-principles\/","actionableFeedbackPolicy":"https:\/\/talkpal.ai\/actionable-feedback-policy\/","correctionsPolicy":"https:\/\/talkpal.ai\/corrections-policy\/","ethicsPolicy":"https:\/\/talkpal.ai\/ethics-policy\/","diversityPolicy":"https:\/\/talkpal.ai\/diversity-policy\/","diversityStaffingReport":"https:\/\/talkpal.ai\/diversity-policy\/"}]}},"_links":{"self":[{"href":"https:\/\/talkpal.ai\/hr\/wp-json\/wp\/v2\/pages\/158704","targetHints":{"allow":["GET"]}}],"collection":[{"href":"https:\/\/talkpal.ai\/hr\/wp-json\/wp\/v2\/pages"}],"about":[{"href":"https:\/\/talkpal.ai\/hr\/wp-json\/wp\/v2\/types\/page"}],"author":[{"embeddable":true,"href":"https:\/\/talkpal.ai\/hr\/wp-json\/wp\/v2\/users\/6"}],"replies":[{"embeddable":true,"href":"https:\/\/talkpal.ai\/hr\/wp-json\/wp\/v2\/comments?post=158704"}],"version-history":[{"count":0,"href":"https:\/\/talkpal.ai\/hr\/wp-json\/wp\/v2\/pages\/158704\/revisions"}],"wp:featuredmedia":[{"embeddable":true,"href":"https:\/\/talkpal.ai\/hr\/wp-json\/wp\/v2\/media\/116075"}],"wp:attachment":[{"href":"https:\/\/talkpal.ai\/hr\/wp-json\/wp\/v2\/media?parent=158704"}],"curies":[{"name":"wp","href":"https:\/\/api.w.org\/{rel}","templated":true}]}}