{"id":158138,"date":"2023-06-27T08:51:37","date_gmt":"2023-06-27T08:51:37","guid":{"rendered":"http:\/\/talkpal.ai\/vjezbe-perzijske-gramatike\/"},"modified":"2025-12-17T15:26:24","modified_gmt":"2025-12-17T15:26:24","slug":"vjezbe-perzijske-gramatike","status":"publish","type":"page","link":"https:\/\/talkpal.ai\/hr\/vjezbe-perzijske-gramatike\/","title":{"rendered":"Vje\u017ebe perzijske gramatike"},"content":{"rendered":"\r\n\r\n\r\n<section class=\"languageChallengeSection\">\r\n    <div class=\"languageInfoWrapper\">\r\n        \r\n        <h1>Vje\u017ebe perzijske gramatike<\/h1>\r\n        <p>Spremni ste pobolj\u0161ati svoje znanje perzijskog jezika? Vje\u017ebanje gramati\u010dkih vje\u017ebi izvrstan je na\u010din za svladavanje re\u010deni\u010dne strukture, glagolskih oblika i klju\u010dnih obrazaca perzijskog jezika. Po\u010dnite raditi na perzijskoj gramatici ve\u0107 danas i gledajte kako va\u0161e razumijevanje i samopouzdanje rastu sa svakom novom vje\u017ebom!<\/p>\r\n\r\n                            <a class=\"getStartedHidden\" href=\"https:\/\/app.talkpal.ai\/hr\/signup?lng=\">Zapo\u010dni<\/a>\r\n        \r\n    <\/div>\r\n\r\n    <figure>\r\n    <img decoding=\"async\" width=\"768\" height=\"768\" src=\"https:\/\/talkpal.ai\/wp-content\/uploads\/2023\/06\/persian-768x768.png\" class=\"languageImage no-lazy\" alt=\"Language learning to comprehend global news\" fetchpriority=\"high\" sizes=\"(max-width: 768px) 150px, 768px\" srcset=\"https:\/\/talkpal.ai\/wp-content\/uploads\/2023\/06\/persian-768x768.png 768w, https:\/\/talkpal.ai\/wp-content\/uploads\/2023\/06\/persian-300x300.png 300w\" \/>\r\n    \r\n\r\n    <\/figure>\r\n\r\n            <a class=\"getStartedVisible\" href=\"https:\/\/app.talkpal.ai\/hr\/signup?lng=\">Zapo\u010dni<\/a>\r\n    \r\n<\/section>\r\n\r\n\r\n<!-- <section class=\"grammarSection\">\r\n    <div class=\"grammarLinks\">\r\n            <\/div>\r\n<\/section> -->\r\n\r\n\r\n\r\n\r\n<section class=\"promotionalBanner\">\r\n    <p class=\"promotionalText\">Naju\u010dinkovitiji na\u010din u\u010denja jezika<\/p>\r\n    <a class=\"promotionalLink\" href=\"https:\/\/app.talkpal.ai\/hr\/signup?lng=\">Isprobajte Talkpal besplatno<\/a>\r\n<\/section>\n<div class=\"wp-block-group pageContainerStyle\"><div class=\"wp-block-group__inner-container is-layout-constrained wp-block-group-is-layout-constrained\">\n<h2 class=\"wp-block-heading\" id=\"h-persian-grammar-topics\">Teme perzijske gramatike<\/h2>\n\n\n\n<p>U\u010denje perzijskog jezika, tako\u0111er poznato kao Farsi, mo\u017ee biti uzbudljivo i korisno putovanje, otvaraju\u0107i nove mogu\u0107nosti za razumijevanje bogate kulture i povijesti Irana i drugih regija perzijskog govornog podru\u010dja. Kao u\u010denik, ovladavanje razli\u010ditim aspektima perzijske gramatike klju\u010dno je za izgradnju sna\u017enih temelja u jeziku. U ovom \u0107emo vodi\u010du istra\u017eiti razli\u010dite aspekte perzijske gramatike, uklju\u010duju\u0107i vremena, glagole, imenice, \u010dlanke i druge bitne elemente, kako bismo vam pomogli da sustavno i u\u010dinkovito strukturirate svoj proces u\u010denja.<\/p>\n\n\n\n<h3 class=\"wp-block-heading\" id=\"h-1-nouns\">1. Imenice:<\/h3>\n\n\n\n<p><a href=\"https:\/\/talkpal.ai\/ko\/ai-%ec%96%b8%ec%96%b4-%ea%b5%90%ec%82%ac\/\">Zapo\u010dnite<\/a> u\u010denjem osnova perzijskih imenica, uklju\u010duju\u0107i njihov rod (sve su perzijske imenice rodno neutralne), oblike jednine i mno\u017eine i kori\u0161tenje &#8220;ezafe&#8221; za prikazivanje posjedovanja i odnosa izme\u0111u imenica.<\/p>\n\n\n\n<h3 class=\"wp-block-heading\" id=\"h-2-pronouns-determiners\">2. Zamjenice\/Odrediva\u010di:<\/h3>\n\n\n\n<p>Nakon \u0161to se upoznate s imenicama, prije\u0111ite na zamjenice i odre\u0111ivanje znanja. To \u0107e vam pomo\u0107i da shvatite kako se odnositi na ljude i predmete na perzijskom i koristiti demonstracije, posesivne i kvantifikatore.<\/p>\n\n\n\n<h3 class=\"wp-block-heading\" id=\"h-3-adjectives\">3. Pridjevi:<\/h3>\n\n\n\n<p>Saznajte kako opisati imenice pomo\u0107u pridjeva, uklju\u010duju\u0107i njihovo postavljanje u re\u010denicu i kako se sla\u017eu s imenicama koje mijenjaju.<\/p>\n\n\n\n<h3 class=\"wp-block-heading\" id=\"h-4-verbs\">4. Glagoli:<\/h3>\n\n\n\n<p>Glagoli su okosnica bilo kojeg jezika, a <a href=\"https:\/\/talkpal.ai\/learn-persian\/\">perzijski<\/a> nije iznimka. Zapo\u010dnite s razumijevanjem strukture perzijskog glagola i jednostavnog sada\u0161njeg vremena, prije nego \u0161to prije\u0111ete na druga vremena i raspolo\u017eenja.<\/p>\n\n\n\n<h3 class=\"wp-block-heading\" id=\"h-5-tense-comparison\">5. Napeta usporedba:<\/h3>\n\n\n\n<p>Nakon u\u010denja osnova glagola i jednostavnog sada\u0161njeg vremena, usporedite i usporedite razli\u010dita vremena kako biste razumjeli kako se koriste na perzijskom. To uklju\u010duje pro\u0161la, budu\u0107a i uvjetna vremena.<\/p>\n\n\n\n<h3 class=\"wp-block-heading\" id=\"h-6-progressive-and-perfect-progressive\">6. Progresivno i savr\u0161eno progresivno:<\/h3>\n\n\n\n<p>Nau\u010dite progresivne i savr\u0161ene progresivne aspekte perzijskih glagola kako biste izrazili teku\u0107e ili dovr\u0161ene radnje.<\/p>\n\n\n\n<h3 class=\"wp-block-heading\" id=\"h-7-adverbs\">7. Prilozi:<\/h3>\n\n\n\n<p>Prilozi su neophodni za dodavanje nijansi i konteksta va\u0161im perzijskim re\u010denicama. Nau\u010dite njihov polo\u017eaj i kako mijenjaju glagole, pridjeve i druge priloge.<\/p>\n\n\n\n<h3 class=\"wp-block-heading\" id=\"h-8-conditionals\">8. Uvjeti:<\/h3>\n\n\n\n<p>Shvatite kako izraziti hipotetske situacije i posljedice u\u010denjem perzijskih uvjetnih re\u010denica.<\/p>\n\n\n\n<h3 class=\"wp-block-heading\" id=\"h-9-prepositions\">9. Prijedlozi:<\/h3>\n\n\n\n<p>Prijedlozi su potrebni za prikaz odnosa izme\u0111u rije\u010di i fraza u re\u010denici. Nau\u010dite naj\u010de\u0161\u0107e perzijske prijedloge i kako ih pravilno koristiti.<\/p>\n\n\n\n<h3 class=\"wp-block-heading\" id=\"h-10-sentences\">10. Re\u010denice:<\/h3>\n\n\n\n<p>Kona\u010dno, vje\u017ebajte spajanje svih elemenata perzijske gramatike formiranjem cjelovitih re\u010denica. Usredoto\u010dite se na razli\u010dite strukture re\u010denica, uklju\u010duju\u0107i jednostavne, slo\u017eene i slo\u017eene re\u010denice, kao i pitanja i imperativne izjave.<\/p>\n\n\n\n<p>Slijede\u0107i ovaj slijed u\u010denja perzijskih gramati\u010dkih tema, izgradit \u0107ete sna\u017ene temelje u jeziku koji \u0107e vam omogu\u0107iti u\u010dinkovitu komunikaciju i cijeniti ljepotu perzijske knji\u017eevnosti i kulture.<\/p>\n<\/div><\/div>\n\r\n<section class=\"learnNavigationSection\">\r\n            \r\n        <a href=\"https:\/\/talkpal.ai\/hr\/ucite-perzijski\/\">\r\n            <div class=\"learnNavigationWrapper\">\r\n                <div class=\"learnNavigationContent\">\r\n                    <img decoding=\"async\" src=\"https:\/\/talkpal.ai\/wp-content\/uploads\/2024\/08\/Persian.jpg\" alt=\"Persian Flag\">\r\n                    <div>\r\n                        <h4>O u\u010denju perzijskog<\/h4>\r\n                        <p>Saznajte sve o perzijskoj gramatici.<\/p>\r\n                    <\/div>\r\n                <\/div>\r\n            <\/div>\r\n        <\/a>\r\n\r\n        \r\n        <a href=\"https:\/\/talkpal.ai\/hr\/perzijska-gramatika\/\">\r\n            <div class=\"learnNavigationWrapper\">\r\n                <div class=\"learnNavigationContent\">\r\n                    <img decoding=\"async\" src=\"https:\/\/talkpal.ai\/wp-content\/uploads\/2024\/08\/Persian.jpg\" alt=\"Persian Flag\">\r\n                    <div>\r\n                        <h4>Lekcije iz perzijske gramatike<\/h4>\r\n                        <p>Vje\u017ebajte perzijsku gramatiku.<\/p>\r\n                    <\/div>\r\n                <\/div>\r\n            <\/div>\r\n        <\/a>\r\n\r\n        \r\n        <a href=\"https:\/\/talkpal.ai\/vocabulary_language\/persian\/\">\r\n            <div class=\"learnNavigationWrapper\">\r\n                <div class=\"learnNavigationContent\">\r\n                    <img decoding=\"async\" src=\"https:\/\/talkpal.ai\/wp-content\/uploads\/2024\/08\/Persian.jpg\" alt=\"Persian Flag\">\r\n                    <div>\r\n                        <h4>Perzijski rje\u010dnik<\/h4>\r\n                        <p>Pro\u0161irite svoj vokabular perzijskog.<\/p>\r\n                    <\/div>\r\n                <\/div>\r\n            <\/div>\r\n        <\/a>\r\n\r\n            <\/section>","protected":false},"excerpt":{"rendered":"<p>Teme perzijske gramatike U\u010denje perzijskog jezika, tako\u0111er poznato kao Farsi, mo\u017ee biti uzbudljivo i korisno putovanje, otvaraju\u0107i nove mogu\u0107nosti za razumijevanje bogate kulture i povijesti Irana i drugih regija perzijskog govornog podru\u010dja. Kao u\u010denik, ovladavanje razli\u010ditim aspektima perzijske gramatike klju\u010dno je za izgradnju sna\u017enih temelja u jeziku. U ovom \u0107emo vodi\u010du istra\u017eiti razli\u010dite aspekte perzijske [&hellip;]<\/p>\n","protected":false},"author":6,"featured_media":117112,"parent":0,"menu_order":0,"comment_status":"closed","ping_status":"closed","template":"LearningContentPage.php","meta":{"_acf_changed":false,"footnotes":""},"class_list":["post-158138","page","type-page","status-publish","has-post-thumbnail","hentry"],"acf":[],"yoast_head":"<!-- This site is optimized with the Yoast SEO Premium plugin v27.2 (Yoast SEO v27.2) - https:\/\/yoast.com\/product\/yoast-seo-premium-wordpress\/ -->\n<title>Vje\u017ebe perzijske gramatike - Talkpal<\/title>\n<meta name=\"description\" content=\"Savladajte vje\u017ebe perzijske gramatike kako biste oja\u010dali svoje jezi\u010dne vje\u0161tine i istra\u017eili kulturu perzijskih govornih podru\u010dja.\" \/>\n<meta name=\"robots\" content=\"index, follow, max-snippet:-1, max-image-preview:large, max-video-preview:-1\" \/>\n<link rel=\"canonical\" href=\"https:\/\/talkpal.ai\/hr\/vjezbe-perzijske-gramatike\/\" \/>\n<meta property=\"og:locale\" content=\"hr_HR\" \/>\n<meta property=\"og:type\" content=\"article\" \/>\n<meta property=\"og:title\" content=\"Vje\u017ebe perzijske gramatike\" \/>\n<meta property=\"og:description\" content=\"Teme perzijske gramatike U\u010denje perzijskog jezika, tako\u0111er poznato kao Farsi, mo\u017ee biti uzbudljivo i korisno putovanje, otvaraju\u0107i nove mogu\u0107nosti za\" \/>\n<meta property=\"og:url\" content=\"https:\/\/talkpal.ai\/hr\/vjezbe-perzijske-gramatike\/\" \/>\n<meta property=\"og:site_name\" content=\"Talkpal\" \/>\n<meta property=\"article:publisher\" content=\"https:\/\/www.facebook.com\/profile.php?id=100090733639311\" \/>\n<meta property=\"article:modified_time\" content=\"2025-12-17T15:26:24+00:00\" \/>\n<meta property=\"og:image\" content=\"https:\/\/talkpal.ai\/wp-content\/uploads\/2023\/05\/Persian-iran.png\" \/>\n\t<meta property=\"og:image:width\" content=\"512\" \/>\n\t<meta property=\"og:image:height\" content=\"512\" \/>\n\t<meta property=\"og:image:type\" content=\"image\/png\" \/>\n<meta name=\"twitter:card\" content=\"summary_large_image\" \/>\n<meta name=\"twitter:site\" content=\"@talkpalai\" \/>\n<meta name=\"twitter:label1\" content=\"Procijenjeno vrijeme \u010ditanja\" \/>\n\t<meta name=\"twitter:data1\" content=\"2 minute\" \/>\n<script type=\"application\/ld+json\" class=\"yoast-schema-graph\">{\"@context\":\"https:\/\/schema.org\",\"@graph\":[{\"@type\":\"WebPage\",\"@id\":\"https:\/\/talkpal.ai\/hr\/vjezbe-perzijske-gramatike\/\",\"url\":\"https:\/\/talkpal.ai\/hr\/vjezbe-perzijske-gramatike\/\",\"name\":\"Vje\u017ebe perzijske gramatike - Talkpal\",\"isPartOf\":{\"@id\":\"https:\/\/talkpal.ai\/hr\/#website\"},\"primaryImageOfPage\":{\"@id\":\"https:\/\/talkpal.ai\/hr\/vjezbe-perzijske-gramatike\/#primaryimage\"},\"image\":{\"@id\":\"https:\/\/talkpal.ai\/hr\/vjezbe-perzijske-gramatike\/#primaryimage\"},\"thumbnailUrl\":\"https:\/\/talkpal.ai\/wp-content\/uploads\/2023\/05\/Persian-iran.png\",\"datePublished\":\"2023-06-27T08:51:37+00:00\",\"dateModified\":\"2025-12-17T15:26:24+00:00\",\"description\":\"Savladajte vje\u017ebe perzijske gramatike kako biste oja\u010dali svoje jezi\u010dne vje\u0161tine i istra\u017eili kulturu perzijskih govornih podru\u010dja.\",\"breadcrumb\":{\"@id\":\"https:\/\/talkpal.ai\/hr\/vjezbe-perzijske-gramatike\/#breadcrumb\"},\"inLanguage\":\"hr\",\"potentialAction\":[{\"@type\":\"ReadAction\",\"target\":[\"https:\/\/talkpal.ai\/hr\/vjezbe-perzijske-gramatike\/\"]}]},{\"@type\":\"ImageObject\",\"inLanguage\":\"hr\",\"@id\":\"https:\/\/talkpal.ai\/hr\/vjezbe-perzijske-gramatike\/#primaryimage\",\"url\":\"https:\/\/talkpal.ai\/wp-content\/uploads\/2023\/05\/Persian-iran.png\",\"contentUrl\":\"https:\/\/talkpal.ai\/wp-content\/uploads\/2023\/05\/Persian-iran.png\",\"width\":512,\"height\":512},{\"@type\":\"BreadcrumbList\",\"@id\":\"https:\/\/talkpal.ai\/hr\/vjezbe-perzijske-gramatike\/#breadcrumb\",\"itemListElement\":[{\"@type\":\"ListItem\",\"position\":1,\"name\":\"Homepage\",\"item\":\"https:\/\/talkpal.ai\/hr\/\"},{\"@type\":\"ListItem\",\"position\":2,\"name\":\"Vje\u017ebe perzijske gramatike\"}]},{\"@type\":\"WebSite\",\"@id\":\"https:\/\/talkpal.ai\/hr\/#website\",\"url\":\"https:\/\/talkpal.ai\/hr\/\",\"name\":\"Talkpal\",\"description\":\"AI Language Learning\",\"publisher\":{\"@id\":\"https:\/\/talkpal.ai\/hr\/#organization\"},\"alternateName\":\"Talkpal AI\",\"potentialAction\":[{\"@type\":\"SearchAction\",\"target\":{\"@type\":\"EntryPoint\",\"urlTemplate\":\"https:\/\/talkpal.ai\/hr\/?s={search_term_string}\"},\"query-input\":{\"@type\":\"PropertyValueSpecification\",\"valueRequired\":true,\"valueName\":\"search_term_string\"}}],\"inLanguage\":\"hr\"},{\"@type\":\"Organization\",\"@id\":\"https:\/\/talkpal.ai\/hr\/#organization\",\"name\":\"Talkpal, Inc.\",\"alternateName\":\"Talkpal AI\",\"url\":\"https:\/\/talkpal.ai\/hr\/\",\"logo\":{\"@type\":\"ImageObject\",\"inLanguage\":\"hr\",\"@id\":\"https:\/\/talkpal.ai\/hr\/#\/schema\/logo\/image\/\",\"url\":\"https:\/\/talkpal.ai\/wp-content\/uploads\/2024\/03\/Talkpal-Logo-Icon.png\",\"contentUrl\":\"https:\/\/talkpal.ai\/wp-content\/uploads\/2024\/03\/Talkpal-Logo-Icon.png\",\"width\":2880,\"height\":2880,\"caption\":\"Talkpal, Inc.\"},\"image\":{\"@id\":\"https:\/\/talkpal.ai\/hr\/#\/schema\/logo\/image\/\"},\"sameAs\":[\"https:\/\/www.facebook.com\/profile.php?id=100090733639311\",\"https:\/\/x.com\/talkpalai\",\"https:\/\/www.linkedin.com\/company\/talkpal\/\",\"https:\/\/www.youtube.com\/@TalkPal\/\",\"https:\/\/www.tiktok.com\/@talkpal\",\"https:\/\/www.instagram.com\/talkpal_ai\/\",\"https:\/\/www.crunchbase.com\/organization\/talkpal-9cde\",\"https:\/\/www.g2.com\/products\/talkpal-for-business\/\",\"https:\/\/www.trustpilot.com\/review\/talkpal.ai\",\"https:\/\/www.capterra.com\/p\/10006800\/TalkPal\/\"],\"description\":\"Talkpal is a language learning web and mobile education app, powered by the latest AI technologies, that provides engaging experiences to its customers in many different languages to help them improve their language skills. Users can chat about unlimited amount of topics with the app and use other modes to practice their language learning.\",\"email\":\"support@talkpal.ai\",\"legalName\":\"Talkpal, Inc.\",\"foundingDate\":\"2023-04-03\",\"duns\":\"118989042\",\"numberOfEmployees\":{\"@type\":\"QuantitativeValue\",\"minValue\":\"11\",\"maxValue\":\"50\"},\"publishingPrinciples\":\"https:\/\/talkpal.ai\/publishing-principles\/\",\"actionableFeedbackPolicy\":\"https:\/\/talkpal.ai\/actionable-feedback-policy\/\",\"correctionsPolicy\":\"https:\/\/talkpal.ai\/corrections-policy\/\",\"ethicsPolicy\":\"https:\/\/talkpal.ai\/ethics-policy\/\",\"diversityPolicy\":\"https:\/\/talkpal.ai\/diversity-policy\/\",\"diversityStaffingReport\":\"https:\/\/talkpal.ai\/diversity-policy\/\"}]}<\/script>\n<!-- \/ Yoast SEO Premium plugin. -->","yoast_head_json":{"title":"Vje\u017ebe perzijske gramatike - Talkpal","description":"Savladajte vje\u017ebe perzijske gramatike kako biste oja\u010dali svoje jezi\u010dne vje\u0161tine i istra\u017eili kulturu perzijskih govornih podru\u010dja.","robots":{"index":"index","follow":"follow","max-snippet":"max-snippet:-1","max-image-preview":"max-image-preview:large","max-video-preview":"max-video-preview:-1"},"canonical":"https:\/\/talkpal.ai\/hr\/vjezbe-perzijske-gramatike\/","og_locale":"hr_HR","og_type":"article","og_title":"Vje\u017ebe perzijske gramatike","og_description":"Teme perzijske gramatike U\u010denje perzijskog jezika, tako\u0111er poznato kao Farsi, mo\u017ee biti uzbudljivo i korisno putovanje, otvaraju\u0107i nove mogu\u0107nosti za","og_url":"https:\/\/talkpal.ai\/hr\/vjezbe-perzijske-gramatike\/","og_site_name":"Talkpal","article_publisher":"https:\/\/www.facebook.com\/profile.php?id=100090733639311","article_modified_time":"2025-12-17T15:26:24+00:00","og_image":[{"width":512,"height":512,"url":"https:\/\/talkpal.ai\/wp-content\/uploads\/2023\/05\/Persian-iran.png","type":"image\/png"}],"twitter_card":"summary_large_image","twitter_site":"@talkpalai","twitter_misc":{"Procijenjeno vrijeme \u010ditanja":"2 minute"},"schema":{"@context":"https:\/\/schema.org","@graph":[{"@type":"WebPage","@id":"https:\/\/talkpal.ai\/hr\/vjezbe-perzijske-gramatike\/","url":"https:\/\/talkpal.ai\/hr\/vjezbe-perzijske-gramatike\/","name":"Vje\u017ebe perzijske gramatike - Talkpal","isPartOf":{"@id":"https:\/\/talkpal.ai\/hr\/#website"},"primaryImageOfPage":{"@id":"https:\/\/talkpal.ai\/hr\/vjezbe-perzijske-gramatike\/#primaryimage"},"image":{"@id":"https:\/\/talkpal.ai\/hr\/vjezbe-perzijske-gramatike\/#primaryimage"},"thumbnailUrl":"https:\/\/talkpal.ai\/wp-content\/uploads\/2023\/05\/Persian-iran.png","datePublished":"2023-06-27T08:51:37+00:00","dateModified":"2025-12-17T15:26:24+00:00","description":"Savladajte vje\u017ebe perzijske gramatike kako biste oja\u010dali svoje jezi\u010dne vje\u0161tine i istra\u017eili kulturu perzijskih govornih podru\u010dja.","breadcrumb":{"@id":"https:\/\/talkpal.ai\/hr\/vjezbe-perzijske-gramatike\/#breadcrumb"},"inLanguage":"hr","potentialAction":[{"@type":"ReadAction","target":["https:\/\/talkpal.ai\/hr\/vjezbe-perzijske-gramatike\/"]}]},{"@type":"ImageObject","inLanguage":"hr","@id":"https:\/\/talkpal.ai\/hr\/vjezbe-perzijske-gramatike\/#primaryimage","url":"https:\/\/talkpal.ai\/wp-content\/uploads\/2023\/05\/Persian-iran.png","contentUrl":"https:\/\/talkpal.ai\/wp-content\/uploads\/2023\/05\/Persian-iran.png","width":512,"height":512},{"@type":"BreadcrumbList","@id":"https:\/\/talkpal.ai\/hr\/vjezbe-perzijske-gramatike\/#breadcrumb","itemListElement":[{"@type":"ListItem","position":1,"name":"Homepage","item":"https:\/\/talkpal.ai\/hr\/"},{"@type":"ListItem","position":2,"name":"Vje\u017ebe perzijske gramatike"}]},{"@type":"WebSite","@id":"https:\/\/talkpal.ai\/hr\/#website","url":"https:\/\/talkpal.ai\/hr\/","name":"Talkpal","description":"AI Language Learning","publisher":{"@id":"https:\/\/talkpal.ai\/hr\/#organization"},"alternateName":"Talkpal AI","potentialAction":[{"@type":"SearchAction","target":{"@type":"EntryPoint","urlTemplate":"https:\/\/talkpal.ai\/hr\/?s={search_term_string}"},"query-input":{"@type":"PropertyValueSpecification","valueRequired":true,"valueName":"search_term_string"}}],"inLanguage":"hr"},{"@type":"Organization","@id":"https:\/\/talkpal.ai\/hr\/#organization","name":"Talkpal, Inc.","alternateName":"Talkpal AI","url":"https:\/\/talkpal.ai\/hr\/","logo":{"@type":"ImageObject","inLanguage":"hr","@id":"https:\/\/talkpal.ai\/hr\/#\/schema\/logo\/image\/","url":"https:\/\/talkpal.ai\/wp-content\/uploads\/2024\/03\/Talkpal-Logo-Icon.png","contentUrl":"https:\/\/talkpal.ai\/wp-content\/uploads\/2024\/03\/Talkpal-Logo-Icon.png","width":2880,"height":2880,"caption":"Talkpal, Inc."},"image":{"@id":"https:\/\/talkpal.ai\/hr\/#\/schema\/logo\/image\/"},"sameAs":["https:\/\/www.facebook.com\/profile.php?id=100090733639311","https:\/\/x.com\/talkpalai","https:\/\/www.linkedin.com\/company\/talkpal\/","https:\/\/www.youtube.com\/@TalkPal\/","https:\/\/www.tiktok.com\/@talkpal","https:\/\/www.instagram.com\/talkpal_ai\/","https:\/\/www.crunchbase.com\/organization\/talkpal-9cde","https:\/\/www.g2.com\/products\/talkpal-for-business\/","https:\/\/www.trustpilot.com\/review\/talkpal.ai","https:\/\/www.capterra.com\/p\/10006800\/TalkPal\/"],"description":"Talkpal is a language learning web and mobile education app, powered by the latest AI technologies, that provides engaging experiences to its customers in many different languages to help them improve their language skills. Users can chat about unlimited amount of topics with the app and use other modes to practice their language learning.","email":"support@talkpal.ai","legalName":"Talkpal, Inc.","foundingDate":"2023-04-03","duns":"118989042","numberOfEmployees":{"@type":"QuantitativeValue","minValue":"11","maxValue":"50"},"publishingPrinciples":"https:\/\/talkpal.ai\/publishing-principles\/","actionableFeedbackPolicy":"https:\/\/talkpal.ai\/actionable-feedback-policy\/","correctionsPolicy":"https:\/\/talkpal.ai\/corrections-policy\/","ethicsPolicy":"https:\/\/talkpal.ai\/ethics-policy\/","diversityPolicy":"https:\/\/talkpal.ai\/diversity-policy\/","diversityStaffingReport":"https:\/\/talkpal.ai\/diversity-policy\/"}]}},"_links":{"self":[{"href":"https:\/\/talkpal.ai\/hr\/wp-json\/wp\/v2\/pages\/158138","targetHints":{"allow":["GET"]}}],"collection":[{"href":"https:\/\/talkpal.ai\/hr\/wp-json\/wp\/v2\/pages"}],"about":[{"href":"https:\/\/talkpal.ai\/hr\/wp-json\/wp\/v2\/types\/page"}],"author":[{"embeddable":true,"href":"https:\/\/talkpal.ai\/hr\/wp-json\/wp\/v2\/users\/6"}],"replies":[{"embeddable":true,"href":"https:\/\/talkpal.ai\/hr\/wp-json\/wp\/v2\/comments?post=158138"}],"version-history":[{"count":0,"href":"https:\/\/talkpal.ai\/hr\/wp-json\/wp\/v2\/pages\/158138\/revisions"}],"wp:featuredmedia":[{"embeddable":true,"href":"https:\/\/talkpal.ai\/hr\/wp-json\/wp\/v2\/media\/117112"}],"wp:attachment":[{"href":"https:\/\/talkpal.ai\/hr\/wp-json\/wp\/v2\/media?parent=158138"}],"curies":[{"name":"wp","href":"https:\/\/api.w.org\/{rel}","templated":true}]}}