{"id":153763,"date":"2023-05-14T14:25:05","date_gmt":"2023-05-14T14:25:05","guid":{"rendered":"http:\/\/talkpal.ai\/svahili-gramatika\/"},"modified":"2025-12-13T15:55:14","modified_gmt":"2025-12-13T15:55:14","slug":"svahili-gramatika","status":"publish","type":"page","link":"https:\/\/talkpal.ai\/hr\/svahili-gramatika\/","title":{"rendered":"Svahili gramatika"},"content":{"rendered":"\r\n\r\n\r\n<section class=\"languageChallengeSection\">\r\n    <div class=\"languageInfoWrapper\">\r\n        \r\n        <h1>Svahili gramatika<\/h1>\r\n        <p>Otkrijte tajne <a href=\"https:\/\/talkpal.ai\/learn-swahili\/\">svahili<\/a> gramatike i pobolj\u0161ajte svoje jezi\u010dne vje\u0161tine zanimljivim lekcijama i primjerima iz stvarnog \u017eivota. Udubite se u osnove re\u010deni\u010dne strukture, glagolske obrasce i bitna gramati\u010dka pravila. Vje\u017ebajte ono \u0161to nau\u010dite interaktivnim vje\u017ebama osmi\u0161ljenim za u\u010dvr\u0161\u0107ivanje va\u0161eg razumijevanja. Po\u010dnite svladavati svahili gramatiku ve\u0107 danas i komunicirajte samouvjerenije!<\/p>\r\n\r\n                            <a class=\"getStartedHidden\" href=\"https:\/\/app.talkpal.ai\/hr\/signup?lng=\">Zapo\u010dni<\/a>\r\n        \r\n    <\/div>\r\n\r\n    <figure>\r\n    <img decoding=\"async\" width=\"768\" height=\"768\" src=\"https:\/\/talkpal.ai\/wp-content\/uploads\/2023\/06\/Swahili-768x768.png\" class=\"languageImage no-lazy\" alt=\"Secrets to master language learning\" fetchpriority=\"high\" sizes=\"(max-width: 768px) 150px, 768px\" srcset=\"https:\/\/talkpal.ai\/wp-content\/uploads\/2023\/06\/Swahili-768x768.png 768w, https:\/\/talkpal.ai\/wp-content\/uploads\/2023\/06\/Swahili-300x300.png 300w\" \/>\r\n    \r\n\r\n    <\/figure>\r\n\r\n            <a class=\"getStartedVisible\" href=\"https:\/\/app.talkpal.ai\/hr\/signup?lng=\">Zapo\u010dni<\/a>\r\n    \r\n<\/section>\r\n<section class=\"promotionalBanner\">\r\n    <p class=\"promotionalText\">Naju\u010dinkovitiji na\u010din u\u010denja jezika<\/p>\r\n    <a class=\"promotionalLink\" href=\"https:\/\/app.talkpal.ai\/hr\/signup?lng=\">Isprobajte Talkpal besplatno<\/a>\r\n<\/section>\n<div class=\"wp-block-group pageContainerStyle\"><div class=\"wp-block-group__inner-container is-layout-constrained wp-block-group-is-layout-constrained\">\n<h2 class=\"wp-block-heading\" id=\"h-swahili-grammar-demystifying-the-linguistic-adventure\">Swahili gramatika: Demistifikacija jezi\u010dne avanture<\/h2>\n\n\n\n<p><a href=\"https:\/\/talkpal.ai\/swahili-grammar\/\">Gramatika svahilija<\/a> \u2013 primamljiva, ali zagonetna, fluidna, ali intrigantna, \u017eivahna, ali fascinantna. Dok kre\u0107ete na svoje jezi\u010dno putovanje na svahili jezik, mogli biste nai\u0107i na mje\u0161avinu fascinacije i neizvjesnosti. Ne brinite, kolege jezi\u010dni fanatici! Ovdje smo da vam pomognemo u plovidbi ovim uzbudljivim jezi\u010dnim vodama!<\/p>\n\n\n\n<p>U ovom \u0107emo \u010dlanku pru\u017eiti sveobuhvatan pregled svahili gramatike, istra\u017euju\u0107i klju\u010dne komponente, nude\u0107i obja\u0161njenja i primjere i pojednostavljuju\u0107i zamr\u0161enost. Dakle, oslobodimo magiju svahili jezika i otkrijmo misterije njegove gramatike!<\/p>\n\n\n\n<h3 class=\"wp-block-heading\" id=\"h-1-noun-classes-from-people-to-abstract-ideas\">1. Satovi imenica: od ljudi do apstraktnih ideja<\/h3>\n\n\n\n<p><a href=\"https:\/\/talkpal.ai\/swahili-grammar\/\">Swahili gramatika<\/a> vrti se oko prepoznatljivog, ali bitnog sustava klasifikacije imenica. Imenice su organizirane u razli\u010dite klase na temelju njihovog zna\u010denja ili karakteristika, a svaka klasa ima odre\u0111eni prefiks. Iako se to mo\u017ee \u010diniti zastra\u0161uju\u0107im, klju\u010dno je u formiranju dogovora izme\u0111u imenica, pridjeva i glagola.<\/p>\n\n\n\n<p>Da biste pojednostavili ovaj postupak, <a href=\"https:\/\/talkpal.ai\/ko\/ai-%ec%96%b8%ec%96%b4-%ea%b5%90%ec%82%ac\/\">zapo\u010dnite<\/a> s fokusiranjem na naj\u010de\u0161\u0107e klase imenica:<\/p>\n\n\n\n<p><strong>\u2013 Klasa 1: Ljudi (npr. mtu \u2013 osoba)<\/strong><\/p>\n\n\n\n<p><strong>\u2013 Razred 2: Mno\u017eine imenica razreda 1 (npr. watu \u2013 ljudi)<\/strong><\/p>\n\n\n\n<p><strong>\u2013 3. razred: Drve\u0107e, biljke i apstraktne imenice (npr. mti \u2013 drvo)<\/strong><\/p>\n\n\n\n<p><strong>\u2013 4. razred: Ne\u017eivi predmeti i apstraktne imenice (npr. kiti \u2013 stolica)<\/strong><\/p>\n\n\n\n<p>Zapamtite, praksa \u010dini savr\u0161enim, a razumijevanje nastave imenica s vremenom \u0107e postati lak\u0161e!<\/p>\n\n\n\n<h3 class=\"wp-block-heading\" id=\"h-2-adjectives-from-basic-to-intricate-agreement\">2. Pridjevi: Od osnovnog do zamr\u0161enog dogovora<\/h3>\n\n\n\n<p>Pridjevi na svahiliju sla\u017eu se s klasom imenice i brojem koji mijenjaju. Kao rezultat toga, pridjevi imaju vi\u0161e prefiksa koji odgovaraju razli\u010ditim klasama imenica. Dobra vijest je da mnogi pridjevi dijele istu korijensku rije\u010d, \u0161to ih \u010dini upravljivijim.<\/p>\n\n\n\n<p>Na primjer, korijen &#8220;-refu&#8221; zna\u010di &#8220;dug&#8221;. Ovisno o razredu imenice, mo\u017ee se pojaviti kao &#8220;mrefu&#8221; (1. razred), &#8220;wazuri&#8221; (2. razred), &#8220;jurefu&#8221; (3. razred) i tako dalje. Uz praksu, hvatanje u ko\u0161tac s dogovorom o pridjev-imenici bit \u0107e povjetarac!<\/p>\n\n\n\n<h3 class=\"wp-block-heading\" id=\"h-3-verbs-tense-subject-and-object\">3. Glagoli: Vrijeme, Subjekt i Objekt<\/h3>\n\n\n\n<p>Svahili glagoli su poput u\u010dinkovitih no\u017eeva \u0161vicarske vojske, kompaktno prenose\u0107i vrijeme, subjekt i objekt, sve u jednom urednom paketu. Vremena se formiraju pri\u010dvr\u0161\u0107ivanjem napetih markera na korijen glagola, dok subjekti i objektni markeri izra\u017eavaju tko je uklju\u010den u radnju.<\/p>\n\n\n\n<p>Na primjer, korijen &#8220;-soma&#8221; zna\u010di &#8220;\u010ditati&#8221;. Dodavanjem raznih prefiksa i sufiksa mo\u017eete stvoriti brojne varijacije: &#8220;anasoma&#8221; (on\/ona \u010dita), &#8220;alisoma&#8221; (on\/ona \u010dita) ili &#8220;atasoma&#8221; (on\/ona \u0107e \u010ditati).<\/p>\n\n\n\n<h3 class=\"wp-block-heading\" id=\"h-4-word-order-subject-verb-object-for-clarity\">4. Redoslijed rije\u010di: predmet-glagol-objekt radi jasno\u0107e<\/h3>\n\n\n\n<p>Svahili slijedi jednostavan, ali jasan redoslijed rije\u010di Subject-Verb-Object (SVO), sli\u010dan engleskom, \u0161to konstrukciju re\u010denica \u010dini manje zastra\u0161uju\u0107om. Na primjer, &#8220;Mwanafunzi anasoma kitabu&#8221; izravno se prevodi kao &#8220;U\u010denik (subjekt) \u010dita (glagol) knjigu (objekt).&#8221;<\/p>\n\n\n\n<h3 class=\"wp-block-heading\" id=\"h-5-embrace-the-challenges-practice-is-key\">5. Prihvatite izazove: Praksa je klju\u010dna<\/h3>\n\n\n\n<p>Ronjenje u svahili gramatiku u po\u010detku se mo\u017ee osje\u0107ati pomalo neodoljivo. Me\u0111utim, imajte na umu da su strpljenje, praksa i ustrajnost tajne uspjeha. Bavite se jezikom \u010ditanjem, pisanjem, slu\u0161anjem i govorom kako biste pobolj\u0161ali svoje razumijevanje i samopouzdanje.<\/p>\n\n\n\n<p>Dakle, jeste li spremni istra\u017eiti \u010duda svahili gramatike? Prigrlite njegove zamr\u0161enosti, u\u017eivajte u nijansama i zapamtite da predano\u0161\u0107u i entuzijazmom mo\u017eete otklju\u010dati pravu ljepotu svahili jezika. Bahati njema! (Sretno!)<\/p>\n<\/div><\/div>\n\r\n<section class=\"learnNavigationSection\">\r\n            \r\n        <a href=\"https:\/\/talkpal.ai\/hr\/naucite-svahili\/\">\r\n            <div class=\"learnNavigationWrapper\">\r\n                <div class=\"learnNavigationContent\">\r\n                    <img decoding=\"async\" src=\"https:\/\/talkpal.ai\/wp-content\/uploads\/2024\/08\/Swahili.jpg\" alt=\"Kenya and Tanzania Flags\">\r\n                    <div>\r\n                        <h4>O u\u010denju svahilija<\/h4>\r\n                        <p>Saznajte sve o svahili gramatici.<\/p>\r\n                    <\/div>\r\n                <\/div>\r\n            <\/div>\r\n        <\/a>\r\n\r\n        \r\n        <a href=\"https:\/\/talkpal.ai\/hr\/svahili-gramaticke-vjezbe\/\">\r\n            <div class=\"learnNavigationWrapper\">\r\n                <div class=\"learnNavigationContent\">\r\n                    <img decoding=\"async\" src=\"https:\/\/talkpal.ai\/wp-content\/uploads\/2024\/08\/Swahili.jpg\" alt=\"Kenya and Tanzania Flags\">\r\n                    <div>\r\n                        <h4>Vje\u017eba gramatike svahilija<\/h4>\r\n                        <p>Vje\u017ebajte svahili gramatiku.<\/p>\r\n                    <\/div>\r\n                <\/div>\r\n            <\/div>\r\n        <\/a>\r\n\r\n        \r\n        <a href=\"https:\/\/talkpal.ai\/vocabulary_language\/swahili\/\">\r\n            <div class=\"learnNavigationWrapper\">\r\n                <div class=\"learnNavigationContent\">\r\n                    <img decoding=\"async\" src=\"https:\/\/talkpal.ai\/wp-content\/uploads\/2024\/08\/Swahili.jpg\" alt=\"Kenya and Tanzania Flags\">\r\n                    <div>\r\n                        <h4>Svahili rje\u010dnik<\/h4>\r\n                        <p>Pro\u0161irite svoj svahili vokabular.<\/p>\r\n                    <\/div>\r\n                <\/div>\r\n            <\/div>\r\n        <\/a>\r\n\r\n            <\/section>","protected":false},"excerpt":{"rendered":"<p>Swahili gramatika: Demistifikacija jezi\u010dne avanture Gramatika svahilija \u2013 primamljiva, ali zagonetna, fluidna, ali intrigantna, \u017eivahna, ali fascinantna. Dok kre\u0107ete na svoje jezi\u010dno putovanje na svahili jezik, mogli biste nai\u0107i na mje\u0161avinu fascinacije i neizvjesnosti. Ne brinite, kolege jezi\u010dni fanatici! Ovdje smo da vam pomognemo u plovidbi ovim uzbudljivim jezi\u010dnim vodama! U ovom \u0107emo \u010dlanku pru\u017eiti [&hellip;]<\/p>\n","protected":false},"author":1,"featured_media":119156,"parent":0,"menu_order":0,"comment_status":"closed","ping_status":"closed","template":"LearningContentPage.php","meta":{"_acf_changed":false,"footnotes":""},"class_list":["post-153763","page","type-page","status-publish","has-post-thumbnail","hentry"],"acf":[],"yoast_head":"<!-- This site is optimized with the Yoast SEO Premium plugin v27.2 (Yoast SEO v27.2) - https:\/\/yoast.com\/product\/yoast-seo-premium-wordpress\/ -->\n<title>Svahili gramatika - Talkpal<\/title>\n<meta name=\"description\" content=\"Otkrijte tajne svahili gramatike uz na\u0161 sveobuhvatni vodi\u010d! Otkrijte njegove jedinstvene imenske klase i klju\u010dne komponente.\" \/>\n<meta name=\"robots\" content=\"index, follow, max-snippet:-1, max-image-preview:large, max-video-preview:-1\" \/>\n<link rel=\"canonical\" href=\"https:\/\/talkpal.ai\/hr\/svahili-gramatika\/\" \/>\n<meta property=\"og:locale\" content=\"hr_HR\" \/>\n<meta property=\"og:type\" content=\"article\" \/>\n<meta property=\"og:title\" content=\"Svahili gramatika\" \/>\n<meta property=\"og:description\" content=\"Swahili gramatika: Demistifikacija jezi\u010dne avanture Gramatika svahilija \u2013 primamljiva, ali zagonetna, fluidna, ali intrigantna, \u017eivahna, ali fascinantna.\" \/>\n<meta property=\"og:url\" content=\"https:\/\/talkpal.ai\/hr\/svahili-gramatika\/\" \/>\n<meta property=\"og:site_name\" content=\"Talkpal\" \/>\n<meta property=\"article:publisher\" content=\"https:\/\/www.facebook.com\/profile.php?id=100090733639311\" \/>\n<meta property=\"article:modified_time\" content=\"2025-12-13T15:55:14+00:00\" \/>\n<meta property=\"og:image\" content=\"https:\/\/talkpal.ai\/wp-content\/uploads\/2023\/05\/Swahili-tanzania.png\" \/>\n\t<meta property=\"og:image:width\" content=\"512\" \/>\n\t<meta property=\"og:image:height\" content=\"512\" \/>\n\t<meta property=\"og:image:type\" content=\"image\/png\" \/>\n<meta name=\"twitter:card\" content=\"summary_large_image\" \/>\n<meta name=\"twitter:site\" content=\"@talkpalai\" \/>\n<meta name=\"twitter:label1\" content=\"Procijenjeno vrijeme \u010ditanja\" \/>\n\t<meta name=\"twitter:data1\" content=\"3 minute\" \/>\n<script type=\"application\/ld+json\" class=\"yoast-schema-graph\">{\"@context\":\"https:\/\/schema.org\",\"@graph\":[{\"@type\":\"WebPage\",\"@id\":\"https:\/\/talkpal.ai\/hr\/svahili-gramatika\/\",\"url\":\"https:\/\/talkpal.ai\/hr\/svahili-gramatika\/\",\"name\":\"Svahili gramatika - Talkpal\",\"isPartOf\":{\"@id\":\"https:\/\/talkpal.ai\/hr\/#website\"},\"primaryImageOfPage\":{\"@id\":\"https:\/\/talkpal.ai\/hr\/svahili-gramatika\/#primaryimage\"},\"image\":{\"@id\":\"https:\/\/talkpal.ai\/hr\/svahili-gramatika\/#primaryimage\"},\"thumbnailUrl\":\"https:\/\/talkpal.ai\/wp-content\/uploads\/2023\/05\/Swahili-tanzania.png\",\"datePublished\":\"2023-05-14T14:25:05+00:00\",\"dateModified\":\"2025-12-13T15:55:14+00:00\",\"description\":\"Otkrijte tajne svahili gramatike uz na\u0161 sveobuhvatni vodi\u010d! Otkrijte njegove jedinstvene imenske klase i klju\u010dne komponente.\",\"breadcrumb\":{\"@id\":\"https:\/\/talkpal.ai\/hr\/svahili-gramatika\/#breadcrumb\"},\"inLanguage\":\"hr\",\"potentialAction\":[{\"@type\":\"ReadAction\",\"target\":[\"https:\/\/talkpal.ai\/hr\/svahili-gramatika\/\"]}]},{\"@type\":\"ImageObject\",\"inLanguage\":\"hr\",\"@id\":\"https:\/\/talkpal.ai\/hr\/svahili-gramatika\/#primaryimage\",\"url\":\"https:\/\/talkpal.ai\/wp-content\/uploads\/2023\/05\/Swahili-tanzania.png\",\"contentUrl\":\"https:\/\/talkpal.ai\/wp-content\/uploads\/2023\/05\/Swahili-tanzania.png\",\"width\":512,\"height\":512},{\"@type\":\"BreadcrumbList\",\"@id\":\"https:\/\/talkpal.ai\/hr\/svahili-gramatika\/#breadcrumb\",\"itemListElement\":[{\"@type\":\"ListItem\",\"position\":1,\"name\":\"Homepage\",\"item\":\"https:\/\/talkpal.ai\/hr\/\"},{\"@type\":\"ListItem\",\"position\":2,\"name\":\"Svahili gramatika\"}]},{\"@type\":\"WebSite\",\"@id\":\"https:\/\/talkpal.ai\/hr\/#website\",\"url\":\"https:\/\/talkpal.ai\/hr\/\",\"name\":\"Talkpal\",\"description\":\"AI Language Learning\",\"publisher\":{\"@id\":\"https:\/\/talkpal.ai\/hr\/#organization\"},\"alternateName\":\"Talkpal AI\",\"potentialAction\":[{\"@type\":\"SearchAction\",\"target\":{\"@type\":\"EntryPoint\",\"urlTemplate\":\"https:\/\/talkpal.ai\/hr\/?s={search_term_string}\"},\"query-input\":{\"@type\":\"PropertyValueSpecification\",\"valueRequired\":true,\"valueName\":\"search_term_string\"}}],\"inLanguage\":\"hr\"},{\"@type\":\"Organization\",\"@id\":\"https:\/\/talkpal.ai\/hr\/#organization\",\"name\":\"Talkpal, Inc.\",\"alternateName\":\"Talkpal AI\",\"url\":\"https:\/\/talkpal.ai\/hr\/\",\"logo\":{\"@type\":\"ImageObject\",\"inLanguage\":\"hr\",\"@id\":\"https:\/\/talkpal.ai\/hr\/#\/schema\/logo\/image\/\",\"url\":\"https:\/\/talkpal.ai\/wp-content\/uploads\/2024\/03\/Talkpal-Logo-Icon.png\",\"contentUrl\":\"https:\/\/talkpal.ai\/wp-content\/uploads\/2024\/03\/Talkpal-Logo-Icon.png\",\"width\":2880,\"height\":2880,\"caption\":\"Talkpal, Inc.\"},\"image\":{\"@id\":\"https:\/\/talkpal.ai\/hr\/#\/schema\/logo\/image\/\"},\"sameAs\":[\"https:\/\/www.facebook.com\/profile.php?id=100090733639311\",\"https:\/\/x.com\/talkpalai\",\"https:\/\/www.linkedin.com\/company\/talkpal\/\",\"https:\/\/www.youtube.com\/@TalkPal\/\",\"https:\/\/www.tiktok.com\/@talkpal\",\"https:\/\/www.instagram.com\/talkpal_ai\/\",\"https:\/\/www.crunchbase.com\/organization\/talkpal-9cde\",\"https:\/\/www.g2.com\/products\/talkpal-for-business\/\",\"https:\/\/www.trustpilot.com\/review\/talkpal.ai\",\"https:\/\/www.capterra.com\/p\/10006800\/TalkPal\/\"],\"description\":\"Talkpal is a language learning web and mobile education app, powered by the latest AI technologies, that provides engaging experiences to its customers in many different languages to help them improve their language skills. Users can chat about unlimited amount of topics with the app and use other modes to practice their language learning.\",\"email\":\"support@talkpal.ai\",\"legalName\":\"Talkpal, Inc.\",\"foundingDate\":\"2023-04-03\",\"duns\":\"118989042\",\"numberOfEmployees\":{\"@type\":\"QuantitativeValue\",\"minValue\":\"11\",\"maxValue\":\"50\"},\"publishingPrinciples\":\"https:\/\/talkpal.ai\/publishing-principles\/\",\"actionableFeedbackPolicy\":\"https:\/\/talkpal.ai\/actionable-feedback-policy\/\",\"correctionsPolicy\":\"https:\/\/talkpal.ai\/corrections-policy\/\",\"ethicsPolicy\":\"https:\/\/talkpal.ai\/ethics-policy\/\",\"diversityPolicy\":\"https:\/\/talkpal.ai\/diversity-policy\/\",\"diversityStaffingReport\":\"https:\/\/talkpal.ai\/diversity-policy\/\"}]}<\/script>\n<!-- \/ Yoast SEO Premium plugin. -->","yoast_head_json":{"title":"Svahili gramatika - Talkpal","description":"Otkrijte tajne svahili gramatike uz na\u0161 sveobuhvatni vodi\u010d! Otkrijte njegove jedinstvene imenske klase i klju\u010dne komponente.","robots":{"index":"index","follow":"follow","max-snippet":"max-snippet:-1","max-image-preview":"max-image-preview:large","max-video-preview":"max-video-preview:-1"},"canonical":"https:\/\/talkpal.ai\/hr\/svahili-gramatika\/","og_locale":"hr_HR","og_type":"article","og_title":"Svahili gramatika","og_description":"Swahili gramatika: Demistifikacija jezi\u010dne avanture Gramatika svahilija \u2013 primamljiva, ali zagonetna, fluidna, ali intrigantna, \u017eivahna, ali fascinantna.","og_url":"https:\/\/talkpal.ai\/hr\/svahili-gramatika\/","og_site_name":"Talkpal","article_publisher":"https:\/\/www.facebook.com\/profile.php?id=100090733639311","article_modified_time":"2025-12-13T15:55:14+00:00","og_image":[{"width":512,"height":512,"url":"https:\/\/talkpal.ai\/wp-content\/uploads\/2023\/05\/Swahili-tanzania.png","type":"image\/png"}],"twitter_card":"summary_large_image","twitter_site":"@talkpalai","twitter_misc":{"Procijenjeno vrijeme \u010ditanja":"3 minute"},"schema":{"@context":"https:\/\/schema.org","@graph":[{"@type":"WebPage","@id":"https:\/\/talkpal.ai\/hr\/svahili-gramatika\/","url":"https:\/\/talkpal.ai\/hr\/svahili-gramatika\/","name":"Svahili gramatika - Talkpal","isPartOf":{"@id":"https:\/\/talkpal.ai\/hr\/#website"},"primaryImageOfPage":{"@id":"https:\/\/talkpal.ai\/hr\/svahili-gramatika\/#primaryimage"},"image":{"@id":"https:\/\/talkpal.ai\/hr\/svahili-gramatika\/#primaryimage"},"thumbnailUrl":"https:\/\/talkpal.ai\/wp-content\/uploads\/2023\/05\/Swahili-tanzania.png","datePublished":"2023-05-14T14:25:05+00:00","dateModified":"2025-12-13T15:55:14+00:00","description":"Otkrijte tajne svahili gramatike uz na\u0161 sveobuhvatni vodi\u010d! Otkrijte njegove jedinstvene imenske klase i klju\u010dne komponente.","breadcrumb":{"@id":"https:\/\/talkpal.ai\/hr\/svahili-gramatika\/#breadcrumb"},"inLanguage":"hr","potentialAction":[{"@type":"ReadAction","target":["https:\/\/talkpal.ai\/hr\/svahili-gramatika\/"]}]},{"@type":"ImageObject","inLanguage":"hr","@id":"https:\/\/talkpal.ai\/hr\/svahili-gramatika\/#primaryimage","url":"https:\/\/talkpal.ai\/wp-content\/uploads\/2023\/05\/Swahili-tanzania.png","contentUrl":"https:\/\/talkpal.ai\/wp-content\/uploads\/2023\/05\/Swahili-tanzania.png","width":512,"height":512},{"@type":"BreadcrumbList","@id":"https:\/\/talkpal.ai\/hr\/svahili-gramatika\/#breadcrumb","itemListElement":[{"@type":"ListItem","position":1,"name":"Homepage","item":"https:\/\/talkpal.ai\/hr\/"},{"@type":"ListItem","position":2,"name":"Svahili gramatika"}]},{"@type":"WebSite","@id":"https:\/\/talkpal.ai\/hr\/#website","url":"https:\/\/talkpal.ai\/hr\/","name":"Talkpal","description":"AI Language Learning","publisher":{"@id":"https:\/\/talkpal.ai\/hr\/#organization"},"alternateName":"Talkpal AI","potentialAction":[{"@type":"SearchAction","target":{"@type":"EntryPoint","urlTemplate":"https:\/\/talkpal.ai\/hr\/?s={search_term_string}"},"query-input":{"@type":"PropertyValueSpecification","valueRequired":true,"valueName":"search_term_string"}}],"inLanguage":"hr"},{"@type":"Organization","@id":"https:\/\/talkpal.ai\/hr\/#organization","name":"Talkpal, Inc.","alternateName":"Talkpal AI","url":"https:\/\/talkpal.ai\/hr\/","logo":{"@type":"ImageObject","inLanguage":"hr","@id":"https:\/\/talkpal.ai\/hr\/#\/schema\/logo\/image\/","url":"https:\/\/talkpal.ai\/wp-content\/uploads\/2024\/03\/Talkpal-Logo-Icon.png","contentUrl":"https:\/\/talkpal.ai\/wp-content\/uploads\/2024\/03\/Talkpal-Logo-Icon.png","width":2880,"height":2880,"caption":"Talkpal, Inc."},"image":{"@id":"https:\/\/talkpal.ai\/hr\/#\/schema\/logo\/image\/"},"sameAs":["https:\/\/www.facebook.com\/profile.php?id=100090733639311","https:\/\/x.com\/talkpalai","https:\/\/www.linkedin.com\/company\/talkpal\/","https:\/\/www.youtube.com\/@TalkPal\/","https:\/\/www.tiktok.com\/@talkpal","https:\/\/www.instagram.com\/talkpal_ai\/","https:\/\/www.crunchbase.com\/organization\/talkpal-9cde","https:\/\/www.g2.com\/products\/talkpal-for-business\/","https:\/\/www.trustpilot.com\/review\/talkpal.ai","https:\/\/www.capterra.com\/p\/10006800\/TalkPal\/"],"description":"Talkpal is a language learning web and mobile education app, powered by the latest AI technologies, that provides engaging experiences to its customers in many different languages to help them improve their language skills. Users can chat about unlimited amount of topics with the app and use other modes to practice their language learning.","email":"support@talkpal.ai","legalName":"Talkpal, Inc.","foundingDate":"2023-04-03","duns":"118989042","numberOfEmployees":{"@type":"QuantitativeValue","minValue":"11","maxValue":"50"},"publishingPrinciples":"https:\/\/talkpal.ai\/publishing-principles\/","actionableFeedbackPolicy":"https:\/\/talkpal.ai\/actionable-feedback-policy\/","correctionsPolicy":"https:\/\/talkpal.ai\/corrections-policy\/","ethicsPolicy":"https:\/\/talkpal.ai\/ethics-policy\/","diversityPolicy":"https:\/\/talkpal.ai\/diversity-policy\/","diversityStaffingReport":"https:\/\/talkpal.ai\/diversity-policy\/"}]}},"_links":{"self":[{"href":"https:\/\/talkpal.ai\/hr\/wp-json\/wp\/v2\/pages\/153763","targetHints":{"allow":["GET"]}}],"collection":[{"href":"https:\/\/talkpal.ai\/hr\/wp-json\/wp\/v2\/pages"}],"about":[{"href":"https:\/\/talkpal.ai\/hr\/wp-json\/wp\/v2\/types\/page"}],"author":[{"embeddable":true,"href":"https:\/\/talkpal.ai\/hr\/wp-json\/wp\/v2\/users\/1"}],"replies":[{"embeddable":true,"href":"https:\/\/talkpal.ai\/hr\/wp-json\/wp\/v2\/comments?post=153763"}],"version-history":[{"count":0,"href":"https:\/\/talkpal.ai\/hr\/wp-json\/wp\/v2\/pages\/153763\/revisions"}],"wp:featuredmedia":[{"embeddable":true,"href":"https:\/\/talkpal.ai\/hr\/wp-json\/wp\/v2\/media\/119156"}],"wp:attachment":[{"href":"https:\/\/talkpal.ai\/hr\/wp-json\/wp\/v2\/media?parent=153763"}],"curies":[{"name":"wp","href":"https:\/\/api.w.org\/{rel}","templated":true}]}}