{"id":153427,"date":"2023-05-14T14:24:42","date_gmt":"2023-05-14T14:24:42","guid":{"rendered":"http:\/\/talkpal.ai\/tajlandska-gramatika\/"},"modified":"2025-12-13T15:48:51","modified_gmt":"2025-12-13T15:48:51","slug":"tajlandska-gramatika","status":"publish","type":"page","link":"https:\/\/talkpal.ai\/hr\/tajlandska-gramatika\/","title":{"rendered":"Tajlandska gramatika"},"content":{"rendered":"\r\n\r\n\r\n<section class=\"languageChallengeSection\">\r\n    <div class=\"languageInfoWrapper\">\r\n        \r\n        <h1>Tajlandska gramatika<\/h1>\r\n        <p>Nau\u010dite tajlandsku gramatiku i do\u017eivite ljepotu jezika koji je istovremeno logi\u010dan i ekspresivan. Zapo\u010dnite svoje putovanje i otvorite vrata fascinantnom na\u010dinu razmi\u0161ljanja i govora!<\/p>\r\n\r\n                            <a class=\"getStartedHidden\" href=\"https:\/\/app.talkpal.ai\/hr\/signup?lng=\">Zapo\u010dni<\/a>\r\n        \r\n    <\/div>\r\n\r\n    <figure>\r\n    <img decoding=\"async\" width=\"768\" height=\"768\" src=\"https:\/\/talkpal.ai\/wp-content\/uploads\/2023\/06\/thai-768x768.png\" class=\"languageImage no-lazy\" alt=\"Language learning for improved thought process\" fetchpriority=\"high\" sizes=\"(max-width: 768px) 150px, 768px\" srcset=\"https:\/\/talkpal.ai\/wp-content\/uploads\/2023\/06\/thai-768x768.png 768w, https:\/\/talkpal.ai\/wp-content\/uploads\/2023\/06\/thai-300x300.png 300w\" \/>\r\n    \r\n\r\n    <\/figure>\r\n\r\n            <a class=\"getStartedVisible\" href=\"https:\/\/app.talkpal.ai\/hr\/signup?lng=\">Zapo\u010dni<\/a>\r\n    \r\n<\/section>\r\n<section class=\"promotionalBanner\">\r\n    <p class=\"promotionalText\">Naju\u010dinkovitiji na\u010din u\u010denja jezika<\/p>\r\n    <a class=\"promotionalLink\" href=\"https:\/\/app.talkpal.ai\/hr\/signup?lng=\">Isprobajte Talkpal besplatno<\/a>\r\n<\/section>\n<div class=\"wp-block-group pageContainerStyle\"><div class=\"wp-block-group__inner-container is-layout-constrained wp-block-group-is-layout-constrained\">\n<h2 class=\"wp-block-heading\" id=\"h-thai-grammar-exploring-a-unique-linguistic-world\">Tajlandska gramatika: Istra\u017eivanje jedinstvenog jezi\u010dnog svijeta<\/h2>\n\n\n\n<p><a href=\"https:\/\/talkpal.ai\/thai-grammar\/\">Tajlandska gramatika<\/a> \u2013 naizgled zagonetna, egzoti\u010dna i zadivljuju\u0107a. Dok kre\u0107ete na svoje putovanje kako biste nau\u010dili <a href=\"https:\/\/talkpal.ai\/hr\/ucite-tajlandski\/\">tajlandski jezik<\/a>, mogli biste se neo\u010dekivano odu\u0161eviti njegovom gramatikom. Ne bojte se, moji kolege lingvisti\u010dki istra\u017eiva\u010di! Ovdje smo da ponudimo smjernice i podr\u0161ku u ovoj fascinantnoj avanturi!<\/p>\n\n\n\n<p>U ovom \u010dlanku bavimo se temeljnim aspektima tajlandske gramatike, razbijamo klju\u010dne pojmove, obja\u0161njavamo pravila, pa \u010dak i pojednostavljujemo slo\u017eenost. Pridru\u017eite nam se dok podi\u017eemo veo na tajlandsku gramatiku i zapalite svoju strast prema ovom prekrasno jedinstvenom jeziku!<\/p>\n\n\n\n<h3 class=\"wp-block-heading\" id=\"h-1-nouns-no-plurals-no-genders-no-worries\">1. Imenice: Bez mno\u017eine, bez spolova, bez brige!<\/h3>\n\n\n\n<p>Ljepota tajlandske gramatike le\u017ei u njegovoj jednostavnosti u imenicama. Tajlandske imenice nemaju spolne ili mno\u017einske oblike, \u0161to ih \u010dini jednostavnim za upotrebu i razumijevanje. Da biste ozna\u010dili mno\u017einu, jednostavno dodajte rije\u010d o koli\u010dini kao \u0161to je &#8220;mnogo&#8221; (\u0e21\u0e32\u0e01, m\u00e2ak) ili &#8220;neki&#8221; (\u0e1a\u0e49\u0e32\u0e07, b\u00e2ang) ili ponovite imenicu kako biste naglasili zna\u010denje mno\u017eine.<\/p>\n\n\n\n<h3 class=\"wp-block-heading\" id=\"h-2-pronouns-choose-wisely-based-on-politeness\">2. Zamjenice: Odaberite mudro na temelju pristojnosti<\/h3>\n\n\n\n<p>Odabir odgovaraju\u0107e zamjenice klju\u010dan je u tajlandskoj gramatici kako bi se pokazalo po\u0161tovanje i poniznost. Tajlandske zamjenice razlikuju se ovisno o spolu, dobi i odnosu govornika i slu\u0161atelja. Na primjer, &#8220;\u0e09\u0e31\u0e19&#8221; (ch\u0103n) je uobi\u010dajena neformalna zamjenica u prvom licu, dok &#8220;\u0e1c\u0e21&#8221; (p\u014fm) mu\u0161karci \u010desto koriste u formalnijim situacijama.<\/p>\n\n\n\n<p>Da biste pogrije\u0161ili na strani pristojnosti, koristite &#8220;\u0e04\u0e38\u0e13&#8221; (kun) za &#8220;ti&#8221; i &#8220;\u0e40\u0e02\u0e32&#8221; (k\u0103o) za &#8220;on\/ona\/oni&#8221;.<\/p>\n\n\n\n<h3 class=\"wp-block-heading\" id=\"h-3-verbs-no-conjugation-or-tenses-only-particles\">3. Glagoli: Bez konjugacije ili vremena, samo \u010destice<\/h3>\n\n\n\n<p>U tajlandskoj gramatici glagoli ostaju nepromijenjeni bez obzira na vrijeme, raspolo\u017eenje ili subjekt. Umjesto toga, <a href=\"https:\/\/talkpal.ai\/learn-thai\/\">tajlandski<\/a> se oslanja na jednostavne rije\u010di poznate kao \u010destice koje ukazuju na napetost ili stav re\u010denice. Te se \u010destice stavljaju na kraj re\u010denice.<\/p>\n\n\n\n<p>Na primjer, \u010destica &#8220;\u0e41\u0e25\u0e49\u0e27&#8221; (l\u00e1ew) ozna\u010dava pro\u0161lo vrijeme ili dovr\u0161enu radnju, a &#8220;\u0e01\u0e33\u0e25\u0e31\u0e07&#8221; (gam-lang) koristi se za radnje u tijeku. Stoga, &#8220;\u0e40\u0e02\u0e32\u0e01\u0e34\u0e19&#8221; (k\u0103o gin) zna\u010di &#8220;on\/ona jede&#8221;, dok &#8220;\u0e40\u0e02\u0e32\u0e01\u0e34\u0e19\u0e41\u0e25\u0e49\u0e27&#8221; (k\u0103o gin l\u00e1ew) zna\u010di &#8220;on\/ona je jeo&#8221;.<\/p>\n\n\n\n<h3 class=\"wp-block-heading\" id=\"h-4-sentence-structure-clear-and-straightforward\">4. Struktura re\u010denice: Jasna i jasna<\/h3>\n\n\n\n<p>Tajlandska <a href=\"https:\/\/talkpal.ai\/sq\/gramatika\/\">gramatika<\/a> slijedi strukturu re\u010denice Subject-Verb-Object (SVO), sli\u010dnu engleskom, \u0161to pojednostavljuje razumijevanje govornika engleskog jezika. Glavno pravilo je da pridjevi, prilozi i druge opisne rije\u010di slijede imenicu ili glagol koji opisuju.<\/p>\n\n\n\n<p>Na primjer, &#8220;\u0e1c\u0e21\u0e0a\u0e2d\u0e1a\u0e2b\u0e19\u0e31\u0e07\u0e2a\u0e37\u0e2d\u0e19\u0e35\u0e49&#8221; (p\u014fm ch\u00e2wp n\u0103ng s\u011bu n\u00e9e) prevodi se kao &#8220;<a href=\"https:\/\/talkpal.ai\/culture\/how-do-you-use-the-word-svida-mi-se\/\">Svi\u0111a mi se<\/a> (subjekt) (glagol) ova knjiga (objekt).&#8221;<\/p>\n\n\n\n<h3 class=\"wp-block-heading\" id=\"h-5-immerse-yourself-in-thai-practice-makes-perfect\">5. Uronite u tajlandski: Praksa \u010dini savr\u0161enim<\/h3>\n\n\n\n<p>Razumijevanje i ovladavanje tajlandskom gramatikom u po\u010detku se mo\u017ee \u010diniti izazovnim, ali klju\u010d je upornost i dosljedna praksa. Uklju\u010dite sva svoja osjetila uranjaju\u0107i u jezik, \u010ditaju\u0107i, pi\u0161u\u0107i, slu\u0161aju\u0107i i razgovaraju\u0107i s izvornim govornicima. \u0160to vi\u0161e izlo\u017eeni tajlandskoj gramatici, to \u0107e se vi\u0161e ovih egzoti\u010dnih koncepata osje\u0107ati poznato i ugodno.<\/p>\n\n\n\n<p>Dakle, jeste li spremni zaroniti u fascinantan svijet tajlandske gramatike? Prigrlite izazov i jedinstvene karakteristike tajlandske gramatike i s vremenom, predano\u0161\u0107u i osje\u0107ajem avanture mo\u017eete otklju\u010dati zadivljuju\u0107u ljepotu tajlandskog jezika.<\/p>\n<\/div><\/div>\n\r\n<section class=\"learnNavigationSection\">\r\n            \r\n        <a href=\"https:\/\/talkpal.ai\/hr\/ucite-tajlandski\/\">\r\n            <div class=\"learnNavigationWrapper\">\r\n                <div class=\"learnNavigationContent\">\r\n                    <img decoding=\"async\" src=\"https:\/\/talkpal.ai\/wp-content\/uploads\/2024\/08\/Thai.jpg\" alt=\"Thai Flag\">\r\n                    <div>\r\n                        <h4>O u\u010denju tajlandskog<\/h4>\r\n                        <p>Saznajte sve o tajlandskoj gramatici.<\/p>\r\n                    <\/div>\r\n                <\/div>\r\n            <\/div>\r\n        <\/a>\r\n\r\n        \r\n        <a href=\"https:\/\/talkpal.ai\/hr\/tajlandske-gramaticke-vjezbe\/\">\r\n            <div class=\"learnNavigationWrapper\">\r\n                <div class=\"learnNavigationContent\">\r\n                    <img decoding=\"async\" src=\"https:\/\/talkpal.ai\/wp-content\/uploads\/2024\/08\/Thai.jpg\" alt=\"Thai Flag\">\r\n                    <div>\r\n                        <h4>Vje\u017eba tajlandske gramatike<\/h4>\r\n                        <p>Vje\u017ebajte tajlandsku gramatiku.<\/p>\r\n                    <\/div>\r\n                <\/div>\r\n            <\/div>\r\n        <\/a>\r\n\r\n        \r\n        <a href=\"https:\/\/talkpal.ai\/vocabulary_language\/thai\/\">\r\n            <div class=\"learnNavigationWrapper\">\r\n                <div class=\"learnNavigationContent\">\r\n                    <img decoding=\"async\" src=\"https:\/\/talkpal.ai\/wp-content\/uploads\/2024\/08\/Thai.jpg\" alt=\"Thai Flag\">\r\n                    <div>\r\n                        <h4>Tajlandski rje\u010dnik<\/h4>\r\n                        <p>Pro\u0161irite svoj tajlandski vokabular.<\/p>\r\n                    <\/div>\r\n                <\/div>\r\n            <\/div>\r\n        <\/a>\r\n\r\n            <\/section>","protected":false},"excerpt":{"rendered":"<p>Tajlandska gramatika: Istra\u017eivanje jedinstvenog jezi\u010dnog svijeta Tajlandska gramatika \u2013 naizgled zagonetna, egzoti\u010dna i zadivljuju\u0107a. Dok kre\u0107ete na svoje putovanje kako biste nau\u010dili tajlandski jezik, mogli biste se neo\u010dekivano odu\u0161eviti njegovom gramatikom. Ne bojte se, moji kolege lingvisti\u010dki istra\u017eiva\u010di! Ovdje smo da ponudimo smjernice i podr\u0161ku u ovoj fascinantnoj avanturi! U ovom \u010dlanku bavimo se temeljnim [&hellip;]<\/p>\n","protected":false},"author":1,"featured_media":120726,"parent":0,"menu_order":0,"comment_status":"closed","ping_status":"closed","template":"LearningContentPage.php","meta":{"_acf_changed":false,"footnotes":""},"class_list":["post-153427","page","type-page","status-publish","has-post-thumbnail","hentry"],"acf":[],"yoast_head":"<!-- This site is optimized with the Yoast SEO Premium plugin v27.2 (Yoast SEO v27.2) - https:\/\/yoast.com\/product\/yoast-seo-premium-wordpress\/ -->\n<title>Tajlandska gramatika - Talkpal<\/title>\n<meta name=\"description\" content=\"Istra\u017eite fascinantan svijet tajlandske gramatike. Otkrijte njegovu jednostavnost i jedinstvene zna\u010dajke koje u\u010denje \u010dine ugodnim.\" \/>\n<meta name=\"robots\" content=\"index, follow, max-snippet:-1, max-image-preview:large, max-video-preview:-1\" \/>\n<link rel=\"canonical\" href=\"https:\/\/talkpal.ai\/hr\/tajlandska-gramatika\/\" \/>\n<meta property=\"og:locale\" content=\"hr_HR\" \/>\n<meta property=\"og:type\" content=\"article\" \/>\n<meta property=\"og:title\" content=\"Tajlandska gramatika\" \/>\n<meta property=\"og:description\" content=\"Tajlandska gramatika: Istra\u017eivanje jedinstvenog jezi\u010dnog svijeta Tajlandska gramatika \u2013 naizgled zagonetna, egzoti\u010dna i zadivljuju\u0107a. Dok kre\u0107ete na svoje\" \/>\n<meta property=\"og:url\" content=\"https:\/\/talkpal.ai\/hr\/tajlandska-gramatika\/\" \/>\n<meta property=\"og:site_name\" content=\"Talkpal\" \/>\n<meta property=\"article:publisher\" content=\"https:\/\/www.facebook.com\/profile.php?id=100090733639311\" \/>\n<meta property=\"article:modified_time\" content=\"2025-12-13T15:48:51+00:00\" \/>\n<meta property=\"og:image\" content=\"https:\/\/talkpal.ai\/wp-content\/uploads\/2023\/05\/thailand.png\" \/>\n\t<meta property=\"og:image:width\" content=\"512\" \/>\n\t<meta property=\"og:image:height\" content=\"512\" \/>\n\t<meta property=\"og:image:type\" content=\"image\/png\" \/>\n<meta name=\"twitter:card\" content=\"summary_large_image\" \/>\n<meta name=\"twitter:site\" content=\"@talkpalai\" \/>\n<meta name=\"twitter:label1\" content=\"Procijenjeno vrijeme \u010ditanja\" \/>\n\t<meta name=\"twitter:data1\" content=\"3 minute\" \/>\n<script type=\"application\/ld+json\" class=\"yoast-schema-graph\">{\"@context\":\"https:\/\/schema.org\",\"@graph\":[{\"@type\":\"WebPage\",\"@id\":\"https:\/\/talkpal.ai\/hr\/tajlandska-gramatika\/\",\"url\":\"https:\/\/talkpal.ai\/hr\/tajlandska-gramatika\/\",\"name\":\"Tajlandska gramatika - Talkpal\",\"isPartOf\":{\"@id\":\"https:\/\/talkpal.ai\/hr\/#website\"},\"primaryImageOfPage\":{\"@id\":\"https:\/\/talkpal.ai\/hr\/tajlandska-gramatika\/#primaryimage\"},\"image\":{\"@id\":\"https:\/\/talkpal.ai\/hr\/tajlandska-gramatika\/#primaryimage\"},\"thumbnailUrl\":\"https:\/\/talkpal.ai\/wp-content\/uploads\/2023\/05\/thailand.png\",\"datePublished\":\"2023-05-14T14:24:42+00:00\",\"dateModified\":\"2025-12-13T15:48:51+00:00\",\"description\":\"Istra\u017eite fascinantan svijet tajlandske gramatike. Otkrijte njegovu jednostavnost i jedinstvene zna\u010dajke koje u\u010denje \u010dine ugodnim.\",\"breadcrumb\":{\"@id\":\"https:\/\/talkpal.ai\/hr\/tajlandska-gramatika\/#breadcrumb\"},\"inLanguage\":\"hr\",\"potentialAction\":[{\"@type\":\"ReadAction\",\"target\":[\"https:\/\/talkpal.ai\/hr\/tajlandska-gramatika\/\"]}]},{\"@type\":\"ImageObject\",\"inLanguage\":\"hr\",\"@id\":\"https:\/\/talkpal.ai\/hr\/tajlandska-gramatika\/#primaryimage\",\"url\":\"https:\/\/talkpal.ai\/wp-content\/uploads\/2023\/05\/thailand.png\",\"contentUrl\":\"https:\/\/talkpal.ai\/wp-content\/uploads\/2023\/05\/thailand.png\",\"width\":512,\"height\":512},{\"@type\":\"BreadcrumbList\",\"@id\":\"https:\/\/talkpal.ai\/hr\/tajlandska-gramatika\/#breadcrumb\",\"itemListElement\":[{\"@type\":\"ListItem\",\"position\":1,\"name\":\"Homepage\",\"item\":\"https:\/\/talkpal.ai\/hr\/\"},{\"@type\":\"ListItem\",\"position\":2,\"name\":\"Tajlandska gramatika\"}]},{\"@type\":\"WebSite\",\"@id\":\"https:\/\/talkpal.ai\/hr\/#website\",\"url\":\"https:\/\/talkpal.ai\/hr\/\",\"name\":\"Talkpal\",\"description\":\"AI Language Learning\",\"publisher\":{\"@id\":\"https:\/\/talkpal.ai\/hr\/#organization\"},\"alternateName\":\"Talkpal AI\",\"potentialAction\":[{\"@type\":\"SearchAction\",\"target\":{\"@type\":\"EntryPoint\",\"urlTemplate\":\"https:\/\/talkpal.ai\/hr\/?s={search_term_string}\"},\"query-input\":{\"@type\":\"PropertyValueSpecification\",\"valueRequired\":true,\"valueName\":\"search_term_string\"}}],\"inLanguage\":\"hr\"},{\"@type\":\"Organization\",\"@id\":\"https:\/\/talkpal.ai\/hr\/#organization\",\"name\":\"Talkpal, Inc.\",\"alternateName\":\"Talkpal AI\",\"url\":\"https:\/\/talkpal.ai\/hr\/\",\"logo\":{\"@type\":\"ImageObject\",\"inLanguage\":\"hr\",\"@id\":\"https:\/\/talkpal.ai\/hr\/#\/schema\/logo\/image\/\",\"url\":\"https:\/\/talkpal.ai\/wp-content\/uploads\/2024\/03\/Talkpal-Logo-Icon.png\",\"contentUrl\":\"https:\/\/talkpal.ai\/wp-content\/uploads\/2024\/03\/Talkpal-Logo-Icon.png\",\"width\":2880,\"height\":2880,\"caption\":\"Talkpal, Inc.\"},\"image\":{\"@id\":\"https:\/\/talkpal.ai\/hr\/#\/schema\/logo\/image\/\"},\"sameAs\":[\"https:\/\/www.facebook.com\/profile.php?id=100090733639311\",\"https:\/\/x.com\/talkpalai\",\"https:\/\/www.linkedin.com\/company\/talkpal\/\",\"https:\/\/www.youtube.com\/@TalkPal\/\",\"https:\/\/www.tiktok.com\/@talkpal\",\"https:\/\/www.instagram.com\/talkpal_ai\/\",\"https:\/\/www.crunchbase.com\/organization\/talkpal-9cde\",\"https:\/\/www.g2.com\/products\/talkpal-for-business\/\",\"https:\/\/www.trustpilot.com\/review\/talkpal.ai\",\"https:\/\/www.capterra.com\/p\/10006800\/TalkPal\/\"],\"description\":\"Talkpal is a language learning web and mobile education app, powered by the latest AI technologies, that provides engaging experiences to its customers in many different languages to help them improve their language skills. Users can chat about unlimited amount of topics with the app and use other modes to practice their language learning.\",\"email\":\"support@talkpal.ai\",\"legalName\":\"Talkpal, Inc.\",\"foundingDate\":\"2023-04-03\",\"duns\":\"118989042\",\"numberOfEmployees\":{\"@type\":\"QuantitativeValue\",\"minValue\":\"11\",\"maxValue\":\"50\"},\"publishingPrinciples\":\"https:\/\/talkpal.ai\/publishing-principles\/\",\"actionableFeedbackPolicy\":\"https:\/\/talkpal.ai\/actionable-feedback-policy\/\",\"correctionsPolicy\":\"https:\/\/talkpal.ai\/corrections-policy\/\",\"ethicsPolicy\":\"https:\/\/talkpal.ai\/ethics-policy\/\",\"diversityPolicy\":\"https:\/\/talkpal.ai\/diversity-policy\/\",\"diversityStaffingReport\":\"https:\/\/talkpal.ai\/diversity-policy\/\"}]}<\/script>\n<!-- \/ Yoast SEO Premium plugin. -->","yoast_head_json":{"title":"Tajlandska gramatika - Talkpal","description":"Istra\u017eite fascinantan svijet tajlandske gramatike. Otkrijte njegovu jednostavnost i jedinstvene zna\u010dajke koje u\u010denje \u010dine ugodnim.","robots":{"index":"index","follow":"follow","max-snippet":"max-snippet:-1","max-image-preview":"max-image-preview:large","max-video-preview":"max-video-preview:-1"},"canonical":"https:\/\/talkpal.ai\/hr\/tajlandska-gramatika\/","og_locale":"hr_HR","og_type":"article","og_title":"Tajlandska gramatika","og_description":"Tajlandska gramatika: Istra\u017eivanje jedinstvenog jezi\u010dnog svijeta Tajlandska gramatika \u2013 naizgled zagonetna, egzoti\u010dna i zadivljuju\u0107a. Dok kre\u0107ete na svoje","og_url":"https:\/\/talkpal.ai\/hr\/tajlandska-gramatika\/","og_site_name":"Talkpal","article_publisher":"https:\/\/www.facebook.com\/profile.php?id=100090733639311","article_modified_time":"2025-12-13T15:48:51+00:00","og_image":[{"width":512,"height":512,"url":"https:\/\/talkpal.ai\/wp-content\/uploads\/2023\/05\/thailand.png","type":"image\/png"}],"twitter_card":"summary_large_image","twitter_site":"@talkpalai","twitter_misc":{"Procijenjeno vrijeme \u010ditanja":"3 minute"},"schema":{"@context":"https:\/\/schema.org","@graph":[{"@type":"WebPage","@id":"https:\/\/talkpal.ai\/hr\/tajlandska-gramatika\/","url":"https:\/\/talkpal.ai\/hr\/tajlandska-gramatika\/","name":"Tajlandska gramatika - Talkpal","isPartOf":{"@id":"https:\/\/talkpal.ai\/hr\/#website"},"primaryImageOfPage":{"@id":"https:\/\/talkpal.ai\/hr\/tajlandska-gramatika\/#primaryimage"},"image":{"@id":"https:\/\/talkpal.ai\/hr\/tajlandska-gramatika\/#primaryimage"},"thumbnailUrl":"https:\/\/talkpal.ai\/wp-content\/uploads\/2023\/05\/thailand.png","datePublished":"2023-05-14T14:24:42+00:00","dateModified":"2025-12-13T15:48:51+00:00","description":"Istra\u017eite fascinantan svijet tajlandske gramatike. Otkrijte njegovu jednostavnost i jedinstvene zna\u010dajke koje u\u010denje \u010dine ugodnim.","breadcrumb":{"@id":"https:\/\/talkpal.ai\/hr\/tajlandska-gramatika\/#breadcrumb"},"inLanguage":"hr","potentialAction":[{"@type":"ReadAction","target":["https:\/\/talkpal.ai\/hr\/tajlandska-gramatika\/"]}]},{"@type":"ImageObject","inLanguage":"hr","@id":"https:\/\/talkpal.ai\/hr\/tajlandska-gramatika\/#primaryimage","url":"https:\/\/talkpal.ai\/wp-content\/uploads\/2023\/05\/thailand.png","contentUrl":"https:\/\/talkpal.ai\/wp-content\/uploads\/2023\/05\/thailand.png","width":512,"height":512},{"@type":"BreadcrumbList","@id":"https:\/\/talkpal.ai\/hr\/tajlandska-gramatika\/#breadcrumb","itemListElement":[{"@type":"ListItem","position":1,"name":"Homepage","item":"https:\/\/talkpal.ai\/hr\/"},{"@type":"ListItem","position":2,"name":"Tajlandska gramatika"}]},{"@type":"WebSite","@id":"https:\/\/talkpal.ai\/hr\/#website","url":"https:\/\/talkpal.ai\/hr\/","name":"Talkpal","description":"AI Language Learning","publisher":{"@id":"https:\/\/talkpal.ai\/hr\/#organization"},"alternateName":"Talkpal AI","potentialAction":[{"@type":"SearchAction","target":{"@type":"EntryPoint","urlTemplate":"https:\/\/talkpal.ai\/hr\/?s={search_term_string}"},"query-input":{"@type":"PropertyValueSpecification","valueRequired":true,"valueName":"search_term_string"}}],"inLanguage":"hr"},{"@type":"Organization","@id":"https:\/\/talkpal.ai\/hr\/#organization","name":"Talkpal, Inc.","alternateName":"Talkpal AI","url":"https:\/\/talkpal.ai\/hr\/","logo":{"@type":"ImageObject","inLanguage":"hr","@id":"https:\/\/talkpal.ai\/hr\/#\/schema\/logo\/image\/","url":"https:\/\/talkpal.ai\/wp-content\/uploads\/2024\/03\/Talkpal-Logo-Icon.png","contentUrl":"https:\/\/talkpal.ai\/wp-content\/uploads\/2024\/03\/Talkpal-Logo-Icon.png","width":2880,"height":2880,"caption":"Talkpal, Inc."},"image":{"@id":"https:\/\/talkpal.ai\/hr\/#\/schema\/logo\/image\/"},"sameAs":["https:\/\/www.facebook.com\/profile.php?id=100090733639311","https:\/\/x.com\/talkpalai","https:\/\/www.linkedin.com\/company\/talkpal\/","https:\/\/www.youtube.com\/@TalkPal\/","https:\/\/www.tiktok.com\/@talkpal","https:\/\/www.instagram.com\/talkpal_ai\/","https:\/\/www.crunchbase.com\/organization\/talkpal-9cde","https:\/\/www.g2.com\/products\/talkpal-for-business\/","https:\/\/www.trustpilot.com\/review\/talkpal.ai","https:\/\/www.capterra.com\/p\/10006800\/TalkPal\/"],"description":"Talkpal is a language learning web and mobile education app, powered by the latest AI technologies, that provides engaging experiences to its customers in many different languages to help them improve their language skills. Users can chat about unlimited amount of topics with the app and use other modes to practice their language learning.","email":"support@talkpal.ai","legalName":"Talkpal, Inc.","foundingDate":"2023-04-03","duns":"118989042","numberOfEmployees":{"@type":"QuantitativeValue","minValue":"11","maxValue":"50"},"publishingPrinciples":"https:\/\/talkpal.ai\/publishing-principles\/","actionableFeedbackPolicy":"https:\/\/talkpal.ai\/actionable-feedback-policy\/","correctionsPolicy":"https:\/\/talkpal.ai\/corrections-policy\/","ethicsPolicy":"https:\/\/talkpal.ai\/ethics-policy\/","diversityPolicy":"https:\/\/talkpal.ai\/diversity-policy\/","diversityStaffingReport":"https:\/\/talkpal.ai\/diversity-policy\/"}]}},"_links":{"self":[{"href":"https:\/\/talkpal.ai\/hr\/wp-json\/wp\/v2\/pages\/153427","targetHints":{"allow":["GET"]}}],"collection":[{"href":"https:\/\/talkpal.ai\/hr\/wp-json\/wp\/v2\/pages"}],"about":[{"href":"https:\/\/talkpal.ai\/hr\/wp-json\/wp\/v2\/types\/page"}],"author":[{"embeddable":true,"href":"https:\/\/talkpal.ai\/hr\/wp-json\/wp\/v2\/users\/1"}],"replies":[{"embeddable":true,"href":"https:\/\/talkpal.ai\/hr\/wp-json\/wp\/v2\/comments?post=153427"}],"version-history":[{"count":0,"href":"https:\/\/talkpal.ai\/hr\/wp-json\/wp\/v2\/pages\/153427\/revisions"}],"wp:featuredmedia":[{"embeddable":true,"href":"https:\/\/talkpal.ai\/hr\/wp-json\/wp\/v2\/media\/120726"}],"wp:attachment":[{"href":"https:\/\/talkpal.ai\/hr\/wp-json\/wp\/v2\/media?parent=153427"}],"curies":[{"name":"wp","href":"https:\/\/api.w.org\/{rel}","templated":true}]}}