{"id":153133,"date":"2023-05-14T14:23:49","date_gmt":"2023-05-14T14:23:49","guid":{"rendered":"http:\/\/talkpal.ai\/turska-gramatika\/"},"modified":"2025-12-13T15:57:38","modified_gmt":"2025-12-13T15:57:38","slug":"turska-gramatika","status":"publish","type":"page","link":"https:\/\/talkpal.ai\/hr\/turska-gramatika\/","title":{"rendered":"Turska gramatika"},"content":{"rendered":"\r\n\r\n\r\n<section class=\"languageChallengeSection\">\r\n    <div class=\"languageInfoWrapper\">\r\n        \r\n        <h1>Turska gramatika<\/h1>\r\n        <p>Zanima vas u\u010denje turskog jezika? Istra\u017eite tursku gramatiku i uvjerite se kako je njezina logi\u010dka struktura, samoglasni\u010dka harmonija i lako razumljivi glagolski obrasci \u010dine fascinantnom i pristupa\u010dnom. Zapo\u010dnite svoje putovanje ve\u0107 danas \u2013 savladavanje turske gramatike va\u0161 je klju\u010d za te\u010dnu komunikaciju i otklju\u010davanje \u017eivopisnog svijeta kulture i povezanosti!<\/p>\r\n\r\n                            <a class=\"getStartedHidden\" href=\"https:\/\/app.talkpal.ai\/hr\/signup?lng=\">Zapo\u010dni<\/a>\r\n        \r\n    <\/div>\r\n\r\n    <figure>\r\n    <img decoding=\"async\" width=\"768\" height=\"768\" src=\"https:\/\/talkpal.ai\/wp-content\/uploads\/2023\/06\/turkish-768x768.png\" class=\"languageImage no-lazy\" alt=\"Language learning for increased focus\" fetchpriority=\"high\" sizes=\"(max-width: 768px) 150px, 768px\" srcset=\"https:\/\/talkpal.ai\/wp-content\/uploads\/2023\/06\/turkish-768x768.png 768w, https:\/\/talkpal.ai\/wp-content\/uploads\/2023\/06\/turkish-300x300.png 300w\" \/>\r\n    \r\n\r\n    <\/figure>\r\n\r\n            <a class=\"getStartedVisible\" href=\"https:\/\/app.talkpal.ai\/hr\/signup?lng=\">Zapo\u010dni<\/a>\r\n    \r\n<\/section>\r\n<section class=\"promotionalBanner\">\r\n    <p class=\"promotionalText\">Naju\u010dinkovitiji na\u010din u\u010denja jezika<\/p>\r\n    <a class=\"promotionalLink\" href=\"https:\/\/app.talkpal.ai\/hr\/signup?lng=\">Isprobajte Talkpal besplatno<\/a>\r\n<\/section>\n<div class=\"wp-block-group pageContainerStyle\"><div class=\"wp-block-group__inner-container is-layout-constrained wp-block-group-is-layout-constrained\">\n<h2 class=\"wp-block-heading\" id=\"h-the-ultimate-guide-to-turkish-grammar-navigating-the-intricacies-of-a-unique-language\">Ultimativni vodi\u010d za tursku gramatiku: Navigacija zamr\u0161eno\u0161\u0107u jedinstvenog jezika<\/h2>\n\n\n\n<p><a href=\"https:\/\/talkpal.ai\/turkish-grammar\/\">Turska gramatika<\/a>, kao i sam jezik, predstavlja bogatu i fascinantnu tapiseriju jezi\u010dnih elemenata. Kao \u010dlan turske jezi\u010dne obitelji, <a href=\"https:\/\/talkpal.ai\/learn-turkish\/\">turski<\/a> osvaja u\u010denike svojim raznolikim zna\u010dajkama i izaziva \u010dak i najvje\u0161tije govornike. U ovom \u0107emo vodi\u010du istra\u017eiti klju\u010dna na\u010dela turske gramatike, demistificirati njezinu slo\u017eenost i podr\u017eati vas na va\u0161em putu da postanete te\u010dni u ovom zadivljuju\u0107em jeziku. Zapo\u010dnimo!<\/p>\n\n\n\n<h3 class=\"wp-block-heading\" id=\"h-the-nuts-and-bolts-turkish-sentence-structure\">Matice i vijci: struktura turske re\u010denice<\/h3>\n\n\n\n<p>U svojoj sr\u017ei, <a href=\"https:\/\/talkpal.ai\/turkish-grammar\/\">turska gramatika<\/a> je prili\u010dno jednostavna. Jezik op\u0107enito slijedi strukturu re\u010denice <a href=\"https:\/\/talkpal.ai\/culture\/how-do-you-structure-a-sentence-using-subject-object-verb-order-in-uzbek\/\">Subject-Object-Verb<\/a> (SOV), za razliku od engleskog i mnogih drugih jezika. Na primjer, re\u010denica &#8220;Ja jedem jabuku&#8221; prevodi se kao &#8220;Ben elma yiyorum&#8221; (Ben=ja, elma=jabuka, yiyorum=jesti). Jednostavno, <a href=\"https:\/\/talkpal.ai\/culture\/how-do-you-use-the-phrase-zar-ne-at-the-end-of-a-sentence\/\">zar ne<\/a>? Me\u0111utim, kako kopamo dublje, nai\u0107i \u0107ete na neke intrigantne i osebujne zna\u010dajke turske gramatike.<\/p>\n\n\n\n<h3 class=\"wp-block-heading\" id=\"h-meet-the-family-turkish-nouns-and-their-suffixes\">Upoznajte obitelj: Turske imenice i njihovi sufiksi<\/h3>\n\n\n\n<p>Jedna od najneobi\u010dnijih karakteristika turske gramatike je uporaba sufiksa za izra\u017eavanje razli\u010ditih gramati\u010dkih odnosa. Na turskom jeziku nema prijedloga; Umjesto njih, sufiksi su pri\u010dvr\u0161\u0107eni na imenice kako bi se nazna\u010dilo posjedovanje, izravni objekti i mjesto.<\/p>\n\n\n\n<p>Na primjer, uzmimo rije\u010d \u201celma\u201d (elma) \u0161to zna\u010di \u201cjabuka\u201d:<\/p>\n\n\n\n<p><strong>\u2013 Posjed: Benim elmam (Moja jabuka)<\/strong><\/p>\n\n\n\n<p><strong>\u2013 Izravni objekt: Elmay\u0131 yedim (Pojeo sam jabuku)<\/strong><\/p>\n\n\n\n<p><strong>\u2013 Lokacija: Elmada (Kod jabuke)<\/strong><\/p>\n\n\n\n<p>Va\u017eno je upoznati se s ovim sufiksima jer oni mogu dramati\u010dno promijeniti zna\u010denje va\u0161ih re\u010denica.<\/p>\n\n\n\n<h3 class=\"wp-block-heading\" id=\"h-playing-with-numbers-turkish-plurals-and-genders\">Igranje brojevima: turska mno\u017eina i spolovi<\/h3>\n\n\n\n<p>Kada tvorite mno\u017einu u turskom jeziku, va\u017eno je dodati samo jedan sufiks: -ler ili -lar, ovisno o najbli\u017eem samoglasniku u rije\u010di. Za razliku od mnogih drugih jezika, turski nema gramati\u010dki rod. To zna\u010di da se ne\u0107ete morati brinuti o u\u010denju razli\u010ditih zavr\u0161etaka ili oblika za imenice mu\u0161kog, \u017eenskog ili srednjeg roda.<\/p>\n\n\n\n<p>Na primjer, \u201ck\u00f6pek\u201d (k\u00f6pek, imenica <a href=\"https:\/\/talkpal.ai\/locations\/language-courses-in-koja\/\">koja<\/a> zna\u010di \u201cpas\u201d) postaje \u201ck\u00f6pekler\u201d (k\u00f6pekler, psi), a \u201ckedi\u201d (kedi, imenica koja zna\u010di \u201cma\u010dka\u201d) postaje \u201ckediler\u201d (kediler, ma\u010dke).<\/p>\n\n\n\n<h3 class=\"wp-block-heading\" id=\"h-the-art-of-conjugation-turkish-verbs\">Umjetnost konjugacije: turski glagoli<\/h3>\n\n\n\n<p>Turski glagoli u po\u010detku mogu izgledati zastra\u0161uju\u0107e zbog brojnih vremena, raspolo\u017eenja i konjugacija. Me\u0111utim, klju\u010d njihovog razumijevanja je prepoznavanje uobi\u010dajenih obrazaca i redovito vje\u017ebanje.<\/p>\n\n\n\n<p>Na turskom, glagoli koriste razli\u010dite sufikse kako bi ukazali na vrijeme, raspolo\u017eenje i osobu. Glagolska stabljika ostaje nepromijenjena. Uzmimo za primjer glagol \u201cyemek\u201d (yemek, \u201cjesti\u201d):<\/p>\n\n\n\n<p><strong>Sada\u0161nje kontinuirano vrijeme: Yiyorum (jedem)<\/strong><\/p>\n\n\n\n<p><strong>Pro\u0161lo vrijeme: Yedim (jeo sam)<\/strong><\/p>\n\n\n\n<p><strong>Budu\u0107e vrijeme: Yiyece\u011fim (jest \u0107u)<\/strong><\/p>\n\n\n\n<p>Kao \u0161to mo\u017eete vidjeti, zavr\u0161etci se mijenjaju ovisno o vremenu i osobi. Vje\u017ebom i strpljenjem po\u010det \u0107ete prepoznavati obrasce i svladat \u0107ete ovaj izazov.<\/p>\n\n\n\n<h3 class=\"wp-block-heading\" id=\"h-the-finishing-touches-turkish-adjectives-adverbs-and-more\">Zavr\u0161ni dodiri: turski pridjevi, prilozi i jo\u0161 mnogo toga<\/h3>\n\n\n\n<p>\u0160to se ti\u010de turskih pridjeva i priloga, oni igraju klju\u010dnu ulogu u dodavanju dubine i slo\u017eenosti va\u0161em govoru. Pridjevi u turskom ne moraju se slagati s imenicama koje mijenjaju, \u0161to ih \u010dini lak\u0161im za rukovanje nego u mnogim drugim jezicima.<\/p>\n\n\n\n<p>Na primjer, &#8220;g\u00fczel&#8221; (g\u00fczel) zna\u010di &#8220;lijep&#8221;, a mo\u017eete ga vidjeti kao &#8220;g\u00fczel \u00e7i\u00e7ek&#8221; (g\u00fczel \u00e7i\u00e7ek, &#8220;prekrasan cvijet&#8221;) ili &#8220;g\u00fczel k\u00f6pek&#8221; (g\u00fczel k\u00f6pek, &#8220;lijep pas&#8221;), bez promjena za mno\u017einu ili rod.<\/p>\n\n\n\n<p>Prilozi obi\u010dno slijede sli\u010dne obrasce, \u010desto izvedene iz pridjeva. Na turskom se mnogi prilozi mogu formirati dodavanjem sufiksa -ce ili -ca pridjevima, ovisno o najbli\u017eem samoglasniku.<\/p>\n\n\n\n<p>Zaklju\u010dno, slo\u017eenost i posebnosti turske gramatike, iako izazovne, daju jeziku njegovu zadivljuju\u0107u ljepotu i karakter. Uz kombinaciju upornosti, znati\u017eelje i prakti\u010dne primjene, uskoro \u0107ete s lako\u0107om i pouzdanjem upravljati turskom gramatikom. Sretno u\u010denje!<\/p>\n<\/div><\/div>\n\r\n<section class=\"learnNavigationSection\">\r\n            \r\n        <a href=\"https:\/\/talkpal.ai\/hr\/ucenje-turskog-jezika\/\">\r\n            <div class=\"learnNavigationWrapper\">\r\n                <div class=\"learnNavigationContent\">\r\n                    <img decoding=\"async\" src=\"https:\/\/talkpal.ai\/wp-content\/uploads\/2024\/08\/Turkish.jpg\" alt=\"Turkish Flag\">\r\n                    <div>\r\n                        <h4>O u\u010denju turskog<\/h4>\r\n                        <p>Saznajte sve o turskoj gramatici.<\/p>\r\n                    <\/div>\r\n                <\/div>\r\n            <\/div>\r\n        <\/a>\r\n\r\n        \r\n        <a href=\"https:\/\/talkpal.ai\/hr\/vjezbe-gramatike-u-turskoj\/\">\r\n            <div class=\"learnNavigationWrapper\">\r\n                <div class=\"learnNavigationContent\">\r\n                    <img decoding=\"async\" src=\"https:\/\/talkpal.ai\/wp-content\/uploads\/2024\/08\/Turkish.jpg\" alt=\"Turkish Flag\">\r\n                    <div>\r\n                        <h4>Vje\u017eba turske gramatike<\/h4>\r\n                        <p>Vje\u017ebajte tursku gramatiku.<\/p>\r\n                    <\/div>\r\n                <\/div>\r\n            <\/div>\r\n        <\/a>\r\n\r\n        \r\n        <a href=\"https:\/\/talkpal.ai\/vocabulary_language\/turkish\/\">\r\n            <div class=\"learnNavigationWrapper\">\r\n                <div class=\"learnNavigationContent\">\r\n                    <img decoding=\"async\" src=\"https:\/\/talkpal.ai\/wp-content\/uploads\/2024\/08\/Turkish.jpg\" alt=\"Turkish Flag\">\r\n                    <div>\r\n                        <h4>Turski rje\u010dnik<\/h4>\r\n                        <p>Pro\u0161irite svoj vokabular turskog jezika.<\/p>\r\n                    <\/div>\r\n                <\/div>\r\n            <\/div>\r\n        <\/a>\r\n\r\n            <\/section>","protected":false},"excerpt":{"rendered":"<p>Ultimativni vodi\u010d za tursku gramatiku: Navigacija zamr\u0161eno\u0161\u0107u jedinstvenog jezika Turska gramatika, kao i sam jezik, predstavlja bogatu i fascinantnu tapiseriju jezi\u010dnih elemenata. Kao \u010dlan turske jezi\u010dne obitelji, turski osvaja u\u010denike svojim raznolikim zna\u010dajkama i izaziva \u010dak i najvje\u0161tije govornike. U ovom \u0107emo vodi\u010du istra\u017eiti klju\u010dna na\u010dela turske gramatike, demistificirati njezinu slo\u017eenost i podr\u017eati vas na [&hellip;]<\/p>\n","protected":false},"author":1,"featured_media":120924,"parent":0,"menu_order":0,"comment_status":"closed","ping_status":"closed","template":"LearningContentPage.php","meta":{"_acf_changed":false,"footnotes":""},"class_list":["post-153133","page","type-page","status-publish","has-post-thumbnail","hentry"],"acf":[],"yoast_head":"<!-- This site is optimized with the Yoast SEO Premium plugin v27.2 (Yoast SEO v27.2) - https:\/\/yoast.com\/product\/yoast-seo-premium-wordpress\/ -->\n<title>Turska gramatika - Talkpal<\/title>\n<meta name=\"description\" content=\"Otkrijte tajne turske gramatike uz na\u0161 sveobuhvatni vodi\u010d kroz njezina klju\u010dna na\u010dela i re\u010deni\u010dnu strukturu.\" \/>\n<meta name=\"robots\" content=\"index, follow, max-snippet:-1, max-image-preview:large, max-video-preview:-1\" \/>\n<link rel=\"canonical\" href=\"https:\/\/talkpal.ai\/hr\/turska-gramatika\/\" \/>\n<meta property=\"og:locale\" content=\"hr_HR\" \/>\n<meta property=\"og:type\" content=\"article\" \/>\n<meta property=\"og:title\" content=\"Turska gramatika\" \/>\n<meta property=\"og:description\" content=\"Ultimativni vodi\u010d za tursku gramatiku: Navigacija zamr\u0161eno\u0161\u0107u jedinstvenog jezika Turska gramatika, kao i sam jezik, predstavlja bogatu i fascinantnu\" \/>\n<meta property=\"og:url\" content=\"https:\/\/talkpal.ai\/hr\/turska-gramatika\/\" \/>\n<meta property=\"og:site_name\" content=\"Talkpal\" \/>\n<meta property=\"article:publisher\" content=\"https:\/\/www.facebook.com\/profile.php?id=100090733639311\" \/>\n<meta property=\"article:modified_time\" content=\"2025-12-13T15:57:38+00:00\" \/>\n<meta property=\"og:image\" content=\"https:\/\/talkpal.ai\/wp-content\/uploads\/2023\/05\/turkish.png\" \/>\n\t<meta property=\"og:image:width\" content=\"512\" \/>\n\t<meta property=\"og:image:height\" content=\"512\" \/>\n\t<meta property=\"og:image:type\" content=\"image\/png\" \/>\n<meta name=\"twitter:card\" content=\"summary_large_image\" \/>\n<meta name=\"twitter:site\" content=\"@talkpalai\" \/>\n<meta name=\"twitter:label1\" content=\"Procijenjeno vrijeme \u010ditanja\" \/>\n\t<meta name=\"twitter:data1\" content=\"3 minute\" \/>\n<script type=\"application\/ld+json\" class=\"yoast-schema-graph\">{\"@context\":\"https:\/\/schema.org\",\"@graph\":[{\"@type\":\"WebPage\",\"@id\":\"https:\/\/talkpal.ai\/hr\/turska-gramatika\/\",\"url\":\"https:\/\/talkpal.ai\/hr\/turska-gramatika\/\",\"name\":\"Turska gramatika - Talkpal\",\"isPartOf\":{\"@id\":\"https:\/\/talkpal.ai\/hr\/#website\"},\"primaryImageOfPage\":{\"@id\":\"https:\/\/talkpal.ai\/hr\/turska-gramatika\/#primaryimage\"},\"image\":{\"@id\":\"https:\/\/talkpal.ai\/hr\/turska-gramatika\/#primaryimage\"},\"thumbnailUrl\":\"https:\/\/talkpal.ai\/wp-content\/uploads\/2023\/05\/turkish.png\",\"datePublished\":\"2023-05-14T14:23:49+00:00\",\"dateModified\":\"2025-12-13T15:57:38+00:00\",\"description\":\"Otkrijte tajne turske gramatike uz na\u0161 sveobuhvatni vodi\u010d kroz njezina klju\u010dna na\u010dela i re\u010deni\u010dnu strukturu.\",\"breadcrumb\":{\"@id\":\"https:\/\/talkpal.ai\/hr\/turska-gramatika\/#breadcrumb\"},\"inLanguage\":\"hr\",\"potentialAction\":[{\"@type\":\"ReadAction\",\"target\":[\"https:\/\/talkpal.ai\/hr\/turska-gramatika\/\"]}]},{\"@type\":\"ImageObject\",\"inLanguage\":\"hr\",\"@id\":\"https:\/\/talkpal.ai\/hr\/turska-gramatika\/#primaryimage\",\"url\":\"https:\/\/talkpal.ai\/wp-content\/uploads\/2023\/05\/turkish.png\",\"contentUrl\":\"https:\/\/talkpal.ai\/wp-content\/uploads\/2023\/05\/turkish.png\",\"width\":512,\"height\":512},{\"@type\":\"BreadcrumbList\",\"@id\":\"https:\/\/talkpal.ai\/hr\/turska-gramatika\/#breadcrumb\",\"itemListElement\":[{\"@type\":\"ListItem\",\"position\":1,\"name\":\"Homepage\",\"item\":\"https:\/\/talkpal.ai\/hr\/\"},{\"@type\":\"ListItem\",\"position\":2,\"name\":\"Turska gramatika\"}]},{\"@type\":\"WebSite\",\"@id\":\"https:\/\/talkpal.ai\/hr\/#website\",\"url\":\"https:\/\/talkpal.ai\/hr\/\",\"name\":\"Talkpal\",\"description\":\"AI Language Learning\",\"publisher\":{\"@id\":\"https:\/\/talkpal.ai\/hr\/#organization\"},\"alternateName\":\"Talkpal AI\",\"potentialAction\":[{\"@type\":\"SearchAction\",\"target\":{\"@type\":\"EntryPoint\",\"urlTemplate\":\"https:\/\/talkpal.ai\/hr\/?s={search_term_string}\"},\"query-input\":{\"@type\":\"PropertyValueSpecification\",\"valueRequired\":true,\"valueName\":\"search_term_string\"}}],\"inLanguage\":\"hr\"},{\"@type\":\"Organization\",\"@id\":\"https:\/\/talkpal.ai\/hr\/#organization\",\"name\":\"Talkpal, Inc.\",\"alternateName\":\"Talkpal AI\",\"url\":\"https:\/\/talkpal.ai\/hr\/\",\"logo\":{\"@type\":\"ImageObject\",\"inLanguage\":\"hr\",\"@id\":\"https:\/\/talkpal.ai\/hr\/#\/schema\/logo\/image\/\",\"url\":\"https:\/\/talkpal.ai\/wp-content\/uploads\/2024\/03\/Talkpal-Logo-Icon.png\",\"contentUrl\":\"https:\/\/talkpal.ai\/wp-content\/uploads\/2024\/03\/Talkpal-Logo-Icon.png\",\"width\":2880,\"height\":2880,\"caption\":\"Talkpal, Inc.\"},\"image\":{\"@id\":\"https:\/\/talkpal.ai\/hr\/#\/schema\/logo\/image\/\"},\"sameAs\":[\"https:\/\/www.facebook.com\/profile.php?id=100090733639311\",\"https:\/\/x.com\/talkpalai\",\"https:\/\/www.linkedin.com\/company\/talkpal\/\",\"https:\/\/www.youtube.com\/@TalkPal\/\",\"https:\/\/www.tiktok.com\/@talkpal\",\"https:\/\/www.instagram.com\/talkpal_ai\/\",\"https:\/\/www.crunchbase.com\/organization\/talkpal-9cde\",\"https:\/\/www.g2.com\/products\/talkpal-for-business\/\",\"https:\/\/www.trustpilot.com\/review\/talkpal.ai\",\"https:\/\/www.capterra.com\/p\/10006800\/TalkPal\/\"],\"description\":\"Talkpal is a language learning web and mobile education app, powered by the latest AI technologies, that provides engaging experiences to its customers in many different languages to help them improve their language skills. Users can chat about unlimited amount of topics with the app and use other modes to practice their language learning.\",\"email\":\"support@talkpal.ai\",\"legalName\":\"Talkpal, Inc.\",\"foundingDate\":\"2023-04-03\",\"duns\":\"118989042\",\"numberOfEmployees\":{\"@type\":\"QuantitativeValue\",\"minValue\":\"11\",\"maxValue\":\"50\"},\"publishingPrinciples\":\"https:\/\/talkpal.ai\/publishing-principles\/\",\"actionableFeedbackPolicy\":\"https:\/\/talkpal.ai\/actionable-feedback-policy\/\",\"correctionsPolicy\":\"https:\/\/talkpal.ai\/corrections-policy\/\",\"ethicsPolicy\":\"https:\/\/talkpal.ai\/ethics-policy\/\",\"diversityPolicy\":\"https:\/\/talkpal.ai\/diversity-policy\/\",\"diversityStaffingReport\":\"https:\/\/talkpal.ai\/diversity-policy\/\"}]}<\/script>\n<!-- \/ Yoast SEO Premium plugin. -->","yoast_head_json":{"title":"Turska gramatika - Talkpal","description":"Otkrijte tajne turske gramatike uz na\u0161 sveobuhvatni vodi\u010d kroz njezina klju\u010dna na\u010dela i re\u010deni\u010dnu strukturu.","robots":{"index":"index","follow":"follow","max-snippet":"max-snippet:-1","max-image-preview":"max-image-preview:large","max-video-preview":"max-video-preview:-1"},"canonical":"https:\/\/talkpal.ai\/hr\/turska-gramatika\/","og_locale":"hr_HR","og_type":"article","og_title":"Turska gramatika","og_description":"Ultimativni vodi\u010d za tursku gramatiku: Navigacija zamr\u0161eno\u0161\u0107u jedinstvenog jezika Turska gramatika, kao i sam jezik, predstavlja bogatu i fascinantnu","og_url":"https:\/\/talkpal.ai\/hr\/turska-gramatika\/","og_site_name":"Talkpal","article_publisher":"https:\/\/www.facebook.com\/profile.php?id=100090733639311","article_modified_time":"2025-12-13T15:57:38+00:00","og_image":[{"width":512,"height":512,"url":"https:\/\/talkpal.ai\/wp-content\/uploads\/2023\/05\/turkish.png","type":"image\/png"}],"twitter_card":"summary_large_image","twitter_site":"@talkpalai","twitter_misc":{"Procijenjeno vrijeme \u010ditanja":"3 minute"},"schema":{"@context":"https:\/\/schema.org","@graph":[{"@type":"WebPage","@id":"https:\/\/talkpal.ai\/hr\/turska-gramatika\/","url":"https:\/\/talkpal.ai\/hr\/turska-gramatika\/","name":"Turska gramatika - Talkpal","isPartOf":{"@id":"https:\/\/talkpal.ai\/hr\/#website"},"primaryImageOfPage":{"@id":"https:\/\/talkpal.ai\/hr\/turska-gramatika\/#primaryimage"},"image":{"@id":"https:\/\/talkpal.ai\/hr\/turska-gramatika\/#primaryimage"},"thumbnailUrl":"https:\/\/talkpal.ai\/wp-content\/uploads\/2023\/05\/turkish.png","datePublished":"2023-05-14T14:23:49+00:00","dateModified":"2025-12-13T15:57:38+00:00","description":"Otkrijte tajne turske gramatike uz na\u0161 sveobuhvatni vodi\u010d kroz njezina klju\u010dna na\u010dela i re\u010deni\u010dnu strukturu.","breadcrumb":{"@id":"https:\/\/talkpal.ai\/hr\/turska-gramatika\/#breadcrumb"},"inLanguage":"hr","potentialAction":[{"@type":"ReadAction","target":["https:\/\/talkpal.ai\/hr\/turska-gramatika\/"]}]},{"@type":"ImageObject","inLanguage":"hr","@id":"https:\/\/talkpal.ai\/hr\/turska-gramatika\/#primaryimage","url":"https:\/\/talkpal.ai\/wp-content\/uploads\/2023\/05\/turkish.png","contentUrl":"https:\/\/talkpal.ai\/wp-content\/uploads\/2023\/05\/turkish.png","width":512,"height":512},{"@type":"BreadcrumbList","@id":"https:\/\/talkpal.ai\/hr\/turska-gramatika\/#breadcrumb","itemListElement":[{"@type":"ListItem","position":1,"name":"Homepage","item":"https:\/\/talkpal.ai\/hr\/"},{"@type":"ListItem","position":2,"name":"Turska gramatika"}]},{"@type":"WebSite","@id":"https:\/\/talkpal.ai\/hr\/#website","url":"https:\/\/talkpal.ai\/hr\/","name":"Talkpal","description":"AI Language Learning","publisher":{"@id":"https:\/\/talkpal.ai\/hr\/#organization"},"alternateName":"Talkpal AI","potentialAction":[{"@type":"SearchAction","target":{"@type":"EntryPoint","urlTemplate":"https:\/\/talkpal.ai\/hr\/?s={search_term_string}"},"query-input":{"@type":"PropertyValueSpecification","valueRequired":true,"valueName":"search_term_string"}}],"inLanguage":"hr"},{"@type":"Organization","@id":"https:\/\/talkpal.ai\/hr\/#organization","name":"Talkpal, Inc.","alternateName":"Talkpal AI","url":"https:\/\/talkpal.ai\/hr\/","logo":{"@type":"ImageObject","inLanguage":"hr","@id":"https:\/\/talkpal.ai\/hr\/#\/schema\/logo\/image\/","url":"https:\/\/talkpal.ai\/wp-content\/uploads\/2024\/03\/Talkpal-Logo-Icon.png","contentUrl":"https:\/\/talkpal.ai\/wp-content\/uploads\/2024\/03\/Talkpal-Logo-Icon.png","width":2880,"height":2880,"caption":"Talkpal, Inc."},"image":{"@id":"https:\/\/talkpal.ai\/hr\/#\/schema\/logo\/image\/"},"sameAs":["https:\/\/www.facebook.com\/profile.php?id=100090733639311","https:\/\/x.com\/talkpalai","https:\/\/www.linkedin.com\/company\/talkpal\/","https:\/\/www.youtube.com\/@TalkPal\/","https:\/\/www.tiktok.com\/@talkpal","https:\/\/www.instagram.com\/talkpal_ai\/","https:\/\/www.crunchbase.com\/organization\/talkpal-9cde","https:\/\/www.g2.com\/products\/talkpal-for-business\/","https:\/\/www.trustpilot.com\/review\/talkpal.ai","https:\/\/www.capterra.com\/p\/10006800\/TalkPal\/"],"description":"Talkpal is a language learning web and mobile education app, powered by the latest AI technologies, that provides engaging experiences to its customers in many different languages to help them improve their language skills. Users can chat about unlimited amount of topics with the app and use other modes to practice their language learning.","email":"support@talkpal.ai","legalName":"Talkpal, Inc.","foundingDate":"2023-04-03","duns":"118989042","numberOfEmployees":{"@type":"QuantitativeValue","minValue":"11","maxValue":"50"},"publishingPrinciples":"https:\/\/talkpal.ai\/publishing-principles\/","actionableFeedbackPolicy":"https:\/\/talkpal.ai\/actionable-feedback-policy\/","correctionsPolicy":"https:\/\/talkpal.ai\/corrections-policy\/","ethicsPolicy":"https:\/\/talkpal.ai\/ethics-policy\/","diversityPolicy":"https:\/\/talkpal.ai\/diversity-policy\/","diversityStaffingReport":"https:\/\/talkpal.ai\/diversity-policy\/"}]}},"_links":{"self":[{"href":"https:\/\/talkpal.ai\/hr\/wp-json\/wp\/v2\/pages\/153133","targetHints":{"allow":["GET"]}}],"collection":[{"href":"https:\/\/talkpal.ai\/hr\/wp-json\/wp\/v2\/pages"}],"about":[{"href":"https:\/\/talkpal.ai\/hr\/wp-json\/wp\/v2\/types\/page"}],"author":[{"embeddable":true,"href":"https:\/\/talkpal.ai\/hr\/wp-json\/wp\/v2\/users\/1"}],"replies":[{"embeddable":true,"href":"https:\/\/talkpal.ai\/hr\/wp-json\/wp\/v2\/comments?post=153133"}],"version-history":[{"count":0,"href":"https:\/\/talkpal.ai\/hr\/wp-json\/wp\/v2\/pages\/153133\/revisions"}],"wp:featuredmedia":[{"embeddable":true,"href":"https:\/\/talkpal.ai\/hr\/wp-json\/wp\/v2\/media\/120924"}],"wp:attachment":[{"href":"https:\/\/talkpal.ai\/hr\/wp-json\/wp\/v2\/media?parent=153133"}],"curies":[{"name":"wp","href":"https:\/\/api.w.org\/{rel}","templated":true}]}}