{"id":152822,"date":"2023-05-14T14:23:21","date_gmt":"2023-05-14T14:23:21","guid":{"rendered":"http:\/\/talkpal.ai\/tagalog-gramatika\/"},"modified":"2025-12-17T15:39:40","modified_gmt":"2025-12-17T15:39:40","slug":"tagalog-gramatika","status":"publish","type":"page","link":"https:\/\/talkpal.ai\/hr\/tagalog-gramatika\/","title":{"rendered":"Tagalog gramatika"},"content":{"rendered":"\r\n\r\n\r\n<section class=\"languageChallengeSection\">\r\n    <div class=\"languageInfoWrapper\">\r\n        \r\n        <h1>Tagalog gramatika<\/h1>\r\n        <p>Uzbu\u0111eni ste \u0161to \u0107ete nau\u010diti <a href=\"https:\/\/talkpal.ai\/learn-tagalog\/\">tagalog<\/a>? Istra\u017eite tagalo\u0161ku gramatiku, gdje jedinstveni sustavi fokusa glagola, fleksibilan redoslijed re\u010denica i korisne \u010destice stvaraju jezik koji je jednako izra\u017eajan koliko i zanimljiv. Zapo\u010dnite svoje putovanje sada &#8211; svladavanje tagalo\u0161ke gramatike osna\u017eit \u0107e vas da samouvjereno komunicirate i uronite u \u017eivahnu kulturu Filipina!<\/p>\r\n\r\n                            <a class=\"getStartedHidden\" href=\"https:\/\/app.talkpal.ai\/hr\/signup?lng=\">Zapo\u010dni<\/a>\r\n        \r\n    <\/div>\r\n\r\n    <figure>\r\n    <img decoding=\"async\" width=\"768\" height=\"768\" src=\"https:\/\/talkpal.ai\/wp-content\/uploads\/2023\/06\/tagalog-768x768.png\" class=\"languageImage no-lazy\" alt=\"Overcoming challenges in language learning\" fetchpriority=\"high\" sizes=\"(max-width: 768px) 150px, 768px\" srcset=\"https:\/\/talkpal.ai\/wp-content\/uploads\/2023\/06\/tagalog-768x768.png 768w, https:\/\/talkpal.ai\/wp-content\/uploads\/2023\/06\/tagalog-300x300.png 300w\" \/>\r\n    \r\n\r\n    <\/figure>\r\n\r\n            <a class=\"getStartedVisible\" href=\"https:\/\/app.talkpal.ai\/hr\/signup?lng=\">Zapo\u010dni<\/a>\r\n    \r\n<\/section>\r\n<section class=\"promotionalBanner\">\r\n    <p class=\"promotionalText\">Naju\u010dinkovitiji na\u010din u\u010denja jezika<\/p>\r\n    <a class=\"promotionalLink\" href=\"https:\/\/app.talkpal.ai\/hr\/signup?lng=\">Isprobajte Talkpal besplatno<\/a>\r\n<\/section>\n<div class=\"wp-block-group pageContainerStyle\"><div class=\"wp-block-group__inner-container is-layout-constrained wp-block-group-is-layout-constrained\">\n<h1 class=\"wp-block-heading\" id=\"h-tagalog-grammar-get-to-know-the-heart-of-filipino-language\">Tagalog Grammar: Upoznajte srce filipinskog jezika<\/h1>\n\n\n\n<p>Tagalog, temelj nacionalnog jezika Filipina, filipinski, govore milijuni ljudi \u0161irom svijeta. Da biste nau\u010dili Tagalog, prvo morate razumjeti njegovu zamr\u0161enu i fascinantnu gramatiku. U ovom \u0107emo se \u010dlanku pozabaviti bitnim aspektima tagalog gramatike, poma\u017eu\u0107i vam da cijenite ovaj prekrasan jezik na razgovorni i prijateljski na\u010din.<\/p>\n\n\n\n<h3 class=\"wp-block-heading\" id=\"h-1-nouns-genderless-countable-and-uncountable\">1. Imenice &#8211; bez spola, brojljive i nebrojene<\/h3>\n\n\n\n<p>U Tagalogu, imenice (pangngalan) nisu kategorizirane po spolu, \u0161to olak\u0161ava upravljanje od nekih drugih jezika. Uobi\u010dajene imenice odnose se na ljude, \u017eivotinje, mjesta, stvari ili ideje, s odgovaraju\u0107im imenicama koje ozna\u010davaju odre\u0111ena imena. Susrest \u0107ete i brojive (tahanan, \u0161to zna\u010di &#8220;ku\u0107a&#8221;) i nebrojive imenice (tubig, \u0161to zna\u010di &#8220;voda&#8221;). Imenice se tako\u0111er mogu pretvoriti u oblike mno\u017eine dodavanjem specifi\u010dnih oznaka poput &#8220;mga&#8221;.<\/p>\n\n\n\n<h3 class=\"wp-block-heading\" id=\"h-2-adjectives-describing-with-flair\">2. Pridjevi &#8211; Opisivanje s njuhom<\/h3>\n\n\n\n<p>Pridjevi (pang-uri) pru\u017eaju vi\u0161e informacija o imenicama, s nekoliko na\u010dina kori\u0161tenja pridjeva u Tagalogu. Komparacija imenica ostvaruje se preko pridjeva kori\u0161tenjem markera \u201cmas\u201d i \u201cpinaka\u201d za stvaranje stupnjeva komparativa i superlativa. Na primjer, &#8220;maganda&#8221; zna\u010di &#8220;lijepa&#8221;, dok &#8220;mas maganda&#8221; zna\u010di &#8220;ljep\u0161a&#8221;, a &#8220;pinakamaganda&#8221; zna\u010di &#8220;najljep\u0161a&#8221;.<\/p>\n\n\n\n<h3 class=\"wp-block-heading\" id=\"h-3-pronouns-keeping-it-personal\">3. Zamjenice &#8211; Odr\u017eavanje osobnog<\/h3>\n\n\n\n<p><a href=\"https:\/\/talkpal.ai\/tagalog-grammar\/\">Tagalog gramatika<\/a> sastoji se od osobnih, posesivnih, demonstrativnih, upitnih i relativnih zamjenica. Osobne zamjenice dolaze u tri slu\u010daja: nominativno (ozna\u010davanje subjekta), genitiv (koji ukazuje na posjedovanje) i akuzativ (ukazuju\u0107i na objekt). Pokazne zamjenice, poput &#8220;ito&#8221; (ovo) i &#8220;iyan&#8221; (<a href=\"https:\/\/talkpal.ai\/locations\/language-courses-in-ono\/\">ono<\/a>), koriste se za isticanje odre\u0111enih stvari, dok se upitne zamjenice koriste za postavljanje pitanja.<\/p>\n\n\n\n<h3 class=\"wp-block-heading\" id=\"h-4-verbs-conjugation-and-focus\">4. Glagoli \u2013 konjugacija i fokus<\/h3>\n\n\n\n<p>Tagalog glagoli (pandiwa) igraju vitalnu ulogu u konstrukciji re\u010denica, a njihova konjugacija je razli\u010dita. Umjesto napetih promjena, konjugacije glagola u Tagalogu uklju\u010duju promjene u aspektima. Postoje tri glagolska aspekta: dovr\u0161eno (svr\u0161eno), nedovr\u0161eno (nesvr\u0161eno) i kontempirano (budu\u0107e).  <\/p>\n\n\n\n<p>\u0160tovi\u0161e, Tagalog ima jedinstveni sustav fokusa koji se odnosi na glagole. U ovom sustavu, glagolski oblik se mijenja ovisno o tome na koji je dio re\u010denice usmjeren, kao \u0161to su objekt, predmet ili smjer radnje. Klju\u010dni markeri poput &#8220;um-&#8220;, &#8220;mag-&#8221; i &#8220;-in&#8221; poma\u017eu u preno\u0161enju razli\u010ditih nijansi unutar re\u010denica.<\/p>\n\n\n\n<h3 class=\"wp-block-heading\" id=\"h-5-embracing-the-journey\">5. Prihva\u0107anje putovanja<\/h3>\n\n\n\n<p>U\u010denje Tagalog gramatike zahtijeva vrijeme, trud i dodir strpljenja. Me\u0111utim, njegova jedinstvenost, nakon \u0161to se savlada, pru\u017ea neusporediv uvid u filipinsku kulturu i ba\u0161tinu. Budite otvorenog uma, vje\u017ebajte dosljedno i nemojte se bojati pogrije\u0161iti dok govorite.<\/p>\n\n\n\n<p>Dok dublje zaranjate u nijanse tagalo\u0161ke gramatike, odvojite vrijeme da u\u017eivate u \u017eivahnosti i bogatstvu koje nudi. U\u017eivajte u razumijevanju slo\u017eenosti koje ovaj jezik \u010dine doista iznimnim. Maligayang pag-aaral \u2013 sretno u\u010denje!<\/p>\n<\/div><\/div>\n\r\n<section class=\"learnNavigationSection\">\r\n            \r\n        <a href=\"https:\/\/talkpal.ai\/hr\/naucite-tagalog\/\">\r\n            <div class=\"learnNavigationWrapper\">\r\n                <div class=\"learnNavigationContent\">\r\n                    <img decoding=\"async\" src=\"https:\/\/talkpal.ai\/wp-content\/uploads\/2024\/08\/Tagalog.jpg\" alt=\"Philippines Flag\">\r\n                    <div>\r\n                        <h4>O u\u010denju tagalog<\/h4>\r\n                        <p>Saznajte sve o Tagalog gramatici.<\/p>\r\n                    <\/div>\r\n                <\/div>\r\n            <\/div>\r\n        <\/a>\r\n\r\n        \r\n        <a href=\"https:\/\/talkpal.ai\/hr\/tagalog-gramaticke-vjezbe\/\">\r\n            <div class=\"learnNavigationWrapper\">\r\n                <div class=\"learnNavigationContent\">\r\n                    <img decoding=\"async\" src=\"https:\/\/talkpal.ai\/wp-content\/uploads\/2024\/08\/Tagalog.jpg\" alt=\"Philippines Flag\">\r\n                    <div>\r\n                        <h4>Tagalog gramati\u010dka vje\u017eba<\/h4>\r\n                        <p>Vje\u017ebajte Tagalog gramatiku.<\/p>\r\n                    <\/div>\r\n                <\/div>\r\n            <\/div>\r\n        <\/a>\r\n\r\n        \r\n        <a href=\"https:\/\/talkpal.ai\/vocabulary_language\/tagalog\/\">\r\n            <div class=\"learnNavigationWrapper\">\r\n                <div class=\"learnNavigationContent\">\r\n                    <img decoding=\"async\" src=\"https:\/\/talkpal.ai\/wp-content\/uploads\/2024\/08\/Tagalog.jpg\" alt=\"Philippines Flag\">\r\n                    <div>\r\n                        <h4>Tagalog vokabular<\/h4>\r\n                        <p>Pro\u0161irite svoj tagalo\u0161ki vokabular.<\/p>\r\n                    <\/div>\r\n                <\/div>\r\n            <\/div>\r\n        <\/a>\r\n\r\n            <\/section>","protected":false},"excerpt":{"rendered":"<p>Tagalog Grammar: Upoznajte srce filipinskog jezika Tagalog, temelj nacionalnog jezika Filipina, filipinski, govore milijuni ljudi \u0161irom svijeta. Da biste nau\u010dili Tagalog, prvo morate razumjeti njegovu zamr\u0161enu i fascinantnu gramatiku. U ovom \u0107emo se \u010dlanku pozabaviti bitnim aspektima tagalog gramatike, poma\u017eu\u0107i vam da cijenite ovaj prekrasan jezik na razgovorni i prijateljski na\u010din. 1. Imenice &#8211; bez [&hellip;]<\/p>\n","protected":false},"author":1,"featured_media":119970,"parent":0,"menu_order":0,"comment_status":"closed","ping_status":"closed","template":"LearningContentPage.php","meta":{"_acf_changed":false,"footnotes":""},"class_list":["post-152822","page","type-page","status-publish","has-post-thumbnail","hentry"],"acf":[],"yoast_head":"<!-- This site is optimized with the Yoast SEO Premium plugin v27.2 (Yoast SEO v27.2) - https:\/\/yoast.com\/product\/yoast-seo-premium-wordpress\/ -->\n<title>Tagalog gramatika - Talkpal<\/title>\n<meta name=\"description\" content=\"Istra\u017eite osnove gramatike tagaloga i nau\u010dite kako cijeniti ovaj prekrasan jezik na jednostavan i prijateljski na\u010din.\" \/>\n<meta name=\"robots\" content=\"index, follow, max-snippet:-1, max-image-preview:large, max-video-preview:-1\" \/>\n<link rel=\"canonical\" href=\"https:\/\/talkpal.ai\/hr\/tagalog-gramatika\/\" \/>\n<meta property=\"og:locale\" content=\"hr_HR\" \/>\n<meta property=\"og:type\" content=\"article\" \/>\n<meta property=\"og:title\" content=\"Tagalog gramatika\" \/>\n<meta property=\"og:description\" content=\"Tagalog Grammar: Upoznajte srce filipinskog jezika Tagalog, temelj nacionalnog jezika Filipina, filipinski, govore milijuni ljudi \u0161irom svijeta. Da biste\" \/>\n<meta property=\"og:url\" content=\"https:\/\/talkpal.ai\/hr\/tagalog-gramatika\/\" \/>\n<meta property=\"og:site_name\" content=\"Talkpal\" \/>\n<meta property=\"article:publisher\" content=\"https:\/\/www.facebook.com\/profile.php?id=100090733639311\" \/>\n<meta property=\"article:modified_time\" content=\"2025-12-17T15:39:40+00:00\" \/>\n<meta property=\"og:image\" content=\"https:\/\/talkpal.ai\/wp-content\/uploads\/2023\/05\/Tagalog-philippines.png\" \/>\n\t<meta property=\"og:image:width\" content=\"512\" \/>\n\t<meta property=\"og:image:height\" content=\"512\" \/>\n\t<meta property=\"og:image:type\" content=\"image\/png\" \/>\n<meta name=\"twitter:card\" content=\"summary_large_image\" \/>\n<meta name=\"twitter:site\" content=\"@talkpalai\" \/>\n<meta name=\"twitter:label1\" content=\"Procijenjeno vrijeme \u010ditanja\" \/>\n\t<meta name=\"twitter:data1\" content=\"2 minute\" \/>\n<script type=\"application\/ld+json\" class=\"yoast-schema-graph\">{\"@context\":\"https:\/\/schema.org\",\"@graph\":[{\"@type\":\"WebPage\",\"@id\":\"https:\/\/talkpal.ai\/hr\/tagalog-gramatika\/\",\"url\":\"https:\/\/talkpal.ai\/hr\/tagalog-gramatika\/\",\"name\":\"Tagalog gramatika - Talkpal\",\"isPartOf\":{\"@id\":\"https:\/\/talkpal.ai\/hr\/#website\"},\"primaryImageOfPage\":{\"@id\":\"https:\/\/talkpal.ai\/hr\/tagalog-gramatika\/#primaryimage\"},\"image\":{\"@id\":\"https:\/\/talkpal.ai\/hr\/tagalog-gramatika\/#primaryimage\"},\"thumbnailUrl\":\"https:\/\/talkpal.ai\/wp-content\/uploads\/2023\/05\/Tagalog-philippines.png\",\"datePublished\":\"2023-05-14T14:23:21+00:00\",\"dateModified\":\"2025-12-17T15:39:40+00:00\",\"description\":\"Istra\u017eite osnove gramatike tagaloga i nau\u010dite kako cijeniti ovaj prekrasan jezik na jednostavan i prijateljski na\u010din.\",\"breadcrumb\":{\"@id\":\"https:\/\/talkpal.ai\/hr\/tagalog-gramatika\/#breadcrumb\"},\"inLanguage\":\"hr\",\"potentialAction\":[{\"@type\":\"ReadAction\",\"target\":[\"https:\/\/talkpal.ai\/hr\/tagalog-gramatika\/\"]}]},{\"@type\":\"ImageObject\",\"inLanguage\":\"hr\",\"@id\":\"https:\/\/talkpal.ai\/hr\/tagalog-gramatika\/#primaryimage\",\"url\":\"https:\/\/talkpal.ai\/wp-content\/uploads\/2023\/05\/Tagalog-philippines.png\",\"contentUrl\":\"https:\/\/talkpal.ai\/wp-content\/uploads\/2023\/05\/Tagalog-philippines.png\",\"width\":512,\"height\":512},{\"@type\":\"BreadcrumbList\",\"@id\":\"https:\/\/talkpal.ai\/hr\/tagalog-gramatika\/#breadcrumb\",\"itemListElement\":[{\"@type\":\"ListItem\",\"position\":1,\"name\":\"Homepage\",\"item\":\"https:\/\/talkpal.ai\/hr\/\"},{\"@type\":\"ListItem\",\"position\":2,\"name\":\"Tagalog gramatika\"}]},{\"@type\":\"WebSite\",\"@id\":\"https:\/\/talkpal.ai\/hr\/#website\",\"url\":\"https:\/\/talkpal.ai\/hr\/\",\"name\":\"Talkpal\",\"description\":\"AI Language Learning\",\"publisher\":{\"@id\":\"https:\/\/talkpal.ai\/hr\/#organization\"},\"alternateName\":\"Talkpal AI\",\"potentialAction\":[{\"@type\":\"SearchAction\",\"target\":{\"@type\":\"EntryPoint\",\"urlTemplate\":\"https:\/\/talkpal.ai\/hr\/?s={search_term_string}\"},\"query-input\":{\"@type\":\"PropertyValueSpecification\",\"valueRequired\":true,\"valueName\":\"search_term_string\"}}],\"inLanguage\":\"hr\"},{\"@type\":\"Organization\",\"@id\":\"https:\/\/talkpal.ai\/hr\/#organization\",\"name\":\"Talkpal, Inc.\",\"alternateName\":\"Talkpal AI\",\"url\":\"https:\/\/talkpal.ai\/hr\/\",\"logo\":{\"@type\":\"ImageObject\",\"inLanguage\":\"hr\",\"@id\":\"https:\/\/talkpal.ai\/hr\/#\/schema\/logo\/image\/\",\"url\":\"https:\/\/talkpal.ai\/wp-content\/uploads\/2024\/03\/Talkpal-Logo-Icon.png\",\"contentUrl\":\"https:\/\/talkpal.ai\/wp-content\/uploads\/2024\/03\/Talkpal-Logo-Icon.png\",\"width\":2880,\"height\":2880,\"caption\":\"Talkpal, Inc.\"},\"image\":{\"@id\":\"https:\/\/talkpal.ai\/hr\/#\/schema\/logo\/image\/\"},\"sameAs\":[\"https:\/\/www.facebook.com\/profile.php?id=100090733639311\",\"https:\/\/x.com\/talkpalai\",\"https:\/\/www.linkedin.com\/company\/talkpal\/\",\"https:\/\/www.youtube.com\/@TalkPal\/\",\"https:\/\/www.tiktok.com\/@talkpal\",\"https:\/\/www.instagram.com\/talkpal_ai\/\",\"https:\/\/www.crunchbase.com\/organization\/talkpal-9cde\",\"https:\/\/www.g2.com\/products\/talkpal-for-business\/\",\"https:\/\/www.trustpilot.com\/review\/talkpal.ai\",\"https:\/\/www.capterra.com\/p\/10006800\/TalkPal\/\"],\"description\":\"Talkpal is a language learning web and mobile education app, powered by the latest AI technologies, that provides engaging experiences to its customers in many different languages to help them improve their language skills. Users can chat about unlimited amount of topics with the app and use other modes to practice their language learning.\",\"email\":\"support@talkpal.ai\",\"legalName\":\"Talkpal, Inc.\",\"foundingDate\":\"2023-04-03\",\"duns\":\"118989042\",\"numberOfEmployees\":{\"@type\":\"QuantitativeValue\",\"minValue\":\"11\",\"maxValue\":\"50\"},\"publishingPrinciples\":\"https:\/\/talkpal.ai\/publishing-principles\/\",\"actionableFeedbackPolicy\":\"https:\/\/talkpal.ai\/actionable-feedback-policy\/\",\"correctionsPolicy\":\"https:\/\/talkpal.ai\/corrections-policy\/\",\"ethicsPolicy\":\"https:\/\/talkpal.ai\/ethics-policy\/\",\"diversityPolicy\":\"https:\/\/talkpal.ai\/diversity-policy\/\",\"diversityStaffingReport\":\"https:\/\/talkpal.ai\/diversity-policy\/\"}]}<\/script>\n<!-- \/ Yoast SEO Premium plugin. -->","yoast_head_json":{"title":"Tagalog gramatika - Talkpal","description":"Istra\u017eite osnove gramatike tagaloga i nau\u010dite kako cijeniti ovaj prekrasan jezik na jednostavan i prijateljski na\u010din.","robots":{"index":"index","follow":"follow","max-snippet":"max-snippet:-1","max-image-preview":"max-image-preview:large","max-video-preview":"max-video-preview:-1"},"canonical":"https:\/\/talkpal.ai\/hr\/tagalog-gramatika\/","og_locale":"hr_HR","og_type":"article","og_title":"Tagalog gramatika","og_description":"Tagalog Grammar: Upoznajte srce filipinskog jezika Tagalog, temelj nacionalnog jezika Filipina, filipinski, govore milijuni ljudi \u0161irom svijeta. Da biste","og_url":"https:\/\/talkpal.ai\/hr\/tagalog-gramatika\/","og_site_name":"Talkpal","article_publisher":"https:\/\/www.facebook.com\/profile.php?id=100090733639311","article_modified_time":"2025-12-17T15:39:40+00:00","og_image":[{"width":512,"height":512,"url":"https:\/\/talkpal.ai\/wp-content\/uploads\/2023\/05\/Tagalog-philippines.png","type":"image\/png"}],"twitter_card":"summary_large_image","twitter_site":"@talkpalai","twitter_misc":{"Procijenjeno vrijeme \u010ditanja":"2 minute"},"schema":{"@context":"https:\/\/schema.org","@graph":[{"@type":"WebPage","@id":"https:\/\/talkpal.ai\/hr\/tagalog-gramatika\/","url":"https:\/\/talkpal.ai\/hr\/tagalog-gramatika\/","name":"Tagalog gramatika - Talkpal","isPartOf":{"@id":"https:\/\/talkpal.ai\/hr\/#website"},"primaryImageOfPage":{"@id":"https:\/\/talkpal.ai\/hr\/tagalog-gramatika\/#primaryimage"},"image":{"@id":"https:\/\/talkpal.ai\/hr\/tagalog-gramatika\/#primaryimage"},"thumbnailUrl":"https:\/\/talkpal.ai\/wp-content\/uploads\/2023\/05\/Tagalog-philippines.png","datePublished":"2023-05-14T14:23:21+00:00","dateModified":"2025-12-17T15:39:40+00:00","description":"Istra\u017eite osnove gramatike tagaloga i nau\u010dite kako cijeniti ovaj prekrasan jezik na jednostavan i prijateljski na\u010din.","breadcrumb":{"@id":"https:\/\/talkpal.ai\/hr\/tagalog-gramatika\/#breadcrumb"},"inLanguage":"hr","potentialAction":[{"@type":"ReadAction","target":["https:\/\/talkpal.ai\/hr\/tagalog-gramatika\/"]}]},{"@type":"ImageObject","inLanguage":"hr","@id":"https:\/\/talkpal.ai\/hr\/tagalog-gramatika\/#primaryimage","url":"https:\/\/talkpal.ai\/wp-content\/uploads\/2023\/05\/Tagalog-philippines.png","contentUrl":"https:\/\/talkpal.ai\/wp-content\/uploads\/2023\/05\/Tagalog-philippines.png","width":512,"height":512},{"@type":"BreadcrumbList","@id":"https:\/\/talkpal.ai\/hr\/tagalog-gramatika\/#breadcrumb","itemListElement":[{"@type":"ListItem","position":1,"name":"Homepage","item":"https:\/\/talkpal.ai\/hr\/"},{"@type":"ListItem","position":2,"name":"Tagalog gramatika"}]},{"@type":"WebSite","@id":"https:\/\/talkpal.ai\/hr\/#website","url":"https:\/\/talkpal.ai\/hr\/","name":"Talkpal","description":"AI Language Learning","publisher":{"@id":"https:\/\/talkpal.ai\/hr\/#organization"},"alternateName":"Talkpal AI","potentialAction":[{"@type":"SearchAction","target":{"@type":"EntryPoint","urlTemplate":"https:\/\/talkpal.ai\/hr\/?s={search_term_string}"},"query-input":{"@type":"PropertyValueSpecification","valueRequired":true,"valueName":"search_term_string"}}],"inLanguage":"hr"},{"@type":"Organization","@id":"https:\/\/talkpal.ai\/hr\/#organization","name":"Talkpal, Inc.","alternateName":"Talkpal AI","url":"https:\/\/talkpal.ai\/hr\/","logo":{"@type":"ImageObject","inLanguage":"hr","@id":"https:\/\/talkpal.ai\/hr\/#\/schema\/logo\/image\/","url":"https:\/\/talkpal.ai\/wp-content\/uploads\/2024\/03\/Talkpal-Logo-Icon.png","contentUrl":"https:\/\/talkpal.ai\/wp-content\/uploads\/2024\/03\/Talkpal-Logo-Icon.png","width":2880,"height":2880,"caption":"Talkpal, Inc."},"image":{"@id":"https:\/\/talkpal.ai\/hr\/#\/schema\/logo\/image\/"},"sameAs":["https:\/\/www.facebook.com\/profile.php?id=100090733639311","https:\/\/x.com\/talkpalai","https:\/\/www.linkedin.com\/company\/talkpal\/","https:\/\/www.youtube.com\/@TalkPal\/","https:\/\/www.tiktok.com\/@talkpal","https:\/\/www.instagram.com\/talkpal_ai\/","https:\/\/www.crunchbase.com\/organization\/talkpal-9cde","https:\/\/www.g2.com\/products\/talkpal-for-business\/","https:\/\/www.trustpilot.com\/review\/talkpal.ai","https:\/\/www.capterra.com\/p\/10006800\/TalkPal\/"],"description":"Talkpal is a language learning web and mobile education app, powered by the latest AI technologies, that provides engaging experiences to its customers in many different languages to help them improve their language skills. Users can chat about unlimited amount of topics with the app and use other modes to practice their language learning.","email":"support@talkpal.ai","legalName":"Talkpal, Inc.","foundingDate":"2023-04-03","duns":"118989042","numberOfEmployees":{"@type":"QuantitativeValue","minValue":"11","maxValue":"50"},"publishingPrinciples":"https:\/\/talkpal.ai\/publishing-principles\/","actionableFeedbackPolicy":"https:\/\/talkpal.ai\/actionable-feedback-policy\/","correctionsPolicy":"https:\/\/talkpal.ai\/corrections-policy\/","ethicsPolicy":"https:\/\/talkpal.ai\/ethics-policy\/","diversityPolicy":"https:\/\/talkpal.ai\/diversity-policy\/","diversityStaffingReport":"https:\/\/talkpal.ai\/diversity-policy\/"}]}},"_links":{"self":[{"href":"https:\/\/talkpal.ai\/hr\/wp-json\/wp\/v2\/pages\/152822","targetHints":{"allow":["GET"]}}],"collection":[{"href":"https:\/\/talkpal.ai\/hr\/wp-json\/wp\/v2\/pages"}],"about":[{"href":"https:\/\/talkpal.ai\/hr\/wp-json\/wp\/v2\/types\/page"}],"author":[{"embeddable":true,"href":"https:\/\/talkpal.ai\/hr\/wp-json\/wp\/v2\/users\/1"}],"replies":[{"embeddable":true,"href":"https:\/\/talkpal.ai\/hr\/wp-json\/wp\/v2\/comments?post=152822"}],"version-history":[{"count":0,"href":"https:\/\/talkpal.ai\/hr\/wp-json\/wp\/v2\/pages\/152822\/revisions"}],"wp:featuredmedia":[{"embeddable":true,"href":"https:\/\/talkpal.ai\/hr\/wp-json\/wp\/v2\/media\/119970"}],"wp:attachment":[{"href":"https:\/\/talkpal.ai\/hr\/wp-json\/wp\/v2\/media?parent=152822"}],"curies":[{"name":"wp","href":"https:\/\/api.w.org\/{rel}","templated":true}]}}