{"id":151115,"date":"2023-05-14T14:20:10","date_gmt":"2023-05-14T14:20:10","guid":{"rendered":"http:\/\/talkpal.ai\/slovenska-gramatika\/"},"modified":"2025-12-12T11:08:26","modified_gmt":"2025-12-12T11:08:26","slug":"slovenska-gramatika","status":"publish","type":"page","link":"https:\/\/talkpal.ai\/hr\/slovenska-gramatika\/","title":{"rendered":"Slovenska gramatika"},"content":{"rendered":"\r\n\r\n\r\n<section class=\"languageChallengeSection\">\r\n    <div class=\"languageInfoWrapper\">\r\n        \r\n        <h1>Slovenska gramatika<\/h1>\r\n        <p>Otkrijte prepoznatljiv \u0161arm slovenskog jezika savladavanjem njegovih osnovnih gramati\u010dkih pravila. S dobrim razumijevanjem slovena\u010dke gramatike, mo\u0107i \u0107ete se povezati s izvornim govornicima i bolje cijeniti bogatu kulturnu ba\u0161tinu zemlje. Po\u010dnite u\u010diti slovensku gramatiku ve\u0107 danas i napravite prvi korak prema te\u010dnosti!<\/p>\r\n\r\n                            <a class=\"getStartedHidden\" href=\"https:\/\/app.talkpal.ai\/hr\/signup?lng=\">Zapo\u010dni<\/a>\r\n        \r\n    <\/div>\r\n\r\n    <figure>\r\n    <img decoding=\"async\" width=\"768\" height=\"768\" src=\"https:\/\/talkpal.ai\/wp-content\/uploads\/2023\/06\/slovenian-768x768.png\" class=\"languageImage no-lazy\" alt=\"Language learning for broader perspectives\" fetchpriority=\"high\" sizes=\"(max-width: 768px) 150px, 768px\" srcset=\"https:\/\/talkpal.ai\/wp-content\/uploads\/2023\/06\/slovenian-768x768.png 768w, https:\/\/talkpal.ai\/wp-content\/uploads\/2023\/06\/slovenian-300x300.png 300w\" \/>\r\n    \r\n\r\n    <\/figure>\r\n\r\n            <a class=\"getStartedVisible\" href=\"https:\/\/app.talkpal.ai\/hr\/signup?lng=\">Zapo\u010dni<\/a>\r\n    \r\n<\/section>\r\n<section class=\"promotionalBanner\">\r\n    <p class=\"promotionalText\">Naju\u010dinkovitiji na\u010din u\u010denja jezika<\/p>\r\n    <a class=\"promotionalLink\" href=\"https:\/\/app.talkpal.ai\/hr\/signup?lng=\">Isprobajte Talkpal besplatno<\/a>\r\n<\/section>\n<div class=\"wp-block-group pageContainerStyle\"><div class=\"wp-block-group__inner-container is-layout-constrained wp-block-group-is-layout-constrained\">\n<h1 class=\"wp-block-heading\" id=\"h-slovenian-grammar-a-short-introduction-for-language-lovers\">Slovenska gramatika: kratki uvod za ljubitelje jezika<\/h1>\n\n\n\n<p>Jeste li spremni zaroniti u o\u010daravaju\u0107i svijet slovenskog, zapanjuju\u0107i slavenski jezik? \u010ceka vas poslastica! Ovaj kratki vodi\u010d pru\u017eit \u0107e vam uvid u slovensku gramatiku, <a href=\"https:\/\/talkpal.ai\/locations\/language-courses-in-koja\/\">koja<\/a> je neophodna za razumijevanje i ovladavanje ovim zadivljuju\u0107im jezikom. Krenimo dakle u ovu lingvisti\u010dku avanturu i istra\u017eujmo zamr\u0161enost slovenske gramatike korak po korak.<\/p>\n\n\n\n<p><a href=\"https:\/\/talkpal.ai\/learn-slovenian\/\">Slovenski<\/a>, poznat i kao <a href=\"https:\/\/talkpal.ai\/learn-slovenian\/\">slovenski<\/a>, u Sloveniji govori prete\u017eno oko 2,5 milijuna ljudi. Kao ju\u017enoslavenski jezik, dijeli nekoliko zna\u010dajki sa svojim bliskim ro\u0111acima, kao \u0161to su <a href=\"https:\/\/talkpal.ai\/learn-serbian\/\">srpski<\/a>, <a href=\"https:\/\/talkpal.ai\/learn-croatian\/\">hrvatski<\/a> i <a href=\"https:\/\/talkpal.ai\/learn-bulgarian\/\">bugarski<\/a>. Me\u0111utim, Slovenac se mo\u017ee pohvaliti svojim jedinstvenim zaokretima i njuhom.<\/p>\n\n\n\n<p>Bez daljnjeg odlaganja, zaronimo u klju\u010dne aspekte slovenske gramatike:<\/p>\n\n\n\n<h3 class=\"wp-block-heading\" id=\"h-1-nouns-and-cases\">1. Imenice i slu\u010dajevi:<\/h3>\n\n\n\n<p>Slovenske imenice dolaze u tri spola \u2013 mu\u0161kom, \u017eenskom i srednjem. Svaka imenica mo\u017ee se koristiti u jednom od \u0161est slovenskih slu\u010dajeva: nominativnom, genitivnom, dativnom, akuzativnom, lokativnom i instrumentalnom. Ovi pade\u017ei izra\u017eavaju razli\u010dite gramati\u010dke funkcije ili odnose izme\u0111u rije\u010di, stoga je klju\u010dno nau\u010diti njihovu pravilnu upotrebu u kontekstu.<\/p>\n\n\n\n<h3 class=\"wp-block-heading\" id=\"h-2-articles\">2. \u010clanci:<\/h3>\n\n\n\n<p>Evo dobrih vijesti \u2013 slovenski ne koristi \u010dlanove poput \u201cthe\u201d ili \u201ca\u201d! Umjesto toga, zna\u010denje se prenosi kori\u0161tenjem slu\u010dajeva i redoslijeda rije\u010di. Ovo bi moglo malo olak\u0161ati va\u0161e iskustvo u\u010denja slovenskog, pogotovo ako niste navikli na jezike sa slo\u017eenim sustavima \u010dlanaka.<\/p>\n\n\n\n<h3 class=\"wp-block-heading\" id=\"h-3-adjectives\">3. Pridjevi:<\/h3>\n\n\n\n<p>Ba\u0161 kao i imenice, pridjevi na slovenskom jeziku sla\u017eu se po spolu, broju i slu\u010daju s imenicom koju mijenjaju. To \u010dini upotrebu pridjeva malo kompliciranijom nego u engleskom, ali ne bojte se \u2013 s vje\u017ebom \u0107ete u tren oka savladati slovenske pridjeve!<\/p>\n\n\n\n<h3 class=\"wp-block-heading\" id=\"h-4-verbs\">4. Glagoli:<\/h3>\n\n\n\n<p><a href=\"https:\/\/talkpal.ai\/hr\/ucenje-slovenskog-jezika\/\">Slovenski jezik<\/a> ima troslojni glagolski sustav: tri skupine konjugacije ovisno o glagolskoj osnovi koja zavr\u0161ava u obliku infinitiva. Slovenski glagoli tako\u0111er imaju razli\u010dita vremena i raspolo\u017eenja, uklju\u010duju\u0107i jedinstveni dvostruki oblik, koji se koristi kada se odnosi na dva subjekta ili objekte. Budite spremni provesti neko vrijeme u\u010de\u0107i i vje\u017ebaju\u0107i konjugacije slovenskih glagola kako biste stekli povjerenje u svoje jezi\u010dne vje\u0161tine.<\/p>\n\n\n\n<h3 class=\"wp-block-heading\" id=\"h-5-word-order\">5. Redoslijed rije\u010di:<\/h3>\n\n\n\n<p>Slovenski op\u0107enito slijedi redoslijed rije\u010di subjekt-glagol-objekt (SVO), koji bi trebao biti poznat govornicima engleskog jezika. Me\u0111utim, jezik u\u017eiva odre\u0111eni stupanj fleksibilnosti, omogu\u0107uju\u0107i vam da naglasite odre\u0111ene dijelove re\u010denice prebacivanjem redoslijeda rije\u010di. Klju\u010dno je pravilno koristiti pade\u017ee kako biste izbjegli zabunu i prenijeli \u017eeljeno zna\u010denje.<\/p>\n\n\n\n<h3 class=\"wp-block-heading\" id=\"h-6-pronouns-and-prepositions\">6. Zamjenice i prijedlozi:<\/h3>\n\n\n\n<p>Na slovenske zamjenice, kao i na druge elemente jezika, utje\u010du spol, broj i slu\u010daj. Dolaze u razli\u010ditim oblicima, kao \u0161to su osobni, posesivni, demonstrativni i refleksivni. Upoznavanje sa slovenskim prijedlozima tako\u0111er \u0107e vam pomo\u0107i da pove\u017eete rije\u010di i fraze kako biste stvorili slo\u017eenije re\u010denice.<\/p>\n\n\n\n<p>Dakle, sada imate osnovno razumijevanje slovenske gramatike! Imajte na umu da poznavanje bilo kojeg jezika zahtijeva predanost i praksu. Prihvatite izazove i nemojte se ustru\u010davati u\u010diti iz svojih pogre\u0161aka. Zapamtite, u\u010denje novog jezika uzbudljivo je putovanje ispunjeno nezaboravnim iskustvima i korisnim otkri\u0107ima. Sre\u010dno!<\/p>\n<\/div><\/div>\n\r\n<section class=\"learnNavigationSection\">\r\n            \r\n        <a href=\"https:\/\/talkpal.ai\/hr\/ucenje-slovenskog-jezika\/\">\r\n            <div class=\"learnNavigationWrapper\">\r\n                <div class=\"learnNavigationContent\">\r\n                    <img decoding=\"async\" src=\"https:\/\/talkpal.ai\/wp-content\/uploads\/2024\/08\/Slovenian.jpg\" alt=\"Slovenian Flag\">\r\n                    <div>\r\n                        <h4>O slovenskom u\u010denju<\/h4>\r\n                        <p>Saznajte sve o slovenskoj gramatici.<\/p>\r\n                    <\/div>\r\n                <\/div>\r\n            <\/div>\r\n        <\/a>\r\n\r\n        \r\n        <a href=\"https:\/\/talkpal.ai\/hr\/slovenske-gramaticke-vjezbe\/\">\r\n            <div class=\"learnNavigationWrapper\">\r\n                <div class=\"learnNavigationContent\">\r\n                    <img decoding=\"async\" src=\"https:\/\/talkpal.ai\/wp-content\/uploads\/2024\/08\/Slovenian.jpg\" alt=\"Slovenian Flag\">\r\n                    <div>\r\n                        <h4>Slovenska gramati\u010dka vje\u017eba<\/h4>\r\n                        <p>Vje\u017ebajte slovensku gramatiku.<\/p>\r\n                    <\/div>\r\n                <\/div>\r\n            <\/div>\r\n        <\/a>\r\n\r\n        \r\n        <a href=\"https:\/\/talkpal.ai\/vocabulary_language\/slovenian\/\">\r\n            <div class=\"learnNavigationWrapper\">\r\n                <div class=\"learnNavigationContent\">\r\n                    <img decoding=\"async\" src=\"https:\/\/talkpal.ai\/wp-content\/uploads\/2024\/08\/Slovenian.jpg\" alt=\"Slovenian Flag\">\r\n                    <div>\r\n                        <h4>Slovenski rje\u010dnik<\/h4>\r\n                        <p>Pro\u0161irite svoj slovenski vokabular.<\/p>\r\n                    <\/div>\r\n                <\/div>\r\n            <\/div>\r\n        <\/a>\r\n\r\n            <\/section>","protected":false},"excerpt":{"rendered":"<p>Slovenska gramatika: kratki uvod za ljubitelje jezika Jeste li spremni zaroniti u o\u010daravaju\u0107i svijet slovenskog, zapanjuju\u0107i slavenski jezik? \u010ceka vas poslastica! Ovaj kratki vodi\u010d pru\u017eit \u0107e vam uvid u slovensku gramatiku, koja je neophodna za razumijevanje i ovladavanje ovim zadivljuju\u0107im jezikom. Krenimo dakle u ovu lingvisti\u010dku avanturu i istra\u017eujmo zamr\u0161enost slovenske gramatike korak po korak. [&hellip;]<\/p>\n","protected":false},"author":1,"featured_media":119698,"parent":0,"menu_order":0,"comment_status":"closed","ping_status":"closed","template":"LearningContentPage.php","meta":{"_acf_changed":false,"footnotes":""},"class_list":["post-151115","page","type-page","status-publish","has-post-thumbnail","hentry"],"acf":[],"yoast_head":"<!-- This site is optimized with the Yoast SEO Premium plugin v27.2 (Yoast SEO v27.2) - https:\/\/yoast.com\/product\/yoast-seo-premium-wordpress\/ -->\n<title>Slovenska gramatika - Talkpal<\/title>\n<meta name=\"description\" content=\"Istra\u017eite zamr\u0161enosti slovena\u010dke gramatike za bolje jezi\u010dne vje\u0161tine i razumijevanje. Savladajte gramatiku ve\u0107 danas.\" \/>\n<meta name=\"robots\" content=\"index, follow, max-snippet:-1, max-image-preview:large, max-video-preview:-1\" \/>\n<link rel=\"canonical\" href=\"https:\/\/talkpal.ai\/hr\/slovenska-gramatika\/\" \/>\n<meta property=\"og:locale\" content=\"hr_HR\" \/>\n<meta property=\"og:type\" content=\"article\" \/>\n<meta property=\"og:title\" content=\"Slovenska gramatika\" \/>\n<meta property=\"og:description\" content=\"Slovenska gramatika: kratki uvod za ljubitelje jezika Jeste li spremni zaroniti u o\u010daravaju\u0107i svijet slovenskog, zapanjuju\u0107i slavenski jezik? \u010ceka vas\" \/>\n<meta property=\"og:url\" content=\"https:\/\/talkpal.ai\/hr\/slovenska-gramatika\/\" \/>\n<meta property=\"og:site_name\" content=\"Talkpal\" \/>\n<meta property=\"article:publisher\" content=\"https:\/\/www.facebook.com\/profile.php?id=100090733639311\" \/>\n<meta property=\"article:modified_time\" content=\"2025-12-12T11:08:26+00:00\" \/>\n<meta property=\"og:image\" content=\"https:\/\/talkpal.ai\/wp-content\/uploads\/2023\/05\/slovenia.png\" \/>\n\t<meta property=\"og:image:width\" content=\"512\" \/>\n\t<meta property=\"og:image:height\" content=\"512\" \/>\n\t<meta property=\"og:image:type\" content=\"image\/png\" \/>\n<meta name=\"twitter:card\" content=\"summary_large_image\" \/>\n<meta name=\"twitter:site\" content=\"@talkpalai\" \/>\n<meta name=\"twitter:label1\" content=\"Procijenjeno vrijeme \u010ditanja\" \/>\n\t<meta name=\"twitter:data1\" content=\"3 minute\" \/>\n<script type=\"application\/ld+json\" class=\"yoast-schema-graph\">{\"@context\":\"https:\/\/schema.org\",\"@graph\":[{\"@type\":\"WebPage\",\"@id\":\"https:\/\/talkpal.ai\/hr\/slovenska-gramatika\/\",\"url\":\"https:\/\/talkpal.ai\/hr\/slovenska-gramatika\/\",\"name\":\"Slovenska gramatika - Talkpal\",\"isPartOf\":{\"@id\":\"https:\/\/talkpal.ai\/hr\/#website\"},\"primaryImageOfPage\":{\"@id\":\"https:\/\/talkpal.ai\/hr\/slovenska-gramatika\/#primaryimage\"},\"image\":{\"@id\":\"https:\/\/talkpal.ai\/hr\/slovenska-gramatika\/#primaryimage\"},\"thumbnailUrl\":\"https:\/\/talkpal.ai\/wp-content\/uploads\/2023\/05\/slovenia.png\",\"datePublished\":\"2023-05-14T14:20:10+00:00\",\"dateModified\":\"2025-12-12T11:08:26+00:00\",\"description\":\"Istra\u017eite zamr\u0161enosti slovena\u010dke gramatike za bolje jezi\u010dne vje\u0161tine i razumijevanje. Savladajte gramatiku ve\u0107 danas.\",\"breadcrumb\":{\"@id\":\"https:\/\/talkpal.ai\/hr\/slovenska-gramatika\/#breadcrumb\"},\"inLanguage\":\"hr\",\"potentialAction\":[{\"@type\":\"ReadAction\",\"target\":[\"https:\/\/talkpal.ai\/hr\/slovenska-gramatika\/\"]}]},{\"@type\":\"ImageObject\",\"inLanguage\":\"hr\",\"@id\":\"https:\/\/talkpal.ai\/hr\/slovenska-gramatika\/#primaryimage\",\"url\":\"https:\/\/talkpal.ai\/wp-content\/uploads\/2023\/05\/slovenia.png\",\"contentUrl\":\"https:\/\/talkpal.ai\/wp-content\/uploads\/2023\/05\/slovenia.png\",\"width\":512,\"height\":512},{\"@type\":\"BreadcrumbList\",\"@id\":\"https:\/\/talkpal.ai\/hr\/slovenska-gramatika\/#breadcrumb\",\"itemListElement\":[{\"@type\":\"ListItem\",\"position\":1,\"name\":\"Homepage\",\"item\":\"https:\/\/talkpal.ai\/hr\/\"},{\"@type\":\"ListItem\",\"position\":2,\"name\":\"Slovenska gramatika\"}]},{\"@type\":\"WebSite\",\"@id\":\"https:\/\/talkpal.ai\/hr\/#website\",\"url\":\"https:\/\/talkpal.ai\/hr\/\",\"name\":\"Talkpal\",\"description\":\"AI Language Learning\",\"publisher\":{\"@id\":\"https:\/\/talkpal.ai\/hr\/#organization\"},\"alternateName\":\"Talkpal AI\",\"potentialAction\":[{\"@type\":\"SearchAction\",\"target\":{\"@type\":\"EntryPoint\",\"urlTemplate\":\"https:\/\/talkpal.ai\/hr\/?s={search_term_string}\"},\"query-input\":{\"@type\":\"PropertyValueSpecification\",\"valueRequired\":true,\"valueName\":\"search_term_string\"}}],\"inLanguage\":\"hr\"},{\"@type\":\"Organization\",\"@id\":\"https:\/\/talkpal.ai\/hr\/#organization\",\"name\":\"Talkpal, Inc.\",\"alternateName\":\"Talkpal AI\",\"url\":\"https:\/\/talkpal.ai\/hr\/\",\"logo\":{\"@type\":\"ImageObject\",\"inLanguage\":\"hr\",\"@id\":\"https:\/\/talkpal.ai\/hr\/#\/schema\/logo\/image\/\",\"url\":\"https:\/\/talkpal.ai\/wp-content\/uploads\/2024\/03\/Talkpal-Logo-Icon.png\",\"contentUrl\":\"https:\/\/talkpal.ai\/wp-content\/uploads\/2024\/03\/Talkpal-Logo-Icon.png\",\"width\":2880,\"height\":2880,\"caption\":\"Talkpal, Inc.\"},\"image\":{\"@id\":\"https:\/\/talkpal.ai\/hr\/#\/schema\/logo\/image\/\"},\"sameAs\":[\"https:\/\/www.facebook.com\/profile.php?id=100090733639311\",\"https:\/\/x.com\/talkpalai\",\"https:\/\/www.linkedin.com\/company\/talkpal\/\",\"https:\/\/www.youtube.com\/@TalkPal\/\",\"https:\/\/www.tiktok.com\/@talkpal\",\"https:\/\/www.instagram.com\/talkpal_ai\/\",\"https:\/\/www.crunchbase.com\/organization\/talkpal-9cde\",\"https:\/\/www.g2.com\/products\/talkpal-for-business\/\",\"https:\/\/www.trustpilot.com\/review\/talkpal.ai\",\"https:\/\/www.capterra.com\/p\/10006800\/TalkPal\/\"],\"description\":\"Talkpal is a language learning web and mobile education app, powered by the latest AI technologies, that provides engaging experiences to its customers in many different languages to help them improve their language skills. Users can chat about unlimited amount of topics with the app and use other modes to practice their language learning.\",\"email\":\"support@talkpal.ai\",\"legalName\":\"Talkpal, Inc.\",\"foundingDate\":\"2023-04-03\",\"duns\":\"118989042\",\"numberOfEmployees\":{\"@type\":\"QuantitativeValue\",\"minValue\":\"11\",\"maxValue\":\"50\"},\"publishingPrinciples\":\"https:\/\/talkpal.ai\/publishing-principles\/\",\"actionableFeedbackPolicy\":\"https:\/\/talkpal.ai\/actionable-feedback-policy\/\",\"correctionsPolicy\":\"https:\/\/talkpal.ai\/corrections-policy\/\",\"ethicsPolicy\":\"https:\/\/talkpal.ai\/ethics-policy\/\",\"diversityPolicy\":\"https:\/\/talkpal.ai\/diversity-policy\/\",\"diversityStaffingReport\":\"https:\/\/talkpal.ai\/diversity-policy\/\"}]}<\/script>\n<!-- \/ Yoast SEO Premium plugin. -->","yoast_head_json":{"title":"Slovenska gramatika - Talkpal","description":"Istra\u017eite zamr\u0161enosti slovena\u010dke gramatike za bolje jezi\u010dne vje\u0161tine i razumijevanje. Savladajte gramatiku ve\u0107 danas.","robots":{"index":"index","follow":"follow","max-snippet":"max-snippet:-1","max-image-preview":"max-image-preview:large","max-video-preview":"max-video-preview:-1"},"canonical":"https:\/\/talkpal.ai\/hr\/slovenska-gramatika\/","og_locale":"hr_HR","og_type":"article","og_title":"Slovenska gramatika","og_description":"Slovenska gramatika: kratki uvod za ljubitelje jezika Jeste li spremni zaroniti u o\u010daravaju\u0107i svijet slovenskog, zapanjuju\u0107i slavenski jezik? \u010ceka vas","og_url":"https:\/\/talkpal.ai\/hr\/slovenska-gramatika\/","og_site_name":"Talkpal","article_publisher":"https:\/\/www.facebook.com\/profile.php?id=100090733639311","article_modified_time":"2025-12-12T11:08:26+00:00","og_image":[{"width":512,"height":512,"url":"https:\/\/talkpal.ai\/wp-content\/uploads\/2023\/05\/slovenia.png","type":"image\/png"}],"twitter_card":"summary_large_image","twitter_site":"@talkpalai","twitter_misc":{"Procijenjeno vrijeme \u010ditanja":"3 minute"},"schema":{"@context":"https:\/\/schema.org","@graph":[{"@type":"WebPage","@id":"https:\/\/talkpal.ai\/hr\/slovenska-gramatika\/","url":"https:\/\/talkpal.ai\/hr\/slovenska-gramatika\/","name":"Slovenska gramatika - Talkpal","isPartOf":{"@id":"https:\/\/talkpal.ai\/hr\/#website"},"primaryImageOfPage":{"@id":"https:\/\/talkpal.ai\/hr\/slovenska-gramatika\/#primaryimage"},"image":{"@id":"https:\/\/talkpal.ai\/hr\/slovenska-gramatika\/#primaryimage"},"thumbnailUrl":"https:\/\/talkpal.ai\/wp-content\/uploads\/2023\/05\/slovenia.png","datePublished":"2023-05-14T14:20:10+00:00","dateModified":"2025-12-12T11:08:26+00:00","description":"Istra\u017eite zamr\u0161enosti slovena\u010dke gramatike za bolje jezi\u010dne vje\u0161tine i razumijevanje. Savladajte gramatiku ve\u0107 danas.","breadcrumb":{"@id":"https:\/\/talkpal.ai\/hr\/slovenska-gramatika\/#breadcrumb"},"inLanguage":"hr","potentialAction":[{"@type":"ReadAction","target":["https:\/\/talkpal.ai\/hr\/slovenska-gramatika\/"]}]},{"@type":"ImageObject","inLanguage":"hr","@id":"https:\/\/talkpal.ai\/hr\/slovenska-gramatika\/#primaryimage","url":"https:\/\/talkpal.ai\/wp-content\/uploads\/2023\/05\/slovenia.png","contentUrl":"https:\/\/talkpal.ai\/wp-content\/uploads\/2023\/05\/slovenia.png","width":512,"height":512},{"@type":"BreadcrumbList","@id":"https:\/\/talkpal.ai\/hr\/slovenska-gramatika\/#breadcrumb","itemListElement":[{"@type":"ListItem","position":1,"name":"Homepage","item":"https:\/\/talkpal.ai\/hr\/"},{"@type":"ListItem","position":2,"name":"Slovenska gramatika"}]},{"@type":"WebSite","@id":"https:\/\/talkpal.ai\/hr\/#website","url":"https:\/\/talkpal.ai\/hr\/","name":"Talkpal","description":"AI Language Learning","publisher":{"@id":"https:\/\/talkpal.ai\/hr\/#organization"},"alternateName":"Talkpal AI","potentialAction":[{"@type":"SearchAction","target":{"@type":"EntryPoint","urlTemplate":"https:\/\/talkpal.ai\/hr\/?s={search_term_string}"},"query-input":{"@type":"PropertyValueSpecification","valueRequired":true,"valueName":"search_term_string"}}],"inLanguage":"hr"},{"@type":"Organization","@id":"https:\/\/talkpal.ai\/hr\/#organization","name":"Talkpal, Inc.","alternateName":"Talkpal AI","url":"https:\/\/talkpal.ai\/hr\/","logo":{"@type":"ImageObject","inLanguage":"hr","@id":"https:\/\/talkpal.ai\/hr\/#\/schema\/logo\/image\/","url":"https:\/\/talkpal.ai\/wp-content\/uploads\/2024\/03\/Talkpal-Logo-Icon.png","contentUrl":"https:\/\/talkpal.ai\/wp-content\/uploads\/2024\/03\/Talkpal-Logo-Icon.png","width":2880,"height":2880,"caption":"Talkpal, Inc."},"image":{"@id":"https:\/\/talkpal.ai\/hr\/#\/schema\/logo\/image\/"},"sameAs":["https:\/\/www.facebook.com\/profile.php?id=100090733639311","https:\/\/x.com\/talkpalai","https:\/\/www.linkedin.com\/company\/talkpal\/","https:\/\/www.youtube.com\/@TalkPal\/","https:\/\/www.tiktok.com\/@talkpal","https:\/\/www.instagram.com\/talkpal_ai\/","https:\/\/www.crunchbase.com\/organization\/talkpal-9cde","https:\/\/www.g2.com\/products\/talkpal-for-business\/","https:\/\/www.trustpilot.com\/review\/talkpal.ai","https:\/\/www.capterra.com\/p\/10006800\/TalkPal\/"],"description":"Talkpal is a language learning web and mobile education app, powered by the latest AI technologies, that provides engaging experiences to its customers in many different languages to help them improve their language skills. Users can chat about unlimited amount of topics with the app and use other modes to practice their language learning.","email":"support@talkpal.ai","legalName":"Talkpal, Inc.","foundingDate":"2023-04-03","duns":"118989042","numberOfEmployees":{"@type":"QuantitativeValue","minValue":"11","maxValue":"50"},"publishingPrinciples":"https:\/\/talkpal.ai\/publishing-principles\/","actionableFeedbackPolicy":"https:\/\/talkpal.ai\/actionable-feedback-policy\/","correctionsPolicy":"https:\/\/talkpal.ai\/corrections-policy\/","ethicsPolicy":"https:\/\/talkpal.ai\/ethics-policy\/","diversityPolicy":"https:\/\/talkpal.ai\/diversity-policy\/","diversityStaffingReport":"https:\/\/talkpal.ai\/diversity-policy\/"}]}},"_links":{"self":[{"href":"https:\/\/talkpal.ai\/hr\/wp-json\/wp\/v2\/pages\/151115","targetHints":{"allow":["GET"]}}],"collection":[{"href":"https:\/\/talkpal.ai\/hr\/wp-json\/wp\/v2\/pages"}],"about":[{"href":"https:\/\/talkpal.ai\/hr\/wp-json\/wp\/v2\/types\/page"}],"author":[{"embeddable":true,"href":"https:\/\/talkpal.ai\/hr\/wp-json\/wp\/v2\/users\/1"}],"replies":[{"embeddable":true,"href":"https:\/\/talkpal.ai\/hr\/wp-json\/wp\/v2\/comments?post=151115"}],"version-history":[{"count":0,"href":"https:\/\/talkpal.ai\/hr\/wp-json\/wp\/v2\/pages\/151115\/revisions"}],"wp:featuredmedia":[{"embeddable":true,"href":"https:\/\/talkpal.ai\/hr\/wp-json\/wp\/v2\/media\/119698"}],"wp:attachment":[{"href":"https:\/\/talkpal.ai\/hr\/wp-json\/wp\/v2\/media?parent=151115"}],"curies":[{"name":"wp","href":"https:\/\/api.w.org\/{rel}","templated":true}]}}