{"id":150219,"date":"2023-05-14T14:19:49","date_gmt":"2023-05-14T14:19:49","guid":{"rendered":"http:\/\/talkpal.ai\/slovacka-gramatika\/"},"modified":"2025-12-12T11:12:42","modified_gmt":"2025-12-12T11:12:42","slug":"slovacka-gramatika","status":"publish","type":"page","link":"https:\/\/talkpal.ai\/hr\/slovacka-gramatika\/","title":{"rendered":"Slova\u010dka gramatika"},"content":{"rendered":"\r\n\r\n\r\n<section class=\"languageChallengeSection\">\r\n    <div class=\"languageInfoWrapper\">\r\n        \r\n        <h1>Slova\u010dka gramatika<\/h1>\r\n        <p>Otkrijte ljepotu slova\u010dkog jezika u\u010de\u0107i njegova osnovna gramati\u010dka pravila. Razumijevanje slova\u010dke gramatike pomo\u0107i \u0107e vam da komunicirate s povjerenjem i dublje se pove\u017eete s bogatim slova\u010dkim tradicijama. Zapo\u010dnite svoje putovanje ve\u0107 danas i napravite prvi korak prema savladavanju slova\u010dkog!\n\n<\/p>\r\n\r\n                            <a class=\"getStartedHidden\" href=\"https:\/\/app.talkpal.ai\/hr\/signup?lng=\">Zapo\u010dni<\/a>\r\n        \r\n    <\/div>\r\n\r\n    <figure>\r\n    <img decoding=\"async\" width=\"768\" height=\"768\" src=\"https:\/\/talkpal.ai\/wp-content\/uploads\/2023\/06\/slovak-768x768.png\" class=\"languageImage no-lazy\" alt=\"Language learning for cross-cultural competence\" fetchpriority=\"high\" sizes=\"(max-width: 768px) 150px, 768px\" srcset=\"https:\/\/talkpal.ai\/wp-content\/uploads\/2023\/06\/slovak-768x768.png 768w, https:\/\/talkpal.ai\/wp-content\/uploads\/2023\/06\/slovak-300x300.png 300w\" \/>\r\n    \r\n\r\n    <\/figure>\r\n\r\n            <a class=\"getStartedVisible\" href=\"https:\/\/app.talkpal.ai\/hr\/signup?lng=\">Zapo\u010dni<\/a>\r\n    \r\n<\/section>\r\n<section class=\"promotionalBanner\">\r\n    <p class=\"promotionalText\">Naju\u010dinkovitiji na\u010din u\u010denja jezika<\/p>\r\n    <a class=\"promotionalLink\" href=\"https:\/\/app.talkpal.ai\/hr\/signup?lng=\">Isprobajte Talkpal besplatno<\/a>\r\n<\/section>\n<div class=\"wp-block-group pageContainerStyle\"><div class=\"wp-block-group__inner-container is-layout-constrained wp-block-group-is-layout-constrained\">\n<h2 class=\"wp-block-heading\" id=\"h-slovak-grammar-the-key-to-unlocking-a-beautiful-language\">Slova\u010dka gramatika: klju\u010d za otklju\u010davanje prekrasnog jezika<\/h2>\n\n\n\n<p>Planirate li nau\u010diti <a href=\"https:\/\/talkpal.ai\/learn-slovak\/\">slova\u010dki<\/a> ili vas samo zanima njegova jedinstvena <a href=\"https:\/\/talkpal.ai\/sq\/gramatika\/\">gramatika<\/a>? Na pravom ste mjestu! <a href=\"https:\/\/talkpal.ai\/slovak-grammar\/\">Slova\u010dka gramatika<\/a> mo\u017ee djelovati zastra\u0161uju\u0107e na prvi pogled, ali ne brinite \u2013 zapravo je prili\u010dno logi\u010dna i upravljiva. U ovom \u0107emo \u010dlanku istra\u017eiti sitnice slova\u010dke gramatike kako bismo vam pomogli da bolje razumijete i cijenite njezinu ljepotu.<\/p>\n\n\n\n<p>Prvo, po\u010dnimo s malom pozadinom. <a href=\"https:\/\/talkpal.ai\/learn-slovak\/\">Slova\u010dki<\/a> je zapadnoslavenski jezik koji se govori prvenstveno u Slova\u010dkoj, ali govornike mo\u017eete prona\u0107i i u okolnim zemljama. Kao slavenski jezik dijeli mnoge sli\u010dnosti s drugim jezicima u regiji, poput \u010de\u0161kog i poljskog. Me\u0111utim, ima svoja razli\u010dita gramati\u010dka pravila i obrasce kori\u0161tenja koji ga izdvajaju.<\/p>\n\n\n\n<p>Sada zaronimo u neke od najva\u017enijih aspekata slova\u010dke gramatike.<\/p>\n\n\n\n<h3 class=\"wp-block-heading\" id=\"h-1-nouns-and-their-cases\">1. Imenice i njihovi slu\u010dajevi<\/h3>\n\n\n\n<p>Jedna od najupe\u010datljivijih zna\u010dajki slova\u010dke gramatike je njezin slo\u017eeni sustav slu\u010dajeva. Ako poznajete <a href=\"https:\/\/talkpal.ai\/learn-german\/\">njema\u010dki<\/a> ili <a href=\"https:\/\/talkpal.ai\/learn-russian\/\">ruski<\/a>, znat \u0107ete o \u010demu govorimo: slova\u010dke imenice mijenjaju oblik ovisno o funkciji u re\u010denici. Sa sedam pade\u017ea (nominativ, genitiv, dativ, akuzativ, lokativ, instrumental i vokativ), ovo bi vam se na prvu moglo u\u010diniti neodoljivim, ali nemojte odustati! Jednom kada ste se sna\u0161li u tome, nevjerojatno je logi\u010dno, pa \u010dak i zabavno.<\/p>\n\n\n\n<p>Uzmimo za primjer imenicu \u201cchlapec\u201d (dje\u010dak). Mo\u017ee se promijeniti u &#8220;chlapca&#8221;, &#8220;chlapcovi&#8221;, &#8220;chlapcom&#8221; i tako dalje, ovisno o tome radi li se o subjektu, objektu ili primatelju radnje. Nastavci tako\u0111er ovise o rodu imenice (mu\u0161ki, \u017eenski ili srednji), \u0161to daje jo\u0161 ve\u0107u raznolikost jeziku.<\/p>\n\n\n\n<h3 class=\"wp-block-heading\" id=\"h-2-verb-conjugation-and-tenses\">2. Konjugacija glagola i vremena<\/h3>\n\n\n\n<p>Slova\u010dki glagoli mijenjaju svoje zavr\u0161etke na temelju osobe i broja (jednine ili mno\u017eine) subjekta. Na primjer, glagol \u201cvidie\u0165\u201d (vidjeti) mo\u017ee postati \u201cvid\u00edm\u201d (vidim), \u201cvid\u00ed\u0161\u201d (vidi\u0161), \u201cvidia\u201d (oni vide) i drugi.<\/p>\n\n\n\n<p>Slova\u010dki ima tri glavna vremena: pro\u0161lo, sada\u0161nje i budu\u0107e. Zanimljivo je da, za razliku od engleskog, slova\u010dki obi\u010dno ne koristi pomo\u0107ne glagole za formiranje tih vremena. Umjesto toga, oni se formiraju promjenom glagolskih zavr\u0161etaka. Na primjer, &#8220;vidim&#8221; je &#8220;vid\u00edm&#8221;, &#8220;vidio sam&#8221; je &#8220;videl som&#8221;, a &#8220;vidjet \u0107u&#8221; je &#8220;uvid\u00edm&#8221;.<\/p>\n\n\n\n<h3 class=\"wp-block-heading\" id=\"h-3-sentence-structure-and-word-order\">3. Struktura re\u010denice i redoslijed rije\u010di<\/h3>\n\n\n\n<p>Slova\u010dki ima relativno fleksibilan redoslijed rije\u010di, zahvaljuju\u0107i imeni\u010dkom ku\u0107i\u0161tu i sustavu konjugacije glagola. To zna\u010di da, za razliku od engleskog, mo\u017eete staviti rije\u010di na razli\u010dite pozicije unutar re\u010denice bez promjene njenog zna\u010denja &#8211; na primjer, &#8220;chlapec vid\u00ed psa&#8221; (dje\u010dak vidi psa) tako\u0111er mo\u017ee biti &#8220;psa vid\u00ed chlapec&#8221; i jo\u0161 uvijek imati isto zna\u010denje.<\/p>\n\n\n\n<p>Me\u0111utim, naj\u010de\u0161\u0107i redoslijed rije\u010di na slova\u010dkom jeziku je subjekt-glagol-objekt ili SVO. Ovo je sli\u010dno engleskom i odli\u010dna je polazna to\u010dka za u\u010denike. Kako vam je ugodnije s jezikom, mo\u017eete eksperimentirati s razli\u010ditim redoslijedima rije\u010di kako biste dodali naglasak ili nijansu svojim re\u010denicama.<\/p>\n\n\n\n<h3 class=\"wp-block-heading\" id=\"h-4-adjectives-and-adverbs\">4. Pridjevi i prilozi<\/h3>\n\n\n\n<p>Ba\u0161 kao i na mnogim drugim jezicima, pridjevi i prilozi na slova\u010dkom koriste se za opisivanje imenica i glagola. Me\u0111utim, oni tako\u0111er dolaze s vlastitim slu\u010dajem i pravilima o rodnom sporazumu, \u0161to mo\u017ee malo zakomplicirati stvari. Sre\u0107om, nakon \u0161to ovladate imeni\u010dkim slu\u010dajevima i konjugacijama glagola, ta \u0107e pravila do\u0107i prirodnije.<\/p>\n\n\n\n<p>Dakle, jeste li spremni uhvatiti se u ko\u0161tac sa slova\u010dkom gramatikom? Uz pravi na\u010din razmi\u0161ljanja i resurse, u\u010denje slova\u010dkog je korisno iskustvo koje mo\u017ee otvoriti vrata bogatoj kulturi i prekrasnoj zemlji. Idite korak po korak, vje\u017ebajte redovito i ne bojte se pogrije\u0161iti \u2013 na kraju krajeva, tako svi u\u010dimo. Ve\u013ea \u0161\u0165astia! (Sretno!)<\/p>\n<\/div><\/div>\n\r\n<section class=\"learnNavigationSection\">\r\n            \r\n        <a href=\"https:\/\/talkpal.ai\/hr\/ucenje-slovackog-jezika\/\">\r\n            <div class=\"learnNavigationWrapper\">\r\n                <div class=\"learnNavigationContent\">\r\n                    <img decoding=\"async\" src=\"https:\/\/talkpal.ai\/wp-content\/uploads\/2024\/08\/Slovak.jpg\" alt=\"Slovak Flag\">\r\n                    <div>\r\n                        <h4>O u\u010denju slova\u010dkog<\/h4>\r\n                        <p>Saznajte sve o slova\u010dkoj gramatici.<\/p>\r\n                    <\/div>\r\n                <\/div>\r\n            <\/div>\r\n        <\/a>\r\n\r\n        \r\n        <a href=\"https:\/\/talkpal.ai\/hr\/slovacke-gramaticke-vjezbe\/\">\r\n            <div class=\"learnNavigationWrapper\">\r\n                <div class=\"learnNavigationContent\">\r\n                    <img decoding=\"async\" src=\"https:\/\/talkpal.ai\/wp-content\/uploads\/2024\/08\/Slovak.jpg\" alt=\"Slovak Flag\">\r\n                    <div>\r\n                        <h4>Vje\u017eba slova\u010dke gramatike<\/h4>\r\n                        <p>Vje\u017ebajte slova\u010dku gramatiku.<\/p>\r\n                    <\/div>\r\n                <\/div>\r\n            <\/div>\r\n        <\/a>\r\n\r\n        \r\n        <a href=\"https:\/\/talkpal.ai\/vocabulary_language\/slovak\/\">\r\n            <div class=\"learnNavigationWrapper\">\r\n                <div class=\"learnNavigationContent\">\r\n                    <img decoding=\"async\" src=\"https:\/\/talkpal.ai\/wp-content\/uploads\/2024\/08\/Slovak.jpg\" alt=\"Slovak Flag\">\r\n                    <div>\r\n                        <h4>Slova\u010dki rje\u010dnik<\/h4>\r\n                        <p>Pro\u0161irite svoj slova\u010dki vokabular.<\/p>\r\n                    <\/div>\r\n                <\/div>\r\n            <\/div>\r\n        <\/a>\r\n\r\n            <\/section>","protected":false},"excerpt":{"rendered":"<p>Slova\u010dka gramatika: klju\u010d za otklju\u010davanje prekrasnog jezika Planirate li nau\u010diti slova\u010dki ili vas samo zanima njegova jedinstvena gramatika? Na pravom ste mjestu! Slova\u010dka gramatika mo\u017ee djelovati zastra\u0161uju\u0107e na prvi pogled, ali ne brinite \u2013 zapravo je prili\u010dno logi\u010dna i upravljiva. U ovom \u0107emo \u010dlanku istra\u017eiti sitnice slova\u010dke gramatike kako bismo vam pomogli da bolje razumijete [&hellip;]<\/p>\n","protected":false},"author":1,"featured_media":118988,"parent":0,"menu_order":0,"comment_status":"closed","ping_status":"closed","template":"LearningContentPage.php","meta":{"_acf_changed":false,"footnotes":""},"class_list":["post-150219","page","type-page","status-publish","has-post-thumbnail","hentry"],"acf":[],"yoast_head":"<!-- This site is optimized with the Yoast SEO Premium plugin v27.2 (Yoast SEO v27.2) - https:\/\/yoast.com\/product\/yoast-seo-premium-wordpress\/ -->\n<title>Slova\u010dka gramatika - Talkpal<\/title>\n<meta name=\"description\" content=\"Savladajte slova\u010dku gramatiku uz jasna obja\u0161njenja, prakti\u010dne primjere i interaktivne vje\u017ebe. Unaprijedite svoje vje\u0161tine!\" \/>\n<meta name=\"robots\" content=\"index, follow, max-snippet:-1, max-image-preview:large, max-video-preview:-1\" \/>\n<link rel=\"canonical\" href=\"https:\/\/talkpal.ai\/hr\/slovacka-gramatika\/\" \/>\n<meta property=\"og:locale\" content=\"hr_HR\" \/>\n<meta property=\"og:type\" content=\"article\" \/>\n<meta property=\"og:title\" content=\"Slova\u010dka gramatika\" \/>\n<meta property=\"og:description\" content=\"Slova\u010dka gramatika: klju\u010d za otklju\u010davanje prekrasnog jezika Planirate li nau\u010diti slova\u010dki ili vas samo zanima njegova jedinstvena gramatika? Na pravom\" \/>\n<meta property=\"og:url\" content=\"https:\/\/talkpal.ai\/hr\/slovacka-gramatika\/\" \/>\n<meta property=\"og:site_name\" content=\"Talkpal\" \/>\n<meta property=\"article:publisher\" content=\"https:\/\/www.facebook.com\/profile.php?id=100090733639311\" \/>\n<meta property=\"article:modified_time\" content=\"2025-12-12T11:12:42+00:00\" \/>\n<meta property=\"og:image\" content=\"https:\/\/talkpal.ai\/wp-content\/uploads\/2023\/05\/slovakia.png\" \/>\n\t<meta property=\"og:image:width\" content=\"512\" \/>\n\t<meta property=\"og:image:height\" content=\"512\" \/>\n\t<meta property=\"og:image:type\" content=\"image\/png\" \/>\n<meta name=\"twitter:card\" content=\"summary_large_image\" \/>\n<meta name=\"twitter:site\" content=\"@talkpalai\" \/>\n<meta name=\"twitter:label1\" content=\"Procijenjeno vrijeme \u010ditanja\" \/>\n\t<meta name=\"twitter:data1\" content=\"3 minute\" \/>\n<script type=\"application\/ld+json\" class=\"yoast-schema-graph\">{\"@context\":\"https:\/\/schema.org\",\"@graph\":[{\"@type\":\"WebPage\",\"@id\":\"https:\/\/talkpal.ai\/hr\/slovacka-gramatika\/\",\"url\":\"https:\/\/talkpal.ai\/hr\/slovacka-gramatika\/\",\"name\":\"Slova\u010dka gramatika - Talkpal\",\"isPartOf\":{\"@id\":\"https:\/\/talkpal.ai\/hr\/#website\"},\"primaryImageOfPage\":{\"@id\":\"https:\/\/talkpal.ai\/hr\/slovacka-gramatika\/#primaryimage\"},\"image\":{\"@id\":\"https:\/\/talkpal.ai\/hr\/slovacka-gramatika\/#primaryimage\"},\"thumbnailUrl\":\"https:\/\/talkpal.ai\/wp-content\/uploads\/2023\/05\/slovakia.png\",\"datePublished\":\"2023-05-14T14:19:49+00:00\",\"dateModified\":\"2025-12-12T11:12:42+00:00\",\"description\":\"Savladajte slova\u010dku gramatiku uz jasna obja\u0161njenja, prakti\u010dne primjere i interaktivne vje\u017ebe. Unaprijedite svoje vje\u0161tine!\",\"breadcrumb\":{\"@id\":\"https:\/\/talkpal.ai\/hr\/slovacka-gramatika\/#breadcrumb\"},\"inLanguage\":\"hr\",\"potentialAction\":[{\"@type\":\"ReadAction\",\"target\":[\"https:\/\/talkpal.ai\/hr\/slovacka-gramatika\/\"]}]},{\"@type\":\"ImageObject\",\"inLanguage\":\"hr\",\"@id\":\"https:\/\/talkpal.ai\/hr\/slovacka-gramatika\/#primaryimage\",\"url\":\"https:\/\/talkpal.ai\/wp-content\/uploads\/2023\/05\/slovakia.png\",\"contentUrl\":\"https:\/\/talkpal.ai\/wp-content\/uploads\/2023\/05\/slovakia.png\",\"width\":512,\"height\":512},{\"@type\":\"BreadcrumbList\",\"@id\":\"https:\/\/talkpal.ai\/hr\/slovacka-gramatika\/#breadcrumb\",\"itemListElement\":[{\"@type\":\"ListItem\",\"position\":1,\"name\":\"Homepage\",\"item\":\"https:\/\/talkpal.ai\/hr\/\"},{\"@type\":\"ListItem\",\"position\":2,\"name\":\"Slova\u010dka gramatika\"}]},{\"@type\":\"WebSite\",\"@id\":\"https:\/\/talkpal.ai\/hr\/#website\",\"url\":\"https:\/\/talkpal.ai\/hr\/\",\"name\":\"Talkpal\",\"description\":\"AI Language Learning\",\"publisher\":{\"@id\":\"https:\/\/talkpal.ai\/hr\/#organization\"},\"alternateName\":\"Talkpal AI\",\"potentialAction\":[{\"@type\":\"SearchAction\",\"target\":{\"@type\":\"EntryPoint\",\"urlTemplate\":\"https:\/\/talkpal.ai\/hr\/?s={search_term_string}\"},\"query-input\":{\"@type\":\"PropertyValueSpecification\",\"valueRequired\":true,\"valueName\":\"search_term_string\"}}],\"inLanguage\":\"hr\"},{\"@type\":\"Organization\",\"@id\":\"https:\/\/talkpal.ai\/hr\/#organization\",\"name\":\"Talkpal, Inc.\",\"alternateName\":\"Talkpal AI\",\"url\":\"https:\/\/talkpal.ai\/hr\/\",\"logo\":{\"@type\":\"ImageObject\",\"inLanguage\":\"hr\",\"@id\":\"https:\/\/talkpal.ai\/hr\/#\/schema\/logo\/image\/\",\"url\":\"https:\/\/talkpal.ai\/wp-content\/uploads\/2024\/03\/Talkpal-Logo-Icon.png\",\"contentUrl\":\"https:\/\/talkpal.ai\/wp-content\/uploads\/2024\/03\/Talkpal-Logo-Icon.png\",\"width\":2880,\"height\":2880,\"caption\":\"Talkpal, Inc.\"},\"image\":{\"@id\":\"https:\/\/talkpal.ai\/hr\/#\/schema\/logo\/image\/\"},\"sameAs\":[\"https:\/\/www.facebook.com\/profile.php?id=100090733639311\",\"https:\/\/x.com\/talkpalai\",\"https:\/\/www.linkedin.com\/company\/talkpal\/\",\"https:\/\/www.youtube.com\/@TalkPal\/\",\"https:\/\/www.tiktok.com\/@talkpal\",\"https:\/\/www.instagram.com\/talkpal_ai\/\",\"https:\/\/www.crunchbase.com\/organization\/talkpal-9cde\",\"https:\/\/www.g2.com\/products\/talkpal-for-business\/\",\"https:\/\/www.trustpilot.com\/review\/talkpal.ai\",\"https:\/\/www.capterra.com\/p\/10006800\/TalkPal\/\"],\"description\":\"Talkpal is a language learning web and mobile education app, powered by the latest AI technologies, that provides engaging experiences to its customers in many different languages to help them improve their language skills. Users can chat about unlimited amount of topics with the app and use other modes to practice their language learning.\",\"email\":\"support@talkpal.ai\",\"legalName\":\"Talkpal, Inc.\",\"foundingDate\":\"2023-04-03\",\"duns\":\"118989042\",\"numberOfEmployees\":{\"@type\":\"QuantitativeValue\",\"minValue\":\"11\",\"maxValue\":\"50\"},\"publishingPrinciples\":\"https:\/\/talkpal.ai\/publishing-principles\/\",\"actionableFeedbackPolicy\":\"https:\/\/talkpal.ai\/actionable-feedback-policy\/\",\"correctionsPolicy\":\"https:\/\/talkpal.ai\/corrections-policy\/\",\"ethicsPolicy\":\"https:\/\/talkpal.ai\/ethics-policy\/\",\"diversityPolicy\":\"https:\/\/talkpal.ai\/diversity-policy\/\",\"diversityStaffingReport\":\"https:\/\/talkpal.ai\/diversity-policy\/\"}]}<\/script>\n<!-- \/ Yoast SEO Premium plugin. -->","yoast_head_json":{"title":"Slova\u010dka gramatika - Talkpal","description":"Savladajte slova\u010dku gramatiku uz jasna obja\u0161njenja, prakti\u010dne primjere i interaktivne vje\u017ebe. Unaprijedite svoje vje\u0161tine!","robots":{"index":"index","follow":"follow","max-snippet":"max-snippet:-1","max-image-preview":"max-image-preview:large","max-video-preview":"max-video-preview:-1"},"canonical":"https:\/\/talkpal.ai\/hr\/slovacka-gramatika\/","og_locale":"hr_HR","og_type":"article","og_title":"Slova\u010dka gramatika","og_description":"Slova\u010dka gramatika: klju\u010d za otklju\u010davanje prekrasnog jezika Planirate li nau\u010diti slova\u010dki ili vas samo zanima njegova jedinstvena gramatika? Na pravom","og_url":"https:\/\/talkpal.ai\/hr\/slovacka-gramatika\/","og_site_name":"Talkpal","article_publisher":"https:\/\/www.facebook.com\/profile.php?id=100090733639311","article_modified_time":"2025-12-12T11:12:42+00:00","og_image":[{"width":512,"height":512,"url":"https:\/\/talkpal.ai\/wp-content\/uploads\/2023\/05\/slovakia.png","type":"image\/png"}],"twitter_card":"summary_large_image","twitter_site":"@talkpalai","twitter_misc":{"Procijenjeno vrijeme \u010ditanja":"3 minute"},"schema":{"@context":"https:\/\/schema.org","@graph":[{"@type":"WebPage","@id":"https:\/\/talkpal.ai\/hr\/slovacka-gramatika\/","url":"https:\/\/talkpal.ai\/hr\/slovacka-gramatika\/","name":"Slova\u010dka gramatika - Talkpal","isPartOf":{"@id":"https:\/\/talkpal.ai\/hr\/#website"},"primaryImageOfPage":{"@id":"https:\/\/talkpal.ai\/hr\/slovacka-gramatika\/#primaryimage"},"image":{"@id":"https:\/\/talkpal.ai\/hr\/slovacka-gramatika\/#primaryimage"},"thumbnailUrl":"https:\/\/talkpal.ai\/wp-content\/uploads\/2023\/05\/slovakia.png","datePublished":"2023-05-14T14:19:49+00:00","dateModified":"2025-12-12T11:12:42+00:00","description":"Savladajte slova\u010dku gramatiku uz jasna obja\u0161njenja, prakti\u010dne primjere i interaktivne vje\u017ebe. Unaprijedite svoje vje\u0161tine!","breadcrumb":{"@id":"https:\/\/talkpal.ai\/hr\/slovacka-gramatika\/#breadcrumb"},"inLanguage":"hr","potentialAction":[{"@type":"ReadAction","target":["https:\/\/talkpal.ai\/hr\/slovacka-gramatika\/"]}]},{"@type":"ImageObject","inLanguage":"hr","@id":"https:\/\/talkpal.ai\/hr\/slovacka-gramatika\/#primaryimage","url":"https:\/\/talkpal.ai\/wp-content\/uploads\/2023\/05\/slovakia.png","contentUrl":"https:\/\/talkpal.ai\/wp-content\/uploads\/2023\/05\/slovakia.png","width":512,"height":512},{"@type":"BreadcrumbList","@id":"https:\/\/talkpal.ai\/hr\/slovacka-gramatika\/#breadcrumb","itemListElement":[{"@type":"ListItem","position":1,"name":"Homepage","item":"https:\/\/talkpal.ai\/hr\/"},{"@type":"ListItem","position":2,"name":"Slova\u010dka gramatika"}]},{"@type":"WebSite","@id":"https:\/\/talkpal.ai\/hr\/#website","url":"https:\/\/talkpal.ai\/hr\/","name":"Talkpal","description":"AI Language Learning","publisher":{"@id":"https:\/\/talkpal.ai\/hr\/#organization"},"alternateName":"Talkpal AI","potentialAction":[{"@type":"SearchAction","target":{"@type":"EntryPoint","urlTemplate":"https:\/\/talkpal.ai\/hr\/?s={search_term_string}"},"query-input":{"@type":"PropertyValueSpecification","valueRequired":true,"valueName":"search_term_string"}}],"inLanguage":"hr"},{"@type":"Organization","@id":"https:\/\/talkpal.ai\/hr\/#organization","name":"Talkpal, Inc.","alternateName":"Talkpal AI","url":"https:\/\/talkpal.ai\/hr\/","logo":{"@type":"ImageObject","inLanguage":"hr","@id":"https:\/\/talkpal.ai\/hr\/#\/schema\/logo\/image\/","url":"https:\/\/talkpal.ai\/wp-content\/uploads\/2024\/03\/Talkpal-Logo-Icon.png","contentUrl":"https:\/\/talkpal.ai\/wp-content\/uploads\/2024\/03\/Talkpal-Logo-Icon.png","width":2880,"height":2880,"caption":"Talkpal, Inc."},"image":{"@id":"https:\/\/talkpal.ai\/hr\/#\/schema\/logo\/image\/"},"sameAs":["https:\/\/www.facebook.com\/profile.php?id=100090733639311","https:\/\/x.com\/talkpalai","https:\/\/www.linkedin.com\/company\/talkpal\/","https:\/\/www.youtube.com\/@TalkPal\/","https:\/\/www.tiktok.com\/@talkpal","https:\/\/www.instagram.com\/talkpal_ai\/","https:\/\/www.crunchbase.com\/organization\/talkpal-9cde","https:\/\/www.g2.com\/products\/talkpal-for-business\/","https:\/\/www.trustpilot.com\/review\/talkpal.ai","https:\/\/www.capterra.com\/p\/10006800\/TalkPal\/"],"description":"Talkpal is a language learning web and mobile education app, powered by the latest AI technologies, that provides engaging experiences to its customers in many different languages to help them improve their language skills. Users can chat about unlimited amount of topics with the app and use other modes to practice their language learning.","email":"support@talkpal.ai","legalName":"Talkpal, Inc.","foundingDate":"2023-04-03","duns":"118989042","numberOfEmployees":{"@type":"QuantitativeValue","minValue":"11","maxValue":"50"},"publishingPrinciples":"https:\/\/talkpal.ai\/publishing-principles\/","actionableFeedbackPolicy":"https:\/\/talkpal.ai\/actionable-feedback-policy\/","correctionsPolicy":"https:\/\/talkpal.ai\/corrections-policy\/","ethicsPolicy":"https:\/\/talkpal.ai\/ethics-policy\/","diversityPolicy":"https:\/\/talkpal.ai\/diversity-policy\/","diversityStaffingReport":"https:\/\/talkpal.ai\/diversity-policy\/"}]}},"_links":{"self":[{"href":"https:\/\/talkpal.ai\/hr\/wp-json\/wp\/v2\/pages\/150219","targetHints":{"allow":["GET"]}}],"collection":[{"href":"https:\/\/talkpal.ai\/hr\/wp-json\/wp\/v2\/pages"}],"about":[{"href":"https:\/\/talkpal.ai\/hr\/wp-json\/wp\/v2\/types\/page"}],"author":[{"embeddable":true,"href":"https:\/\/talkpal.ai\/hr\/wp-json\/wp\/v2\/users\/1"}],"replies":[{"embeddable":true,"href":"https:\/\/talkpal.ai\/hr\/wp-json\/wp\/v2\/comments?post=150219"}],"version-history":[{"count":0,"href":"https:\/\/talkpal.ai\/hr\/wp-json\/wp\/v2\/pages\/150219\/revisions"}],"wp:featuredmedia":[{"embeddable":true,"href":"https:\/\/talkpal.ai\/hr\/wp-json\/wp\/v2\/media\/118988"}],"wp:attachment":[{"href":"https:\/\/talkpal.ai\/hr\/wp-json\/wp\/v2\/media?parent=150219"}],"curies":[{"name":"wp","href":"https:\/\/api.w.org\/{rel}","templated":true}]}}