{"id":149357,"date":"2023-05-14T14:19:07","date_gmt":"2023-05-14T14:19:07","guid":{"rendered":"http:\/\/talkpal.ai\/rumunjska-gramatika\/"},"modified":"2025-12-17T15:35:23","modified_gmt":"2025-12-17T15:35:23","slug":"rumunjska-gramatika","status":"publish","type":"page","link":"https:\/\/talkpal.ai\/hr\/rumunjska-gramatika\/","title":{"rendered":"Rumunjska gramatika"},"content":{"rendered":"\r\n\r\n\r\n<section class=\"languageChallengeSection\">\r\n    <div class=\"languageInfoWrapper\">\r\n        \r\n        <h1>Rumunjska gramatika<\/h1>\r\n        <p>Otkrijte ljepotu rumunjskog jezika u\u010de\u0107i njegova osnovna gramati\u010dka pravila. Savladavanje rumunjske gramatike pomo\u0107i \u0107e vam da samouvjereno komunicirate i pove\u017eete se s bogatom kulturom i povije\u0161\u0107u Rumunjske. Po\u010dnite u\u010diti rumunjsku gramatiku ve\u0107 danas i napravite prvi korak prema te\u010dnosti!<\/p>\r\n\r\n                            <a class=\"getStartedHidden\" href=\"https:\/\/app.talkpal.ai\/hr\/signup?lng=\">Zapo\u010dni<\/a>\r\n        \r\n    <\/div>\r\n\r\n    <figure>\r\n    <img decoding=\"async\" width=\"768\" height=\"768\" src=\"https:\/\/talkpal.ai\/wp-content\/uploads\/2023\/06\/romanian-768x768.png\" class=\"languageImage no-lazy\" alt=\"Language learning for intellectual challenge\" fetchpriority=\"high\" sizes=\"(max-width: 768px) 150px, 768px\" srcset=\"https:\/\/talkpal.ai\/wp-content\/uploads\/2023\/06\/romanian-768x768.png 768w, https:\/\/talkpal.ai\/wp-content\/uploads\/2023\/06\/romanian-300x300.png 300w\" \/>\r\n    \r\n\r\n    <\/figure>\r\n\r\n            <a class=\"getStartedVisible\" href=\"https:\/\/app.talkpal.ai\/hr\/signup?lng=\">Zapo\u010dni<\/a>\r\n    \r\n<\/section>\r\n<section class=\"promotionalBanner\">\r\n    <p class=\"promotionalText\">Naju\u010dinkovitiji na\u010din u\u010denja jezika<\/p>\r\n    <a class=\"promotionalLink\" href=\"https:\/\/app.talkpal.ai\/hr\/signup?lng=\">Isprobajte Talkpal besplatno<\/a>\r\n<\/section>\n<div class=\"wp-block-group pageContainerStyle\"><div class=\"wp-block-group__inner-container is-layout-constrained wp-block-group-is-layout-constrained\">\n<h2 class=\"wp-block-heading\" id=\"h-unraveling-the-mysteries-of-romanian-grammar\">Razotkrivanje misterija rumunjske gramatike<\/h2>\n\n\n\n<p><a href=\"https:\/\/talkpal.ai\/learn-romanian\/\">Rumunjski<\/a>, jedini romanski jezik koji se govori u isto\u010dnoj Europi, nudi jedinstveno i zanimljivo jezi\u010dno putovanje. Rumunjski ima fascinantnu povijest i uzbudljiv gramati\u010dki sustav za istra\u017eivanje. Dakle, bilo da ste poliglot entuzijast ili samo tra\u017eite novu jezi\u010dnu avanturu, zakop\u010dajte se i pripremite se za istra\u017eivanje ljepote rumunjske gramatike!<\/p>\n\n\n\n<h3 class=\"wp-block-heading\" id=\"h-1-the-alphabet-a-familiar-friend-with-a-twist\">1. Abeceda: Poznati prijatelj s preokretom<\/h3>\n\n\n\n<p>Rumunjska abeceda temelji se na latini\u010dnom pismu, koje se sastoji od 31 slova. Sre\u0107om za govornike engleskog jezika, prili\u010dno je sli\u010dan engleskoj abecedi, sa samo nekoliko dodatnih znakova koji predstavljaju odre\u0111ene rumunjske zvukove. Uz malo vje\u017ebe, svladavanje osnova (poput pisanja imena ili \u010ditanja uli\u010dnih znakova) bit \u0107e povjetarac!<\/p>\n\n\n\n<h3 class=\"wp-block-heading\" id=\"h-2-nouns-meet-cases-the-dynamic-duo\">2. Imenice se susre\u0107u sa slu\u010dajevima: Dinami\u010dni dvojac<\/h3>\n\n\n\n<p>Rumunjske imenice spadaju u tri spola (mu\u0161ki, \u017eenski i kastrirani), a mijenjaju oblik ovisno o gramati\u010dkom slu\u010daju (nominativni, genitivni, dativni, akuzativni ili vokativni). Iako se to u po\u010detku mo\u017ee \u010diniti zastra\u0161uju\u0107im, ovaj sustav daje rumunjskom bogatstvu koje omogu\u0107uje nijanse i kreativnost u sastavljanju re\u010denica, \u010dine\u0107i va\u0161e jezi\u010dno putovanje jo\u0161 korisnijim.<\/p>\n\n\n\n<h3 class=\"wp-block-heading\" id=\"h-3-verbs-conjugating-your-way-to-success\">3. Glagoli: Konjugiranje va\u0161eg puta do uspjeha<\/h3>\n\n\n\n<p>Konjugacija rumunjskog glagola, iako ne\u0161to izravnija od deklinacije imenica, jo\u0161 uvijek je vi\u0161estruki proces. Glagoli mijenjaju oblik ovisno o vremenu, raspolo\u017eenju, glasu te licu i broju subjekta. Poput fino pode\u0161enog instrumenta, rumunjski glagoli mogu prenijeti \u0161irok raspon akcija, emocija i namjera, omogu\u0107uju\u0107i precizno i pjesni\u010dko izra\u017eavanje.<\/p>\n\n\n\n<h3 class=\"wp-block-heading\" id=\"h-4-flexible-word-order-shuffle-the-sentences\">4. Fleksibilan redoslijed rije\u010di: Promije\u0161ajte re\u010denice<\/h3>\n\n\n\n<p>Rumunjski je prili\u010dno fleksibilan kada je rije\u010d o redoslijedu rije\u010di, omogu\u0107uju\u0107i vam da rasporedite predmete, glagole i predmete na razli\u010dite na\u010dine bez ugro\u017eavanja zna\u010denja. Ova fleksibilnost mo\u017ee dodati naglasak, stvoriti kontraste ili jednostavno u\u010diniti govor zanimljivijim. Kako postajete vje\u0161tiji u rumunjskom, zabavljat \u0107ete se eksperimentiraju\u0107i s razli\u010ditim na\u010dinima da ka\u017eete istu stvar, pronalaze\u0107i savr\u0161en ton za svaku situaciju.<\/p>\n\n\n\n<h3 class=\"wp-block-heading\" id=\"h-5-wading-deeper-language-through-culture\">5. Dublje gazi: jezik kroz kulturu<\/h3>\n\n\n\n<p>Da biste istinski cijenili rumunjski, morate zaroniti dublje u kulturu, povijest i na\u010din razmi\u0161ljanja koji su oblikovali jezik. Sura\u0111ujte s izvornim govornicima, istra\u017eite rumunjsku knji\u017eevnost i uronite u lokalne obi\u010daje i tradiciju. \u010cine\u0107i to, ne samo da \u0107ete pobolj\u0161ati svoje znanje jezika, ve\u0107 \u0107ete i otkriti vi\u0161estruku ljepotu rumunjske kulture.<\/p>\n\n\n\n<h3 class=\"wp-block-heading\" id=\"h-in-conclusion-embrace-the-magic-of-romanian-grammar\">U zaklju\u010dku: Prigrlite \u010daroliju rumunjske gramatike<\/h3>\n\n\n\n<p><a href=\"https:\/\/talkpal.ai\/romanian-grammar\/\">Rumunjska gramatika<\/a> mogla bi se isprva \u010diniti kao enigma, ali s vremenom, strpljenjem i velikim zanimanjem za jezik otkrit \u0107ete tajne ovog izvanrednog jezi\u010dnog blaga. Dakle, za\u0161to \u010dekati? <a href=\"https:\/\/talkpal.ai\/ko\/ai-%ec%96%b8%ec%96%b4-%ea%b5%90%ec%82%ac\/\">Zapo\u010dnite<\/a> svoje putovanje rumunjskim jezikom ve\u0107 danas i u\u017eivajte u ljepoti njezine gramatike, kulture i zadivljuju\u0107eg svijeta koji vam otvara.<\/p>\n<\/div><\/div>\n\r\n<section class=\"learnNavigationSection\">\r\n            \r\n        <a href=\"https:\/\/talkpal.ai\/hr\/ucenje-rumunjskog-jezika\/\">\r\n            <div class=\"learnNavigationWrapper\">\r\n                <div class=\"learnNavigationContent\">\r\n                    <img decoding=\"async\" src=\"https:\/\/talkpal.ai\/wp-content\/uploads\/2024\/08\/Romanian.jpg\" alt=\"Romanian Flag\">\r\n                    <div>\r\n                        <h4>O u\u010denju rumunjskog<\/h4>\r\n                        <p>Saznajte sve o rumunjskoj gramatici.<\/p>\r\n                    <\/div>\r\n                <\/div>\r\n            <\/div>\r\n        <\/a>\r\n\r\n        \r\n        <a href=\"https:\/\/talkpal.ai\/hr\/rumunjske-gramaticke-vjezbe\/\">\r\n            <div class=\"learnNavigationWrapper\">\r\n                <div class=\"learnNavigationContent\">\r\n                    <img decoding=\"async\" src=\"https:\/\/talkpal.ai\/wp-content\/uploads\/2024\/08\/Romanian.jpg\" alt=\"Romanian Flag\">\r\n                    <div>\r\n                        <h4>Vje\u017eba iz rumunjske gramatike<\/h4>\r\n                        <p>Vje\u017ebajte rumunjsku gramatiku.<\/p>\r\n                    <\/div>\r\n                <\/div>\r\n            <\/div>\r\n        <\/a>\r\n\r\n        \r\n        <a href=\"https:\/\/talkpal.ai\/vocabulary_language\/romanian\/\">\r\n            <div class=\"learnNavigationWrapper\">\r\n                <div class=\"learnNavigationContent\">\r\n                    <img decoding=\"async\" src=\"https:\/\/talkpal.ai\/wp-content\/uploads\/2024\/08\/Romanian.jpg\" alt=\"Romanian Flag\">\r\n                    <div>\r\n                        <h4>Rumunjski rje\u010dnik<\/h4>\r\n                        <p>Pro\u0161irite svoj rumunjski vokabular.<\/p>\r\n                    <\/div>\r\n                <\/div>\r\n            <\/div>\r\n        <\/a>\r\n\r\n            <\/section>","protected":false},"excerpt":{"rendered":"<p>Razotkrivanje misterija rumunjske gramatike Rumunjski, jedini romanski jezik koji se govori u isto\u010dnoj Europi, nudi jedinstveno i zanimljivo jezi\u010dno putovanje. Rumunjski ima fascinantnu povijest i uzbudljiv gramati\u010dki sustav za istra\u017eivanje. Dakle, bilo da ste poliglot entuzijast ili samo tra\u017eite novu jezi\u010dnu avanturu, zakop\u010dajte se i pripremite se za istra\u017eivanje ljepote rumunjske gramatike! 1. Abeceda: Poznati [&hellip;]<\/p>\n","protected":false},"author":1,"featured_media":117874,"parent":0,"menu_order":0,"comment_status":"closed","ping_status":"closed","template":"LearningContentPage.php","meta":{"_acf_changed":false,"footnotes":""},"class_list":["post-149357","page","type-page","status-publish","has-post-thumbnail","hentry"],"acf":[],"yoast_head":"<!-- This site is optimized with the Yoast SEO Premium plugin v27.2 (Yoast SEO v27.2) - https:\/\/yoast.com\/product\/yoast-seo-premium-wordpress\/ -->\n<title>Rumunjska gramatika - Talkpal<\/title>\n<meta name=\"description\" content=\"Istra\u017eite fascinantan svijet rumunjske gramatike i otkrijte jedinstvene zna\u010dajke ovog prekrasnog romanskog jezika.\" \/>\n<meta name=\"robots\" content=\"index, follow, max-snippet:-1, max-image-preview:large, max-video-preview:-1\" \/>\n<link rel=\"canonical\" href=\"https:\/\/talkpal.ai\/hr\/rumunjska-gramatika\/\" \/>\n<meta property=\"og:locale\" content=\"hr_HR\" \/>\n<meta property=\"og:type\" content=\"article\" \/>\n<meta property=\"og:title\" content=\"Rumunjska gramatika\" \/>\n<meta property=\"og:description\" content=\"Razotkrivanje misterija rumunjske gramatike Rumunjski, jedini romanski jezik koji se govori u isto\u010dnoj Europi, nudi jedinstveno i zanimljivo jezi\u010dno\" \/>\n<meta property=\"og:url\" content=\"https:\/\/talkpal.ai\/hr\/rumunjska-gramatika\/\" \/>\n<meta property=\"og:site_name\" content=\"Talkpal\" \/>\n<meta property=\"article:publisher\" content=\"https:\/\/www.facebook.com\/profile.php?id=100090733639311\" \/>\n<meta property=\"article:modified_time\" content=\"2025-12-17T15:35:23+00:00\" \/>\n<meta property=\"og:image\" content=\"https:\/\/talkpal.ai\/wp-content\/uploads\/2023\/05\/romania.png\" \/>\n\t<meta property=\"og:image:width\" content=\"512\" \/>\n\t<meta property=\"og:image:height\" content=\"512\" \/>\n\t<meta property=\"og:image:type\" content=\"image\/png\" \/>\n<meta name=\"twitter:card\" content=\"summary_large_image\" \/>\n<meta name=\"twitter:site\" content=\"@talkpalai\" \/>\n<meta name=\"twitter:label1\" content=\"Procijenjeno vrijeme \u010ditanja\" \/>\n\t<meta name=\"twitter:data1\" content=\"2 minute\" \/>\n<script type=\"application\/ld+json\" class=\"yoast-schema-graph\">{\"@context\":\"https:\/\/schema.org\",\"@graph\":[{\"@type\":\"WebPage\",\"@id\":\"https:\/\/talkpal.ai\/hr\/rumunjska-gramatika\/\",\"url\":\"https:\/\/talkpal.ai\/hr\/rumunjska-gramatika\/\",\"name\":\"Rumunjska gramatika - Talkpal\",\"isPartOf\":{\"@id\":\"https:\/\/talkpal.ai\/hr\/#website\"},\"primaryImageOfPage\":{\"@id\":\"https:\/\/talkpal.ai\/hr\/rumunjska-gramatika\/#primaryimage\"},\"image\":{\"@id\":\"https:\/\/talkpal.ai\/hr\/rumunjska-gramatika\/#primaryimage\"},\"thumbnailUrl\":\"https:\/\/talkpal.ai\/wp-content\/uploads\/2023\/05\/romania.png\",\"datePublished\":\"2023-05-14T14:19:07+00:00\",\"dateModified\":\"2025-12-17T15:35:23+00:00\",\"description\":\"Istra\u017eite fascinantan svijet rumunjske gramatike i otkrijte jedinstvene zna\u010dajke ovog prekrasnog romanskog jezika.\",\"breadcrumb\":{\"@id\":\"https:\/\/talkpal.ai\/hr\/rumunjska-gramatika\/#breadcrumb\"},\"inLanguage\":\"hr\",\"potentialAction\":[{\"@type\":\"ReadAction\",\"target\":[\"https:\/\/talkpal.ai\/hr\/rumunjska-gramatika\/\"]}]},{\"@type\":\"ImageObject\",\"inLanguage\":\"hr\",\"@id\":\"https:\/\/talkpal.ai\/hr\/rumunjska-gramatika\/#primaryimage\",\"url\":\"https:\/\/talkpal.ai\/wp-content\/uploads\/2023\/05\/romania.png\",\"contentUrl\":\"https:\/\/talkpal.ai\/wp-content\/uploads\/2023\/05\/romania.png\",\"width\":512,\"height\":512},{\"@type\":\"BreadcrumbList\",\"@id\":\"https:\/\/talkpal.ai\/hr\/rumunjska-gramatika\/#breadcrumb\",\"itemListElement\":[{\"@type\":\"ListItem\",\"position\":1,\"name\":\"Homepage\",\"item\":\"https:\/\/talkpal.ai\/hr\/\"},{\"@type\":\"ListItem\",\"position\":2,\"name\":\"Rumunjska gramatika\"}]},{\"@type\":\"WebSite\",\"@id\":\"https:\/\/talkpal.ai\/hr\/#website\",\"url\":\"https:\/\/talkpal.ai\/hr\/\",\"name\":\"Talkpal\",\"description\":\"AI Language Learning\",\"publisher\":{\"@id\":\"https:\/\/talkpal.ai\/hr\/#organization\"},\"alternateName\":\"Talkpal AI\",\"potentialAction\":[{\"@type\":\"SearchAction\",\"target\":{\"@type\":\"EntryPoint\",\"urlTemplate\":\"https:\/\/talkpal.ai\/hr\/?s={search_term_string}\"},\"query-input\":{\"@type\":\"PropertyValueSpecification\",\"valueRequired\":true,\"valueName\":\"search_term_string\"}}],\"inLanguage\":\"hr\"},{\"@type\":\"Organization\",\"@id\":\"https:\/\/talkpal.ai\/hr\/#organization\",\"name\":\"Talkpal, Inc.\",\"alternateName\":\"Talkpal AI\",\"url\":\"https:\/\/talkpal.ai\/hr\/\",\"logo\":{\"@type\":\"ImageObject\",\"inLanguage\":\"hr\",\"@id\":\"https:\/\/talkpal.ai\/hr\/#\/schema\/logo\/image\/\",\"url\":\"https:\/\/talkpal.ai\/wp-content\/uploads\/2024\/03\/Talkpal-Logo-Icon.png\",\"contentUrl\":\"https:\/\/talkpal.ai\/wp-content\/uploads\/2024\/03\/Talkpal-Logo-Icon.png\",\"width\":2880,\"height\":2880,\"caption\":\"Talkpal, Inc.\"},\"image\":{\"@id\":\"https:\/\/talkpal.ai\/hr\/#\/schema\/logo\/image\/\"},\"sameAs\":[\"https:\/\/www.facebook.com\/profile.php?id=100090733639311\",\"https:\/\/x.com\/talkpalai\",\"https:\/\/www.linkedin.com\/company\/talkpal\/\",\"https:\/\/www.youtube.com\/@TalkPal\/\",\"https:\/\/www.tiktok.com\/@talkpal\",\"https:\/\/www.instagram.com\/talkpal_ai\/\",\"https:\/\/www.crunchbase.com\/organization\/talkpal-9cde\",\"https:\/\/www.g2.com\/products\/talkpal-for-business\/\",\"https:\/\/www.trustpilot.com\/review\/talkpal.ai\",\"https:\/\/www.capterra.com\/p\/10006800\/TalkPal\/\"],\"description\":\"Talkpal is a language learning web and mobile education app, powered by the latest AI technologies, that provides engaging experiences to its customers in many different languages to help them improve their language skills. Users can chat about unlimited amount of topics with the app and use other modes to practice their language learning.\",\"email\":\"support@talkpal.ai\",\"legalName\":\"Talkpal, Inc.\",\"foundingDate\":\"2023-04-03\",\"duns\":\"118989042\",\"numberOfEmployees\":{\"@type\":\"QuantitativeValue\",\"minValue\":\"11\",\"maxValue\":\"50\"},\"publishingPrinciples\":\"https:\/\/talkpal.ai\/publishing-principles\/\",\"actionableFeedbackPolicy\":\"https:\/\/talkpal.ai\/actionable-feedback-policy\/\",\"correctionsPolicy\":\"https:\/\/talkpal.ai\/corrections-policy\/\",\"ethicsPolicy\":\"https:\/\/talkpal.ai\/ethics-policy\/\",\"diversityPolicy\":\"https:\/\/talkpal.ai\/diversity-policy\/\",\"diversityStaffingReport\":\"https:\/\/talkpal.ai\/diversity-policy\/\"}]}<\/script>\n<!-- \/ Yoast SEO Premium plugin. -->","yoast_head_json":{"title":"Rumunjska gramatika - Talkpal","description":"Istra\u017eite fascinantan svijet rumunjske gramatike i otkrijte jedinstvene zna\u010dajke ovog prekrasnog romanskog jezika.","robots":{"index":"index","follow":"follow","max-snippet":"max-snippet:-1","max-image-preview":"max-image-preview:large","max-video-preview":"max-video-preview:-1"},"canonical":"https:\/\/talkpal.ai\/hr\/rumunjska-gramatika\/","og_locale":"hr_HR","og_type":"article","og_title":"Rumunjska gramatika","og_description":"Razotkrivanje misterija rumunjske gramatike Rumunjski, jedini romanski jezik koji se govori u isto\u010dnoj Europi, nudi jedinstveno i zanimljivo jezi\u010dno","og_url":"https:\/\/talkpal.ai\/hr\/rumunjska-gramatika\/","og_site_name":"Talkpal","article_publisher":"https:\/\/www.facebook.com\/profile.php?id=100090733639311","article_modified_time":"2025-12-17T15:35:23+00:00","og_image":[{"width":512,"height":512,"url":"https:\/\/talkpal.ai\/wp-content\/uploads\/2023\/05\/romania.png","type":"image\/png"}],"twitter_card":"summary_large_image","twitter_site":"@talkpalai","twitter_misc":{"Procijenjeno vrijeme \u010ditanja":"2 minute"},"schema":{"@context":"https:\/\/schema.org","@graph":[{"@type":"WebPage","@id":"https:\/\/talkpal.ai\/hr\/rumunjska-gramatika\/","url":"https:\/\/talkpal.ai\/hr\/rumunjska-gramatika\/","name":"Rumunjska gramatika - Talkpal","isPartOf":{"@id":"https:\/\/talkpal.ai\/hr\/#website"},"primaryImageOfPage":{"@id":"https:\/\/talkpal.ai\/hr\/rumunjska-gramatika\/#primaryimage"},"image":{"@id":"https:\/\/talkpal.ai\/hr\/rumunjska-gramatika\/#primaryimage"},"thumbnailUrl":"https:\/\/talkpal.ai\/wp-content\/uploads\/2023\/05\/romania.png","datePublished":"2023-05-14T14:19:07+00:00","dateModified":"2025-12-17T15:35:23+00:00","description":"Istra\u017eite fascinantan svijet rumunjske gramatike i otkrijte jedinstvene zna\u010dajke ovog prekrasnog romanskog jezika.","breadcrumb":{"@id":"https:\/\/talkpal.ai\/hr\/rumunjska-gramatika\/#breadcrumb"},"inLanguage":"hr","potentialAction":[{"@type":"ReadAction","target":["https:\/\/talkpal.ai\/hr\/rumunjska-gramatika\/"]}]},{"@type":"ImageObject","inLanguage":"hr","@id":"https:\/\/talkpal.ai\/hr\/rumunjska-gramatika\/#primaryimage","url":"https:\/\/talkpal.ai\/wp-content\/uploads\/2023\/05\/romania.png","contentUrl":"https:\/\/talkpal.ai\/wp-content\/uploads\/2023\/05\/romania.png","width":512,"height":512},{"@type":"BreadcrumbList","@id":"https:\/\/talkpal.ai\/hr\/rumunjska-gramatika\/#breadcrumb","itemListElement":[{"@type":"ListItem","position":1,"name":"Homepage","item":"https:\/\/talkpal.ai\/hr\/"},{"@type":"ListItem","position":2,"name":"Rumunjska gramatika"}]},{"@type":"WebSite","@id":"https:\/\/talkpal.ai\/hr\/#website","url":"https:\/\/talkpal.ai\/hr\/","name":"Talkpal","description":"AI Language Learning","publisher":{"@id":"https:\/\/talkpal.ai\/hr\/#organization"},"alternateName":"Talkpal AI","potentialAction":[{"@type":"SearchAction","target":{"@type":"EntryPoint","urlTemplate":"https:\/\/talkpal.ai\/hr\/?s={search_term_string}"},"query-input":{"@type":"PropertyValueSpecification","valueRequired":true,"valueName":"search_term_string"}}],"inLanguage":"hr"},{"@type":"Organization","@id":"https:\/\/talkpal.ai\/hr\/#organization","name":"Talkpal, Inc.","alternateName":"Talkpal AI","url":"https:\/\/talkpal.ai\/hr\/","logo":{"@type":"ImageObject","inLanguage":"hr","@id":"https:\/\/talkpal.ai\/hr\/#\/schema\/logo\/image\/","url":"https:\/\/talkpal.ai\/wp-content\/uploads\/2024\/03\/Talkpal-Logo-Icon.png","contentUrl":"https:\/\/talkpal.ai\/wp-content\/uploads\/2024\/03\/Talkpal-Logo-Icon.png","width":2880,"height":2880,"caption":"Talkpal, Inc."},"image":{"@id":"https:\/\/talkpal.ai\/hr\/#\/schema\/logo\/image\/"},"sameAs":["https:\/\/www.facebook.com\/profile.php?id=100090733639311","https:\/\/x.com\/talkpalai","https:\/\/www.linkedin.com\/company\/talkpal\/","https:\/\/www.youtube.com\/@TalkPal\/","https:\/\/www.tiktok.com\/@talkpal","https:\/\/www.instagram.com\/talkpal_ai\/","https:\/\/www.crunchbase.com\/organization\/talkpal-9cde","https:\/\/www.g2.com\/products\/talkpal-for-business\/","https:\/\/www.trustpilot.com\/review\/talkpal.ai","https:\/\/www.capterra.com\/p\/10006800\/TalkPal\/"],"description":"Talkpal is a language learning web and mobile education app, powered by the latest AI technologies, that provides engaging experiences to its customers in many different languages to help them improve their language skills. Users can chat about unlimited amount of topics with the app and use other modes to practice their language learning.","email":"support@talkpal.ai","legalName":"Talkpal, Inc.","foundingDate":"2023-04-03","duns":"118989042","numberOfEmployees":{"@type":"QuantitativeValue","minValue":"11","maxValue":"50"},"publishingPrinciples":"https:\/\/talkpal.ai\/publishing-principles\/","actionableFeedbackPolicy":"https:\/\/talkpal.ai\/actionable-feedback-policy\/","correctionsPolicy":"https:\/\/talkpal.ai\/corrections-policy\/","ethicsPolicy":"https:\/\/talkpal.ai\/ethics-policy\/","diversityPolicy":"https:\/\/talkpal.ai\/diversity-policy\/","diversityStaffingReport":"https:\/\/talkpal.ai\/diversity-policy\/"}]}},"_links":{"self":[{"href":"https:\/\/talkpal.ai\/hr\/wp-json\/wp\/v2\/pages\/149357","targetHints":{"allow":["GET"]}}],"collection":[{"href":"https:\/\/talkpal.ai\/hr\/wp-json\/wp\/v2\/pages"}],"about":[{"href":"https:\/\/talkpal.ai\/hr\/wp-json\/wp\/v2\/types\/page"}],"author":[{"embeddable":true,"href":"https:\/\/talkpal.ai\/hr\/wp-json\/wp\/v2\/users\/1"}],"replies":[{"embeddable":true,"href":"https:\/\/talkpal.ai\/hr\/wp-json\/wp\/v2\/comments?post=149357"}],"version-history":[{"count":0,"href":"https:\/\/talkpal.ai\/hr\/wp-json\/wp\/v2\/pages\/149357\/revisions"}],"wp:featuredmedia":[{"embeddable":true,"href":"https:\/\/talkpal.ai\/hr\/wp-json\/wp\/v2\/media\/117874"}],"wp:attachment":[{"href":"https:\/\/talkpal.ai\/hr\/wp-json\/wp\/v2\/media?parent=149357"}],"curies":[{"name":"wp","href":"https:\/\/api.w.org\/{rel}","templated":true}]}}