{"id":149016,"date":"2023-05-14T14:18:46","date_gmt":"2023-05-14T14:18:46","guid":{"rendered":"http:\/\/talkpal.ai\/poljska-gramatika\/"},"modified":"2025-12-17T17:17:04","modified_gmt":"2025-12-17T17:17:04","slug":"poljska-gramatika","status":"publish","type":"page","link":"https:\/\/talkpal.ai\/hr\/poljska-gramatika\/","title":{"rendered":"Poljska gramatika"},"content":{"rendered":"\r\n\r\n\r\n<section class=\"languageChallengeSection\">\r\n    <div class=\"languageInfoWrapper\">\r\n        \r\n        <h1>Poljska gramatika<\/h1>\r\n        <p>Zaronite u fascinantan svijet poljske gramatike i otkrijte temelje jednog od najrasprostranjenijih jezika u srednjoj Europi. Savladavanjem osnovnih pravila, u\u010dinkovitije \u0107ete komunicirati i ste\u0107i dublje razumijevanje poljske kulture. Po\u010dnite u\u010diti poljsku gramatiku ve\u0107 danas i napravite prvi korak prema te\u010dnosti!<\/p>\r\n\r\n                            <a class=\"getStartedHidden\" href=\"https:\/\/app.talkpal.ai\/hr\/signup?lng=\">Zapo\u010dni<\/a>\r\n        \r\n    <\/div>\r\n\r\n    <figure>\r\n    <img decoding=\"async\" width=\"768\" height=\"768\" src=\"https:\/\/talkpal.ai\/wp-content\/uploads\/2023\/06\/polish-768x768.png\" class=\"languageImage no-lazy\" alt=\"Practical tips on language learning techniques\" fetchpriority=\"high\" sizes=\"(max-width: 768px) 150px, 768px\" srcset=\"https:\/\/talkpal.ai\/wp-content\/uploads\/2023\/06\/polish-768x768.png 768w, https:\/\/talkpal.ai\/wp-content\/uploads\/2023\/06\/polish-300x300.png 300w\" \/>\r\n    \r\n\r\n    <\/figure>\r\n\r\n            <a class=\"getStartedVisible\" href=\"https:\/\/app.talkpal.ai\/hr\/signup?lng=\">Zapo\u010dni<\/a>\r\n    \r\n<\/section>\r\n<section class=\"promotionalBanner\">\r\n    <p class=\"promotionalText\">Naju\u010dinkovitiji na\u010din u\u010denja jezika<\/p>\r\n    <a class=\"promotionalLink\" href=\"https:\/\/app.talkpal.ai\/hr\/signup?lng=\">Isprobajte Talkpal besplatno<\/a>\r\n<\/section>\n<div class=\"wp-block-group pageContainerStyle\"><div class=\"wp-block-group__inner-container is-layout-constrained wp-block-group-is-layout-constrained\">\n<h2 class=\"wp-block-heading\" id=\"h-breaking-down-the-puzzle-of-polish-grammar\">Razbijanje zagonetke poljske gramatike<\/h2>\n\n\n\n<p><a href=\"https:\/\/talkpal.ai\/learn-polish\/\">Poljski<\/a>, slavenski jezik, izazovan je i koristan za u\u010denike jezika koji tra\u017ee jedinstvenu jezi\u010dnu avanturu. Dok zaronite na <a href=\"https:\/\/talkpal.ai\/learn-polish\/\">poljski<\/a>, otkrit \u0107ete fascinantnu povijest i kulturu <a href=\"https:\/\/talkpal.ai\/locations\/language-courses-in-koja\/\">koja<\/a> nadopunjuje bogatstvo samog jezika. Iako se <a href=\"https:\/\/talkpal.ai\/polish-grammar\/\">poljska gramatika<\/a> mo\u017ee \u010diniti zamr\u0161enom, dekonstrukcija u upravljive elemente \u010dini proces u\u010denja pristupa\u010dnijim. Ovaj \u010dlanak ima za cilj upoznati vas s zadivljuju\u0107im svijetom poljske gramatike i pru\u017eiti smjernice o tome kako se nositi s njegovom slo\u017eeno\u0161\u0107u.<\/p>\n\n\n\n<h3 class=\"wp-block-heading\" id=\"h-1-noun-gender-and-cases\">1. Imenica, spol i slu\u010dajevi<\/h3>\n\n\n\n<p>Poljske imenice imaju gramati\u010dke rodove \u2013 mu\u0161ki, \u017eenski i srednji \u2013 koji utje\u010du na oblike pridjeva, zamjenica i glagola koji ih prate. Nadalje, poljski ima sedam gramati\u010dkih slu\u010dajeva: nominativni, genitivni, dativni, akuzativni, instrumentalni, lokativni i vokativni. Upoznavanje sa sustavom spolova i slu\u010dajeva klju\u010dno je za razumijevanje i konstruiranje to\u010dnih poljskih re\u010denica.<\/p>\n\n\n\n<h3 class=\"wp-block-heading\" id=\"h-2-verb-conjugation-person-tense-and-aspect\">2. Konjugacija glagola: osoba, vrijeme i aspekt<\/h3>\n\n\n\n<p>Poljski glagoli moraju biti konjugirani prema vremenu, aspektu i osobi (prvo, drugo ili tre\u0107e). Postoje tri glavna vremena: sada\u0161njost, pro\u0161lost i budu\u0107nost. Osim toga, poljski glagoli imaju dva aspekta: savr\u0161eni (za dovr\u0161ene radnje) i nesavr\u0161eni (za teku\u0107e ili uobi\u010dajeno izvedene radnje). Ovladavanje ovim pravilima konjugacije zna\u010dajno \u0107e pobolj\u0161ati va\u0161e vje\u0161tine verbalne komunikacije na poljskom jeziku.<\/p>\n\n\n\n<h3 class=\"wp-block-heading\" id=\"h-3-adjectives-agreement-and-placement\">3. Pridjevi: Sporazum i plasman<\/h3>\n\n\n\n<p>Poljski pridjevi moraju se slo\u017eiti s imenicom koju mijenjaju u vezi s spolom, brojem i slu\u010dajem. Pridjevi obi\u010dno prethode imenici, pru\u017eaju\u0107i bitan opisni kontekst re\u010denice.<\/p>\n\n\n\n<p>Primjerima:<\/p>\n\n\n\n<p>\u2013 czerwona sukienka (crvena haljina)<\/p>\n\n\n\n<p>\u2013 pi\u0119kny ogr\u00f3d (prekrasan vrt)<\/p>\n\n\n\n<h3 class=\"wp-block-heading\" id=\"h-4-pronouns-types-and-uses\">4. Zamjenice: vrste i namjene<\/h3>\n\n\n\n<p>Poljske zamjenice dolaze u razli\u010ditim oblicima, uklju\u010duju\u0107i osobne, posesivne, refleksivne, demonstrativne i upitne zamjenice. Razumijevanje kako i kada koristiti ove zamjenice u\u010dinit \u0107e va\u0161u poljsku gramatiku to\u010dnijom i pobolj\u0161ati va\u0161e ukupne jezi\u010dne vje\u0161tine.<\/p>\n\n\n\n<h3 class=\"wp-block-heading\" id=\"h-5-negation-conveying-the-opposite\">5. Negacija: Preno\u0161enje suprotnog<\/h3>\n\n\n\n<p>U poljskoj gramatici negacija se posti\u017ee dodavanjem rije\u010di &#8220;nie&#8221; ispred glagola, pridjeva, priloga ili zamjenica. Me\u0111utim, posebna pravila primjenjuju se na negiranje re\u010denica s imenicama, \u0161to mo\u017ee zahtijevati dodatni prijedlog ili drugi oblik imenice. Prepoznavanje ovih obrazaca negacije pomo\u0107i \u0107e vam da jasno prenesete svoje namjeravano zna\u010denje na poljskom jeziku.<\/p>\n\n\n\n<h3 class=\"wp-block-heading\" id=\"h-6-engage-with-the-language\">6. Bavite se jezikom<\/h3>\n\n\n\n<p>Naju\u010dinkovitiji na\u010din razumijevanja i internalizacije poljske gramatike je redovita interakcija s jezikom. Od \u010ditanja poljske knji\u017eevnosti, gledanja poljskih filmova ili aktivnog razgovora s izvornim govornicima, uranjanje u razli\u010dite kontekste poja\u010dat \u0107e va\u0161e razumijevanje gramatike dok pro\u0161irujete svoj vokabular.<\/p>\n\n\n\n<h3 class=\"wp-block-heading\" id=\"h-conclusion\">Zaklju\u010dak<\/h3>\n\n\n\n<p>Iako se poljska gramatika mo\u017ee \u010diniti zamr\u0161enom, dosljedno vje\u017ebanje i rje\u0161avanje korak po korak pomo\u0107i \u0107e vam da postanete vje\u0161ti u ovom jedinstvenom jeziku. Prigrlite izazov dok zapo\u010dinjete svoje putovanje poljskim jezikom, a uskoro \u0107ete se na\u0107i kako samouvjereno dekodirate zamr\u0161enost njegove gramatike. Sretno sa studijem i u\u017eivajte u istra\u017eivanju slojeva poljske gramatike!<\/p>\n<\/div><\/div>\n\r\n<section class=\"learnNavigationSection\">\r\n            \r\n        <a href=\"https:\/\/talkpal.ai\/hr\/ucenje-poljskog-jezika\/\">\r\n            <div class=\"learnNavigationWrapper\">\r\n                <div class=\"learnNavigationContent\">\r\n                    <img decoding=\"async\" src=\"https:\/\/talkpal.ai\/wp-content\/uploads\/2024\/08\/Polish.jpg\" alt=\"Polish Flag\">\r\n                    <div>\r\n                        <h4>O u\u010denju poljskog<\/h4>\r\n                        <p>Saznajte sve o poljskoj gramatici.<\/p>\r\n                    <\/div>\r\n                <\/div>\r\n            <\/div>\r\n        <\/a>\r\n\r\n        \r\n        <a href=\"https:\/\/talkpal.ai\/hr\/poljske-gramaticke-vjezbe\/\">\r\n            <div class=\"learnNavigationWrapper\">\r\n                <div class=\"learnNavigationContent\">\r\n                    <img decoding=\"async\" src=\"https:\/\/talkpal.ai\/wp-content\/uploads\/2024\/08\/Polish.jpg\" alt=\"Polish Flag\">\r\n                    <div>\r\n                        <h4>Vje\u017eba poljske gramatike<\/h4>\r\n                        <p>Vje\u017ebajte poljsku gramatiku.<\/p>\r\n                    <\/div>\r\n                <\/div>\r\n            <\/div>\r\n        <\/a>\r\n\r\n        \r\n        <a href=\"https:\/\/talkpal.ai\/vocabulary_language\/polish\/\">\r\n            <div class=\"learnNavigationWrapper\">\r\n                <div class=\"learnNavigationContent\">\r\n                    <img decoding=\"async\" src=\"https:\/\/talkpal.ai\/wp-content\/uploads\/2024\/08\/Polish.jpg\" alt=\"Polish Flag\">\r\n                    <div>\r\n                        <h4>Poljski rje\u010dnik<\/h4>\r\n                        <p>Pro\u0161irite svoj poljski vokabular.<\/p>\r\n                    <\/div>\r\n                <\/div>\r\n            <\/div>\r\n        <\/a>\r\n\r\n            <\/section>","protected":false},"excerpt":{"rendered":"<p>Razbijanje zagonetke poljske gramatike Poljski, slavenski jezik, izazovan je i koristan za u\u010denike jezika koji tra\u017ee jedinstvenu jezi\u010dnu avanturu. Dok zaronite na poljski, otkrit \u0107ete fascinantnu povijest i kulturu koja nadopunjuje bogatstvo samog jezika. Iako se poljska gramatika mo\u017ee \u010diniti zamr\u0161enom, dekonstrukcija u upravljive elemente \u010dini proces u\u010denja pristupa\u010dnijim. Ovaj \u010dlanak ima za cilj upoznati [&hellip;]<\/p>\n","protected":false},"author":1,"featured_media":117400,"parent":0,"menu_order":0,"comment_status":"closed","ping_status":"closed","template":"LearningContentPage.php","meta":{"_acf_changed":false,"footnotes":""},"class_list":["post-149016","page","type-page","status-publish","has-post-thumbnail","hentry"],"acf":[],"yoast_head":"<!-- This site is optimized with the Yoast SEO Premium plugin v27.2 (Yoast SEO v27.2) - https:\/\/yoast.com\/product\/yoast-seo-premium-wordpress\/ -->\n<title>Poljska gramatika - Talkpal<\/title>\n<meta name=\"description\" content=\"Savladajte poljsku gramatiku interaktivnim vje\u017ebama osmi\u0161ljenim za sve razine u\u010denja. Usavr\u0161ite svoje znanje poljskog!\" \/>\n<meta name=\"robots\" content=\"index, follow, max-snippet:-1, max-image-preview:large, max-video-preview:-1\" \/>\n<link rel=\"canonical\" href=\"https:\/\/talkpal.ai\/hr\/poljska-gramatika\/\" \/>\n<meta property=\"og:locale\" content=\"hr_HR\" \/>\n<meta property=\"og:type\" content=\"article\" \/>\n<meta property=\"og:title\" content=\"Poljska gramatika\" \/>\n<meta property=\"og:description\" content=\"Razbijanje zagonetke poljske gramatike Poljski, slavenski jezik, izazovan je i koristan za u\u010denike jezika koji tra\u017ee jedinstvenu jezi\u010dnu avanturu. Dok\" \/>\n<meta property=\"og:url\" content=\"https:\/\/talkpal.ai\/hr\/poljska-gramatika\/\" \/>\n<meta property=\"og:site_name\" content=\"Talkpal\" \/>\n<meta property=\"article:publisher\" content=\"https:\/\/www.facebook.com\/profile.php?id=100090733639311\" \/>\n<meta property=\"article:modified_time\" content=\"2025-12-17T17:17:04+00:00\" \/>\n<meta property=\"og:image\" content=\"https:\/\/talkpal.ai\/wp-content\/uploads\/2023\/05\/poland.png\" \/>\n\t<meta property=\"og:image:width\" content=\"512\" \/>\n\t<meta property=\"og:image:height\" content=\"512\" \/>\n\t<meta property=\"og:image:type\" content=\"image\/png\" \/>\n<meta name=\"twitter:card\" content=\"summary_large_image\" \/>\n<meta name=\"twitter:site\" content=\"@talkpalai\" \/>\n<meta name=\"twitter:label1\" content=\"Procijenjeno vrijeme \u010ditanja\" \/>\n\t<meta name=\"twitter:data1\" content=\"2 minute\" \/>\n<script type=\"application\/ld+json\" class=\"yoast-schema-graph\">{\"@context\":\"https:\/\/schema.org\",\"@graph\":[{\"@type\":\"WebPage\",\"@id\":\"https:\/\/talkpal.ai\/hr\/poljska-gramatika\/\",\"url\":\"https:\/\/talkpal.ai\/hr\/poljska-gramatika\/\",\"name\":\"Poljska gramatika - Talkpal\",\"isPartOf\":{\"@id\":\"https:\/\/talkpal.ai\/hr\/#website\"},\"primaryImageOfPage\":{\"@id\":\"https:\/\/talkpal.ai\/hr\/poljska-gramatika\/#primaryimage\"},\"image\":{\"@id\":\"https:\/\/talkpal.ai\/hr\/poljska-gramatika\/#primaryimage\"},\"thumbnailUrl\":\"https:\/\/talkpal.ai\/wp-content\/uploads\/2023\/05\/poland.png\",\"datePublished\":\"2023-05-14T14:18:46+00:00\",\"dateModified\":\"2025-12-17T17:17:04+00:00\",\"description\":\"Savladajte poljsku gramatiku interaktivnim vje\u017ebama osmi\u0161ljenim za sve razine u\u010denja. Usavr\u0161ite svoje znanje poljskog!\",\"breadcrumb\":{\"@id\":\"https:\/\/talkpal.ai\/hr\/poljska-gramatika\/#breadcrumb\"},\"inLanguage\":\"hr\",\"potentialAction\":[{\"@type\":\"ReadAction\",\"target\":[\"https:\/\/talkpal.ai\/hr\/poljska-gramatika\/\"]}]},{\"@type\":\"ImageObject\",\"inLanguage\":\"hr\",\"@id\":\"https:\/\/talkpal.ai\/hr\/poljska-gramatika\/#primaryimage\",\"url\":\"https:\/\/talkpal.ai\/wp-content\/uploads\/2023\/05\/poland.png\",\"contentUrl\":\"https:\/\/talkpal.ai\/wp-content\/uploads\/2023\/05\/poland.png\",\"width\":512,\"height\":512},{\"@type\":\"BreadcrumbList\",\"@id\":\"https:\/\/talkpal.ai\/hr\/poljska-gramatika\/#breadcrumb\",\"itemListElement\":[{\"@type\":\"ListItem\",\"position\":1,\"name\":\"Homepage\",\"item\":\"https:\/\/talkpal.ai\/hr\/\"},{\"@type\":\"ListItem\",\"position\":2,\"name\":\"Poljska gramatika\"}]},{\"@type\":\"WebSite\",\"@id\":\"https:\/\/talkpal.ai\/hr\/#website\",\"url\":\"https:\/\/talkpal.ai\/hr\/\",\"name\":\"Talkpal\",\"description\":\"AI Language Learning\",\"publisher\":{\"@id\":\"https:\/\/talkpal.ai\/hr\/#organization\"},\"alternateName\":\"Talkpal AI\",\"potentialAction\":[{\"@type\":\"SearchAction\",\"target\":{\"@type\":\"EntryPoint\",\"urlTemplate\":\"https:\/\/talkpal.ai\/hr\/?s={search_term_string}\"},\"query-input\":{\"@type\":\"PropertyValueSpecification\",\"valueRequired\":true,\"valueName\":\"search_term_string\"}}],\"inLanguage\":\"hr\"},{\"@type\":\"Organization\",\"@id\":\"https:\/\/talkpal.ai\/hr\/#organization\",\"name\":\"Talkpal, Inc.\",\"alternateName\":\"Talkpal AI\",\"url\":\"https:\/\/talkpal.ai\/hr\/\",\"logo\":{\"@type\":\"ImageObject\",\"inLanguage\":\"hr\",\"@id\":\"https:\/\/talkpal.ai\/hr\/#\/schema\/logo\/image\/\",\"url\":\"https:\/\/talkpal.ai\/wp-content\/uploads\/2024\/03\/Talkpal-Logo-Icon.png\",\"contentUrl\":\"https:\/\/talkpal.ai\/wp-content\/uploads\/2024\/03\/Talkpal-Logo-Icon.png\",\"width\":2880,\"height\":2880,\"caption\":\"Talkpal, Inc.\"},\"image\":{\"@id\":\"https:\/\/talkpal.ai\/hr\/#\/schema\/logo\/image\/\"},\"sameAs\":[\"https:\/\/www.facebook.com\/profile.php?id=100090733639311\",\"https:\/\/x.com\/talkpalai\",\"https:\/\/www.linkedin.com\/company\/talkpal\/\",\"https:\/\/www.youtube.com\/@TalkPal\/\",\"https:\/\/www.tiktok.com\/@talkpal\",\"https:\/\/www.instagram.com\/talkpal_ai\/\",\"https:\/\/www.crunchbase.com\/organization\/talkpal-9cde\",\"https:\/\/www.g2.com\/products\/talkpal-for-business\/\",\"https:\/\/www.trustpilot.com\/review\/talkpal.ai\",\"https:\/\/www.capterra.com\/p\/10006800\/TalkPal\/\"],\"description\":\"Talkpal is a language learning web and mobile education app, powered by the latest AI technologies, that provides engaging experiences to its customers in many different languages to help them improve their language skills. Users can chat about unlimited amount of topics with the app and use other modes to practice their language learning.\",\"email\":\"support@talkpal.ai\",\"legalName\":\"Talkpal, Inc.\",\"foundingDate\":\"2023-04-03\",\"duns\":\"118989042\",\"numberOfEmployees\":{\"@type\":\"QuantitativeValue\",\"minValue\":\"11\",\"maxValue\":\"50\"},\"publishingPrinciples\":\"https:\/\/talkpal.ai\/publishing-principles\/\",\"actionableFeedbackPolicy\":\"https:\/\/talkpal.ai\/actionable-feedback-policy\/\",\"correctionsPolicy\":\"https:\/\/talkpal.ai\/corrections-policy\/\",\"ethicsPolicy\":\"https:\/\/talkpal.ai\/ethics-policy\/\",\"diversityPolicy\":\"https:\/\/talkpal.ai\/diversity-policy\/\",\"diversityStaffingReport\":\"https:\/\/talkpal.ai\/diversity-policy\/\"}]}<\/script>\n<!-- \/ Yoast SEO Premium plugin. -->","yoast_head_json":{"title":"Poljska gramatika - Talkpal","description":"Savladajte poljsku gramatiku interaktivnim vje\u017ebama osmi\u0161ljenim za sve razine u\u010denja. Usavr\u0161ite svoje znanje poljskog!","robots":{"index":"index","follow":"follow","max-snippet":"max-snippet:-1","max-image-preview":"max-image-preview:large","max-video-preview":"max-video-preview:-1"},"canonical":"https:\/\/talkpal.ai\/hr\/poljska-gramatika\/","og_locale":"hr_HR","og_type":"article","og_title":"Poljska gramatika","og_description":"Razbijanje zagonetke poljske gramatike Poljski, slavenski jezik, izazovan je i koristan za u\u010denike jezika koji tra\u017ee jedinstvenu jezi\u010dnu avanturu. Dok","og_url":"https:\/\/talkpal.ai\/hr\/poljska-gramatika\/","og_site_name":"Talkpal","article_publisher":"https:\/\/www.facebook.com\/profile.php?id=100090733639311","article_modified_time":"2025-12-17T17:17:04+00:00","og_image":[{"width":512,"height":512,"url":"https:\/\/talkpal.ai\/wp-content\/uploads\/2023\/05\/poland.png","type":"image\/png"}],"twitter_card":"summary_large_image","twitter_site":"@talkpalai","twitter_misc":{"Procijenjeno vrijeme \u010ditanja":"2 minute"},"schema":{"@context":"https:\/\/schema.org","@graph":[{"@type":"WebPage","@id":"https:\/\/talkpal.ai\/hr\/poljska-gramatika\/","url":"https:\/\/talkpal.ai\/hr\/poljska-gramatika\/","name":"Poljska gramatika - Talkpal","isPartOf":{"@id":"https:\/\/talkpal.ai\/hr\/#website"},"primaryImageOfPage":{"@id":"https:\/\/talkpal.ai\/hr\/poljska-gramatika\/#primaryimage"},"image":{"@id":"https:\/\/talkpal.ai\/hr\/poljska-gramatika\/#primaryimage"},"thumbnailUrl":"https:\/\/talkpal.ai\/wp-content\/uploads\/2023\/05\/poland.png","datePublished":"2023-05-14T14:18:46+00:00","dateModified":"2025-12-17T17:17:04+00:00","description":"Savladajte poljsku gramatiku interaktivnim vje\u017ebama osmi\u0161ljenim za sve razine u\u010denja. Usavr\u0161ite svoje znanje poljskog!","breadcrumb":{"@id":"https:\/\/talkpal.ai\/hr\/poljska-gramatika\/#breadcrumb"},"inLanguage":"hr","potentialAction":[{"@type":"ReadAction","target":["https:\/\/talkpal.ai\/hr\/poljska-gramatika\/"]}]},{"@type":"ImageObject","inLanguage":"hr","@id":"https:\/\/talkpal.ai\/hr\/poljska-gramatika\/#primaryimage","url":"https:\/\/talkpal.ai\/wp-content\/uploads\/2023\/05\/poland.png","contentUrl":"https:\/\/talkpal.ai\/wp-content\/uploads\/2023\/05\/poland.png","width":512,"height":512},{"@type":"BreadcrumbList","@id":"https:\/\/talkpal.ai\/hr\/poljska-gramatika\/#breadcrumb","itemListElement":[{"@type":"ListItem","position":1,"name":"Homepage","item":"https:\/\/talkpal.ai\/hr\/"},{"@type":"ListItem","position":2,"name":"Poljska gramatika"}]},{"@type":"WebSite","@id":"https:\/\/talkpal.ai\/hr\/#website","url":"https:\/\/talkpal.ai\/hr\/","name":"Talkpal","description":"AI Language Learning","publisher":{"@id":"https:\/\/talkpal.ai\/hr\/#organization"},"alternateName":"Talkpal AI","potentialAction":[{"@type":"SearchAction","target":{"@type":"EntryPoint","urlTemplate":"https:\/\/talkpal.ai\/hr\/?s={search_term_string}"},"query-input":{"@type":"PropertyValueSpecification","valueRequired":true,"valueName":"search_term_string"}}],"inLanguage":"hr"},{"@type":"Organization","@id":"https:\/\/talkpal.ai\/hr\/#organization","name":"Talkpal, Inc.","alternateName":"Talkpal AI","url":"https:\/\/talkpal.ai\/hr\/","logo":{"@type":"ImageObject","inLanguage":"hr","@id":"https:\/\/talkpal.ai\/hr\/#\/schema\/logo\/image\/","url":"https:\/\/talkpal.ai\/wp-content\/uploads\/2024\/03\/Talkpal-Logo-Icon.png","contentUrl":"https:\/\/talkpal.ai\/wp-content\/uploads\/2024\/03\/Talkpal-Logo-Icon.png","width":2880,"height":2880,"caption":"Talkpal, Inc."},"image":{"@id":"https:\/\/talkpal.ai\/hr\/#\/schema\/logo\/image\/"},"sameAs":["https:\/\/www.facebook.com\/profile.php?id=100090733639311","https:\/\/x.com\/talkpalai","https:\/\/www.linkedin.com\/company\/talkpal\/","https:\/\/www.youtube.com\/@TalkPal\/","https:\/\/www.tiktok.com\/@talkpal","https:\/\/www.instagram.com\/talkpal_ai\/","https:\/\/www.crunchbase.com\/organization\/talkpal-9cde","https:\/\/www.g2.com\/products\/talkpal-for-business\/","https:\/\/www.trustpilot.com\/review\/talkpal.ai","https:\/\/www.capterra.com\/p\/10006800\/TalkPal\/"],"description":"Talkpal is a language learning web and mobile education app, powered by the latest AI technologies, that provides engaging experiences to its customers in many different languages to help them improve their language skills. Users can chat about unlimited amount of topics with the app and use other modes to practice their language learning.","email":"support@talkpal.ai","legalName":"Talkpal, Inc.","foundingDate":"2023-04-03","duns":"118989042","numberOfEmployees":{"@type":"QuantitativeValue","minValue":"11","maxValue":"50"},"publishingPrinciples":"https:\/\/talkpal.ai\/publishing-principles\/","actionableFeedbackPolicy":"https:\/\/talkpal.ai\/actionable-feedback-policy\/","correctionsPolicy":"https:\/\/talkpal.ai\/corrections-policy\/","ethicsPolicy":"https:\/\/talkpal.ai\/ethics-policy\/","diversityPolicy":"https:\/\/talkpal.ai\/diversity-policy\/","diversityStaffingReport":"https:\/\/talkpal.ai\/diversity-policy\/"}]}},"_links":{"self":[{"href":"https:\/\/talkpal.ai\/hr\/wp-json\/wp\/v2\/pages\/149016","targetHints":{"allow":["GET"]}}],"collection":[{"href":"https:\/\/talkpal.ai\/hr\/wp-json\/wp\/v2\/pages"}],"about":[{"href":"https:\/\/talkpal.ai\/hr\/wp-json\/wp\/v2\/types\/page"}],"author":[{"embeddable":true,"href":"https:\/\/talkpal.ai\/hr\/wp-json\/wp\/v2\/users\/1"}],"replies":[{"embeddable":true,"href":"https:\/\/talkpal.ai\/hr\/wp-json\/wp\/v2\/comments?post=149016"}],"version-history":[{"count":0,"href":"https:\/\/talkpal.ai\/hr\/wp-json\/wp\/v2\/pages\/149016\/revisions"}],"wp:featuredmedia":[{"embeddable":true,"href":"https:\/\/talkpal.ai\/hr\/wp-json\/wp\/v2\/media\/117400"}],"wp:attachment":[{"href":"https:\/\/talkpal.ai\/hr\/wp-json\/wp\/v2\/media?parent=149016"}],"curies":[{"name":"wp","href":"https:\/\/api.w.org\/{rel}","templated":true}]}}