{"id":148681,"date":"2023-05-14T14:18:22","date_gmt":"2023-05-14T14:18:22","guid":{"rendered":"http:\/\/talkpal.ai\/perzijska-gramatika\/"},"modified":"2025-12-12T10:53:43","modified_gmt":"2025-12-12T10:53:43","slug":"perzijska-gramatika","status":"publish","type":"page","link":"https:\/\/talkpal.ai\/hr\/perzijska-gramatika\/","title":{"rendered":"Perzijska gramatika"},"content":{"rendered":"\r\n\r\n\r\n<section class=\"languageChallengeSection\">\r\n    <div class=\"languageInfoWrapper\">\r\n        \r\n        <h1>Perzijska gramatika<\/h1>\r\n        <p>Zanima vas <a href=\"https:\/\/talkpal.ai\/learn-persian\/\">perzijski<\/a>? Istra\u017eite perzijsku gramatiku, poznatu po svojoj jednostavnosti &#8211; bez imenica, s jednostavnim konjugacijama glagola i fleksibilnom re\u010deni\u010dnom strukturom \u0161to je \u010dini osvje\u017eavaju\u0107e pristupa\u010dnom. Zapo\u010dnite svoju perzijsku avanturu ve\u0107 danas \u2013 savladavanje gramatike otvorit \u0107e vam nove mogu\u0107nosti komunikacije i uroniti vas u bogatu poeziju i kulturu Irana i \u0161ire!<\/p>\r\n\r\n                            <a class=\"getStartedHidden\" href=\"https:\/\/app.talkpal.ai\/hr\/signup?lng=\">Zapo\u010dni<\/a>\r\n        \r\n    <\/div>\r\n\r\n    <figure>\r\n    <img decoding=\"async\" width=\"768\" height=\"768\" src=\"https:\/\/talkpal.ai\/wp-content\/uploads\/2023\/06\/persian-768x768.png\" class=\"languageImage no-lazy\" alt=\"Language learning to comprehend global news\" fetchpriority=\"high\" sizes=\"(max-width: 768px) 150px, 768px\" srcset=\"https:\/\/talkpal.ai\/wp-content\/uploads\/2023\/06\/persian-768x768.png 768w, https:\/\/talkpal.ai\/wp-content\/uploads\/2023\/06\/persian-300x300.png 300w\" \/>\r\n    \r\n\r\n    <\/figure>\r\n\r\n            <a class=\"getStartedVisible\" href=\"https:\/\/app.talkpal.ai\/hr\/signup?lng=\">Zapo\u010dni<\/a>\r\n    \r\n<\/section>\r\n<section class=\"promotionalBanner\">\r\n    <p class=\"promotionalText\">Naju\u010dinkovitiji na\u010din u\u010denja jezika<\/p>\r\n    <a class=\"promotionalLink\" href=\"https:\/\/app.talkpal.ai\/hr\/signup?lng=\">Isprobajte Talkpal besplatno<\/a>\r\n<\/section>\n<div class=\"wp-block-group pageContainerStyle\"><div class=\"wp-block-group__inner-container is-layout-constrained wp-block-group-is-layout-constrained\">\n<h2 class=\"wp-block-heading\" id=\"h-mastering-persian-grammar-your-ultimate-guide\">Ovladavanje perzijskom gramatikom: Va\u0161 krajnji vodi\u010d<\/h2>\n\n\n\n<p>Salam, jezi\u010dni entuzijasti! Jeste li spremni krenuti na putovanje u svijet perzijske gramatike? Do\u0161li ste na pravo mjesto. Ispunjen lako razumljivim informacijama i razgovornim tonom, ovaj \u0107e vas \u010dlanak voditi kroz zadivljuju\u0107e podru\u010dje perzijske gramatike. Uskoro \u0107ete mo\u0107i sastavljati re\u010denice i sudjelovati u smislenim razgovorima s izvornim govornicima. Dakle, po\u010dnimo otkrivati \u200b\u200btajne perzijske gramatike!<\/p>\n\n\n\n<p><strong>Ali prvo, za\u0161to perzijska gramatika?<\/strong><\/p>\n\n\n\n<p>Ako u\u010dite <a href=\"https:\/\/talkpal.ai\/learn-persian\/\">perzijski<\/a>, jaka gramati\u010dka osnova neophodna je za te\u010dno govorenje, \u010ditanje i pisanje. Iako se <a href=\"https:\/\/talkpal.ai\/persian-grammar\/\">perzijska gramatika<\/a> u po\u010detku mo\u017ee \u010diniti slo\u017eenom, ona postaje pristupa\u010dnija nakon \u0161to je podijelite na manje, upravljivije segmente. Pa krenimo na va\u0161e putovanje ka svladavanju perzijske gramatike!<\/p>\n\n\n\n<h3 class=\"wp-block-heading\" id=\"h-1-nouns-gender-and-number\">1. Imenice, spol i broj<\/h3>\n\n\n\n<p>U perzijskom jeziku imenice nemaju rod \u2014 \u0161to ga \u010dini jednostavnijim od mnogih drugih jezika. Oblik jednine imenica ostaje isti, dok oblik mno\u017eine obi\u010dno zavr\u0161ava na \u201c-\u0647\u0627\u201d ili \u201c-\u0627\u0646\u201d. Npr:<\/p>\n\n\n\n<p>\u2013 \u06a9\u062a\u0627\u0628 (ket\u0101b \u2013 knjiga)<\/p>\n\n\n\n<p>\u2013 \u06a9\u062a\u0627\u0628\u200c\u0647\u0627 (ket\u0101b-h\u0101 \u2013 knjige)<\/p>\n\n\n\n<h3 class=\"wp-block-heading\" id=\"h-2-adjectives-agreement-and-definite-articles\">2. Pridjevi, dogovori i odre\u0111eni \u010dlanci<\/h3>\n\n\n\n<p>Pridjevi u perzijskom obi\u010dno slijede imenicu koju mijenjaju i ne moraju se slagati u rodu ili broju. Npr:<\/p>\n\n\n\n<p><strong>\u2013 \u062e\u0627\u0646\u0647 \u0628\u0632\u0631\u06af (kh\u0101ne bozorg \u2013 velika ku\u0107a)<\/strong><\/p>\n\n\n\n<p><strong>\u2013 \u0645\u0646\u0632\u0644 \u06a9\u0648\u0686\u06a9 (manzel kuchak \u2013 mala ku\u0107a)<\/strong><\/p>\n\n\n\n<p>U perzijskom nema odre\u0111enog \u010dlana, ali se neodre\u0111eni \u010dlan dodaje kao sufiks &#8220;-\u06cc&#8221; (i) za rije\u010di u jednini.<\/p>\n\n\n\n<h3 class=\"wp-block-heading\" id=\"h-3-verbs-tense-and-conjugation\">3. Glagoli, vrijeme i konjugacija<\/h3>\n\n\n\n<p>Perzijski glagoli igraju klju\u010dnu ulogu u gramatici i neophodni su za konstruiranje re\u010denica. Svaki glagol ima korijen koji se kombinira s razli\u010ditim prefiksima i sufiksima kako bi ukazao na napetost i slaganje s subjektom.<\/p>\n\n\n\n<p>Kako bismo vam dali kratak pregled, razgovarajmo o pravilnim glagolima u sada\u0161njem vremenu:<\/p>\n\n\n\n<p><strong>\u2013 \u0645\u0646 \u0645\u06cc\u200c\u062e\u0648\u0627\u0646\u0645 (man mikh\u0101nam \u2013 \u010ditam)<\/strong><\/p>\n\n\n\n<p><strong>\u2013 \u062a\u0648 \u0645\u06cc\u200c\u062e\u0648\u0627\u0646\u06cc (prema mikh\u0101ni \u2013 \u010ditate, neformalno)<\/strong><\/p>\n\n\n\n<p><strong>\u2013 \u0627\u0648 \u0645\u06cc\u200c\u062e\u0648\u0627\u0646\u062f (u mikh\u0101nad \u2013 on\/ona \u010dita)<\/strong><\/p>\n\n\n\n<p>Zapamtite, ovo je tek po\u010detak! Nai\u0107i \u0107ete na razna druga vremena, nepravilne glagole i zamr\u0161enosti dok dublje zaronite u perzijsku gramatiku.<\/p>\n\n\n\n<h3 class=\"wp-block-heading\" id=\"h-4-pronouns-prepositions-and-more\">4. Zamjenice, prijedlozi i jo\u0161 mnogo toga!<\/h3>\n\n\n\n<p>Perzijska <a href=\"https:\/\/talkpal.ai\/sq\/gramatika\/\">gramatika<\/a> obuhva\u0107a druge komponente kao \u0161to su zamjenice (\u0645\u0646, \u062a\u0648, \u0627\u0648 itd.), prijedlozi (\u0628\u0647, \u0627\u0632, \u062f\u0631 itd.) i idiomatski izrazi. Savladavanje svakog elementa korak po korak klju\u010dno je za postizanje opse\u017ene te\u010dnosti u perzijskom jeziku.<\/p>\n\n\n\n<p>Zaklju\u010dno, ne postoji pre\u010dac za svladavanje perzijske gramatike. Zahtijeva upornost, praksu i strpljenje. Me\u0111utim, kada jednom shvatite njegovu zamr\u0161enost, bit \u0107ete dobro opremljeni cijeniti nijanse razgovora na perzijskom, istra\u017eivati \u200b\u200bbogatu kulturu i povijest podru\u010dja u kojima se govori perzijski i produbiti svoju ljubav prema tom jeziku. \u0645\u0648\u0641\u0642 \u0628\u0627\u0634\u06cc\u062f (movaffagh b\u0101shid \u2013 sretno)!<\/p>\n<\/div><\/div>\n\r\n<section class=\"learnNavigationSection\">\r\n            \r\n        <a href=\"https:\/\/talkpal.ai\/hr\/ucite-perzijski\/\">\r\n            <div class=\"learnNavigationWrapper\">\r\n                <div class=\"learnNavigationContent\">\r\n                    <img decoding=\"async\" src=\"https:\/\/talkpal.ai\/wp-content\/uploads\/2024\/08\/Persian.jpg\" alt=\"Persian Flag\">\r\n                    <div>\r\n                        <h4>O u\u010denju perzijskog<\/h4>\r\n                        <p>Saznajte sve o perzijskoj gramatici.<\/p>\r\n                    <\/div>\r\n                <\/div>\r\n            <\/div>\r\n        <\/a>\r\n\r\n        \r\n        <a href=\"https:\/\/talkpal.ai\/hr\/vjezbe-perzijske-gramatike\/\">\r\n            <div class=\"learnNavigationWrapper\">\r\n                <div class=\"learnNavigationContent\">\r\n                    <img decoding=\"async\" src=\"https:\/\/talkpal.ai\/wp-content\/uploads\/2024\/08\/Persian.jpg\" alt=\"Persian Flag\">\r\n                    <div>\r\n                        <h4>Vje\u017eba iz perzijske gramatike<\/h4>\r\n                        <p>Vje\u017ebajte perzijsku gramatiku.<\/p>\r\n                    <\/div>\r\n                <\/div>\r\n            <\/div>\r\n        <\/a>\r\n\r\n        \r\n        <a href=\"https:\/\/talkpal.ai\/vocabulary_language\/persian\/\">\r\n            <div class=\"learnNavigationWrapper\">\r\n                <div class=\"learnNavigationContent\">\r\n                    <img decoding=\"async\" src=\"https:\/\/talkpal.ai\/wp-content\/uploads\/2024\/08\/Persian.jpg\" alt=\"Persian Flag\">\r\n                    <div>\r\n                        <h4>Perzijski rje\u010dnik<\/h4>\r\n                        <p>Pro\u0161irite svoj vokabular perzijskog.<\/p>\r\n                    <\/div>\r\n                <\/div>\r\n            <\/div>\r\n        <\/a>\r\n\r\n            <\/section>","protected":false},"excerpt":{"rendered":"<p>Ovladavanje perzijskom gramatikom: Va\u0161 krajnji vodi\u010d Salam, jezi\u010dni entuzijasti! Jeste li spremni krenuti na putovanje u svijet perzijske gramatike? Do\u0161li ste na pravo mjesto. Ispunjen lako razumljivim informacijama i razgovornim tonom, ovaj \u0107e vas \u010dlanak voditi kroz zadivljuju\u0107e podru\u010dje perzijske gramatike. Uskoro \u0107ete mo\u0107i sastavljati re\u010denice i sudjelovati u smislenim razgovorima s izvornim govornicima. Dakle, [&hellip;]<\/p>\n","protected":false},"author":1,"featured_media":117112,"parent":0,"menu_order":0,"comment_status":"closed","ping_status":"closed","template":"LearningContentPage.php","meta":{"_acf_changed":false,"footnotes":""},"class_list":["post-148681","page","type-page","status-publish","has-post-thumbnail","hentry"],"acf":[],"yoast_head":"<!-- This site is optimized with the Yoast SEO Premium plugin v27.2 (Yoast SEO v27.2) - https:\/\/yoast.com\/product\/yoast-seo-premium-wordpress\/ -->\n<title>Perzijska gramatika - Talkpal<\/title>\n<meta name=\"description\" content=\"Istra\u017eite zamr\u0161enosti perzijske gramatike kako biste pobolj\u0161ali svoje razumijevanje i te\u010dnost perzijskog jezika.\" \/>\n<meta name=\"robots\" content=\"index, follow, max-snippet:-1, max-image-preview:large, max-video-preview:-1\" \/>\n<link rel=\"canonical\" href=\"https:\/\/talkpal.ai\/hr\/perzijska-gramatika\/\" \/>\n<meta property=\"og:locale\" content=\"hr_HR\" \/>\n<meta property=\"og:type\" content=\"article\" \/>\n<meta property=\"og:title\" content=\"Perzijska gramatika\" \/>\n<meta property=\"og:description\" content=\"Ovladavanje perzijskom gramatikom: Va\u0161 krajnji vodi\u010d Salam, jezi\u010dni entuzijasti! Jeste li spremni krenuti na putovanje u svijet perzijske gramatike? Do\u0161li\" \/>\n<meta property=\"og:url\" content=\"https:\/\/talkpal.ai\/hr\/perzijska-gramatika\/\" \/>\n<meta property=\"og:site_name\" content=\"Talkpal\" \/>\n<meta property=\"article:publisher\" content=\"https:\/\/www.facebook.com\/profile.php?id=100090733639311\" \/>\n<meta property=\"article:modified_time\" content=\"2025-12-12T10:53:43+00:00\" \/>\n<meta property=\"og:image\" content=\"https:\/\/talkpal.ai\/wp-content\/uploads\/2023\/05\/Persian-iran.png\" \/>\n\t<meta property=\"og:image:width\" content=\"512\" \/>\n\t<meta property=\"og:image:height\" content=\"512\" \/>\n\t<meta property=\"og:image:type\" content=\"image\/png\" \/>\n<meta name=\"twitter:card\" content=\"summary_large_image\" \/>\n<meta name=\"twitter:site\" content=\"@talkpalai\" \/>\n<meta name=\"twitter:label1\" content=\"Procijenjeno vrijeme \u010ditanja\" \/>\n\t<meta name=\"twitter:data1\" content=\"2 minute\" \/>\n<script type=\"application\/ld+json\" class=\"yoast-schema-graph\">{\"@context\":\"https:\/\/schema.org\",\"@graph\":[{\"@type\":\"WebPage\",\"@id\":\"https:\/\/talkpal.ai\/hr\/perzijska-gramatika\/\",\"url\":\"https:\/\/talkpal.ai\/hr\/perzijska-gramatika\/\",\"name\":\"Perzijska gramatika - Talkpal\",\"isPartOf\":{\"@id\":\"https:\/\/talkpal.ai\/hr\/#website\"},\"primaryImageOfPage\":{\"@id\":\"https:\/\/talkpal.ai\/hr\/perzijska-gramatika\/#primaryimage\"},\"image\":{\"@id\":\"https:\/\/talkpal.ai\/hr\/perzijska-gramatika\/#primaryimage\"},\"thumbnailUrl\":\"https:\/\/talkpal.ai\/wp-content\/uploads\/2023\/05\/Persian-iran.png\",\"datePublished\":\"2023-05-14T14:18:22+00:00\",\"dateModified\":\"2025-12-12T10:53:43+00:00\",\"description\":\"Istra\u017eite zamr\u0161enosti perzijske gramatike kako biste pobolj\u0161ali svoje razumijevanje i te\u010dnost perzijskog jezika.\",\"breadcrumb\":{\"@id\":\"https:\/\/talkpal.ai\/hr\/perzijska-gramatika\/#breadcrumb\"},\"inLanguage\":\"hr\",\"potentialAction\":[{\"@type\":\"ReadAction\",\"target\":[\"https:\/\/talkpal.ai\/hr\/perzijska-gramatika\/\"]}]},{\"@type\":\"ImageObject\",\"inLanguage\":\"hr\",\"@id\":\"https:\/\/talkpal.ai\/hr\/perzijska-gramatika\/#primaryimage\",\"url\":\"https:\/\/talkpal.ai\/wp-content\/uploads\/2023\/05\/Persian-iran.png\",\"contentUrl\":\"https:\/\/talkpal.ai\/wp-content\/uploads\/2023\/05\/Persian-iran.png\",\"width\":512,\"height\":512},{\"@type\":\"BreadcrumbList\",\"@id\":\"https:\/\/talkpal.ai\/hr\/perzijska-gramatika\/#breadcrumb\",\"itemListElement\":[{\"@type\":\"ListItem\",\"position\":1,\"name\":\"Homepage\",\"item\":\"https:\/\/talkpal.ai\/hr\/\"},{\"@type\":\"ListItem\",\"position\":2,\"name\":\"Perzijska gramatika\"}]},{\"@type\":\"WebSite\",\"@id\":\"https:\/\/talkpal.ai\/hr\/#website\",\"url\":\"https:\/\/talkpal.ai\/hr\/\",\"name\":\"Talkpal\",\"description\":\"AI Language Learning\",\"publisher\":{\"@id\":\"https:\/\/talkpal.ai\/hr\/#organization\"},\"alternateName\":\"Talkpal AI\",\"potentialAction\":[{\"@type\":\"SearchAction\",\"target\":{\"@type\":\"EntryPoint\",\"urlTemplate\":\"https:\/\/talkpal.ai\/hr\/?s={search_term_string}\"},\"query-input\":{\"@type\":\"PropertyValueSpecification\",\"valueRequired\":true,\"valueName\":\"search_term_string\"}}],\"inLanguage\":\"hr\"},{\"@type\":\"Organization\",\"@id\":\"https:\/\/talkpal.ai\/hr\/#organization\",\"name\":\"Talkpal, Inc.\",\"alternateName\":\"Talkpal AI\",\"url\":\"https:\/\/talkpal.ai\/hr\/\",\"logo\":{\"@type\":\"ImageObject\",\"inLanguage\":\"hr\",\"@id\":\"https:\/\/talkpal.ai\/hr\/#\/schema\/logo\/image\/\",\"url\":\"https:\/\/talkpal.ai\/wp-content\/uploads\/2024\/03\/Talkpal-Logo-Icon.png\",\"contentUrl\":\"https:\/\/talkpal.ai\/wp-content\/uploads\/2024\/03\/Talkpal-Logo-Icon.png\",\"width\":2880,\"height\":2880,\"caption\":\"Talkpal, Inc.\"},\"image\":{\"@id\":\"https:\/\/talkpal.ai\/hr\/#\/schema\/logo\/image\/\"},\"sameAs\":[\"https:\/\/www.facebook.com\/profile.php?id=100090733639311\",\"https:\/\/x.com\/talkpalai\",\"https:\/\/www.linkedin.com\/company\/talkpal\/\",\"https:\/\/www.youtube.com\/@TalkPal\/\",\"https:\/\/www.tiktok.com\/@talkpal\",\"https:\/\/www.instagram.com\/talkpal_ai\/\",\"https:\/\/www.crunchbase.com\/organization\/talkpal-9cde\",\"https:\/\/www.g2.com\/products\/talkpal-for-business\/\",\"https:\/\/www.trustpilot.com\/review\/talkpal.ai\",\"https:\/\/www.capterra.com\/p\/10006800\/TalkPal\/\"],\"description\":\"Talkpal is a language learning web and mobile education app, powered by the latest AI technologies, that provides engaging experiences to its customers in many different languages to help them improve their language skills. Users can chat about unlimited amount of topics with the app and use other modes to practice their language learning.\",\"email\":\"support@talkpal.ai\",\"legalName\":\"Talkpal, Inc.\",\"foundingDate\":\"2023-04-03\",\"duns\":\"118989042\",\"numberOfEmployees\":{\"@type\":\"QuantitativeValue\",\"minValue\":\"11\",\"maxValue\":\"50\"},\"publishingPrinciples\":\"https:\/\/talkpal.ai\/publishing-principles\/\",\"actionableFeedbackPolicy\":\"https:\/\/talkpal.ai\/actionable-feedback-policy\/\",\"correctionsPolicy\":\"https:\/\/talkpal.ai\/corrections-policy\/\",\"ethicsPolicy\":\"https:\/\/talkpal.ai\/ethics-policy\/\",\"diversityPolicy\":\"https:\/\/talkpal.ai\/diversity-policy\/\",\"diversityStaffingReport\":\"https:\/\/talkpal.ai\/diversity-policy\/\"}]}<\/script>\n<!-- \/ Yoast SEO Premium plugin. -->","yoast_head_json":{"title":"Perzijska gramatika - Talkpal","description":"Istra\u017eite zamr\u0161enosti perzijske gramatike kako biste pobolj\u0161ali svoje razumijevanje i te\u010dnost perzijskog jezika.","robots":{"index":"index","follow":"follow","max-snippet":"max-snippet:-1","max-image-preview":"max-image-preview:large","max-video-preview":"max-video-preview:-1"},"canonical":"https:\/\/talkpal.ai\/hr\/perzijska-gramatika\/","og_locale":"hr_HR","og_type":"article","og_title":"Perzijska gramatika","og_description":"Ovladavanje perzijskom gramatikom: Va\u0161 krajnji vodi\u010d Salam, jezi\u010dni entuzijasti! Jeste li spremni krenuti na putovanje u svijet perzijske gramatike? Do\u0161li","og_url":"https:\/\/talkpal.ai\/hr\/perzijska-gramatika\/","og_site_name":"Talkpal","article_publisher":"https:\/\/www.facebook.com\/profile.php?id=100090733639311","article_modified_time":"2025-12-12T10:53:43+00:00","og_image":[{"width":512,"height":512,"url":"https:\/\/talkpal.ai\/wp-content\/uploads\/2023\/05\/Persian-iran.png","type":"image\/png"}],"twitter_card":"summary_large_image","twitter_site":"@talkpalai","twitter_misc":{"Procijenjeno vrijeme \u010ditanja":"2 minute"},"schema":{"@context":"https:\/\/schema.org","@graph":[{"@type":"WebPage","@id":"https:\/\/talkpal.ai\/hr\/perzijska-gramatika\/","url":"https:\/\/talkpal.ai\/hr\/perzijska-gramatika\/","name":"Perzijska gramatika - Talkpal","isPartOf":{"@id":"https:\/\/talkpal.ai\/hr\/#website"},"primaryImageOfPage":{"@id":"https:\/\/talkpal.ai\/hr\/perzijska-gramatika\/#primaryimage"},"image":{"@id":"https:\/\/talkpal.ai\/hr\/perzijska-gramatika\/#primaryimage"},"thumbnailUrl":"https:\/\/talkpal.ai\/wp-content\/uploads\/2023\/05\/Persian-iran.png","datePublished":"2023-05-14T14:18:22+00:00","dateModified":"2025-12-12T10:53:43+00:00","description":"Istra\u017eite zamr\u0161enosti perzijske gramatike kako biste pobolj\u0161ali svoje razumijevanje i te\u010dnost perzijskog jezika.","breadcrumb":{"@id":"https:\/\/talkpal.ai\/hr\/perzijska-gramatika\/#breadcrumb"},"inLanguage":"hr","potentialAction":[{"@type":"ReadAction","target":["https:\/\/talkpal.ai\/hr\/perzijska-gramatika\/"]}]},{"@type":"ImageObject","inLanguage":"hr","@id":"https:\/\/talkpal.ai\/hr\/perzijska-gramatika\/#primaryimage","url":"https:\/\/talkpal.ai\/wp-content\/uploads\/2023\/05\/Persian-iran.png","contentUrl":"https:\/\/talkpal.ai\/wp-content\/uploads\/2023\/05\/Persian-iran.png","width":512,"height":512},{"@type":"BreadcrumbList","@id":"https:\/\/talkpal.ai\/hr\/perzijska-gramatika\/#breadcrumb","itemListElement":[{"@type":"ListItem","position":1,"name":"Homepage","item":"https:\/\/talkpal.ai\/hr\/"},{"@type":"ListItem","position":2,"name":"Perzijska gramatika"}]},{"@type":"WebSite","@id":"https:\/\/talkpal.ai\/hr\/#website","url":"https:\/\/talkpal.ai\/hr\/","name":"Talkpal","description":"AI Language Learning","publisher":{"@id":"https:\/\/talkpal.ai\/hr\/#organization"},"alternateName":"Talkpal AI","potentialAction":[{"@type":"SearchAction","target":{"@type":"EntryPoint","urlTemplate":"https:\/\/talkpal.ai\/hr\/?s={search_term_string}"},"query-input":{"@type":"PropertyValueSpecification","valueRequired":true,"valueName":"search_term_string"}}],"inLanguage":"hr"},{"@type":"Organization","@id":"https:\/\/talkpal.ai\/hr\/#organization","name":"Talkpal, Inc.","alternateName":"Talkpal AI","url":"https:\/\/talkpal.ai\/hr\/","logo":{"@type":"ImageObject","inLanguage":"hr","@id":"https:\/\/talkpal.ai\/hr\/#\/schema\/logo\/image\/","url":"https:\/\/talkpal.ai\/wp-content\/uploads\/2024\/03\/Talkpal-Logo-Icon.png","contentUrl":"https:\/\/talkpal.ai\/wp-content\/uploads\/2024\/03\/Talkpal-Logo-Icon.png","width":2880,"height":2880,"caption":"Talkpal, Inc."},"image":{"@id":"https:\/\/talkpal.ai\/hr\/#\/schema\/logo\/image\/"},"sameAs":["https:\/\/www.facebook.com\/profile.php?id=100090733639311","https:\/\/x.com\/talkpalai","https:\/\/www.linkedin.com\/company\/talkpal\/","https:\/\/www.youtube.com\/@TalkPal\/","https:\/\/www.tiktok.com\/@talkpal","https:\/\/www.instagram.com\/talkpal_ai\/","https:\/\/www.crunchbase.com\/organization\/talkpal-9cde","https:\/\/www.g2.com\/products\/talkpal-for-business\/","https:\/\/www.trustpilot.com\/review\/talkpal.ai","https:\/\/www.capterra.com\/p\/10006800\/TalkPal\/"],"description":"Talkpal is a language learning web and mobile education app, powered by the latest AI technologies, that provides engaging experiences to its customers in many different languages to help them improve their language skills. Users can chat about unlimited amount of topics with the app and use other modes to practice their language learning.","email":"support@talkpal.ai","legalName":"Talkpal, Inc.","foundingDate":"2023-04-03","duns":"118989042","numberOfEmployees":{"@type":"QuantitativeValue","minValue":"11","maxValue":"50"},"publishingPrinciples":"https:\/\/talkpal.ai\/publishing-principles\/","actionableFeedbackPolicy":"https:\/\/talkpal.ai\/actionable-feedback-policy\/","correctionsPolicy":"https:\/\/talkpal.ai\/corrections-policy\/","ethicsPolicy":"https:\/\/talkpal.ai\/ethics-policy\/","diversityPolicy":"https:\/\/talkpal.ai\/diversity-policy\/","diversityStaffingReport":"https:\/\/talkpal.ai\/diversity-policy\/"}]}},"_links":{"self":[{"href":"https:\/\/talkpal.ai\/hr\/wp-json\/wp\/v2\/pages\/148681","targetHints":{"allow":["GET"]}}],"collection":[{"href":"https:\/\/talkpal.ai\/hr\/wp-json\/wp\/v2\/pages"}],"about":[{"href":"https:\/\/talkpal.ai\/hr\/wp-json\/wp\/v2\/types\/page"}],"author":[{"embeddable":true,"href":"https:\/\/talkpal.ai\/hr\/wp-json\/wp\/v2\/users\/1"}],"replies":[{"embeddable":true,"href":"https:\/\/talkpal.ai\/hr\/wp-json\/wp\/v2\/comments?post=148681"}],"version-history":[{"count":0,"href":"https:\/\/talkpal.ai\/hr\/wp-json\/wp\/v2\/pages\/148681\/revisions"}],"wp:featuredmedia":[{"embeddable":true,"href":"https:\/\/talkpal.ai\/hr\/wp-json\/wp\/v2\/media\/117112"}],"wp:attachment":[{"href":"https:\/\/talkpal.ai\/hr\/wp-json\/wp\/v2\/media?parent=148681"}],"curies":[{"name":"wp","href":"https:\/\/api.w.org\/{rel}","templated":true}]}}