{"id":148413,"date":"2023-05-14T14:13:06","date_gmt":"2023-05-14T14:13:06","guid":{"rendered":"http:\/\/talkpal.ai\/norveska-gramatika\/"},"modified":"2025-12-17T17:36:39","modified_gmt":"2025-12-17T17:36:39","slug":"norveska-gramatika","status":"publish","type":"page","link":"https:\/\/talkpal.ai\/hr\/norveska-gramatika\/","title":{"rendered":"Norve\u0161ka gramatika"},"content":{"rendered":"\r\n\r\n\r\n<section class=\"languageChallengeSection\">\r\n    <div class=\"languageInfoWrapper\">\r\n        \r\n        <h1>Norve\u0161ka gramatika<\/h1>\r\n        <p>Otkrijte osnove norve\u0161ke gramatike i otklju\u010dajte sposobnost samopouzdane komunikacije na jednom od najljep\u0161ih skandinavskih jezika. Razumijevanje norve\u0161ke gramatike otvorit \u0107e vrata novim kulturnim iskustvima i smislenim razgovorima. Po\u010dnite u\u010diti norve\u0161ku gramatiku ve\u0107 danas i napravite prvi korak prema te\u010dnosti!<\/p>\r\n\r\n                            <a class=\"getStartedHidden\" href=\"https:\/\/app.talkpal.ai\/hr\/signup?lng=\">Zapo\u010dni<\/a>\r\n        \r\n    <\/div>\r\n\r\n    <figure>\r\n    <img decoding=\"async\" width=\"768\" height=\"768\" src=\"https:\/\/talkpal.ai\/wp-content\/uploads\/2023\/06\/norwegian-768x768.png\" class=\"languageImage no-lazy\" alt=\"Language learning for extensive vocabulary\" fetchpriority=\"high\" sizes=\"(max-width: 768px) 150px, 768px\" srcset=\"https:\/\/talkpal.ai\/wp-content\/uploads\/2023\/06\/norwegian-768x768.png 768w, https:\/\/talkpal.ai\/wp-content\/uploads\/2023\/06\/norwegian-300x300.png 300w\" \/>\r\n    \r\n\r\n    <\/figure>\r\n\r\n            <a class=\"getStartedVisible\" href=\"https:\/\/app.talkpal.ai\/hr\/signup?lng=\">Zapo\u010dni<\/a>\r\n    \r\n<\/section>\r\n<section class=\"promotionalBanner\">\r\n    <p class=\"promotionalText\">Naju\u010dinkovitiji na\u010din u\u010denja jezika<\/p>\r\n    <a class=\"promotionalLink\" href=\"https:\/\/app.talkpal.ai\/hr\/signup?lng=\">Isprobajte Talkpal besplatno<\/a>\r\n<\/section>\n<div class=\"wp-block-group pageContainerStyle\"><div class=\"wp-block-group__inner-container is-layout-constrained wp-block-group-is-layout-constrained\">\n<h2 class=\"wp-block-heading\" id=\"h-dive-into-norwegian-grammar-a-comprehensive-guide\">Zaronite u norve\u0161ku gramatiku: Sveobuhvatan vodi\u010d<\/h2>\n\n\n\n<p><a href=\"https:\/\/talkpal.ai\/learn-norwegian\/\">Norve\u0161ki<\/a>, fascinantan i izra\u017eajan jezik, nudi jedinstvenu priliku u\u010denicima jezika da istra\u017ee bogatu kulturnu i povijesnu ba\u0161tinu Norve\u0161ke. Dobra vijest je da <a href=\"https:\/\/talkpal.ai\/norwegian-grammar\/\">norve\u0161ka gramatika<\/a> dijeli neke sli\u010dnosti s engleskim, \u0161to ga \u010dini pristupa\u010dnim jezikom za u\u010denje. Ovaj \u0107e vas \u010dlanak voditi kroz bitne aspekte norve\u0161ke gramatike, osiguravaju\u0107i da izgradite sna\u017ene temelje i s povjerenjem shvatite jezik.<\/p>\n\n\n\n<h3 class=\"wp-block-heading\" id=\"h-1-embracing-norwegian-nouns-and-articles\">1. Prihva\u0107anje norve\u0161kih imenica i \u010dlanaka<\/h3>\n\n\n\n<p>Norve\u0161ke imenice, poput svojih engleskih kolega, predstavljaju ljude, mjesta, stvari ili ideje. Svrstani su u tri spola: mu\u0161ki, \u017eenski i kastrirani. Rod je klju\u010dan u odre\u0111ivanju zavr\u0161etaka imenice i \u010dlanova s \u200b\u200bkojima bi se trebala spariti.<\/p>\n\n\n\n<p>Postoje dvije vrste \u010dlanaka na norve\u0161kom jeziku: definitivni i neodre\u0111eni. Odre\u0111eni \u010dlanci pojavljuju se kao sufiksi na kraju imenica, dok su neodre\u0111eni \u010dlanci zasebne rije\u010di koje prethode imenicama. \u010clanci se moraju slo\u017eiti s imenicama u spolu i broju.<\/p>\n\n\n\n<p><strong>\u2013 Odre\u0111eni \u010dlanovi: -en (mu\u0161ki rod), -a (\u017eenski rod), -et (srednji rod)<\/strong><\/p>\n\n\n\n<p><strong>\u2013 Neodre\u0111eni \u010dlanovi: en (mu\u0161ki rod), ei (\u017eenski rod), et (srednji rod)<\/strong><\/p>\n\n\n\n<h3 class=\"wp-block-heading\" id=\"h-2-mastering-norwegian-verbs-conjugation-and-tenses\">2. Ovladavanje norve\u0161kim glagolima: konjugacija i vremena<\/h3>\n\n\n\n<p>Norve\u0161ke glagole je relativno lako nau\u010diti, jer imaju manje konjugacija od mnogih drugih jezika. Glagoli se konjugiraju prema vremenu i raspolo\u017eenju. Norve\u0161ki glagoli prvenstveno su podijeljeni u \u010detiri skupine, od kojih svaka ima svoj konjugacijski uzorak. Me\u0111utim, dobra vijest je da, za razliku od mnogih drugih jezika, norve\u0161ki glagoli ne mijenjaju svoj oblik na temelju subjekta ili broja.<\/p>\n\n\n\n<p>Norve\u0161ki ima manje vremena od engleskog, sa samo tri vremena: sada\u0161nje vrijeme, pro\u0161lo vrijeme i pro\u0161lo savr\u0161eno vrijeme. Sada\u0161nje vrijeme koristi se za izra\u017eavanje sada\u0161njih i budu\u0107ih doga\u0111aja, dok pro\u0161lo vrijeme ozna\u010dava dovr\u0161ene radnje, a pro\u0161lo savr\u0161eno vrijeme ukazuje na iskustvo ili stanja <a href=\"https:\/\/talkpal.ai\/locations\/language-courses-in-koja\/\">koja<\/a> su se dogodila prije odre\u0111ene to\u010dke u pro\u0161losti.<\/p>\n\n\n\n<h3 class=\"wp-block-heading\" id=\"h-3-expressing-yourself-with-norwegian-adjectives-and-adverbs\">3. Izra\u017eavanje norve\u0161kih pridjeva i priloga<\/h3>\n\n\n\n<p>Kori\u0161tenje pridjeva u\u010dinkovito pobolj\u0161ava va\u0161u sposobnost izra\u017eavanja na norve\u0161kom jeziku. Pridjevi opisuju kvalitete ili karakteristike imenica i moraju se slo\u017eiti s imenicama u spolu i broju. Na norve\u0161kom pridjevi obi\u010dno dolaze prije imenice koju opisuju.<\/p>\n\n\n\n<p>Prilozi na norve\u0161kom mijenjaju glagole, pridjeve ili druge priloge. Oni prenose informacije o tome kako, kada, gdje i u kojoj mjeri se doga\u0111a radnja. Za razliku od pridjeva, prilozi ostaju isti bez obzira na spol ili broj imenica koje se opisuju.<\/p>\n\n\n\n<h3 class=\"wp-block-heading\" id=\"h-4-constructing-sentences-with-norwegian-pronouns-and-word-order\">4. Konstruiranje re\u010denica s norve\u0161kim zamjenicama i redoslijedom rije\u010di<\/h3>\n\n\n\n<p>Norve\u0161ke zamjenice zamjenjuju imenice i obi\u010dno se sla\u017eu s imenicom koju predstavljaju u spolu, broju i slu\u010daju. Na norve\u0161kom postoje razli\u010dite vrste zamjenica, uklju\u010duju\u0107i osobne, posesivne, demonstrativne, refleksivne, relativne i upitne zamjenice.<\/p>\n\n\n\n<p>Norve\u0161ka struktura re\u010denice slijedi redoslijed subjekt-glagol-objekt (SVO), sli\u010dan engleskom. Me\u0111utim, tako\u0111er koristi pravilo glagol-sekunde (V2) u kojem glagol obi\u010dno zauzima drugo mjesto u glavnim re\u010denicama. Razumijevanje i prakticiranje norve\u0161kog redoslijeda rije\u010di klju\u010dno je za postizanje te\u010dnosti u jeziku.<\/p>\n\n\n\n<h3 class=\"wp-block-heading\" id=\"h-conclusion\">Zaklju\u010dak<\/h3>\n\n\n\n<p>Te\u010dno vladanje norve\u0161kom gramatikom zahtijeva predanost, praksu i otvoren um za istra\u017eivanje jedinstvenih karakteristika jezika. Bez obzira \u017eelite li uroniti u norve\u0161ku kulturu ili \u017eelite nau\u010diti <a href=\"https:\/\/talkpal.ai\/sl\/najvecje-napake-ki-se-jim-je-treba-izogniti-pri-ucenju-novega-jezika\/\">novi jezik<\/a>, savladavanje norve\u0161ke gramatike postavlja temelje za uspje\u0161nu komunikaciju. Dok se upu\u0161tate u norve\u0161ke imenice, glagole, pridjeve i redoslijed rije\u010di, ne zaboravite u\u017eivati u procesu i njegovati bogata jezi\u010dna iskustva koja vas \u010dekaju. <a href=\"https:\/\/talkpal.ai\/culture\/how-do-you-say-good-luck-with-that-in-norwegian\/\">Lykke til<\/a>!<\/p>\n<\/div><\/div>\n\r\n<section class=\"learnNavigationSection\">\r\n            \r\n        <a href=\"https:\/\/talkpal.ai\/hr\/ucenje-norveskog-jezika\/\">\r\n            <div class=\"learnNavigationWrapper\">\r\n                <div class=\"learnNavigationContent\">\r\n                    <img decoding=\"async\" src=\"https:\/\/talkpal.ai\/wp-content\/uploads\/2024\/08\/Norwegian.jpg\" alt=\"Norwegian Flag\">\r\n                    <div>\r\n                        <h4>O u\u010denju norve\u0161kog<\/h4>\r\n                        <p>Saznajte sve o norve\u0161koj gramatici.<\/p>\r\n                    <\/div>\r\n                <\/div>\r\n            <\/div>\r\n        <\/a>\r\n\r\n        \r\n        <a href=\"https:\/\/talkpal.ai\/hr\/norveske-gramaticke-vjezbe\/\">\r\n            <div class=\"learnNavigationWrapper\">\r\n                <div class=\"learnNavigationContent\">\r\n                    <img decoding=\"async\" src=\"https:\/\/talkpal.ai\/wp-content\/uploads\/2024\/08\/Norwegian.jpg\" alt=\"Norwegian Flag\">\r\n                    <div>\r\n                        <h4>Vje\u017eba norve\u0161ke gramatike<\/h4>\r\n                        <p>Vje\u017ebajte norve\u0161ku gramatiku.<\/p>\r\n                    <\/div>\r\n                <\/div>\r\n            <\/div>\r\n        <\/a>\r\n\r\n        \r\n        <a href=\"https:\/\/talkpal.ai\/vocabulary_language\/norwegian\/\">\r\n            <div class=\"learnNavigationWrapper\">\r\n                <div class=\"learnNavigationContent\">\r\n                    <img decoding=\"async\" src=\"https:\/\/talkpal.ai\/wp-content\/uploads\/2024\/08\/Norwegian.jpg\" alt=\"Norwegian Flag\">\r\n                    <div>\r\n                        <h4>Norve\u0161ki rje\u010dnik<\/h4>\r\n                        <p>Pro\u0161irite svoj norve\u0161ki vokabular.<\/p>\r\n                    <\/div>\r\n                <\/div>\r\n            <\/div>\r\n        <\/a>\r\n\r\n            <\/section>","protected":false},"excerpt":{"rendered":"<p>Zaronite u norve\u0161ku gramatiku: Sveobuhvatan vodi\u010d Norve\u0161ki, fascinantan i izra\u017eajan jezik, nudi jedinstvenu priliku u\u010denicima jezika da istra\u017ee bogatu kulturnu i povijesnu ba\u0161tinu Norve\u0161ke. Dobra vijest je da norve\u0161ka gramatika dijeli neke sli\u010dnosti s engleskim, \u0161to ga \u010dini pristupa\u010dnim jezikom za u\u010denje. Ovaj \u0107e vas \u010dlanak voditi kroz bitne aspekte norve\u0161ke gramatike, osiguravaju\u0107i da izgradite [&hellip;]<\/p>\n","protected":false},"author":1,"featured_media":116842,"parent":0,"menu_order":0,"comment_status":"closed","ping_status":"closed","template":"LearningContentPage.php","meta":{"_acf_changed":false,"footnotes":""},"class_list":["post-148413","page","type-page","status-publish","has-post-thumbnail","hentry"],"acf":[],"yoast_head":"<!-- This site is optimized with the Yoast SEO Premium plugin v27.2 (Yoast SEO v27.2) - https:\/\/yoast.com\/product\/yoast-seo-premium-wordpress\/ -->\n<title>Norve\u0161ka gramatika - Talkpal<\/title>\n<meta name=\"description\" content=\"Istra\u017eite zamr\u0161enosti norve\u0161ke gramatike i podignite svoje jezi\u010dne vje\u0161tine na vi\u0161u razinu.\" \/>\n<meta name=\"robots\" content=\"index, follow, max-snippet:-1, max-image-preview:large, max-video-preview:-1\" \/>\n<link rel=\"canonical\" href=\"https:\/\/talkpal.ai\/hr\/norveska-gramatika\/\" \/>\n<meta property=\"og:locale\" content=\"hr_HR\" \/>\n<meta property=\"og:type\" content=\"article\" \/>\n<meta property=\"og:title\" content=\"Norve\u0161ka gramatika\" \/>\n<meta property=\"og:description\" content=\"Zaronite u norve\u0161ku gramatiku: Sveobuhvatan vodi\u010d Norve\u0161ki, fascinantan i izra\u017eajan jezik, nudi jedinstvenu priliku u\u010denicima jezika da istra\u017ee bogatu\" \/>\n<meta property=\"og:url\" content=\"https:\/\/talkpal.ai\/hr\/norveska-gramatika\/\" \/>\n<meta property=\"og:site_name\" content=\"Talkpal\" \/>\n<meta property=\"article:publisher\" content=\"https:\/\/www.facebook.com\/profile.php?id=100090733639311\" \/>\n<meta property=\"article:modified_time\" content=\"2025-12-17T17:36:39+00:00\" \/>\n<meta property=\"og:image\" content=\"https:\/\/talkpal.ai\/wp-content\/uploads\/2023\/05\/norway.png\" \/>\n\t<meta property=\"og:image:width\" content=\"512\" \/>\n\t<meta property=\"og:image:height\" content=\"512\" \/>\n\t<meta property=\"og:image:type\" content=\"image\/png\" \/>\n<meta name=\"twitter:card\" content=\"summary_large_image\" \/>\n<meta name=\"twitter:site\" content=\"@talkpalai\" \/>\n<meta name=\"twitter:label1\" content=\"Procijenjeno vrijeme \u010ditanja\" \/>\n\t<meta name=\"twitter:data1\" content=\"3 minute\" \/>\n<script type=\"application\/ld+json\" class=\"yoast-schema-graph\">{\"@context\":\"https:\/\/schema.org\",\"@graph\":[{\"@type\":\"WebPage\",\"@id\":\"https:\/\/talkpal.ai\/hr\/norveska-gramatika\/\",\"url\":\"https:\/\/talkpal.ai\/hr\/norveska-gramatika\/\",\"name\":\"Norve\u0161ka gramatika - Talkpal\",\"isPartOf\":{\"@id\":\"https:\/\/talkpal.ai\/hr\/#website\"},\"primaryImageOfPage\":{\"@id\":\"https:\/\/talkpal.ai\/hr\/norveska-gramatika\/#primaryimage\"},\"image\":{\"@id\":\"https:\/\/talkpal.ai\/hr\/norveska-gramatika\/#primaryimage\"},\"thumbnailUrl\":\"https:\/\/talkpal.ai\/wp-content\/uploads\/2023\/05\/norway.png\",\"datePublished\":\"2023-05-14T14:13:06+00:00\",\"dateModified\":\"2025-12-17T17:36:39+00:00\",\"description\":\"Istra\u017eite zamr\u0161enosti norve\u0161ke gramatike i podignite svoje jezi\u010dne vje\u0161tine na vi\u0161u razinu.\",\"breadcrumb\":{\"@id\":\"https:\/\/talkpal.ai\/hr\/norveska-gramatika\/#breadcrumb\"},\"inLanguage\":\"hr\",\"potentialAction\":[{\"@type\":\"ReadAction\",\"target\":[\"https:\/\/talkpal.ai\/hr\/norveska-gramatika\/\"]}]},{\"@type\":\"ImageObject\",\"inLanguage\":\"hr\",\"@id\":\"https:\/\/talkpal.ai\/hr\/norveska-gramatika\/#primaryimage\",\"url\":\"https:\/\/talkpal.ai\/wp-content\/uploads\/2023\/05\/norway.png\",\"contentUrl\":\"https:\/\/talkpal.ai\/wp-content\/uploads\/2023\/05\/norway.png\",\"width\":512,\"height\":512},{\"@type\":\"BreadcrumbList\",\"@id\":\"https:\/\/talkpal.ai\/hr\/norveska-gramatika\/#breadcrumb\",\"itemListElement\":[{\"@type\":\"ListItem\",\"position\":1,\"name\":\"Homepage\",\"item\":\"https:\/\/talkpal.ai\/hr\/\"},{\"@type\":\"ListItem\",\"position\":2,\"name\":\"Norve\u0161ka gramatika\"}]},{\"@type\":\"WebSite\",\"@id\":\"https:\/\/talkpal.ai\/hr\/#website\",\"url\":\"https:\/\/talkpal.ai\/hr\/\",\"name\":\"Talkpal\",\"description\":\"AI Language Learning\",\"publisher\":{\"@id\":\"https:\/\/talkpal.ai\/hr\/#organization\"},\"alternateName\":\"Talkpal AI\",\"potentialAction\":[{\"@type\":\"SearchAction\",\"target\":{\"@type\":\"EntryPoint\",\"urlTemplate\":\"https:\/\/talkpal.ai\/hr\/?s={search_term_string}\"},\"query-input\":{\"@type\":\"PropertyValueSpecification\",\"valueRequired\":true,\"valueName\":\"search_term_string\"}}],\"inLanguage\":\"hr\"},{\"@type\":\"Organization\",\"@id\":\"https:\/\/talkpal.ai\/hr\/#organization\",\"name\":\"Talkpal, Inc.\",\"alternateName\":\"Talkpal AI\",\"url\":\"https:\/\/talkpal.ai\/hr\/\",\"logo\":{\"@type\":\"ImageObject\",\"inLanguage\":\"hr\",\"@id\":\"https:\/\/talkpal.ai\/hr\/#\/schema\/logo\/image\/\",\"url\":\"https:\/\/talkpal.ai\/wp-content\/uploads\/2024\/03\/Talkpal-Logo-Icon.png\",\"contentUrl\":\"https:\/\/talkpal.ai\/wp-content\/uploads\/2024\/03\/Talkpal-Logo-Icon.png\",\"width\":2880,\"height\":2880,\"caption\":\"Talkpal, Inc.\"},\"image\":{\"@id\":\"https:\/\/talkpal.ai\/hr\/#\/schema\/logo\/image\/\"},\"sameAs\":[\"https:\/\/www.facebook.com\/profile.php?id=100090733639311\",\"https:\/\/x.com\/talkpalai\",\"https:\/\/www.linkedin.com\/company\/talkpal\/\",\"https:\/\/www.youtube.com\/@TalkPal\/\",\"https:\/\/www.tiktok.com\/@talkpal\",\"https:\/\/www.instagram.com\/talkpal_ai\/\",\"https:\/\/www.crunchbase.com\/organization\/talkpal-9cde\",\"https:\/\/www.g2.com\/products\/talkpal-for-business\/\",\"https:\/\/www.trustpilot.com\/review\/talkpal.ai\",\"https:\/\/www.capterra.com\/p\/10006800\/TalkPal\/\"],\"description\":\"Talkpal is a language learning web and mobile education app, powered by the latest AI technologies, that provides engaging experiences to its customers in many different languages to help them improve their language skills. Users can chat about unlimited amount of topics with the app and use other modes to practice their language learning.\",\"email\":\"support@talkpal.ai\",\"legalName\":\"Talkpal, Inc.\",\"foundingDate\":\"2023-04-03\",\"duns\":\"118989042\",\"numberOfEmployees\":{\"@type\":\"QuantitativeValue\",\"minValue\":\"11\",\"maxValue\":\"50\"},\"publishingPrinciples\":\"https:\/\/talkpal.ai\/publishing-principles\/\",\"actionableFeedbackPolicy\":\"https:\/\/talkpal.ai\/actionable-feedback-policy\/\",\"correctionsPolicy\":\"https:\/\/talkpal.ai\/corrections-policy\/\",\"ethicsPolicy\":\"https:\/\/talkpal.ai\/ethics-policy\/\",\"diversityPolicy\":\"https:\/\/talkpal.ai\/diversity-policy\/\",\"diversityStaffingReport\":\"https:\/\/talkpal.ai\/diversity-policy\/\"}]}<\/script>\n<!-- \/ Yoast SEO Premium plugin. -->","yoast_head_json":{"title":"Norve\u0161ka gramatika - Talkpal","description":"Istra\u017eite zamr\u0161enosti norve\u0161ke gramatike i podignite svoje jezi\u010dne vje\u0161tine na vi\u0161u razinu.","robots":{"index":"index","follow":"follow","max-snippet":"max-snippet:-1","max-image-preview":"max-image-preview:large","max-video-preview":"max-video-preview:-1"},"canonical":"https:\/\/talkpal.ai\/hr\/norveska-gramatika\/","og_locale":"hr_HR","og_type":"article","og_title":"Norve\u0161ka gramatika","og_description":"Zaronite u norve\u0161ku gramatiku: Sveobuhvatan vodi\u010d Norve\u0161ki, fascinantan i izra\u017eajan jezik, nudi jedinstvenu priliku u\u010denicima jezika da istra\u017ee bogatu","og_url":"https:\/\/talkpal.ai\/hr\/norveska-gramatika\/","og_site_name":"Talkpal","article_publisher":"https:\/\/www.facebook.com\/profile.php?id=100090733639311","article_modified_time":"2025-12-17T17:36:39+00:00","og_image":[{"width":512,"height":512,"url":"https:\/\/talkpal.ai\/wp-content\/uploads\/2023\/05\/norway.png","type":"image\/png"}],"twitter_card":"summary_large_image","twitter_site":"@talkpalai","twitter_misc":{"Procijenjeno vrijeme \u010ditanja":"3 minute"},"schema":{"@context":"https:\/\/schema.org","@graph":[{"@type":"WebPage","@id":"https:\/\/talkpal.ai\/hr\/norveska-gramatika\/","url":"https:\/\/talkpal.ai\/hr\/norveska-gramatika\/","name":"Norve\u0161ka gramatika - Talkpal","isPartOf":{"@id":"https:\/\/talkpal.ai\/hr\/#website"},"primaryImageOfPage":{"@id":"https:\/\/talkpal.ai\/hr\/norveska-gramatika\/#primaryimage"},"image":{"@id":"https:\/\/talkpal.ai\/hr\/norveska-gramatika\/#primaryimage"},"thumbnailUrl":"https:\/\/talkpal.ai\/wp-content\/uploads\/2023\/05\/norway.png","datePublished":"2023-05-14T14:13:06+00:00","dateModified":"2025-12-17T17:36:39+00:00","description":"Istra\u017eite zamr\u0161enosti norve\u0161ke gramatike i podignite svoje jezi\u010dne vje\u0161tine na vi\u0161u razinu.","breadcrumb":{"@id":"https:\/\/talkpal.ai\/hr\/norveska-gramatika\/#breadcrumb"},"inLanguage":"hr","potentialAction":[{"@type":"ReadAction","target":["https:\/\/talkpal.ai\/hr\/norveska-gramatika\/"]}]},{"@type":"ImageObject","inLanguage":"hr","@id":"https:\/\/talkpal.ai\/hr\/norveska-gramatika\/#primaryimage","url":"https:\/\/talkpal.ai\/wp-content\/uploads\/2023\/05\/norway.png","contentUrl":"https:\/\/talkpal.ai\/wp-content\/uploads\/2023\/05\/norway.png","width":512,"height":512},{"@type":"BreadcrumbList","@id":"https:\/\/talkpal.ai\/hr\/norveska-gramatika\/#breadcrumb","itemListElement":[{"@type":"ListItem","position":1,"name":"Homepage","item":"https:\/\/talkpal.ai\/hr\/"},{"@type":"ListItem","position":2,"name":"Norve\u0161ka gramatika"}]},{"@type":"WebSite","@id":"https:\/\/talkpal.ai\/hr\/#website","url":"https:\/\/talkpal.ai\/hr\/","name":"Talkpal","description":"AI Language Learning","publisher":{"@id":"https:\/\/talkpal.ai\/hr\/#organization"},"alternateName":"Talkpal AI","potentialAction":[{"@type":"SearchAction","target":{"@type":"EntryPoint","urlTemplate":"https:\/\/talkpal.ai\/hr\/?s={search_term_string}"},"query-input":{"@type":"PropertyValueSpecification","valueRequired":true,"valueName":"search_term_string"}}],"inLanguage":"hr"},{"@type":"Organization","@id":"https:\/\/talkpal.ai\/hr\/#organization","name":"Talkpal, Inc.","alternateName":"Talkpal AI","url":"https:\/\/talkpal.ai\/hr\/","logo":{"@type":"ImageObject","inLanguage":"hr","@id":"https:\/\/talkpal.ai\/hr\/#\/schema\/logo\/image\/","url":"https:\/\/talkpal.ai\/wp-content\/uploads\/2024\/03\/Talkpal-Logo-Icon.png","contentUrl":"https:\/\/talkpal.ai\/wp-content\/uploads\/2024\/03\/Talkpal-Logo-Icon.png","width":2880,"height":2880,"caption":"Talkpal, Inc."},"image":{"@id":"https:\/\/talkpal.ai\/hr\/#\/schema\/logo\/image\/"},"sameAs":["https:\/\/www.facebook.com\/profile.php?id=100090733639311","https:\/\/x.com\/talkpalai","https:\/\/www.linkedin.com\/company\/talkpal\/","https:\/\/www.youtube.com\/@TalkPal\/","https:\/\/www.tiktok.com\/@talkpal","https:\/\/www.instagram.com\/talkpal_ai\/","https:\/\/www.crunchbase.com\/organization\/talkpal-9cde","https:\/\/www.g2.com\/products\/talkpal-for-business\/","https:\/\/www.trustpilot.com\/review\/talkpal.ai","https:\/\/www.capterra.com\/p\/10006800\/TalkPal\/"],"description":"Talkpal is a language learning web and mobile education app, powered by the latest AI technologies, that provides engaging experiences to its customers in many different languages to help them improve their language skills. Users can chat about unlimited amount of topics with the app and use other modes to practice their language learning.","email":"support@talkpal.ai","legalName":"Talkpal, Inc.","foundingDate":"2023-04-03","duns":"118989042","numberOfEmployees":{"@type":"QuantitativeValue","minValue":"11","maxValue":"50"},"publishingPrinciples":"https:\/\/talkpal.ai\/publishing-principles\/","actionableFeedbackPolicy":"https:\/\/talkpal.ai\/actionable-feedback-policy\/","correctionsPolicy":"https:\/\/talkpal.ai\/corrections-policy\/","ethicsPolicy":"https:\/\/talkpal.ai\/ethics-policy\/","diversityPolicy":"https:\/\/talkpal.ai\/diversity-policy\/","diversityStaffingReport":"https:\/\/talkpal.ai\/diversity-policy\/"}]}},"_links":{"self":[{"href":"https:\/\/talkpal.ai\/hr\/wp-json\/wp\/v2\/pages\/148413","targetHints":{"allow":["GET"]}}],"collection":[{"href":"https:\/\/talkpal.ai\/hr\/wp-json\/wp\/v2\/pages"}],"about":[{"href":"https:\/\/talkpal.ai\/hr\/wp-json\/wp\/v2\/types\/page"}],"author":[{"embeddable":true,"href":"https:\/\/talkpal.ai\/hr\/wp-json\/wp\/v2\/users\/1"}],"replies":[{"embeddable":true,"href":"https:\/\/talkpal.ai\/hr\/wp-json\/wp\/v2\/comments?post=148413"}],"version-history":[{"count":0,"href":"https:\/\/talkpal.ai\/hr\/wp-json\/wp\/v2\/pages\/148413\/revisions"}],"wp:featuredmedia":[{"embeddable":true,"href":"https:\/\/talkpal.ai\/hr\/wp-json\/wp\/v2\/media\/116842"}],"wp:attachment":[{"href":"https:\/\/talkpal.ai\/hr\/wp-json\/wp\/v2\/media?parent=148413"}],"curies":[{"name":"wp","href":"https:\/\/api.w.org\/{rel}","templated":true}]}}