{"id":148062,"date":"2023-05-14T14:12:45","date_gmt":"2023-05-14T14:12:45","guid":{"rendered":"http:\/\/talkpal.ai\/nepalska-gramatika\/"},"modified":"2025-12-17T17:00:45","modified_gmt":"2025-12-17T17:00:45","slug":"nepalska-gramatika","status":"publish","type":"page","link":"https:\/\/talkpal.ai\/hr\/nepalska-gramatika\/","title":{"rendered":"Nepalska gramatika"},"content":{"rendered":"\r\n\r\n\r\n<section class=\"languageChallengeSection\">\r\n    <div class=\"languageInfoWrapper\">\r\n        \r\n        <h1>Nepalska gramatika<\/h1>\r\n        <p>Zanima vas <a href=\"https:\/\/talkpal.ai\/learn-nepali\/\">nepalski<\/a>? Otkrijte nepalsku gramatiku s imenicama prilago\u0111enim rodu, postpozicijama i fleksibilnom re\u010deni\u010dnom strukturom koja jezik \u010dini i ekspresivnim i zanimljivim. Po\u010dnite u\u010diti ve\u0107 danas \u2014 savladavanje nepalske gramatike otklju\u010dat \u0107e smislene razgovore i povezati vas s raznolikim kulturama i tradicijama Nepala!<\/p>\r\n\r\n                            <a class=\"getStartedHidden\" href=\"https:\/\/app.talkpal.ai\/hr\/signup?lng=\">Zapo\u010dni<\/a>\r\n        \r\n    <\/div>\r\n\r\n    <figure>\r\n    <img decoding=\"async\" width=\"768\" height=\"768\" src=\"https:\/\/talkpal.ai\/wp-content\/uploads\/2023\/06\/nepali-768x768.png\" class=\"languageImage no-lazy\" alt=\"Practical language learning for real-life application\" fetchpriority=\"high\" sizes=\"(max-width: 768px) 150px, 768px\" srcset=\"https:\/\/talkpal.ai\/wp-content\/uploads\/2023\/06\/nepali-768x768.png 768w, https:\/\/talkpal.ai\/wp-content\/uploads\/2023\/06\/nepali-300x300.png 300w\" \/>\r\n    \r\n\r\n    <\/figure>\r\n\r\n            <a class=\"getStartedVisible\" href=\"https:\/\/app.talkpal.ai\/hr\/signup?lng=\">Zapo\u010dni<\/a>\r\n    \r\n<\/section>\r\n<section class=\"promotionalBanner\">\r\n    <p class=\"promotionalText\">Naju\u010dinkovitiji na\u010din u\u010denja jezika<\/p>\r\n    <a class=\"promotionalLink\" href=\"https:\/\/app.talkpal.ai\/hr\/signup?lng=\">Isprobajte Talkpal besplatno<\/a>\r\n<\/section>\n<div class=\"wp-block-group pageContainerStyle\"><div class=\"wp-block-group__inner-container is-layout-constrained wp-block-group-is-layout-constrained\">\n<h2 class=\"wp-block-heading\" id=\"h-delving-into-the-richness-of-nepali-grammar-an-insightful-guide\">Udubljenje u bogatstvo nepalske gramatike: Pronicljiv vodi\u010d<\/h2>\n\n\n\n<p>Nepalski, indoarijevski jezik kojim govori vi\u0161e od 25 milijuna ljudi u Nepalu i susjednim regijama, divan je jezik koji prikazuje kulturno bogatstvo i jezi\u010dnu raznolikost ju\u017ene Azije. Da bi se u\u010dinkovito komuniciralo na nepalskom i istinski cijenilo njegova ljepota, <a href=\"https:\/\/talkpal.ai\/locations\/language-courses-in-mora\/\">mora<\/a> se razumjeti njegova <a href=\"https:\/\/talkpal.ai\/sq\/gramatika\/\">gramatika<\/a>. U ovom \u0107emo \u010dlanku pru\u017eiti pregled bitnih aspekata nepalske gramatike i ponuditi prakti\u010dne savjete koji \u0107e vam pomo\u0107i da ovladate ovim fascinantnim jezikom.<\/p>\n\n\n\n<h3 class=\"wp-block-heading\" id=\"h-key-aspects-of-nepali-grammar\">Klju\u010dni aspekti nepalske gramatike:<\/h3>\n\n\n\n<p><a href=\"https:\/\/talkpal.ai\/nepali-grammar\/\">Nepalska gramatika<\/a> u po\u010detku mo\u017ee izgledati izazovno, ali s vremenom i praksom mo\u017eete se naviknuti na nju. Evo nekoliko temeljnih komponenti nepalske gramatike s kojima se mo\u017eete upoznati:<\/p>\n\n\n\n<p><strong>1. Imenice:<\/strong> Nepalske imenice nemaju gramati\u010dki spol, \u0161to olak\u0161ava u\u010denicima jer nema potrebe pamtiti spol svake imenice. Me\u0111utim, imenice se infleksiraju za broj (jednina i mno\u017eina) i slu\u010daj (nominativno, genitivno, dativno itd.).<\/p>\n\n\n\n<p><strong>2. Zamjenice<\/strong> : Osobne zamjenice na nepalskom imaju tri oblika: subjektivni, objektivni i posesivni. Sla\u017eu se s imenicom na koju se pozivaju u smislu broja, ali ne i spola. Postoje i razli\u010dite zamjenice i oblici konjugacije glagola koji se temelje na razini formalnosti (pristojna, poznata ili intimna).<\/p>\n\n\n\n<p><strong>3. Glagoli:<\/strong> Nepalski glagoli su nametnuti za vrijeme (sada\u0161njost, pro\u0161lost i budu\u0107nost), raspolo\u017eenje (indikativno, imperativno ili konjunktivno) i aspekt (kontinuirano, savr\u0161eno ili jednostavno). Postoje i razli\u010diti obrasci konjugacije glagola ovisno o razini formalnosti subjekta.<\/p>\n\n\n\n<p>4. Pridjevi i <strong>prilozi: Pridjevi<\/strong> na nepalskom obi\u010dno slijede imenicu koju mijenjaju i sla\u017eu se po broju i slu\u010daju. Prilozi se mogu koristiti za pru\u017eanje dodatnih informacija i op\u0107enito ne mijenjaju svoj oblik.<\/p>\n\n\n\n<p><strong>5. Struktura<\/strong> re\u010denice: Tipi\u010dna nepalska struktura re\u010denice slijedi redoslijed subjekt-objekt-glagol (SOV). Me\u0111utim, redoslijed rije\u010di mo\u017ee biti fleksibilan, ovisno o naglasku i kontekstu.<\/p>\n\n\n\n<h3 class=\"wp-block-heading\" id=\"h-tips-for-learning-nepali-grammar\">Savjeti za u\u010denje nepalske gramatike:<\/h3>\n\n\n\n<p>Evo nekoliko u\u010dinkovitih strategija kako bi va\u0161e putovanje u\u010denja gramatike u Nepalu bilo lak\u0161e:<\/p>\n\n\n\n<p><strong>1. Zapo\u010dnite s osnovama:<\/strong> Usredoto\u010dite se na u\u010denje osnova nepalske gramatike, kao \u0161to su imeni\u010dki slu\u010dajevi, zamjenice i konjugacija glagola. Kako se va\u0161e razumijevanje pove\u0107ava, postupno uklju\u010dite slo\u017eenije strukture i pravila.<\/p>\n\n\n\n<p><strong>2. Redovito vje\u017ebajte:<\/strong> Dosljednost je klju\u010dna pri u\u010denju novog jezika. Dodijelite odre\u0111eno vrijeme svaki dan ili tjedan za vje\u017ebanje gramati\u010dkih vje\u017ebi, \u010ditanja i pisanja na nepalskom.<\/p>\n\n\n\n<p><strong>3. Koristite izvorne resurse:<\/strong> Uronite u autenti\u010dne nepalske materijale, poput literature, novinskih \u010dlanaka i <a href=\"https:\/\/talkpal.ai\/talkpal-podcast\/\">podcasta<\/a>. To ne samo da \u0107e vam pomo\u0107i da razumijete nepalsku gramatiku u kontekstu, ve\u0107 \u0107e i pobolj\u0161ati va\u0161e ukupne jezi\u010dne vje\u0161tine.<\/p>\n\n\n\n<p><strong>4. Pove\u017eite se s izvornim govornicima: Uklju\u010divanje u razgovore s izvornim<\/strong> nepalskim govornicima omogu\u0107uje vam <a href=\"https:\/\/talkpal.ai\/grammar\/\">vje\u017ebanje gramatike<\/a> u stvarnim situacijama i primanje vrijednih povratnih informacija. Razmislite o pridru\u017eivanju grupama za razmjenu jezika ili internetskim forumima kako biste se povezali s pojedincima koji govore nepalski.<\/p>\n\n\n\n<p><strong>5. Budite strpljivi i uporni:<\/strong> Imajte na umu da u\u010denje novog jezika zahtijeva vrijeme, ustrajnost i strpljenje. Prigrlite izazove i usput proslavite svoj napredak.<\/p>\n\n\n\n<h3 class=\"wp-block-heading\" id=\"h-conclusion\">Zaklju\u010dak:<\/h3>\n\n\n\n<p>Nepalska gramatika, sa svojim jedinstvenim karakteristikama i vezama s indo-arijevskom jezi\u010dnom obitelji, nudi fascinantno jezi\u010dno putovanje. Razumijevanjem njegovih klju\u010dnih aspekata i pra\u0107enjem na\u0161ih prakti\u010dnih savjeta utrt \u0107ete put prema jezi\u010dnoj stru\u010dnosti i dublje \u0107ete cijeniti nepalski jezik. Dakle, odva\u017eite se s entuzijazmom i znati\u017eeljom i prihvatite jezi\u010dno blago Nepala!<\/p>\n<\/div><\/div>\n\r\n<section class=\"learnNavigationSection\">\r\n            \r\n        <a href=\"https:\/\/talkpal.ai\/hr\/ucite-nepalski\/\">\r\n            <div class=\"learnNavigationWrapper\">\r\n                <div class=\"learnNavigationContent\">\r\n                    <img decoding=\"async\" src=\"https:\/\/talkpal.ai\/wp-content\/uploads\/2024\/08\/Nepali.jpg\" alt=\"Nepali Flag\">\r\n                    <div>\r\n                        <h4>O nepalskom u\u010denju<\/h4>\r\n                        <p>Saznajte sve o nepalskoj gramatici.<\/p>\r\n                    <\/div>\r\n                <\/div>\r\n            <\/div>\r\n        <\/a>\r\n\r\n        \r\n        <a href=\"https:\/\/talkpal.ai\/hr\/nepalske-gramaticke-vjezbe\/\">\r\n            <div class=\"learnNavigationWrapper\">\r\n                <div class=\"learnNavigationContent\">\r\n                    <img decoding=\"async\" src=\"https:\/\/talkpal.ai\/wp-content\/uploads\/2024\/08\/Nepali.jpg\" alt=\"Nepali Flag\">\r\n                    <div>\r\n                        <h4>Nepalska gramati\u010dka vje\u017eba<\/h4>\r\n                        <p>Vje\u017ebajte nepalsku gramatiku.<\/p>\r\n                    <\/div>\r\n                <\/div>\r\n            <\/div>\r\n        <\/a>\r\n\r\n        \r\n        <a href=\"https:\/\/talkpal.ai\/vocabulary_language\/nepali\/\">\r\n            <div class=\"learnNavigationWrapper\">\r\n                <div class=\"learnNavigationContent\">\r\n                    <img decoding=\"async\" src=\"https:\/\/talkpal.ai\/wp-content\/uploads\/2024\/08\/Nepali.jpg\" alt=\"Nepali Flag\">\r\n                    <div>\r\n                        <h4>Nepalski rje\u010dnik<\/h4>\r\n                        <p>Pro\u0161irite svoj nepalski vokabular.<\/p>\r\n                    <\/div>\r\n                <\/div>\r\n            <\/div>\r\n        <\/a>\r\n\r\n            <\/section>","protected":false},"excerpt":{"rendered":"<p>Udubljenje u bogatstvo nepalske gramatike: Pronicljiv vodi\u010d Nepalski, indoarijevski jezik kojim govori vi\u0161e od 25 milijuna ljudi u Nepalu i susjednim regijama, divan je jezik koji prikazuje kulturno bogatstvo i jezi\u010dnu raznolikost ju\u017ene Azije. Da bi se u\u010dinkovito komuniciralo na nepalskom i istinski cijenilo njegova ljepota, mora se razumjeti njegova gramatika. U ovom \u0107emo \u010dlanku [&hellip;]<\/p>\n","protected":false},"author":1,"featured_media":116075,"parent":0,"menu_order":0,"comment_status":"closed","ping_status":"closed","template":"LearningContentPage.php","meta":{"_acf_changed":false,"footnotes":""},"class_list":["post-148062","page","type-page","status-publish","has-post-thumbnail","hentry"],"acf":[],"yoast_head":"<!-- This site is optimized with the Yoast SEO Premium plugin v27.2 (Yoast SEO v27.2) - https:\/\/yoast.com\/product\/yoast-seo-premium-wordpress\/ -->\n<title>Nepalska gramatika - Talkpal<\/title>\n<meta name=\"description\" content=\"Istra\u017eite nepalsku gramatiku i pobolj\u0161ajte svoje razumijevanje jezika jasnim i konciznim obja\u0161njenjima.\" \/>\n<meta name=\"robots\" content=\"index, follow, max-snippet:-1, max-image-preview:large, max-video-preview:-1\" \/>\n<link rel=\"canonical\" href=\"https:\/\/talkpal.ai\/hr\/nepalska-gramatika\/\" \/>\n<meta property=\"og:locale\" content=\"hr_HR\" \/>\n<meta property=\"og:type\" content=\"article\" \/>\n<meta property=\"og:title\" content=\"Nepalska gramatika\" \/>\n<meta property=\"og:description\" content=\"Udubljenje u bogatstvo nepalske gramatike: Pronicljiv vodi\u010d Nepalski, indoarijevski jezik kojim govori vi\u0161e od 25 milijuna ljudi u Nepalu i susjednim\" \/>\n<meta property=\"og:url\" content=\"https:\/\/talkpal.ai\/hr\/nepalska-gramatika\/\" \/>\n<meta property=\"og:site_name\" content=\"Talkpal\" \/>\n<meta property=\"article:publisher\" content=\"https:\/\/www.facebook.com\/profile.php?id=100090733639311\" \/>\n<meta property=\"article:modified_time\" content=\"2025-12-17T17:00:45+00:00\" \/>\n<meta property=\"og:image\" content=\"https:\/\/talkpal.ai\/wp-content\/uploads\/2023\/05\/nepal.png\" \/>\n\t<meta property=\"og:image:width\" content=\"512\" \/>\n\t<meta property=\"og:image:height\" content=\"512\" \/>\n\t<meta property=\"og:image:type\" content=\"image\/png\" \/>\n<meta name=\"twitter:card\" content=\"summary_large_image\" \/>\n<meta name=\"twitter:site\" content=\"@talkpalai\" \/>\n<meta name=\"twitter:label1\" content=\"Procijenjeno vrijeme \u010ditanja\" \/>\n\t<meta name=\"twitter:data1\" content=\"3 minute\" \/>\n<script type=\"application\/ld+json\" class=\"yoast-schema-graph\">{\"@context\":\"https:\/\/schema.org\",\"@graph\":[{\"@type\":\"WebPage\",\"@id\":\"https:\/\/talkpal.ai\/hr\/nepalska-gramatika\/\",\"url\":\"https:\/\/talkpal.ai\/hr\/nepalska-gramatika\/\",\"name\":\"Nepalska gramatika - Talkpal\",\"isPartOf\":{\"@id\":\"https:\/\/talkpal.ai\/hr\/#website\"},\"primaryImageOfPage\":{\"@id\":\"https:\/\/talkpal.ai\/hr\/nepalska-gramatika\/#primaryimage\"},\"image\":{\"@id\":\"https:\/\/talkpal.ai\/hr\/nepalska-gramatika\/#primaryimage\"},\"thumbnailUrl\":\"https:\/\/talkpal.ai\/wp-content\/uploads\/2023\/05\/nepal.png\",\"datePublished\":\"2023-05-14T14:12:45+00:00\",\"dateModified\":\"2025-12-17T17:00:45+00:00\",\"description\":\"Istra\u017eite nepalsku gramatiku i pobolj\u0161ajte svoje razumijevanje jezika jasnim i konciznim obja\u0161njenjima.\",\"breadcrumb\":{\"@id\":\"https:\/\/talkpal.ai\/hr\/nepalska-gramatika\/#breadcrumb\"},\"inLanguage\":\"hr\",\"potentialAction\":[{\"@type\":\"ReadAction\",\"target\":[\"https:\/\/talkpal.ai\/hr\/nepalska-gramatika\/\"]}]},{\"@type\":\"ImageObject\",\"inLanguage\":\"hr\",\"@id\":\"https:\/\/talkpal.ai\/hr\/nepalska-gramatika\/#primaryimage\",\"url\":\"https:\/\/talkpal.ai\/wp-content\/uploads\/2023\/05\/nepal.png\",\"contentUrl\":\"https:\/\/talkpal.ai\/wp-content\/uploads\/2023\/05\/nepal.png\",\"width\":512,\"height\":512},{\"@type\":\"BreadcrumbList\",\"@id\":\"https:\/\/talkpal.ai\/hr\/nepalska-gramatika\/#breadcrumb\",\"itemListElement\":[{\"@type\":\"ListItem\",\"position\":1,\"name\":\"Homepage\",\"item\":\"https:\/\/talkpal.ai\/hr\/\"},{\"@type\":\"ListItem\",\"position\":2,\"name\":\"Nepalska gramatika\"}]},{\"@type\":\"WebSite\",\"@id\":\"https:\/\/talkpal.ai\/hr\/#website\",\"url\":\"https:\/\/talkpal.ai\/hr\/\",\"name\":\"Talkpal\",\"description\":\"AI Language Learning\",\"publisher\":{\"@id\":\"https:\/\/talkpal.ai\/hr\/#organization\"},\"alternateName\":\"Talkpal AI\",\"potentialAction\":[{\"@type\":\"SearchAction\",\"target\":{\"@type\":\"EntryPoint\",\"urlTemplate\":\"https:\/\/talkpal.ai\/hr\/?s={search_term_string}\"},\"query-input\":{\"@type\":\"PropertyValueSpecification\",\"valueRequired\":true,\"valueName\":\"search_term_string\"}}],\"inLanguage\":\"hr\"},{\"@type\":\"Organization\",\"@id\":\"https:\/\/talkpal.ai\/hr\/#organization\",\"name\":\"Talkpal, Inc.\",\"alternateName\":\"Talkpal AI\",\"url\":\"https:\/\/talkpal.ai\/hr\/\",\"logo\":{\"@type\":\"ImageObject\",\"inLanguage\":\"hr\",\"@id\":\"https:\/\/talkpal.ai\/hr\/#\/schema\/logo\/image\/\",\"url\":\"https:\/\/talkpal.ai\/wp-content\/uploads\/2024\/03\/Talkpal-Logo-Icon.png\",\"contentUrl\":\"https:\/\/talkpal.ai\/wp-content\/uploads\/2024\/03\/Talkpal-Logo-Icon.png\",\"width\":2880,\"height\":2880,\"caption\":\"Talkpal, Inc.\"},\"image\":{\"@id\":\"https:\/\/talkpal.ai\/hr\/#\/schema\/logo\/image\/\"},\"sameAs\":[\"https:\/\/www.facebook.com\/profile.php?id=100090733639311\",\"https:\/\/x.com\/talkpalai\",\"https:\/\/www.linkedin.com\/company\/talkpal\/\",\"https:\/\/www.youtube.com\/@TalkPal\/\",\"https:\/\/www.tiktok.com\/@talkpal\",\"https:\/\/www.instagram.com\/talkpal_ai\/\",\"https:\/\/www.crunchbase.com\/organization\/talkpal-9cde\",\"https:\/\/www.g2.com\/products\/talkpal-for-business\/\",\"https:\/\/www.trustpilot.com\/review\/talkpal.ai\",\"https:\/\/www.capterra.com\/p\/10006800\/TalkPal\/\"],\"description\":\"Talkpal is a language learning web and mobile education app, powered by the latest AI technologies, that provides engaging experiences to its customers in many different languages to help them improve their language skills. Users can chat about unlimited amount of topics with the app and use other modes to practice their language learning.\",\"email\":\"support@talkpal.ai\",\"legalName\":\"Talkpal, Inc.\",\"foundingDate\":\"2023-04-03\",\"duns\":\"118989042\",\"numberOfEmployees\":{\"@type\":\"QuantitativeValue\",\"minValue\":\"11\",\"maxValue\":\"50\"},\"publishingPrinciples\":\"https:\/\/talkpal.ai\/publishing-principles\/\",\"actionableFeedbackPolicy\":\"https:\/\/talkpal.ai\/actionable-feedback-policy\/\",\"correctionsPolicy\":\"https:\/\/talkpal.ai\/corrections-policy\/\",\"ethicsPolicy\":\"https:\/\/talkpal.ai\/ethics-policy\/\",\"diversityPolicy\":\"https:\/\/talkpal.ai\/diversity-policy\/\",\"diversityStaffingReport\":\"https:\/\/talkpal.ai\/diversity-policy\/\"}]}<\/script>\n<!-- \/ Yoast SEO Premium plugin. -->","yoast_head_json":{"title":"Nepalska gramatika - Talkpal","description":"Istra\u017eite nepalsku gramatiku i pobolj\u0161ajte svoje razumijevanje jezika jasnim i konciznim obja\u0161njenjima.","robots":{"index":"index","follow":"follow","max-snippet":"max-snippet:-1","max-image-preview":"max-image-preview:large","max-video-preview":"max-video-preview:-1"},"canonical":"https:\/\/talkpal.ai\/hr\/nepalska-gramatika\/","og_locale":"hr_HR","og_type":"article","og_title":"Nepalska gramatika","og_description":"Udubljenje u bogatstvo nepalske gramatike: Pronicljiv vodi\u010d Nepalski, indoarijevski jezik kojim govori vi\u0161e od 25 milijuna ljudi u Nepalu i susjednim","og_url":"https:\/\/talkpal.ai\/hr\/nepalska-gramatika\/","og_site_name":"Talkpal","article_publisher":"https:\/\/www.facebook.com\/profile.php?id=100090733639311","article_modified_time":"2025-12-17T17:00:45+00:00","og_image":[{"width":512,"height":512,"url":"https:\/\/talkpal.ai\/wp-content\/uploads\/2023\/05\/nepal.png","type":"image\/png"}],"twitter_card":"summary_large_image","twitter_site":"@talkpalai","twitter_misc":{"Procijenjeno vrijeme \u010ditanja":"3 minute"},"schema":{"@context":"https:\/\/schema.org","@graph":[{"@type":"WebPage","@id":"https:\/\/talkpal.ai\/hr\/nepalska-gramatika\/","url":"https:\/\/talkpal.ai\/hr\/nepalska-gramatika\/","name":"Nepalska gramatika - Talkpal","isPartOf":{"@id":"https:\/\/talkpal.ai\/hr\/#website"},"primaryImageOfPage":{"@id":"https:\/\/talkpal.ai\/hr\/nepalska-gramatika\/#primaryimage"},"image":{"@id":"https:\/\/talkpal.ai\/hr\/nepalska-gramatika\/#primaryimage"},"thumbnailUrl":"https:\/\/talkpal.ai\/wp-content\/uploads\/2023\/05\/nepal.png","datePublished":"2023-05-14T14:12:45+00:00","dateModified":"2025-12-17T17:00:45+00:00","description":"Istra\u017eite nepalsku gramatiku i pobolj\u0161ajte svoje razumijevanje jezika jasnim i konciznim obja\u0161njenjima.","breadcrumb":{"@id":"https:\/\/talkpal.ai\/hr\/nepalska-gramatika\/#breadcrumb"},"inLanguage":"hr","potentialAction":[{"@type":"ReadAction","target":["https:\/\/talkpal.ai\/hr\/nepalska-gramatika\/"]}]},{"@type":"ImageObject","inLanguage":"hr","@id":"https:\/\/talkpal.ai\/hr\/nepalska-gramatika\/#primaryimage","url":"https:\/\/talkpal.ai\/wp-content\/uploads\/2023\/05\/nepal.png","contentUrl":"https:\/\/talkpal.ai\/wp-content\/uploads\/2023\/05\/nepal.png","width":512,"height":512},{"@type":"BreadcrumbList","@id":"https:\/\/talkpal.ai\/hr\/nepalska-gramatika\/#breadcrumb","itemListElement":[{"@type":"ListItem","position":1,"name":"Homepage","item":"https:\/\/talkpal.ai\/hr\/"},{"@type":"ListItem","position":2,"name":"Nepalska gramatika"}]},{"@type":"WebSite","@id":"https:\/\/talkpal.ai\/hr\/#website","url":"https:\/\/talkpal.ai\/hr\/","name":"Talkpal","description":"AI Language Learning","publisher":{"@id":"https:\/\/talkpal.ai\/hr\/#organization"},"alternateName":"Talkpal AI","potentialAction":[{"@type":"SearchAction","target":{"@type":"EntryPoint","urlTemplate":"https:\/\/talkpal.ai\/hr\/?s={search_term_string}"},"query-input":{"@type":"PropertyValueSpecification","valueRequired":true,"valueName":"search_term_string"}}],"inLanguage":"hr"},{"@type":"Organization","@id":"https:\/\/talkpal.ai\/hr\/#organization","name":"Talkpal, Inc.","alternateName":"Talkpal AI","url":"https:\/\/talkpal.ai\/hr\/","logo":{"@type":"ImageObject","inLanguage":"hr","@id":"https:\/\/talkpal.ai\/hr\/#\/schema\/logo\/image\/","url":"https:\/\/talkpal.ai\/wp-content\/uploads\/2024\/03\/Talkpal-Logo-Icon.png","contentUrl":"https:\/\/talkpal.ai\/wp-content\/uploads\/2024\/03\/Talkpal-Logo-Icon.png","width":2880,"height":2880,"caption":"Talkpal, Inc."},"image":{"@id":"https:\/\/talkpal.ai\/hr\/#\/schema\/logo\/image\/"},"sameAs":["https:\/\/www.facebook.com\/profile.php?id=100090733639311","https:\/\/x.com\/talkpalai","https:\/\/www.linkedin.com\/company\/talkpal\/","https:\/\/www.youtube.com\/@TalkPal\/","https:\/\/www.tiktok.com\/@talkpal","https:\/\/www.instagram.com\/talkpal_ai\/","https:\/\/www.crunchbase.com\/organization\/talkpal-9cde","https:\/\/www.g2.com\/products\/talkpal-for-business\/","https:\/\/www.trustpilot.com\/review\/talkpal.ai","https:\/\/www.capterra.com\/p\/10006800\/TalkPal\/"],"description":"Talkpal is a language learning web and mobile education app, powered by the latest AI technologies, that provides engaging experiences to its customers in many different languages to help them improve their language skills. Users can chat about unlimited amount of topics with the app and use other modes to practice their language learning.","email":"support@talkpal.ai","legalName":"Talkpal, Inc.","foundingDate":"2023-04-03","duns":"118989042","numberOfEmployees":{"@type":"QuantitativeValue","minValue":"11","maxValue":"50"},"publishingPrinciples":"https:\/\/talkpal.ai\/publishing-principles\/","actionableFeedbackPolicy":"https:\/\/talkpal.ai\/actionable-feedback-policy\/","correctionsPolicy":"https:\/\/talkpal.ai\/corrections-policy\/","ethicsPolicy":"https:\/\/talkpal.ai\/ethics-policy\/","diversityPolicy":"https:\/\/talkpal.ai\/diversity-policy\/","diversityStaffingReport":"https:\/\/talkpal.ai\/diversity-policy\/"}]}},"_links":{"self":[{"href":"https:\/\/talkpal.ai\/hr\/wp-json\/wp\/v2\/pages\/148062","targetHints":{"allow":["GET"]}}],"collection":[{"href":"https:\/\/talkpal.ai\/hr\/wp-json\/wp\/v2\/pages"}],"about":[{"href":"https:\/\/talkpal.ai\/hr\/wp-json\/wp\/v2\/types\/page"}],"author":[{"embeddable":true,"href":"https:\/\/talkpal.ai\/hr\/wp-json\/wp\/v2\/users\/1"}],"replies":[{"embeddable":true,"href":"https:\/\/talkpal.ai\/hr\/wp-json\/wp\/v2\/comments?post=148062"}],"version-history":[{"count":0,"href":"https:\/\/talkpal.ai\/hr\/wp-json\/wp\/v2\/pages\/148062\/revisions"}],"wp:featuredmedia":[{"embeddable":true,"href":"https:\/\/talkpal.ai\/hr\/wp-json\/wp\/v2\/media\/116075"}],"wp:attachment":[{"href":"https:\/\/talkpal.ai\/hr\/wp-json\/wp\/v2\/media?parent=148062"}],"curies":[{"name":"wp","href":"https:\/\/api.w.org\/{rel}","templated":true}]}}