{"id":147953,"date":"2023-05-14T14:12:25","date_gmt":"2023-05-14T14:12:25","guid":{"rendered":"http:\/\/talkpal.ai\/maorska-gramatika\/"},"modified":"2025-12-17T16:45:12","modified_gmt":"2025-12-17T16:45:12","slug":"maorska-gramatika","status":"publish","type":"page","link":"https:\/\/talkpal.ai\/hr\/maorska-gramatika\/","title":{"rendered":"Maorska gramatika"},"content":{"rendered":"\r\n\r\n\r\n<section class=\"languageChallengeSection\">\r\n    <div class=\"languageInfoWrapper\">\r\n        \r\n        <h1>Maorska gramatika<\/h1>\r\n        <p>\u017delite li nau\u010diti maorski? Udubite se u maorsku gramatiku, poznatu po svojoj jednostavnosti, upotrebi \u010dlanova i va\u017enoj ulozi \u010destica u oblikovanju zna\u010denja. Zapo\u010dnite ve\u0107 danas \u2014 savladavanje maorske gramatike pomo\u0107i \u0107e vam da se dublje pove\u017eete s bogatom ba\u0161tinom jezika i \u017eivopisnom kulturom Aotearoa Novog Zelanda!<\/p>\r\n\r\n                            <a class=\"getStartedHidden\" href=\"https:\/\/app.talkpal.ai\/hr\/signup?lng=\">Zapo\u010dni<\/a>\r\n        \r\n    <\/div>\r\n\r\n    <figure>\r\n    <img decoding=\"async\" width=\"768\" height=\"768\" src=\"https:\/\/talkpal.ai\/wp-content\/uploads\/2023\/06\/maori-768x768.png\" class=\"languageImage no-lazy\" alt=\"Language learning for social and professional settings\" fetchpriority=\"high\" sizes=\"(max-width: 768px) 150px, 768px\" srcset=\"https:\/\/talkpal.ai\/wp-content\/uploads\/2023\/06\/maori-768x768.png 768w, https:\/\/talkpal.ai\/wp-content\/uploads\/2023\/06\/maori-300x300.png 300w\" \/>\r\n    \r\n\r\n    <\/figure>\r\n\r\n            <a class=\"getStartedVisible\" href=\"https:\/\/app.talkpal.ai\/hr\/signup?lng=\">Zapo\u010dni<\/a>\r\n    \r\n<\/section>\r\n<section class=\"promotionalBanner\">\r\n    <p class=\"promotionalText\">Naju\u010dinkovitiji na\u010din u\u010denja jezika<\/p>\r\n    <a class=\"promotionalLink\" href=\"https:\/\/app.talkpal.ai\/hr\/signup?lng=\">Isprobajte Talkpal besplatno<\/a>\r\n<\/section>\n<div class=\"wp-block-group pageContainerStyle\"><div class=\"wp-block-group__inner-container is-layout-constrained wp-block-group-is-layout-constrained\">\n<h2 class=\"wp-block-heading\" id=\"h-maori-grammar-your-ticket-to-a-vibrant-bicultural-world\">Maorska gramatika: Va\u0161a ulaznica u \u017eivopisan bikulturalni svijet<\/h2>\n\n\n\n<p><a href=\"https:\/\/talkpal.ai\/culture\/how-do-you-say-lets-go-in-maori\/\">Kia ora<\/a>! Dobrodo\u0161li u predivan svijet maorskog jezika. Kao autohtoni jezik Novog Zelanda, maorski ili te reo maorski nudi vam jedinstvenu priliku da se pove\u017eete s drevnom kulturom i njenom \u017eivahnom zajednicom govornika. Kao i svaki drugi jezik, <a href=\"https:\/\/talkpal.ai\/maori-grammar\/\">maorska gramatika<\/a> mo\u017ee djelovati izazovno, ali ne brinite! Ovaj vodi\u010d prilago\u0111en po\u010detnicima pojednostavit \u0107e osnovne komponente maorske gramatike za vizualno zanimljivo i informativno putovanje.<\/p>\n\n\n\n<h3 class=\"wp-block-heading\" id=\"h-1-starting-with-the-basics-maori-alphabet-and-pronunciation\">1. Po\u010dev\u0161i od osnova: Maorska abeceda i izgovor<\/h3>\n\n\n\n<p><a href=\"https:\/\/talkpal.ai\/learn-maori\/\">Maori<\/a> koristi modificirano latini\u010dno pismo, koje se sastoji od samo 15 slova: pet samoglasnika (a, e, i, o i vi) i deset suglasnika (h, k, m, n, p, r, t, w, ng i wh). Upoznajte se s tim slovima i njihovim izrazitim izgovorima, jer postavljaju temelje za sve naknadno maorsko gramati\u010dko u\u010denje.<\/p>\n\n\n\n<h3 class=\"wp-block-heading\" id=\"h-2-exploring-maori-sentence-structure\">2. Istra\u017eivanje maorske strukture re\u010denica<\/h3>\n\n\n\n<p>U svojoj sr\u017ei, <a href=\"https:\/\/talkpal.ai\/maori-grammar\/\">maorska gramatika<\/a> slijedi jednostavnu strukturu subjekta i glagola (-objekt), s glagolom koji obi\u010dno prethodi subjektu. Najjasniji na\u010din razumijevanja ove strukture je vidjeti <a href=\"https:\/\/talkpal.ai\/culture\/what-is-the-difference-between-je-and-na-for-i\/\">je na<\/a> djelu:<\/p>\n\n\n\n<p><strong>Engleski: Dijete se igra.<\/strong><\/p>\n\n\n\n<p><strong>Maori: Kei te t\u0101karo te tamaiti.<\/strong><\/p>\n\n\n\n<p>Na maorskom se glagolsko vrijeme ozna\u010dava kombinacijom \u010destica ili dodavanjem vremenske oznake u re\u010denicu.<\/p>\n\n\n\n<h3 class=\"wp-block-heading\" id=\"h-3-demystifying-particles-building-blocks-of-maori-grammar\">3. Demistifikacijske \u010destice: gra\u0111evni blokovi maorske gramatike<\/h3>\n\n\n\n<p>\u010cestice igraju klju\u010dnu ulogu u maorskoj gramatici, povezuju\u0107i rije\u010di i fraze kako bi stvorile koherentne i izra\u017eajne re\u010denice. Kao po\u010detnik, usredoto\u010dite se na razumijevanje nekoliko bitnih \u010destica:<\/p>\n\n\n\n<p><strong>\u2013 Kia: koristi se za naredbe, \u017eelje i za ozna\u010davanje svrhe radnje.<\/strong><\/p>\n\n\n\n<p><strong>\u2013 Kei: koristi se za formiranje kontinuiranog vremena.<\/strong><\/p>\n\n\n\n<p><strong>\u2013 Ko: koristi se za ozna\u010davanje subjekta re\u010denice.<\/strong><\/p>\n\n\n\n<h3 class=\"wp-block-heading\" id=\"h-4-getting-to-know-maori-pronouns\">4. Upoznavanje maorskih zamjenica<\/h3>\n\n\n\n<p>Zamjenice na maorskom zamjenjuju imenice i poma\u017eu u odr\u017eavanju va\u0161ih razgovora prirodnim i fluidnim. Kao po\u010detnik, usredoto\u010dite se na razumijevanje osobnih i posesivnih zamjenica:<\/p>\n\n\n\n<p>Osobne zamjenice: ahau (I), koe (vi, jednina), ia (on\/ona), t\u0101ua (mi, uklju\u010duju\u0107i osobu s kojom smo razgovarali), m\u0101ua (mi, isklju\u010duju\u0107i osobu s kojom smo razgovarali), koutou (vi, mno\u017eina), r\u0101tau (oni)<\/p>\n\n\n\n<p>Posvojne zamjenice: taku\/t\u014dku (moj), t\u014du (va\u0161, jednina), t\u014dna (njegova\/ona), t\u014d t\u0101ua (na\u0161, uklju\u010duju\u0107i govornika i slu\u0161atelja), t\u014d m\u0101ua (na\u0161, govornik i netko drugi), t\u014d koutou (ur, mno\u017eina), t\u014d r\u0101tau (njihov)<\/p>\n\n\n\n<h3 class=\"wp-block-heading\" id=\"h-5-navigating-maori-nouns-and-adjectives\">5. Navigacija maorskim imenicama i pridjevima<\/h3>\n\n\n\n<p>Maorske imenice i pridjevi slijede jednostavna gramati\u010dka pravila, \u0161to po\u010detnicima olak\u0161ava razumijevanje. Pridjevi obi\u010dno slijede imenicu koju opisuju, a mno\u017eina imenica jednostavno uklju\u010duje dodavanje \u010destice &#8220;ng\u0101&#8221; ispred imenice. Npr:<\/p>\n\n\n\n<p><strong>Te whare nui \u2013 \u201cvelika ku\u0107a\u201d<\/strong><\/p>\n\n\n\n<p><strong>Ng\u0101 tamariki \u2013 \u201cdjeca\u201d<\/strong><\/p>\n\n\n\n<p>Eto, eto! Poduzeli ste prve korake prema svladavanju maorske gramatike i oboga\u0107ivanju svog putovanja maorskim jezikom i kulturom. Imajte na umu da su praksa, ustrajnost i uranjanje klju\u010dni za uspjeh, stoga se bavite izvornim govornicima, istra\u017eite maorske tekstove i oja\u010dajte svoje jezi\u010dne temelje. <a href=\"https:\/\/talkpal.ai\/culture\/how-do-you-say-be-strong-in-maori\/\">Kia Kaha<\/a>! (Idi jako!)<\/p>\n<\/div><\/div>\n\r\n<section class=\"learnNavigationSection\">\r\n            \r\n        <a href=\"https:\/\/talkpal.ai\/hr\/ucite-maorski\/\">\r\n            <div class=\"learnNavigationWrapper\">\r\n                <div class=\"learnNavigationContent\">\r\n                    <img decoding=\"async\" src=\"https:\/\/talkpal.ai\/wp-content\/uploads\/2024\/08\/Maori.jpg\" alt=\"New Zealand Flag\">\r\n                    <div>\r\n                        <h4>Lekcije maorske gramatike<\/h4>\r\n                        <p>Saznajte sve o maorskoj gramatici.<\/p>\r\n                    <\/div>\r\n                <\/div>\r\n            <\/div>\r\n        <\/a>\r\n\r\n        \r\n        <a href=\"https:\/\/talkpal.ai\/hr\/maorske-gramaticke-vjezbe\/\">\r\n            <div class=\"learnNavigationWrapper\">\r\n                <div class=\"learnNavigationContent\">\r\n                    <img decoding=\"async\" src=\"https:\/\/talkpal.ai\/wp-content\/uploads\/2024\/08\/Maori.jpg\" alt=\"New Zealand Flag\">\r\n                    <div>\r\n                        <h4>Maorska gramati\u010dka vje\u017eba<\/h4>\r\n                        <p>Vje\u017ebajte maorsku gramatiku.<\/p>\r\n                    <\/div>\r\n                <\/div>\r\n            <\/div>\r\n        <\/a>\r\n\r\n        \r\n        <a href=\"https:\/\/talkpal.ai\/vocabulary_language\/maori\/\">\r\n            <div class=\"learnNavigationWrapper\">\r\n                <div class=\"learnNavigationContent\">\r\n                    <img decoding=\"async\" src=\"https:\/\/talkpal.ai\/wp-content\/uploads\/2024\/08\/Maori.jpg\" alt=\"New Zealand Flag\">\r\n                    <div>\r\n                        <h4>Maorski rje\u010dnik<\/h4>\r\n                        <p>Pro\u0161irite svoj maorski vokabular.<\/p>\r\n                    <\/div>\r\n                <\/div>\r\n            <\/div>\r\n        <\/a>\r\n\r\n            <\/section>","protected":false},"excerpt":{"rendered":"<p>Maorska gramatika: Va\u0161a ulaznica u \u017eivopisan bikulturalni svijet Kia ora! Dobrodo\u0161li u predivan svijet maorskog jezika. Kao autohtoni jezik Novog Zelanda, maorski ili te reo maorski nudi vam jedinstvenu priliku da se pove\u017eete s drevnom kulturom i njenom \u017eivahnom zajednicom govornika. Kao i svaki drugi jezik, maorska gramatika mo\u017ee djelovati izazovno, ali ne brinite! Ovaj [&hellip;]<\/p>\n","protected":false},"author":1,"featured_media":116617,"parent":0,"menu_order":0,"comment_status":"closed","ping_status":"closed","template":"LearningContentPage.php","meta":{"_acf_changed":false,"footnotes":""},"class_list":["post-147953","page","type-page","status-publish","has-post-thumbnail","hentry"],"acf":[],"yoast_head":"<!-- This site is optimized with the Yoast SEO Premium plugin v27.2 (Yoast SEO v27.2) - https:\/\/yoast.com\/product\/yoast-seo-premium-wordpress\/ -->\n<title>Maorska gramatika - Talkpal<\/title>\n<meta name=\"description\" content=\"Istra\u017eite osnove maorske gramatike uz na\u0161 vodi\u010d prilago\u0111en po\u010detnicima. Otkrijte 15 slova i osnovna pravila maorskog jezika te reo.\" \/>\n<meta name=\"robots\" content=\"index, follow, max-snippet:-1, max-image-preview:large, max-video-preview:-1\" \/>\n<link rel=\"canonical\" href=\"https:\/\/talkpal.ai\/hr\/maorska-gramatika\/\" \/>\n<meta property=\"og:locale\" content=\"hr_HR\" \/>\n<meta property=\"og:type\" content=\"article\" \/>\n<meta property=\"og:title\" content=\"Maorska gramatika\" \/>\n<meta property=\"og:description\" content=\"Maorska gramatika: Va\u0161a ulaznica u \u017eivopisan bikulturalni svijet Kia ora! Dobrodo\u0161li u predivan svijet maorskog jezika. Kao autohtoni jezik Novog Zelanda,\" \/>\n<meta property=\"og:url\" content=\"https:\/\/talkpal.ai\/hr\/maorska-gramatika\/\" \/>\n<meta property=\"og:site_name\" content=\"Talkpal\" \/>\n<meta property=\"article:publisher\" content=\"https:\/\/www.facebook.com\/profile.php?id=100090733639311\" \/>\n<meta property=\"article:modified_time\" content=\"2025-12-17T16:45:12+00:00\" \/>\n<meta property=\"og:image\" content=\"https:\/\/talkpal.ai\/wp-content\/uploads\/2023\/05\/Maori-new-zealand.png\" \/>\n\t<meta property=\"og:image:width\" content=\"512\" \/>\n\t<meta property=\"og:image:height\" content=\"512\" \/>\n\t<meta property=\"og:image:type\" content=\"image\/png\" \/>\n<meta name=\"twitter:card\" content=\"summary_large_image\" \/>\n<meta name=\"twitter:site\" content=\"@talkpalai\" \/>\n<meta name=\"twitter:label1\" content=\"Procijenjeno vrijeme \u010ditanja\" \/>\n\t<meta name=\"twitter:data1\" content=\"2 minute\" \/>\n<script type=\"application\/ld+json\" class=\"yoast-schema-graph\">{\"@context\":\"https:\/\/schema.org\",\"@graph\":[{\"@type\":\"WebPage\",\"@id\":\"https:\/\/talkpal.ai\/hr\/maorska-gramatika\/\",\"url\":\"https:\/\/talkpal.ai\/hr\/maorska-gramatika\/\",\"name\":\"Maorska gramatika - Talkpal\",\"isPartOf\":{\"@id\":\"https:\/\/talkpal.ai\/hr\/#website\"},\"primaryImageOfPage\":{\"@id\":\"https:\/\/talkpal.ai\/hr\/maorska-gramatika\/#primaryimage\"},\"image\":{\"@id\":\"https:\/\/talkpal.ai\/hr\/maorska-gramatika\/#primaryimage\"},\"thumbnailUrl\":\"https:\/\/talkpal.ai\/wp-content\/uploads\/2023\/05\/Maori-new-zealand.png\",\"datePublished\":\"2023-05-14T14:12:25+00:00\",\"dateModified\":\"2025-12-17T16:45:12+00:00\",\"description\":\"Istra\u017eite osnove maorske gramatike uz na\u0161 vodi\u010d prilago\u0111en po\u010detnicima. Otkrijte 15 slova i osnovna pravila maorskog jezika te reo.\",\"breadcrumb\":{\"@id\":\"https:\/\/talkpal.ai\/hr\/maorska-gramatika\/#breadcrumb\"},\"inLanguage\":\"hr\",\"potentialAction\":[{\"@type\":\"ReadAction\",\"target\":[\"https:\/\/talkpal.ai\/hr\/maorska-gramatika\/\"]}]},{\"@type\":\"ImageObject\",\"inLanguage\":\"hr\",\"@id\":\"https:\/\/talkpal.ai\/hr\/maorska-gramatika\/#primaryimage\",\"url\":\"https:\/\/talkpal.ai\/wp-content\/uploads\/2023\/05\/Maori-new-zealand.png\",\"contentUrl\":\"https:\/\/talkpal.ai\/wp-content\/uploads\/2023\/05\/Maori-new-zealand.png\",\"width\":512,\"height\":512},{\"@type\":\"BreadcrumbList\",\"@id\":\"https:\/\/talkpal.ai\/hr\/maorska-gramatika\/#breadcrumb\",\"itemListElement\":[{\"@type\":\"ListItem\",\"position\":1,\"name\":\"Homepage\",\"item\":\"https:\/\/talkpal.ai\/hr\/\"},{\"@type\":\"ListItem\",\"position\":2,\"name\":\"Maorska gramatika\"}]},{\"@type\":\"WebSite\",\"@id\":\"https:\/\/talkpal.ai\/hr\/#website\",\"url\":\"https:\/\/talkpal.ai\/hr\/\",\"name\":\"Talkpal\",\"description\":\"AI Language Learning\",\"publisher\":{\"@id\":\"https:\/\/talkpal.ai\/hr\/#organization\"},\"alternateName\":\"Talkpal AI\",\"potentialAction\":[{\"@type\":\"SearchAction\",\"target\":{\"@type\":\"EntryPoint\",\"urlTemplate\":\"https:\/\/talkpal.ai\/hr\/?s={search_term_string}\"},\"query-input\":{\"@type\":\"PropertyValueSpecification\",\"valueRequired\":true,\"valueName\":\"search_term_string\"}}],\"inLanguage\":\"hr\"},{\"@type\":\"Organization\",\"@id\":\"https:\/\/talkpal.ai\/hr\/#organization\",\"name\":\"Talkpal, Inc.\",\"alternateName\":\"Talkpal AI\",\"url\":\"https:\/\/talkpal.ai\/hr\/\",\"logo\":{\"@type\":\"ImageObject\",\"inLanguage\":\"hr\",\"@id\":\"https:\/\/talkpal.ai\/hr\/#\/schema\/logo\/image\/\",\"url\":\"https:\/\/talkpal.ai\/wp-content\/uploads\/2024\/03\/Talkpal-Logo-Icon.png\",\"contentUrl\":\"https:\/\/talkpal.ai\/wp-content\/uploads\/2024\/03\/Talkpal-Logo-Icon.png\",\"width\":2880,\"height\":2880,\"caption\":\"Talkpal, Inc.\"},\"image\":{\"@id\":\"https:\/\/talkpal.ai\/hr\/#\/schema\/logo\/image\/\"},\"sameAs\":[\"https:\/\/www.facebook.com\/profile.php?id=100090733639311\",\"https:\/\/x.com\/talkpalai\",\"https:\/\/www.linkedin.com\/company\/talkpal\/\",\"https:\/\/www.youtube.com\/@TalkPal\/\",\"https:\/\/www.tiktok.com\/@talkpal\",\"https:\/\/www.instagram.com\/talkpal_ai\/\",\"https:\/\/www.crunchbase.com\/organization\/talkpal-9cde\",\"https:\/\/www.g2.com\/products\/talkpal-for-business\/\",\"https:\/\/www.trustpilot.com\/review\/talkpal.ai\",\"https:\/\/www.capterra.com\/p\/10006800\/TalkPal\/\"],\"description\":\"Talkpal is a language learning web and mobile education app, powered by the latest AI technologies, that provides engaging experiences to its customers in many different languages to help them improve their language skills. Users can chat about unlimited amount of topics with the app and use other modes to practice their language learning.\",\"email\":\"support@talkpal.ai\",\"legalName\":\"Talkpal, Inc.\",\"foundingDate\":\"2023-04-03\",\"duns\":\"118989042\",\"numberOfEmployees\":{\"@type\":\"QuantitativeValue\",\"minValue\":\"11\",\"maxValue\":\"50\"},\"publishingPrinciples\":\"https:\/\/talkpal.ai\/publishing-principles\/\",\"actionableFeedbackPolicy\":\"https:\/\/talkpal.ai\/actionable-feedback-policy\/\",\"correctionsPolicy\":\"https:\/\/talkpal.ai\/corrections-policy\/\",\"ethicsPolicy\":\"https:\/\/talkpal.ai\/ethics-policy\/\",\"diversityPolicy\":\"https:\/\/talkpal.ai\/diversity-policy\/\",\"diversityStaffingReport\":\"https:\/\/talkpal.ai\/diversity-policy\/\"}]}<\/script>\n<!-- \/ Yoast SEO Premium plugin. -->","yoast_head_json":{"title":"Maorska gramatika - Talkpal","description":"Istra\u017eite osnove maorske gramatike uz na\u0161 vodi\u010d prilago\u0111en po\u010detnicima. Otkrijte 15 slova i osnovna pravila maorskog jezika te reo.","robots":{"index":"index","follow":"follow","max-snippet":"max-snippet:-1","max-image-preview":"max-image-preview:large","max-video-preview":"max-video-preview:-1"},"canonical":"https:\/\/talkpal.ai\/hr\/maorska-gramatika\/","og_locale":"hr_HR","og_type":"article","og_title":"Maorska gramatika","og_description":"Maorska gramatika: Va\u0161a ulaznica u \u017eivopisan bikulturalni svijet Kia ora! Dobrodo\u0161li u predivan svijet maorskog jezika. Kao autohtoni jezik Novog Zelanda,","og_url":"https:\/\/talkpal.ai\/hr\/maorska-gramatika\/","og_site_name":"Talkpal","article_publisher":"https:\/\/www.facebook.com\/profile.php?id=100090733639311","article_modified_time":"2025-12-17T16:45:12+00:00","og_image":[{"width":512,"height":512,"url":"https:\/\/talkpal.ai\/wp-content\/uploads\/2023\/05\/Maori-new-zealand.png","type":"image\/png"}],"twitter_card":"summary_large_image","twitter_site":"@talkpalai","twitter_misc":{"Procijenjeno vrijeme \u010ditanja":"2 minute"},"schema":{"@context":"https:\/\/schema.org","@graph":[{"@type":"WebPage","@id":"https:\/\/talkpal.ai\/hr\/maorska-gramatika\/","url":"https:\/\/talkpal.ai\/hr\/maorska-gramatika\/","name":"Maorska gramatika - Talkpal","isPartOf":{"@id":"https:\/\/talkpal.ai\/hr\/#website"},"primaryImageOfPage":{"@id":"https:\/\/talkpal.ai\/hr\/maorska-gramatika\/#primaryimage"},"image":{"@id":"https:\/\/talkpal.ai\/hr\/maorska-gramatika\/#primaryimage"},"thumbnailUrl":"https:\/\/talkpal.ai\/wp-content\/uploads\/2023\/05\/Maori-new-zealand.png","datePublished":"2023-05-14T14:12:25+00:00","dateModified":"2025-12-17T16:45:12+00:00","description":"Istra\u017eite osnove maorske gramatike uz na\u0161 vodi\u010d prilago\u0111en po\u010detnicima. Otkrijte 15 slova i osnovna pravila maorskog jezika te reo.","breadcrumb":{"@id":"https:\/\/talkpal.ai\/hr\/maorska-gramatika\/#breadcrumb"},"inLanguage":"hr","potentialAction":[{"@type":"ReadAction","target":["https:\/\/talkpal.ai\/hr\/maorska-gramatika\/"]}]},{"@type":"ImageObject","inLanguage":"hr","@id":"https:\/\/talkpal.ai\/hr\/maorska-gramatika\/#primaryimage","url":"https:\/\/talkpal.ai\/wp-content\/uploads\/2023\/05\/Maori-new-zealand.png","contentUrl":"https:\/\/talkpal.ai\/wp-content\/uploads\/2023\/05\/Maori-new-zealand.png","width":512,"height":512},{"@type":"BreadcrumbList","@id":"https:\/\/talkpal.ai\/hr\/maorska-gramatika\/#breadcrumb","itemListElement":[{"@type":"ListItem","position":1,"name":"Homepage","item":"https:\/\/talkpal.ai\/hr\/"},{"@type":"ListItem","position":2,"name":"Maorska gramatika"}]},{"@type":"WebSite","@id":"https:\/\/talkpal.ai\/hr\/#website","url":"https:\/\/talkpal.ai\/hr\/","name":"Talkpal","description":"AI Language Learning","publisher":{"@id":"https:\/\/talkpal.ai\/hr\/#organization"},"alternateName":"Talkpal AI","potentialAction":[{"@type":"SearchAction","target":{"@type":"EntryPoint","urlTemplate":"https:\/\/talkpal.ai\/hr\/?s={search_term_string}"},"query-input":{"@type":"PropertyValueSpecification","valueRequired":true,"valueName":"search_term_string"}}],"inLanguage":"hr"},{"@type":"Organization","@id":"https:\/\/talkpal.ai\/hr\/#organization","name":"Talkpal, Inc.","alternateName":"Talkpal AI","url":"https:\/\/talkpal.ai\/hr\/","logo":{"@type":"ImageObject","inLanguage":"hr","@id":"https:\/\/talkpal.ai\/hr\/#\/schema\/logo\/image\/","url":"https:\/\/talkpal.ai\/wp-content\/uploads\/2024\/03\/Talkpal-Logo-Icon.png","contentUrl":"https:\/\/talkpal.ai\/wp-content\/uploads\/2024\/03\/Talkpal-Logo-Icon.png","width":2880,"height":2880,"caption":"Talkpal, Inc."},"image":{"@id":"https:\/\/talkpal.ai\/hr\/#\/schema\/logo\/image\/"},"sameAs":["https:\/\/www.facebook.com\/profile.php?id=100090733639311","https:\/\/x.com\/talkpalai","https:\/\/www.linkedin.com\/company\/talkpal\/","https:\/\/www.youtube.com\/@TalkPal\/","https:\/\/www.tiktok.com\/@talkpal","https:\/\/www.instagram.com\/talkpal_ai\/","https:\/\/www.crunchbase.com\/organization\/talkpal-9cde","https:\/\/www.g2.com\/products\/talkpal-for-business\/","https:\/\/www.trustpilot.com\/review\/talkpal.ai","https:\/\/www.capterra.com\/p\/10006800\/TalkPal\/"],"description":"Talkpal is a language learning web and mobile education app, powered by the latest AI technologies, that provides engaging experiences to its customers in many different languages to help them improve their language skills. Users can chat about unlimited amount of topics with the app and use other modes to practice their language learning.","email":"support@talkpal.ai","legalName":"Talkpal, Inc.","foundingDate":"2023-04-03","duns":"118989042","numberOfEmployees":{"@type":"QuantitativeValue","minValue":"11","maxValue":"50"},"publishingPrinciples":"https:\/\/talkpal.ai\/publishing-principles\/","actionableFeedbackPolicy":"https:\/\/talkpal.ai\/actionable-feedback-policy\/","correctionsPolicy":"https:\/\/talkpal.ai\/corrections-policy\/","ethicsPolicy":"https:\/\/talkpal.ai\/ethics-policy\/","diversityPolicy":"https:\/\/talkpal.ai\/diversity-policy\/","diversityStaffingReport":"https:\/\/talkpal.ai\/diversity-policy\/"}]}},"_links":{"self":[{"href":"https:\/\/talkpal.ai\/hr\/wp-json\/wp\/v2\/pages\/147953","targetHints":{"allow":["GET"]}}],"collection":[{"href":"https:\/\/talkpal.ai\/hr\/wp-json\/wp\/v2\/pages"}],"about":[{"href":"https:\/\/talkpal.ai\/hr\/wp-json\/wp\/v2\/types\/page"}],"author":[{"embeddable":true,"href":"https:\/\/talkpal.ai\/hr\/wp-json\/wp\/v2\/users\/1"}],"replies":[{"embeddable":true,"href":"https:\/\/talkpal.ai\/hr\/wp-json\/wp\/v2\/comments?post=147953"}],"version-history":[{"count":0,"href":"https:\/\/talkpal.ai\/hr\/wp-json\/wp\/v2\/pages\/147953\/revisions"}],"wp:featuredmedia":[{"embeddable":true,"href":"https:\/\/talkpal.ai\/hr\/wp-json\/wp\/v2\/media\/116617"}],"wp:attachment":[{"href":"https:\/\/talkpal.ai\/hr\/wp-json\/wp\/v2\/media?parent=147953"}],"curies":[{"name":"wp","href":"https:\/\/api.w.org\/{rel}","templated":true}]}}