{"id":147468,"date":"2023-05-14T14:12:07","date_gmt":"2023-05-14T14:12:07","guid":{"rendered":"http:\/\/talkpal.ai\/marathi-gramatika\/"},"modified":"2025-12-12T10:38:41","modified_gmt":"2025-12-12T10:38:41","slug":"marathi-gramatika","status":"publish","type":"page","link":"https:\/\/talkpal.ai\/hr\/marathi-gramatika\/","title":{"rendered":"Marathi gramatika"},"content":{"rendered":"\r\n\r\n\r\n<section class=\"languageChallengeSection\">\r\n    <div class=\"languageInfoWrapper\">\r\n        \r\n        <h1>Marathi gramatika<\/h1>\r\n        <p>Zanima vas marati? Zakora\u010dite u gramatiku <a href=\"https:\/\/talkpal.ai\/learn-marathi\/\">marathi<\/a> jezika, gdje imenice odre\u0111ene rodom, fleksibilna re\u010deni\u010dna struktura i ekspresivne glagolske konjugacije stvaraju \u017eivahan i dinami\u010dan jezik. Zapo\u010dnite svoje u\u010denje ve\u0107 danas \u2013 savladavanje gramatike <a href=\"https:\/\/talkpal.ai\/learn-marathi\/\">marathi<\/a> jezika pomo\u0107i \u0107e vam da komunicirate s povjerenjem i pove\u017eete se s bogatim tradicijama i kulturom Maharashtre!<\/p>\r\n\r\n                            <a class=\"getStartedHidden\" href=\"https:\/\/app.talkpal.ai\/hr\/signup?lng=\">Zapo\u010dni<\/a>\r\n        \r\n    <\/div>\r\n\r\n    <figure>\r\n    <img decoding=\"async\" width=\"768\" height=\"768\" src=\"https:\/\/talkpal.ai\/wp-content\/uploads\/2023\/06\/marathi-768x768.png\" class=\"languageImage no-lazy\" alt=\"Fun ways to make language learning interesting\" fetchpriority=\"high\" sizes=\"(max-width: 768px) 150px, 768px\" srcset=\"https:\/\/talkpal.ai\/wp-content\/uploads\/2023\/06\/marathi-768x768.png 768w, https:\/\/talkpal.ai\/wp-content\/uploads\/2023\/06\/marathi-300x300.png 300w\" \/>\r\n    \r\n\r\n    <\/figure>\r\n\r\n            <a class=\"getStartedVisible\" href=\"https:\/\/app.talkpal.ai\/hr\/signup?lng=\">Zapo\u010dni<\/a>\r\n    \r\n<\/section>\r\n<section class=\"promotionalBanner\">\r\n    <p class=\"promotionalText\">Naju\u010dinkovitiji na\u010din u\u010denja jezika<\/p>\r\n    <a class=\"promotionalLink\" href=\"https:\/\/app.talkpal.ai\/hr\/signup?lng=\">Isprobajte Talkpal besplatno<\/a>\r\n<\/section>\n<div class=\"wp-block-group pageContainerStyle\"><div class=\"wp-block-group__inner-container is-layout-constrained wp-block-group-is-layout-constrained\">\n<h2 class=\"wp-block-heading\" id=\"h-the-allure-of-marathi-grammar-unfolding-its-mysteries-and-intricacies\">Privla\u010dnost Marathi gramatike: Otkrivanje njezinih misterija i zamr\u0161enosti<\/h2>\n\n\n\n<p>Sje\u0107ate li se zbunjuju\u0107eg putovanja u\u010denja engleske gramatike, optere\u0107ene slo\u017eenim pravilima, iznimkama i zamr\u0161enom terminologijom? Ako sada razmi\u0161ljate o u\u010denju marathi jezika, pripremite se za jednako zadivljuju\u0107e istra\u017eivanje gramatike marathi.<\/p>\n\n\n\n<p>Marathi, indoarijevski jezik koji se prete\u017eno govori u indijskoj dr\u017eavi Maharashtri, mo\u017ee se pohvaliti bogatom tradicijom i jedinstvenim jezi\u010dnim zna\u010dajkama. Dok zaranjate u misti\u010dnost Marathi gramatike, otkrit \u0107ete fascinantnu interakciju njezinih abeceda, zamr\u0161enih pravila i o\u010daravaju\u0107e fonetike. Dakle, otkrijmo zajedno privla\u010dnost gramatike marathskog jezika, jedno po malo pravilo.<\/p>\n\n\n\n<p>Jedna od najupe\u010datljivijih zna\u010dajki <strong>Marathi gramatike<\/strong> je njegova opse\u017ena uporaba imenica. Te infleksije \u010desto poma\u017eu u preno\u0161enju klju\u010dnih gramati\u010dkih elemenata, kao \u0161to su broj, spol i slu\u010daj. Marathi ima tri spola &#8211; mu\u0161ki, \u017eenski i srednji &#8211; i svaki spol posjeduje svoj prepoznatljiv skup obrazaca infleksije. Nadalje, jezik ima dva broja &#8211; jedninu i mno\u017einu &#8211; koji poma\u017eu izraziti koli\u010dinu imenice.<\/p>\n\n\n\n<p>Jo\u0161 jedna <strong>jedinstvena osobina Marathi gramatike<\/strong> je na\u010din na koji glagoli konjugiraju, ovisno o vremenu. Kada konjugirate glagole u Marathiju, morate uzeti u obzir ne samo glagolsko vrijeme, ve\u0107 i subjektov rod i broj. Marathi glagolski oblici uklju\u010duju sada\u0161nje vrijeme, pro\u0161lo vrijeme i budu\u0107e vrijeme, uz imperative i konjunktive. Ove opse\u017ene konjugacije dodaju dubinu i dinami\u010dnost Marathiju, \u010dine\u0107i ga doista zadivljuju\u0107im jezikom za istra\u017eivanje.<\/p>\n\n\n\n<p>Marathi jezik je tako\u0111er poznat po <strong>svojoj raznolikosti zamjenica<\/strong>. Marathi ima brojne osobne, demonstrativne, upitne i refleksivne zamjenice, od kojih svaka dolazi sa svojim uzorcima deklinacije. To se u po\u010detku mo\u017ee \u010diniti zastra\u0161uju\u0107im, ali kako dublje zaronite u jezik, cijenit \u0107ete neusporedivu preciznost koju nudi Marathi <a href=\"https:\/\/talkpal.ai\/sq\/gramatika\/\">gramatika<\/a>.<\/p>\n\n\n\n<p>Jo\u0161 jedan intrigantan aspekt Marathijeve gramatike le\u017ei u njegovom <strong>rasporedu rije\u010di u re\u010denici<\/strong>. Redoslijed rije\u010di u Marathiju op\u0107enito slijedi strukturu subjekt-objekt-glagol (SOV), sli\u010dnu drugim indo-arijevskim jezicima. Ova struktura obi\u010dno stavlja glagol na kraj re\u010denice, \u0161to se u po\u010detku mo\u017ee pokazati izazovnim za govornike engleskog jezika.<\/p>\n\n\n\n<p>Zaroniv\u0161i u <strong>Marathi fonetiku<\/strong>, nai\u0107i \u0107ete na o\u010daravaju\u0107i raspon zvukova, izgovorenih kroz 16 samoglasnika (swar) i 36 suglasnika (vyanjan). Devanagari pismo, koje koristi marathi, dodaje sloj \u0161arma ovom ve\u0107 o\u010daravaju\u0107em jeziku.  <\/p>\n\n\n\n<p>U\u010denje marathi gramatike, sa svojim bezbroj pravila i slo\u017eenosti, nesumnjivo mo\u017ee biti zastra\u0161uju\u0107i zadatak u po\u010detku. Me\u0111utim, ovaj izazov je tako\u0111er <a href=\"https:\/\/talkpal.ai\/locations\/language-courses-in-ono\/\">ono<\/a> \u0161to ga \u010dini iznimno poticajnim i zadovoljavaju\u0107im. Dok uranjate u o\u010daravaju\u0107i svijet Marathi gramatike, otkrit \u0107ete ne samo djelovanje jezika, ve\u0107 \u0107ete ste\u0107i i dublje razumijevanje kulture, povijesti i mudrosti koju utjelovljuje.<\/p>\n\n\n\n<p>Dakle, za\u0161to se ne biste upustili u ovu jezi\u010dnu avanturu kako biste istra\u017eili primamljive dubine marathi gramatike i otkrili njezine nebrojene tajne i nijanse koje \u010dekaju da budu savladane? Radost u\u010denja i u\u017eitak razumijevanja suptilnosti Marathi gramatike udaljeni su samo nekoliko trenutaka!<\/p>\n<\/div><\/div>\n\r\n<section class=\"learnNavigationSection\">\r\n            \r\n        <a href=\"https:\/\/talkpal.ai\/hr\/naucite-marathi\/\">\r\n            <div class=\"learnNavigationWrapper\">\r\n                <div class=\"learnNavigationContent\">\r\n                    <img decoding=\"async\" src=\"https:\/\/talkpal.ai\/wp-content\/uploads\/2023\/05\/Marathi-india.png\" alt=\"TalkPal Marathi Flag\">\r\n                    <div>\r\n                        <h4>O u\u010denju maratskog jezika<\/h4>\r\n                        <p>Saznajte sve o Marathi gramatici.<\/p>\r\n                    <\/div>\r\n                <\/div>\r\n            <\/div>\r\n        <\/a>\r\n\r\n        \r\n        <a href=\"https:\/\/talkpal.ai\/hr\/marathi-gramaticke-vjezbe\/\">\r\n            <div class=\"learnNavigationWrapper\">\r\n                <div class=\"learnNavigationContent\">\r\n                    <img decoding=\"async\" src=\"https:\/\/talkpal.ai\/wp-content\/uploads\/2023\/05\/Marathi-india.png\" alt=\"TalkPal Marathi Flag\">\r\n                    <div>\r\n                        <h4>Gramati\u010dka vje\u017eba marathskog jezika<\/h4>\r\n                        <p>Vje\u017ebajte Marathi gramatiku.<\/p>\r\n                    <\/div>\r\n                <\/div>\r\n            <\/div>\r\n        <\/a>\r\n\r\n        \r\n        <a href=\"https:\/\/talkpal.ai\/vocabulary_language\/marathi\/\">\r\n            <div class=\"learnNavigationWrapper\">\r\n                <div class=\"learnNavigationContent\">\r\n                    <img decoding=\"async\" src=\"https:\/\/talkpal.ai\/wp-content\/uploads\/2023\/05\/Marathi-india.png\" alt=\"TalkPal Marathi Flag\">\r\n                    <div>\r\n                        <h4>Marathski rje\u010dnik<\/h4>\r\n                        <p>Pro\u0161irite svoj marati vokabular.<\/p>\r\n                    <\/div>\r\n                <\/div>\r\n            <\/div>\r\n        <\/a>\r\n\r\n            <\/section>","protected":false},"excerpt":{"rendered":"<p>Privla\u010dnost Marathi gramatike: Otkrivanje njezinih misterija i zamr\u0161enosti Sje\u0107ate li se zbunjuju\u0107eg putovanja u\u010denja engleske gramatike, optere\u0107ene slo\u017eenim pravilima, iznimkama i zamr\u0161enom terminologijom? Ako sada razmi\u0161ljate o u\u010denju marathi jezika, pripremite se za jednako zadivljuju\u0107e istra\u017eivanje gramatike marathi. Marathi, indoarijevski jezik koji se prete\u017eno govori u indijskoj dr\u017eavi Maharashtri, mo\u017ee se pohvaliti bogatom tradicijom i [&hellip;]<\/p>\n","protected":false},"author":1,"featured_media":116342,"parent":0,"menu_order":0,"comment_status":"closed","ping_status":"closed","template":"LearningContentPage.php","meta":{"_acf_changed":false,"footnotes":""},"class_list":["post-147468","page","type-page","status-publish","has-post-thumbnail","hentry"],"acf":[],"yoast_head":"<!-- This site is optimized with the Yoast SEO Premium plugin v27.2 (Yoast SEO v27.2) - https:\/\/yoast.com\/product\/yoast-seo-premium-wordpress\/ -->\n<title>Marathi gramatika - Talkpal<\/title>\n<meta name=\"description\" content=\"Istra\u017eite fascinantan svijet gramatike marathi jezika i otkrijte njegova jedinstvena pravila, fonetiku i infleksije dok u\u010dite jezik.\" \/>\n<meta name=\"robots\" content=\"index, follow, max-snippet:-1, max-image-preview:large, max-video-preview:-1\" \/>\n<link rel=\"canonical\" href=\"https:\/\/talkpal.ai\/hr\/marathi-gramatika\/\" \/>\n<meta property=\"og:locale\" content=\"hr_HR\" \/>\n<meta property=\"og:type\" content=\"article\" \/>\n<meta property=\"og:title\" content=\"Marathi gramatika\" \/>\n<meta property=\"og:description\" content=\"Privla\u010dnost Marathi gramatike: Otkrivanje njezinih misterija i zamr\u0161enosti Sje\u0107ate li se zbunjuju\u0107eg putovanja u\u010denja engleske gramatike, optere\u0107ene\" \/>\n<meta property=\"og:url\" content=\"https:\/\/talkpal.ai\/hr\/marathi-gramatika\/\" \/>\n<meta property=\"og:site_name\" content=\"Talkpal\" \/>\n<meta property=\"article:publisher\" content=\"https:\/\/www.facebook.com\/profile.php?id=100090733639311\" \/>\n<meta property=\"article:modified_time\" content=\"2025-12-12T10:38:41+00:00\" \/>\n<meta property=\"og:image\" content=\"https:\/\/talkpal.ai\/wp-content\/uploads\/2023\/05\/Marathi-india.png\" \/>\n\t<meta property=\"og:image:width\" content=\"512\" \/>\n\t<meta property=\"og:image:height\" content=\"512\" \/>\n\t<meta property=\"og:image:type\" content=\"image\/png\" \/>\n<meta name=\"twitter:card\" content=\"summary_large_image\" \/>\n<meta name=\"twitter:site\" content=\"@talkpalai\" \/>\n<meta name=\"twitter:label1\" content=\"Procijenjeno vrijeme \u010ditanja\" \/>\n\t<meta name=\"twitter:data1\" content=\"3 minute\" \/>\n<script type=\"application\/ld+json\" class=\"yoast-schema-graph\">{\"@context\":\"https:\/\/schema.org\",\"@graph\":[{\"@type\":\"WebPage\",\"@id\":\"https:\/\/talkpal.ai\/hr\/marathi-gramatika\/\",\"url\":\"https:\/\/talkpal.ai\/hr\/marathi-gramatika\/\",\"name\":\"Marathi gramatika - Talkpal\",\"isPartOf\":{\"@id\":\"https:\/\/talkpal.ai\/hr\/#website\"},\"primaryImageOfPage\":{\"@id\":\"https:\/\/talkpal.ai\/hr\/marathi-gramatika\/#primaryimage\"},\"image\":{\"@id\":\"https:\/\/talkpal.ai\/hr\/marathi-gramatika\/#primaryimage\"},\"thumbnailUrl\":\"https:\/\/talkpal.ai\/wp-content\/uploads\/2023\/05\/Marathi-india.png\",\"datePublished\":\"2023-05-14T14:12:07+00:00\",\"dateModified\":\"2025-12-12T10:38:41+00:00\",\"description\":\"Istra\u017eite fascinantan svijet gramatike marathi jezika i otkrijte njegova jedinstvena pravila, fonetiku i infleksije dok u\u010dite jezik.\",\"breadcrumb\":{\"@id\":\"https:\/\/talkpal.ai\/hr\/marathi-gramatika\/#breadcrumb\"},\"inLanguage\":\"hr\",\"potentialAction\":[{\"@type\":\"ReadAction\",\"target\":[\"https:\/\/talkpal.ai\/hr\/marathi-gramatika\/\"]}]},{\"@type\":\"ImageObject\",\"inLanguage\":\"hr\",\"@id\":\"https:\/\/talkpal.ai\/hr\/marathi-gramatika\/#primaryimage\",\"url\":\"https:\/\/talkpal.ai\/wp-content\/uploads\/2023\/05\/Marathi-india.png\",\"contentUrl\":\"https:\/\/talkpal.ai\/wp-content\/uploads\/2023\/05\/Marathi-india.png\",\"width\":512,\"height\":512},{\"@type\":\"BreadcrumbList\",\"@id\":\"https:\/\/talkpal.ai\/hr\/marathi-gramatika\/#breadcrumb\",\"itemListElement\":[{\"@type\":\"ListItem\",\"position\":1,\"name\":\"Homepage\",\"item\":\"https:\/\/talkpal.ai\/hr\/\"},{\"@type\":\"ListItem\",\"position\":2,\"name\":\"Marathi gramatika\"}]},{\"@type\":\"WebSite\",\"@id\":\"https:\/\/talkpal.ai\/hr\/#website\",\"url\":\"https:\/\/talkpal.ai\/hr\/\",\"name\":\"Talkpal\",\"description\":\"AI Language Learning\",\"publisher\":{\"@id\":\"https:\/\/talkpal.ai\/hr\/#organization\"},\"alternateName\":\"Talkpal AI\",\"potentialAction\":[{\"@type\":\"SearchAction\",\"target\":{\"@type\":\"EntryPoint\",\"urlTemplate\":\"https:\/\/talkpal.ai\/hr\/?s={search_term_string}\"},\"query-input\":{\"@type\":\"PropertyValueSpecification\",\"valueRequired\":true,\"valueName\":\"search_term_string\"}}],\"inLanguage\":\"hr\"},{\"@type\":\"Organization\",\"@id\":\"https:\/\/talkpal.ai\/hr\/#organization\",\"name\":\"Talkpal, Inc.\",\"alternateName\":\"Talkpal AI\",\"url\":\"https:\/\/talkpal.ai\/hr\/\",\"logo\":{\"@type\":\"ImageObject\",\"inLanguage\":\"hr\",\"@id\":\"https:\/\/talkpal.ai\/hr\/#\/schema\/logo\/image\/\",\"url\":\"https:\/\/talkpal.ai\/wp-content\/uploads\/2024\/03\/Talkpal-Logo-Icon.png\",\"contentUrl\":\"https:\/\/talkpal.ai\/wp-content\/uploads\/2024\/03\/Talkpal-Logo-Icon.png\",\"width\":2880,\"height\":2880,\"caption\":\"Talkpal, Inc.\"},\"image\":{\"@id\":\"https:\/\/talkpal.ai\/hr\/#\/schema\/logo\/image\/\"},\"sameAs\":[\"https:\/\/www.facebook.com\/profile.php?id=100090733639311\",\"https:\/\/x.com\/talkpalai\",\"https:\/\/www.linkedin.com\/company\/talkpal\/\",\"https:\/\/www.youtube.com\/@TalkPal\/\",\"https:\/\/www.tiktok.com\/@talkpal\",\"https:\/\/www.instagram.com\/talkpal_ai\/\",\"https:\/\/www.crunchbase.com\/organization\/talkpal-9cde\",\"https:\/\/www.g2.com\/products\/talkpal-for-business\/\",\"https:\/\/www.trustpilot.com\/review\/talkpal.ai\",\"https:\/\/www.capterra.com\/p\/10006800\/TalkPal\/\"],\"description\":\"Talkpal is a language learning web and mobile education app, powered by the latest AI technologies, that provides engaging experiences to its customers in many different languages to help them improve their language skills. Users can chat about unlimited amount of topics with the app and use other modes to practice their language learning.\",\"email\":\"support@talkpal.ai\",\"legalName\":\"Talkpal, Inc.\",\"foundingDate\":\"2023-04-03\",\"duns\":\"118989042\",\"numberOfEmployees\":{\"@type\":\"QuantitativeValue\",\"minValue\":\"11\",\"maxValue\":\"50\"},\"publishingPrinciples\":\"https:\/\/talkpal.ai\/publishing-principles\/\",\"actionableFeedbackPolicy\":\"https:\/\/talkpal.ai\/actionable-feedback-policy\/\",\"correctionsPolicy\":\"https:\/\/talkpal.ai\/corrections-policy\/\",\"ethicsPolicy\":\"https:\/\/talkpal.ai\/ethics-policy\/\",\"diversityPolicy\":\"https:\/\/talkpal.ai\/diversity-policy\/\",\"diversityStaffingReport\":\"https:\/\/talkpal.ai\/diversity-policy\/\"}]}<\/script>\n<!-- \/ Yoast SEO Premium plugin. -->","yoast_head_json":{"title":"Marathi gramatika - Talkpal","description":"Istra\u017eite fascinantan svijet gramatike marathi jezika i otkrijte njegova jedinstvena pravila, fonetiku i infleksije dok u\u010dite jezik.","robots":{"index":"index","follow":"follow","max-snippet":"max-snippet:-1","max-image-preview":"max-image-preview:large","max-video-preview":"max-video-preview:-1"},"canonical":"https:\/\/talkpal.ai\/hr\/marathi-gramatika\/","og_locale":"hr_HR","og_type":"article","og_title":"Marathi gramatika","og_description":"Privla\u010dnost Marathi gramatike: Otkrivanje njezinih misterija i zamr\u0161enosti Sje\u0107ate li se zbunjuju\u0107eg putovanja u\u010denja engleske gramatike, optere\u0107ene","og_url":"https:\/\/talkpal.ai\/hr\/marathi-gramatika\/","og_site_name":"Talkpal","article_publisher":"https:\/\/www.facebook.com\/profile.php?id=100090733639311","article_modified_time":"2025-12-12T10:38:41+00:00","og_image":[{"width":512,"height":512,"url":"https:\/\/talkpal.ai\/wp-content\/uploads\/2023\/05\/Marathi-india.png","type":"image\/png"}],"twitter_card":"summary_large_image","twitter_site":"@talkpalai","twitter_misc":{"Procijenjeno vrijeme \u010ditanja":"3 minute"},"schema":{"@context":"https:\/\/schema.org","@graph":[{"@type":"WebPage","@id":"https:\/\/talkpal.ai\/hr\/marathi-gramatika\/","url":"https:\/\/talkpal.ai\/hr\/marathi-gramatika\/","name":"Marathi gramatika - Talkpal","isPartOf":{"@id":"https:\/\/talkpal.ai\/hr\/#website"},"primaryImageOfPage":{"@id":"https:\/\/talkpal.ai\/hr\/marathi-gramatika\/#primaryimage"},"image":{"@id":"https:\/\/talkpal.ai\/hr\/marathi-gramatika\/#primaryimage"},"thumbnailUrl":"https:\/\/talkpal.ai\/wp-content\/uploads\/2023\/05\/Marathi-india.png","datePublished":"2023-05-14T14:12:07+00:00","dateModified":"2025-12-12T10:38:41+00:00","description":"Istra\u017eite fascinantan svijet gramatike marathi jezika i otkrijte njegova jedinstvena pravila, fonetiku i infleksije dok u\u010dite jezik.","breadcrumb":{"@id":"https:\/\/talkpal.ai\/hr\/marathi-gramatika\/#breadcrumb"},"inLanguage":"hr","potentialAction":[{"@type":"ReadAction","target":["https:\/\/talkpal.ai\/hr\/marathi-gramatika\/"]}]},{"@type":"ImageObject","inLanguage":"hr","@id":"https:\/\/talkpal.ai\/hr\/marathi-gramatika\/#primaryimage","url":"https:\/\/talkpal.ai\/wp-content\/uploads\/2023\/05\/Marathi-india.png","contentUrl":"https:\/\/talkpal.ai\/wp-content\/uploads\/2023\/05\/Marathi-india.png","width":512,"height":512},{"@type":"BreadcrumbList","@id":"https:\/\/talkpal.ai\/hr\/marathi-gramatika\/#breadcrumb","itemListElement":[{"@type":"ListItem","position":1,"name":"Homepage","item":"https:\/\/talkpal.ai\/hr\/"},{"@type":"ListItem","position":2,"name":"Marathi gramatika"}]},{"@type":"WebSite","@id":"https:\/\/talkpal.ai\/hr\/#website","url":"https:\/\/talkpal.ai\/hr\/","name":"Talkpal","description":"AI Language Learning","publisher":{"@id":"https:\/\/talkpal.ai\/hr\/#organization"},"alternateName":"Talkpal AI","potentialAction":[{"@type":"SearchAction","target":{"@type":"EntryPoint","urlTemplate":"https:\/\/talkpal.ai\/hr\/?s={search_term_string}"},"query-input":{"@type":"PropertyValueSpecification","valueRequired":true,"valueName":"search_term_string"}}],"inLanguage":"hr"},{"@type":"Organization","@id":"https:\/\/talkpal.ai\/hr\/#organization","name":"Talkpal, Inc.","alternateName":"Talkpal AI","url":"https:\/\/talkpal.ai\/hr\/","logo":{"@type":"ImageObject","inLanguage":"hr","@id":"https:\/\/talkpal.ai\/hr\/#\/schema\/logo\/image\/","url":"https:\/\/talkpal.ai\/wp-content\/uploads\/2024\/03\/Talkpal-Logo-Icon.png","contentUrl":"https:\/\/talkpal.ai\/wp-content\/uploads\/2024\/03\/Talkpal-Logo-Icon.png","width":2880,"height":2880,"caption":"Talkpal, Inc."},"image":{"@id":"https:\/\/talkpal.ai\/hr\/#\/schema\/logo\/image\/"},"sameAs":["https:\/\/www.facebook.com\/profile.php?id=100090733639311","https:\/\/x.com\/talkpalai","https:\/\/www.linkedin.com\/company\/talkpal\/","https:\/\/www.youtube.com\/@TalkPal\/","https:\/\/www.tiktok.com\/@talkpal","https:\/\/www.instagram.com\/talkpal_ai\/","https:\/\/www.crunchbase.com\/organization\/talkpal-9cde","https:\/\/www.g2.com\/products\/talkpal-for-business\/","https:\/\/www.trustpilot.com\/review\/talkpal.ai","https:\/\/www.capterra.com\/p\/10006800\/TalkPal\/"],"description":"Talkpal is a language learning web and mobile education app, powered by the latest AI technologies, that provides engaging experiences to its customers in many different languages to help them improve their language skills. Users can chat about unlimited amount of topics with the app and use other modes to practice their language learning.","email":"support@talkpal.ai","legalName":"Talkpal, Inc.","foundingDate":"2023-04-03","duns":"118989042","numberOfEmployees":{"@type":"QuantitativeValue","minValue":"11","maxValue":"50"},"publishingPrinciples":"https:\/\/talkpal.ai\/publishing-principles\/","actionableFeedbackPolicy":"https:\/\/talkpal.ai\/actionable-feedback-policy\/","correctionsPolicy":"https:\/\/talkpal.ai\/corrections-policy\/","ethicsPolicy":"https:\/\/talkpal.ai\/ethics-policy\/","diversityPolicy":"https:\/\/talkpal.ai\/diversity-policy\/","diversityStaffingReport":"https:\/\/talkpal.ai\/diversity-policy\/"}]}},"_links":{"self":[{"href":"https:\/\/talkpal.ai\/hr\/wp-json\/wp\/v2\/pages\/147468","targetHints":{"allow":["GET"]}}],"collection":[{"href":"https:\/\/talkpal.ai\/hr\/wp-json\/wp\/v2\/pages"}],"about":[{"href":"https:\/\/talkpal.ai\/hr\/wp-json\/wp\/v2\/types\/page"}],"author":[{"embeddable":true,"href":"https:\/\/talkpal.ai\/hr\/wp-json\/wp\/v2\/users\/1"}],"replies":[{"embeddable":true,"href":"https:\/\/talkpal.ai\/hr\/wp-json\/wp\/v2\/comments?post=147468"}],"version-history":[{"count":0,"href":"https:\/\/talkpal.ai\/hr\/wp-json\/wp\/v2\/pages\/147468\/revisions"}],"wp:featuredmedia":[{"embeddable":true,"href":"https:\/\/talkpal.ai\/hr\/wp-json\/wp\/v2\/media\/116342"}],"wp:attachment":[{"href":"https:\/\/talkpal.ai\/hr\/wp-json\/wp\/v2\/media?parent=147468"}],"curies":[{"name":"wp","href":"https:\/\/api.w.org\/{rel}","templated":true}]}}