{"id":147144,"date":"2023-05-14T14:11:47","date_gmt":"2023-05-14T14:11:47","guid":{"rendered":"http:\/\/talkpal.ai\/malajska-gramatika\/"},"modified":"2025-12-17T16:41:34","modified_gmt":"2025-12-17T16:41:34","slug":"malajska-gramatika","status":"publish","type":"page","link":"https:\/\/talkpal.ai\/hr\/malajska-gramatika\/","title":{"rendered":"Malajska gramatika"},"content":{"rendered":"\r\n\r\n\r\n<section class=\"languageChallengeSection\">\r\n    <div class=\"languageInfoWrapper\">\r\n        \r\n        <h1>Malajska gramatika<\/h1>\r\n        <p>Zanima vas u\u010denje malajskog jezika? Zaronite u malajsku gramatiku, poznatu po svojim jednostavnim pravilima, nedostatku konjugacije glagola i upotrebi afiksa za stvaranje zna\u010denja. Po\u010dnite ve\u0107 danas \u2014 savladavanje malajske gramatike dat \u0107e vam samopouzdanje za laku komunikaciju i otvorit \u0107e vam vrata raznolikim i dinami\u010dnim kulturama jugoisto\u010dne Azije!<\/p>\r\n\r\n                            <a class=\"getStartedHidden\" href=\"https:\/\/app.talkpal.ai\/hr\/signup?lng=\">Zapo\u010dni<\/a>\r\n        \r\n    <\/div>\r\n\r\n    <figure>\r\n    <img decoding=\"async\" width=\"768\" height=\"768\" src=\"https:\/\/talkpal.ai\/wp-content\/uploads\/2023\/06\/malay-768x768.png\" class=\"languageImage no-lazy\" alt=\"Language learning for personal accomplishments\" fetchpriority=\"high\" sizes=\"(max-width: 768px) 150px, 768px\" srcset=\"https:\/\/talkpal.ai\/wp-content\/uploads\/2023\/06\/malay-768x768.png 768w, https:\/\/talkpal.ai\/wp-content\/uploads\/2023\/06\/malay-300x300.png 300w\" \/>\r\n    \r\n\r\n    <\/figure>\r\n\r\n            <a class=\"getStartedVisible\" href=\"https:\/\/app.talkpal.ai\/hr\/signup?lng=\">Zapo\u010dni<\/a>\r\n    \r\n<\/section>\r\n<section class=\"promotionalBanner\">\r\n    <p class=\"promotionalText\">Naju\u010dinkovitiji na\u010din u\u010denja jezika<\/p>\r\n    <a class=\"promotionalLink\" href=\"https:\/\/app.talkpal.ai\/hr\/signup?lng=\">Isprobajte Talkpal besplatno<\/a>\r\n<\/section>\n<div class=\"wp-block-group pageContainerStyle\"><div class=\"wp-block-group__inner-container is-layout-constrained wp-block-group-is-layout-constrained\">\n<h2 class=\"wp-block-heading\" id=\"h-malay-grammar-exploring-the-richness-of-bahasa-melayu\">Malajska gramatika: Istra\u017eivanje bogatstva Bahasa Melayu<\/h2>\n\n\n\n<p><a href=\"https:\/\/talkpal.ai\/hr\/naucite-malajski\/\">Malajski jezik<\/a>, ili <a href=\"https:\/\/talkpal.ai\/ms\/belajar-bahasa-melayu\/\">Bahasa Melayu<\/a>, jedan je od najgovornijih svjetskih jezika, ujedinjuju\u0107i razli\u010dite narode Malezije, Indonezije, Bruneja i Singapura. Dok budete ulazili u u\u010denje malajskog, brzo \u0107ete otkriti ljepotu njegove gramatike i rastu\u0107eg jezi\u010dnog krajolika. Ovaj \u010dlanak ima za cilj upoznati vas s temeljnim na\u010delima malajske gramatike, vode\u0107i vas da bolje shvatite i cijenite ovaj svestrani jezik.<\/p>\n\n\n\n<h3 class=\"wp-block-heading\" id=\"h-1-nouns-simplicity-rules\">1. Imenice \u2013 Pravila jednostavnosti<\/h3>\n\n\n\n<p>Za razliku od drugih jezika, <a href=\"https:\/\/talkpal.ai\/malay-grammar\/\">malajska gramatika<\/a> ne sadr\u017ei deklinacije ili rodne klasifikacije za svoje imenice. Umjesto toga, upotreba imenica stavlja sna\u017ean naglasak na jednostavnost. Mno\u017einski oblici imenica nastaju samo dupliciranjem. Zvu\u010di lako, <a href=\"https:\/\/talkpal.ai\/culture\/how-do-you-use-the-phrase-zar-ne-at-the-end-of-a-sentence\/\">zar ne<\/a>? Na primjer, &#8220;jabuka&#8221; je &#8220;buah epal&#8221;, pa &#8220;jabuke&#8221; postaje &#8220;buah-buah epal&#8221;. Dupliciranje mo\u017eete odustati u neformalnom govoru.<\/p>\n\n\n\n<h3 class=\"wp-block-heading\" id=\"h-2-adjectives-straightforward-descriptions\">2. Pridjevi &#8211; Jasni opisi<\/h3>\n\n\n\n<p><a href=\"https:\/\/talkpal.ai\/learn-malay\/\">Malajski<\/a> pridjevi ostaju nepromijenjeni bez obzira na imenicu koju opisuju, \u0161to ih \u010dini nevjerojatno lakima za upotrebu \u2013 jo\u0161 jedan dokaz jednostavnosti jezika. Pridjev dolazi nakon imenice, stvaraju\u0107i ugodan protok u re\u010denicama. Na primjer, &#8220;velika ku\u0107a&#8221; je &#8220;rumah besar&#8221;, gdje se &#8220;rumah&#8221; odnosi na &#8220;ku\u0107u&#8221;, a &#8220;besar&#8221; zna\u010di &#8220;velik&#8221;.<\/p>\n\n\n\n<h3 class=\"wp-block-heading\" id=\"h-3-verbs-the-magic-of-prefixes-and-suffixes\">3. Glagoli \u2013 \u010carolija prefiksa i sufiksa<\/h3>\n\n\n\n<p>Malajski glagoli mogu se pohvaliti raznoliko\u0161\u0107u <a href=\"https:\/\/talkpal.ai\/locations\/language-courses-in-koja\/\">koja<\/a> je istovremeno uzbudljiva i jednostavna. U Bahasa Melayu, vremena se ne prenose eksplicitno kroz glagolske oblike; umjesto toga, nazna\u010deni su kroz oznake konteksta ili vremena. Osim toga, Malajski u velikoj mjeri koristi prefikse i sufikse za izra\u017eavanje razli\u010ditih glagolskih aspekata.<\/p>\n\n\n\n<p>Postoje tri primarna prefiksa: \u201emeN-\u201c, \u201eber-\u201c i \u201eter-\u201c. Prefiks &#8220;meN-&#8221; ima \u0161irok raspon upotreba, uklju\u010duju\u0107i tvorbu aktivnih glagola i ozna\u010davanje uzro\u010dnih radnji. U me\u0111uvremenu, &#8220;ber-&#8221; ozna\u010dava neprelazne radnje, a &#8220;ter-&#8221; ozna\u010dava slu\u010dajne pojave ili pasivne radnje. Va\u017eno je napomenuti da svaki prefiks mo\u017ee izazvati male promjene u pisanju osnovnog glagola.<\/p>\n\n\n\n<p>Sufiksi, kao \u0161to su &#8220;-kan&#8221; i &#8220;-i&#8221;, poma\u017eu u daljnjoj specifi\u010dnosti, dok infiks &#8220;-el-&#8221; daje intenzitet osnovnom glagolu.<\/p>\n\n\n\n<h3 class=\"wp-block-heading\" id=\"h-4-prepositions-amp-particles-adding-flavor-to-sentences\">4. Prijedlozi i \u010destice &#8211; Dodavanje okusa re\u010denicama<\/h3>\n\n\n\n<p>Prijedlozi i \u010destice igraju vitalnu ulogu u malajskoj gramatici, djeluju\u0107i kao jezi\u010dno ljepilo i pru\u017eaju\u0107i bitan kontekst. Prijedlozi, kao \u0161to su \u201cdi\u201d (at), \u201cke\u201d (do) i \u201cdari\u201d (od), poma\u017eu u uspostavljanju odnosa izme\u0111u rije\u010di. S druge strane, \u010destice, poput &#8220;lah&#8221;, &#8220;kah&#8221; i &#8220;pun rije\u010di&#8221;, koriste se za dodavanje naglaska, emocija i upitnika re\u010denicama.<\/p>\n\n\n\n<p>Na primjer, re\u010denica &#8220;Kamu pergi sana&#8221;, \u0161to zna\u010di &#8220;Idi tamo&#8221;, postaje nagla\u0161enija ako dodate &#8220;lah&#8221; na kraju: &#8220;Kamu pergi sana lah.&#8221; To sada zna\u010di &#8220;Idi tamo (odmah).&#8221;<\/p>\n\n\n\n<h3 class=\"wp-block-heading\" id=\"h-5-embracing-the-journey\">5. Prihva\u0107anje putovanja<\/h3>\n\n\n\n<p>Iako se <a href=\"https:\/\/talkpal.ai\/malay-grammar\/\">malajska gramatika<\/a> mo\u017ee \u010diniti jednostavnom u usporedbi s drugim jezicima, njezina ljepota le\u017ei u bogatstvu i raznolikosti izraza postignutih jednostavnim pravilima. Lako\u0107a u\u010denja malajske gramatike omogu\u0107it \u0107e vam da se u\u010dinkovitije uklju\u010dite u raznoliki svijet malajskog govornog podru\u010dja i uronite u njegovu jedinstvenu kulturu.<\/p>\n\n\n\n<p>Prije nego \u0161to zaronite glavom u svijet Bahasa Melayua, zapamtite da putovanje mo\u017eda ne\u0107e uvijek biti glatko jedrenje. Budite otvorenog uma, bavite se izvornim govornicima i, \u0161to je najva\u017enije, u\u017eivajte u iskustvu otkrivanja nijansi unutar ovog prekrasnog jezika. Selamat belajar \u2013 sretno u\u010denje!<\/p>\n<\/div><\/div>\n\r\n<section class=\"learnNavigationSection\">\r\n            \r\n        <a href=\"https:\/\/talkpal.ai\/hr\/naucite-malajski\/\">\r\n            <div class=\"learnNavigationWrapper\">\r\n                <div class=\"learnNavigationContent\">\r\n                    <img decoding=\"async\" src=\"https:\/\/talkpal.ai\/wp-content\/uploads\/2024\/08\/Malay.jpg\" alt=\"Malaysian Flag\">\r\n                    <div>\r\n                        <h4>O u\u010denju malajskog<\/h4>\r\n                        <p>Saznajte sve o malajskoj gramatici.<\/p>\r\n                    <\/div>\r\n                <\/div>\r\n            <\/div>\r\n        <\/a>\r\n\r\n        \r\n        <a href=\"https:\/\/talkpal.ai\/hr\/vjezbe-malezijske-gramatike\/\">\r\n            <div class=\"learnNavigationWrapper\">\r\n                <div class=\"learnNavigationContent\">\r\n                    <img decoding=\"async\" src=\"https:\/\/talkpal.ai\/wp-content\/uploads\/2024\/08\/Malay.jpg\" alt=\"Malaysian Flag\">\r\n                    <div>\r\n                        <h4>Vje\u017eba malajske gramatike<\/h4>\r\n                        <p>Vje\u017ebajte malajsku gramatiku<\/p>\r\n                    <\/div>\r\n                <\/div>\r\n            <\/div>\r\n        <\/a>\r\n\r\n        \r\n        <a href=\"https:\/\/talkpal.ai\/vocabulary_language\/malay\/\">\r\n            <div class=\"learnNavigationWrapper\">\r\n                <div class=\"learnNavigationContent\">\r\n                    <img decoding=\"async\" src=\"https:\/\/talkpal.ai\/wp-content\/uploads\/2024\/08\/Malay.jpg\" alt=\"Malaysian Flag\">\r\n                    <div>\r\n                        <h4>Malajski rje\u010dnik<\/h4>\r\n                        <p>Pro\u0161irite svoj malajski vokabular.<\/p>\r\n                    <\/div>\r\n                <\/div>\r\n            <\/div>\r\n        <\/a>\r\n\r\n            <\/section>","protected":false},"excerpt":{"rendered":"<p>Malajska gramatika: Istra\u017eivanje bogatstva Bahasa Melayu Malajski jezik, ili Bahasa Melayu, jedan je od najgovornijih svjetskih jezika, ujedinjuju\u0107i razli\u010dite narode Malezije, Indonezije, Bruneja i Singapura. Dok budete ulazili u u\u010denje malajskog, brzo \u0107ete otkriti ljepotu njegove gramatike i rastu\u0107eg jezi\u010dnog krajolika. Ovaj \u010dlanak ima za cilj upoznati vas s temeljnim na\u010delima malajske gramatike, vode\u0107i vas [&hellip;]<\/p>\n","protected":false},"author":1,"featured_media":115826,"parent":0,"menu_order":0,"comment_status":"closed","ping_status":"closed","template":"LearningContentPage.php","meta":{"_acf_changed":false,"footnotes":""},"class_list":["post-147144","page","type-page","status-publish","has-post-thumbnail","hentry"],"acf":[],"yoast_head":"<!-- This site is optimized with the Yoast SEO Premium plugin v27.2 (Yoast SEO v27.2) - https:\/\/yoast.com\/product\/yoast-seo-premium-wordpress\/ -->\n<title>Malajska gramatika - Talkpal<\/title>\n<meta name=\"description\" content=\"Istra\u017eite malajsku gramatiku i saznajte kako njezina jednostavnost mo\u017ee pobolj\u0161ati va\u0161e razumijevanje malajskog jezika.\" \/>\n<meta name=\"robots\" content=\"index, follow, max-snippet:-1, max-image-preview:large, max-video-preview:-1\" \/>\n<link rel=\"canonical\" href=\"https:\/\/talkpal.ai\/hr\/malajska-gramatika\/\" \/>\n<meta property=\"og:locale\" content=\"hr_HR\" \/>\n<meta property=\"og:type\" content=\"article\" \/>\n<meta property=\"og:title\" content=\"Malajska gramatika\" \/>\n<meta property=\"og:description\" content=\"Malajska gramatika: Istra\u017eivanje bogatstva Bahasa Melayu Malajski jezik, ili Bahasa Melayu, jedan je od najgovornijih svjetskih jezika, ujedinjuju\u0107i\" \/>\n<meta property=\"og:url\" content=\"https:\/\/talkpal.ai\/hr\/malajska-gramatika\/\" \/>\n<meta property=\"og:site_name\" content=\"Talkpal\" \/>\n<meta property=\"article:publisher\" content=\"https:\/\/www.facebook.com\/profile.php?id=100090733639311\" \/>\n<meta property=\"article:modified_time\" content=\"2025-12-17T16:41:34+00:00\" \/>\n<meta property=\"og:image\" content=\"https:\/\/talkpal.ai\/wp-content\/uploads\/2023\/05\/malaysia.png\" \/>\n\t<meta property=\"og:image:width\" content=\"512\" \/>\n\t<meta property=\"og:image:height\" content=\"512\" \/>\n\t<meta property=\"og:image:type\" content=\"image\/png\" \/>\n<meta name=\"twitter:card\" content=\"summary_large_image\" \/>\n<meta name=\"twitter:site\" content=\"@talkpalai\" \/>\n<meta name=\"twitter:label1\" content=\"Procijenjeno vrijeme \u010ditanja\" \/>\n\t<meta name=\"twitter:data1\" content=\"3 minute\" \/>\n<script type=\"application\/ld+json\" class=\"yoast-schema-graph\">{\"@context\":\"https:\/\/schema.org\",\"@graph\":[{\"@type\":\"WebPage\",\"@id\":\"https:\/\/talkpal.ai\/hr\/malajska-gramatika\/\",\"url\":\"https:\/\/talkpal.ai\/hr\/malajska-gramatika\/\",\"name\":\"Malajska gramatika - Talkpal\",\"isPartOf\":{\"@id\":\"https:\/\/talkpal.ai\/hr\/#website\"},\"primaryImageOfPage\":{\"@id\":\"https:\/\/talkpal.ai\/hr\/malajska-gramatika\/#primaryimage\"},\"image\":{\"@id\":\"https:\/\/talkpal.ai\/hr\/malajska-gramatika\/#primaryimage\"},\"thumbnailUrl\":\"https:\/\/talkpal.ai\/wp-content\/uploads\/2023\/05\/malaysia.png\",\"datePublished\":\"2023-05-14T14:11:47+00:00\",\"dateModified\":\"2025-12-17T16:41:34+00:00\",\"description\":\"Istra\u017eite malajsku gramatiku i saznajte kako njezina jednostavnost mo\u017ee pobolj\u0161ati va\u0161e razumijevanje malajskog jezika.\",\"breadcrumb\":{\"@id\":\"https:\/\/talkpal.ai\/hr\/malajska-gramatika\/#breadcrumb\"},\"inLanguage\":\"hr\",\"potentialAction\":[{\"@type\":\"ReadAction\",\"target\":[\"https:\/\/talkpal.ai\/hr\/malajska-gramatika\/\"]}]},{\"@type\":\"ImageObject\",\"inLanguage\":\"hr\",\"@id\":\"https:\/\/talkpal.ai\/hr\/malajska-gramatika\/#primaryimage\",\"url\":\"https:\/\/talkpal.ai\/wp-content\/uploads\/2023\/05\/malaysia.png\",\"contentUrl\":\"https:\/\/talkpal.ai\/wp-content\/uploads\/2023\/05\/malaysia.png\",\"width\":512,\"height\":512},{\"@type\":\"BreadcrumbList\",\"@id\":\"https:\/\/talkpal.ai\/hr\/malajska-gramatika\/#breadcrumb\",\"itemListElement\":[{\"@type\":\"ListItem\",\"position\":1,\"name\":\"Homepage\",\"item\":\"https:\/\/talkpal.ai\/hr\/\"},{\"@type\":\"ListItem\",\"position\":2,\"name\":\"Malajska gramatika\"}]},{\"@type\":\"WebSite\",\"@id\":\"https:\/\/talkpal.ai\/hr\/#website\",\"url\":\"https:\/\/talkpal.ai\/hr\/\",\"name\":\"Talkpal\",\"description\":\"AI Language Learning\",\"publisher\":{\"@id\":\"https:\/\/talkpal.ai\/hr\/#organization\"},\"alternateName\":\"Talkpal AI\",\"potentialAction\":[{\"@type\":\"SearchAction\",\"target\":{\"@type\":\"EntryPoint\",\"urlTemplate\":\"https:\/\/talkpal.ai\/hr\/?s={search_term_string}\"},\"query-input\":{\"@type\":\"PropertyValueSpecification\",\"valueRequired\":true,\"valueName\":\"search_term_string\"}}],\"inLanguage\":\"hr\"},{\"@type\":\"Organization\",\"@id\":\"https:\/\/talkpal.ai\/hr\/#organization\",\"name\":\"Talkpal, Inc.\",\"alternateName\":\"Talkpal AI\",\"url\":\"https:\/\/talkpal.ai\/hr\/\",\"logo\":{\"@type\":\"ImageObject\",\"inLanguage\":\"hr\",\"@id\":\"https:\/\/talkpal.ai\/hr\/#\/schema\/logo\/image\/\",\"url\":\"https:\/\/talkpal.ai\/wp-content\/uploads\/2024\/03\/Talkpal-Logo-Icon.png\",\"contentUrl\":\"https:\/\/talkpal.ai\/wp-content\/uploads\/2024\/03\/Talkpal-Logo-Icon.png\",\"width\":2880,\"height\":2880,\"caption\":\"Talkpal, Inc.\"},\"image\":{\"@id\":\"https:\/\/talkpal.ai\/hr\/#\/schema\/logo\/image\/\"},\"sameAs\":[\"https:\/\/www.facebook.com\/profile.php?id=100090733639311\",\"https:\/\/x.com\/talkpalai\",\"https:\/\/www.linkedin.com\/company\/talkpal\/\",\"https:\/\/www.youtube.com\/@TalkPal\/\",\"https:\/\/www.tiktok.com\/@talkpal\",\"https:\/\/www.instagram.com\/talkpal_ai\/\",\"https:\/\/www.crunchbase.com\/organization\/talkpal-9cde\",\"https:\/\/www.g2.com\/products\/talkpal-for-business\/\",\"https:\/\/www.trustpilot.com\/review\/talkpal.ai\",\"https:\/\/www.capterra.com\/p\/10006800\/TalkPal\/\"],\"description\":\"Talkpal is a language learning web and mobile education app, powered by the latest AI technologies, that provides engaging experiences to its customers in many different languages to help them improve their language skills. Users can chat about unlimited amount of topics with the app and use other modes to practice their language learning.\",\"email\":\"support@talkpal.ai\",\"legalName\":\"Talkpal, Inc.\",\"foundingDate\":\"2023-04-03\",\"duns\":\"118989042\",\"numberOfEmployees\":{\"@type\":\"QuantitativeValue\",\"minValue\":\"11\",\"maxValue\":\"50\"},\"publishingPrinciples\":\"https:\/\/talkpal.ai\/publishing-principles\/\",\"actionableFeedbackPolicy\":\"https:\/\/talkpal.ai\/actionable-feedback-policy\/\",\"correctionsPolicy\":\"https:\/\/talkpal.ai\/corrections-policy\/\",\"ethicsPolicy\":\"https:\/\/talkpal.ai\/ethics-policy\/\",\"diversityPolicy\":\"https:\/\/talkpal.ai\/diversity-policy\/\",\"diversityStaffingReport\":\"https:\/\/talkpal.ai\/diversity-policy\/\"}]}<\/script>\n<!-- \/ Yoast SEO Premium plugin. -->","yoast_head_json":{"title":"Malajska gramatika - Talkpal","description":"Istra\u017eite malajsku gramatiku i saznajte kako njezina jednostavnost mo\u017ee pobolj\u0161ati va\u0161e razumijevanje malajskog jezika.","robots":{"index":"index","follow":"follow","max-snippet":"max-snippet:-1","max-image-preview":"max-image-preview:large","max-video-preview":"max-video-preview:-1"},"canonical":"https:\/\/talkpal.ai\/hr\/malajska-gramatika\/","og_locale":"hr_HR","og_type":"article","og_title":"Malajska gramatika","og_description":"Malajska gramatika: Istra\u017eivanje bogatstva Bahasa Melayu Malajski jezik, ili Bahasa Melayu, jedan je od najgovornijih svjetskih jezika, ujedinjuju\u0107i","og_url":"https:\/\/talkpal.ai\/hr\/malajska-gramatika\/","og_site_name":"Talkpal","article_publisher":"https:\/\/www.facebook.com\/profile.php?id=100090733639311","article_modified_time":"2025-12-17T16:41:34+00:00","og_image":[{"width":512,"height":512,"url":"https:\/\/talkpal.ai\/wp-content\/uploads\/2023\/05\/malaysia.png","type":"image\/png"}],"twitter_card":"summary_large_image","twitter_site":"@talkpalai","twitter_misc":{"Procijenjeno vrijeme \u010ditanja":"3 minute"},"schema":{"@context":"https:\/\/schema.org","@graph":[{"@type":"WebPage","@id":"https:\/\/talkpal.ai\/hr\/malajska-gramatika\/","url":"https:\/\/talkpal.ai\/hr\/malajska-gramatika\/","name":"Malajska gramatika - Talkpal","isPartOf":{"@id":"https:\/\/talkpal.ai\/hr\/#website"},"primaryImageOfPage":{"@id":"https:\/\/talkpal.ai\/hr\/malajska-gramatika\/#primaryimage"},"image":{"@id":"https:\/\/talkpal.ai\/hr\/malajska-gramatika\/#primaryimage"},"thumbnailUrl":"https:\/\/talkpal.ai\/wp-content\/uploads\/2023\/05\/malaysia.png","datePublished":"2023-05-14T14:11:47+00:00","dateModified":"2025-12-17T16:41:34+00:00","description":"Istra\u017eite malajsku gramatiku i saznajte kako njezina jednostavnost mo\u017ee pobolj\u0161ati va\u0161e razumijevanje malajskog jezika.","breadcrumb":{"@id":"https:\/\/talkpal.ai\/hr\/malajska-gramatika\/#breadcrumb"},"inLanguage":"hr","potentialAction":[{"@type":"ReadAction","target":["https:\/\/talkpal.ai\/hr\/malajska-gramatika\/"]}]},{"@type":"ImageObject","inLanguage":"hr","@id":"https:\/\/talkpal.ai\/hr\/malajska-gramatika\/#primaryimage","url":"https:\/\/talkpal.ai\/wp-content\/uploads\/2023\/05\/malaysia.png","contentUrl":"https:\/\/talkpal.ai\/wp-content\/uploads\/2023\/05\/malaysia.png","width":512,"height":512},{"@type":"BreadcrumbList","@id":"https:\/\/talkpal.ai\/hr\/malajska-gramatika\/#breadcrumb","itemListElement":[{"@type":"ListItem","position":1,"name":"Homepage","item":"https:\/\/talkpal.ai\/hr\/"},{"@type":"ListItem","position":2,"name":"Malajska gramatika"}]},{"@type":"WebSite","@id":"https:\/\/talkpal.ai\/hr\/#website","url":"https:\/\/talkpal.ai\/hr\/","name":"Talkpal","description":"AI Language Learning","publisher":{"@id":"https:\/\/talkpal.ai\/hr\/#organization"},"alternateName":"Talkpal AI","potentialAction":[{"@type":"SearchAction","target":{"@type":"EntryPoint","urlTemplate":"https:\/\/talkpal.ai\/hr\/?s={search_term_string}"},"query-input":{"@type":"PropertyValueSpecification","valueRequired":true,"valueName":"search_term_string"}}],"inLanguage":"hr"},{"@type":"Organization","@id":"https:\/\/talkpal.ai\/hr\/#organization","name":"Talkpal, Inc.","alternateName":"Talkpal AI","url":"https:\/\/talkpal.ai\/hr\/","logo":{"@type":"ImageObject","inLanguage":"hr","@id":"https:\/\/talkpal.ai\/hr\/#\/schema\/logo\/image\/","url":"https:\/\/talkpal.ai\/wp-content\/uploads\/2024\/03\/Talkpal-Logo-Icon.png","contentUrl":"https:\/\/talkpal.ai\/wp-content\/uploads\/2024\/03\/Talkpal-Logo-Icon.png","width":2880,"height":2880,"caption":"Talkpal, Inc."},"image":{"@id":"https:\/\/talkpal.ai\/hr\/#\/schema\/logo\/image\/"},"sameAs":["https:\/\/www.facebook.com\/profile.php?id=100090733639311","https:\/\/x.com\/talkpalai","https:\/\/www.linkedin.com\/company\/talkpal\/","https:\/\/www.youtube.com\/@TalkPal\/","https:\/\/www.tiktok.com\/@talkpal","https:\/\/www.instagram.com\/talkpal_ai\/","https:\/\/www.crunchbase.com\/organization\/talkpal-9cde","https:\/\/www.g2.com\/products\/talkpal-for-business\/","https:\/\/www.trustpilot.com\/review\/talkpal.ai","https:\/\/www.capterra.com\/p\/10006800\/TalkPal\/"],"description":"Talkpal is a language learning web and mobile education app, powered by the latest AI technologies, that provides engaging experiences to its customers in many different languages to help them improve their language skills. Users can chat about unlimited amount of topics with the app and use other modes to practice their language learning.","email":"support@talkpal.ai","legalName":"Talkpal, Inc.","foundingDate":"2023-04-03","duns":"118989042","numberOfEmployees":{"@type":"QuantitativeValue","minValue":"11","maxValue":"50"},"publishingPrinciples":"https:\/\/talkpal.ai\/publishing-principles\/","actionableFeedbackPolicy":"https:\/\/talkpal.ai\/actionable-feedback-policy\/","correctionsPolicy":"https:\/\/talkpal.ai\/corrections-policy\/","ethicsPolicy":"https:\/\/talkpal.ai\/ethics-policy\/","diversityPolicy":"https:\/\/talkpal.ai\/diversity-policy\/","diversityStaffingReport":"https:\/\/talkpal.ai\/diversity-policy\/"}]}},"_links":{"self":[{"href":"https:\/\/talkpal.ai\/hr\/wp-json\/wp\/v2\/pages\/147144","targetHints":{"allow":["GET"]}}],"collection":[{"href":"https:\/\/talkpal.ai\/hr\/wp-json\/wp\/v2\/pages"}],"about":[{"href":"https:\/\/talkpal.ai\/hr\/wp-json\/wp\/v2\/types\/page"}],"author":[{"embeddable":true,"href":"https:\/\/talkpal.ai\/hr\/wp-json\/wp\/v2\/users\/1"}],"replies":[{"embeddable":true,"href":"https:\/\/talkpal.ai\/hr\/wp-json\/wp\/v2\/comments?post=147144"}],"version-history":[{"count":0,"href":"https:\/\/talkpal.ai\/hr\/wp-json\/wp\/v2\/pages\/147144\/revisions"}],"wp:featuredmedia":[{"embeddable":true,"href":"https:\/\/talkpal.ai\/hr\/wp-json\/wp\/v2\/media\/115826"}],"wp:attachment":[{"href":"https:\/\/talkpal.ai\/hr\/wp-json\/wp\/v2\/media?parent=147144"}],"curies":[{"name":"wp","href":"https:\/\/api.w.org\/{rel}","templated":true}]}}