{"id":1469216,"date":"2025-11-12T10:09:38","date_gmt":"2025-11-12T10:09:38","guid":{"rendered":"https:\/\/talkpal.ai\/javanska-gramatika\/"},"modified":"2025-12-30T15:03:12","modified_gmt":"2025-12-30T15:03:12","slug":"javanska-gramatika","status":"publish","type":"page","link":"https:\/\/talkpal.ai\/hr\/javanska-gramatika\/","title":{"rendered":"Javanska gramatika"},"content":{"rendered":"\r\n\r\n\r\n<section class=\"languageChallengeSection\">\r\n    <div class=\"languageInfoWrapper\">\r\n        \r\n        <h1>Javanska gramatika<\/h1>\r\n        <p>Javanska <a href=\"https:\/\/talkpal.ai\/sq\/gramatika\/\">gramatika<\/a> u po\u010detku se mo\u017ee \u010diniti izazovnom, ali njezine jedinstvene zna\u010dajke \u010dine u\u010denje jezika korisnim iskustvom. Istra\u017euju\u0107i njegovu abecedu, mutacije i gramati\u010dka pravila, ste\u0107i \u0107ete uvid u bogatu jezi\u010dnu tradiciju. Zapo\u010dnite svoje putovanje i otkrijte ljepotu javanskog jezika!<\/p>\r\n\r\n                            <a class=\"getStartedHidden\" href=\"https:\/\/app.talkpal.ai\/hr\/signup?lng=\">Zapo\u010dni<\/a>\r\n        \r\n    <\/div>\r\n\r\n    <figure>\r\n    <img decoding=\"async\" width=\"768\" height=\"768\" src=\"https:\/\/talkpal.ai\/wp-content\/uploads\/2023\/06\/welsh-768x768.png\" class=\"languageImage no-lazy\" alt=\"Language learning for better cognitive abilities\" fetchpriority=\"high\" sizes=\"(max-width: 768px) 150px, 768px\" srcset=\"https:\/\/talkpal.ai\/wp-content\/uploads\/2023\/06\/welsh-768x768.png 768w, https:\/\/talkpal.ai\/wp-content\/uploads\/2023\/06\/welsh-300x300.png 300w\" \/>\r\n    \r\n\r\n    <\/figure>\r\n\r\n            <a class=\"getStartedVisible\" href=\"https:\/\/app.talkpal.ai\/hr\/signup?lng=\">Zapo\u010dni<\/a>\r\n    \r\n<\/section><section class=\"promotionalBanner\">\r\n    <p class=\"promotionalText\">Naju\u010dinkovitiji na\u010din u\u010denja jezika<\/p>\r\n    <a class=\"promotionalLink\" href=\"https:\/\/app.talkpal.ai\/hr\/signup?lng=\">Isprobajte Talkpal besplatno<\/a>\r\n<\/section>\n<div class=\"wp-block-group pageContainerStyle\"><div class=\"wp-block-group__inner-container is-layout-constrained wp-block-group-is-layout-constrained\">\n<h2 class=\"wp-block-heading\" id=\"h-navigating-the-intricacies-of-javanese-grammar\">Snala\u017eenje u zamr\u0161enosti javanske gramatike<\/h2>\n\n\n\n<p><a href=\"https:\/\/talkpal.ai\/hr\/naucite-javanski\/\">Javanski<\/a>, austronezijski jezik s bogatom povije\u0161\u0107u i kulturnim zna\u010dajem, nudi uzbudljivo jezi\u010dno iskustvo za one koji \u017eele istra\u017eiti njegov jedinstveni gramati\u010dki sustav. Dok se upu\u0161tate u carstvo javanskog jezika, ne samo da \u0107ete obogatiti svoj jezi\u010dni repertoar, ve\u0107 \u0107ete i prigrliti fascinantno kulturno putovanje. Iako se javanska gramatika u po\u010detku mo\u017ee \u010diniti kompliciranom, ra\u0161\u010dlanjivanje na temeljne komponente \u010dini u\u010denje jezika pristupa\u010dnijim. U ovom \u0107emo \u010dlanku istra\u017eiti zadivljuju\u0107i svijet <a href=\"https:\/\/talkpal.ai\/hr\/vjezbe-javanske-gramatike\/\">javanske gramatike<\/a> i dati savjete o tome kako svladati njezinu slo\u017eenost.<\/p>\n\n\n\n<h3 class=\"wp-block-heading\" id=\"h-1-javanese-alphabet-and-phonetics\">1. Javanska abeceda i fonetika<\/h3>\n\n\n\n<p>Danas se javanski obi\u010dno pi\u0161e latinicom, iako ima i <a href=\"https:\/\/talkpal.ai\/will-ai-kill-traditional-language-learning\/\">tradicionalno<\/a> pismo poznato kao Aksara Jawa ili Hanacaraka. Da biste nau\u010dili javansku gramatiku, klju\u010dno je upoznati se i s modernim pravopisom temeljenim na latinskom i, ako \u017eelite, s tradicionalnim pismom. Klju\u010dne fonetske zna\u010dajke uklju\u010duju razliku izme\u0111u e \/\u0259\/ i \u00e9 \/e\/, velarnog nosnog ng i nep\u010danog <a href=\"https:\/\/talkpal.ai\/talkpal-new-years-discount\/\">ny<\/a>, te glotalni zastoj koji se mo\u017ee pojaviti u nekim dijalektima. Vje\u017ebanje \u010ditanja i pisanja u oba sustava izgradit \u0107e \u010dvrste temelje za gramatiku.<\/p>\n\n\n\n<h3 class=\"wp-block-heading\" id=\"h-2-nouns-and-pronouns-number-and-levels\">2. Imenice i zamjenice: broj i razine<\/h3>\n\n\n\n<p>Jedan upe\u010datljiv aspekt javanskog je na\u010din na koji odre\u0111eni prefiksi pokre\u0107u promjene po\u010detnog suglasnika rije\u010di. Nosni glagolski prefiks N- uzrokuje izmjene kao \u0161to je p postaje m, t postaje n, k postaje ng, a s postaje ny. Razumijevanje kada i kako se te izmjene doga\u0111aju klju\u010dno je za to\u010dnu komunikaciju na javanskom. Primjeri uklju\u010duju pangan u mangan, tulis u nulis, gawe u nggawe i sapu u nyapu.<\/p>\n\n\n\n<h3 class=\"wp-block-heading\" id=\"h-3-nouns-and-pronouns-gender-and-cases\">3. Imenice i zamjenice: spol i slu\u010dajevi<\/h3>\n\n\n\n<p>Javanske imenice nemaju gramati\u010dki rod ili pade\u017e. Pluralnost je \u010desto opcionalna i mo\u017ee se izraziti reduplikacijom ili \u010desticama za po\u0161tovanje i kolektive, kao \u0161to su bocah-bocah za djecu i para za po\u0161tuju\u0107u mno\u017einu ljudi. Zamjenice se razlikuju ovisno o razini govora, <a href=\"https:\/\/talkpal.ai\/locations\/language-courses-in-koja\/\">koja<\/a> je sredi\u0161nja za javanski: ngoko oblici kao \u0161to su aku, kowe, dheweke i krama oblici kao \u0161to su <a href=\"https:\/\/talkpal.ai\/locations\/language-courses-in-kula\/\">kula<\/a>, panjenengan, piyambakipun. Posjedovanje se mo\u017ee ozna\u010diti enklitikama kao \u0161to su -ku, -mu i -e, a pokazni znakovi uklju\u010duju iki ovo i iku <a href=\"https:\/\/talkpal.ai\/locations\/language-courses-in-ono\/\">ono<\/a>.<\/p>\n\n\n\n<h3 class=\"wp-block-heading\" id=\"h-4-verbs-structure-and-conjugation\">4. Glagoli: Struktura i konjugacija<\/h3>\n\n\n\n<p>Javanski glagoli se ne konjugiraju za osobu ili vrijeme. Umjesto toga, aspekt, raspolo\u017eenje i vrijeme izra\u017eavaju se \u010desticama i pomo\u0107nim tvarima kao \u0161to su wis ve\u0107, jo\u0161 ne, lagi u tijeku, arep ili bakal za budu\u0107nost ili namjeru. Glas i valencija obra\u0111uju se morfologijom, uklju\u010duju\u0107i aktivni nosni prefiks N-, pasivni di-, a u formalnijem ili knji\u017eevnijem kontekstu ka-. Proklitika poput tak- mo\u017ee ozna\u010diti agenta u prvom licu u nekim stilovima. Ovladavanje ovim obrascima pobolj\u0161at \u0107e va\u0161u sposobnost u\u010dinkovite komunikacije na javanskom.<\/p>\n\n\n\n<h3 class=\"wp-block-heading\" id=\"h-5-adjectives-agreement-and-placement\">5. Pridjevi: Sporazum i plasman<\/h3>\n\n\n\n<p>U javanskoj gramatici pridjevi obi\u010dno slijede imenicu koju mijenjaju i ne sla\u017eu se u broju ili rodu. Komparativna i superlativna zna\u010denja obi\u010dno se formiraju s luwihom vi\u0161e i blijede vi\u0161e, \u010desto sa sakom nego za ozna\u010davanje usporedbe. Reduplikacija ili poja\u010diva\u010di poput bangeta vrlo mogu dodati nijanse.<\/p>\n\n\n\n<p><strong>Primjerima:<\/strong><\/p>\n\n\n\n<p><strong>\u2013 Tresna Gedhe (Velika ljubav)<\/strong><\/p>\n\n\n\n<p><strong>\u2013 bocah-bocah cilik (mala djeca)<\/strong><\/p>\n\n\n\n<h3 class=\"wp-block-heading\" id=\"h-6-engaging-with-the-language\">6. Suradnja s jezikom<\/h3>\n\n\n\n<p>Naju\u010dinkovitiji na\u010din za potpuno razumijevanje i internalizaciju javanske gramatike je dosljedno bavljenje jezikom. \u010citaju\u0107i javansku knji\u017eevnost i tekstove pjesama, gledaju\u0107i <a href=\"https:\/\/talkpal.ai\/culture\/what-is-the-language-used-in-wayang-kulit\/\">wayang kulit<\/a> ili suvremene javanske medije, slu\u0161aju\u0107i tembang macapat i aktivno komuniciraju\u0107i s izvornim govornicima u razli\u010ditim registrima, oja\u010dat \u0107ete svoje razumijevanje gramatike dok pro\u0161irujete svoj vokabular.<\/p>\n\n\n\n<h3 class=\"wp-block-heading\" id=\"h-conclusion\">Zaklju\u010dak<\/h3>\n\n\n\n<p>Iako se javanska gramatika mo\u017ee \u010diniti zamr\u0161enom, mo\u017eete postati vje\u0161ti u ovom prekrasnom jeziku uz predanost, vje\u017ebu i entuzijazam. Usredoto\u010duju\u0107i se na temeljna pravila i bave\u0107i se jezikom u razli\u010ditim kontekstima, brzo \u0107ete pobolj\u0161ati <a href=\"https:\/\/talkpal.ai\/hr\/gramatika\/\">svoje javanske gramati\u010dke vje\u0161tine<\/a>. Muga-muga u\u017eiva u svom putovanju na javanskom jeziku i u\u017eivaj u otkrivanju zagonetnog, ali zadivljuju\u0107eg svijeta javanske gramatike!<\/p>\n<\/div><\/div>\n\r\n<section class=\"learnNavigationSection\">\r\n            \r\n        <a href=\"https:\/\/talkpal.ai\/hr\/naucite-javanski\/\">\r\n            <div class=\"learnNavigationWrapper\">\r\n                <div class=\"learnNavigationContent\">\r\n                    <img decoding=\"async\" src=\"https:\/\/talkpal.ai\/wp-content\/uploads\/2025\/11\/Javanese.png\" alt=\"Indonesian Flag\">\r\n                    <div>\r\n                        <h4>O u\u010denju javanskog jezika<\/h4>\r\n                        <p>Saznajte sve o javanskoj gramatici.<\/p>\r\n                    <\/div>\r\n                <\/div>\r\n            <\/div>\r\n        <\/a>\r\n\r\n        \r\n        <a href=\"https:\/\/talkpal.ai\/hr\/vjezbe-javanske-gramatike\/\">\r\n            <div class=\"learnNavigationWrapper\">\r\n                <div class=\"learnNavigationContent\">\r\n                    <img decoding=\"async\" src=\"https:\/\/talkpal.ai\/wp-content\/uploads\/2025\/11\/Javanese.png\" alt=\"Indonesian Flag\">\r\n                    <div>\r\n                        <h4>Vje\u017eba javanske gramatike<\/h4>\r\n                        <p>Vje\u017ebajte javansku gramatiku.<\/p>\r\n                    <\/div>\r\n                <\/div>\r\n            <\/div>\r\n        <\/a>\r\n\r\n            <\/section>","protected":false},"excerpt":{"rendered":"<p>Snala\u017eenje u zamr\u0161enosti javanske gramatike Javanski, austronezijski jezik s bogatom povije\u0161\u0107u i kulturnim zna\u010dajem, nudi uzbudljivo jezi\u010dno iskustvo za one koji \u017eele istra\u017eiti njegov jedinstveni gramati\u010dki sustav. Dok se upu\u0161tate u carstvo javanskog jezika, ne samo da \u0107ete obogatiti svoj jezi\u010dni repertoar, ve\u0107 \u0107ete i prigrliti fascinantno kulturno putovanje. Iako se javanska gramatika u po\u010detku [&hellip;]<\/p>\n","protected":false},"author":20,"featured_media":0,"parent":0,"menu_order":0,"comment_status":"closed","ping_status":"closed","template":"LearningContentPage.php","meta":{"_acf_changed":false,"footnotes":""},"class_list":["post-1469216","page","type-page","status-publish","hentry"],"acf":[],"yoast_head":"<!-- This site is optimized with the Yoast SEO Premium plugin v27.2 (Yoast SEO v27.2) - https:\/\/yoast.com\/product\/yoast-seo-premium-wordpress\/ -->\n<title>Javanska gramatika - Talkpal<\/title>\n<meta name=\"description\" content=\"Brzo savladajte javanska gramati\u010dka pravila i re\u010deni\u010dne strukture uz na\u0161 sveobuhvatni vodi\u010d osmi\u0161ljen za u\u010dinkovito u\u010denje jezika.\" \/>\n<meta name=\"robots\" content=\"index, follow, max-snippet:-1, max-image-preview:large, max-video-preview:-1\" \/>\n<link rel=\"canonical\" href=\"https:\/\/talkpal.ai\/hr\/javanska-gramatika\/\" \/>\n<meta property=\"og:locale\" content=\"hr_HR\" \/>\n<meta property=\"og:type\" content=\"article\" \/>\n<meta property=\"og:title\" content=\"Javanska gramatika\" \/>\n<meta property=\"og:description\" content=\"Snala\u017eenje u zamr\u0161enosti javanske gramatike Javanski, austronezijski jezik s bogatom povije\u0161\u0107u i kulturnim zna\u010dajem, nudi uzbudljivo jezi\u010dno iskustvo za\" \/>\n<meta property=\"og:url\" content=\"https:\/\/talkpal.ai\/hr\/javanska-gramatika\/\" \/>\n<meta property=\"og:site_name\" content=\"Talkpal\" \/>\n<meta property=\"article:publisher\" content=\"https:\/\/www.facebook.com\/profile.php?id=100090733639311\" \/>\n<meta property=\"article:modified_time\" content=\"2025-12-30T15:03:12+00:00\" \/>\n<meta property=\"og:image\" content=\"https:\/\/talkpal.ai\/wp-content\/uploads\/2025\/02\/Progress-tab-16_9.png\" \/>\n\t<meta property=\"og:image:width\" content=\"2880\" \/>\n\t<meta property=\"og:image:height\" content=\"1620\" \/>\n\t<meta property=\"og:image:type\" content=\"image\/png\" \/>\n<meta name=\"twitter:card\" content=\"summary_large_image\" \/>\n<meta name=\"twitter:site\" content=\"@talkpalai\" \/>\n<meta name=\"twitter:label1\" content=\"Procijenjeno vrijeme \u010ditanja\" \/>\n\t<meta name=\"twitter:data1\" content=\"3 minute\" \/>\n<script type=\"application\/ld+json\" class=\"yoast-schema-graph\">{\"@context\":\"https:\/\/schema.org\",\"@graph\":[{\"@type\":\"WebPage\",\"@id\":\"https:\/\/talkpal.ai\/hr\/javanska-gramatika\/\",\"url\":\"https:\/\/talkpal.ai\/hr\/javanska-gramatika\/\",\"name\":\"Javanska gramatika - Talkpal\",\"isPartOf\":{\"@id\":\"https:\/\/talkpal.ai\/hr\/#website\"},\"datePublished\":\"2025-11-12T10:09:38+00:00\",\"dateModified\":\"2025-12-30T15:03:12+00:00\",\"description\":\"Brzo savladajte javanska gramati\u010dka pravila i re\u010deni\u010dne strukture uz na\u0161 sveobuhvatni vodi\u010d osmi\u0161ljen za u\u010dinkovito u\u010denje jezika.\",\"breadcrumb\":{\"@id\":\"https:\/\/talkpal.ai\/hr\/javanska-gramatika\/#breadcrumb\"},\"inLanguage\":\"hr\",\"potentialAction\":[{\"@type\":\"ReadAction\",\"target\":[\"https:\/\/talkpal.ai\/hr\/javanska-gramatika\/\"]}]},{\"@type\":\"BreadcrumbList\",\"@id\":\"https:\/\/talkpal.ai\/hr\/javanska-gramatika\/#breadcrumb\",\"itemListElement\":[{\"@type\":\"ListItem\",\"position\":1,\"name\":\"Homepage\",\"item\":\"https:\/\/talkpal.ai\/hr\/\"},{\"@type\":\"ListItem\",\"position\":2,\"name\":\"Javanska gramatika\"}]},{\"@type\":\"WebSite\",\"@id\":\"https:\/\/talkpal.ai\/hr\/#website\",\"url\":\"https:\/\/talkpal.ai\/hr\/\",\"name\":\"Talkpal\",\"description\":\"AI Language Learning\",\"publisher\":{\"@id\":\"https:\/\/talkpal.ai\/hr\/#organization\"},\"alternateName\":\"Talkpal AI\",\"potentialAction\":[{\"@type\":\"SearchAction\",\"target\":{\"@type\":\"EntryPoint\",\"urlTemplate\":\"https:\/\/talkpal.ai\/hr\/?s={search_term_string}\"},\"query-input\":{\"@type\":\"PropertyValueSpecification\",\"valueRequired\":true,\"valueName\":\"search_term_string\"}}],\"inLanguage\":\"hr\"},{\"@type\":\"Organization\",\"@id\":\"https:\/\/talkpal.ai\/hr\/#organization\",\"name\":\"Talkpal, Inc.\",\"alternateName\":\"Talkpal AI\",\"url\":\"https:\/\/talkpal.ai\/hr\/\",\"logo\":{\"@type\":\"ImageObject\",\"inLanguage\":\"hr\",\"@id\":\"https:\/\/talkpal.ai\/hr\/#\/schema\/logo\/image\/\",\"url\":\"https:\/\/talkpal.ai\/wp-content\/uploads\/2024\/03\/Talkpal-Logo-Icon.png\",\"contentUrl\":\"https:\/\/talkpal.ai\/wp-content\/uploads\/2024\/03\/Talkpal-Logo-Icon.png\",\"width\":2880,\"height\":2880,\"caption\":\"Talkpal, Inc.\"},\"image\":{\"@id\":\"https:\/\/talkpal.ai\/hr\/#\/schema\/logo\/image\/\"},\"sameAs\":[\"https:\/\/www.facebook.com\/profile.php?id=100090733639311\",\"https:\/\/x.com\/talkpalai\",\"https:\/\/www.linkedin.com\/company\/talkpal\/\",\"https:\/\/www.youtube.com\/@TalkPal\/\",\"https:\/\/www.tiktok.com\/@talkpal\",\"https:\/\/www.instagram.com\/talkpal_ai\/\",\"https:\/\/www.crunchbase.com\/organization\/talkpal-9cde\",\"https:\/\/www.g2.com\/products\/talkpal-for-business\/\",\"https:\/\/www.trustpilot.com\/review\/talkpal.ai\",\"https:\/\/www.capterra.com\/p\/10006800\/TalkPal\/\"],\"description\":\"Talkpal is a language learning web and mobile education app, powered by the latest AI technologies, that provides engaging experiences to its customers in many different languages to help them improve their language skills. Users can chat about unlimited amount of topics with the app and use other modes to practice their language learning.\",\"email\":\"support@talkpal.ai\",\"legalName\":\"Talkpal, Inc.\",\"foundingDate\":\"2023-04-03\",\"duns\":\"118989042\",\"numberOfEmployees\":{\"@type\":\"QuantitativeValue\",\"minValue\":\"11\",\"maxValue\":\"50\"},\"publishingPrinciples\":\"https:\/\/talkpal.ai\/publishing-principles\/\",\"actionableFeedbackPolicy\":\"https:\/\/talkpal.ai\/actionable-feedback-policy\/\",\"correctionsPolicy\":\"https:\/\/talkpal.ai\/corrections-policy\/\",\"ethicsPolicy\":\"https:\/\/talkpal.ai\/ethics-policy\/\",\"diversityPolicy\":\"https:\/\/talkpal.ai\/diversity-policy\/\",\"diversityStaffingReport\":\"https:\/\/talkpal.ai\/diversity-policy\/\"}]}<\/script>\n<!-- \/ Yoast SEO Premium plugin. -->","yoast_head_json":{"title":"Javanska gramatika - Talkpal","description":"Brzo savladajte javanska gramati\u010dka pravila i re\u010deni\u010dne strukture uz na\u0161 sveobuhvatni vodi\u010d osmi\u0161ljen za u\u010dinkovito u\u010denje jezika.","robots":{"index":"index","follow":"follow","max-snippet":"max-snippet:-1","max-image-preview":"max-image-preview:large","max-video-preview":"max-video-preview:-1"},"canonical":"https:\/\/talkpal.ai\/hr\/javanska-gramatika\/","og_locale":"hr_HR","og_type":"article","og_title":"Javanska gramatika","og_description":"Snala\u017eenje u zamr\u0161enosti javanske gramatike Javanski, austronezijski jezik s bogatom povije\u0161\u0107u i kulturnim zna\u010dajem, nudi uzbudljivo jezi\u010dno iskustvo za","og_url":"https:\/\/talkpal.ai\/hr\/javanska-gramatika\/","og_site_name":"Talkpal","article_publisher":"https:\/\/www.facebook.com\/profile.php?id=100090733639311","article_modified_time":"2025-12-30T15:03:12+00:00","og_image":[{"width":2880,"height":1620,"url":"https:\/\/talkpal.ai\/wp-content\/uploads\/2025\/02\/Progress-tab-16_9.png","type":"image\/png"}],"twitter_card":"summary_large_image","twitter_site":"@talkpalai","twitter_misc":{"Procijenjeno vrijeme \u010ditanja":"3 minute"},"schema":{"@context":"https:\/\/schema.org","@graph":[{"@type":"WebPage","@id":"https:\/\/talkpal.ai\/hr\/javanska-gramatika\/","url":"https:\/\/talkpal.ai\/hr\/javanska-gramatika\/","name":"Javanska gramatika - Talkpal","isPartOf":{"@id":"https:\/\/talkpal.ai\/hr\/#website"},"datePublished":"2025-11-12T10:09:38+00:00","dateModified":"2025-12-30T15:03:12+00:00","description":"Brzo savladajte javanska gramati\u010dka pravila i re\u010deni\u010dne strukture uz na\u0161 sveobuhvatni vodi\u010d osmi\u0161ljen za u\u010dinkovito u\u010denje jezika.","breadcrumb":{"@id":"https:\/\/talkpal.ai\/hr\/javanska-gramatika\/#breadcrumb"},"inLanguage":"hr","potentialAction":[{"@type":"ReadAction","target":["https:\/\/talkpal.ai\/hr\/javanska-gramatika\/"]}]},{"@type":"BreadcrumbList","@id":"https:\/\/talkpal.ai\/hr\/javanska-gramatika\/#breadcrumb","itemListElement":[{"@type":"ListItem","position":1,"name":"Homepage","item":"https:\/\/talkpal.ai\/hr\/"},{"@type":"ListItem","position":2,"name":"Javanska gramatika"}]},{"@type":"WebSite","@id":"https:\/\/talkpal.ai\/hr\/#website","url":"https:\/\/talkpal.ai\/hr\/","name":"Talkpal","description":"AI Language Learning","publisher":{"@id":"https:\/\/talkpal.ai\/hr\/#organization"},"alternateName":"Talkpal AI","potentialAction":[{"@type":"SearchAction","target":{"@type":"EntryPoint","urlTemplate":"https:\/\/talkpal.ai\/hr\/?s={search_term_string}"},"query-input":{"@type":"PropertyValueSpecification","valueRequired":true,"valueName":"search_term_string"}}],"inLanguage":"hr"},{"@type":"Organization","@id":"https:\/\/talkpal.ai\/hr\/#organization","name":"Talkpal, Inc.","alternateName":"Talkpal AI","url":"https:\/\/talkpal.ai\/hr\/","logo":{"@type":"ImageObject","inLanguage":"hr","@id":"https:\/\/talkpal.ai\/hr\/#\/schema\/logo\/image\/","url":"https:\/\/talkpal.ai\/wp-content\/uploads\/2024\/03\/Talkpal-Logo-Icon.png","contentUrl":"https:\/\/talkpal.ai\/wp-content\/uploads\/2024\/03\/Talkpal-Logo-Icon.png","width":2880,"height":2880,"caption":"Talkpal, Inc."},"image":{"@id":"https:\/\/talkpal.ai\/hr\/#\/schema\/logo\/image\/"},"sameAs":["https:\/\/www.facebook.com\/profile.php?id=100090733639311","https:\/\/x.com\/talkpalai","https:\/\/www.linkedin.com\/company\/talkpal\/","https:\/\/www.youtube.com\/@TalkPal\/","https:\/\/www.tiktok.com\/@talkpal","https:\/\/www.instagram.com\/talkpal_ai\/","https:\/\/www.crunchbase.com\/organization\/talkpal-9cde","https:\/\/www.g2.com\/products\/talkpal-for-business\/","https:\/\/www.trustpilot.com\/review\/talkpal.ai","https:\/\/www.capterra.com\/p\/10006800\/TalkPal\/"],"description":"Talkpal is a language learning web and mobile education app, powered by the latest AI technologies, that provides engaging experiences to its customers in many different languages to help them improve their language skills. Users can chat about unlimited amount of topics with the app and use other modes to practice their language learning.","email":"support@talkpal.ai","legalName":"Talkpal, Inc.","foundingDate":"2023-04-03","duns":"118989042","numberOfEmployees":{"@type":"QuantitativeValue","minValue":"11","maxValue":"50"},"publishingPrinciples":"https:\/\/talkpal.ai\/publishing-principles\/","actionableFeedbackPolicy":"https:\/\/talkpal.ai\/actionable-feedback-policy\/","correctionsPolicy":"https:\/\/talkpal.ai\/corrections-policy\/","ethicsPolicy":"https:\/\/talkpal.ai\/ethics-policy\/","diversityPolicy":"https:\/\/talkpal.ai\/diversity-policy\/","diversityStaffingReport":"https:\/\/talkpal.ai\/diversity-policy\/"}]}},"_links":{"self":[{"href":"https:\/\/talkpal.ai\/hr\/wp-json\/wp\/v2\/pages\/1469216","targetHints":{"allow":["GET"]}}],"collection":[{"href":"https:\/\/talkpal.ai\/hr\/wp-json\/wp\/v2\/pages"}],"about":[{"href":"https:\/\/talkpal.ai\/hr\/wp-json\/wp\/v2\/types\/page"}],"author":[{"embeddable":true,"href":"https:\/\/talkpal.ai\/hr\/wp-json\/wp\/v2\/users\/20"}],"replies":[{"embeddable":true,"href":"https:\/\/talkpal.ai\/hr\/wp-json\/wp\/v2\/comments?post=1469216"}],"version-history":[{"count":0,"href":"https:\/\/talkpal.ai\/hr\/wp-json\/wp\/v2\/pages\/1469216\/revisions"}],"wp:attachment":[{"href":"https:\/\/talkpal.ai\/hr\/wp-json\/wp\/v2\/media?parent=1469216"}],"curies":[{"name":"wp","href":"https:\/\/api.w.org\/{rel}","templated":true}]}}