{"id":1469125,"date":"2025-11-12T09:38:12","date_gmt":"2025-11-12T09:38:12","guid":{"rendered":"https:\/\/talkpal.ai\/gujarati-gramaticke-vjezbe\/"},"modified":"2025-12-30T14:46:33","modified_gmt":"2025-12-30T14:46:33","slug":"gujarati-gramaticke-vjezbe","status":"publish","type":"page","link":"https:\/\/talkpal.ai\/hr\/gujarati-gramaticke-vjezbe\/","title":{"rendered":"Gujarati gramati\u010dke vje\u017ebe"},"content":{"rendered":"\r\n\r\n\r\n<section class=\"languageChallengeSection\">\r\n    <div class=\"languageInfoWrapper\">\r\n        \r\n        <h1>Gujarati gramati\u010dke vje\u017ebe<\/h1>\r\n        <p>Jeste li spremni zaroniti u gud\u017earatsku gramatiku? Vje\u017ebanje nekoliko osnova pomo\u0107i \u0107e vam da se ugodno sna\u0111ete s ovim jedinstvenim i prekrasnim jezikom. Isprobajte ove vje\u017ebe kako biste izgradili samopouzdanje i zabavili se usput!<\/p>\r\n\r\n                            <a class=\"getStartedHidden\" href=\"https:\/\/app.talkpal.ai\/hr\/signup?lng=\">Zapo\u010dni<\/a>\r\n        \r\n    <\/div>\r\n\r\n    <figure>\r\n    <img decoding=\"async\" width=\"768\" height=\"768\" src=\"https:\/\/talkpal.ai\/wp-content\/uploads\/2023\/06\/welsh-768x768.png\" class=\"languageImage no-lazy\" alt=\"Language learning for better cognitive abilities\" fetchpriority=\"high\" sizes=\"(max-width: 768px) 150px, 768px\" srcset=\"https:\/\/talkpal.ai\/wp-content\/uploads\/2023\/06\/welsh-768x768.png 768w, https:\/\/talkpal.ai\/wp-content\/uploads\/2023\/06\/welsh-300x300.png 300w\" \/>\r\n    \r\n\r\n    <\/figure>\r\n\r\n            <a class=\"getStartedVisible\" href=\"https:\/\/app.talkpal.ai\/hr\/signup?lng=\">Zapo\u010dni<\/a>\r\n    \r\n<\/section><section class=\"promotionalBanner\">\r\n    <p class=\"promotionalText\">Naju\u010dinkovitiji na\u010din u\u010denja jezika<\/p>\r\n    <a class=\"promotionalLink\" href=\"https:\/\/app.talkpal.ai\/hr\/signup?lng=\">Isprobajte Talkpal besplatno<\/a>\r\n<\/section>\n<div class=\"wp-block-group pageContainerStyle\"><div class=\"wp-block-group__inner-container is-layout-constrained wp-block-group-is-layout-constrained\">\n<h2 class=\"wp-block-heading\" id=\"h-gujarati-grammar-topics\">Gujarati gramati\u010dke teme<\/h2>\n\n\n\n<p><a href=\"https:\/\/talkpal.ai\/hr\/najvece-pogreske-koje-treba-izbjegavati-pri-ucenju-novog-jezika\/\">U\u010denje novog jezika<\/a> mo\u017ee biti izazovan, ali koristan pothvat. <a href=\"https:\/\/talkpal.ai\/learn-gujarati\/\">Gujarati<\/a>, indoarijevski jezik koji se uglavnom govori u indijskoj dr\u017eavi Gujarat i zajednicama dijaspore diljem svijeta, nije iznimka. Sa svojim jedinstvenim zna\u010dajkama i strukturama, <a href=\"https:\/\/talkpal.ai\/hr\/talkpal-za-obrazovanje\/\">u\u010denje<\/a> gud\u017earatskog zahtijeva sustavan pristup razumijevanju njegove gramatike. Ovaj vodi\u010d ocrtava klju\u010dna podru\u010dja <a href=\"https:\/\/talkpal.ai\/hr\/gudzaratska-gramatika\/\">gud\u017earatske gramatike<\/a> u logi\u010dnom slijedu za <a href=\"https:\/\/talkpal.ai\/hr\/ai-chatbot-za-ucenje-jezika\/\">u\u010denje jezika<\/a>, po\u010dev\u0161i od osnova kao \u0161to su imenice i \u010dlanovi, pa sve do slo\u017eenijih podru\u010dja kao \u0161to su vremena i konstrukcija re\u010denica.<\/p>\n\n\n\n<h3 class=\"wp-block-heading\" id=\"h-1-nouns\">1. Imenice:<\/h3>\n\n\n\n<p><a href=\"https:\/\/talkpal.ai\/ko\/ai-%ec%96%b8%ec%96%b4-%ea%b5%90%ec%82%ac\/\">Zapo\u010dnite<\/a> svoje putovanje gud\u017earatskim jezikom u\u010denjem imenica. To uklju\u010duje razumijevanje razli\u010ditih kategorija imenica, kao \u0161to su uobi\u010dajene i vlastite imenice, njihove rodne kategorije i njihovi oblici mno\u017eine.<\/p>\n\n\n\n<h3 class=\"wp-block-heading\" id=\"h-2-articles\">2. \u010clanci:<\/h3>\n\n\n\n<p>Gujarati ne koristi odre\u0111ene ili neodre\u0111ene \u010dlanove kao <a href=\"https:\/\/talkpal.ai\/ai-english-speaking-practice\/\">\u0161to to \u010dini engleski.<\/a> Odre\u0111enost se obi\u010dno prenosi kroz kontekst ili pokaziva\u010de, a broj\u010dani ek mo\u017ee funkcionirati kao neodre\u0111eni \u010dlan u nekim kontekstima.<\/p>\n\n\n\n<h3 class=\"wp-block-heading\" id=\"h-3-adjectives\">3. Pridjevi:<\/h3>\n\n\n\n<p>Pridjevi u gud\u017earatskom obi\u010dno prethode njihovim imenicama. Saznajte kako se pridjevi sla\u017eu s imenicama u rodu i broju kada je to primjenjivo i kako oblikovati komparative i superlative.<\/p>\n\n\n\n<h3 class=\"wp-block-heading\" id=\"h-4-pronouns-determiners\">4. Zamjenice\/Odrediva\u010di:<\/h3>\n\n\n\n<p>Zamjenice i odrednice bitne su u gud\u017earatskom; zamjenjuju imenice i pru\u017eaju informacije o koli\u010dini, posjedovanju i jo\u0161 mnogo toga. Obratite pozornost na po\u010dasne razlike u zamjenicama u drugom licu i inkluzivne naspram isklju\u010divih oblika prvog lica mno\u017eine. Njihova ispravna uporaba potrebna je za u\u010dinkovitu komunikaciju.<\/p>\n\n\n\n<h3 class=\"wp-block-heading\" id=\"h-5-verbs\">5. Glagoli:<\/h3>\n\n\n\n<p>Gud\u017earatski glagoli mijenjaju oblik ovisno o vremenu, aspektu, raspolo\u017eenju i slaganju. Po\u010dnite s sada\u0161njim oblicima i pomo\u0107nim glagolom biti, a zatim postupno istra\u017eite pro\u0161le i budu\u0107e oblike i kako funkcionira sporazum.<\/p>\n\n\n\n<h3 class=\"wp-block-heading\" id=\"h-6-tenses\">6. Vrijeme:<\/h3>\n\n\n\n<p>Nakon svladavanja glagolskih oblika, zaronite dublje u gud\u017earatski sustav vremenskih aspekata. To uklju\u010duje razumijevanje sada\u0161njosti, pro\u0161losti i budu\u0107nosti, zajedno s na\u010dinom na koji aspekt i pomo\u0107ni glagoli me\u0111usobno djeluju u razli\u010ditim kontekstima.<\/p>\n\n\n\n<h3 class=\"wp-block-heading\" id=\"h-7-tense-comparison\">7. Napeta usporedba:<\/h3>\n\n\n\n<p>Usporedba vremena na gud\u017earatskom poma\u017ee u razumijevanju slijeda doga\u0111aja. Usporedba <a href=\"https:\/\/talkpal.ai\/locations\/learn-english-in-istog\/\">istog<\/a> glagola u razli\u010ditim vremenima i aspektima omogu\u0107it \u0107e bolje razumijevanje jezika.<\/p>\n\n\n\n<h3 class=\"wp-block-heading\" id=\"h-8-progressive\">8. Progresivno:<\/h3>\n\n\n\n<p>Progresivni u gud\u017earatskom koristi se za izra\u017eavanje teku\u0107ih akcija. Nastaje s glavnim glagolom plus oznakom aspekta <a href=\"https:\/\/talkpal.ai\/locations\/language-courses-in-koja\/\">koja<\/a> se temelji na rah, zajedno s odgovaraju\u0107im oblikom pomo\u0107nog bi\u0107a, uz dogovor za rod i broj.<\/p>\n\n\n\n<h3 class=\"wp-block-heading\" id=\"h-9-perfect-progressive\">9. Savr\u0161en progresivan:<\/h3>\n\n\n\n<p>Ovaj obrazac se koristi za izra\u017eavanje radnji koje su bile u tijeku do odre\u0111ene to\u010dke. U gud\u017earatskom jeziku formira se progresivnim participom plus pomo\u0107nim da bude u savr\u0161enom ili pro\u0161lom, uz odgovaraju\u0107i dogovor.<\/p>\n\n\n\n<h3 class=\"wp-block-heading\" id=\"h-10-conditionals\">10. Uvjeti:<\/h3>\n\n\n\n<p>Uvjeti izra\u017eavaju hipotetske situacije i njihove mogu\u0107e ishode. Oni su va\u017ean dio gud\u017earatske gramatike i dodat \u0107e slo\u017eenost i nijanse va\u0161im jezi\u010dnim vje\u0161tinama.<\/p>\n\n\n\n<h3 class=\"wp-block-heading\" id=\"h-11-adverbs\">11. Prilozi:<\/h3>\n\n\n\n<p>Prilozi na gud\u017earatskom mijenjaju glagole, pridjeve ili druge priloge. Oni pru\u017eaju informacije o na\u010dinu, mjestu, vremenu, stupnju i jo\u0161 mnogo toga.<\/p>\n\n\n\n<h3 class=\"wp-block-heading\" id=\"h-12-prepositions\">12. Prijedlozi:<\/h3>\n\n\n\n<p>Gujarati koristi postpozicije, a ne prijedloge. Oni slijede imenicu ili zamjenicu i povezuju rije\u010di i fraze kako bi izrazili odnose vremena, mjesta, smjera, posjedovanja i jo\u0161 mnogo toga.<\/p>\n\n\n\n<h3 class=\"wp-block-heading\" id=\"h-13-sentences\">13. Re\u010denice:<\/h3>\n\n\n\n<p>Kona\u010dno, vje\u017ebajte konstruiranje re\u010denica. Gujarati obi\u010dno slijedi redoslijed subjekt-objekt-glagol i intenzivno koristi postpozicije. To \u0107e uklju\u010divati kori\u0161tenje svih prethodno nau\u010denih gramati\u010dkih to\u010daka u kontekstu, \u010dime \u0107e se osigurati sveobuhvatno razumijevanje gud\u017earatskog jezika.<\/p>\n<\/div><\/div>\n\r\n<section class=\"learnNavigationSection\">\r\n            \r\n        <a href=\"https:\/\/talkpal.ai\/hr\/naucite-gudzaratski\/\">\r\n            <div class=\"learnNavigationWrapper\">\r\n                <div class=\"learnNavigationContent\">\r\n                    <img decoding=\"async\" src=\"https:\/\/talkpal.ai\/wp-content\/uploads\/2025\/11\/Gujarati.png\" alt=\"Indian Simplified Flag\">\r\n                    <div>\r\n                        <h4>O u\u010denju Gujarati<\/h4>\r\n                        <p>Saznajte sve o gud\u017earatskoj gramatici.<\/p>\r\n                    <\/div>\r\n                <\/div>\r\n            <\/div>\r\n        <\/a>\r\n\r\n        \r\n        <a href=\"https:\/\/talkpal.ai\/hr\/gudzaratska-gramatika\/\">\r\n            <div class=\"learnNavigationWrapper\">\r\n                <div class=\"learnNavigationContent\">\r\n                    <img decoding=\"async\" src=\"https:\/\/talkpal.ai\/wp-content\/uploads\/2025\/11\/Gujarati.png\" alt=\"Indian Simplified Flag\">\r\n                    <div>\r\n                        <h4>Lekcije gramatike gujarati<\/h4>\r\n                        <p>Vje\u017ebajte gud\u017earatsku gramatiku.<\/p>\r\n                    <\/div>\r\n                <\/div>\r\n            <\/div>\r\n        <\/a>\r\n\r\n            <\/section>","protected":false},"excerpt":{"rendered":"<p>Gujarati gramati\u010dke teme U\u010denje novog jezika mo\u017ee biti izazovan, ali koristan pothvat. Gujarati, indoarijevski jezik koji se uglavnom govori u indijskoj dr\u017eavi Gujarat i zajednicama dijaspore diljem svijeta, nije iznimka. Sa svojim jedinstvenim zna\u010dajkama i strukturama, u\u010denje gud\u017earatskog zahtijeva sustavan pristup razumijevanju njegove gramatike. Ovaj vodi\u010d ocrtava klju\u010dna podru\u010dja gud\u017earatske gramatike u logi\u010dnom slijedu za [&hellip;]<\/p>\n","protected":false},"author":20,"featured_media":0,"parent":0,"menu_order":0,"comment_status":"closed","ping_status":"closed","template":"LearningContentPage.php","meta":{"_acf_changed":false,"footnotes":""},"class_list":["post-1469125","page","type-page","status-publish","hentry"],"acf":[],"yoast_head":"<!-- This site is optimized with the Yoast SEO Premium plugin v27.2 (Yoast SEO v27.2) - https:\/\/yoast.com\/product\/yoast-seo-premium-wordpress\/ -->\n<title>Gujarati gramati\u010dke vje\u017ebe - Talkpal<\/title>\n<meta name=\"description\" content=\"Savladajte osnove gud\u017earatske gramatike interaktivnim vje\u017ebama koje pokrivaju imenice, glagole i glagolska vremena kako biste pobolj\u0161ali svoju jezi\u010dnu te\u010dnost.\" \/>\n<meta name=\"robots\" content=\"index, follow, max-snippet:-1, max-image-preview:large, max-video-preview:-1\" \/>\n<link rel=\"canonical\" href=\"https:\/\/talkpal.ai\/hr\/gujarati-gramaticke-vjezbe\/\" \/>\n<meta property=\"og:locale\" content=\"hr_HR\" \/>\n<meta property=\"og:type\" content=\"article\" \/>\n<meta property=\"og:title\" content=\"Gujarati gramati\u010dke vje\u017ebe\" \/>\n<meta property=\"og:description\" content=\"Gujarati gramati\u010dke teme U\u010denje novog jezika mo\u017ee biti izazovan, ali koristan pothvat. Gujarati, indoarijevski jezik koji se uglavnom govori u indijskoj\" \/>\n<meta property=\"og:url\" content=\"https:\/\/talkpal.ai\/hr\/gujarati-gramaticke-vjezbe\/\" \/>\n<meta property=\"og:site_name\" content=\"Talkpal\" \/>\n<meta property=\"article:publisher\" content=\"https:\/\/www.facebook.com\/profile.php?id=100090733639311\" \/>\n<meta property=\"article:modified_time\" content=\"2025-12-30T14:46:33+00:00\" \/>\n<meta property=\"og:image\" content=\"https:\/\/talkpal.ai\/wp-content\/uploads\/2025\/02\/Progress-tab-16_9.png\" \/>\n\t<meta property=\"og:image:width\" content=\"2880\" \/>\n\t<meta property=\"og:image:height\" content=\"1620\" \/>\n\t<meta property=\"og:image:type\" content=\"image\/png\" \/>\n<meta name=\"twitter:card\" content=\"summary_large_image\" \/>\n<meta name=\"twitter:site\" content=\"@talkpalai\" \/>\n<meta name=\"twitter:label1\" content=\"Procijenjeno vrijeme \u010ditanja\" \/>\n\t<meta name=\"twitter:data1\" content=\"3 minute\" \/>\n<script type=\"application\/ld+json\" class=\"yoast-schema-graph\">{\"@context\":\"https:\/\/schema.org\",\"@graph\":[{\"@type\":\"WebPage\",\"@id\":\"https:\/\/talkpal.ai\/hr\/gujarati-gramaticke-vjezbe\/\",\"url\":\"https:\/\/talkpal.ai\/hr\/gujarati-gramaticke-vjezbe\/\",\"name\":\"Gujarati gramati\u010dke vje\u017ebe - Talkpal\",\"isPartOf\":{\"@id\":\"https:\/\/talkpal.ai\/hr\/#website\"},\"datePublished\":\"2025-11-12T09:38:12+00:00\",\"dateModified\":\"2025-12-30T14:46:33+00:00\",\"description\":\"Savladajte osnove gud\u017earatske gramatike interaktivnim vje\u017ebama koje pokrivaju imenice, glagole i glagolska vremena kako biste pobolj\u0161ali svoju jezi\u010dnu te\u010dnost.\",\"breadcrumb\":{\"@id\":\"https:\/\/talkpal.ai\/hr\/gujarati-gramaticke-vjezbe\/#breadcrumb\"},\"inLanguage\":\"hr\",\"potentialAction\":[{\"@type\":\"ReadAction\",\"target\":[\"https:\/\/talkpal.ai\/hr\/gujarati-gramaticke-vjezbe\/\"]}]},{\"@type\":\"BreadcrumbList\",\"@id\":\"https:\/\/talkpal.ai\/hr\/gujarati-gramaticke-vjezbe\/#breadcrumb\",\"itemListElement\":[{\"@type\":\"ListItem\",\"position\":1,\"name\":\"Homepage\",\"item\":\"https:\/\/talkpal.ai\/hr\/\"},{\"@type\":\"ListItem\",\"position\":2,\"name\":\"Gujarati gramati\u010dke vje\u017ebe\"}]},{\"@type\":\"WebSite\",\"@id\":\"https:\/\/talkpal.ai\/hr\/#website\",\"url\":\"https:\/\/talkpal.ai\/hr\/\",\"name\":\"Talkpal\",\"description\":\"AI Language Learning\",\"publisher\":{\"@id\":\"https:\/\/talkpal.ai\/hr\/#organization\"},\"alternateName\":\"Talkpal AI\",\"potentialAction\":[{\"@type\":\"SearchAction\",\"target\":{\"@type\":\"EntryPoint\",\"urlTemplate\":\"https:\/\/talkpal.ai\/hr\/?s={search_term_string}\"},\"query-input\":{\"@type\":\"PropertyValueSpecification\",\"valueRequired\":true,\"valueName\":\"search_term_string\"}}],\"inLanguage\":\"hr\"},{\"@type\":\"Organization\",\"@id\":\"https:\/\/talkpal.ai\/hr\/#organization\",\"name\":\"Talkpal, Inc.\",\"alternateName\":\"Talkpal AI\",\"url\":\"https:\/\/talkpal.ai\/hr\/\",\"logo\":{\"@type\":\"ImageObject\",\"inLanguage\":\"hr\",\"@id\":\"https:\/\/talkpal.ai\/hr\/#\/schema\/logo\/image\/\",\"url\":\"https:\/\/talkpal.ai\/wp-content\/uploads\/2024\/03\/Talkpal-Logo-Icon.png\",\"contentUrl\":\"https:\/\/talkpal.ai\/wp-content\/uploads\/2024\/03\/Talkpal-Logo-Icon.png\",\"width\":2880,\"height\":2880,\"caption\":\"Talkpal, Inc.\"},\"image\":{\"@id\":\"https:\/\/talkpal.ai\/hr\/#\/schema\/logo\/image\/\"},\"sameAs\":[\"https:\/\/www.facebook.com\/profile.php?id=100090733639311\",\"https:\/\/x.com\/talkpalai\",\"https:\/\/www.linkedin.com\/company\/talkpal\/\",\"https:\/\/www.youtube.com\/@TalkPal\/\",\"https:\/\/www.tiktok.com\/@talkpal\",\"https:\/\/www.instagram.com\/talkpal_ai\/\",\"https:\/\/www.crunchbase.com\/organization\/talkpal-9cde\",\"https:\/\/www.g2.com\/products\/talkpal-for-business\/\",\"https:\/\/www.trustpilot.com\/review\/talkpal.ai\",\"https:\/\/www.capterra.com\/p\/10006800\/TalkPal\/\"],\"description\":\"Talkpal is a language learning web and mobile education app, powered by the latest AI technologies, that provides engaging experiences to its customers in many different languages to help them improve their language skills. Users can chat about unlimited amount of topics with the app and use other modes to practice their language learning.\",\"email\":\"support@talkpal.ai\",\"legalName\":\"Talkpal, Inc.\",\"foundingDate\":\"2023-04-03\",\"duns\":\"118989042\",\"numberOfEmployees\":{\"@type\":\"QuantitativeValue\",\"minValue\":\"11\",\"maxValue\":\"50\"},\"publishingPrinciples\":\"https:\/\/talkpal.ai\/publishing-principles\/\",\"actionableFeedbackPolicy\":\"https:\/\/talkpal.ai\/actionable-feedback-policy\/\",\"correctionsPolicy\":\"https:\/\/talkpal.ai\/corrections-policy\/\",\"ethicsPolicy\":\"https:\/\/talkpal.ai\/ethics-policy\/\",\"diversityPolicy\":\"https:\/\/talkpal.ai\/diversity-policy\/\",\"diversityStaffingReport\":\"https:\/\/talkpal.ai\/diversity-policy\/\"}]}<\/script>\n<!-- \/ Yoast SEO Premium plugin. -->","yoast_head_json":{"title":"Gujarati gramati\u010dke vje\u017ebe - Talkpal","description":"Savladajte osnove gud\u017earatske gramatike interaktivnim vje\u017ebama koje pokrivaju imenice, glagole i glagolska vremena kako biste pobolj\u0161ali svoju jezi\u010dnu te\u010dnost.","robots":{"index":"index","follow":"follow","max-snippet":"max-snippet:-1","max-image-preview":"max-image-preview:large","max-video-preview":"max-video-preview:-1"},"canonical":"https:\/\/talkpal.ai\/hr\/gujarati-gramaticke-vjezbe\/","og_locale":"hr_HR","og_type":"article","og_title":"Gujarati gramati\u010dke vje\u017ebe","og_description":"Gujarati gramati\u010dke teme U\u010denje novog jezika mo\u017ee biti izazovan, ali koristan pothvat. Gujarati, indoarijevski jezik koji se uglavnom govori u indijskoj","og_url":"https:\/\/talkpal.ai\/hr\/gujarati-gramaticke-vjezbe\/","og_site_name":"Talkpal","article_publisher":"https:\/\/www.facebook.com\/profile.php?id=100090733639311","article_modified_time":"2025-12-30T14:46:33+00:00","og_image":[{"width":2880,"height":1620,"url":"https:\/\/talkpal.ai\/wp-content\/uploads\/2025\/02\/Progress-tab-16_9.png","type":"image\/png"}],"twitter_card":"summary_large_image","twitter_site":"@talkpalai","twitter_misc":{"Procijenjeno vrijeme \u010ditanja":"3 minute"},"schema":{"@context":"https:\/\/schema.org","@graph":[{"@type":"WebPage","@id":"https:\/\/talkpal.ai\/hr\/gujarati-gramaticke-vjezbe\/","url":"https:\/\/talkpal.ai\/hr\/gujarati-gramaticke-vjezbe\/","name":"Gujarati gramati\u010dke vje\u017ebe - Talkpal","isPartOf":{"@id":"https:\/\/talkpal.ai\/hr\/#website"},"datePublished":"2025-11-12T09:38:12+00:00","dateModified":"2025-12-30T14:46:33+00:00","description":"Savladajte osnove gud\u017earatske gramatike interaktivnim vje\u017ebama koje pokrivaju imenice, glagole i glagolska vremena kako biste pobolj\u0161ali svoju jezi\u010dnu te\u010dnost.","breadcrumb":{"@id":"https:\/\/talkpal.ai\/hr\/gujarati-gramaticke-vjezbe\/#breadcrumb"},"inLanguage":"hr","potentialAction":[{"@type":"ReadAction","target":["https:\/\/talkpal.ai\/hr\/gujarati-gramaticke-vjezbe\/"]}]},{"@type":"BreadcrumbList","@id":"https:\/\/talkpal.ai\/hr\/gujarati-gramaticke-vjezbe\/#breadcrumb","itemListElement":[{"@type":"ListItem","position":1,"name":"Homepage","item":"https:\/\/talkpal.ai\/hr\/"},{"@type":"ListItem","position":2,"name":"Gujarati gramati\u010dke vje\u017ebe"}]},{"@type":"WebSite","@id":"https:\/\/talkpal.ai\/hr\/#website","url":"https:\/\/talkpal.ai\/hr\/","name":"Talkpal","description":"AI Language Learning","publisher":{"@id":"https:\/\/talkpal.ai\/hr\/#organization"},"alternateName":"Talkpal AI","potentialAction":[{"@type":"SearchAction","target":{"@type":"EntryPoint","urlTemplate":"https:\/\/talkpal.ai\/hr\/?s={search_term_string}"},"query-input":{"@type":"PropertyValueSpecification","valueRequired":true,"valueName":"search_term_string"}}],"inLanguage":"hr"},{"@type":"Organization","@id":"https:\/\/talkpal.ai\/hr\/#organization","name":"Talkpal, Inc.","alternateName":"Talkpal AI","url":"https:\/\/talkpal.ai\/hr\/","logo":{"@type":"ImageObject","inLanguage":"hr","@id":"https:\/\/talkpal.ai\/hr\/#\/schema\/logo\/image\/","url":"https:\/\/talkpal.ai\/wp-content\/uploads\/2024\/03\/Talkpal-Logo-Icon.png","contentUrl":"https:\/\/talkpal.ai\/wp-content\/uploads\/2024\/03\/Talkpal-Logo-Icon.png","width":2880,"height":2880,"caption":"Talkpal, Inc."},"image":{"@id":"https:\/\/talkpal.ai\/hr\/#\/schema\/logo\/image\/"},"sameAs":["https:\/\/www.facebook.com\/profile.php?id=100090733639311","https:\/\/x.com\/talkpalai","https:\/\/www.linkedin.com\/company\/talkpal\/","https:\/\/www.youtube.com\/@TalkPal\/","https:\/\/www.tiktok.com\/@talkpal","https:\/\/www.instagram.com\/talkpal_ai\/","https:\/\/www.crunchbase.com\/organization\/talkpal-9cde","https:\/\/www.g2.com\/products\/talkpal-for-business\/","https:\/\/www.trustpilot.com\/review\/talkpal.ai","https:\/\/www.capterra.com\/p\/10006800\/TalkPal\/"],"description":"Talkpal is a language learning web and mobile education app, powered by the latest AI technologies, that provides engaging experiences to its customers in many different languages to help them improve their language skills. Users can chat about unlimited amount of topics with the app and use other modes to practice their language learning.","email":"support@talkpal.ai","legalName":"Talkpal, Inc.","foundingDate":"2023-04-03","duns":"118989042","numberOfEmployees":{"@type":"QuantitativeValue","minValue":"11","maxValue":"50"},"publishingPrinciples":"https:\/\/talkpal.ai\/publishing-principles\/","actionableFeedbackPolicy":"https:\/\/talkpal.ai\/actionable-feedback-policy\/","correctionsPolicy":"https:\/\/talkpal.ai\/corrections-policy\/","ethicsPolicy":"https:\/\/talkpal.ai\/ethics-policy\/","diversityPolicy":"https:\/\/talkpal.ai\/diversity-policy\/","diversityStaffingReport":"https:\/\/talkpal.ai\/diversity-policy\/"}]}},"_links":{"self":[{"href":"https:\/\/talkpal.ai\/hr\/wp-json\/wp\/v2\/pages\/1469125","targetHints":{"allow":["GET"]}}],"collection":[{"href":"https:\/\/talkpal.ai\/hr\/wp-json\/wp\/v2\/pages"}],"about":[{"href":"https:\/\/talkpal.ai\/hr\/wp-json\/wp\/v2\/types\/page"}],"author":[{"embeddable":true,"href":"https:\/\/talkpal.ai\/hr\/wp-json\/wp\/v2\/users\/20"}],"replies":[{"embeddable":true,"href":"https:\/\/talkpal.ai\/hr\/wp-json\/wp\/v2\/comments?post=1469125"}],"version-history":[{"count":0,"href":"https:\/\/talkpal.ai\/hr\/wp-json\/wp\/v2\/pages\/1469125\/revisions"}],"wp:attachment":[{"href":"https:\/\/talkpal.ai\/hr\/wp-json\/wp\/v2\/media?parent=1469125"}],"curies":[{"name":"wp","href":"https:\/\/api.w.org\/{rel}","templated":true}]}}