{"id":1468941,"date":"2025-11-11T15:54:57","date_gmt":"2025-11-11T15:54:57","guid":{"rendered":"https:\/\/talkpal.ai\/bengalska-gramatika\/"},"modified":"2025-12-30T15:14:37","modified_gmt":"2025-12-30T15:14:37","slug":"bengalska-gramatika","status":"publish","type":"page","link":"https:\/\/talkpal.ai\/hr\/bengalska-gramatika\/","title":{"rendered":"Bengalska gramatika"},"content":{"rendered":"\r\n\r\n\r\n<section class=\"languageChallengeSection\">\r\n    <div class=\"languageInfoWrapper\">\r\n        \r\n        <h1>Bengalska gramatika<\/h1>\r\n        <p><a href=\"https:\/\/talkpal.ai\/bengali-grammar\/\">Bengalska gramatika<\/a> u po\u010detku se mo\u017ee \u010diniti izazovnom, ali njezine jedinstvene zna\u010dajke \u010dine u\u010denje jezika korisnim iskustvom. Istra\u017euju\u0107i njegovu abecedu, mutacije i gramati\u010dka pravila, ste\u0107i \u0107ete uvid u bogatu jezi\u010dnu tradiciju. Zapo\u010dnite svoje putovanje i otkrijte ljepote bengalskog!<\/p>\r\n\r\n                            <a class=\"getStartedHidden\" href=\"https:\/\/app.talkpal.ai\/hr\/signup?lng=\">Zapo\u010dni<\/a>\r\n        \r\n    <\/div>\r\n\r\n    <figure>\r\n    <img decoding=\"async\" width=\"768\" height=\"768\" src=\"https:\/\/talkpal.ai\/wp-content\/uploads\/2023\/06\/welsh-768x768.png\" class=\"languageImage no-lazy\" alt=\"Language learning for better cognitive abilities\" fetchpriority=\"high\" sizes=\"(max-width: 768px) 150px, 768px\" srcset=\"https:\/\/talkpal.ai\/wp-content\/uploads\/2023\/06\/welsh-768x768.png 768w, https:\/\/talkpal.ai\/wp-content\/uploads\/2023\/06\/welsh-300x300.png 300w\" \/>\r\n    \r\n\r\n    <\/figure>\r\n\r\n            <a class=\"getStartedVisible\" href=\"https:\/\/app.talkpal.ai\/hr\/signup?lng=\">Zapo\u010dni<\/a>\r\n    \r\n<\/section><section class=\"promotionalBanner\">\r\n    <p class=\"promotionalText\">Naju\u010dinkovitiji na\u010din u\u010denja jezika<\/p>\r\n    <a class=\"promotionalLink\" href=\"https:\/\/app.talkpal.ai\/hr\/signup?lng=\">Isprobajte Talkpal besplatno<\/a>\r\n<\/section>\n<div class=\"wp-block-group pageContainerStyle\"><div class=\"wp-block-group__inner-container is-layout-constrained wp-block-group-is-layout-constrained\">\n<h2 class=\"wp-block-heading\" id=\"h-navigating-the-intricacies-of-bengali-grammar\">Snala\u017eenje u zamr\u0161enosti bengalske gramatike<\/h2>\n\n\n\n<p><a href=\"https:\/\/talkpal.ai\/hr\/naucite-bengalski\/\">Bengalski<\/a>, indoarijevski jezik s bogatom povije\u0161\u0107u i kulturnim zna\u010dajem, nudi uzbudljivo jezi\u010dno iskustvo za one koji \u017eele istra\u017eiti njegov jedinstveni gramati\u010dki sustav. Dok se upu\u0161tate u carstvo bengalskog, ne samo da \u0107ete obogatiti svoj jezi\u010dni repertoar, ve\u0107 \u0107ete i prigrliti fascinantno kulturno putovanje. Iako se <a href=\"https:\/\/talkpal.ai\/learn-bengali\/\">bengalska<\/a> gramatika u po\u010detku mo\u017ee \u010diniti kompliciranom, ra\u0161\u010dlanjivanje na temeljne komponente \u010dini u\u010denje jezika pristupa\u010dnijim. U ovom \u0107emo \u010dlanku istra\u017eiti zadivljuju\u0107i svijet bengalske gramatike i dati savjete o tome kako svladati njezinu slo\u017eenost.<\/p>\n\n\n\n<h3 class=\"wp-block-heading\" id=\"h-1-bengali-alphabet-and-phonetics\">1. Bengalska abeceda i fonetika<\/h3>\n\n\n\n<p>Bengalsko pismo koristi abugidu s 11 samoglasnika i 39 suglasnika, zajedno sa znakovima kao \u0161to su chandrabindu, visarga i anusvara. Da biste nau\u010dili bengalsku gramatiku, klju\u010dno je upoznati se s ovim prepoznatljivim sustavom pisanja vje\u017ebaju\u0107i \u010ditanje i pisanje na bengalskom. Klju\u010dne fonetske zna\u010dajke uklju\u010duju inherentni samoglasnik, kontraste izme\u0111u dentalnih i retrofleksnih zvukova te aspirirane naspram neaspiriranih suglasnika.<\/p>\n\n\n\n<h3 class=\"wp-block-heading\" id=\"h-2-sandhi-and-conjuncts-a-distinctive-bengali-feature\">2. Sandhi i konjunkci: prepoznatljiva bengalska zna\u010dajka<\/h3>\n\n\n\n<p>Jedan od najupe\u010datljivijih aspekata bengalskog je rasprostranjenost sandhi i suglasni\u010dkih konjunkcija, koji mogu promijeniti izgovor i pravopis na granicama morfema i rije\u010di. Uobi\u010dajeni obrasci uklju\u010duju smanjenje ili eliziju samoglasnika, asimilaciju, nazalizaciju i formiranje ligatura u pisanom obliku. Razumijevanje kada i kako se te izmjene doga\u0111aju klju\u010dno je za to\u010dnu komunikaciju na bengalskom.<\/p>\n\n\n\n<h3 class=\"wp-block-heading\" id=\"h-3-nouns-and-pronouns-classifiers-and-cases\">3. Imenice i zamjenice: klasifikatori i pade\u017ei<\/h3>\n\n\n\n<p>Bengalske imenice nemaju gramati\u010dki rod, a ozna\u010davanje mno\u017eine \u010desto uklju\u010duje klasifikatore. Oznake pade\u017ea su prilo\u017eene kao sufiksi, na primjer genitiv -r ili -er, cilj -ke i lokativ -e. Klasifikatori kao \u0161to su -ta ili -ti, -jon i -khana koriste se pri brojanju ili odre\u0111ivanju imenica. Zamjenice na bengalskom uklju\u010duju osobne, posvojne, refleksivne, pokazne i upitne oblike, a odra\u017eavaju razinu uljudnosti, na primjer <a href=\"https:\/\/talkpal.ai\/locations\/language-courses-in-ami\/\">ami<\/a>, tumi, apni, tui, ona, tara. Upoznavanje s ovim zamjenicama i njihovim oblicima zna\u010dajno \u0107e pobolj\u0161ati va\u0161e razumijevanje bengalske gramatike.<\/p>\n\n\n\n<h3 class=\"wp-block-heading\" id=\"h-4-verbs-structure-and-conjugation\">4. Glagoli: Struktura i konjugacija<\/h3>\n\n\n\n<p>Bengalski glagoli slijede prepoznatljivu strukturu i obrazac konjugacije ovisno o vremenu, aspektu, raspolo\u017eenju i pristojnosti. Bitna vremena su sada\u0161nja, pro\u0161la i budu\u0107a, s dodatnim elementima kao \u0161to su progresivni i savr\u0161eni aspekti te uvjetna i imperativna raspolo\u017eenja. U\u010denje pravila konjugacije glagola, uklju\u010duju\u0107i uobi\u010dajene negativne obrasce s na, pobolj\u0161at \u0107e va\u0161u sposobnost u\u010dinkovite komunikacije na bengalskom.<\/p>\n\n\n\n<h3 class=\"wp-block-heading\" id=\"h-5-adjectives-agreement-and-placement\">5. Pridjevi: Sporazum i plasman<\/h3>\n\n\n\n<p>Slaganje i polo\u017eaj U bengalskoj gramatici, pridjevi obi\u010dno prethode imenici koju mijenjaju i ne sla\u017eu se u rodu ili broju s imenicom. Komparativna i superlativna zna\u010denja \u010desto se izra\u017eavaju analiti\u010dki, na primjer beshi za komparativ i shobcheye za superlativ, iako postoje i formalni sufiksi poput -toro i -tomo.<\/p>\n\n\n\n<p><strong>Primjerima:<\/strong><\/p>\n\n\n\n<p><strong>\u2013 Chhoto bachchara (mala djeca)<\/strong><\/p>\n\n\n\n<p><strong>\u2013 Boro Bhalobasha (Velika ljubav)<\/strong><\/p>\n\n\n\n<h3 class=\"wp-block-heading\" id=\"h-6-engaging-with-the-language\">6. Suradnja s jezikom<\/h3>\n\n\n\n<p>Naju\u010dinkovitiji na\u010din za potpuno razumijevanje i internalizaciju bengalske gramatike je dosljedno bavljenje jezikom. \u010citanjem bengalske knji\u017eevnosti, gledanjem bengalskih filmova ili televizijskih serija i aktivnom komunikacijom s izvornim govornicima oja\u010dat \u0107ete svoje razumijevanje gramatike dok \u0107ete pro\u0161iriti svoj vokabular.<\/p>\n\n\n\n<h3 class=\"wp-block-heading\" id=\"h-conclusion\">Zaklju\u010dak<\/h3>\n\n\n\n<p>Iako se <a href=\"https:\/\/talkpal.ai\/learn-bengali\/\">bengalska<\/a> gramatika mo\u017ee \u010diniti zamr\u0161enom, mo\u017eete postati vje\u0161ti u ovom prekrasnom jeziku uz predanost, vje\u017ebu i entuzijazam. Usredoto\u010duju\u0107i se na temeljna pravila i bave\u0107i se jezikom u razli\u010ditim kontekstima, brzo \u0107ete pobolj\u0161ati <a href=\"https:\/\/talkpal.ai\/hr\/gramatika\/\">svoje bengalske gramati\u010dke vje\u0161tine<\/a>. Shubho kamona (sretno) na svom bengalskom jezi\u010dnom putovanju i u\u017eivajte u otkrivanju zagonetnog, ali zadivljuju\u0107eg svijeta bengalske gramatike!<\/p>\n<\/div><\/div>\n\r\n<section class=\"learnNavigationSection\">\r\n            \r\n        <a href=\"https:\/\/talkpal.ai\/hr\/naucite-bengalski\/\">\r\n            <div class=\"learnNavigationWrapper\">\r\n                <div class=\"learnNavigationContent\">\r\n                    <img decoding=\"async\" src=\"https:\/\/talkpal.ai\/wp-content\/uploads\/2025\/11\/Bengali.png\" alt=\"Bengali Flag\">\r\n                    <div>\r\n                        <h4>O u\u010denju bengalskog<\/h4>\r\n                        <p>Saznajte sve o bengalskoj gramatici.<\/p>\r\n                    <\/div>\r\n                <\/div>\r\n            <\/div>\r\n        <\/a>\r\n\r\n        \r\n        <a href=\"https:\/\/talkpal.ai\/hr\/bengalske-gramaticke-vjezbe\/\">\r\n            <div class=\"learnNavigationWrapper\">\r\n                <div class=\"learnNavigationContent\">\r\n                    <img decoding=\"async\" src=\"https:\/\/talkpal.ai\/wp-content\/uploads\/2025\/11\/Bengali.png\" alt=\"Bengali Flag\">\r\n                    <div>\r\n                        <h4>Vje\u017eba bengalske gramatike<\/h4>\r\n                        <p>Vje\u017ebajte bengalsku gramatiku.<\/p>\r\n                    <\/div>\r\n                <\/div>\r\n            <\/div>\r\n        <\/a>\r\n\r\n            <\/section>","protected":false},"excerpt":{"rendered":"<p>Snala\u017eenje u zamr\u0161enosti bengalske gramatike Bengalski, indoarijevski jezik s bogatom povije\u0161\u0107u i kulturnim zna\u010dajem, nudi uzbudljivo jezi\u010dno iskustvo za one koji \u017eele istra\u017eiti njegov jedinstveni gramati\u010dki sustav. Dok se upu\u0161tate u carstvo bengalskog, ne samo da \u0107ete obogatiti svoj jezi\u010dni repertoar, ve\u0107 \u0107ete i prigrliti fascinantno kulturno putovanje. Iako se bengalska gramatika u po\u010detku mo\u017ee [&hellip;]<\/p>\n","protected":false},"author":20,"featured_media":0,"parent":0,"menu_order":0,"comment_status":"closed","ping_status":"closed","template":"LearningContentPage.php","meta":{"_acf_changed":false,"footnotes":""},"class_list":["post-1468941","page","type-page","status-publish","hentry"],"acf":[],"yoast_head":"<!-- This site is optimized with the Yoast SEO Premium plugin v27.2 (Yoast SEO v27.2) - https:\/\/yoast.com\/product\/yoast-seo-premium-wordpress\/ -->\n<title>Bengalska gramatika - Talkpal<\/title>\n<meta name=\"description\" content=\"Otkrijte tajne bengalske gramatike i ubrzajte svoje u\u010denje uz na\u0161eg naprednog AI tutora jezika.\" \/>\n<meta name=\"robots\" content=\"index, follow, max-snippet:-1, max-image-preview:large, max-video-preview:-1\" \/>\n<link rel=\"canonical\" href=\"https:\/\/talkpal.ai\/hr\/bengalska-gramatika\/\" \/>\n<meta property=\"og:locale\" content=\"hr_HR\" \/>\n<meta property=\"og:type\" content=\"article\" \/>\n<meta property=\"og:title\" content=\"Bengalska gramatika\" \/>\n<meta property=\"og:description\" content=\"Snala\u017eenje u zamr\u0161enosti bengalske gramatike Bengalski, indoarijevski jezik s bogatom povije\u0161\u0107u i kulturnim zna\u010dajem, nudi uzbudljivo jezi\u010dno iskustvo za\" \/>\n<meta property=\"og:url\" content=\"https:\/\/talkpal.ai\/hr\/bengalska-gramatika\/\" \/>\n<meta property=\"og:site_name\" content=\"Talkpal\" \/>\n<meta property=\"article:publisher\" content=\"https:\/\/www.facebook.com\/profile.php?id=100090733639311\" \/>\n<meta property=\"article:modified_time\" content=\"2025-12-30T15:14:37+00:00\" \/>\n<meta property=\"og:image\" content=\"https:\/\/talkpal.ai\/wp-content\/uploads\/2025\/02\/Progress-tab-16_9.png\" \/>\n\t<meta property=\"og:image:width\" content=\"2880\" \/>\n\t<meta property=\"og:image:height\" content=\"1620\" \/>\n\t<meta property=\"og:image:type\" content=\"image\/png\" \/>\n<meta name=\"twitter:card\" content=\"summary_large_image\" \/>\n<meta name=\"twitter:site\" content=\"@talkpalai\" \/>\n<meta name=\"twitter:label1\" content=\"Procijenjeno vrijeme \u010ditanja\" \/>\n\t<meta name=\"twitter:data1\" content=\"3 minute\" \/>\n<script type=\"application\/ld+json\" class=\"yoast-schema-graph\">{\"@context\":\"https:\/\/schema.org\",\"@graph\":[{\"@type\":\"WebPage\",\"@id\":\"https:\/\/talkpal.ai\/hr\/bengalska-gramatika\/\",\"url\":\"https:\/\/talkpal.ai\/hr\/bengalska-gramatika\/\",\"name\":\"Bengalska gramatika - Talkpal\",\"isPartOf\":{\"@id\":\"https:\/\/talkpal.ai\/hr\/#website\"},\"datePublished\":\"2025-11-11T15:54:57+00:00\",\"dateModified\":\"2025-12-30T15:14:37+00:00\",\"description\":\"Otkrijte tajne bengalske gramatike i ubrzajte svoje u\u010denje uz na\u0161eg naprednog AI tutora jezika.\",\"breadcrumb\":{\"@id\":\"https:\/\/talkpal.ai\/hr\/bengalska-gramatika\/#breadcrumb\"},\"inLanguage\":\"hr\",\"potentialAction\":[{\"@type\":\"ReadAction\",\"target\":[\"https:\/\/talkpal.ai\/hr\/bengalska-gramatika\/\"]}]},{\"@type\":\"BreadcrumbList\",\"@id\":\"https:\/\/talkpal.ai\/hr\/bengalska-gramatika\/#breadcrumb\",\"itemListElement\":[{\"@type\":\"ListItem\",\"position\":1,\"name\":\"Homepage\",\"item\":\"https:\/\/talkpal.ai\/hr\/\"},{\"@type\":\"ListItem\",\"position\":2,\"name\":\"Bengalska gramatika\"}]},{\"@type\":\"WebSite\",\"@id\":\"https:\/\/talkpal.ai\/hr\/#website\",\"url\":\"https:\/\/talkpal.ai\/hr\/\",\"name\":\"Talkpal\",\"description\":\"AI Language Learning\",\"publisher\":{\"@id\":\"https:\/\/talkpal.ai\/hr\/#organization\"},\"alternateName\":\"Talkpal AI\",\"potentialAction\":[{\"@type\":\"SearchAction\",\"target\":{\"@type\":\"EntryPoint\",\"urlTemplate\":\"https:\/\/talkpal.ai\/hr\/?s={search_term_string}\"},\"query-input\":{\"@type\":\"PropertyValueSpecification\",\"valueRequired\":true,\"valueName\":\"search_term_string\"}}],\"inLanguage\":\"hr\"},{\"@type\":\"Organization\",\"@id\":\"https:\/\/talkpal.ai\/hr\/#organization\",\"name\":\"Talkpal, Inc.\",\"alternateName\":\"Talkpal AI\",\"url\":\"https:\/\/talkpal.ai\/hr\/\",\"logo\":{\"@type\":\"ImageObject\",\"inLanguage\":\"hr\",\"@id\":\"https:\/\/talkpal.ai\/hr\/#\/schema\/logo\/image\/\",\"url\":\"https:\/\/talkpal.ai\/wp-content\/uploads\/2024\/03\/Talkpal-Logo-Icon.png\",\"contentUrl\":\"https:\/\/talkpal.ai\/wp-content\/uploads\/2024\/03\/Talkpal-Logo-Icon.png\",\"width\":2880,\"height\":2880,\"caption\":\"Talkpal, Inc.\"},\"image\":{\"@id\":\"https:\/\/talkpal.ai\/hr\/#\/schema\/logo\/image\/\"},\"sameAs\":[\"https:\/\/www.facebook.com\/profile.php?id=100090733639311\",\"https:\/\/x.com\/talkpalai\",\"https:\/\/www.linkedin.com\/company\/talkpal\/\",\"https:\/\/www.youtube.com\/@TalkPal\/\",\"https:\/\/www.tiktok.com\/@talkpal\",\"https:\/\/www.instagram.com\/talkpal_ai\/\",\"https:\/\/www.crunchbase.com\/organization\/talkpal-9cde\",\"https:\/\/www.g2.com\/products\/talkpal-for-business\/\",\"https:\/\/www.trustpilot.com\/review\/talkpal.ai\",\"https:\/\/www.capterra.com\/p\/10006800\/TalkPal\/\"],\"description\":\"Talkpal is a language learning web and mobile education app, powered by the latest AI technologies, that provides engaging experiences to its customers in many different languages to help them improve their language skills. Users can chat about unlimited amount of topics with the app and use other modes to practice their language learning.\",\"email\":\"support@talkpal.ai\",\"legalName\":\"Talkpal, Inc.\",\"foundingDate\":\"2023-04-03\",\"duns\":\"118989042\",\"numberOfEmployees\":{\"@type\":\"QuantitativeValue\",\"minValue\":\"11\",\"maxValue\":\"50\"},\"publishingPrinciples\":\"https:\/\/talkpal.ai\/publishing-principles\/\",\"actionableFeedbackPolicy\":\"https:\/\/talkpal.ai\/actionable-feedback-policy\/\",\"correctionsPolicy\":\"https:\/\/talkpal.ai\/corrections-policy\/\",\"ethicsPolicy\":\"https:\/\/talkpal.ai\/ethics-policy\/\",\"diversityPolicy\":\"https:\/\/talkpal.ai\/diversity-policy\/\",\"diversityStaffingReport\":\"https:\/\/talkpal.ai\/diversity-policy\/\"}]}<\/script>\n<!-- \/ Yoast SEO Premium plugin. -->","yoast_head_json":{"title":"Bengalska gramatika - Talkpal","description":"Otkrijte tajne bengalske gramatike i ubrzajte svoje u\u010denje uz na\u0161eg naprednog AI tutora jezika.","robots":{"index":"index","follow":"follow","max-snippet":"max-snippet:-1","max-image-preview":"max-image-preview:large","max-video-preview":"max-video-preview:-1"},"canonical":"https:\/\/talkpal.ai\/hr\/bengalska-gramatika\/","og_locale":"hr_HR","og_type":"article","og_title":"Bengalska gramatika","og_description":"Snala\u017eenje u zamr\u0161enosti bengalske gramatike Bengalski, indoarijevski jezik s bogatom povije\u0161\u0107u i kulturnim zna\u010dajem, nudi uzbudljivo jezi\u010dno iskustvo za","og_url":"https:\/\/talkpal.ai\/hr\/bengalska-gramatika\/","og_site_name":"Talkpal","article_publisher":"https:\/\/www.facebook.com\/profile.php?id=100090733639311","article_modified_time":"2025-12-30T15:14:37+00:00","og_image":[{"width":2880,"height":1620,"url":"https:\/\/talkpal.ai\/wp-content\/uploads\/2025\/02\/Progress-tab-16_9.png","type":"image\/png"}],"twitter_card":"summary_large_image","twitter_site":"@talkpalai","twitter_misc":{"Procijenjeno vrijeme \u010ditanja":"3 minute"},"schema":{"@context":"https:\/\/schema.org","@graph":[{"@type":"WebPage","@id":"https:\/\/talkpal.ai\/hr\/bengalska-gramatika\/","url":"https:\/\/talkpal.ai\/hr\/bengalska-gramatika\/","name":"Bengalska gramatika - Talkpal","isPartOf":{"@id":"https:\/\/talkpal.ai\/hr\/#website"},"datePublished":"2025-11-11T15:54:57+00:00","dateModified":"2025-12-30T15:14:37+00:00","description":"Otkrijte tajne bengalske gramatike i ubrzajte svoje u\u010denje uz na\u0161eg naprednog AI tutora jezika.","breadcrumb":{"@id":"https:\/\/talkpal.ai\/hr\/bengalska-gramatika\/#breadcrumb"},"inLanguage":"hr","potentialAction":[{"@type":"ReadAction","target":["https:\/\/talkpal.ai\/hr\/bengalska-gramatika\/"]}]},{"@type":"BreadcrumbList","@id":"https:\/\/talkpal.ai\/hr\/bengalska-gramatika\/#breadcrumb","itemListElement":[{"@type":"ListItem","position":1,"name":"Homepage","item":"https:\/\/talkpal.ai\/hr\/"},{"@type":"ListItem","position":2,"name":"Bengalska gramatika"}]},{"@type":"WebSite","@id":"https:\/\/talkpal.ai\/hr\/#website","url":"https:\/\/talkpal.ai\/hr\/","name":"Talkpal","description":"AI Language Learning","publisher":{"@id":"https:\/\/talkpal.ai\/hr\/#organization"},"alternateName":"Talkpal AI","potentialAction":[{"@type":"SearchAction","target":{"@type":"EntryPoint","urlTemplate":"https:\/\/talkpal.ai\/hr\/?s={search_term_string}"},"query-input":{"@type":"PropertyValueSpecification","valueRequired":true,"valueName":"search_term_string"}}],"inLanguage":"hr"},{"@type":"Organization","@id":"https:\/\/talkpal.ai\/hr\/#organization","name":"Talkpal, Inc.","alternateName":"Talkpal AI","url":"https:\/\/talkpal.ai\/hr\/","logo":{"@type":"ImageObject","inLanguage":"hr","@id":"https:\/\/talkpal.ai\/hr\/#\/schema\/logo\/image\/","url":"https:\/\/talkpal.ai\/wp-content\/uploads\/2024\/03\/Talkpal-Logo-Icon.png","contentUrl":"https:\/\/talkpal.ai\/wp-content\/uploads\/2024\/03\/Talkpal-Logo-Icon.png","width":2880,"height":2880,"caption":"Talkpal, Inc."},"image":{"@id":"https:\/\/talkpal.ai\/hr\/#\/schema\/logo\/image\/"},"sameAs":["https:\/\/www.facebook.com\/profile.php?id=100090733639311","https:\/\/x.com\/talkpalai","https:\/\/www.linkedin.com\/company\/talkpal\/","https:\/\/www.youtube.com\/@TalkPal\/","https:\/\/www.tiktok.com\/@talkpal","https:\/\/www.instagram.com\/talkpal_ai\/","https:\/\/www.crunchbase.com\/organization\/talkpal-9cde","https:\/\/www.g2.com\/products\/talkpal-for-business\/","https:\/\/www.trustpilot.com\/review\/talkpal.ai","https:\/\/www.capterra.com\/p\/10006800\/TalkPal\/"],"description":"Talkpal is a language learning web and mobile education app, powered by the latest AI technologies, that provides engaging experiences to its customers in many different languages to help them improve their language skills. Users can chat about unlimited amount of topics with the app and use other modes to practice their language learning.","email":"support@talkpal.ai","legalName":"Talkpal, Inc.","foundingDate":"2023-04-03","duns":"118989042","numberOfEmployees":{"@type":"QuantitativeValue","minValue":"11","maxValue":"50"},"publishingPrinciples":"https:\/\/talkpal.ai\/publishing-principles\/","actionableFeedbackPolicy":"https:\/\/talkpal.ai\/actionable-feedback-policy\/","correctionsPolicy":"https:\/\/talkpal.ai\/corrections-policy\/","ethicsPolicy":"https:\/\/talkpal.ai\/ethics-policy\/","diversityPolicy":"https:\/\/talkpal.ai\/diversity-policy\/","diversityStaffingReport":"https:\/\/talkpal.ai\/diversity-policy\/"}]}},"_links":{"self":[{"href":"https:\/\/talkpal.ai\/hr\/wp-json\/wp\/v2\/pages\/1468941","targetHints":{"allow":["GET"]}}],"collection":[{"href":"https:\/\/talkpal.ai\/hr\/wp-json\/wp\/v2\/pages"}],"about":[{"href":"https:\/\/talkpal.ai\/hr\/wp-json\/wp\/v2\/types\/page"}],"author":[{"embeddable":true,"href":"https:\/\/talkpal.ai\/hr\/wp-json\/wp\/v2\/users\/20"}],"replies":[{"embeddable":true,"href":"https:\/\/talkpal.ai\/hr\/wp-json\/wp\/v2\/comments?post=1468941"}],"version-history":[{"count":0,"href":"https:\/\/talkpal.ai\/hr\/wp-json\/wp\/v2\/pages\/1468941\/revisions"}],"wp:attachment":[{"href":"https:\/\/talkpal.ai\/hr\/wp-json\/wp\/v2\/media?parent=1468941"}],"curies":[{"name":"wp","href":"https:\/\/api.w.org\/{rel}","templated":true}]}}