{"id":1468905,"date":"2025-11-11T15:33:20","date_gmt":"2025-11-11T15:33:20","guid":{"rendered":"https:\/\/talkpal.ai\/baskijske-gramaticke-vjezbe\/"},"modified":"2025-12-30T15:35:57","modified_gmt":"2025-12-30T15:35:57","slug":"baskijske-gramaticke-vjezbe","status":"publish","type":"page","link":"https:\/\/talkpal.ai\/hr\/baskijske-gramaticke-vjezbe\/","title":{"rendered":"Baskijske gramati\u010dke vje\u017ebe"},"content":{"rendered":"\r\n\r\n\r\n<section class=\"languageChallengeSection\">\r\n    <div class=\"languageInfoWrapper\">\r\n        \r\n        <h1>Baskijske gramati\u010dke vje\u017ebe<\/h1>\r\n        <p>Jeste li spremni zaroniti u baskijsku gramatiku? Vje\u017ebanje nekoliko osnova pomo\u0107i \u0107e vam da se ugodno sna\u0111ete s ovim jedinstvenim i prekrasnim jezikom. Isprobajte ove vje\u017ebe kako biste izgradili samopouzdanje i zabavili se usput!<\/p>\r\n\r\n                            <a class=\"getStartedHidden\" href=\"https:\/\/app.talkpal.ai\/hr\/signup?lng=\">Zapo\u010dni<\/a>\r\n        \r\n    <\/div>\r\n\r\n    <figure>\r\n    <img decoding=\"async\" width=\"768\" height=\"768\" src=\"https:\/\/talkpal.ai\/wp-content\/uploads\/2023\/06\/welsh-768x768.png\" class=\"languageImage no-lazy\" alt=\"Language learning for better cognitive abilities\" fetchpriority=\"high\" sizes=\"(max-width: 768px) 150px, 768px\" srcset=\"https:\/\/talkpal.ai\/wp-content\/uploads\/2023\/06\/welsh-768x768.png 768w, https:\/\/talkpal.ai\/wp-content\/uploads\/2023\/06\/welsh-300x300.png 300w\" \/>\r\n    \r\n\r\n    <\/figure>\r\n\r\n            <a class=\"getStartedVisible\" href=\"https:\/\/app.talkpal.ai\/hr\/signup?lng=\">Zapo\u010dni<\/a>\r\n    \r\n<\/section><section class=\"promotionalBanner\">\r\n    <p class=\"promotionalText\">Naju\u010dinkovitiji na\u010din u\u010denja jezika<\/p>\r\n    <a class=\"promotionalLink\" href=\"https:\/\/app.talkpal.ai\/hr\/signup?lng=\">Isprobajte Talkpal besplatno<\/a>\r\n<\/section>\n<div class=\"wp-block-group pageContainerStyle\"><div class=\"wp-block-group__inner-container is-layout-constrained wp-block-group-is-layout-constrained\">\n<h2 class=\"wp-block-heading\" id=\"h-basque-grammar-topics\">Baskijske gramati\u010dke teme<\/h2>\n\n\n\n<p><a href=\"https:\/\/talkpal.ai\/hr\/najvece-pogreske-koje-treba-izbjegavati-pri-ucenju-novog-jezika\/\">U\u010denje novog jezika<\/a> U\u010denje novog jezika mo\u017ee biti izazovan, ali koristan pothvat. <a href=\"https:\/\/talkpal.ai\/learn-basque\/\">Baskijski<\/a>, izolat jezika koji se govori u Baskiji, nije iznimka. Sa svojim jedinstvenim zna\u010dajkama i strukturama, uklju\u010duju\u0107i ergativnost i opse\u017ean sustav pade\u017ea, <a href=\"https:\/\/talkpal.ai\/hr\/talkpal-za-obrazovanje\/\">u\u010denje<\/a> baskijskog zahtijeva sustavan pristup razumijevanju njegove gramatike. Ovaj vodi\u010d ocrtava klju\u010dna podru\u010dja<a href=\"https:\/\/talkpal.ai\/hr\/baskijska-gramatika\/\"> baskijske gramatike <\/a>u logi\u010dnom slijedu za <a href=\"https:\/\/talkpal.ai\/hr\/ai-chatbot-za-ucenje-jezika\/\">u\u010denje jezika<\/a>, po\u010dev\u0161i od osnova kao \u0161to su imenice i \u010dlanovi, pa sve do slo\u017eenijih podru\u010dja kao \u0161to su vremena i konstrukcija re\u010denica.<\/p>\n\n\n\n<h3 class=\"wp-block-heading\" id=\"h-1-nouns\">1. Imenice:<\/h3>\n\n\n\n<p><a href=\"https:\/\/talkpal.ai\/ko\/ai-%ec%96%b8%ec%96%b4-%ea%b5%90%ec%82%ac\/\">Zapo\u010dnite<\/a> svoje putovanje baskijskim jezikom u\u010denjem imenica. To uklju\u010duje razumijevanje uobi\u010dajenih i vlastitih imenica, kako su broj i odre\u0111enost ozna\u010deni sufiksima i kako pade\u017eni zavr\u0161eci funkcioniraju za uloge kao \u0161to su apsolut, ergativ i dativ.<\/p>\n\n\n\n<h3 class=\"wp-block-heading\" id=\"h-2-articles\">2. \u010clanci:<\/h3>\n\n\n\n<p>\u010clanci na baskijskom jeziku funkcioniraju druga\u010dije nego na <a href=\"https:\/\/talkpal.ai\/ai-english-speaking-practice\/\">engleskom<\/a>. Odre\u0111eni \u010dlan je sufiks vezan uz imenicu, a ne postoji pravi neodre\u0111eni \u010dlan. Ovladavanje na\u010dinom ozna\u010davanja odre\u0111enosti i broja klju\u010dno je u konstrukciji re\u010denice.<\/p>\n\n\n\n<h3 class=\"wp-block-heading\" id=\"h-3-adjectives\">3. Pridjevi:<\/h3>\n\n\n\n<p>Pridjevi u baskijskom obi\u010dno slijede njihove imenice. Saznajte kako se \u010dlanak pri\u010dvr\u0161\u0107uje na kraj cijele imenske fraze i kako oblikovati komparative i superlative, na primjer s -ago za komparativ i -en s \u010dlanom za superlativ.<\/p>\n\n\n\n<h3 class=\"wp-block-heading\" id=\"h-4-pronouns-determiners\">4. Zamjenice\/Odrediva\u010di:<\/h3>\n\n\n\n<p>Zamjenice i odrednice bitne su u baskijskom; zamjenjuju imenice i pru\u017eaju informacije o koli\u010dini, posjedovanju i jo\u0161 mnogo toga. Obratite pa\u017enju na posvojne odrednice i na to kako se osoba i broj odra\u017eavaju u pomo\u0107nom glagolu.<\/p>\n\n\n\n<h3 class=\"wp-block-heading\" id=\"h-5-verbs\">5. Glagoli:<\/h3>\n\n\n\n<p>Baskijski glagoli uglavnom su perifrasti\u010dni, koriste pomo\u0107ne glagole koji se sla\u017eu sa subjektom i objektima. Zapo\u010dnite s sada\u0161njim vremenom uobi\u010dajenih pomo\u0107nih rije\u010di i glavnih glagolskih participa, a zatim postupno istra\u017eite pro\u0161lost i budu\u0107nost, kao i imperativne oblike.<\/p>\n\n\n\n<h3 class=\"wp-block-heading\" id=\"h-6-tenses\">6. Vrijeme:<\/h3>\n\n\n\n<p>Nakon svladavanja glagolskih oblika, zaronite dublje u baskijsko vrijeme i aspekt. Razumjeti kako se sada\u0161nja, pro\u0161la i budu\u0107a zna\u010denja izra\u017eavaju pomo\u0107nim i participima te kako aspektne razlike utje\u010du na upotrebu u razli\u010ditim kontekstima.<\/p>\n\n\n\n<h3 class=\"wp-block-heading\" id=\"h-7-tense-comparison\">7. Napeta usporedba:<\/h3>\n\n\n\n<p>Usporedba vremena na baskijskom poma\u017ee u razumijevanju slijeda doga\u0111aja. Usporedba iste glagolske fraze u sada\u0161njim, pro\u0161lim i budu\u0107im pomo\u0107nim izrazima omogu\u0107it \u0107e bolje razumijevanje na\u010dina na koji baskijski upravlja vremenom i aspektom.<\/p>\n\n\n\n<h3 class=\"wp-block-heading\" id=\"h-8-progressive\">8. Progresivno:<\/h3>\n\n\n\n<p>Progresivno u baskijskom jeziku koristi se za izra\u017eavanje teku\u0107ih akcija. Nastaje s -tzen oblikom glagola zajedno s ari izan kao pomo\u0107nim.<\/p>\n\n\n\n<h3 class=\"wp-block-heading\" id=\"h-9-perfect-progressive\">9. Savr\u0161en progresivan:<\/h3>\n\n\n\n<p>Ovo se koristi za izra\u017eavanje radnji koje su bile u tijeku do odre\u0111ene to\u010dke. U baskijskom se formira sa svr\u0161etom od izan zajedno s ari i -tzen oblikom glavnog glagola.<\/p>\n\n\n\n<h3 class=\"wp-block-heading\" id=\"h-10-conditionals\">10. Uvjeti:<\/h3>\n\n\n\n<p>Uvjeti izra\u017eavaju hipotetske situacije i njihove mogu\u0107e ishode. Na baskijskom jeziku formiraju se s uvjetnim pomo\u0107nim rije\u010dima i re\u010denicama uvedenim s ba, a dodat \u0107e nijansu i preciznost va\u0161im jezi\u010dnim vje\u0161tinama.<\/p>\n\n\n\n<h3 class=\"wp-block-heading\" id=\"h-11-adverbs\">11. Prilozi:<\/h3>\n\n\n\n<p>Prilozi u baskijskom modificiraju glagole, pridjeve ili druge priloge. Pru\u017eaju informacije o na\u010dinu, mjestu, vremenu, stupnju i jo\u0161 mnogo toga, a mogu se oblikovati uobi\u010dajenim prilo\u0161kim rije\u010dima ili sufiksima kao \u0161to su -ki ili -z, ovisno o kontekstu.<\/p>\n\n\n\n<h3 class=\"wp-block-heading\" id=\"h-12-prepositions\">12. Prijedlozi:<\/h3>\n\n\n\n<p>Baskijski prvenstveno koristi postpozicije i pade\u017ene zavr\u0161etke, a ne prijedloge. Izra\u017eavaju odnose vremena, mjesta, smjera i jo\u0161 mnogo toga, a neophodni su za povezivanje rije\u010di i fraza.<\/p>\n\n\n\n<h3 class=\"wp-block-heading\" id=\"h-13-sentences\">13. Re\u010denice:<\/h3>\n\n\n\n<p>Kona\u010dno, vje\u017ebajte konstruiranje re\u010denica. To \u0107e uklju\u010divati kori\u0161tenje svih prethodno nau\u010denih gramati\u010dkih to\u010daka u kontekstu, obra\u0107anje pozornosti na tipi\u010dni baskijski SOV redoslijed rije\u010di, postavljanje fokusa i negaciju, \u010dime se osigurava sveobuhvatno razumijevanje baskijskog jezika.<\/p>\n<\/div><\/div>\n\r\n<section class=\"learnNavigationSection\">\r\n            \r\n        <a href=\"https:\/\/talkpal.ai\/hr\/naucite-baskijski\/\">\r\n            <div class=\"learnNavigationWrapper\">\r\n                <div class=\"learnNavigationContent\">\r\n                    <img decoding=\"async\" src=\"https:\/\/talkpal.ai\/wp-content\/uploads\/2025\/11\/Basque.png\" alt=\"Basque Flag\">\r\n                    <div>\r\n                        <h4>O u\u010denju baskijskog jezika<\/h4>\r\n                        <p>Saznajte sve o baskijskoj gramatici.<\/p>\r\n                    <\/div>\r\n                <\/div>\r\n            <\/div>\r\n        <\/a>\r\n\r\n        \r\n        <a href=\"https:\/\/talkpal.ai\/hr\/baskijska-gramatika\/\">\r\n            <div class=\"learnNavigationWrapper\">\r\n                <div class=\"learnNavigationContent\">\r\n                    <img decoding=\"async\" src=\"https:\/\/talkpal.ai\/wp-content\/uploads\/2025\/11\/Basque.png\" alt=\"Basque Flag\">\r\n                    <div>\r\n                        <h4>Lekcije baskijske gramatike<\/h4>\r\n                        <p>Vje\u017ebajte baskijsku gramatiku.<\/p>\r\n                    <\/div>\r\n                <\/div>\r\n            <\/div>\r\n        <\/a>\r\n\r\n            <\/section>","protected":false},"excerpt":{"rendered":"<p>Baskijske gramati\u010dke teme U\u010denje novog jezika U\u010denje novog jezika mo\u017ee biti izazovan, ali koristan pothvat. Baskijski, izolat jezika koji se govori u Baskiji, nije iznimka. Sa svojim jedinstvenim zna\u010dajkama i strukturama, uklju\u010duju\u0107i ergativnost i opse\u017ean sustav pade\u017ea, u\u010denje baskijskog zahtijeva sustavan pristup razumijevanju njegove gramatike. Ovaj vodi\u010d ocrtava klju\u010dna podru\u010dja baskijske gramatike u logi\u010dnom slijedu [&hellip;]<\/p>\n","protected":false},"author":20,"featured_media":0,"parent":0,"menu_order":0,"comment_status":"closed","ping_status":"closed","template":"LearningContentPage.php","meta":{"_acf_changed":false,"footnotes":""},"class_list":["post-1468905","page","type-page","status-publish","hentry"],"acf":[],"yoast_head":"<!-- This site is optimized with the Yoast SEO Premium plugin v27.2 (Yoast SEO v27.2) - https:\/\/yoast.com\/product\/yoast-seo-premium-wordpress\/ -->\n<title>Baskijske gramati\u010dke vje\u017ebe - Talkpal<\/title>\n<meta name=\"description\" content=\"Savladajte baskijsku gramatiku zanimljivim vje\u017ebama koje pokrivaju imenice, glagole i glagolska vremena kako biste pobolj\u0161ali svoje jezi\u010dno znanje.\" \/>\n<meta name=\"robots\" content=\"index, follow, max-snippet:-1, max-image-preview:large, max-video-preview:-1\" \/>\n<link rel=\"canonical\" href=\"https:\/\/talkpal.ai\/hr\/baskijske-gramaticke-vjezbe\/\" \/>\n<meta property=\"og:locale\" content=\"hr_HR\" \/>\n<meta property=\"og:type\" content=\"article\" \/>\n<meta property=\"og:title\" content=\"Baskijske gramati\u010dke vje\u017ebe\" \/>\n<meta property=\"og:description\" content=\"Baskijske gramati\u010dke teme U\u010denje novog jezika U\u010denje novog jezika mo\u017ee biti izazovan, ali koristan pothvat. Baskijski, izolat jezika koji se govori u\" \/>\n<meta property=\"og:url\" content=\"https:\/\/talkpal.ai\/hr\/baskijske-gramaticke-vjezbe\/\" \/>\n<meta property=\"og:site_name\" content=\"Talkpal\" \/>\n<meta property=\"article:publisher\" content=\"https:\/\/www.facebook.com\/profile.php?id=100090733639311\" \/>\n<meta property=\"article:modified_time\" content=\"2025-12-30T15:35:57+00:00\" \/>\n<meta property=\"og:image\" content=\"https:\/\/talkpal.ai\/wp-content\/uploads\/2025\/02\/Progress-tab-16_9.png\" \/>\n\t<meta property=\"og:image:width\" content=\"2880\" \/>\n\t<meta property=\"og:image:height\" content=\"1620\" \/>\n\t<meta property=\"og:image:type\" content=\"image\/png\" \/>\n<meta name=\"twitter:card\" content=\"summary_large_image\" \/>\n<meta name=\"twitter:site\" content=\"@talkpalai\" \/>\n<meta name=\"twitter:label1\" content=\"Procijenjeno vrijeme \u010ditanja\" \/>\n\t<meta name=\"twitter:data1\" content=\"3 minute\" \/>\n<script type=\"application\/ld+json\" class=\"yoast-schema-graph\">{\"@context\":\"https:\/\/schema.org\",\"@graph\":[{\"@type\":\"WebPage\",\"@id\":\"https:\/\/talkpal.ai\/hr\/baskijske-gramaticke-vjezbe\/\",\"url\":\"https:\/\/talkpal.ai\/hr\/baskijske-gramaticke-vjezbe\/\",\"name\":\"Baskijske gramati\u010dke vje\u017ebe - Talkpal\",\"isPartOf\":{\"@id\":\"https:\/\/talkpal.ai\/hr\/#website\"},\"datePublished\":\"2025-11-11T15:33:20+00:00\",\"dateModified\":\"2025-12-30T15:35:57+00:00\",\"description\":\"Savladajte baskijsku gramatiku zanimljivim vje\u017ebama koje pokrivaju imenice, glagole i glagolska vremena kako biste pobolj\u0161ali svoje jezi\u010dno znanje.\",\"breadcrumb\":{\"@id\":\"https:\/\/talkpal.ai\/hr\/baskijske-gramaticke-vjezbe\/#breadcrumb\"},\"inLanguage\":\"hr\",\"potentialAction\":[{\"@type\":\"ReadAction\",\"target\":[\"https:\/\/talkpal.ai\/hr\/baskijske-gramaticke-vjezbe\/\"]}]},{\"@type\":\"BreadcrumbList\",\"@id\":\"https:\/\/talkpal.ai\/hr\/baskijske-gramaticke-vjezbe\/#breadcrumb\",\"itemListElement\":[{\"@type\":\"ListItem\",\"position\":1,\"name\":\"Homepage\",\"item\":\"https:\/\/talkpal.ai\/hr\/\"},{\"@type\":\"ListItem\",\"position\":2,\"name\":\"Baskijske gramati\u010dke vje\u017ebe\"}]},{\"@type\":\"WebSite\",\"@id\":\"https:\/\/talkpal.ai\/hr\/#website\",\"url\":\"https:\/\/talkpal.ai\/hr\/\",\"name\":\"Talkpal\",\"description\":\"AI Language Learning\",\"publisher\":{\"@id\":\"https:\/\/talkpal.ai\/hr\/#organization\"},\"alternateName\":\"Talkpal AI\",\"potentialAction\":[{\"@type\":\"SearchAction\",\"target\":{\"@type\":\"EntryPoint\",\"urlTemplate\":\"https:\/\/talkpal.ai\/hr\/?s={search_term_string}\"},\"query-input\":{\"@type\":\"PropertyValueSpecification\",\"valueRequired\":true,\"valueName\":\"search_term_string\"}}],\"inLanguage\":\"hr\"},{\"@type\":\"Organization\",\"@id\":\"https:\/\/talkpal.ai\/hr\/#organization\",\"name\":\"Talkpal, Inc.\",\"alternateName\":\"Talkpal AI\",\"url\":\"https:\/\/talkpal.ai\/hr\/\",\"logo\":{\"@type\":\"ImageObject\",\"inLanguage\":\"hr\",\"@id\":\"https:\/\/talkpal.ai\/hr\/#\/schema\/logo\/image\/\",\"url\":\"https:\/\/talkpal.ai\/wp-content\/uploads\/2024\/03\/Talkpal-Logo-Icon.png\",\"contentUrl\":\"https:\/\/talkpal.ai\/wp-content\/uploads\/2024\/03\/Talkpal-Logo-Icon.png\",\"width\":2880,\"height\":2880,\"caption\":\"Talkpal, Inc.\"},\"image\":{\"@id\":\"https:\/\/talkpal.ai\/hr\/#\/schema\/logo\/image\/\"},\"sameAs\":[\"https:\/\/www.facebook.com\/profile.php?id=100090733639311\",\"https:\/\/x.com\/talkpalai\",\"https:\/\/www.linkedin.com\/company\/talkpal\/\",\"https:\/\/www.youtube.com\/@TalkPal\/\",\"https:\/\/www.tiktok.com\/@talkpal\",\"https:\/\/www.instagram.com\/talkpal_ai\/\",\"https:\/\/www.crunchbase.com\/organization\/talkpal-9cde\",\"https:\/\/www.g2.com\/products\/talkpal-for-business\/\",\"https:\/\/www.trustpilot.com\/review\/talkpal.ai\",\"https:\/\/www.capterra.com\/p\/10006800\/TalkPal\/\"],\"description\":\"Talkpal is a language learning web and mobile education app, powered by the latest AI technologies, that provides engaging experiences to its customers in many different languages to help them improve their language skills. Users can chat about unlimited amount of topics with the app and use other modes to practice their language learning.\",\"email\":\"support@talkpal.ai\",\"legalName\":\"Talkpal, Inc.\",\"foundingDate\":\"2023-04-03\",\"duns\":\"118989042\",\"numberOfEmployees\":{\"@type\":\"QuantitativeValue\",\"minValue\":\"11\",\"maxValue\":\"50\"},\"publishingPrinciples\":\"https:\/\/talkpal.ai\/publishing-principles\/\",\"actionableFeedbackPolicy\":\"https:\/\/talkpal.ai\/actionable-feedback-policy\/\",\"correctionsPolicy\":\"https:\/\/talkpal.ai\/corrections-policy\/\",\"ethicsPolicy\":\"https:\/\/talkpal.ai\/ethics-policy\/\",\"diversityPolicy\":\"https:\/\/talkpal.ai\/diversity-policy\/\",\"diversityStaffingReport\":\"https:\/\/talkpal.ai\/diversity-policy\/\"}]}<\/script>\n<!-- \/ Yoast SEO Premium plugin. -->","yoast_head_json":{"title":"Baskijske gramati\u010dke vje\u017ebe - Talkpal","description":"Savladajte baskijsku gramatiku zanimljivim vje\u017ebama koje pokrivaju imenice, glagole i glagolska vremena kako biste pobolj\u0161ali svoje jezi\u010dno znanje.","robots":{"index":"index","follow":"follow","max-snippet":"max-snippet:-1","max-image-preview":"max-image-preview:large","max-video-preview":"max-video-preview:-1"},"canonical":"https:\/\/talkpal.ai\/hr\/baskijske-gramaticke-vjezbe\/","og_locale":"hr_HR","og_type":"article","og_title":"Baskijske gramati\u010dke vje\u017ebe","og_description":"Baskijske gramati\u010dke teme U\u010denje novog jezika U\u010denje novog jezika mo\u017ee biti izazovan, ali koristan pothvat. Baskijski, izolat jezika koji se govori u","og_url":"https:\/\/talkpal.ai\/hr\/baskijske-gramaticke-vjezbe\/","og_site_name":"Talkpal","article_publisher":"https:\/\/www.facebook.com\/profile.php?id=100090733639311","article_modified_time":"2025-12-30T15:35:57+00:00","og_image":[{"width":2880,"height":1620,"url":"https:\/\/talkpal.ai\/wp-content\/uploads\/2025\/02\/Progress-tab-16_9.png","type":"image\/png"}],"twitter_card":"summary_large_image","twitter_site":"@talkpalai","twitter_misc":{"Procijenjeno vrijeme \u010ditanja":"3 minute"},"schema":{"@context":"https:\/\/schema.org","@graph":[{"@type":"WebPage","@id":"https:\/\/talkpal.ai\/hr\/baskijske-gramaticke-vjezbe\/","url":"https:\/\/talkpal.ai\/hr\/baskijske-gramaticke-vjezbe\/","name":"Baskijske gramati\u010dke vje\u017ebe - Talkpal","isPartOf":{"@id":"https:\/\/talkpal.ai\/hr\/#website"},"datePublished":"2025-11-11T15:33:20+00:00","dateModified":"2025-12-30T15:35:57+00:00","description":"Savladajte baskijsku gramatiku zanimljivim vje\u017ebama koje pokrivaju imenice, glagole i glagolska vremena kako biste pobolj\u0161ali svoje jezi\u010dno znanje.","breadcrumb":{"@id":"https:\/\/talkpal.ai\/hr\/baskijske-gramaticke-vjezbe\/#breadcrumb"},"inLanguage":"hr","potentialAction":[{"@type":"ReadAction","target":["https:\/\/talkpal.ai\/hr\/baskijske-gramaticke-vjezbe\/"]}]},{"@type":"BreadcrumbList","@id":"https:\/\/talkpal.ai\/hr\/baskijske-gramaticke-vjezbe\/#breadcrumb","itemListElement":[{"@type":"ListItem","position":1,"name":"Homepage","item":"https:\/\/talkpal.ai\/hr\/"},{"@type":"ListItem","position":2,"name":"Baskijske gramati\u010dke vje\u017ebe"}]},{"@type":"WebSite","@id":"https:\/\/talkpal.ai\/hr\/#website","url":"https:\/\/talkpal.ai\/hr\/","name":"Talkpal","description":"AI Language Learning","publisher":{"@id":"https:\/\/talkpal.ai\/hr\/#organization"},"alternateName":"Talkpal AI","potentialAction":[{"@type":"SearchAction","target":{"@type":"EntryPoint","urlTemplate":"https:\/\/talkpal.ai\/hr\/?s={search_term_string}"},"query-input":{"@type":"PropertyValueSpecification","valueRequired":true,"valueName":"search_term_string"}}],"inLanguage":"hr"},{"@type":"Organization","@id":"https:\/\/talkpal.ai\/hr\/#organization","name":"Talkpal, Inc.","alternateName":"Talkpal AI","url":"https:\/\/talkpal.ai\/hr\/","logo":{"@type":"ImageObject","inLanguage":"hr","@id":"https:\/\/talkpal.ai\/hr\/#\/schema\/logo\/image\/","url":"https:\/\/talkpal.ai\/wp-content\/uploads\/2024\/03\/Talkpal-Logo-Icon.png","contentUrl":"https:\/\/talkpal.ai\/wp-content\/uploads\/2024\/03\/Talkpal-Logo-Icon.png","width":2880,"height":2880,"caption":"Talkpal, Inc."},"image":{"@id":"https:\/\/talkpal.ai\/hr\/#\/schema\/logo\/image\/"},"sameAs":["https:\/\/www.facebook.com\/profile.php?id=100090733639311","https:\/\/x.com\/talkpalai","https:\/\/www.linkedin.com\/company\/talkpal\/","https:\/\/www.youtube.com\/@TalkPal\/","https:\/\/www.tiktok.com\/@talkpal","https:\/\/www.instagram.com\/talkpal_ai\/","https:\/\/www.crunchbase.com\/organization\/talkpal-9cde","https:\/\/www.g2.com\/products\/talkpal-for-business\/","https:\/\/www.trustpilot.com\/review\/talkpal.ai","https:\/\/www.capterra.com\/p\/10006800\/TalkPal\/"],"description":"Talkpal is a language learning web and mobile education app, powered by the latest AI technologies, that provides engaging experiences to its customers in many different languages to help them improve their language skills. Users can chat about unlimited amount of topics with the app and use other modes to practice their language learning.","email":"support@talkpal.ai","legalName":"Talkpal, Inc.","foundingDate":"2023-04-03","duns":"118989042","numberOfEmployees":{"@type":"QuantitativeValue","minValue":"11","maxValue":"50"},"publishingPrinciples":"https:\/\/talkpal.ai\/publishing-principles\/","actionableFeedbackPolicy":"https:\/\/talkpal.ai\/actionable-feedback-policy\/","correctionsPolicy":"https:\/\/talkpal.ai\/corrections-policy\/","ethicsPolicy":"https:\/\/talkpal.ai\/ethics-policy\/","diversityPolicy":"https:\/\/talkpal.ai\/diversity-policy\/","diversityStaffingReport":"https:\/\/talkpal.ai\/diversity-policy\/"}]}},"_links":{"self":[{"href":"https:\/\/talkpal.ai\/hr\/wp-json\/wp\/v2\/pages\/1468905","targetHints":{"allow":["GET"]}}],"collection":[{"href":"https:\/\/talkpal.ai\/hr\/wp-json\/wp\/v2\/pages"}],"about":[{"href":"https:\/\/talkpal.ai\/hr\/wp-json\/wp\/v2\/types\/page"}],"author":[{"embeddable":true,"href":"https:\/\/talkpal.ai\/hr\/wp-json\/wp\/v2\/users\/20"}],"replies":[{"embeddable":true,"href":"https:\/\/talkpal.ai\/hr\/wp-json\/wp\/v2\/comments?post=1468905"}],"version-history":[{"count":0,"href":"https:\/\/talkpal.ai\/hr\/wp-json\/wp\/v2\/pages\/1468905\/revisions"}],"wp:attachment":[{"href":"https:\/\/talkpal.ai\/hr\/wp-json\/wp\/v2\/media?parent=1468905"}],"curies":[{"name":"wp","href":"https:\/\/api.w.org\/{rel}","templated":true}]}}