{"id":1468806,"date":"2025-11-12T17:24:56","date_gmt":"2025-11-12T17:24:56","guid":{"rendered":"https:\/\/talkpal.ai\/uzbekistanske-gramaticke-vjezbe\/"},"modified":"2025-12-30T13:35:40","modified_gmt":"2025-12-30T13:35:40","slug":"uzbekistanske-gramaticke-vjezbe","status":"publish","type":"page","link":"https:\/\/talkpal.ai\/hr\/uzbekistanske-gramaticke-vjezbe\/","title":{"rendered":"Uzbekistanske gramati\u010dke vje\u017ebe"},"content":{"rendered":"\r\n\r\n\r\n<section class=\"languageChallengeSection\">\r\n    <div class=\"languageInfoWrapper\">\r\n        \r\n        <h1>Uzbekistanske gramati\u010dke vje\u017ebe<\/h1>\r\n        <p>Jeste li spremni zaroniti u uzbekistansku gramatiku? Vje\u017ebanje nekoliko osnova pomo\u0107i \u0107e vam da se ugodno sna\u0111ete s ovim jedinstvenim i prekrasnim jezikom. Isprobajte ove vje\u017ebe kako biste izgradili samopouzdanje i zabavili se usput!<\/p>\r\n\r\n                            <a class=\"getStartedHidden\" href=\"https:\/\/app.talkpal.ai\/hr\/signup?lng=\">Zapo\u010dni<\/a>\r\n        \r\n    <\/div>\r\n\r\n    <figure>\r\n    <img decoding=\"async\" width=\"768\" height=\"768\" src=\"https:\/\/talkpal.ai\/wp-content\/uploads\/2023\/06\/welsh-768x768.png\" class=\"languageImage no-lazy\" alt=\"Language learning for better cognitive abilities\" fetchpriority=\"high\" sizes=\"(max-width: 768px) 150px, 768px\" srcset=\"https:\/\/talkpal.ai\/wp-content\/uploads\/2023\/06\/welsh-768x768.png 768w, https:\/\/talkpal.ai\/wp-content\/uploads\/2023\/06\/welsh-300x300.png 300w\" \/>\r\n    \r\n\r\n    <\/figure>\r\n\r\n            <a class=\"getStartedVisible\" href=\"https:\/\/app.talkpal.ai\/hr\/signup?lng=\">Zapo\u010dni<\/a>\r\n    \r\n<\/section><section class=\"promotionalBanner\">\r\n    <p class=\"promotionalText\">Naju\u010dinkovitiji na\u010din u\u010denja jezika<\/p>\r\n    <a class=\"promotionalLink\" href=\"https:\/\/app.talkpal.ai\/hr\/signup?lng=\">Isprobajte Talkpal besplatno<\/a>\r\n<\/section>\n<div class=\"wp-block-group pageContainerStyle\"><div class=\"wp-block-group__inner-container is-layout-constrained wp-block-group-is-layout-constrained\">\n<h2 class=\"wp-block-heading\" id=\"h-uzbek-grammar-topics\">Uzbekistanske gramati\u010dke teme<\/h2>\n\n\n\n<p><a href=\"https:\/\/talkpal.ai\/hr\/najvece-pogreske-koje-treba-izbjegavati-pri-ucenju-novog-jezika\/\">U\u010denje novog jezika<\/a> mo\u017ee biti izazovan, ali koristan pothvat. <a href=\"https:\/\/talkpal.ai\/learn-uzbek\/\">Uzbekistan<\/a>, <a href=\"https:\/\/talkpal.ai\/hr\/ucenje-turskog-jezika\/\">turski jezik<\/a> koji se uglavnom govori u Uzbekistanu i susjednim regijama, nije iznimka. Sa svojim aglutinativnim zna\u010dajkama i strukturama, <a href=\"https:\/\/talkpal.ai\/hr\/talkpal-za-obrazovanje\/\">u\u010denje<\/a> uzbekistanskog zahtijeva sustavan pristup razumijevanju njegove gramatike. Ovaj vodi\u010d ocrtava klju\u010dna podru\u010dja <a href=\"https:\/\/talkpal.ai\/hr\/uzbekistanska-gramatika\/\">uzbekistanske gramatike<\/a> u logi\u010dnom slijedu za <a href=\"https:\/\/talkpal.ai\/hr\/talkpal-za-obrazovanje\/\">u\u010denje jezika<\/a>, po\u010dev\u0161i od osnova kao \u0161to su imenice i \u010dlanovi, pa sve do slo\u017eenijih podru\u010dja poput vremena i konstrukcije re\u010denica.<\/p>\n\n\n\n<h3 class=\"wp-block-heading\" id=\"h-1-nouns\">1. Imenice:<\/h3>\n\n\n\n<p><a href=\"https:\/\/talkpal.ai\/ko\/ai-%ec%96%b8%ec%96%b4-%ea%b5%90%ec%82%ac\/\">Zapo\u010dnite<\/a> svoje uzbekistansko jezi\u010dno putovanje u\u010denjem imenica. To uklju\u010duje razumijevanje razli\u010ditih kategorija imenica, kao \u0161to su uobi\u010dajene i odgovaraju\u0107e imenice, kao i njihovi oblici mno\u017eine. Nau\u010dite sufiks mno\u017eine -lar i glavne pade\u017ene zavr\u0161etke kao \u0161to su -ni, -ga, -da, -dan i -ning.<\/p>\n\n\n\n<h3 class=\"wp-block-heading\" id=\"h-2-articles\">2. \u010clanci:<\/h3>\n\n\n\n<p><a href=\"https:\/\/talkpal.ai\/learn-uzbek\/\">Uzbe\u010dki<\/a> nema \u010dlanke. Razumijevanje kako se odre\u0111enost izra\u017eava kontekstom, redoslijedom rije\u010di i oznakom izravnog objekta -ni klju\u010dno je u konstrukciji re\u010denice.<\/p>\n\n\n\n<h3 class=\"wp-block-heading\" id=\"h-3-adjectives\">3. Pridjevi:<\/h3>\n\n\n\n<p>Pridjevi u uzbe\u010dkom obi\u010dno prethode njihovim imenicama, za razliku od engleskog u nekim slu\u010dajevima. Ne sla\u017eu se ni po spolu ni po broju. Nau\u010dite kako oblikovati komparative i superlative koriste\u0107i -roq i eng, te kako poja\u010diva\u010di poput jude utje\u010du na zna\u010denje.<\/p>\n\n\n\n<h3 class=\"wp-block-heading\" id=\"h-4-pronouns-determiners\">4. Zamjenice\/Odrediva\u010di:<\/h3>\n\n\n\n<p>Zamjenice i odrednice bitne su u uzbekistanskom jeziku; zamjenjuju imenice i pru\u017eaju informacije o koli\u010dini, posjedovanju i jo\u0161 mnogo toga. Nau\u010dite osobne zamjenice, pokaziva\u010de kao \u0161to su bu, shu, u, posvojne sufikse kao \u0161to su -im, -ing, -i i kako se oni kombiniraju s pade\u017enim zavr\u0161ecima za ispravnu upotrebu.<\/p>\n\n\n\n<h3 class=\"wp-block-heading\" id=\"h-5-verbs\">5. Glagoli:<\/h3>\n\n\n\n<p>Uzbekistanski glagoli imaju razli\u010dite oblike ovisno o vremenu, aspektu, raspolo\u017eenju i osobi. Po\u010dnite s sada\u0161njim uobi\u010dajenim -adi i sada\u0161njim progresivnim -yapti ili -moqda, zatim istra\u017eite jednostavno pro\u0161lo -di, rezultativno -gan i budu\u0107e izraze kao \u0161to su -adi i -moqchi.<\/p>\n\n\n\n<h3 class=\"wp-block-heading\" id=\"h-6-tenses\">6. Vrijeme:<\/h3>\n\n\n\n<p>Nakon svladavanja glagolskih oblika, zaronite dublje u uzbekistanska vremena i aspekte. To uklju\u010duje razumijevanje razlika izme\u0111u sada\u0161njih uobi\u010dajenih, sada\u0161njih progresivnih, jednostavnih pro\u0161lih, rezultiraju\u0107ih ili iskustvenih -gan i budu\u0107ih oblika, zajedno s na\u010dinom na koji se koriste u razli\u010ditim kontekstima i registrima.<\/p>\n\n\n\n<h3 class=\"wp-block-heading\" id=\"h-7-tense-comparison\">7. Napeta usporedba:<\/h3>\n\n\n\n<p>Usporedba vremena na uzbe\u010dkom jeziku poma\u017ee u razumijevanju slijeda i aspekta doga\u0111aja. Usporedba <a href=\"https:\/\/talkpal.ai\/locations\/learn-english-in-istog\/\">istog<\/a> glagola u uobi\u010dajenom, progresivnom, pro\u0161lom, rezultativnom i budu\u0107em obliku omogu\u0107it \u0107e bolje razumijevanje uzbekistanskog jezika.<\/p>\n\n\n\n<h3 class=\"wp-block-heading\" id=\"h-8-progressive\">8. Progresivno:<\/h3>\n\n\n\n<p>Progresivno u uzbekistanskom jeziku koristi se za izra\u017eavanje teku\u0107ih akcija. Formira se markerima -yap- ili -moqda pri\u010dvr\u0161\u0107enim na glagolsku osnovu, ili pomo\u0107nim sredstvom kao \u0161to je yotmoq u analiti\u010dkim konstrukcijama.<\/p>\n\n\n\n<h3 class=\"wp-block-heading\" id=\"h-9-perfect-progressive\">9. Savr\u0161en progresivan:<\/h3>\n\n\n\n<p>Ovo se koristi za izra\u017eavanje radnji koje su bile u tijeku do odre\u0111ene to\u010dke. U uzbekistanskom jeziku prenosi se konstrukcijama kao \u0161to su -ib kelmoq ili -ib turmoq, ili kori\u0161tenjem progresivnog oblika s edi za postavljanje pro\u0161le referentne to\u010dke.<\/p>\n\n\n\n<h3 class=\"wp-block-heading\" id=\"h-10-conditionals\">10. Uvjeti:<\/h3>\n\n\n\n<p>Uvjeti izra\u017eavaju hipotetske situacije i njihove mogu\u0107e ishode. Oni su va\u017ean dio uzbekistanske gramatike i dodat \u0107e slo\u017eenost va\u0161im jezi\u010dnim vje\u0161tinama. Koristite sufiks -sa, \u010desto s agarom, i formirajte protu\u010dinjenice s uzorcima kao \u0161to su -gan bo&#8217;lardi ili bo&#8217;lganida.<\/p>\n\n\n\n<h3 class=\"wp-block-heading\" id=\"h-11-adverbs\">11. Prilozi:<\/h3>\n\n\n\n<p>Prilozi na uzbe\u010dkom modificiraju glagole, pridjeve ili druge priloge. Oni pru\u017eaju informacije o na\u010dinu, mjestu, vremenu, stupnju i jo\u0161 mnogo toga. Mnogi prilozi su leksi\u010dki, a neki se formiraju sufiksima poput -cha ili -lab.<\/p>\n\n\n\n<h3 class=\"wp-block-heading\" id=\"h-12-prepositions\">12. Prijedlozi:<\/h3>\n\n\n\n<p>Prijedlozi povezuju rije\u010di i fraze. U uzbekistanskom se ti odnosi izra\u017eavaju prvenstveno pade\u017enim zavr\u0161ecima i postpozicijama, a ne prijedlozima. Nau\u010dite upotrebu pade\u017ea kao \u0161to su -da, -dan, -ga i uobi\u010dajene postpozicije kao \u0161to su uchun, bilan, oldin, keyin, tomon i kabi.<\/p>\n\n\n\n<h3 class=\"wp-block-heading\" id=\"h-13-sentences\">13. Re\u010denice:<\/h3>\n\n\n\n<p>Kona\u010dno, vje\u017ebajte konstruiranje re\u010denica. To \u0107e uklju\u010divati kori\u0161tenje svih prethodno nau\u010denih gramati\u010dkih to\u010daka u kontekstu, \u010dime \u0107e se osigurati sveobuhvatno razumijevanje uzbekistanskog jezika. Obratite pozornost na tipi\u010dan SOV redoslijed rije\u010di, upitnu \u010desticu mi i negaciju s -ma za glagole i emas za nominalne predikate.<\/p>\n<\/div><\/div>\n\r\n<section class=\"learnNavigationSection\">\r\n            \r\n        <a href=\"https:\/\/talkpal.ai\/hr\/naucite-uzbecki\/\">\r\n            <div class=\"learnNavigationWrapper\">\r\n                <div class=\"learnNavigationContent\">\r\n                    <img decoding=\"async\" src=\"https:\/\/talkpal.ai\/wp-content\/uploads\/2025\/11\/Uzbek.png\" alt=\"Uzbek Flag\">\r\n                    <div>\r\n                        <h4>O uzbe\u010dkom u\u010denju<\/h4>\r\n                        <p>Saznajte sve o uzbekistanskoj gramatici.<\/p>\r\n                    <\/div>\r\n                <\/div>\r\n            <\/div>\r\n        <\/a>\r\n\r\n        \r\n        <a href=\"https:\/\/talkpal.ai\/hr\/uzbekistanska-gramatika\/\">\r\n            <div class=\"learnNavigationWrapper\">\r\n                <div class=\"learnNavigationContent\">\r\n                    <img decoding=\"async\" src=\"https:\/\/talkpal.ai\/wp-content\/uploads\/2025\/11\/Uzbek.png\" alt=\"Uzbek Flag\">\r\n                    <div>\r\n                        <h4>Uzbekistanske gramati\u010dke lekcije<\/h4>\r\n                        <p>Vje\u017ebajte uzbekistansku gramatiku.<\/p>\r\n                    <\/div>\r\n                <\/div>\r\n            <\/div>\r\n        <\/a>\r\n\r\n            <\/section>","protected":false},"excerpt":{"rendered":"<p>Uzbekistanske gramati\u010dke teme U\u010denje novog jezika mo\u017ee biti izazovan, ali koristan pothvat. Uzbekistan, turski jezik koji se uglavnom govori u Uzbekistanu i susjednim regijama, nije iznimka. Sa svojim aglutinativnim zna\u010dajkama i strukturama, u\u010denje uzbekistanskog zahtijeva sustavan pristup razumijevanju njegove gramatike. Ovaj vodi\u010d ocrtava klju\u010dna podru\u010dja uzbekistanske gramatike u logi\u010dnom slijedu za u\u010denje jezika, po\u010dev\u0161i od [&hellip;]<\/p>\n","protected":false},"author":20,"featured_media":0,"parent":0,"menu_order":0,"comment_status":"closed","ping_status":"closed","template":"LearningContentPage.php","meta":{"_acf_changed":false,"footnotes":""},"class_list":["post-1468806","page","type-page","status-publish","hentry"],"acf":[],"yoast_head":"<!-- This site is optimized with the Yoast SEO Premium plugin v27.2 (Yoast SEO v27.2) - https:\/\/yoast.com\/product\/yoast-seo-premium-wordpress\/ -->\n<title>Uzbekistanske gramati\u010dke vje\u017ebe - Talkpal<\/title>\n<meta name=\"description\" content=\"Usavr\u0161ite uzbekistansku gramatiku interaktivnim vje\u017ebama koje pokrivaju imenice, glagole i glagolska vremena kako biste izgradili te\u010dnost u govoru.\" \/>\n<meta name=\"robots\" content=\"index, follow, max-snippet:-1, max-image-preview:large, max-video-preview:-1\" \/>\n<link rel=\"canonical\" href=\"https:\/\/talkpal.ai\/hr\/uzbekistanske-gramaticke-vjezbe\/\" \/>\n<meta property=\"og:locale\" content=\"hr_HR\" \/>\n<meta property=\"og:type\" content=\"article\" \/>\n<meta property=\"og:title\" content=\"Uzbekistanske gramati\u010dke vje\u017ebe\" \/>\n<meta property=\"og:description\" content=\"Uzbekistanske gramati\u010dke teme U\u010denje novog jezika mo\u017ee biti izazovan, ali koristan pothvat. Uzbekistan, turski jezik koji se uglavnom govori u Uzbekistanu\" \/>\n<meta property=\"og:url\" content=\"https:\/\/talkpal.ai\/hr\/uzbekistanske-gramaticke-vjezbe\/\" \/>\n<meta property=\"og:site_name\" content=\"Talkpal\" \/>\n<meta property=\"article:publisher\" content=\"https:\/\/www.facebook.com\/profile.php?id=100090733639311\" \/>\n<meta property=\"article:modified_time\" content=\"2025-12-30T13:35:40+00:00\" \/>\n<meta property=\"og:image\" content=\"https:\/\/talkpal.ai\/wp-content\/uploads\/2025\/02\/Progress-tab-16_9.png\" \/>\n\t<meta property=\"og:image:width\" content=\"2880\" \/>\n\t<meta property=\"og:image:height\" content=\"1620\" \/>\n\t<meta property=\"og:image:type\" content=\"image\/png\" \/>\n<meta name=\"twitter:card\" content=\"summary_large_image\" \/>\n<meta name=\"twitter:site\" content=\"@talkpalai\" \/>\n<meta name=\"twitter:label1\" content=\"Procijenjeno vrijeme \u010ditanja\" \/>\n\t<meta name=\"twitter:data1\" content=\"3 minute\" \/>\n<script type=\"application\/ld+json\" class=\"yoast-schema-graph\">{\"@context\":\"https:\/\/schema.org\",\"@graph\":[{\"@type\":\"WebPage\",\"@id\":\"https:\/\/talkpal.ai\/hr\/uzbekistanske-gramaticke-vjezbe\/\",\"url\":\"https:\/\/talkpal.ai\/hr\/uzbekistanske-gramaticke-vjezbe\/\",\"name\":\"Uzbekistanske gramati\u010dke vje\u017ebe - Talkpal\",\"isPartOf\":{\"@id\":\"https:\/\/talkpal.ai\/hr\/#website\"},\"datePublished\":\"2025-11-12T17:24:56+00:00\",\"dateModified\":\"2025-12-30T13:35:40+00:00\",\"description\":\"Usavr\u0161ite uzbekistansku gramatiku interaktivnim vje\u017ebama koje pokrivaju imenice, glagole i glagolska vremena kako biste izgradili te\u010dnost u govoru.\",\"breadcrumb\":{\"@id\":\"https:\/\/talkpal.ai\/hr\/uzbekistanske-gramaticke-vjezbe\/#breadcrumb\"},\"inLanguage\":\"hr\",\"potentialAction\":[{\"@type\":\"ReadAction\",\"target\":[\"https:\/\/talkpal.ai\/hr\/uzbekistanske-gramaticke-vjezbe\/\"]}]},{\"@type\":\"BreadcrumbList\",\"@id\":\"https:\/\/talkpal.ai\/hr\/uzbekistanske-gramaticke-vjezbe\/#breadcrumb\",\"itemListElement\":[{\"@type\":\"ListItem\",\"position\":1,\"name\":\"Homepage\",\"item\":\"https:\/\/talkpal.ai\/hr\/\"},{\"@type\":\"ListItem\",\"position\":2,\"name\":\"Uzbekistanske gramati\u010dke vje\u017ebe\"}]},{\"@type\":\"WebSite\",\"@id\":\"https:\/\/talkpal.ai\/hr\/#website\",\"url\":\"https:\/\/talkpal.ai\/hr\/\",\"name\":\"Talkpal\",\"description\":\"AI Language Learning\",\"publisher\":{\"@id\":\"https:\/\/talkpal.ai\/hr\/#organization\"},\"alternateName\":\"Talkpal AI\",\"potentialAction\":[{\"@type\":\"SearchAction\",\"target\":{\"@type\":\"EntryPoint\",\"urlTemplate\":\"https:\/\/talkpal.ai\/hr\/?s={search_term_string}\"},\"query-input\":{\"@type\":\"PropertyValueSpecification\",\"valueRequired\":true,\"valueName\":\"search_term_string\"}}],\"inLanguage\":\"hr\"},{\"@type\":\"Organization\",\"@id\":\"https:\/\/talkpal.ai\/hr\/#organization\",\"name\":\"Talkpal, Inc.\",\"alternateName\":\"Talkpal AI\",\"url\":\"https:\/\/talkpal.ai\/hr\/\",\"logo\":{\"@type\":\"ImageObject\",\"inLanguage\":\"hr\",\"@id\":\"https:\/\/talkpal.ai\/hr\/#\/schema\/logo\/image\/\",\"url\":\"https:\/\/talkpal.ai\/wp-content\/uploads\/2024\/03\/Talkpal-Logo-Icon.png\",\"contentUrl\":\"https:\/\/talkpal.ai\/wp-content\/uploads\/2024\/03\/Talkpal-Logo-Icon.png\",\"width\":2880,\"height\":2880,\"caption\":\"Talkpal, Inc.\"},\"image\":{\"@id\":\"https:\/\/talkpal.ai\/hr\/#\/schema\/logo\/image\/\"},\"sameAs\":[\"https:\/\/www.facebook.com\/profile.php?id=100090733639311\",\"https:\/\/x.com\/talkpalai\",\"https:\/\/www.linkedin.com\/company\/talkpal\/\",\"https:\/\/www.youtube.com\/@TalkPal\/\",\"https:\/\/www.tiktok.com\/@talkpal\",\"https:\/\/www.instagram.com\/talkpal_ai\/\",\"https:\/\/www.crunchbase.com\/organization\/talkpal-9cde\",\"https:\/\/www.g2.com\/products\/talkpal-for-business\/\",\"https:\/\/www.trustpilot.com\/review\/talkpal.ai\",\"https:\/\/www.capterra.com\/p\/10006800\/TalkPal\/\"],\"description\":\"Talkpal is a language learning web and mobile education app, powered by the latest AI technologies, that provides engaging experiences to its customers in many different languages to help them improve their language skills. Users can chat about unlimited amount of topics with the app and use other modes to practice their language learning.\",\"email\":\"support@talkpal.ai\",\"legalName\":\"Talkpal, Inc.\",\"foundingDate\":\"2023-04-03\",\"duns\":\"118989042\",\"numberOfEmployees\":{\"@type\":\"QuantitativeValue\",\"minValue\":\"11\",\"maxValue\":\"50\"},\"publishingPrinciples\":\"https:\/\/talkpal.ai\/publishing-principles\/\",\"actionableFeedbackPolicy\":\"https:\/\/talkpal.ai\/actionable-feedback-policy\/\",\"correctionsPolicy\":\"https:\/\/talkpal.ai\/corrections-policy\/\",\"ethicsPolicy\":\"https:\/\/talkpal.ai\/ethics-policy\/\",\"diversityPolicy\":\"https:\/\/talkpal.ai\/diversity-policy\/\",\"diversityStaffingReport\":\"https:\/\/talkpal.ai\/diversity-policy\/\"}]}<\/script>\n<!-- \/ Yoast SEO Premium plugin. -->","yoast_head_json":{"title":"Uzbekistanske gramati\u010dke vje\u017ebe - Talkpal","description":"Usavr\u0161ite uzbekistansku gramatiku interaktivnim vje\u017ebama koje pokrivaju imenice, glagole i glagolska vremena kako biste izgradili te\u010dnost u govoru.","robots":{"index":"index","follow":"follow","max-snippet":"max-snippet:-1","max-image-preview":"max-image-preview:large","max-video-preview":"max-video-preview:-1"},"canonical":"https:\/\/talkpal.ai\/hr\/uzbekistanske-gramaticke-vjezbe\/","og_locale":"hr_HR","og_type":"article","og_title":"Uzbekistanske gramati\u010dke vje\u017ebe","og_description":"Uzbekistanske gramati\u010dke teme U\u010denje novog jezika mo\u017ee biti izazovan, ali koristan pothvat. Uzbekistan, turski jezik koji se uglavnom govori u Uzbekistanu","og_url":"https:\/\/talkpal.ai\/hr\/uzbekistanske-gramaticke-vjezbe\/","og_site_name":"Talkpal","article_publisher":"https:\/\/www.facebook.com\/profile.php?id=100090733639311","article_modified_time":"2025-12-30T13:35:40+00:00","og_image":[{"width":2880,"height":1620,"url":"https:\/\/talkpal.ai\/wp-content\/uploads\/2025\/02\/Progress-tab-16_9.png","type":"image\/png"}],"twitter_card":"summary_large_image","twitter_site":"@talkpalai","twitter_misc":{"Procijenjeno vrijeme \u010ditanja":"3 minute"},"schema":{"@context":"https:\/\/schema.org","@graph":[{"@type":"WebPage","@id":"https:\/\/talkpal.ai\/hr\/uzbekistanske-gramaticke-vjezbe\/","url":"https:\/\/talkpal.ai\/hr\/uzbekistanske-gramaticke-vjezbe\/","name":"Uzbekistanske gramati\u010dke vje\u017ebe - Talkpal","isPartOf":{"@id":"https:\/\/talkpal.ai\/hr\/#website"},"datePublished":"2025-11-12T17:24:56+00:00","dateModified":"2025-12-30T13:35:40+00:00","description":"Usavr\u0161ite uzbekistansku gramatiku interaktivnim vje\u017ebama koje pokrivaju imenice, glagole i glagolska vremena kako biste izgradili te\u010dnost u govoru.","breadcrumb":{"@id":"https:\/\/talkpal.ai\/hr\/uzbekistanske-gramaticke-vjezbe\/#breadcrumb"},"inLanguage":"hr","potentialAction":[{"@type":"ReadAction","target":["https:\/\/talkpal.ai\/hr\/uzbekistanske-gramaticke-vjezbe\/"]}]},{"@type":"BreadcrumbList","@id":"https:\/\/talkpal.ai\/hr\/uzbekistanske-gramaticke-vjezbe\/#breadcrumb","itemListElement":[{"@type":"ListItem","position":1,"name":"Homepage","item":"https:\/\/talkpal.ai\/hr\/"},{"@type":"ListItem","position":2,"name":"Uzbekistanske gramati\u010dke vje\u017ebe"}]},{"@type":"WebSite","@id":"https:\/\/talkpal.ai\/hr\/#website","url":"https:\/\/talkpal.ai\/hr\/","name":"Talkpal","description":"AI Language Learning","publisher":{"@id":"https:\/\/talkpal.ai\/hr\/#organization"},"alternateName":"Talkpal AI","potentialAction":[{"@type":"SearchAction","target":{"@type":"EntryPoint","urlTemplate":"https:\/\/talkpal.ai\/hr\/?s={search_term_string}"},"query-input":{"@type":"PropertyValueSpecification","valueRequired":true,"valueName":"search_term_string"}}],"inLanguage":"hr"},{"@type":"Organization","@id":"https:\/\/talkpal.ai\/hr\/#organization","name":"Talkpal, Inc.","alternateName":"Talkpal AI","url":"https:\/\/talkpal.ai\/hr\/","logo":{"@type":"ImageObject","inLanguage":"hr","@id":"https:\/\/talkpal.ai\/hr\/#\/schema\/logo\/image\/","url":"https:\/\/talkpal.ai\/wp-content\/uploads\/2024\/03\/Talkpal-Logo-Icon.png","contentUrl":"https:\/\/talkpal.ai\/wp-content\/uploads\/2024\/03\/Talkpal-Logo-Icon.png","width":2880,"height":2880,"caption":"Talkpal, Inc."},"image":{"@id":"https:\/\/talkpal.ai\/hr\/#\/schema\/logo\/image\/"},"sameAs":["https:\/\/www.facebook.com\/profile.php?id=100090733639311","https:\/\/x.com\/talkpalai","https:\/\/www.linkedin.com\/company\/talkpal\/","https:\/\/www.youtube.com\/@TalkPal\/","https:\/\/www.tiktok.com\/@talkpal","https:\/\/www.instagram.com\/talkpal_ai\/","https:\/\/www.crunchbase.com\/organization\/talkpal-9cde","https:\/\/www.g2.com\/products\/talkpal-for-business\/","https:\/\/www.trustpilot.com\/review\/talkpal.ai","https:\/\/www.capterra.com\/p\/10006800\/TalkPal\/"],"description":"Talkpal is a language learning web and mobile education app, powered by the latest AI technologies, that provides engaging experiences to its customers in many different languages to help them improve their language skills. Users can chat about unlimited amount of topics with the app and use other modes to practice their language learning.","email":"support@talkpal.ai","legalName":"Talkpal, Inc.","foundingDate":"2023-04-03","duns":"118989042","numberOfEmployees":{"@type":"QuantitativeValue","minValue":"11","maxValue":"50"},"publishingPrinciples":"https:\/\/talkpal.ai\/publishing-principles\/","actionableFeedbackPolicy":"https:\/\/talkpal.ai\/actionable-feedback-policy\/","correctionsPolicy":"https:\/\/talkpal.ai\/corrections-policy\/","ethicsPolicy":"https:\/\/talkpal.ai\/ethics-policy\/","diversityPolicy":"https:\/\/talkpal.ai\/diversity-policy\/","diversityStaffingReport":"https:\/\/talkpal.ai\/diversity-policy\/"}]}},"_links":{"self":[{"href":"https:\/\/talkpal.ai\/hr\/wp-json\/wp\/v2\/pages\/1468806","targetHints":{"allow":["GET"]}}],"collection":[{"href":"https:\/\/talkpal.ai\/hr\/wp-json\/wp\/v2\/pages"}],"about":[{"href":"https:\/\/talkpal.ai\/hr\/wp-json\/wp\/v2\/types\/page"}],"author":[{"embeddable":true,"href":"https:\/\/talkpal.ai\/hr\/wp-json\/wp\/v2\/users\/20"}],"replies":[{"embeddable":true,"href":"https:\/\/talkpal.ai\/hr\/wp-json\/wp\/v2\/comments?post=1468806"}],"version-history":[{"count":0,"href":"https:\/\/talkpal.ai\/hr\/wp-json\/wp\/v2\/pages\/1468806\/revisions"}],"wp:attachment":[{"href":"https:\/\/talkpal.ai\/hr\/wp-json\/wp\/v2\/media?parent=1468806"}],"curies":[{"name":"wp","href":"https:\/\/api.w.org\/{rel}","templated":true}]}}