{"id":1468697,"date":"2025-11-11T15:06:39","date_gmt":"2025-11-11T15:06:39","guid":{"rendered":"https:\/\/talkpal.ai\/asamska-gramatika\/"},"modified":"2025-12-30T15:42:38","modified_gmt":"2025-12-30T15:42:38","slug":"asamska-gramatika","status":"publish","type":"page","link":"https:\/\/talkpal.ai\/hr\/asamska-gramatika\/","title":{"rendered":"Asamska gramatika"},"content":{"rendered":"\r\n\r\n\r\n<section class=\"languageChallengeSection\">\r\n    <div class=\"languageInfoWrapper\">\r\n        \r\n        <h1>Asamska gramatika<\/h1>\r\n        <p>Asamska <a href=\"https:\/\/talkpal.ai\/sq\/gramatika\/\">gramatika<\/a> u po\u010detku se mo\u017ee \u010diniti izazovnom, ali njezine jedinstvene zna\u010dajke \u010dine u\u010denje jezika korisnim iskustvom. Istra\u017euju\u0107i njegovu abecedu, mutacije i gramati\u010dka pravila, ste\u0107i \u0107ete uvid u bogatu jezi\u010dnu tradiciju. Zapo\u010dnite svoje putovanje i otkrijte ljepote asamskog jezika!<\/p>\r\n\r\n                            <a class=\"getStartedHidden\" href=\"https:\/\/app.talkpal.ai\/hr\/signup?lng=\">Zapo\u010dni<\/a>\r\n        \r\n    <\/div>\r\n\r\n    <figure>\r\n    <img decoding=\"async\" width=\"768\" height=\"768\" src=\"https:\/\/talkpal.ai\/wp-content\/uploads\/2023\/06\/welsh-768x768.png\" class=\"languageImage no-lazy\" alt=\"Language learning for better cognitive abilities\" fetchpriority=\"high\" sizes=\"(max-width: 768px) 150px, 768px\" srcset=\"https:\/\/talkpal.ai\/wp-content\/uploads\/2023\/06\/welsh-768x768.png 768w, https:\/\/talkpal.ai\/wp-content\/uploads\/2023\/06\/welsh-300x300.png 300w\" \/>\r\n    \r\n\r\n    <\/figure>\r\n\r\n            <a class=\"getStartedVisible\" href=\"https:\/\/app.talkpal.ai\/hr\/signup?lng=\">Zapo\u010dni<\/a>\r\n    \r\n<\/section><section class=\"promotionalBanner\">\r\n    <p class=\"promotionalText\">Naju\u010dinkovitiji na\u010din u\u010denja jezika<\/p>\r\n    <a class=\"promotionalLink\" href=\"https:\/\/app.talkpal.ai\/hr\/signup?lng=\">Isprobajte Talkpal besplatno<\/a>\r\n<\/section>\n<div class=\"wp-block-group pageContainerStyle\"><div class=\"wp-block-group__inner-container is-layout-constrained wp-block-group-is-layout-constrained\">\n<h2 class=\"wp-block-heading\" id=\"h-navigating-the-intricacies-of-assamese-grammar\">Snala\u017eenje u zamr\u0161enosti asamske gramatike<\/h2>\n\n\n\n<p><a href=\"https:\/\/talkpal.ai\/hr\/naucite-asamski\/\">Asamski<\/a>, indoarijevski jezik s bogatom povije\u0161\u0107u i kulturnim zna\u010dajem, nudi uzbudljivo jezi\u010dno iskustvo za one koji \u017eele istra\u017eiti njegov jedinstveni gramati\u010dki sustav. Dok se upu\u0161tate u carstvo asamskog, ne samo da \u0107ete obogatiti svoj jezi\u010dni repertoar, ve\u0107 \u0107ete i prigrliti fascinantno kulturno putovanje. Iako se asamska gramatika u po\u010detku mo\u017ee \u010diniti kompliciranom, ra\u0161\u010dlanjivanje na temeljne komponente \u010dini u\u010denje jezika pristupa\u010dnijim. U ovom \u0107emo \u010dlanku istra\u017eiti zadivljuju\u0107i svijet asamske gramatike i dati savjete o tome kako svladati njezinu slo\u017eenost.<\/p>\n\n\n\n<h3 class=\"wp-block-heading\" id=\"h-1-assamese-alphabet-and-phonetics\">1. Asamska abeceda i fonetika<\/h3>\n\n\n\n<p><a href=\"https:\/\/talkpal.ai\/learn-assamese\/\">Asamski<\/a> sustav pisanja koristi isto\u010dno Nagari pismo i uklju\u010duje prepoznatljive znakove i zvu\u010dne vrijednosti, kao \u0161to su \u09f0 ra i \u09f1 wa, kao i suglasni\u010dke skupine i samoglasni\u010dke dijakriti\u010dke znakove. Da biste nau\u010dili asamsku gramatiku, klju\u010dno je upoznati se s ovim pismom i njegovom fonetikom vje\u017ebaju\u0107i \u010ditanje i pisanje na asamskom.<\/p>\n\n\n\n<h3 class=\"wp-block-heading\" id=\"h-2-sandhi-and-sound-changes-a-peculiar-assamese-feature\">2. Sandhi i promjene zvuka: osebujna asamska zna\u010dajka<\/h3>\n\n\n\n<p>Upe\u010datljiv aspekt asamskog jezika je uloga sandhija i fonolo\u0161kih izmjena koje se javljaju kada se rije\u010di kombiniraju ili kada se pridru\u017euju sufiksi. Susrest \u0107ete se s procesima kao \u0161to su schwa brisanje u kolokvijalnom govoru, klizno umetanje izme\u0111u samoglasnika i naizmjeni\u010dni oblici pade\u017enih markera i sufiksa, na primjer -or ili -ar za genitiv i -ok ili -ak za akuzativ ili dativ. Razumijevanje kada i kako se te promjene doga\u0111aju klju\u010dno je za to\u010dnu i prirodnu komunikaciju na asamskom jeziku.<\/p>\n\n\n\n<h3 class=\"wp-block-heading\" id=\"h-3-nouns-and-pronouns-number-classifiers-and-cases\">3. Imenice i zamjenice: broj, klasifikatori i pade\u017ei<\/h3>\n\n\n\n<p>Asamske imenice nemaju gramati\u010dki rod, ali broj i odre\u0111enost izra\u017eavaju se markerima i klasifikatorima u mno\u017eini. Uobi\u010dajeni markeri u mno\u017eini uklju\u010duju -bor i -bilak, dok su klasifikatori kao \u0161to su -ta, -khon i -zoni \u010desti u imenskim frazama s brojevima ili odre\u0111eno\u0161\u0107u. Asamski koristi postpozicije i oznake pade\u017ea, uklju\u010duju\u0107i genitiv -or ili -ar, akuzativ ili dativ -ok ili -ak, lokativ -at ili -ot, instrumental ili agentiv -e, ablativ -pora i komitativ logot. Zamjenice uklju\u010duju osobne oblike kao \u0161to su moi I, toi ili tumi ili apuni u s razli\u010ditim razinama familijarnosti i uljudnosti, i se he ili ona, s mno\u017einom kao \u0161to su <a href=\"https:\/\/talkpal.ai\/locations\/language-courses-in-ami\/\">ami<\/a> we i teolok they. Posvojni oblici su napravljeni s genitivom, kao \u0161to su mur my, tomar ur, apunar your polite, tar his ili her. Refleksivni nij i nijeke, demonstrativi eita ovo i seita <a href=\"https:\/\/talkpal.ai\/locations\/language-courses-in-ono\/\">ono<\/a>, i upitnici poput kune who, ki what, kot where i ketiya when su bitni za u\u010denje.<\/p>\n\n\n\n<h3 class=\"wp-block-heading\" id=\"h-4-verbs-structure-and-conjugation\">4. Glagoli: Struktura i konjugacija<\/h3>\n\n\n\n<p>Asamski glagoli ozna\u010deni su za vrijeme, aspekt, raspolo\u017eenje i polaritet, \u010desto s pomo\u0107nim glagolima, i pokazuju ograni\u010deno slaganje. Esencijalna vremena su sada\u0161nja, pro\u0161la i budu\u0107a, zajedno s aspektima kao \u0161to su progresivno i perfektivno. Negacija obi\u010dno koristi na prije glagola ili pomo\u0107nog, a negativni egzistencijal je nai. Imperativi se razlikuju ovisno o razini pristojnosti, na primjer kor do, kora ili korun polite. U\u010denje osnovnih obrazaca konjugacije i na\u010dina na koji pomo\u0107ne osobe izra\u017eavaju aspekt uvelike \u0107e pobolj\u0161ati va\u0161u sposobnost u\u010dinkovite komunikacije na asamskom.<\/p>\n\n\n\n<h3 class=\"wp-block-heading\" id=\"h-5-adjectives-agreement-and-placement\">5. Pridjevi: Sporazum i plasman<\/h3>\n\n\n\n<p>n Asamska gramatika, pridjevi obi\u010dno prethode imenici koju mijenjaju i ne sla\u017eu se u rodu ili broju s imenicom. Stupnjevi usporedbe obi\u010dno se formiraju prilozima i perifrasti\u010dnim konstrukcijama, na primjer kori\u0161tenjem besi za vi\u0161e i vrlo markera za naglasak. U\u010denje uobi\u010dajenih obrazaca pomo\u0107i \u0107e vam da zvu\u010dite prirodno u svakodnevnom govoru.  <\/p>\n\n\n\n<p><strong>Primjerima:<\/strong><\/p>\n\n\n\n<p><strong>\u2013 Dangor Morom (Velika ljubav)<\/strong><\/p>\n\n\n\n<p><strong>\u2013 Xoru Sishu-Bilak (mala djeca)<\/strong><\/p>\n\n\n\n<h3 class=\"wp-block-heading\" id=\"h-6-engaging-with-the-language\">6. Suradnja s jezikom<\/h3>\n\n\n\n<p>Naju\u010dinkovitiji na\u010din za potpuno razumijevanje i internalizaciju asamske gramatike je dosljedno bavljenje jezikom. \u010citaju\u0107i asamsku literaturu, gledaju\u0107i asamske filmove ili televizijske serije, slu\u0161aju\u0107i asamske vijesti ili radio i aktivno komuniciraju\u0107i s izvornim govornicima, oja\u010dat \u0107ete svoje razumijevanje gramatike dok pro\u0161irujete svoj vokabular.<\/p>\n\n\n\n<h3 class=\"wp-block-heading\" id=\"h-conclusion\">Zaklju\u010dak<\/h3>\n\n\n\n<p>Iako se asamska gramatika mo\u017ee \u010diniti zamr\u0161enom, mo\u017eete postati vje\u0161ti u ovom prekrasnom jeziku uz predanost, vje\u017ebu i entuzijazam. Usredoto\u010duju\u0107i se na temeljna pravila i bave\u0107i se jezikom u razli\u010ditim kontekstima, brzo \u0107ete pobolj\u0161ati <a href=\"https:\/\/talkpal.ai\/hr\/gramatika\/\">svoje vje\u0161tine asamske gramatike<\/a>. Xubheccha (sretno) na va\u0161em asamskom jezi\u010dnom putovanju i u\u017eivajte u otkrivanju bogatog i zadivljuju\u0107eg svijeta asamske gramatike!<\/p>\n<\/div><\/div>\n\r\n<section class=\"learnNavigationSection\">\r\n            \r\n        <a href=\"https:\/\/talkpal.ai\/hr\/naucite-asamski\/\">\r\n            <div class=\"learnNavigationWrapper\">\r\n                <div class=\"learnNavigationContent\">\r\n                    <img decoding=\"async\" src=\"https:\/\/talkpal.ai\/wp-content\/uploads\/2025\/11\/Assamese.png\" alt=\"Indian Simplified Flag\">\r\n                    <div>\r\n                        <h4>O u\u010denju asamskog jezika<\/h4>\r\n                        <p>Saznajte sve o asamskoj gramatici.<\/p>\r\n                    <\/div>\r\n                <\/div>\r\n            <\/div>\r\n        <\/a>\r\n\r\n        \r\n        <a href=\"https:\/\/talkpal.ai\/hr\/asamske-gramaticke-vjezbe\/\">\r\n            <div class=\"learnNavigationWrapper\">\r\n                <div class=\"learnNavigationContent\">\r\n                    <img decoding=\"async\" src=\"https:\/\/talkpal.ai\/wp-content\/uploads\/2025\/11\/Assamese.png\" alt=\"Indian Simplified Flag\">\r\n                    <div>\r\n                        <h4>Vje\u017eba asamske gramatike<\/h4>\r\n                        <p>Vje\u017ebajte asamsku gramatiku.<\/p>\r\n                    <\/div>\r\n                <\/div>\r\n            <\/div>\r\n        <\/a>\r\n\r\n            <\/section>","protected":false},"excerpt":{"rendered":"<p>Snala\u017eenje u zamr\u0161enosti asamske gramatike Asamski, indoarijevski jezik s bogatom povije\u0161\u0107u i kulturnim zna\u010dajem, nudi uzbudljivo jezi\u010dno iskustvo za one koji \u017eele istra\u017eiti njegov jedinstveni gramati\u010dki sustav. Dok se upu\u0161tate u carstvo asamskog, ne samo da \u0107ete obogatiti svoj jezi\u010dni repertoar, ve\u0107 \u0107ete i prigrliti fascinantno kulturno putovanje. Iako se asamska gramatika u po\u010detku mo\u017ee [&hellip;]<\/p>\n","protected":false},"author":20,"featured_media":0,"parent":0,"menu_order":0,"comment_status":"closed","ping_status":"closed","template":"LearningContentPage.php","meta":{"_acf_changed":false,"footnotes":""},"class_list":["post-1468697","page","type-page","status-publish","hentry"],"acf":[],"yoast_head":"<!-- This site is optimized with the Yoast SEO Premium plugin v27.2 (Yoast SEO v27.2) - https:\/\/yoast.com\/product\/yoast-seo-premium-wordpress\/ -->\n<title>Asamska gramatika - Talkpal<\/title>\n<meta name=\"description\" content=\"Savladajte zamr\u0161enosti asamske gramatike uz Talkpal AI kako biste pobolj\u0161ali svoju vje\u0161tinu i govorili s apsolutnim samopouzdanjem ve\u0107 danas.\" \/>\n<meta name=\"robots\" content=\"index, follow, max-snippet:-1, max-image-preview:large, max-video-preview:-1\" \/>\n<link rel=\"canonical\" href=\"https:\/\/talkpal.ai\/hr\/asamska-gramatika\/\" \/>\n<meta property=\"og:locale\" content=\"hr_HR\" \/>\n<meta property=\"og:type\" content=\"article\" \/>\n<meta property=\"og:title\" content=\"Asamska gramatika\" \/>\n<meta property=\"og:description\" content=\"Snala\u017eenje u zamr\u0161enosti asamske gramatike Asamski, indoarijevski jezik s bogatom povije\u0161\u0107u i kulturnim zna\u010dajem, nudi uzbudljivo jezi\u010dno iskustvo za one\" \/>\n<meta property=\"og:url\" content=\"https:\/\/talkpal.ai\/hr\/asamska-gramatika\/\" \/>\n<meta property=\"og:site_name\" content=\"Talkpal\" \/>\n<meta property=\"article:publisher\" content=\"https:\/\/www.facebook.com\/profile.php?id=100090733639311\" \/>\n<meta property=\"article:modified_time\" content=\"2025-12-30T15:42:38+00:00\" \/>\n<meta property=\"og:image\" content=\"https:\/\/talkpal.ai\/wp-content\/uploads\/2025\/02\/Progress-tab-16_9.png\" \/>\n\t<meta property=\"og:image:width\" content=\"2880\" \/>\n\t<meta property=\"og:image:height\" content=\"1620\" \/>\n\t<meta property=\"og:image:type\" content=\"image\/png\" \/>\n<meta name=\"twitter:card\" content=\"summary_large_image\" \/>\n<meta name=\"twitter:site\" content=\"@talkpalai\" \/>\n<meta name=\"twitter:label1\" content=\"Procijenjeno vrijeme \u010ditanja\" \/>\n\t<meta name=\"twitter:data1\" content=\"4 minute\" \/>\n<script type=\"application\/ld+json\" class=\"yoast-schema-graph\">{\"@context\":\"https:\/\/schema.org\",\"@graph\":[{\"@type\":\"WebPage\",\"@id\":\"https:\/\/talkpal.ai\/hr\/asamska-gramatika\/\",\"url\":\"https:\/\/talkpal.ai\/hr\/asamska-gramatika\/\",\"name\":\"Asamska gramatika - Talkpal\",\"isPartOf\":{\"@id\":\"https:\/\/talkpal.ai\/hr\/#website\"},\"datePublished\":\"2025-11-11T15:06:39+00:00\",\"dateModified\":\"2025-12-30T15:42:38+00:00\",\"description\":\"Savladajte zamr\u0161enosti asamske gramatike uz Talkpal AI kako biste pobolj\u0161ali svoju vje\u0161tinu i govorili s apsolutnim samopouzdanjem ve\u0107 danas.\",\"breadcrumb\":{\"@id\":\"https:\/\/talkpal.ai\/hr\/asamska-gramatika\/#breadcrumb\"},\"inLanguage\":\"hr\",\"potentialAction\":[{\"@type\":\"ReadAction\",\"target\":[\"https:\/\/talkpal.ai\/hr\/asamska-gramatika\/\"]}]},{\"@type\":\"BreadcrumbList\",\"@id\":\"https:\/\/talkpal.ai\/hr\/asamska-gramatika\/#breadcrumb\",\"itemListElement\":[{\"@type\":\"ListItem\",\"position\":1,\"name\":\"Homepage\",\"item\":\"https:\/\/talkpal.ai\/hr\/\"},{\"@type\":\"ListItem\",\"position\":2,\"name\":\"Asamska gramatika\"}]},{\"@type\":\"WebSite\",\"@id\":\"https:\/\/talkpal.ai\/hr\/#website\",\"url\":\"https:\/\/talkpal.ai\/hr\/\",\"name\":\"Talkpal\",\"description\":\"AI Language Learning\",\"publisher\":{\"@id\":\"https:\/\/talkpal.ai\/hr\/#organization\"},\"alternateName\":\"Talkpal AI\",\"potentialAction\":[{\"@type\":\"SearchAction\",\"target\":{\"@type\":\"EntryPoint\",\"urlTemplate\":\"https:\/\/talkpal.ai\/hr\/?s={search_term_string}\"},\"query-input\":{\"@type\":\"PropertyValueSpecification\",\"valueRequired\":true,\"valueName\":\"search_term_string\"}}],\"inLanguage\":\"hr\"},{\"@type\":\"Organization\",\"@id\":\"https:\/\/talkpal.ai\/hr\/#organization\",\"name\":\"Talkpal, Inc.\",\"alternateName\":\"Talkpal AI\",\"url\":\"https:\/\/talkpal.ai\/hr\/\",\"logo\":{\"@type\":\"ImageObject\",\"inLanguage\":\"hr\",\"@id\":\"https:\/\/talkpal.ai\/hr\/#\/schema\/logo\/image\/\",\"url\":\"https:\/\/talkpal.ai\/wp-content\/uploads\/2024\/03\/Talkpal-Logo-Icon.png\",\"contentUrl\":\"https:\/\/talkpal.ai\/wp-content\/uploads\/2024\/03\/Talkpal-Logo-Icon.png\",\"width\":2880,\"height\":2880,\"caption\":\"Talkpal, Inc.\"},\"image\":{\"@id\":\"https:\/\/talkpal.ai\/hr\/#\/schema\/logo\/image\/\"},\"sameAs\":[\"https:\/\/www.facebook.com\/profile.php?id=100090733639311\",\"https:\/\/x.com\/talkpalai\",\"https:\/\/www.linkedin.com\/company\/talkpal\/\",\"https:\/\/www.youtube.com\/@TalkPal\/\",\"https:\/\/www.tiktok.com\/@talkpal\",\"https:\/\/www.instagram.com\/talkpal_ai\/\",\"https:\/\/www.crunchbase.com\/organization\/talkpal-9cde\",\"https:\/\/www.g2.com\/products\/talkpal-for-business\/\",\"https:\/\/www.trustpilot.com\/review\/talkpal.ai\",\"https:\/\/www.capterra.com\/p\/10006800\/TalkPal\/\"],\"description\":\"Talkpal is a language learning web and mobile education app, powered by the latest AI technologies, that provides engaging experiences to its customers in many different languages to help them improve their language skills. Users can chat about unlimited amount of topics with the app and use other modes to practice their language learning.\",\"email\":\"support@talkpal.ai\",\"legalName\":\"Talkpal, Inc.\",\"foundingDate\":\"2023-04-03\",\"duns\":\"118989042\",\"numberOfEmployees\":{\"@type\":\"QuantitativeValue\",\"minValue\":\"11\",\"maxValue\":\"50\"},\"publishingPrinciples\":\"https:\/\/talkpal.ai\/publishing-principles\/\",\"actionableFeedbackPolicy\":\"https:\/\/talkpal.ai\/actionable-feedback-policy\/\",\"correctionsPolicy\":\"https:\/\/talkpal.ai\/corrections-policy\/\",\"ethicsPolicy\":\"https:\/\/talkpal.ai\/ethics-policy\/\",\"diversityPolicy\":\"https:\/\/talkpal.ai\/diversity-policy\/\",\"diversityStaffingReport\":\"https:\/\/talkpal.ai\/diversity-policy\/\"}]}<\/script>\n<!-- \/ Yoast SEO Premium plugin. -->","yoast_head_json":{"title":"Asamska gramatika - Talkpal","description":"Savladajte zamr\u0161enosti asamske gramatike uz Talkpal AI kako biste pobolj\u0161ali svoju vje\u0161tinu i govorili s apsolutnim samopouzdanjem ve\u0107 danas.","robots":{"index":"index","follow":"follow","max-snippet":"max-snippet:-1","max-image-preview":"max-image-preview:large","max-video-preview":"max-video-preview:-1"},"canonical":"https:\/\/talkpal.ai\/hr\/asamska-gramatika\/","og_locale":"hr_HR","og_type":"article","og_title":"Asamska gramatika","og_description":"Snala\u017eenje u zamr\u0161enosti asamske gramatike Asamski, indoarijevski jezik s bogatom povije\u0161\u0107u i kulturnim zna\u010dajem, nudi uzbudljivo jezi\u010dno iskustvo za one","og_url":"https:\/\/talkpal.ai\/hr\/asamska-gramatika\/","og_site_name":"Talkpal","article_publisher":"https:\/\/www.facebook.com\/profile.php?id=100090733639311","article_modified_time":"2025-12-30T15:42:38+00:00","og_image":[{"width":2880,"height":1620,"url":"https:\/\/talkpal.ai\/wp-content\/uploads\/2025\/02\/Progress-tab-16_9.png","type":"image\/png"}],"twitter_card":"summary_large_image","twitter_site":"@talkpalai","twitter_misc":{"Procijenjeno vrijeme \u010ditanja":"4 minute"},"schema":{"@context":"https:\/\/schema.org","@graph":[{"@type":"WebPage","@id":"https:\/\/talkpal.ai\/hr\/asamska-gramatika\/","url":"https:\/\/talkpal.ai\/hr\/asamska-gramatika\/","name":"Asamska gramatika - Talkpal","isPartOf":{"@id":"https:\/\/talkpal.ai\/hr\/#website"},"datePublished":"2025-11-11T15:06:39+00:00","dateModified":"2025-12-30T15:42:38+00:00","description":"Savladajte zamr\u0161enosti asamske gramatike uz Talkpal AI kako biste pobolj\u0161ali svoju vje\u0161tinu i govorili s apsolutnim samopouzdanjem ve\u0107 danas.","breadcrumb":{"@id":"https:\/\/talkpal.ai\/hr\/asamska-gramatika\/#breadcrumb"},"inLanguage":"hr","potentialAction":[{"@type":"ReadAction","target":["https:\/\/talkpal.ai\/hr\/asamska-gramatika\/"]}]},{"@type":"BreadcrumbList","@id":"https:\/\/talkpal.ai\/hr\/asamska-gramatika\/#breadcrumb","itemListElement":[{"@type":"ListItem","position":1,"name":"Homepage","item":"https:\/\/talkpal.ai\/hr\/"},{"@type":"ListItem","position":2,"name":"Asamska gramatika"}]},{"@type":"WebSite","@id":"https:\/\/talkpal.ai\/hr\/#website","url":"https:\/\/talkpal.ai\/hr\/","name":"Talkpal","description":"AI Language Learning","publisher":{"@id":"https:\/\/talkpal.ai\/hr\/#organization"},"alternateName":"Talkpal AI","potentialAction":[{"@type":"SearchAction","target":{"@type":"EntryPoint","urlTemplate":"https:\/\/talkpal.ai\/hr\/?s={search_term_string}"},"query-input":{"@type":"PropertyValueSpecification","valueRequired":true,"valueName":"search_term_string"}}],"inLanguage":"hr"},{"@type":"Organization","@id":"https:\/\/talkpal.ai\/hr\/#organization","name":"Talkpal, Inc.","alternateName":"Talkpal AI","url":"https:\/\/talkpal.ai\/hr\/","logo":{"@type":"ImageObject","inLanguage":"hr","@id":"https:\/\/talkpal.ai\/hr\/#\/schema\/logo\/image\/","url":"https:\/\/talkpal.ai\/wp-content\/uploads\/2024\/03\/Talkpal-Logo-Icon.png","contentUrl":"https:\/\/talkpal.ai\/wp-content\/uploads\/2024\/03\/Talkpal-Logo-Icon.png","width":2880,"height":2880,"caption":"Talkpal, Inc."},"image":{"@id":"https:\/\/talkpal.ai\/hr\/#\/schema\/logo\/image\/"},"sameAs":["https:\/\/www.facebook.com\/profile.php?id=100090733639311","https:\/\/x.com\/talkpalai","https:\/\/www.linkedin.com\/company\/talkpal\/","https:\/\/www.youtube.com\/@TalkPal\/","https:\/\/www.tiktok.com\/@talkpal","https:\/\/www.instagram.com\/talkpal_ai\/","https:\/\/www.crunchbase.com\/organization\/talkpal-9cde","https:\/\/www.g2.com\/products\/talkpal-for-business\/","https:\/\/www.trustpilot.com\/review\/talkpal.ai","https:\/\/www.capterra.com\/p\/10006800\/TalkPal\/"],"description":"Talkpal is a language learning web and mobile education app, powered by the latest AI technologies, that provides engaging experiences to its customers in many different languages to help them improve their language skills. Users can chat about unlimited amount of topics with the app and use other modes to practice their language learning.","email":"support@talkpal.ai","legalName":"Talkpal, Inc.","foundingDate":"2023-04-03","duns":"118989042","numberOfEmployees":{"@type":"QuantitativeValue","minValue":"11","maxValue":"50"},"publishingPrinciples":"https:\/\/talkpal.ai\/publishing-principles\/","actionableFeedbackPolicy":"https:\/\/talkpal.ai\/actionable-feedback-policy\/","correctionsPolicy":"https:\/\/talkpal.ai\/corrections-policy\/","ethicsPolicy":"https:\/\/talkpal.ai\/ethics-policy\/","diversityPolicy":"https:\/\/talkpal.ai\/diversity-policy\/","diversityStaffingReport":"https:\/\/talkpal.ai\/diversity-policy\/"}]}},"_links":{"self":[{"href":"https:\/\/talkpal.ai\/hr\/wp-json\/wp\/v2\/pages\/1468697","targetHints":{"allow":["GET"]}}],"collection":[{"href":"https:\/\/talkpal.ai\/hr\/wp-json\/wp\/v2\/pages"}],"about":[{"href":"https:\/\/talkpal.ai\/hr\/wp-json\/wp\/v2\/types\/page"}],"author":[{"embeddable":true,"href":"https:\/\/talkpal.ai\/hr\/wp-json\/wp\/v2\/users\/20"}],"replies":[{"embeddable":true,"href":"https:\/\/talkpal.ai\/hr\/wp-json\/wp\/v2\/comments?post=1468697"}],"version-history":[{"count":0,"href":"https:\/\/talkpal.ai\/hr\/wp-json\/wp\/v2\/pages\/1468697\/revisions"}],"wp:attachment":[{"href":"https:\/\/talkpal.ai\/hr\/wp-json\/wp\/v2\/media?parent=1468697"}],"curies":[{"name":"wp","href":"https:\/\/api.w.org\/{rel}","templated":true}]}}