{"id":1468319,"date":"2025-11-12T15:57:33","date_gmt":"2025-11-12T15:57:33","guid":{"rendered":"https:\/\/talkpal.ai\/mongolske-gramaticke-vjezbe\/"},"modified":"2025-12-30T12:41:01","modified_gmt":"2025-12-30T12:41:01","slug":"mongolske-gramaticke-vjezbe","status":"publish","type":"page","link":"https:\/\/talkpal.ai\/hr\/mongolske-gramaticke-vjezbe\/","title":{"rendered":"Mongolske gramati\u010dke vje\u017ebe"},"content":{"rendered":"\r\n\r\n\r\n<section class=\"languageChallengeSection\">\r\n    <div class=\"languageInfoWrapper\">\r\n        \r\n        <h1>Mongolske gramati\u010dke vje\u017ebe<\/h1>\r\n        <p>Jeste li spremni zaroniti u mongolsku gramatiku? Vje\u017ebanje nekoliko osnova pomo\u0107i \u0107e vam da se ugodno sna\u0111ete s ovim jedinstvenim i prekrasnim jezikom. Isprobajte ove vje\u017ebe kako biste izgradili samopouzdanje i zabavili se usput!<\/p>\r\n\r\n                            <a class=\"getStartedHidden\" href=\"https:\/\/app.talkpal.ai\/hr\/signup?lng=\">Zapo\u010dni<\/a>\r\n        \r\n    <\/div>\r\n\r\n    <figure>\r\n    <img decoding=\"async\" width=\"768\" height=\"768\" src=\"https:\/\/talkpal.ai\/wp-content\/uploads\/2023\/06\/welsh-768x768.png\" class=\"languageImage no-lazy\" alt=\"Language learning for better cognitive abilities\" fetchpriority=\"high\" sizes=\"(max-width: 768px) 150px, 768px\" srcset=\"https:\/\/talkpal.ai\/wp-content\/uploads\/2023\/06\/welsh-768x768.png 768w, https:\/\/talkpal.ai\/wp-content\/uploads\/2023\/06\/welsh-300x300.png 300w\" \/>\r\n    \r\n\r\n    <\/figure>\r\n\r\n            <a class=\"getStartedVisible\" href=\"https:\/\/app.talkpal.ai\/hr\/signup?lng=\">Zapo\u010dni<\/a>\r\n    \r\n<\/section><section class=\"promotionalBanner\">\r\n    <p class=\"promotionalText\">Naju\u010dinkovitiji na\u010din u\u010denja jezika<\/p>\r\n    <a class=\"promotionalLink\" href=\"https:\/\/app.talkpal.ai\/hr\/signup?lng=\">Isprobajte Talkpal besplatno<\/a>\r\n<\/section>\n<div class=\"wp-block-group pageContainerStyle\"><div class=\"wp-block-group__inner-container is-layout-constrained wp-block-group-is-layout-constrained\">\n<h2 class=\"wp-block-heading\" id=\"h-mongolian-grammar-topics\">Teme mongolske gramatike<\/h2>\n\n\n\n<p><a href=\"https:\/\/talkpal.ai\/hr\/najvece-pogreske-koje-treba-izbjegavati-pri-ucenju-novog-jezika\/\">U\u010denje novog jezika<\/a> mo\u017ee biti izazovan, ali koristan pothvat. <a href=\"https:\/\/talkpal.ai\/learn-mongolian\/\">Mongolski<\/a>, <a href=\"https:\/\/talkpal.ai\/learn-mongolian\/\">mongolski<\/a> jezik koji se uglavnom govori u Mongoliji i dijelovima sjeverne Kine, nije iznimka. Sa svojim jedinstvenim zna\u010dajkama i strukturama kao \u0161to su sklad samoglasnika, aglutinativna morfologija, bogato ozna\u010davanje pade\u017ea i postpozicije, <a href=\"https:\/\/talkpal.ai\/hr\/talkpal-za-obrazovanje\/\">u\u010denje<\/a> mongolskog zahtijeva sustavan pristup razumijevanju njegove gramatike. Ovaj vodi\u010d ocrtava klju\u010dna podru\u010dja <a href=\"https:\/\/talkpal.ai\/hr\/mongolska-gramatika\/\">mongolske gramatike<\/a> u logi\u010dnom slijedu za <a href=\"https:\/\/talkpal.ai\/hr\/talkpal-za-obrazovanje\/\">u\u010denje jezika<\/a>, po\u010dev\u0161i od osnova kao \u0161to su imenice i \u010dlanovi, pa sve do slo\u017eenijih podru\u010dja poput vremena i konstrukcije re\u010denica.<\/p>\n\n\n\n<h3 class=\"wp-block-heading\" id=\"h-1-nouns\">1. Imenice:<\/h3>\n\n\n\n<p><a href=\"https:\/\/talkpal.ai\/ko\/ai-%ec%96%b8%ec%96%b4-%ea%b5%90%ec%82%ac\/\">Zapo\u010dnite<\/a> svoje mongolsko jezi\u010dno putovanje u\u010denjem imenica. To uklju\u010duje razumijevanje razli\u010ditih kategorija imenica, kao \u0161to su uobi\u010dajene i odgovaraju\u0107e imenice, kao i njihovi oblici mno\u017eine. Tako\u0111er \u0107ete nai\u0107i na pade\u017ene zavr\u0161etke koji ozna\u010davaju gramati\u010dke uloge kao \u0161to su subjekt, objekt, mjesto i smjer.<\/p>\n\n\n\n<h3 class=\"wp-block-heading\" id=\"h-2-articles\">2. \u010clanci:<\/h3>\n\n\n\n<p>\u010clanci na mongolskom jeziku ne koriste se na na\u010din na koji se koriste na <a href=\"https:\/\/talkpal.ai\/ai-english-speaking-practice\/\">engleskom<\/a>. Mongolski nema odre\u0111ene ili neodre\u0111ene \u010dlanove. Umjesto toga, odre\u0111enost se izra\u017eava kroz kontekst, red rije\u010di, pokaziva\u010de poput ovog i onoga, a ponekad i ozna\u010davanje pade\u017ea kao \u0161to je akuzativ za odre\u0111ene izravne objekte.<\/p>\n\n\n\n<h3 class=\"wp-block-heading\" id=\"h-3-adjectives\">3. Pridjevi:<\/h3>\n\n\n\n<p>Pridjevi u mongolskom obi\u010dno prethode njihovim imenicama, \u0161to se za neke u\u010denike razlikuje od engleskog. Ne sla\u017eu se ni po spolu ni po broju. Tako\u0111er \u0107ete morati nau\u010diti kako oblikovati komparative i superlative, \u010desto rije\u010dima kao \u0161to su vi\u0161e i ve\u0107ina ili komparativnim konstrukcijama koje koriste than.<\/p>\n\n\n\n<h3 class=\"wp-block-heading\" id=\"h-4-pronouns-determiners\">4. Zamjenice\/Odrediva\u010di:<\/h3>\n\n\n\n<p>Zamjenice i odrednice bitne su u mongolskom; zamjenjuju imenice i pru\u017eaju informacije o koli\u010dini, posjedovanju i jo\u0161 mnogo toga. Zaposjednutost se obi\u010dno prikazuje genitivnim oblicima i posvojnim zamjenicama, a subjektne zamjenice mogu se odbaciti kada se razumiju iz konteksta. Demonstrativi poput ovog i onoga, brojevi i kvantifikatori klju\u010dni su odrednici koje treba savladati.<\/p>\n\n\n\n<h3 class=\"wp-block-heading\" id=\"h-5-verbs\">5. Glagoli:<\/h3>\n\n\n\n<p>Mongolski glagoli imaju razli\u010dite oblike ovisno o vremenu, aspektu i raspolo\u017eenju, \u010desto izgra\u0111eni sufiksima i pomo\u0107nim glagolima. Osobno slaganje je ograni\u010deno, a teme se \u010desto izostavljaju ako su jasne. Po\u010dnite s osnovnim nepro\u0161lim i pro\u0161lim oblicima, a zatim istra\u017eite uobi\u010dajene, budu\u0107e namjerne i modalne upotrebe.<\/p>\n\n\n\n<h3 class=\"wp-block-heading\" id=\"h-6-tenses\">6. Vrijeme:<\/h3>\n\n\n\n<p>Nakon svladavanja glagolskih osnova i osnovnih oblika, zaronite dublje u mongolsko vrijeme i aspekt. To uklju\u010duje razumijevanje razlika izme\u0111u uobi\u010dajene sada\u0161njosti, progresivne sada\u0161njosti, jednostavne pro\u0161losti, pro\u0161lih svr\u0161enih i nepro\u0161lih ili budu\u0107ih \u010ditanja, te kako se koriste u razli\u010ditim kontekstima.<\/p>\n\n\n\n<h3 class=\"wp-block-heading\" id=\"h-7-tense-comparison\">7. Napeta usporedba:<\/h3>\n\n\n\n<p>Usporedba vremena na mongolskom poma\u017ee u razumijevanju redoslijeda i nijansi radnji. Usporedba <a href=\"https:\/\/talkpal.ai\/locations\/learn-english-in-istog\/\">istog<\/a> glagola u uobi\u010dajenim, progresivnim, pro\u0161lim i nepro\u0161lim oblicima omogu\u0107it \u0107e bolje razumijevanje razlika u zna\u010denju i upotrebe.<\/p>\n\n\n\n<h3 class=\"wp-block-heading\" id=\"h-8-progressive\">8. Progresivno:<\/h3>\n\n\n\n<p>Progresivno na mongolskom jeziku koristi se za izra\u017eavanje teku\u0107ih akcija. Nastaje kori\u0161tenjem glagolske osnove sa sufiksom priloga i pomo\u0107nim oblikom biti, obi\u010dno izra\u017eenim oblikom ekvivalentnim biti raditi.<\/p>\n\n\n\n<h3 class=\"wp-block-heading\" id=\"h-9-perfect-progressive\">9. Savr\u0161en progresivan:<\/h3>\n\n\n\n<p>Ovo zna\u010denje se koristi za izra\u017eavanje radnji koje su bile u tijeku do odre\u0111ene to\u010dke. Na mongolskom se izra\u017eava s prilogom plus pomo\u0107ni izrazi kao \u0161to je do\u0107i ili biti, koji prenose nastavak do sada ili do pro\u0161le referentne to\u010dke.<\/p>\n\n\n\n<h3 class=\"wp-block-heading\" id=\"h-10-conditionals\">10. Uvjeti:<\/h3>\n\n\n\n<p>Uvjeti izra\u017eavaju hipotetske situacije i njihove mogu\u0107e ishode. Oni su va\u017ean dio mongolske gramatike i obi\u010dno se formiraju s uvjetnim sufiksima ekvivalentnim if, zajedno s konstrukcijama koje izra\u017eavaju stvarne, potencijalne ili protu\u010dinjeni\u010dne situacije.<\/p>\n\n\n\n<h3 class=\"wp-block-heading\" id=\"h-11-adverbs\">11. Prilozi:<\/h3>\n\n\n\n<p>Prilozi na mongolskom modificiraju glagole, pridjeve ili druge priloge. Oni pru\u017eaju informacije o na\u010dinu, mjestu, vremenu, stupnju i jo\u0161 mnogo toga. Mnogi prilozi izvedeni su iz pridjeva s prilo\u0161kim sufiksima, a postoji mnogo uobi\u010dajenih priloga za vrijeme i u\u010destalost.<\/p>\n\n\n\n<h3 class=\"wp-block-heading\" id=\"h-12-prepositions\">12. Prijedlozi:<\/h3>\n\n\n\n<p>Prijedlozi u mongolskom jeziku ostvaruju se prvenstveno kao postpozicije i pade\u017eni zavr\u0161eci. Oni povezuju rije\u010di i fraze zajedno i izra\u017eavaju odnose vremena, mjesta, smjera, svrhe, uzroka i jo\u0161 mnogo toga. U\u010denje uobi\u010dajenih postpozicija i funkcija sustava slu\u010daja je bitno.<\/p>\n\n\n\n<h3 class=\"wp-block-heading\" id=\"h-13-sentences\">13. Re\u010denice:<\/h3>\n\n\n\n<p>Kona\u010dno, vje\u017ebajte konstruiranje re\u010denica. Mongolski obi\u010dno slijedi subjektni objekt glagolski red rije\u010di, koristi isticanje teme \u010desticama i oblikuje pitanja upitnim \u010desticama i intonacijom. To \u0107e uklju\u010divati kori\u0161tenje svih prethodno nau\u010denih gramati\u010dkih to\u010daka u kontekstu, \u010dime \u0107e se osigurati sveobuhvatno razumijevanje mongolskog jezika.<\/p>\n<\/div><\/div>\n\r\n<section class=\"learnNavigationSection\">\r\n            \r\n        <a href=\"https:\/\/talkpal.ai\/hr\/naucite-mongolski\/\">\r\n            <div class=\"learnNavigationWrapper\">\r\n                <div class=\"learnNavigationContent\">\r\n                    <img decoding=\"async\" src=\"https:\/\/talkpal.ai\/wp-content\/uploads\/2025\/11\/Mongolian.png\" alt=\"Mongolian Flag\">\r\n                    <div>\r\n                        <h4>O u\u010denju mongolskog<\/h4>\r\n                        <p>Saznajte sve o mongolskoj gramatici.<\/p>\r\n                    <\/div>\r\n                <\/div>\r\n            <\/div>\r\n        <\/a>\r\n\r\n        \r\n        <a href=\"https:\/\/talkpal.ai\/hr\/mongolska-gramatika\/\">\r\n            <div class=\"learnNavigationWrapper\">\r\n                <div class=\"learnNavigationContent\">\r\n                    <img decoding=\"async\" src=\"https:\/\/talkpal.ai\/wp-content\/uploads\/2025\/11\/Mongolian.png\" alt=\"Mongolian Flag\">\r\n                    <div>\r\n                        <h4>Lekcije mongolske gramatike<\/h4>\r\n                        <p>Vje\u017ebajte mongolsku gramatiku.<\/p>\r\n                    <\/div>\r\n                <\/div>\r\n            <\/div>\r\n        <\/a>\r\n\r\n            <\/section>","protected":false},"excerpt":{"rendered":"<p>Teme mongolske gramatike U\u010denje novog jezika mo\u017ee biti izazovan, ali koristan pothvat. Mongolski, mongolski jezik koji se uglavnom govori u Mongoliji i dijelovima sjeverne Kine, nije iznimka. Sa svojim jedinstvenim zna\u010dajkama i strukturama kao \u0161to su sklad samoglasnika, aglutinativna morfologija, bogato ozna\u010davanje pade\u017ea i postpozicije, u\u010denje mongolskog zahtijeva sustavan pristup razumijevanju njegove gramatike. Ovaj vodi\u010d [&hellip;]<\/p>\n","protected":false},"author":20,"featured_media":0,"parent":0,"menu_order":0,"comment_status":"closed","ping_status":"closed","template":"LearningContentPage.php","meta":{"_acf_changed":false,"footnotes":""},"class_list":["post-1468319","page","type-page","status-publish","hentry"],"acf":[],"yoast_head":"<!-- This site is optimized with the Yoast SEO Premium plugin v27.2 (Yoast SEO v27.2) - https:\/\/yoast.com\/product\/yoast-seo-premium-wordpress\/ -->\n<title>Mongolske gramati\u010dke vje\u017ebe - Talkpal<\/title>\n<meta name=\"description\" content=\"Savladajte mongolsku gramatiku interaktivnim vje\u017ebama i lekcijama pokretanim umjetnom inteligencijom osmi\u0161ljenim za pobolj\u0161anje te\u010dnosti i razumijevanja jezika.\" \/>\n<meta name=\"robots\" content=\"index, follow, max-snippet:-1, max-image-preview:large, max-video-preview:-1\" \/>\n<link rel=\"canonical\" href=\"https:\/\/talkpal.ai\/hr\/mongolske-gramaticke-vjezbe\/\" \/>\n<meta property=\"og:locale\" content=\"hr_HR\" \/>\n<meta property=\"og:type\" content=\"article\" \/>\n<meta property=\"og:title\" content=\"Mongolske gramati\u010dke vje\u017ebe\" \/>\n<meta property=\"og:description\" content=\"Teme mongolske gramatike U\u010denje novog jezika mo\u017ee biti izazovan, ali koristan pothvat. Mongolski, mongolski jezik koji se uglavnom govori u Mongoliji i\" \/>\n<meta property=\"og:url\" content=\"https:\/\/talkpal.ai\/hr\/mongolske-gramaticke-vjezbe\/\" \/>\n<meta property=\"og:site_name\" content=\"Talkpal\" \/>\n<meta property=\"article:publisher\" content=\"https:\/\/www.facebook.com\/profile.php?id=100090733639311\" \/>\n<meta property=\"article:modified_time\" content=\"2025-12-30T12:41:01+00:00\" \/>\n<meta property=\"og:image\" content=\"https:\/\/talkpal.ai\/wp-content\/uploads\/2025\/02\/Progress-tab-16_9.png\" \/>\n\t<meta property=\"og:image:width\" content=\"2880\" \/>\n\t<meta property=\"og:image:height\" content=\"1620\" \/>\n\t<meta property=\"og:image:type\" content=\"image\/png\" \/>\n<meta name=\"twitter:card\" content=\"summary_large_image\" \/>\n<meta name=\"twitter:site\" content=\"@talkpalai\" \/>\n<meta name=\"twitter:label1\" content=\"Procijenjeno vrijeme \u010ditanja\" \/>\n\t<meta name=\"twitter:data1\" content=\"4 minute\" \/>\n<script type=\"application\/ld+json\" class=\"yoast-schema-graph\">{\"@context\":\"https:\/\/schema.org\",\"@graph\":[{\"@type\":\"WebPage\",\"@id\":\"https:\/\/talkpal.ai\/hr\/mongolske-gramaticke-vjezbe\/\",\"url\":\"https:\/\/talkpal.ai\/hr\/mongolske-gramaticke-vjezbe\/\",\"name\":\"Mongolske gramati\u010dke vje\u017ebe - Talkpal\",\"isPartOf\":{\"@id\":\"https:\/\/talkpal.ai\/hr\/#website\"},\"datePublished\":\"2025-11-12T15:57:33+00:00\",\"dateModified\":\"2025-12-30T12:41:01+00:00\",\"description\":\"Savladajte mongolsku gramatiku interaktivnim vje\u017ebama i lekcijama pokretanim umjetnom inteligencijom osmi\u0161ljenim za pobolj\u0161anje te\u010dnosti i razumijevanja jezika.\",\"breadcrumb\":{\"@id\":\"https:\/\/talkpal.ai\/hr\/mongolske-gramaticke-vjezbe\/#breadcrumb\"},\"inLanguage\":\"hr\",\"potentialAction\":[{\"@type\":\"ReadAction\",\"target\":[\"https:\/\/talkpal.ai\/hr\/mongolske-gramaticke-vjezbe\/\"]}]},{\"@type\":\"BreadcrumbList\",\"@id\":\"https:\/\/talkpal.ai\/hr\/mongolske-gramaticke-vjezbe\/#breadcrumb\",\"itemListElement\":[{\"@type\":\"ListItem\",\"position\":1,\"name\":\"Homepage\",\"item\":\"https:\/\/talkpal.ai\/hr\/\"},{\"@type\":\"ListItem\",\"position\":2,\"name\":\"Mongolske gramati\u010dke vje\u017ebe\"}]},{\"@type\":\"WebSite\",\"@id\":\"https:\/\/talkpal.ai\/hr\/#website\",\"url\":\"https:\/\/talkpal.ai\/hr\/\",\"name\":\"Talkpal\",\"description\":\"AI Language Learning\",\"publisher\":{\"@id\":\"https:\/\/talkpal.ai\/hr\/#organization\"},\"alternateName\":\"Talkpal AI\",\"potentialAction\":[{\"@type\":\"SearchAction\",\"target\":{\"@type\":\"EntryPoint\",\"urlTemplate\":\"https:\/\/talkpal.ai\/hr\/?s={search_term_string}\"},\"query-input\":{\"@type\":\"PropertyValueSpecification\",\"valueRequired\":true,\"valueName\":\"search_term_string\"}}],\"inLanguage\":\"hr\"},{\"@type\":\"Organization\",\"@id\":\"https:\/\/talkpal.ai\/hr\/#organization\",\"name\":\"Talkpal, Inc.\",\"alternateName\":\"Talkpal AI\",\"url\":\"https:\/\/talkpal.ai\/hr\/\",\"logo\":{\"@type\":\"ImageObject\",\"inLanguage\":\"hr\",\"@id\":\"https:\/\/talkpal.ai\/hr\/#\/schema\/logo\/image\/\",\"url\":\"https:\/\/talkpal.ai\/wp-content\/uploads\/2024\/03\/Talkpal-Logo-Icon.png\",\"contentUrl\":\"https:\/\/talkpal.ai\/wp-content\/uploads\/2024\/03\/Talkpal-Logo-Icon.png\",\"width\":2880,\"height\":2880,\"caption\":\"Talkpal, Inc.\"},\"image\":{\"@id\":\"https:\/\/talkpal.ai\/hr\/#\/schema\/logo\/image\/\"},\"sameAs\":[\"https:\/\/www.facebook.com\/profile.php?id=100090733639311\",\"https:\/\/x.com\/talkpalai\",\"https:\/\/www.linkedin.com\/company\/talkpal\/\",\"https:\/\/www.youtube.com\/@TalkPal\/\",\"https:\/\/www.tiktok.com\/@talkpal\",\"https:\/\/www.instagram.com\/talkpal_ai\/\",\"https:\/\/www.crunchbase.com\/organization\/talkpal-9cde\",\"https:\/\/www.g2.com\/products\/talkpal-for-business\/\",\"https:\/\/www.trustpilot.com\/review\/talkpal.ai\",\"https:\/\/www.capterra.com\/p\/10006800\/TalkPal\/\"],\"description\":\"Talkpal is a language learning web and mobile education app, powered by the latest AI technologies, that provides engaging experiences to its customers in many different languages to help them improve their language skills. Users can chat about unlimited amount of topics with the app and use other modes to practice their language learning.\",\"email\":\"support@talkpal.ai\",\"legalName\":\"Talkpal, Inc.\",\"foundingDate\":\"2023-04-03\",\"duns\":\"118989042\",\"numberOfEmployees\":{\"@type\":\"QuantitativeValue\",\"minValue\":\"11\",\"maxValue\":\"50\"},\"publishingPrinciples\":\"https:\/\/talkpal.ai\/publishing-principles\/\",\"actionableFeedbackPolicy\":\"https:\/\/talkpal.ai\/actionable-feedback-policy\/\",\"correctionsPolicy\":\"https:\/\/talkpal.ai\/corrections-policy\/\",\"ethicsPolicy\":\"https:\/\/talkpal.ai\/ethics-policy\/\",\"diversityPolicy\":\"https:\/\/talkpal.ai\/diversity-policy\/\",\"diversityStaffingReport\":\"https:\/\/talkpal.ai\/diversity-policy\/\"}]}<\/script>\n<!-- \/ Yoast SEO Premium plugin. -->","yoast_head_json":{"title":"Mongolske gramati\u010dke vje\u017ebe - Talkpal","description":"Savladajte mongolsku gramatiku interaktivnim vje\u017ebama i lekcijama pokretanim umjetnom inteligencijom osmi\u0161ljenim za pobolj\u0161anje te\u010dnosti i razumijevanja jezika.","robots":{"index":"index","follow":"follow","max-snippet":"max-snippet:-1","max-image-preview":"max-image-preview:large","max-video-preview":"max-video-preview:-1"},"canonical":"https:\/\/talkpal.ai\/hr\/mongolske-gramaticke-vjezbe\/","og_locale":"hr_HR","og_type":"article","og_title":"Mongolske gramati\u010dke vje\u017ebe","og_description":"Teme mongolske gramatike U\u010denje novog jezika mo\u017ee biti izazovan, ali koristan pothvat. Mongolski, mongolski jezik koji se uglavnom govori u Mongoliji i","og_url":"https:\/\/talkpal.ai\/hr\/mongolske-gramaticke-vjezbe\/","og_site_name":"Talkpal","article_publisher":"https:\/\/www.facebook.com\/profile.php?id=100090733639311","article_modified_time":"2025-12-30T12:41:01+00:00","og_image":[{"width":2880,"height":1620,"url":"https:\/\/talkpal.ai\/wp-content\/uploads\/2025\/02\/Progress-tab-16_9.png","type":"image\/png"}],"twitter_card":"summary_large_image","twitter_site":"@talkpalai","twitter_misc":{"Procijenjeno vrijeme \u010ditanja":"4 minute"},"schema":{"@context":"https:\/\/schema.org","@graph":[{"@type":"WebPage","@id":"https:\/\/talkpal.ai\/hr\/mongolske-gramaticke-vjezbe\/","url":"https:\/\/talkpal.ai\/hr\/mongolske-gramaticke-vjezbe\/","name":"Mongolske gramati\u010dke vje\u017ebe - Talkpal","isPartOf":{"@id":"https:\/\/talkpal.ai\/hr\/#website"},"datePublished":"2025-11-12T15:57:33+00:00","dateModified":"2025-12-30T12:41:01+00:00","description":"Savladajte mongolsku gramatiku interaktivnim vje\u017ebama i lekcijama pokretanim umjetnom inteligencijom osmi\u0161ljenim za pobolj\u0161anje te\u010dnosti i razumijevanja jezika.","breadcrumb":{"@id":"https:\/\/talkpal.ai\/hr\/mongolske-gramaticke-vjezbe\/#breadcrumb"},"inLanguage":"hr","potentialAction":[{"@type":"ReadAction","target":["https:\/\/talkpal.ai\/hr\/mongolske-gramaticke-vjezbe\/"]}]},{"@type":"BreadcrumbList","@id":"https:\/\/talkpal.ai\/hr\/mongolske-gramaticke-vjezbe\/#breadcrumb","itemListElement":[{"@type":"ListItem","position":1,"name":"Homepage","item":"https:\/\/talkpal.ai\/hr\/"},{"@type":"ListItem","position":2,"name":"Mongolske gramati\u010dke vje\u017ebe"}]},{"@type":"WebSite","@id":"https:\/\/talkpal.ai\/hr\/#website","url":"https:\/\/talkpal.ai\/hr\/","name":"Talkpal","description":"AI Language Learning","publisher":{"@id":"https:\/\/talkpal.ai\/hr\/#organization"},"alternateName":"Talkpal AI","potentialAction":[{"@type":"SearchAction","target":{"@type":"EntryPoint","urlTemplate":"https:\/\/talkpal.ai\/hr\/?s={search_term_string}"},"query-input":{"@type":"PropertyValueSpecification","valueRequired":true,"valueName":"search_term_string"}}],"inLanguage":"hr"},{"@type":"Organization","@id":"https:\/\/talkpal.ai\/hr\/#organization","name":"Talkpal, Inc.","alternateName":"Talkpal AI","url":"https:\/\/talkpal.ai\/hr\/","logo":{"@type":"ImageObject","inLanguage":"hr","@id":"https:\/\/talkpal.ai\/hr\/#\/schema\/logo\/image\/","url":"https:\/\/talkpal.ai\/wp-content\/uploads\/2024\/03\/Talkpal-Logo-Icon.png","contentUrl":"https:\/\/talkpal.ai\/wp-content\/uploads\/2024\/03\/Talkpal-Logo-Icon.png","width":2880,"height":2880,"caption":"Talkpal, Inc."},"image":{"@id":"https:\/\/talkpal.ai\/hr\/#\/schema\/logo\/image\/"},"sameAs":["https:\/\/www.facebook.com\/profile.php?id=100090733639311","https:\/\/x.com\/talkpalai","https:\/\/www.linkedin.com\/company\/talkpal\/","https:\/\/www.youtube.com\/@TalkPal\/","https:\/\/www.tiktok.com\/@talkpal","https:\/\/www.instagram.com\/talkpal_ai\/","https:\/\/www.crunchbase.com\/organization\/talkpal-9cde","https:\/\/www.g2.com\/products\/talkpal-for-business\/","https:\/\/www.trustpilot.com\/review\/talkpal.ai","https:\/\/www.capterra.com\/p\/10006800\/TalkPal\/"],"description":"Talkpal is a language learning web and mobile education app, powered by the latest AI technologies, that provides engaging experiences to its customers in many different languages to help them improve their language skills. Users can chat about unlimited amount of topics with the app and use other modes to practice their language learning.","email":"support@talkpal.ai","legalName":"Talkpal, Inc.","foundingDate":"2023-04-03","duns":"118989042","numberOfEmployees":{"@type":"QuantitativeValue","minValue":"11","maxValue":"50"},"publishingPrinciples":"https:\/\/talkpal.ai\/publishing-principles\/","actionableFeedbackPolicy":"https:\/\/talkpal.ai\/actionable-feedback-policy\/","correctionsPolicy":"https:\/\/talkpal.ai\/corrections-policy\/","ethicsPolicy":"https:\/\/talkpal.ai\/ethics-policy\/","diversityPolicy":"https:\/\/talkpal.ai\/diversity-policy\/","diversityStaffingReport":"https:\/\/talkpal.ai\/diversity-policy\/"}]}},"_links":{"self":[{"href":"https:\/\/talkpal.ai\/hr\/wp-json\/wp\/v2\/pages\/1468319","targetHints":{"allow":["GET"]}}],"collection":[{"href":"https:\/\/talkpal.ai\/hr\/wp-json\/wp\/v2\/pages"}],"about":[{"href":"https:\/\/talkpal.ai\/hr\/wp-json\/wp\/v2\/types\/page"}],"author":[{"embeddable":true,"href":"https:\/\/talkpal.ai\/hr\/wp-json\/wp\/v2\/users\/20"}],"replies":[{"embeddable":true,"href":"https:\/\/talkpal.ai\/hr\/wp-json\/wp\/v2\/comments?post=1468319"}],"version-history":[{"count":0,"href":"https:\/\/talkpal.ai\/hr\/wp-json\/wp\/v2\/pages\/1468319\/revisions"}],"wp:attachment":[{"href":"https:\/\/talkpal.ai\/hr\/wp-json\/wp\/v2\/media?parent=1468319"}],"curies":[{"name":"wp","href":"https:\/\/api.w.org\/{rel}","templated":true}]}}