{"id":1468236,"date":"2025-11-12T12:14:52","date_gmt":"2025-11-12T12:14:52","guid":{"rendered":"https:\/\/talkpal.ai\/laoska-gramatika\/"},"modified":"2025-12-30T14:09:16","modified_gmt":"2025-12-30T14:09:16","slug":"laoska-gramatika","status":"publish","type":"page","link":"https:\/\/talkpal.ai\/hr\/laoska-gramatika\/","title":{"rendered":"Laoska gramatika"},"content":{"rendered":"\r\n\r\n\r\n<section class=\"languageChallengeSection\">\r\n    <div class=\"languageInfoWrapper\">\r\n        \r\n        <h1>Laoska gramatika<\/h1>\r\n        <p><a href=\"https:\/\/talkpal.ai\/lao-grammar\/\">Laoska gramatika<\/a> u po\u010detku se mo\u017ee \u010diniti izazovnom, ali njezine jedinstvene zna\u010dajke \u010dine u\u010denje jezika korisnim iskustvom. Istra\u017euju\u0107i njegovu abecedu, mutacije i gramati\u010dka pravila, ste\u0107i \u0107ete uvid u bogatu jezi\u010dnu tradiciju. Zapo\u010dnite svoje putovanje i otkrijte ljepote Laosa!<\/p>\r\n\r\n                            <a class=\"getStartedHidden\" href=\"https:\/\/app.talkpal.ai\/hr\/signup?lng=\">Zapo\u010dni<\/a>\r\n        \r\n    <\/div>\r\n\r\n    <figure>\r\n    <img decoding=\"async\" width=\"768\" height=\"768\" src=\"https:\/\/talkpal.ai\/wp-content\/uploads\/2023\/06\/welsh-768x768.png\" class=\"languageImage no-lazy\" alt=\"Language learning for better cognitive abilities\" fetchpriority=\"high\" sizes=\"(max-width: 768px) 150px, 768px\" srcset=\"https:\/\/talkpal.ai\/wp-content\/uploads\/2023\/06\/welsh-768x768.png 768w, https:\/\/talkpal.ai\/wp-content\/uploads\/2023\/06\/welsh-300x300.png 300w\" \/>\r\n    \r\n\r\n    <\/figure>\r\n\r\n            <a class=\"getStartedVisible\" href=\"https:\/\/app.talkpal.ai\/hr\/signup?lng=\">Zapo\u010dni<\/a>\r\n    \r\n<\/section><section class=\"promotionalBanner\">\r\n    <p class=\"promotionalText\">Naju\u010dinkovitiji na\u010din u\u010denja jezika<\/p>\r\n    <a class=\"promotionalLink\" href=\"https:\/\/app.talkpal.ai\/hr\/signup?lng=\">Isprobajte Talkpal besplatno<\/a>\r\n<\/section>\n<div class=\"wp-block-group pageContainerStyle\"><div class=\"wp-block-group__inner-container is-layout-constrained wp-block-group-is-layout-constrained\">\n<h2 class=\"wp-block-heading\" id=\"h-navigating-the-intricacies-of-lao-grammar\">Snala\u017eenje u zamr\u0161enosti laoske gramatike<\/h2>\n\n\n\n<p><a href=\"https:\/\/talkpal.ai\/hr\/naucite-laoski\/\">Lao,<\/a> Tai-Kadai jezik s bogatom povije\u0161\u0107u i kulturnim zna\u010dajem, nudi uzbudljivo jezi\u010dno iskustvo za one \u017eeljne istra\u017eivanja njegovog jedinstvenog gramati\u010dkog sustava. Dok se upu\u0161tate u carstvo Laosa, ne samo da \u0107ete obogatiti svoj jezi\u010dni repertoar, ve\u0107 \u0107ete i prigrliti fascinantno kulturno putovanje. Iako se laoska gramatika na prvu mo\u017ee \u010diniti nepoznatom, njezino ra\u0161\u010dlanjivanje na temeljne komponente \u010dini u\u010denje jezika pristupa\u010dnijim. U ovom \u0107emo \u010dlanku istra\u017eiti zadivljuju\u0107i svijet laoske gramatike i dati savjete o tome kako svladati njezinu slo\u017eenost.<\/p>\n\n\n\n<h3 class=\"wp-block-heading\" id=\"h-1-lao-alphabet-and-phonetics\">1. Laoska abeceda i fonetika<\/h3>\n\n\n\n<p>Laosko pismo koristi 27 suglasni\u010dkih slova, brojne samoglasni\u010dke znakove i \u010detiri tonske oznake. <a href=\"https:\/\/talkpal.ai\/learn-lao\/\">Lao<\/a> je tonalan, s pet tonova u standardnom vijenskom dijalektu. Da biste nau\u010dili laosku gramatiku, klju\u010dno je upoznati se s ovim prepoznatljivim sustavom pisanja vje\u017ebaju\u0107i \u010ditanje i pisanje na laoskom jeziku.<\/p>\n\n\n\n<h3 class=\"wp-block-heading\" id=\"h-2-tone-system-a-defining-lao-feature\">2. Tonski sustav: zna\u010dajka koja definira Laos<\/h3>\n\n\n\n<p>Jedan od najupe\u010datljivijih aspekata laoske gramatike je njezin sustav tonova. Suglasnici su grupirani u visoke, srednje i niske klase, koje su u interakciji s tonskim oznakama, duljinom samoglasnika i vrstom sloga kako bi odredile ton. Razumijevanje kako klase suglasnika i oznake tonova oblikuju izgovor klju\u010dno je za to\u010dnu komunikaciju u Laosu.<\/p>\n\n\n\n<h3 class=\"wp-block-heading\" id=\"h-3-nouns-and-pronouns-classifiers-and-politeness\">3. Imenice i zamjenice: klasifikatori i pristojnost<\/h3>\n\n\n\n<p>Laoske imenice nemaju gramati\u010dki rod ili pade\u017e, a mno\u017eina se obi\u010dno izra\u017eava rije\u010dima poput &#8220;mnogi&#8221; ili klasifikatorima, a ne fleksijom. Zamjenice u Laosu uklju\u010duju osobne, posvojne, refleksivne, pokazne i upitne oblike, s mnogo izbora oblikovanih dobi, statusom i uljudno\u0161\u0107u. Upoznavanje s ovim zamjenicama, klasifikatorima i posvojnim markerom &#8220;khong&#8221; zna\u010dajno \u0107e pobolj\u0161ati va\u0161e razumijevanje laoske gramatike.<\/p>\n\n\n\n<h3 class=\"wp-block-heading\" id=\"h-4-verbs-structure-and-conjugation\">4. Glagoli: Struktura i konjugacija<\/h3>\n\n\n\n<p>Laoski glagoli se ne konjugiraju za vrijeme, raspolo\u017eenje ili osobu. Vrijeme i aspekt izra\u017eeni su \u010desticama kao \u0161to su &#8220;kamlang&#8221; za progresivno, &#8220;laew&#8221; za dovr\u0161ene radnje i &#8220;si&#8221; za budu\u0107nost. Uvjetna i imperativna zna\u010denja formiraju se \u010desticama i kontekstom. U\u010denje kako Lao koristi \u010destice, serijske glagole i kopule poput &#8220;olovka&#8221; za identitet i &#8220;yu&#8221; za lokaciju pobolj\u0161at \u0107e va\u0161u sposobnost u\u010dinkovite komunikacije u Laosu.<\/p>\n\n\n\n<h3 class=\"wp-block-heading\" id=\"h-5-adjectives-agreement-and-placement\">5. Pridjevi: Sporazum i plasman<\/h3>\n\n\n\n<p>U laoskoj gramatici, pridjevi obi\u010dno slijede imenicu koju mijenjaju i ne sla\u017eu se u rodu ili broju. Komparativi i superlativi izgra\u0111eni su od \u010destica kao \u0161to su &#8220;kwaa&#8221; za &#8220;vi\u0161e od&#8221; i &#8220;thi sut&#8221; za &#8220;najvi\u0161e&#8221;, koje su bitne za u\u010denje prirodnije komunikacije.<\/p>\n\n\n\n<p><strong>Primjerima:<\/strong><\/p>\n\n\n\n<p><strong>\u2013 Khw\u0101m hak nyai (velika ljubav)<\/strong><\/p>\n\n\n\n<p><strong>\u2013 dek n\u00f2i (mala djeca)<\/strong><\/p>\n\n\n\n<h3 class=\"wp-block-heading\" id=\"h-6-engaging-with-the-language\">6. Suradnja s jezikom<\/h3>\n\n\n\n<p>Naju\u010dinkovitiji na\u010din za potpuno razumijevanje i internalizaciju laoske gramatike je dosljedno bavljenje jezikom. \u010citanjem laoske knji\u017eevnosti, gledanjem laoskih filmova ili televizijskih serija i aktivnom komunikacijom s izvornim govornicima oja\u010dat \u0107ete svoje razumijevanje gramatike dok pro\u0161irujete svoj vokabular.<\/p>\n\n\n\n<h3 class=\"wp-block-heading\" id=\"h-conclusion\">Zaklju\u010dak<\/h3>\n\n\n\n<p>Iako se laoska gramatika mo\u017ee \u010diniti zamr\u0161enom, mo\u017eete postati vje\u0161ti u ovom prekrasnom jeziku uz predanost, praksu i entuzijazam. Usredoto\u010duju\u0107i se na temeljna pravila i bave\u0107i se jezikom u razli\u010ditim kontekstima, brzo \u0107ete pobolj\u0161ati <a href=\"https:\/\/talkpal.ai\/hr\/gramatika\/\">svoje laoske gramati\u010dke vje\u0161tine<\/a>. Sok dii (sretno) sa svojim laoskim jezi\u010dnim putovanjem i u\u017eivajte u otkrivanju zagonetnog, ali zadivljuju\u0107eg svijeta laoske gramatike!<\/p>\n<\/div><\/div>\n\r\n<section class=\"learnNavigationSection\">\r\n            \r\n        <a href=\"https:\/\/talkpal.ai\/hr\/naucite-laoski\/\">\r\n            <div class=\"learnNavigationWrapper\">\r\n                <div class=\"learnNavigationContent\">\r\n                    <img decoding=\"async\" src=\"https:\/\/talkpal.ai\/wp-content\/uploads\/2025\/11\/Lao-1.png\" alt=\"Laotian Flag\">\r\n                    <div>\r\n                        <h4>O Lao Learningu<\/h4>\r\n                        <p>Saznajte sve o laoskoj gramatici.<\/p>\r\n                    <\/div>\r\n                <\/div>\r\n            <\/div>\r\n        <\/a>\r\n\r\n        \r\n        <a href=\"https:\/\/talkpal.ai\/hr\/laoske-gramaticke-vjezbe\/\">\r\n            <div class=\"learnNavigationWrapper\">\r\n                <div class=\"learnNavigationContent\">\r\n                    <img decoding=\"async\" src=\"https:\/\/talkpal.ai\/wp-content\/uploads\/2025\/11\/Lao-1.png\" alt=\"Laotian Flag\">\r\n                    <div>\r\n                        <h4>Laoska gramati\u010dka vje\u017eba<\/h4>\r\n                        <p>Vje\u017ebajte laosku gramatiku.<\/p>\r\n                    <\/div>\r\n                <\/div>\r\n            <\/div>\r\n        <\/a>\r\n\r\n            <\/section>","protected":false},"excerpt":{"rendered":"<p>Snala\u017eenje u zamr\u0161enosti laoske gramatike Lao, Tai-Kadai jezik s bogatom povije\u0161\u0107u i kulturnim zna\u010dajem, nudi uzbudljivo jezi\u010dno iskustvo za one \u017eeljne istra\u017eivanja njegovog jedinstvenog gramati\u010dkog sustava. Dok se upu\u0161tate u carstvo Laosa, ne samo da \u0107ete obogatiti svoj jezi\u010dni repertoar, ve\u0107 \u0107ete i prigrliti fascinantno kulturno putovanje. Iako se laoska gramatika na prvu mo\u017ee \u010diniti [&hellip;]<\/p>\n","protected":false},"author":20,"featured_media":0,"parent":0,"menu_order":0,"comment_status":"closed","ping_status":"closed","template":"LearningContentPage.php","meta":{"_acf_changed":false,"footnotes":""},"class_list":["post-1468236","page","type-page","status-publish","hentry"],"acf":[],"yoast_head":"<!-- This site is optimized with the Yoast SEO Premium plugin v27.2 (Yoast SEO v27.2) - https:\/\/yoast.com\/product\/yoast-seo-premium-wordpress\/ -->\n<title>Laoska gramatika - Talkpal<\/title>\n<meta name=\"description\" content=\"Savladajte osnove laoske gramatike, uklju\u010duju\u0107i tonski sustav i strukturu re\u010denica, kako biste pobolj\u0161ali svoje jezi\u010dno znanje uz Talkpal.\" \/>\n<meta name=\"robots\" content=\"index, follow, max-snippet:-1, max-image-preview:large, max-video-preview:-1\" \/>\n<link rel=\"canonical\" href=\"https:\/\/talkpal.ai\/hr\/laoska-gramatika\/\" \/>\n<meta property=\"og:locale\" content=\"hr_HR\" \/>\n<meta property=\"og:type\" content=\"article\" \/>\n<meta property=\"og:title\" content=\"Laoska gramatika\" \/>\n<meta property=\"og:description\" content=\"Snala\u017eenje u zamr\u0161enosti laoske gramatike Lao, Tai-Kadai jezik s bogatom povije\u0161\u0107u i kulturnim zna\u010dajem, nudi uzbudljivo jezi\u010dno iskustvo za one \u017eeljne\" \/>\n<meta property=\"og:url\" content=\"https:\/\/talkpal.ai\/hr\/laoska-gramatika\/\" \/>\n<meta property=\"og:site_name\" content=\"Talkpal\" \/>\n<meta property=\"article:publisher\" content=\"https:\/\/www.facebook.com\/profile.php?id=100090733639311\" \/>\n<meta property=\"article:modified_time\" content=\"2025-12-30T14:09:16+00:00\" \/>\n<meta property=\"og:image\" content=\"https:\/\/talkpal.ai\/wp-content\/uploads\/2025\/02\/Progress-tab-16_9.png\" \/>\n\t<meta property=\"og:image:width\" content=\"2880\" \/>\n\t<meta property=\"og:image:height\" content=\"1620\" \/>\n\t<meta property=\"og:image:type\" content=\"image\/png\" \/>\n<meta name=\"twitter:card\" content=\"summary_large_image\" \/>\n<meta name=\"twitter:site\" content=\"@talkpalai\" \/>\n<meta name=\"twitter:label1\" content=\"Procijenjeno vrijeme \u010ditanja\" \/>\n\t<meta name=\"twitter:data1\" content=\"3 minute\" \/>\n<script type=\"application\/ld+json\" class=\"yoast-schema-graph\">{\"@context\":\"https:\/\/schema.org\",\"@graph\":[{\"@type\":\"WebPage\",\"@id\":\"https:\/\/talkpal.ai\/hr\/laoska-gramatika\/\",\"url\":\"https:\/\/talkpal.ai\/hr\/laoska-gramatika\/\",\"name\":\"Laoska gramatika - Talkpal\",\"isPartOf\":{\"@id\":\"https:\/\/talkpal.ai\/hr\/#website\"},\"datePublished\":\"2025-11-12T12:14:52+00:00\",\"dateModified\":\"2025-12-30T14:09:16+00:00\",\"description\":\"Savladajte osnove laoske gramatike, uklju\u010duju\u0107i tonski sustav i strukturu re\u010denica, kako biste pobolj\u0161ali svoje jezi\u010dno znanje uz Talkpal.\",\"breadcrumb\":{\"@id\":\"https:\/\/talkpal.ai\/hr\/laoska-gramatika\/#breadcrumb\"},\"inLanguage\":\"hr\",\"potentialAction\":[{\"@type\":\"ReadAction\",\"target\":[\"https:\/\/talkpal.ai\/hr\/laoska-gramatika\/\"]}]},{\"@type\":\"BreadcrumbList\",\"@id\":\"https:\/\/talkpal.ai\/hr\/laoska-gramatika\/#breadcrumb\",\"itemListElement\":[{\"@type\":\"ListItem\",\"position\":1,\"name\":\"Homepage\",\"item\":\"https:\/\/talkpal.ai\/hr\/\"},{\"@type\":\"ListItem\",\"position\":2,\"name\":\"Laoska gramatika\"}]},{\"@type\":\"WebSite\",\"@id\":\"https:\/\/talkpal.ai\/hr\/#website\",\"url\":\"https:\/\/talkpal.ai\/hr\/\",\"name\":\"Talkpal\",\"description\":\"AI Language Learning\",\"publisher\":{\"@id\":\"https:\/\/talkpal.ai\/hr\/#organization\"},\"alternateName\":\"Talkpal AI\",\"potentialAction\":[{\"@type\":\"SearchAction\",\"target\":{\"@type\":\"EntryPoint\",\"urlTemplate\":\"https:\/\/talkpal.ai\/hr\/?s={search_term_string}\"},\"query-input\":{\"@type\":\"PropertyValueSpecification\",\"valueRequired\":true,\"valueName\":\"search_term_string\"}}],\"inLanguage\":\"hr\"},{\"@type\":\"Organization\",\"@id\":\"https:\/\/talkpal.ai\/hr\/#organization\",\"name\":\"Talkpal, Inc.\",\"alternateName\":\"Talkpal AI\",\"url\":\"https:\/\/talkpal.ai\/hr\/\",\"logo\":{\"@type\":\"ImageObject\",\"inLanguage\":\"hr\",\"@id\":\"https:\/\/talkpal.ai\/hr\/#\/schema\/logo\/image\/\",\"url\":\"https:\/\/talkpal.ai\/wp-content\/uploads\/2024\/03\/Talkpal-Logo-Icon.png\",\"contentUrl\":\"https:\/\/talkpal.ai\/wp-content\/uploads\/2024\/03\/Talkpal-Logo-Icon.png\",\"width\":2880,\"height\":2880,\"caption\":\"Talkpal, Inc.\"},\"image\":{\"@id\":\"https:\/\/talkpal.ai\/hr\/#\/schema\/logo\/image\/\"},\"sameAs\":[\"https:\/\/www.facebook.com\/profile.php?id=100090733639311\",\"https:\/\/x.com\/talkpalai\",\"https:\/\/www.linkedin.com\/company\/talkpal\/\",\"https:\/\/www.youtube.com\/@TalkPal\/\",\"https:\/\/www.tiktok.com\/@talkpal\",\"https:\/\/www.instagram.com\/talkpal_ai\/\",\"https:\/\/www.crunchbase.com\/organization\/talkpal-9cde\",\"https:\/\/www.g2.com\/products\/talkpal-for-business\/\",\"https:\/\/www.trustpilot.com\/review\/talkpal.ai\",\"https:\/\/www.capterra.com\/p\/10006800\/TalkPal\/\"],\"description\":\"Talkpal is a language learning web and mobile education app, powered by the latest AI technologies, that provides engaging experiences to its customers in many different languages to help them improve their language skills. Users can chat about unlimited amount of topics with the app and use other modes to practice their language learning.\",\"email\":\"support@talkpal.ai\",\"legalName\":\"Talkpal, Inc.\",\"foundingDate\":\"2023-04-03\",\"duns\":\"118989042\",\"numberOfEmployees\":{\"@type\":\"QuantitativeValue\",\"minValue\":\"11\",\"maxValue\":\"50\"},\"publishingPrinciples\":\"https:\/\/talkpal.ai\/publishing-principles\/\",\"actionableFeedbackPolicy\":\"https:\/\/talkpal.ai\/actionable-feedback-policy\/\",\"correctionsPolicy\":\"https:\/\/talkpal.ai\/corrections-policy\/\",\"ethicsPolicy\":\"https:\/\/talkpal.ai\/ethics-policy\/\",\"diversityPolicy\":\"https:\/\/talkpal.ai\/diversity-policy\/\",\"diversityStaffingReport\":\"https:\/\/talkpal.ai\/diversity-policy\/\"}]}<\/script>\n<!-- \/ Yoast SEO Premium plugin. -->","yoast_head_json":{"title":"Laoska gramatika - Talkpal","description":"Savladajte osnove laoske gramatike, uklju\u010duju\u0107i tonski sustav i strukturu re\u010denica, kako biste pobolj\u0161ali svoje jezi\u010dno znanje uz Talkpal.","robots":{"index":"index","follow":"follow","max-snippet":"max-snippet:-1","max-image-preview":"max-image-preview:large","max-video-preview":"max-video-preview:-1"},"canonical":"https:\/\/talkpal.ai\/hr\/laoska-gramatika\/","og_locale":"hr_HR","og_type":"article","og_title":"Laoska gramatika","og_description":"Snala\u017eenje u zamr\u0161enosti laoske gramatike Lao, Tai-Kadai jezik s bogatom povije\u0161\u0107u i kulturnim zna\u010dajem, nudi uzbudljivo jezi\u010dno iskustvo za one \u017eeljne","og_url":"https:\/\/talkpal.ai\/hr\/laoska-gramatika\/","og_site_name":"Talkpal","article_publisher":"https:\/\/www.facebook.com\/profile.php?id=100090733639311","article_modified_time":"2025-12-30T14:09:16+00:00","og_image":[{"width":2880,"height":1620,"url":"https:\/\/talkpal.ai\/wp-content\/uploads\/2025\/02\/Progress-tab-16_9.png","type":"image\/png"}],"twitter_card":"summary_large_image","twitter_site":"@talkpalai","twitter_misc":{"Procijenjeno vrijeme \u010ditanja":"3 minute"},"schema":{"@context":"https:\/\/schema.org","@graph":[{"@type":"WebPage","@id":"https:\/\/talkpal.ai\/hr\/laoska-gramatika\/","url":"https:\/\/talkpal.ai\/hr\/laoska-gramatika\/","name":"Laoska gramatika - Talkpal","isPartOf":{"@id":"https:\/\/talkpal.ai\/hr\/#website"},"datePublished":"2025-11-12T12:14:52+00:00","dateModified":"2025-12-30T14:09:16+00:00","description":"Savladajte osnove laoske gramatike, uklju\u010duju\u0107i tonski sustav i strukturu re\u010denica, kako biste pobolj\u0161ali svoje jezi\u010dno znanje uz Talkpal.","breadcrumb":{"@id":"https:\/\/talkpal.ai\/hr\/laoska-gramatika\/#breadcrumb"},"inLanguage":"hr","potentialAction":[{"@type":"ReadAction","target":["https:\/\/talkpal.ai\/hr\/laoska-gramatika\/"]}]},{"@type":"BreadcrumbList","@id":"https:\/\/talkpal.ai\/hr\/laoska-gramatika\/#breadcrumb","itemListElement":[{"@type":"ListItem","position":1,"name":"Homepage","item":"https:\/\/talkpal.ai\/hr\/"},{"@type":"ListItem","position":2,"name":"Laoska gramatika"}]},{"@type":"WebSite","@id":"https:\/\/talkpal.ai\/hr\/#website","url":"https:\/\/talkpal.ai\/hr\/","name":"Talkpal","description":"AI Language Learning","publisher":{"@id":"https:\/\/talkpal.ai\/hr\/#organization"},"alternateName":"Talkpal AI","potentialAction":[{"@type":"SearchAction","target":{"@type":"EntryPoint","urlTemplate":"https:\/\/talkpal.ai\/hr\/?s={search_term_string}"},"query-input":{"@type":"PropertyValueSpecification","valueRequired":true,"valueName":"search_term_string"}}],"inLanguage":"hr"},{"@type":"Organization","@id":"https:\/\/talkpal.ai\/hr\/#organization","name":"Talkpal, Inc.","alternateName":"Talkpal AI","url":"https:\/\/talkpal.ai\/hr\/","logo":{"@type":"ImageObject","inLanguage":"hr","@id":"https:\/\/talkpal.ai\/hr\/#\/schema\/logo\/image\/","url":"https:\/\/talkpal.ai\/wp-content\/uploads\/2024\/03\/Talkpal-Logo-Icon.png","contentUrl":"https:\/\/talkpal.ai\/wp-content\/uploads\/2024\/03\/Talkpal-Logo-Icon.png","width":2880,"height":2880,"caption":"Talkpal, Inc."},"image":{"@id":"https:\/\/talkpal.ai\/hr\/#\/schema\/logo\/image\/"},"sameAs":["https:\/\/www.facebook.com\/profile.php?id=100090733639311","https:\/\/x.com\/talkpalai","https:\/\/www.linkedin.com\/company\/talkpal\/","https:\/\/www.youtube.com\/@TalkPal\/","https:\/\/www.tiktok.com\/@talkpal","https:\/\/www.instagram.com\/talkpal_ai\/","https:\/\/www.crunchbase.com\/organization\/talkpal-9cde","https:\/\/www.g2.com\/products\/talkpal-for-business\/","https:\/\/www.trustpilot.com\/review\/talkpal.ai","https:\/\/www.capterra.com\/p\/10006800\/TalkPal\/"],"description":"Talkpal is a language learning web and mobile education app, powered by the latest AI technologies, that provides engaging experiences to its customers in many different languages to help them improve their language skills. Users can chat about unlimited amount of topics with the app and use other modes to practice their language learning.","email":"support@talkpal.ai","legalName":"Talkpal, Inc.","foundingDate":"2023-04-03","duns":"118989042","numberOfEmployees":{"@type":"QuantitativeValue","minValue":"11","maxValue":"50"},"publishingPrinciples":"https:\/\/talkpal.ai\/publishing-principles\/","actionableFeedbackPolicy":"https:\/\/talkpal.ai\/actionable-feedback-policy\/","correctionsPolicy":"https:\/\/talkpal.ai\/corrections-policy\/","ethicsPolicy":"https:\/\/talkpal.ai\/ethics-policy\/","diversityPolicy":"https:\/\/talkpal.ai\/diversity-policy\/","diversityStaffingReport":"https:\/\/talkpal.ai\/diversity-policy\/"}]}},"_links":{"self":[{"href":"https:\/\/talkpal.ai\/hr\/wp-json\/wp\/v2\/pages\/1468236","targetHints":{"allow":["GET"]}}],"collection":[{"href":"https:\/\/talkpal.ai\/hr\/wp-json\/wp\/v2\/pages"}],"about":[{"href":"https:\/\/talkpal.ai\/hr\/wp-json\/wp\/v2\/types\/page"}],"author":[{"embeddable":true,"href":"https:\/\/talkpal.ai\/hr\/wp-json\/wp\/v2\/users\/20"}],"replies":[{"embeddable":true,"href":"https:\/\/talkpal.ai\/hr\/wp-json\/wp\/v2\/comments?post=1468236"}],"version-history":[{"count":0,"href":"https:\/\/talkpal.ai\/hr\/wp-json\/wp\/v2\/pages\/1468236\/revisions"}],"wp:attachment":[{"href":"https:\/\/talkpal.ai\/hr\/wp-json\/wp\/v2\/media?parent=1468236"}],"curies":[{"name":"wp","href":"https:\/\/api.w.org\/{rel}","templated":true}]}}