{"id":1468195,"date":"2025-11-12T11:25:18","date_gmt":"2025-11-12T11:25:18","guid":{"rendered":"https:\/\/talkpal.ai\/kmerske-gramaticke-vjezbe\/"},"modified":"2025-12-30T14:44:46","modified_gmt":"2025-12-30T14:44:46","slug":"kmerske-gramaticke-vjezbe","status":"publish","type":"page","link":"https:\/\/talkpal.ai\/hr\/kmerske-gramaticke-vjezbe\/","title":{"rendered":"Kmerske gramati\u010dke vje\u017ebe"},"content":{"rendered":"\r\n\r\n\r\n<section class=\"languageChallengeSection\">\r\n    <div class=\"languageInfoWrapper\">\r\n        \r\n        <h1>Kmerske gramati\u010dke vje\u017ebe<\/h1>\r\n        <p>Jeste li spremni zaroniti u kmersku gramatiku? Vje\u017ebanje nekoliko osnova pomo\u0107i \u0107e vam da se ugodno sna\u0111ete s ovim jedinstvenim i prekrasnim jezikom. Isprobajte ove vje\u017ebe kako biste izgradili samopouzdanje i zabavili se usput!<\/p>\r\n\r\n                            <a class=\"getStartedHidden\" href=\"https:\/\/app.talkpal.ai\/hr\/signup?lng=\">Zapo\u010dni<\/a>\r\n        \r\n    <\/div>\r\n\r\n    <figure>\r\n    <img decoding=\"async\" width=\"768\" height=\"768\" src=\"https:\/\/talkpal.ai\/wp-content\/uploads\/2023\/06\/welsh-768x768.png\" class=\"languageImage no-lazy\" alt=\"Language learning for better cognitive abilities\" fetchpriority=\"high\" sizes=\"(max-width: 768px) 150px, 768px\" srcset=\"https:\/\/talkpal.ai\/wp-content\/uploads\/2023\/06\/welsh-768x768.png 768w, https:\/\/talkpal.ai\/wp-content\/uploads\/2023\/06\/welsh-300x300.png 300w\" \/>\r\n    \r\n\r\n    <\/figure>\r\n\r\n            <a class=\"getStartedVisible\" href=\"https:\/\/app.talkpal.ai\/hr\/signup?lng=\">Zapo\u010dni<\/a>\r\n    \r\n<\/section><section class=\"promotionalBanner\">\r\n    <p class=\"promotionalText\">Naju\u010dinkovitiji na\u010din u\u010denja jezika<\/p>\r\n    <a class=\"promotionalLink\" href=\"https:\/\/app.talkpal.ai\/hr\/signup?lng=\">Isprobajte Talkpal besplatno<\/a>\r\n<\/section>\n<div class=\"wp-block-group pageContainerStyle\"><div class=\"wp-block-group__inner-container is-layout-constrained wp-block-group-is-layout-constrained\">\n<h2 class=\"wp-block-heading\" id=\"h-khmer-grammar-topics\">Teme kmerske gramatike<\/h2>\n\n\n\n<p><a href=\"https:\/\/talkpal.ai\/hr\/najvece-pogreske-koje-treba-izbjegavati-pri-ucenju-novog-jezika\/\">U\u010denje novog jezika<\/a> mo\u017ee biti izazovan, ali koristan pothvat. <a href=\"https:\/\/talkpal.ai\/learn-khmer\/\">Kmerski<\/a>, austroazijski jezik koji se uglavnom govori u Kambod\u017ei, nije iznimka. Sa svojom analiti\u010dkom strukturom i prepoznatljivim \u010desticama, <a href=\"https:\/\/talkpal.ai\/hr\/talkpal-za-obrazovanje\/\">u\u010denje<\/a> kmerskog zahtijeva sustavan pristup razumijevanju kako se zna\u010denje gradi bez fleksije. Ovaj vodi\u010d ocrtava klju\u010dna podru\u010dja <a href=\"https:\/\/talkpal.ai\/hr\/kmerska-gramatika\/\">kmerske gramatike<\/a> u logi\u010dnom slijedu za <a href=\"https:\/\/talkpal.ai\/hr\/ai-chatbot-za-ucenje-jezika\/\">u\u010denje jezika<\/a>, po\u010dev\u0161i od osnova kao \u0161to su imenice i \u010dlanovi, i napreduju\u0107i do slo\u017eenijih podru\u010dja poput vremena i konstrukcije re\u010denica.<\/p>\n\n\n\n<h3 class=\"wp-block-heading\" id=\"h-1-nouns\">1. Imenice:<\/h3>\n\n\n\n<p><a href=\"https:\/\/talkpal.ai\/ko\/ai-%ec%96%b8%ec%96%b4-%ea%b5%90%ec%82%ac\/\">Zapo\u010dnite<\/a> svoje kmersko jezi\u010dno putovanje u\u010denjem imenica. To uklju\u010duje razumijevanje uobi\u010dajenih i vlastitih imenica, kako se mno\u017eina \u010desto prikazuje kvantifikatorima, klasifikatorima ili reduplikacijom, a ne fleksijom, te odsutnost gramati\u010dkog roda ili pade\u017ea.<\/p>\n\n\n\n<h3 class=\"wp-block-heading\" id=\"h-2-articles\">2. \u010clanci:<\/h3>\n\n\n\n<p>Kmerski ne koristi odre\u0111ene ili neodre\u0111ene \u010dlanove kao u <a href=\"https:\/\/talkpal.ai\/ai-english-speaking-practice\/\">engleskom<\/a>. Odre\u0111enost se izra\u017eava kroz kontekst ili pokaziva\u010de kao \u0161to su \u1793\u17c1\u17c7 ovo i \u1793\u17c4\u17c7 <a href=\"https:\/\/talkpal.ai\/locations\/language-courses-in-ono\/\">ono<\/a>, dok se neodre\u0111enost mo\u017ee prikazati brojem \u1798\u17bd\u1799 jedan ili rije\u010dima poput \u1798\u17bd\u1799\u1785\u17c6\u1793\u17bd\u1793 neki.<\/p>\n\n\n\n<h3 class=\"wp-block-heading\" id=\"h-3-adjectives\">3. Pridjevi:<\/h3>\n\n\n\n<p>Pridjevi na kmerskom obi\u010dno slijede njihove imenice i mogu funkcionirati kao stativni glagoli u predikatima. Nau\u010dite oznake stupnjeva i usporedbe, kao \u0161to su \u178e\u17b6\u179f\u17cb vrlo, \u1787\u17b6\u1784 za komparativ i \u1787\u17b6\u1784\u1782\u17c1 za superlativ, kao i reduplikaciju za naglasak.<\/p>\n\n\n\n<h3 class=\"wp-block-heading\" id=\"h-4-pronouns-determiners\">4. Zamjenice\/Odrediva\u010di:<\/h3>\n\n\n\n<p>Zamjenice i odrednice bitne su u kmerskom i odra\u017eavaju razinu formalnosti i dru\u0161tvenih odnosa. Ovladajte osobnim zamjenicama, pokaziva\u010dima, kvantifikatorima, brojevima s klasifikatorima i posjedovanjem pomo\u0107u \u179a\u1794\u179f\u17cb ili imenskih imenskih niza za jasnu i odgovaraju\u0107u komunikaciju.<\/p>\n\n\n\n<h3 class=\"wp-block-heading\" id=\"h-5-verbs\">5. Glagoli:<\/h3>\n\n\n\n<p>Kmerski glagoli se ne konjugiraju za osobu ili vrijeme. Aspekt, vrijeme i raspolo\u017eenje prikazani su \u010desticama i prilozima, kao \u0161to su \u1780\u17c6\u1796\u17bb\u1784 progresivno, \u1794\u17b6\u1793 dovr\u0161eno ili pro\u0161lo, \u1793\u17b9\u1784 budu\u0107nost ili namjera, \u1791\u17be\u1794 pravedno i \u178f\u17c2\u1784 uobi\u010dajeno, zajedno sa serijskim glagolskim konstrukcijama i ograni\u010denom upotrebom kopula kao \u0161to su \u1787\u17b6 za klasifikaciju i \u1793\u17c5 za lokaciju.<\/p>\n\n\n\n<h3 class=\"wp-block-heading\" id=\"h-6-tenses\">6. Vrijeme:<\/h3>\n\n\n\n<p>Nakon svladavanja upotrebe glagola, istra\u017eite kako kmerski izra\u017eava vrijeme bez fleksijskih vremena. Sada\u0161njost je \u010desto neozna\u010dena, pro\u0161lost je obi\u010dno ozna\u010dena \u1794\u17b6\u1793 ili vremenskim izrazima, a budu\u0107nost ili namjera je prikazana s \u1793\u17b9\u1784 ili kontekstom, s potpunom nijansom <a href=\"https:\/\/talkpal.ai\/locations\/language-courses-in-koja\/\">koja<\/a> je \u010desto ozna\u010dena s \u17a0\u17be\u1799 ve\u0107.<\/p>\n\n\n\n<h3 class=\"wp-block-heading\" id=\"h-7-tense-comparison\">7. Napeta usporedba:<\/h3>\n\n\n\n<p>Usporedba vremena i aspekta u kmerskom usredoto\u010duje se na \u010destice i priloge, a ne na promjene glagola. Kori\u0161tenje <a href=\"https:\/\/talkpal.ai\/locations\/learn-english-in-istog\/\">istog<\/a> glagola s \u010desticama kao \u0161to su \u1794\u17b6\u1793, \u1793\u17b9\u1784 i \u1780\u17c6\u1796\u17bb\u1784 u razli\u010ditim kontekstima razjasnit \u0107e kako se izra\u017eavaju slijedovi doga\u0111aja.<\/p>\n\n\n\n<h3 class=\"wp-block-heading\" id=\"h-8-progressive\">8. Progresivno:<\/h3>\n\n\n\n<p>Progresivno na kmerskom jeziku koristi se za izra\u017eavanje teku\u0107ih akcija. Nastaje stavljanjem \u1780\u17c6\u1796\u17bb\u1784 ispred glavnog glagola, s opcionalnim \u178f\u17c2 za naglasak, a mo\u017ee se kombinirati s vremenskim izrazima radi jasno\u0107e.<\/p>\n\n\n\n<h3 class=\"wp-block-heading\" id=\"h-9-perfect-progressive\">9. Savr\u0161en progresivan:<\/h3>\n\n\n\n<p>Ovo se koristi za izra\u017eavanje radnji koje su bile u tijeku do odre\u0111ene to\u010dke. Na kmerskom se dosada\u0161nji kontinuitet mo\u017ee prikazati s \u1780\u17c6\u1796\u17bb\u1784 &#8230; \u1798\u1780 ili \u1794\u17b6\u1793 + glagol + \u1798\u1780 zajedno s frazama trajanja, ovisno o kontekstu i naglasku.<\/p>\n\n\n\n<h3 class=\"wp-block-heading\" id=\"h-10-conditionals\">10. Uvjeti:<\/h3>\n\n\n\n<p>Kondicionali izra\u017eavaju hipotetske situacije i ishode. Kmeri obi\u010dno koriste \u1794\u17be ili \u1794\u17d2\u179a\u179f\u17b7\u1793\u1794\u17be za if u klauzuli uvjeta, s rezultatom koji je \u010desto ozna\u010den \u010desticama kao \u0161to je \u1793\u17c4\u17c7 ili odgovaraju\u0107im modalima za nijanse.<\/p>\n\n\n\n<h3 class=\"wp-block-heading\" id=\"h-11-adverbs\">11. Prilozi:<\/h3>\n\n\n\n<p>Prilozi na kmerskom modificiraju glagole, pridjeve ili druge priloge i uklju\u010duju na\u010din, mjesto, vrijeme i stupanj. Polo\u017eaj je fleksibilan, s vremenskim prilozima \u010desto na po\u010detku, \u010desto iza glagola i stupnjem rije\u010di kao \u0161to su \u178e\u17b6\u179f\u17cb i \u1794\u1793\u17d2\u178f\u17b7\u1785 intenzitet oblikovanja.<\/p>\n\n\n\n<h3 class=\"wp-block-heading\" id=\"h-12-prepositions\">12. Prijedlozi:<\/h3>\n\n\n\n<p>Prijedlozi povezuju rije\u010di i fraze kako bi pokazali odnose vremena, mjesta i smjera. Kmerski koristi stavke kao \u0161to su \u1793\u17c5 at ili in, \u1791\u17c5 to, \u1796\u17b8 from i relacijske oblike kao \u0161to su \u1781\u17b6\u1784\u1780\u17d2\u179a\u17c4\u1799 iza i \u179b\u17be on, \u010desto u kombinaciji s imenicama lokacije.<\/p>\n\n\n\n<h3 class=\"wp-block-heading\" id=\"h-13-sentences\">13. Re\u010denice:<\/h3>\n\n\n\n<p>Kona\u010dno, vje\u017ebajte konstruiranje re\u010denica. Kmerski te\u017ei SVO poretku s \u010destim strukturama tema i komentara. Glavni negacija s \u1798\u17b7\u1793 &#8230; \u1791\u17c1 u standardnoj upotrebi i uobi\u010dajenim kolokvijalnim oblicima, imperativi s \u010desticama poput \u179f\u17bc\u1798, i integracija svih prethodno nau\u010denih gramati\u010dkih to\u010daka u kontekst.<\/p>\n<\/div><\/div>\n\r\n<section class=\"learnNavigationSection\">\r\n            \r\n        <a href=\"https:\/\/talkpal.ai\/hr\/naucite-velski\/\">\r\n            <div class=\"learnNavigationWrapper\">\r\n                <div class=\"learnNavigationContent\">\r\n                    <img decoding=\"async\" src=\"https:\/\/talkpal.ai\/wp-content\/uploads\/2025\/11\/Khmer.png\" alt=\"Cambodian Flag\">\r\n                    <div>\r\n                        <h4>O kmerskom u\u010denju<\/h4>\r\n                        <p>Saznajte sve o kmerskoj gramatici.<\/p>\r\n                    <\/div>\r\n                <\/div>\r\n            <\/div>\r\n        <\/a>\r\n\r\n        \r\n        <a href=\"https:\/\/talkpal.ai\/hr\/kmerska-gramatika\/\">\r\n            <div class=\"learnNavigationWrapper\">\r\n                <div class=\"learnNavigationContent\">\r\n                    <img decoding=\"async\" src=\"https:\/\/talkpal.ai\/wp-content\/uploads\/2025\/11\/Khmer.png\" alt=\"Cambodian Flag\">\r\n                    <div>\r\n                        <h4>Lekcije kmerske gramatike<\/h4>\r\n                        <p>Vje\u017ebajte kmersku gramatiku.<\/p>\r\n                    <\/div>\r\n                <\/div>\r\n            <\/div>\r\n        <\/a>\r\n\r\n            <\/section>","protected":false},"excerpt":{"rendered":"<p>Teme kmerske gramatike U\u010denje novog jezika mo\u017ee biti izazovan, ali koristan pothvat. Kmerski, austroazijski jezik koji se uglavnom govori u Kambod\u017ei, nije iznimka. Sa svojom analiti\u010dkom strukturom i prepoznatljivim \u010desticama, u\u010denje kmerskog zahtijeva sustavan pristup razumijevanju kako se zna\u010denje gradi bez fleksije. Ovaj vodi\u010d ocrtava klju\u010dna podru\u010dja kmerske gramatike u logi\u010dnom slijedu za u\u010denje jezika, [&hellip;]<\/p>\n","protected":false},"author":20,"featured_media":0,"parent":0,"menu_order":0,"comment_status":"closed","ping_status":"closed","template":"LearningContentPage.php","meta":{"_acf_changed":false,"footnotes":""},"class_list":["post-1468195","page","type-page","status-publish","hentry"],"acf":[],"yoast_head":"<!-- This site is optimized with the Yoast SEO Premium plugin v27.2 (Yoast SEO v27.2) - https:\/\/yoast.com\/product\/yoast-seo-premium-wordpress\/ -->\n<title>Kmerske gramati\u010dke vje\u017ebe - Talkpal<\/title>\n<meta name=\"description\" content=\"Pobolj\u0161ajte svoje znanje interaktivnim kmerskim gramati\u010dkim vje\u017ebama osmi\u0161ljenim da vam pomognu da govorite i pi\u0161ete s povjerenjem.\" \/>\n<meta name=\"robots\" content=\"index, follow, max-snippet:-1, max-image-preview:large, max-video-preview:-1\" \/>\n<link rel=\"canonical\" href=\"https:\/\/talkpal.ai\/hr\/kmerske-gramaticke-vjezbe\/\" \/>\n<meta property=\"og:locale\" content=\"hr_HR\" \/>\n<meta property=\"og:type\" content=\"article\" \/>\n<meta property=\"og:title\" content=\"Kmerske gramati\u010dke vje\u017ebe\" \/>\n<meta property=\"og:description\" content=\"Teme kmerske gramatike U\u010denje novog jezika mo\u017ee biti izazovan, ali koristan pothvat. Kmerski, austroazijski jezik koji se uglavnom govori u Kambod\u017ei, nije\" \/>\n<meta property=\"og:url\" content=\"https:\/\/talkpal.ai\/hr\/kmerske-gramaticke-vjezbe\/\" \/>\n<meta property=\"og:site_name\" content=\"Talkpal\" \/>\n<meta property=\"article:publisher\" content=\"https:\/\/www.facebook.com\/profile.php?id=100090733639311\" \/>\n<meta property=\"article:modified_time\" content=\"2025-12-30T14:44:46+00:00\" \/>\n<meta property=\"og:image\" content=\"https:\/\/talkpal.ai\/wp-content\/uploads\/2025\/02\/Progress-tab-16_9.png\" \/>\n\t<meta property=\"og:image:width\" content=\"2880\" \/>\n\t<meta property=\"og:image:height\" content=\"1620\" \/>\n\t<meta property=\"og:image:type\" content=\"image\/png\" \/>\n<meta name=\"twitter:card\" content=\"summary_large_image\" \/>\n<meta name=\"twitter:site\" content=\"@talkpalai\" \/>\n<meta name=\"twitter:label1\" content=\"Procijenjeno vrijeme \u010ditanja\" \/>\n\t<meta name=\"twitter:data1\" content=\"3 minute\" \/>\n<script type=\"application\/ld+json\" class=\"yoast-schema-graph\">{\"@context\":\"https:\/\/schema.org\",\"@graph\":[{\"@type\":\"WebPage\",\"@id\":\"https:\/\/talkpal.ai\/hr\/kmerske-gramaticke-vjezbe\/\",\"url\":\"https:\/\/talkpal.ai\/hr\/kmerske-gramaticke-vjezbe\/\",\"name\":\"Kmerske gramati\u010dke vje\u017ebe - Talkpal\",\"isPartOf\":{\"@id\":\"https:\/\/talkpal.ai\/hr\/#website\"},\"datePublished\":\"2025-11-12T11:25:18+00:00\",\"dateModified\":\"2025-12-30T14:44:46+00:00\",\"description\":\"Pobolj\u0161ajte svoje znanje interaktivnim kmerskim gramati\u010dkim vje\u017ebama osmi\u0161ljenim da vam pomognu da govorite i pi\u0161ete s povjerenjem.\",\"breadcrumb\":{\"@id\":\"https:\/\/talkpal.ai\/hr\/kmerske-gramaticke-vjezbe\/#breadcrumb\"},\"inLanguage\":\"hr\",\"potentialAction\":[{\"@type\":\"ReadAction\",\"target\":[\"https:\/\/talkpal.ai\/hr\/kmerske-gramaticke-vjezbe\/\"]}]},{\"@type\":\"BreadcrumbList\",\"@id\":\"https:\/\/talkpal.ai\/hr\/kmerske-gramaticke-vjezbe\/#breadcrumb\",\"itemListElement\":[{\"@type\":\"ListItem\",\"position\":1,\"name\":\"Homepage\",\"item\":\"https:\/\/talkpal.ai\/hr\/\"},{\"@type\":\"ListItem\",\"position\":2,\"name\":\"Kmerske gramati\u010dke vje\u017ebe\"}]},{\"@type\":\"WebSite\",\"@id\":\"https:\/\/talkpal.ai\/hr\/#website\",\"url\":\"https:\/\/talkpal.ai\/hr\/\",\"name\":\"Talkpal\",\"description\":\"AI Language Learning\",\"publisher\":{\"@id\":\"https:\/\/talkpal.ai\/hr\/#organization\"},\"alternateName\":\"Talkpal AI\",\"potentialAction\":[{\"@type\":\"SearchAction\",\"target\":{\"@type\":\"EntryPoint\",\"urlTemplate\":\"https:\/\/talkpal.ai\/hr\/?s={search_term_string}\"},\"query-input\":{\"@type\":\"PropertyValueSpecification\",\"valueRequired\":true,\"valueName\":\"search_term_string\"}}],\"inLanguage\":\"hr\"},{\"@type\":\"Organization\",\"@id\":\"https:\/\/talkpal.ai\/hr\/#organization\",\"name\":\"Talkpal, Inc.\",\"alternateName\":\"Talkpal AI\",\"url\":\"https:\/\/talkpal.ai\/hr\/\",\"logo\":{\"@type\":\"ImageObject\",\"inLanguage\":\"hr\",\"@id\":\"https:\/\/talkpal.ai\/hr\/#\/schema\/logo\/image\/\",\"url\":\"https:\/\/talkpal.ai\/wp-content\/uploads\/2024\/03\/Talkpal-Logo-Icon.png\",\"contentUrl\":\"https:\/\/talkpal.ai\/wp-content\/uploads\/2024\/03\/Talkpal-Logo-Icon.png\",\"width\":2880,\"height\":2880,\"caption\":\"Talkpal, Inc.\"},\"image\":{\"@id\":\"https:\/\/talkpal.ai\/hr\/#\/schema\/logo\/image\/\"},\"sameAs\":[\"https:\/\/www.facebook.com\/profile.php?id=100090733639311\",\"https:\/\/x.com\/talkpalai\",\"https:\/\/www.linkedin.com\/company\/talkpal\/\",\"https:\/\/www.youtube.com\/@TalkPal\/\",\"https:\/\/www.tiktok.com\/@talkpal\",\"https:\/\/www.instagram.com\/talkpal_ai\/\",\"https:\/\/www.crunchbase.com\/organization\/talkpal-9cde\",\"https:\/\/www.g2.com\/products\/talkpal-for-business\/\",\"https:\/\/www.trustpilot.com\/review\/talkpal.ai\",\"https:\/\/www.capterra.com\/p\/10006800\/TalkPal\/\"],\"description\":\"Talkpal is a language learning web and mobile education app, powered by the latest AI technologies, that provides engaging experiences to its customers in many different languages to help them improve their language skills. Users can chat about unlimited amount of topics with the app and use other modes to practice their language learning.\",\"email\":\"support@talkpal.ai\",\"legalName\":\"Talkpal, Inc.\",\"foundingDate\":\"2023-04-03\",\"duns\":\"118989042\",\"numberOfEmployees\":{\"@type\":\"QuantitativeValue\",\"minValue\":\"11\",\"maxValue\":\"50\"},\"publishingPrinciples\":\"https:\/\/talkpal.ai\/publishing-principles\/\",\"actionableFeedbackPolicy\":\"https:\/\/talkpal.ai\/actionable-feedback-policy\/\",\"correctionsPolicy\":\"https:\/\/talkpal.ai\/corrections-policy\/\",\"ethicsPolicy\":\"https:\/\/talkpal.ai\/ethics-policy\/\",\"diversityPolicy\":\"https:\/\/talkpal.ai\/diversity-policy\/\",\"diversityStaffingReport\":\"https:\/\/talkpal.ai\/diversity-policy\/\"}]}<\/script>\n<!-- \/ Yoast SEO Premium plugin. -->","yoast_head_json":{"title":"Kmerske gramati\u010dke vje\u017ebe - Talkpal","description":"Pobolj\u0161ajte svoje znanje interaktivnim kmerskim gramati\u010dkim vje\u017ebama osmi\u0161ljenim da vam pomognu da govorite i pi\u0161ete s povjerenjem.","robots":{"index":"index","follow":"follow","max-snippet":"max-snippet:-1","max-image-preview":"max-image-preview:large","max-video-preview":"max-video-preview:-1"},"canonical":"https:\/\/talkpal.ai\/hr\/kmerske-gramaticke-vjezbe\/","og_locale":"hr_HR","og_type":"article","og_title":"Kmerske gramati\u010dke vje\u017ebe","og_description":"Teme kmerske gramatike U\u010denje novog jezika mo\u017ee biti izazovan, ali koristan pothvat. Kmerski, austroazijski jezik koji se uglavnom govori u Kambod\u017ei, nije","og_url":"https:\/\/talkpal.ai\/hr\/kmerske-gramaticke-vjezbe\/","og_site_name":"Talkpal","article_publisher":"https:\/\/www.facebook.com\/profile.php?id=100090733639311","article_modified_time":"2025-12-30T14:44:46+00:00","og_image":[{"width":2880,"height":1620,"url":"https:\/\/talkpal.ai\/wp-content\/uploads\/2025\/02\/Progress-tab-16_9.png","type":"image\/png"}],"twitter_card":"summary_large_image","twitter_site":"@talkpalai","twitter_misc":{"Procijenjeno vrijeme \u010ditanja":"3 minute"},"schema":{"@context":"https:\/\/schema.org","@graph":[{"@type":"WebPage","@id":"https:\/\/talkpal.ai\/hr\/kmerske-gramaticke-vjezbe\/","url":"https:\/\/talkpal.ai\/hr\/kmerske-gramaticke-vjezbe\/","name":"Kmerske gramati\u010dke vje\u017ebe - Talkpal","isPartOf":{"@id":"https:\/\/talkpal.ai\/hr\/#website"},"datePublished":"2025-11-12T11:25:18+00:00","dateModified":"2025-12-30T14:44:46+00:00","description":"Pobolj\u0161ajte svoje znanje interaktivnim kmerskim gramati\u010dkim vje\u017ebama osmi\u0161ljenim da vam pomognu da govorite i pi\u0161ete s povjerenjem.","breadcrumb":{"@id":"https:\/\/talkpal.ai\/hr\/kmerske-gramaticke-vjezbe\/#breadcrumb"},"inLanguage":"hr","potentialAction":[{"@type":"ReadAction","target":["https:\/\/talkpal.ai\/hr\/kmerske-gramaticke-vjezbe\/"]}]},{"@type":"BreadcrumbList","@id":"https:\/\/talkpal.ai\/hr\/kmerske-gramaticke-vjezbe\/#breadcrumb","itemListElement":[{"@type":"ListItem","position":1,"name":"Homepage","item":"https:\/\/talkpal.ai\/hr\/"},{"@type":"ListItem","position":2,"name":"Kmerske gramati\u010dke vje\u017ebe"}]},{"@type":"WebSite","@id":"https:\/\/talkpal.ai\/hr\/#website","url":"https:\/\/talkpal.ai\/hr\/","name":"Talkpal","description":"AI Language Learning","publisher":{"@id":"https:\/\/talkpal.ai\/hr\/#organization"},"alternateName":"Talkpal AI","potentialAction":[{"@type":"SearchAction","target":{"@type":"EntryPoint","urlTemplate":"https:\/\/talkpal.ai\/hr\/?s={search_term_string}"},"query-input":{"@type":"PropertyValueSpecification","valueRequired":true,"valueName":"search_term_string"}}],"inLanguage":"hr"},{"@type":"Organization","@id":"https:\/\/talkpal.ai\/hr\/#organization","name":"Talkpal, Inc.","alternateName":"Talkpal AI","url":"https:\/\/talkpal.ai\/hr\/","logo":{"@type":"ImageObject","inLanguage":"hr","@id":"https:\/\/talkpal.ai\/hr\/#\/schema\/logo\/image\/","url":"https:\/\/talkpal.ai\/wp-content\/uploads\/2024\/03\/Talkpal-Logo-Icon.png","contentUrl":"https:\/\/talkpal.ai\/wp-content\/uploads\/2024\/03\/Talkpal-Logo-Icon.png","width":2880,"height":2880,"caption":"Talkpal, Inc."},"image":{"@id":"https:\/\/talkpal.ai\/hr\/#\/schema\/logo\/image\/"},"sameAs":["https:\/\/www.facebook.com\/profile.php?id=100090733639311","https:\/\/x.com\/talkpalai","https:\/\/www.linkedin.com\/company\/talkpal\/","https:\/\/www.youtube.com\/@TalkPal\/","https:\/\/www.tiktok.com\/@talkpal","https:\/\/www.instagram.com\/talkpal_ai\/","https:\/\/www.crunchbase.com\/organization\/talkpal-9cde","https:\/\/www.g2.com\/products\/talkpal-for-business\/","https:\/\/www.trustpilot.com\/review\/talkpal.ai","https:\/\/www.capterra.com\/p\/10006800\/TalkPal\/"],"description":"Talkpal is a language learning web and mobile education app, powered by the latest AI technologies, that provides engaging experiences to its customers in many different languages to help them improve their language skills. Users can chat about unlimited amount of topics with the app and use other modes to practice their language learning.","email":"support@talkpal.ai","legalName":"Talkpal, Inc.","foundingDate":"2023-04-03","duns":"118989042","numberOfEmployees":{"@type":"QuantitativeValue","minValue":"11","maxValue":"50"},"publishingPrinciples":"https:\/\/talkpal.ai\/publishing-principles\/","actionableFeedbackPolicy":"https:\/\/talkpal.ai\/actionable-feedback-policy\/","correctionsPolicy":"https:\/\/talkpal.ai\/corrections-policy\/","ethicsPolicy":"https:\/\/talkpal.ai\/ethics-policy\/","diversityPolicy":"https:\/\/talkpal.ai\/diversity-policy\/","diversityStaffingReport":"https:\/\/talkpal.ai\/diversity-policy\/"}]}},"_links":{"self":[{"href":"https:\/\/talkpal.ai\/hr\/wp-json\/wp\/v2\/pages\/1468195","targetHints":{"allow":["GET"]}}],"collection":[{"href":"https:\/\/talkpal.ai\/hr\/wp-json\/wp\/v2\/pages"}],"about":[{"href":"https:\/\/talkpal.ai\/hr\/wp-json\/wp\/v2\/types\/page"}],"author":[{"embeddable":true,"href":"https:\/\/talkpal.ai\/hr\/wp-json\/wp\/v2\/users\/20"}],"replies":[{"embeddable":true,"href":"https:\/\/talkpal.ai\/hr\/wp-json\/wp\/v2\/comments?post=1468195"}],"version-history":[{"count":0,"href":"https:\/\/talkpal.ai\/hr\/wp-json\/wp\/v2\/pages\/1468195\/revisions"}],"wp:attachment":[{"href":"https:\/\/talkpal.ai\/hr\/wp-json\/wp\/v2\/media?parent=1468195"}],"curies":[{"name":"wp","href":"https:\/\/api.w.org\/{rel}","templated":true}]}}