{"id":146498,"date":"2023-05-14T14:11:00","date_gmt":"2023-05-14T14:11:00","guid":{"rendered":"http:\/\/talkpal.ai\/kazahstanska-gramatika\/"},"modified":"2025-12-17T17:35:34","modified_gmt":"2025-12-17T17:35:34","slug":"kazahstanska-gramatika","status":"publish","type":"page","link":"https:\/\/talkpal.ai\/hr\/kazahstanska-gramatika\/","title":{"rendered":"Kazahstanska gramatika"},"content":{"rendered":"\r\n\r\n\r\n<section class=\"languageChallengeSection\">\r\n    <div class=\"languageInfoWrapper\">\r\n        \r\n        <h1>Kazahstanska gramatika<\/h1>\r\n        <p>U\u010denje kaza\u0161kog otvara vrata jeziku bogatom povije\u0161\u0107u i kulturom, a u njegovoj sr\u017ei le\u017ei fascinantan gramati\u010dki sustav. Iako se kaza\u0161ka <a href=\"https:\/\/talkpal.ai\/sq\/gramatika\/\">gramatika<\/a> na prvi pogled mo\u017ee \u010diniti slo\u017eenom, razumijevanje njezinih temeljnih zna\u010dajki &#8211; poput samoglasni\u010dke harmonije, pade\u017ea imenica i glagolskih vremena &#8211; \u010dini savladavanje jezika i ostvarivim i korisnim. Zaronite i otkrijte \u0161to Kazahstan \u010dini jedinstvenim!<\/p>\r\n\r\n                            <a class=\"getStartedHidden\" href=\"https:\/\/app.talkpal.ai\/hr\/signup?lng=\">Zapo\u010dni<\/a>\r\n        \r\n    <\/div>\r\n\r\n    <figure>\r\n    <img decoding=\"async\" width=\"768\" height=\"768\" src=\"https:\/\/talkpal.ai\/wp-content\/uploads\/2023\/06\/Khazak-768x768.png\" class=\"languageImage no-lazy\" alt=\"Language learning for increased negotiation skills\" fetchpriority=\"high\" sizes=\"(max-width: 768px) 150px, 768px\" srcset=\"https:\/\/talkpal.ai\/wp-content\/uploads\/2023\/06\/Khazak-768x768.png 768w, https:\/\/talkpal.ai\/wp-content\/uploads\/2023\/06\/Khazak-300x300.png 300w\" \/>\r\n    \r\n\r\n    <\/figure>\r\n\r\n            <a class=\"getStartedVisible\" href=\"https:\/\/app.talkpal.ai\/hr\/signup?lng=\">Zapo\u010dni<\/a>\r\n    \r\n<\/section>\r\n<section class=\"promotionalBanner\">\r\n    <p class=\"promotionalText\">Naju\u010dinkovitiji na\u010din u\u010denja jezika<\/p>\r\n    <a class=\"promotionalLink\" href=\"https:\/\/app.talkpal.ai\/hr\/signup?lng=\">Isprobajte Talkpal besplatno<\/a>\r\n<\/section>\n<div class=\"wp-block-group pageContainerStyle\"><div class=\"wp-block-group__inner-container is-layout-constrained wp-block-group-is-layout-constrained\">\n<h2 class=\"wp-block-heading\" id=\"h-kazakh-grammar-unlocking-the-secrets-of-the-kazakh-language\">Kazahstanska gramatika: Otklju\u010davanje tajni kazahstanskog jezika<\/h2>\n\n\n\n<p>Kada je rije\u010d o u\u010denju kazahstanskog jezika, razumijevanje osnova kazahstanske gramatike klju\u010dno je za otklju\u010davanje njegovih tajni. Iako se u po\u010detku mo\u017ee \u010diniti zastra\u0161uju\u0107im, gramati\u010dki sustav mo\u017ee se pohvaliti jedinstvenim zna\u010dajkama koje jezik \u010dine fascinantnim. Ovaj \u010dlanak nastoji rasvijetliti klju\u010dne aspekte kaza\u0161ke gramatike, pru\u017eaju\u0107i razgovorni i neslu\u017ebeni uvod u bogatu strukturu jezika.<\/p>\n\n\n\n<h3 class=\"wp-block-heading\" id=\"h-1-nouns-harmony-in-cases-and-declensions\">1. Imenice &#8211; Sklad u slu\u010dajevima i deklinacijama<\/h3>\n\n\n\n<p>Jedna od prvih stvari koje treba razmotriti u kaza\u0161koj gramatici je struktura imenice. Jezik koristi sustav harmonije samoglasnika, gdje su samoglasnici sprijeda ili straga, a preferiraju se skladne kombinacije. Ovaj se sustav povezuje s imeni\u010dkim mno\u017einnama, koje se formiraju kroz razli\u010dite sufikse koji odgovaraju harmonijskoj skupini po\u010detne imenice.<\/p>\n\n\n\n<p>Kazahstanske imenice pridr\u017eavaju se sedam slu\u010dajeva: nominativnih, genitivnih, dativnih, akuzativnih, lokativnih, ablativnih i instrumentalnih. Iako zastra\u0161uju\u0107e u po\u010detku, ovladavanje tim slu\u010dajevima klju\u010dno je za formiranje to\u010dnih struktura re\u010denica. Slu\u010dajevi odre\u0111uju odnose izme\u0111u rije\u010di, omogu\u0107uju\u0107i fleksibilnost u redoslijedu rije\u010di bez gubitka zna\u010denja.<\/p>\n\n\n\n<h3 class=\"wp-block-heading\" id=\"h-2-adjectives-agreement-and-comparison\">2. Pridjevi \u2013 Sporazum i usporedba<\/h3>\n\n\n\n<p>Kazahstanski pridjevi koriste se za opisivanje i pru\u017eanje vi\u0161e informacija o imenicama. Moraju se slo\u017eiti s imenicom koju mijenjaju u smislu slu\u010daja i broja. Osim toga, pridjevi se mogu usporediti pomo\u0107u usporednih i superlativnih stupnjeva, koji se posti\u017eu dodavanjem odgovaraju\u0107ih sufiksa, kako bi se prenijele razli\u010dite razine naglaska.<\/p>\n\n\n\n<p>Na primjer, rije\u010d za &#8220;lijep&#8221; na kaza\u0161kom je &#8220;sy\u04a3\u0161y&#8221;. Kada se opisuje prekrasan vrt (ba\u049b), izraz bi bio &#8220;sy\u04a3\u0161y ba\u049b.&#8221; Da biste rekli &#8220;ljep\u0161i&#8221;, upotrijebili biste &#8220;sy\u04a3\u0161yra\u049b&#8221;, dok biste &#8220;najljep\u0161i&#8221; formirali pomo\u0107u &#8220;sy\u04a3\u0161y&#8221;. Da biste rekli &#8220;najljep\u0161i vrt&#8221;, upotrijebili biste &#8220;sy\u04a3\u0161y ba\u049b.&#8221;<\/p>\n\n\n\n<h3 class=\"wp-block-heading\" id=\"h-3-verbs-tense-mood-and-aspect\">3. Glagoli &#8211; Vrijeme, raspolo\u017eenje i aspekt<\/h3>\n\n\n\n<p>Glagoli u kazahstanskom prikazuju vrijeme, raspolo\u017eenje i aspekt. Jezik sadr\u017ei tri glavna vremena: pro\u0161lo, sada\u0161nje i budu\u0107e. Svako vrijeme ima razli\u010dite oblike koji se temelje na zamjenici subjekta, raspolo\u017eenju (kao \u0161to je <a href=\"https:\/\/talkpal.ai\/ja\/grammar_exercises\/imperatif-%e3%83%95%e3%83%a9%e3%83%b3%e3%82%b9%e3%81%ae%e6%96%87%e6%b3%95%e3%81%ae%e3%81%9f%e3%82%81%e3%81%ae%e6%bc%94%e7%bf%92\/\">imperativ<\/a> ili uvjetno) i aspektu (bilo da je radnja savr\u0161ena, odra\u017eava dovr\u0161enu radnju ili nesavr\u0161ena, \u0161to ukazuje na teku\u0107e ili uobi\u010dajeno djelovanje).<\/p>\n\n\n\n<h3 class=\"wp-block-heading\" id=\"h-4-pronouns-personal-and-demonstrative\">4. Zamjenice \u2013 osobne i demonstrativne<\/h3>\n\n\n\n<p>Zamjenice u kazahstanskoj gramatici uklju\u010duju osobne, posesivne, demonstrativne, upitne i relativne sorte. Moraju se dogovoriti u slu\u010daju i broju s imenicom na koju se pozivaju ili zamjenjuju. Demonstrativne zamjenice, na primjer, imaju tri oblika: proksimalne (\u0431\u04b1\u043b), medijalne (\u043e\u0441\u044b) i distalne (\u0430\u043d\u0430\u0443), ovisno o udaljenosti do govornika.<\/p>\n\n\n\n<h3 class=\"wp-block-heading\" id=\"h-5-embracing-the-uniqueness-of-kazakh-grammar\">5. Prihva\u0107anje jedinstvenosti kazahstanske gramatike<\/h3>\n\n\n\n<p>Dok kre\u0107ete na svoje putovanje kaza\u0161kim jezikom, zapamtite da se ne radi o savladavanju svih nijansi odjednom. U\u017eivajte u otkrivanju jedinstvenog gramati\u010dkog sustava koji izdvaja Kazahstan i treba vremena da ga shvatite bez osje\u0107aja preoptere\u0107enosti.<\/p>\n\n\n\n<p>Cijene\u0107i i istra\u017euju\u0107i osobitosti kaza\u0161ke gramatike, mo\u017eete doista otkriti ljepotu jezika, dobivaju\u0107i bolji pristup bogatoj kulturnoj ba\u0161tini koju utjelovljuje. \u0421\u04d9\u0442\u0442\u0456 \u043e\u049b\u0443 \u2013 Sretno u\u010denje!<\/p>\n<\/div><\/div>\n\r\n<section class=\"learnNavigationSection\">\r\n            \r\n        <a href=\"https:\/\/talkpal.ai\/hr\/ucite-kazahstanski\/\">\r\n            <div class=\"learnNavigationWrapper\">\r\n                <div class=\"learnNavigationContent\">\r\n                    <img decoding=\"async\" src=\"https:\/\/talkpal.ai\/wp-content\/uploads\/2024\/08\/Kazakh.jpg\" alt=\"Kazakh Flag\">\r\n                    <div>\r\n                        <h4>O u\u010denju kazahstanskog<\/h4>\r\n                        <p>Saznajte sve o kazahstanskoj gramatici.<\/p>\r\n                    <\/div>\r\n                <\/div>\r\n            <\/div>\r\n        <\/a>\r\n\r\n        \r\n        <a href=\"https:\/\/talkpal.ai\/hr\/kazahstanske-gramaticke-vjezbe\/\">\r\n            <div class=\"learnNavigationWrapper\">\r\n                <div class=\"learnNavigationContent\">\r\n                    <img decoding=\"async\" src=\"https:\/\/talkpal.ai\/wp-content\/uploads\/2024\/08\/Kazakh.jpg\" alt=\"Kazakh Flag\">\r\n                    <div>\r\n                        <h4>Gramati\u010dka vje\u017eba kaza\u0161kog<\/h4>\r\n                        <p>Vje\u017ebajte kazahstansku gramatiku.<\/p>\r\n                    <\/div>\r\n                <\/div>\r\n            <\/div>\r\n        <\/a>\r\n\r\n        \r\n        <a href=\"https:\/\/talkpal.ai\/vocabulary_language\/kazakh\/\">\r\n            <div class=\"learnNavigationWrapper\">\r\n                <div class=\"learnNavigationContent\">\r\n                    <img decoding=\"async\" src=\"https:\/\/talkpal.ai\/wp-content\/uploads\/2024\/08\/Kazakh.jpg\" alt=\"Kazakh Flag\">\r\n                    <div>\r\n                        <h4>Kaza\u0161ki rje\u010dnik<\/h4>\r\n                        <p>Pro\u0161irite svoj vokabular kaza\u0161kog.<\/p>\r\n                    <\/div>\r\n                <\/div>\r\n            <\/div>\r\n        <\/a>\r\n\r\n            <\/section>","protected":false},"excerpt":{"rendered":"<p>Kazahstanska gramatika: Otklju\u010davanje tajni kazahstanskog jezika Kada je rije\u010d o u\u010denju kazahstanskog jezika, razumijevanje osnova kazahstanske gramatike klju\u010dno je za otklju\u010davanje njegovih tajni. Iako se u po\u010detku mo\u017ee \u010diniti zastra\u0161uju\u0107im, gramati\u010dki sustav mo\u017ee se pohvaliti jedinstvenim zna\u010dajkama koje jezik \u010dine fascinantnim. Ovaj \u010dlanak nastoji rasvijetliti klju\u010dne aspekte kaza\u0161ke gramatike, pru\u017eaju\u0107i razgovorni i neslu\u017ebeni uvod u [&hellip;]<\/p>\n","protected":false},"author":1,"featured_media":114181,"parent":0,"menu_order":0,"comment_status":"closed","ping_status":"closed","template":"LearningContentPage.php","meta":{"_acf_changed":false,"footnotes":""},"class_list":["post-146498","page","type-page","status-publish","has-post-thumbnail","hentry"],"acf":[],"yoast_head":"<!-- This site is optimized with the Yoast SEO Premium plugin v27.2 (Yoast SEO v27.2) - https:\/\/yoast.com\/product\/yoast-seo-premium-wordpress\/ -->\n<title>Kazahstanska gramatika - Talkpal<\/title>\n<meta name=\"description\" content=\"Bez napora savladajte kaza\u0161ku gramatiku - nau\u010dite osnovna pravila, vje\u017ebajte strukturu re\u010denica i brzo pobolj\u0161ajte svoju te\u010dnost\" \/>\n<meta name=\"robots\" content=\"index, follow, max-snippet:-1, max-image-preview:large, max-video-preview:-1\" \/>\n<link rel=\"canonical\" href=\"https:\/\/talkpal.ai\/hr\/kazahstanska-gramatika\/\" \/>\n<meta property=\"og:locale\" content=\"hr_HR\" \/>\n<meta property=\"og:type\" content=\"article\" \/>\n<meta property=\"og:title\" content=\"Kazahstanska gramatika\" \/>\n<meta property=\"og:description\" content=\"Kazahstanska gramatika: Otklju\u010davanje tajni kazahstanskog jezika Kada je rije\u010d o u\u010denju kazahstanskog jezika, razumijevanje osnova kazahstanske gramatike\" \/>\n<meta property=\"og:url\" content=\"https:\/\/talkpal.ai\/hr\/kazahstanska-gramatika\/\" \/>\n<meta property=\"og:site_name\" content=\"Talkpal\" \/>\n<meta property=\"article:publisher\" content=\"https:\/\/www.facebook.com\/profile.php?id=100090733639311\" \/>\n<meta property=\"article:modified_time\" content=\"2025-12-17T17:35:34+00:00\" \/>\n<meta property=\"og:image\" content=\"https:\/\/talkpal.ai\/wp-content\/uploads\/2023\/05\/kazakhstan.png\" \/>\n\t<meta property=\"og:image:width\" content=\"512\" \/>\n\t<meta property=\"og:image:height\" content=\"512\" \/>\n\t<meta property=\"og:image:type\" content=\"image\/png\" \/>\n<meta name=\"twitter:card\" content=\"summary_large_image\" \/>\n<meta name=\"twitter:site\" content=\"@talkpalai\" \/>\n<meta name=\"twitter:label1\" content=\"Procijenjeno vrijeme \u010ditanja\" \/>\n\t<meta name=\"twitter:data1\" content=\"3 minute\" \/>\n<script type=\"application\/ld+json\" class=\"yoast-schema-graph\">{\"@context\":\"https:\/\/schema.org\",\"@graph\":[{\"@type\":\"WebPage\",\"@id\":\"https:\/\/talkpal.ai\/hr\/kazahstanska-gramatika\/\",\"url\":\"https:\/\/talkpal.ai\/hr\/kazahstanska-gramatika\/\",\"name\":\"Kazahstanska gramatika - Talkpal\",\"isPartOf\":{\"@id\":\"https:\/\/talkpal.ai\/hr\/#website\"},\"primaryImageOfPage\":{\"@id\":\"https:\/\/talkpal.ai\/hr\/kazahstanska-gramatika\/#primaryimage\"},\"image\":{\"@id\":\"https:\/\/talkpal.ai\/hr\/kazahstanska-gramatika\/#primaryimage\"},\"thumbnailUrl\":\"https:\/\/talkpal.ai\/wp-content\/uploads\/2023\/05\/kazakhstan.png\",\"datePublished\":\"2023-05-14T14:11:00+00:00\",\"dateModified\":\"2025-12-17T17:35:34+00:00\",\"description\":\"Bez napora savladajte kaza\u0161ku gramatiku - nau\u010dite osnovna pravila, vje\u017ebajte strukturu re\u010denica i brzo pobolj\u0161ajte svoju te\u010dnost\",\"breadcrumb\":{\"@id\":\"https:\/\/talkpal.ai\/hr\/kazahstanska-gramatika\/#breadcrumb\"},\"inLanguage\":\"hr\",\"potentialAction\":[{\"@type\":\"ReadAction\",\"target\":[\"https:\/\/talkpal.ai\/hr\/kazahstanska-gramatika\/\"]}]},{\"@type\":\"ImageObject\",\"inLanguage\":\"hr\",\"@id\":\"https:\/\/talkpal.ai\/hr\/kazahstanska-gramatika\/#primaryimage\",\"url\":\"https:\/\/talkpal.ai\/wp-content\/uploads\/2023\/05\/kazakhstan.png\",\"contentUrl\":\"https:\/\/talkpal.ai\/wp-content\/uploads\/2023\/05\/kazakhstan.png\",\"width\":512,\"height\":512},{\"@type\":\"BreadcrumbList\",\"@id\":\"https:\/\/talkpal.ai\/hr\/kazahstanska-gramatika\/#breadcrumb\",\"itemListElement\":[{\"@type\":\"ListItem\",\"position\":1,\"name\":\"Homepage\",\"item\":\"https:\/\/talkpal.ai\/hr\/\"},{\"@type\":\"ListItem\",\"position\":2,\"name\":\"Kazahstanska gramatika\"}]},{\"@type\":\"WebSite\",\"@id\":\"https:\/\/talkpal.ai\/hr\/#website\",\"url\":\"https:\/\/talkpal.ai\/hr\/\",\"name\":\"Talkpal\",\"description\":\"AI Language Learning\",\"publisher\":{\"@id\":\"https:\/\/talkpal.ai\/hr\/#organization\"},\"alternateName\":\"Talkpal AI\",\"potentialAction\":[{\"@type\":\"SearchAction\",\"target\":{\"@type\":\"EntryPoint\",\"urlTemplate\":\"https:\/\/talkpal.ai\/hr\/?s={search_term_string}\"},\"query-input\":{\"@type\":\"PropertyValueSpecification\",\"valueRequired\":true,\"valueName\":\"search_term_string\"}}],\"inLanguage\":\"hr\"},{\"@type\":\"Organization\",\"@id\":\"https:\/\/talkpal.ai\/hr\/#organization\",\"name\":\"Talkpal, Inc.\",\"alternateName\":\"Talkpal AI\",\"url\":\"https:\/\/talkpal.ai\/hr\/\",\"logo\":{\"@type\":\"ImageObject\",\"inLanguage\":\"hr\",\"@id\":\"https:\/\/talkpal.ai\/hr\/#\/schema\/logo\/image\/\",\"url\":\"https:\/\/talkpal.ai\/wp-content\/uploads\/2024\/03\/Talkpal-Logo-Icon.png\",\"contentUrl\":\"https:\/\/talkpal.ai\/wp-content\/uploads\/2024\/03\/Talkpal-Logo-Icon.png\",\"width\":2880,\"height\":2880,\"caption\":\"Talkpal, Inc.\"},\"image\":{\"@id\":\"https:\/\/talkpal.ai\/hr\/#\/schema\/logo\/image\/\"},\"sameAs\":[\"https:\/\/www.facebook.com\/profile.php?id=100090733639311\",\"https:\/\/x.com\/talkpalai\",\"https:\/\/www.linkedin.com\/company\/talkpal\/\",\"https:\/\/www.youtube.com\/@TalkPal\/\",\"https:\/\/www.tiktok.com\/@talkpal\",\"https:\/\/www.instagram.com\/talkpal_ai\/\",\"https:\/\/www.crunchbase.com\/organization\/talkpal-9cde\",\"https:\/\/www.g2.com\/products\/talkpal-for-business\/\",\"https:\/\/www.trustpilot.com\/review\/talkpal.ai\",\"https:\/\/www.capterra.com\/p\/10006800\/TalkPal\/\"],\"description\":\"Talkpal is a language learning web and mobile education app, powered by the latest AI technologies, that provides engaging experiences to its customers in many different languages to help them improve their language skills. Users can chat about unlimited amount of topics with the app and use other modes to practice their language learning.\",\"email\":\"support@talkpal.ai\",\"legalName\":\"Talkpal, Inc.\",\"foundingDate\":\"2023-04-03\",\"duns\":\"118989042\",\"numberOfEmployees\":{\"@type\":\"QuantitativeValue\",\"minValue\":\"11\",\"maxValue\":\"50\"},\"publishingPrinciples\":\"https:\/\/talkpal.ai\/publishing-principles\/\",\"actionableFeedbackPolicy\":\"https:\/\/talkpal.ai\/actionable-feedback-policy\/\",\"correctionsPolicy\":\"https:\/\/talkpal.ai\/corrections-policy\/\",\"ethicsPolicy\":\"https:\/\/talkpal.ai\/ethics-policy\/\",\"diversityPolicy\":\"https:\/\/talkpal.ai\/diversity-policy\/\",\"diversityStaffingReport\":\"https:\/\/talkpal.ai\/diversity-policy\/\"}]}<\/script>\n<!-- \/ Yoast SEO Premium plugin. -->","yoast_head_json":{"title":"Kazahstanska gramatika - Talkpal","description":"Bez napora savladajte kaza\u0161ku gramatiku - nau\u010dite osnovna pravila, vje\u017ebajte strukturu re\u010denica i brzo pobolj\u0161ajte svoju te\u010dnost","robots":{"index":"index","follow":"follow","max-snippet":"max-snippet:-1","max-image-preview":"max-image-preview:large","max-video-preview":"max-video-preview:-1"},"canonical":"https:\/\/talkpal.ai\/hr\/kazahstanska-gramatika\/","og_locale":"hr_HR","og_type":"article","og_title":"Kazahstanska gramatika","og_description":"Kazahstanska gramatika: Otklju\u010davanje tajni kazahstanskog jezika Kada je rije\u010d o u\u010denju kazahstanskog jezika, razumijevanje osnova kazahstanske gramatike","og_url":"https:\/\/talkpal.ai\/hr\/kazahstanska-gramatika\/","og_site_name":"Talkpal","article_publisher":"https:\/\/www.facebook.com\/profile.php?id=100090733639311","article_modified_time":"2025-12-17T17:35:34+00:00","og_image":[{"width":512,"height":512,"url":"https:\/\/talkpal.ai\/wp-content\/uploads\/2023\/05\/kazakhstan.png","type":"image\/png"}],"twitter_card":"summary_large_image","twitter_site":"@talkpalai","twitter_misc":{"Procijenjeno vrijeme \u010ditanja":"3 minute"},"schema":{"@context":"https:\/\/schema.org","@graph":[{"@type":"WebPage","@id":"https:\/\/talkpal.ai\/hr\/kazahstanska-gramatika\/","url":"https:\/\/talkpal.ai\/hr\/kazahstanska-gramatika\/","name":"Kazahstanska gramatika - Talkpal","isPartOf":{"@id":"https:\/\/talkpal.ai\/hr\/#website"},"primaryImageOfPage":{"@id":"https:\/\/talkpal.ai\/hr\/kazahstanska-gramatika\/#primaryimage"},"image":{"@id":"https:\/\/talkpal.ai\/hr\/kazahstanska-gramatika\/#primaryimage"},"thumbnailUrl":"https:\/\/talkpal.ai\/wp-content\/uploads\/2023\/05\/kazakhstan.png","datePublished":"2023-05-14T14:11:00+00:00","dateModified":"2025-12-17T17:35:34+00:00","description":"Bez napora savladajte kaza\u0161ku gramatiku - nau\u010dite osnovna pravila, vje\u017ebajte strukturu re\u010denica i brzo pobolj\u0161ajte svoju te\u010dnost","breadcrumb":{"@id":"https:\/\/talkpal.ai\/hr\/kazahstanska-gramatika\/#breadcrumb"},"inLanguage":"hr","potentialAction":[{"@type":"ReadAction","target":["https:\/\/talkpal.ai\/hr\/kazahstanska-gramatika\/"]}]},{"@type":"ImageObject","inLanguage":"hr","@id":"https:\/\/talkpal.ai\/hr\/kazahstanska-gramatika\/#primaryimage","url":"https:\/\/talkpal.ai\/wp-content\/uploads\/2023\/05\/kazakhstan.png","contentUrl":"https:\/\/talkpal.ai\/wp-content\/uploads\/2023\/05\/kazakhstan.png","width":512,"height":512},{"@type":"BreadcrumbList","@id":"https:\/\/talkpal.ai\/hr\/kazahstanska-gramatika\/#breadcrumb","itemListElement":[{"@type":"ListItem","position":1,"name":"Homepage","item":"https:\/\/talkpal.ai\/hr\/"},{"@type":"ListItem","position":2,"name":"Kazahstanska gramatika"}]},{"@type":"WebSite","@id":"https:\/\/talkpal.ai\/hr\/#website","url":"https:\/\/talkpal.ai\/hr\/","name":"Talkpal","description":"AI Language Learning","publisher":{"@id":"https:\/\/talkpal.ai\/hr\/#organization"},"alternateName":"Talkpal AI","potentialAction":[{"@type":"SearchAction","target":{"@type":"EntryPoint","urlTemplate":"https:\/\/talkpal.ai\/hr\/?s={search_term_string}"},"query-input":{"@type":"PropertyValueSpecification","valueRequired":true,"valueName":"search_term_string"}}],"inLanguage":"hr"},{"@type":"Organization","@id":"https:\/\/talkpal.ai\/hr\/#organization","name":"Talkpal, Inc.","alternateName":"Talkpal AI","url":"https:\/\/talkpal.ai\/hr\/","logo":{"@type":"ImageObject","inLanguage":"hr","@id":"https:\/\/talkpal.ai\/hr\/#\/schema\/logo\/image\/","url":"https:\/\/talkpal.ai\/wp-content\/uploads\/2024\/03\/Talkpal-Logo-Icon.png","contentUrl":"https:\/\/talkpal.ai\/wp-content\/uploads\/2024\/03\/Talkpal-Logo-Icon.png","width":2880,"height":2880,"caption":"Talkpal, Inc."},"image":{"@id":"https:\/\/talkpal.ai\/hr\/#\/schema\/logo\/image\/"},"sameAs":["https:\/\/www.facebook.com\/profile.php?id=100090733639311","https:\/\/x.com\/talkpalai","https:\/\/www.linkedin.com\/company\/talkpal\/","https:\/\/www.youtube.com\/@TalkPal\/","https:\/\/www.tiktok.com\/@talkpal","https:\/\/www.instagram.com\/talkpal_ai\/","https:\/\/www.crunchbase.com\/organization\/talkpal-9cde","https:\/\/www.g2.com\/products\/talkpal-for-business\/","https:\/\/www.trustpilot.com\/review\/talkpal.ai","https:\/\/www.capterra.com\/p\/10006800\/TalkPal\/"],"description":"Talkpal is a language learning web and mobile education app, powered by the latest AI technologies, that provides engaging experiences to its customers in many different languages to help them improve their language skills. Users can chat about unlimited amount of topics with the app and use other modes to practice their language learning.","email":"support@talkpal.ai","legalName":"Talkpal, Inc.","foundingDate":"2023-04-03","duns":"118989042","numberOfEmployees":{"@type":"QuantitativeValue","minValue":"11","maxValue":"50"},"publishingPrinciples":"https:\/\/talkpal.ai\/publishing-principles\/","actionableFeedbackPolicy":"https:\/\/talkpal.ai\/actionable-feedback-policy\/","correctionsPolicy":"https:\/\/talkpal.ai\/corrections-policy\/","ethicsPolicy":"https:\/\/talkpal.ai\/ethics-policy\/","diversityPolicy":"https:\/\/talkpal.ai\/diversity-policy\/","diversityStaffingReport":"https:\/\/talkpal.ai\/diversity-policy\/"}]}},"_links":{"self":[{"href":"https:\/\/talkpal.ai\/hr\/wp-json\/wp\/v2\/pages\/146498","targetHints":{"allow":["GET"]}}],"collection":[{"href":"https:\/\/talkpal.ai\/hr\/wp-json\/wp\/v2\/pages"}],"about":[{"href":"https:\/\/talkpal.ai\/hr\/wp-json\/wp\/v2\/types\/page"}],"author":[{"embeddable":true,"href":"https:\/\/talkpal.ai\/hr\/wp-json\/wp\/v2\/users\/1"}],"replies":[{"embeddable":true,"href":"https:\/\/talkpal.ai\/hr\/wp-json\/wp\/v2\/comments?post=146498"}],"version-history":[{"count":0,"href":"https:\/\/talkpal.ai\/hr\/wp-json\/wp\/v2\/pages\/146498\/revisions"}],"wp:featuredmedia":[{"embeddable":true,"href":"https:\/\/talkpal.ai\/hr\/wp-json\/wp\/v2\/media\/114181"}],"wp:attachment":[{"href":"https:\/\/talkpal.ai\/hr\/wp-json\/wp\/v2\/media?parent=146498"}],"curies":[{"name":"wp","href":"https:\/\/api.w.org\/{rel}","templated":true}]}}