{"id":146173,"date":"2023-05-14T14:10:42","date_gmt":"2023-05-14T14:10:42","guid":{"rendered":"http:\/\/talkpal.ai\/litavska-gramatika\/"},"modified":"2025-12-12T10:52:26","modified_gmt":"2025-12-12T10:52:26","slug":"litavska-gramatika","status":"publish","type":"page","link":"https:\/\/talkpal.ai\/hr\/litavska-gramatika\/","title":{"rendered":"Litavska gramatika"},"content":{"rendered":"\r\n\r\n\r\n<section class=\"languageChallengeSection\">\r\n    <div class=\"languageInfoWrapper\">\r\n        \r\n        <h1>Litavska gramatika<\/h1>\r\n        <p>Zapo\u010dnite svoje putovanje kroz litavsku gramatiku i otkrijte jedan od najstarijih i najfascinantnijih jezika u Europi. Nau\u010dite osnovna pravila i obrasce kako biste izgradili sna\u017ene jezi\u010dne temelje. Zaronite odmah i po\u010dnite svladavati litavski ve\u0107 danas!<\/p>\r\n\r\n                            <a class=\"getStartedHidden\" href=\"https:\/\/app.talkpal.ai\/hr\/signup?lng=\">Zapo\u010dni<\/a>\r\n        \r\n    <\/div>\r\n\r\n    <figure>\r\n    <img decoding=\"async\" width=\"768\" height=\"768\" src=\"https:\/\/talkpal.ai\/wp-content\/uploads\/2023\/06\/lithuenian-768x768.png\" class=\"languageImage no-lazy\" alt=\"Language learning for boosting creativity\" fetchpriority=\"high\" sizes=\"(max-width: 768px) 150px, 768px\" srcset=\"https:\/\/talkpal.ai\/wp-content\/uploads\/2023\/06\/lithuenian-768x768.png 768w, https:\/\/talkpal.ai\/wp-content\/uploads\/2023\/06\/lithuenian-300x300.png 300w\" \/>\r\n    \r\n\r\n    <\/figure>\r\n\r\n            <a class=\"getStartedVisible\" href=\"https:\/\/app.talkpal.ai\/hr\/signup?lng=\">Zapo\u010dni<\/a>\r\n    \r\n<\/section>\r\n<section class=\"promotionalBanner\">\r\n    <p class=\"promotionalText\">Naju\u010dinkovitiji na\u010din u\u010denja jezika<\/p>\r\n    <a class=\"promotionalLink\" href=\"https:\/\/app.talkpal.ai\/hr\/signup?lng=\">Isprobajte Talkpal besplatno<\/a>\r\n<\/section>\n<div class=\"wp-block-group pageContainerStyle\"><div class=\"wp-block-group__inner-container is-layout-constrained wp-block-group-is-layout-constrained\">\n<h2 class=\"wp-block-heading\" id=\"h-lithuanian-grammar-a-fascinating-journey-through-language\">Litvanska gramatika: fascinantno putovanje jezikom<\/h2>\n\n\n\n<p>Jeste li ikada razmi\u0161ljali o u\u010denju litvanskog jezika ili ste se jednostavno zaintrigirali njegovom jedinstvenom gramatikom? Pa, \u010deka vas poslastica! <a href=\"https:\/\/talkpal.ai\/lithuanian-grammar\/\">Litvanska gramatika<\/a> u po\u010detku se mo\u017ee \u010diniti neobi\u010dnom, ali nemojte pogrije\u0161iti &#8211; prikazuje izuzetnu jezi\u010dnu logiku. U ovom \u0107emo \u010dlanku razviti razli\u010dite aspekte litavske gramatike, osna\u017euju\u0107i vas da cijenite njezin \u0161arm.<\/p>\n\n\n\n<p>Prvo, kratka pozadina: litavski je balti\u010dki jezik koji se prvenstveno govori u Litvi, ali se tako\u0111er susre\u0107e u susjednim zemljama. Kao jedan od najstarijih \u017eivu\u0107ih indoeuropskih jezika, zadr\u017eava arhai\u010dne zna\u010dajke, daju\u0107i uvid u razvoj drugih jezika unutar jezi\u010dne obitelji. Ovo povijesno zna\u010denje \u010dini <a href=\"https:\/\/talkpal.ai\/learn-lithuanian\/\">litvanski<\/a> posebno zadivljuju\u0107im za ljubitelje jezika.<\/p>\n\n\n\n<p>Zaronimo sada u neke klju\u010dne aspekte litavske gramatike.<\/p>\n\n\n\n<h3 class=\"wp-block-heading\" id=\"h-1-nouns-cases-and-declensions\">1. Imenice, slu\u010dajevi i deklinacije<\/h3>\n\n\n\n<p>Jedna od najistaknutijih zna\u010dajki litavske gramatike je njezin zamr\u0161eni sustav slu\u010dajeva. Imenice usvajaju razli\u010dite oblike ovisno o svojoj funkciji u re\u010denici i odra\u017eavaju li predmet, objekt ili primatelja akcije. Litavski ima sedam slu\u010dajeva: nominativni, genitivni, dativni, akuzativni, instrumentalni, lokativni i vokativni.<\/p>\n\n\n\n<p>Uzmimo za primjer imenicu &#8220;vaikas&#8221; (dijete). Mo\u017ee se transformirati u &#8220;vaiko&#8221;, &#8220;vaikui&#8221;, &#8220;vaik\u0105&#8221; i tako dalje na temelju uloge koju igra unutar re\u010denice. Osim toga, na nastavke utje\u010de rod imenice (mu\u0161ki ili \u017eenski) i dalje se dijele na deklinacije, \u0161to jezik \u010dini jo\u0161 raznovrsnijim.<\/p>\n\n\n\n<h3 class=\"wp-block-heading\" id=\"h-2-verb-conjugation-and-tenses\">2. Konjugacija glagola i vremena<\/h3>\n\n\n\n<p><a href=\"https:\/\/talkpal.ai\/learn-lithuanian\/\">Litvanski<\/a> glagoli mijenjaju svoje zavr\u0161etke ovisno o osobi i broju (jednini ili mno\u017eini) subjekta. Na primjer, glagol \u201ceiti\u201d (i\u0107i) mo\u017ee postati \u201ceinu\u201d (idem), \u201ceinate\u201d (ti -mno\u017eina- ide\u0161), \u201ceina\u201d (oni idu), izme\u0111u ostalih oblika.<\/p>\n\n\n\n<p>Litavski ima \u010detiri glavna vremena: sada\u0161njost, pro\u0161lost, pro\u0161la iterativna i budu\u0107a. Zanimljivo je da jezik ima i oznake aspekta: savr\u0161ene i nesavr\u0161ene. Ove oznake pru\u017eaju dodatne informacije o tome je li radnja dovr\u0161ena ili u tijeku. Na primjer, \u201cne\u0161ti\u201d (nositi \u2013 nesvr\u0161eni vid) prema \u201cnat\u201d (nositi \u2013 svr\u0161eni vid).<\/p>\n\n\n\n<h3 class=\"wp-block-heading\" id=\"h-3-sentence-structure-and-word-order\">3. Struktura re\u010denice i redoslijed rije\u010di<\/h3>\n\n\n\n<p>Iako litavski op\u0107enito slijedi SVO (subjekt-glagol-objekt) redoslijed rije\u010di, njegov sustav slu\u010dajeva omogu\u0107uje znatnu fleksibilnost. Za razliku od engleskog, gdje redoslijed rije\u010di obi\u010dno definira zna\u010denje re\u010denice, pomicanje rije\u010di u litvanskom ne mijenja zna\u010denje. Na primjer, &#8220;kat\u0117 valgo \u017euv\u012f&#8221; (ma\u010dka jede ribu) tako\u0111er mo\u017ee biti &#8220;\u017euv\u012f valgo kat\u0117&#8221; bez gubljenja ili mijenjanja svog zna\u010denja.<\/p>\n\n\n\n<p>Ova fleksibilnost omogu\u0107uje vam igranje sa strukturom re\u010denica, nagla\u0161avanje odre\u0111enih elemenata ili generiranje nijansi kako postajete vje\u0161tiji u jeziku.<\/p>\n\n\n\n<h3 class=\"wp-block-heading\" id=\"h-4-adjectives-adverbs-and-agreement-rules\">4. Pridjevi, prilozi i pravila sporazuma<\/h3>\n\n\n\n<p>Kao i mnogi jezici, pridjevi i prilozi na litavskom opisuju imenice i glagole, ali oni tako\u0111er slijede posebna pravila sporazuma. Konkretno, pridjevi se moraju slo\u017eiti s imenicom koju mijenjaju u slu\u010daju, spolu i broju. Jednom kada shvatite imeni\u010dke slu\u010dajeve i konjugacije glagola, ta \u0107e pravila do\u0107i prirodnije.<\/p>\n\n\n\n<p>Dakle, jeste li spremni zaroniti u litavsku gramatiku? Uz upornost, predanost i odgovaraju\u0107e resurse, u\u010denje litavskog jezika &#8211; bogatog povije\u0161\u0107u i kulturnom ba\u0161tinom &#8211; neizmjerno je korisno iskustvo. Uhvatite se u ko\u0161tac s jezikom korak po korak, vje\u017ebajte dosljedno i ostanite otvoreni za u\u010denje na svojim pogre\u0161kama. S\u0117km\u0117s! (Sretno!)<\/p>\n<\/div><\/div>\n\r\n<section class=\"learnNavigationSection\">\r\n            \r\n        <a href=\"https:\/\/talkpal.ai\/hr\/ucite-litavski\/\">\r\n            <div class=\"learnNavigationWrapper\">\r\n                <div class=\"learnNavigationContent\">\r\n                    <img decoding=\"async\" src=\"https:\/\/talkpal.ai\/wp-content\/uploads\/2024\/08\/Lithuanian.jpg\" alt=\"Lithuanian Flag\">\r\n                    <div>\r\n                        <h4>O u\u010denju litvanskog<\/h4>\r\n                        <p>Saznajte sve o litavskoj gramatici.<\/p>\r\n                    <\/div>\r\n                <\/div>\r\n            <\/div>\r\n        <\/a>\r\n\r\n        \r\n        <a href=\"https:\/\/talkpal.ai\/hr\/litavske-gramaticke-vjezbe\/\">\r\n            <div class=\"learnNavigationWrapper\">\r\n                <div class=\"learnNavigationContent\">\r\n                    <img decoding=\"async\" src=\"https:\/\/talkpal.ai\/wp-content\/uploads\/2024\/08\/Lithuanian.jpg\" alt=\"Lithuanian Flag\">\r\n                    <div>\r\n                        <h4>Vje\u017eba iz gramatike litavskog jezika<\/h4>\r\n                        <p>Vje\u017ebajte litavsku gramatiku.<\/p>\r\n                    <\/div>\r\n                <\/div>\r\n            <\/div>\r\n        <\/a>\r\n\r\n        \r\n        <a href=\"https:\/\/talkpal.ai\/vocabulary_language\/lithuanian\/\">\r\n            <div class=\"learnNavigationWrapper\">\r\n                <div class=\"learnNavigationContent\">\r\n                    <img decoding=\"async\" src=\"https:\/\/talkpal.ai\/wp-content\/uploads\/2024\/08\/Lithuanian.jpg\" alt=\"Lithuanian Flag\">\r\n                    <div>\r\n                        <h4>Litavski rje\u010dnik<\/h4>\r\n                        <p>Pro\u0161irite svoj vokabular litvanskog.<\/p>\r\n                    <\/div>\r\n                <\/div>\r\n            <\/div>\r\n        <\/a>\r\n\r\n            <\/section>","protected":false},"excerpt":{"rendered":"<p>Litvanska gramatika: fascinantno putovanje jezikom Jeste li ikada razmi\u0161ljali o u\u010denju litvanskog jezika ili ste se jednostavno zaintrigirali njegovom jedinstvenom gramatikom? Pa, \u010deka vas poslastica! Litvanska gramatika u po\u010detku se mo\u017ee \u010diniti neobi\u010dnom, ali nemojte pogrije\u0161iti &#8211; prikazuje izuzetnu jezi\u010dnu logiku. U ovom \u0107emo \u010dlanku razviti razli\u010dite aspekte litavske gramatike, osna\u017euju\u0107i vas da cijenite njezin [&hellip;]<\/p>\n","protected":false},"author":1,"featured_media":114748,"parent":0,"menu_order":0,"comment_status":"closed","ping_status":"closed","template":"LearningContentPage.php","meta":{"_acf_changed":false,"footnotes":""},"class_list":["post-146173","page","type-page","status-publish","has-post-thumbnail","hentry"],"acf":[],"yoast_head":"<!-- This site is optimized with the Yoast SEO Premium plugin v27.2 (Yoast SEO v27.2) - https:\/\/yoast.com\/product\/yoast-seo-premium-wordpress\/ -->\n<title>Litavska gramatika - Talkpal<\/title>\n<meta name=\"description\" content=\"Otkrijte kako litavska gramatika odra\u017eava povijesno bogatstvo i logiku, \u0161to je \u010dini savr\u0161enim prou\u010davanjem za ljubitelje jezika.\" \/>\n<meta name=\"robots\" content=\"index, follow, max-snippet:-1, max-image-preview:large, max-video-preview:-1\" \/>\n<link rel=\"canonical\" href=\"https:\/\/talkpal.ai\/hr\/litavska-gramatika\/\" \/>\n<meta property=\"og:locale\" content=\"hr_HR\" \/>\n<meta property=\"og:type\" content=\"article\" \/>\n<meta property=\"og:title\" content=\"Litavska gramatika\" \/>\n<meta property=\"og:description\" content=\"Litvanska gramatika: fascinantno putovanje jezikom Jeste li ikada razmi\u0161ljali o u\u010denju litvanskog jezika ili ste se jednostavno zaintrigirali njegovom\" \/>\n<meta property=\"og:url\" content=\"https:\/\/talkpal.ai\/hr\/litavska-gramatika\/\" \/>\n<meta property=\"og:site_name\" content=\"Talkpal\" \/>\n<meta property=\"article:publisher\" content=\"https:\/\/www.facebook.com\/profile.php?id=100090733639311\" \/>\n<meta property=\"article:modified_time\" content=\"2025-12-12T10:52:26+00:00\" \/>\n<meta property=\"og:image\" content=\"https:\/\/talkpal.ai\/wp-content\/uploads\/2023\/05\/Lithuanian.png\" \/>\n\t<meta property=\"og:image:width\" content=\"512\" \/>\n\t<meta property=\"og:image:height\" content=\"512\" \/>\n\t<meta property=\"og:image:type\" content=\"image\/png\" \/>\n<meta name=\"twitter:card\" content=\"summary_large_image\" \/>\n<meta name=\"twitter:site\" content=\"@talkpalai\" \/>\n<meta name=\"twitter:label1\" content=\"Procijenjeno vrijeme \u010ditanja\" \/>\n\t<meta name=\"twitter:data1\" content=\"3 minute\" \/>\n<script type=\"application\/ld+json\" class=\"yoast-schema-graph\">{\"@context\":\"https:\/\/schema.org\",\"@graph\":[{\"@type\":\"WebPage\",\"@id\":\"https:\/\/talkpal.ai\/hr\/litavska-gramatika\/\",\"url\":\"https:\/\/talkpal.ai\/hr\/litavska-gramatika\/\",\"name\":\"Litavska gramatika - Talkpal\",\"isPartOf\":{\"@id\":\"https:\/\/talkpal.ai\/hr\/#website\"},\"primaryImageOfPage\":{\"@id\":\"https:\/\/talkpal.ai\/hr\/litavska-gramatika\/#primaryimage\"},\"image\":{\"@id\":\"https:\/\/talkpal.ai\/hr\/litavska-gramatika\/#primaryimage\"},\"thumbnailUrl\":\"https:\/\/talkpal.ai\/wp-content\/uploads\/2023\/05\/Lithuanian.png\",\"datePublished\":\"2023-05-14T14:10:42+00:00\",\"dateModified\":\"2025-12-12T10:52:26+00:00\",\"description\":\"Otkrijte kako litavska gramatika odra\u017eava povijesno bogatstvo i logiku, \u0161to je \u010dini savr\u0161enim prou\u010davanjem za ljubitelje jezika.\",\"breadcrumb\":{\"@id\":\"https:\/\/talkpal.ai\/hr\/litavska-gramatika\/#breadcrumb\"},\"inLanguage\":\"hr\",\"potentialAction\":[{\"@type\":\"ReadAction\",\"target\":[\"https:\/\/talkpal.ai\/hr\/litavska-gramatika\/\"]}]},{\"@type\":\"ImageObject\",\"inLanguage\":\"hr\",\"@id\":\"https:\/\/talkpal.ai\/hr\/litavska-gramatika\/#primaryimage\",\"url\":\"https:\/\/talkpal.ai\/wp-content\/uploads\/2023\/05\/Lithuanian.png\",\"contentUrl\":\"https:\/\/talkpal.ai\/wp-content\/uploads\/2023\/05\/Lithuanian.png\",\"width\":512,\"height\":512},{\"@type\":\"BreadcrumbList\",\"@id\":\"https:\/\/talkpal.ai\/hr\/litavska-gramatika\/#breadcrumb\",\"itemListElement\":[{\"@type\":\"ListItem\",\"position\":1,\"name\":\"Homepage\",\"item\":\"https:\/\/talkpal.ai\/hr\/\"},{\"@type\":\"ListItem\",\"position\":2,\"name\":\"Litavska gramatika\"}]},{\"@type\":\"WebSite\",\"@id\":\"https:\/\/talkpal.ai\/hr\/#website\",\"url\":\"https:\/\/talkpal.ai\/hr\/\",\"name\":\"Talkpal\",\"description\":\"AI Language Learning\",\"publisher\":{\"@id\":\"https:\/\/talkpal.ai\/hr\/#organization\"},\"alternateName\":\"Talkpal AI\",\"potentialAction\":[{\"@type\":\"SearchAction\",\"target\":{\"@type\":\"EntryPoint\",\"urlTemplate\":\"https:\/\/talkpal.ai\/hr\/?s={search_term_string}\"},\"query-input\":{\"@type\":\"PropertyValueSpecification\",\"valueRequired\":true,\"valueName\":\"search_term_string\"}}],\"inLanguage\":\"hr\"},{\"@type\":\"Organization\",\"@id\":\"https:\/\/talkpal.ai\/hr\/#organization\",\"name\":\"Talkpal, Inc.\",\"alternateName\":\"Talkpal AI\",\"url\":\"https:\/\/talkpal.ai\/hr\/\",\"logo\":{\"@type\":\"ImageObject\",\"inLanguage\":\"hr\",\"@id\":\"https:\/\/talkpal.ai\/hr\/#\/schema\/logo\/image\/\",\"url\":\"https:\/\/talkpal.ai\/wp-content\/uploads\/2024\/03\/Talkpal-Logo-Icon.png\",\"contentUrl\":\"https:\/\/talkpal.ai\/wp-content\/uploads\/2024\/03\/Talkpal-Logo-Icon.png\",\"width\":2880,\"height\":2880,\"caption\":\"Talkpal, Inc.\"},\"image\":{\"@id\":\"https:\/\/talkpal.ai\/hr\/#\/schema\/logo\/image\/\"},\"sameAs\":[\"https:\/\/www.facebook.com\/profile.php?id=100090733639311\",\"https:\/\/x.com\/talkpalai\",\"https:\/\/www.linkedin.com\/company\/talkpal\/\",\"https:\/\/www.youtube.com\/@TalkPal\/\",\"https:\/\/www.tiktok.com\/@talkpal\",\"https:\/\/www.instagram.com\/talkpal_ai\/\",\"https:\/\/www.crunchbase.com\/organization\/talkpal-9cde\",\"https:\/\/www.g2.com\/products\/talkpal-for-business\/\",\"https:\/\/www.trustpilot.com\/review\/talkpal.ai\",\"https:\/\/www.capterra.com\/p\/10006800\/TalkPal\/\"],\"description\":\"Talkpal is a language learning web and mobile education app, powered by the latest AI technologies, that provides engaging experiences to its customers in many different languages to help them improve their language skills. Users can chat about unlimited amount of topics with the app and use other modes to practice their language learning.\",\"email\":\"support@talkpal.ai\",\"legalName\":\"Talkpal, Inc.\",\"foundingDate\":\"2023-04-03\",\"duns\":\"118989042\",\"numberOfEmployees\":{\"@type\":\"QuantitativeValue\",\"minValue\":\"11\",\"maxValue\":\"50\"},\"publishingPrinciples\":\"https:\/\/talkpal.ai\/publishing-principles\/\",\"actionableFeedbackPolicy\":\"https:\/\/talkpal.ai\/actionable-feedback-policy\/\",\"correctionsPolicy\":\"https:\/\/talkpal.ai\/corrections-policy\/\",\"ethicsPolicy\":\"https:\/\/talkpal.ai\/ethics-policy\/\",\"diversityPolicy\":\"https:\/\/talkpal.ai\/diversity-policy\/\",\"diversityStaffingReport\":\"https:\/\/talkpal.ai\/diversity-policy\/\"}]}<\/script>\n<!-- \/ Yoast SEO Premium plugin. -->","yoast_head_json":{"title":"Litavska gramatika - Talkpal","description":"Otkrijte kako litavska gramatika odra\u017eava povijesno bogatstvo i logiku, \u0161to je \u010dini savr\u0161enim prou\u010davanjem za ljubitelje jezika.","robots":{"index":"index","follow":"follow","max-snippet":"max-snippet:-1","max-image-preview":"max-image-preview:large","max-video-preview":"max-video-preview:-1"},"canonical":"https:\/\/talkpal.ai\/hr\/litavska-gramatika\/","og_locale":"hr_HR","og_type":"article","og_title":"Litavska gramatika","og_description":"Litvanska gramatika: fascinantno putovanje jezikom Jeste li ikada razmi\u0161ljali o u\u010denju litvanskog jezika ili ste se jednostavno zaintrigirali njegovom","og_url":"https:\/\/talkpal.ai\/hr\/litavska-gramatika\/","og_site_name":"Talkpal","article_publisher":"https:\/\/www.facebook.com\/profile.php?id=100090733639311","article_modified_time":"2025-12-12T10:52:26+00:00","og_image":[{"width":512,"height":512,"url":"https:\/\/talkpal.ai\/wp-content\/uploads\/2023\/05\/Lithuanian.png","type":"image\/png"}],"twitter_card":"summary_large_image","twitter_site":"@talkpalai","twitter_misc":{"Procijenjeno vrijeme \u010ditanja":"3 minute"},"schema":{"@context":"https:\/\/schema.org","@graph":[{"@type":"WebPage","@id":"https:\/\/talkpal.ai\/hr\/litavska-gramatika\/","url":"https:\/\/talkpal.ai\/hr\/litavska-gramatika\/","name":"Litavska gramatika - Talkpal","isPartOf":{"@id":"https:\/\/talkpal.ai\/hr\/#website"},"primaryImageOfPage":{"@id":"https:\/\/talkpal.ai\/hr\/litavska-gramatika\/#primaryimage"},"image":{"@id":"https:\/\/talkpal.ai\/hr\/litavska-gramatika\/#primaryimage"},"thumbnailUrl":"https:\/\/talkpal.ai\/wp-content\/uploads\/2023\/05\/Lithuanian.png","datePublished":"2023-05-14T14:10:42+00:00","dateModified":"2025-12-12T10:52:26+00:00","description":"Otkrijte kako litavska gramatika odra\u017eava povijesno bogatstvo i logiku, \u0161to je \u010dini savr\u0161enim prou\u010davanjem za ljubitelje jezika.","breadcrumb":{"@id":"https:\/\/talkpal.ai\/hr\/litavska-gramatika\/#breadcrumb"},"inLanguage":"hr","potentialAction":[{"@type":"ReadAction","target":["https:\/\/talkpal.ai\/hr\/litavska-gramatika\/"]}]},{"@type":"ImageObject","inLanguage":"hr","@id":"https:\/\/talkpal.ai\/hr\/litavska-gramatika\/#primaryimage","url":"https:\/\/talkpal.ai\/wp-content\/uploads\/2023\/05\/Lithuanian.png","contentUrl":"https:\/\/talkpal.ai\/wp-content\/uploads\/2023\/05\/Lithuanian.png","width":512,"height":512},{"@type":"BreadcrumbList","@id":"https:\/\/talkpal.ai\/hr\/litavska-gramatika\/#breadcrumb","itemListElement":[{"@type":"ListItem","position":1,"name":"Homepage","item":"https:\/\/talkpal.ai\/hr\/"},{"@type":"ListItem","position":2,"name":"Litavska gramatika"}]},{"@type":"WebSite","@id":"https:\/\/talkpal.ai\/hr\/#website","url":"https:\/\/talkpal.ai\/hr\/","name":"Talkpal","description":"AI Language Learning","publisher":{"@id":"https:\/\/talkpal.ai\/hr\/#organization"},"alternateName":"Talkpal AI","potentialAction":[{"@type":"SearchAction","target":{"@type":"EntryPoint","urlTemplate":"https:\/\/talkpal.ai\/hr\/?s={search_term_string}"},"query-input":{"@type":"PropertyValueSpecification","valueRequired":true,"valueName":"search_term_string"}}],"inLanguage":"hr"},{"@type":"Organization","@id":"https:\/\/talkpal.ai\/hr\/#organization","name":"Talkpal, Inc.","alternateName":"Talkpal AI","url":"https:\/\/talkpal.ai\/hr\/","logo":{"@type":"ImageObject","inLanguage":"hr","@id":"https:\/\/talkpal.ai\/hr\/#\/schema\/logo\/image\/","url":"https:\/\/talkpal.ai\/wp-content\/uploads\/2024\/03\/Talkpal-Logo-Icon.png","contentUrl":"https:\/\/talkpal.ai\/wp-content\/uploads\/2024\/03\/Talkpal-Logo-Icon.png","width":2880,"height":2880,"caption":"Talkpal, Inc."},"image":{"@id":"https:\/\/talkpal.ai\/hr\/#\/schema\/logo\/image\/"},"sameAs":["https:\/\/www.facebook.com\/profile.php?id=100090733639311","https:\/\/x.com\/talkpalai","https:\/\/www.linkedin.com\/company\/talkpal\/","https:\/\/www.youtube.com\/@TalkPal\/","https:\/\/www.tiktok.com\/@talkpal","https:\/\/www.instagram.com\/talkpal_ai\/","https:\/\/www.crunchbase.com\/organization\/talkpal-9cde","https:\/\/www.g2.com\/products\/talkpal-for-business\/","https:\/\/www.trustpilot.com\/review\/talkpal.ai","https:\/\/www.capterra.com\/p\/10006800\/TalkPal\/"],"description":"Talkpal is a language learning web and mobile education app, powered by the latest AI technologies, that provides engaging experiences to its customers in many different languages to help them improve their language skills. Users can chat about unlimited amount of topics with the app and use other modes to practice their language learning.","email":"support@talkpal.ai","legalName":"Talkpal, Inc.","foundingDate":"2023-04-03","duns":"118989042","numberOfEmployees":{"@type":"QuantitativeValue","minValue":"11","maxValue":"50"},"publishingPrinciples":"https:\/\/talkpal.ai\/publishing-principles\/","actionableFeedbackPolicy":"https:\/\/talkpal.ai\/actionable-feedback-policy\/","correctionsPolicy":"https:\/\/talkpal.ai\/corrections-policy\/","ethicsPolicy":"https:\/\/talkpal.ai\/ethics-policy\/","diversityPolicy":"https:\/\/talkpal.ai\/diversity-policy\/","diversityStaffingReport":"https:\/\/talkpal.ai\/diversity-policy\/"}]}},"_links":{"self":[{"href":"https:\/\/talkpal.ai\/hr\/wp-json\/wp\/v2\/pages\/146173","targetHints":{"allow":["GET"]}}],"collection":[{"href":"https:\/\/talkpal.ai\/hr\/wp-json\/wp\/v2\/pages"}],"about":[{"href":"https:\/\/talkpal.ai\/hr\/wp-json\/wp\/v2\/types\/page"}],"author":[{"embeddable":true,"href":"https:\/\/talkpal.ai\/hr\/wp-json\/wp\/v2\/users\/1"}],"replies":[{"embeddable":true,"href":"https:\/\/talkpal.ai\/hr\/wp-json\/wp\/v2\/comments?post=146173"}],"version-history":[{"count":0,"href":"https:\/\/talkpal.ai\/hr\/wp-json\/wp\/v2\/pages\/146173\/revisions"}],"wp:featuredmedia":[{"embeddable":true,"href":"https:\/\/talkpal.ai\/hr\/wp-json\/wp\/v2\/media\/114748"}],"wp:attachment":[{"href":"https:\/\/talkpal.ai\/hr\/wp-json\/wp\/v2\/media?parent=146173"}],"curies":[{"name":"wp","href":"https:\/\/api.w.org\/{rel}","templated":true}]}}