{"id":145956,"date":"2023-05-14T14:10:24","date_gmt":"2023-05-14T14:10:24","guid":{"rendered":"http:\/\/talkpal.ai\/latvijska-gramatika\/"},"modified":"2025-12-17T17:13:14","modified_gmt":"2025-12-17T17:13:14","slug":"latvijska-gramatika","status":"publish","type":"page","link":"https:\/\/talkpal.ai\/hr\/latvijska-gramatika\/","title":{"rendered":"Latvijska gramatika"},"content":{"rendered":"\r\n\r\n\r\n<section class=\"languageChallengeSection\">\r\n    <div class=\"languageInfoWrapper\">\r\n        \r\n        <h1>Latvijska gramatika<\/h1>\r\n        <p>Istra\u017eite jedinstveni svijet latvijske gramatike i otkrijte ljepotu jednog od naj\u017eivopisnijih jezika balti\u010dke regije. Razumijevanjem njegove strukture i pravila, pove\u0107at \u0107ete svoje samopouzdanje i komunikacijske vje\u0161tine. Po\u010dnite u\u010diti latvijsku gramatiku ve\u0107 danas i napravite prvi korak prema te\u010dnosti!\n\n<\/p>\r\n\r\n                            <a class=\"getStartedHidden\" href=\"https:\/\/app.talkpal.ai\/hr\/signup?lng=\">Zapo\u010dni<\/a>\r\n        \r\n    <\/div>\r\n\r\n    <figure>\r\n    <img decoding=\"async\" width=\"768\" height=\"768\" src=\"https:\/\/talkpal.ai\/wp-content\/uploads\/2023\/06\/latvian-768x768.png\" class=\"languageImage no-lazy\" alt=\"Language learning to access more cultures\" fetchpriority=\"high\" sizes=\"(max-width: 768px) 150px, 768px\" srcset=\"https:\/\/talkpal.ai\/wp-content\/uploads\/2023\/06\/latvian-768x768.png 768w, https:\/\/talkpal.ai\/wp-content\/uploads\/2023\/06\/latvian-300x300.png 300w\" \/>\r\n    \r\n\r\n    <\/figure>\r\n\r\n            <a class=\"getStartedVisible\" href=\"https:\/\/app.talkpal.ai\/hr\/signup?lng=\">Zapo\u010dni<\/a>\r\n    \r\n<\/section>\r\n<section class=\"promotionalBanner\">\r\n    <p class=\"promotionalText\">Naju\u010dinkovitiji na\u010din u\u010denja jezika<\/p>\r\n    <a class=\"promotionalLink\" href=\"https:\/\/app.talkpal.ai\/hr\/signup?lng=\">Isprobajte Talkpal besplatno<\/a>\r\n<\/section>\n<div class=\"wp-block-group pageContainerStyle\"><div class=\"wp-block-group__inner-container is-layout-constrained wp-block-group-is-layout-constrained\">\n<h2 class=\"wp-block-heading\" id=\"h-the-ultimate-guide-to-latvian-grammar-navigating-the-intricacies-of-a-unique-language\">Ultimativni vodi\u010d za latvijsku gramatiku: Navigacija zamr\u0161eno\u0161\u0107u jedinstvenog jezika<\/h2>\n\n\n\n<p><a href=\"https:\/\/talkpal.ai\/latvian-grammar\/\">Latvijska gramatika<\/a>, kao i sam jezik, predstavlja bogatu i fascinantnu tapiseriju jezi\u010dnih elemenata. Kao balti\u010dki jezik, <a href=\"https:\/\/talkpal.ai\/learn-latvian\/\">latvijski<\/a> o\u010darava u\u010denike svojim raznolikim zna\u010dajkama i izaziva \u010dak i najstru\u010dnije govornike. U ovom \u0107emo vodi\u010du istra\u017eiti klju\u010dna na\u010dela latvijske gramatike, demistificirati njezinu slo\u017eenost i podr\u017eati vas na va\u0161em putu da postanete te\u010dni u ovom zadivljuju\u0107em jeziku. Zapo\u010dnimo!<\/p>\n\n\n\n<h3 class=\"wp-block-heading\" id=\"h-the-nuts-and-bolts-latvian-sentence-structure\">Matice i vijci: latvijska struktura re\u010denica<\/h3>\n\n\n\n<p>U svojoj sr\u017ei, <a href=\"https:\/\/talkpal.ai\/latvian-grammar\/\">latvijska gramatika<\/a> je prili\u010dno jednostavna. Jezik op\u0107enito slijedi strukturu re\u010denice Subject-Verb-Object (SVO), sli\u010dnu engleskom i mnogim drugim jezicima. Na primjer, re\u010denica &#8220;Ja jedem jabuku&#8221; prevodi se kao &#8220;Es \u0113du \u0101bolu&#8221; (Es \u0113du \u0101bolu). Jednostavno, <a href=\"https:\/\/talkpal.ai\/culture\/how-do-you-use-the-phrase-zar-ne-at-the-end-of-a-sentence\/\">zar ne<\/a>? Me\u0111utim, kako dublje kopamo, nai\u0107i \u0107ete na neke intrigantne i osebujne zna\u010dajke latvijske gramatike.<\/p>\n\n\n\n<h3 class=\"wp-block-heading\" id=\"h-meet-the-family-latvian-nouns-and-their-cases\">Upoznajte obitelj: latvijske imenice i njihovi slu\u010dajevi<\/h3>\n\n\n\n<p>Jedna od najzamr\u0161enijih karakteristika latvijske gramatike za govornike engleskog jezika je pojam gramati\u010dkih slu\u010dajeva. Na latvijskom jeziku postoji sedam slu\u010dajeva: nominativni, genitivni, dativni, akuzativni, lokativni, instrumentalni i vokativni. Svaki slu\u010daj ima svoju funkciju i utje\u010de na oblik imenica, pridjeva, zamjenica, a ponekad i glagola.<\/p>\n\n\n\n<p>Na primjer, uzmimo rije\u010d \u201c\u0101bols\u201d (\u0101bols) \u0161to zna\u010di \u201cjabuka\u201d:<\/p>\n\n\n\n<p><strong>\u2013 Nominativ (koristi se za subjekte): \u0101bols<\/strong><\/p>\n\n\n\n<p><strong>\u2013 Genitiv (koristi se za posjed): \u0101bola<\/strong><\/p>\n\n\n\n<p><strong>\u2013 Dativ (koristi se za neizravne objekte): \u0101bolam<\/strong><\/p>\n\n\n\n<p><strong>\u2013 Akuzativ (koristi se za izravne objekte): \u0101bolu<\/strong><\/p>\n\n\n\n<p><strong>\u2013 Lokativ (koristi se za mjesto): \u0101bol\u0101<\/strong><\/p>\n\n\n\n<p><strong>\u2013 Instrumental (koristi se za sredstvo kojim se vr\u0161i radnja): \u0101bolu\/-iem<\/strong><\/p>\n\n\n\n<p><strong>\u2013 Vokativ (koristi se za obra\u0107anje nekome ili ne\u010demu): \u0101bol<\/strong><\/p>\n\n\n\n<p>Va\u017eno je upoznati se s tim slu\u010dajevima jer oni mogu dramati\u010dno promijeniti zna\u010denje va\u0161ih re\u010denica.<\/p>\n\n\n\n<h3 class=\"wp-block-heading\" id=\"h-playing-with-numbers-latvian-plurals-and-genders\">Igranje brojevima: latvijska mno\u017eina i spolovi<\/h3>\n\n\n\n<p>Kada tvorite mno\u017einu u latvijskom, va\u017eno je imati na umu rod imenice. Na latvijskom jeziku imenice imaju dva spola &#8211; mu\u0161ki i \u017eenski. Spol utje\u010de na zavr\u0161etke imenica, pridjeva, brojeva i odre\u0111enih glagolskih oblika.<\/p>\n\n\n\n<p>Op\u0107enito, imenice mu\u0161kog roda u mno\u017eini nominativnog slu\u010daja zavr\u0161avaju s -i, dok \u017eenske imenice zavr\u0161avaju u -as. Na primjer, \u201czirgs\u201d (zirgs, imenica mu\u0161kog roda <a href=\"https:\/\/talkpal.ai\/locations\/language-courses-in-koja\/\">koja<\/a> zna\u010di \u201ckonj\u201d) postaje \u201czirgi\u201d (zirgi, konji), a \u201csieviete\u201d (sieviete, imenica \u017eenskog roda koja zna\u010di \u201c\u017eena\u201d) postaje \u201csievietes\u201d (sievietes, \u017eene ).<\/p>\n\n\n\n<p>Naravno, postoje neke iznimke, zbog \u010dega je bitno u\u010diti imenice zajedno s njihovim rodovima i biti svjestan svih nepravilnih mno\u017eina.<\/p>\n\n\n\n<h3 class=\"wp-block-heading\" id=\"h-the-art-of-conjugation-latvian-verbs\">Umjetnost konjugacije: latvijski glagoli<\/h3>\n\n\n\n<p>Latvijski glagoli u po\u010detku mogu izgledati zastra\u0161uju\u0107e zbog svojih brojnih vremena, raspolo\u017eenja i konjugacija. Me\u0111utim, klju\u010d njihovog razumijevanja je prepoznavanje uobi\u010dajenih obrazaca i redovito vje\u017ebanje.<\/p>\n\n\n\n<p>Na latvijskom su glagoli podijeljeni u tri skupine na temelju njihovih infinitivnih zavr\u0161etaka, -t, -kravata i -kravata\/-t. Svaka skupina ima posebna pravila konjugacije. Uzmimo za primjer glagol \u201clas\u012bt\u201d (las\u012bt, \u201c\u010ditati\u201d):<\/p>\n\n\n\n<p><strong>Sada\u0161nje vrijeme: Es lasu (Es lasu, &#8220;\u010ditam&#8221;)<\/strong><\/p>\n\n\n\n<p><strong>Pro\u0161lo vrijeme: Es las\u012bju (Es las\u012bju, &#8220;\u010ditam&#8221;)<\/strong><\/p>\n\n\n\n<p><strong>Budu\u0107e vrijeme: Es las\u012b\u0161u (Es las\u012b\u0161u, &#8220;\u010ditat \u0107u&#8221;)<\/strong><\/p>\n\n\n\n<p>Kao \u0161to mo\u017eete vidjeti, zavr\u0161etci se mijenjaju prema vremenu. A ovo \u010dak i ne zagrebe povr\u0161inu latvijske konjugacije glagola! Ipak, ne dopustite da vas to obeshrabri. Vje\u017ebom i strpljenjem po\u010det \u0107ete prepoznavati obrasce i svladat \u0107ete ovaj izazov.<\/p>\n\n\n\n<h3 class=\"wp-block-heading\" id=\"h-the-finishing-touches-latvian-adjectives-adverbs-and-more\">Zavr\u0161ni dodiri: latvijski pridjevi, prilozi i jo\u0161 mnogo toga<\/h3>\n\n\n\n<p>\u0160to se ti\u010de latvijskih pridjeva i priloga, oni igraju klju\u010dnu ulogu u dodavanju dubine i slo\u017eenosti va\u0161em govoru. Pridjevi se moraju slo\u017eiti s imenicama koje mijenjaju u smislu spola i slu\u010daja, s zavr\u0161etcima koji se razlikuju u skladu s tim.<\/p>\n\n\n\n<p>Na primjer, &#8220;gar\u0161\u012bgs&#8221; (gar\u0161\u012bgs) zna\u010di &#8220;ukusno&#8221;, a mogli biste ga vidjeti kao &#8220;gar\u0161\u012bgs \u0101bols&#8221; (gar\u0161\u012bgs \u0101bols, &#8220;ukusna jabuka&#8221;) ili &#8220;gar\u0161\u012bga zupa&#8221; (gar\u0161\u012bga zupa, &#8220;ukusna juha&#8221;), s razli\u010ditim nastavci za imenice mu\u0161kog i \u017eenskog roda.<\/p>\n\n\n\n<p>Prilozi obi\u010dno slijede sli\u010dne obrasce, \u010desto izvedene iz pridjeva. Na latvijskom jeziku ve\u0107ina priloga zavr\u0161ava s -i, \u0161to je isti oblik kao i mu\u0161ki jednini akuzativ za pridjeve.<\/p>\n\n\n\n<p>Zaklju\u010dno, slo\u017eenost i osobitosti latvijske gramatike, iako izazovne, daju jeziku njegovu zadivljuju\u0107u ljepotu i karakter. Uz kombinaciju upornosti, znati\u017eelje i prakti\u010dne primjene, uskoro \u0107ete s lako\u0107om i pouzdanjem upravljati latvijskom gramatikom. Sretno u\u010denje!<\/p>\n<\/div><\/div>\n\r\n<section class=\"learnNavigationSection\">\r\n            \r\n        <a href=\"https:\/\/talkpal.ai\/hr\/ucenje-latvijskog-jezika\/\">\r\n            <div class=\"learnNavigationWrapper\">\r\n                <div class=\"learnNavigationContent\">\r\n                    <img decoding=\"async\" src=\"https:\/\/talkpal.ai\/wp-content\/uploads\/2024\/08\/Latvian.jpg\" alt=\"Latvian Flag\">\r\n                    <div>\r\n                        <h4>O u\u010denju latvijskog<\/h4>\r\n                        <p>Saznajte sve o latvijskoj gramatici.<\/p>\r\n                    <\/div>\r\n                <\/div>\r\n            <\/div>\r\n        <\/a>\r\n\r\n        \r\n        <a href=\"https:\/\/talkpal.ai\/hr\/latvijske-gramaticke-vjezbe\/\">\r\n            <div class=\"learnNavigationWrapper\">\r\n                <div class=\"learnNavigationContent\">\r\n                    <img decoding=\"async\" src=\"https:\/\/talkpal.ai\/wp-content\/uploads\/2024\/08\/Latvian.jpg\" alt=\"Latvian Flag\">\r\n                    <div>\r\n                        <h4>Latvijska gramati\u010dka vje\u017eba<\/h4>\r\n                        <p>Vje\u017ebajte latvijsku gramatiku.<\/p>\r\n                    <\/div>\r\n                <\/div>\r\n            <\/div>\r\n        <\/a>\r\n\r\n        \r\n        <a href=\"https:\/\/talkpal.ai\/vocabulary_language\/latvian\/\">\r\n            <div class=\"learnNavigationWrapper\">\r\n                <div class=\"learnNavigationContent\">\r\n                    <img decoding=\"async\" src=\"https:\/\/talkpal.ai\/wp-content\/uploads\/2024\/08\/Latvian.jpg\" alt=\"Latvian Flag\">\r\n                    <div>\r\n                        <h4>Latvijski rje\u010dnik<\/h4>\r\n                        <p>Pro\u0161irite svoj vokabular latvijskog.<\/p>\r\n                    <\/div>\r\n                <\/div>\r\n            <\/div>\r\n        <\/a>\r\n\r\n            <\/section>","protected":false},"excerpt":{"rendered":"<p>Ultimativni vodi\u010d za latvijsku gramatiku: Navigacija zamr\u0161eno\u0161\u0107u jedinstvenog jezika Latvijska gramatika, kao i sam jezik, predstavlja bogatu i fascinantnu tapiseriju jezi\u010dnih elemenata. Kao balti\u010dki jezik, latvijski o\u010darava u\u010denike svojim raznolikim zna\u010dajkama i izaziva \u010dak i najstru\u010dnije govornike. U ovom \u0107emo vodi\u010du istra\u017eiti klju\u010dna na\u010dela latvijske gramatike, demistificirati njezinu slo\u017eenost i podr\u017eati vas na va\u0161em putu [&hellip;]<\/p>\n","protected":false},"author":1,"featured_media":145964,"parent":0,"menu_order":0,"comment_status":"closed","ping_status":"closed","template":"LearningContentPage.php","meta":{"_acf_changed":false,"footnotes":""},"class_list":["post-145956","page","type-page","status-publish","has-post-thumbnail","hentry"],"acf":[],"yoast_head":"<!-- This site is optimized with the Yoast SEO Premium plugin v27.2 (Yoast SEO v27.2) - https:\/\/yoast.com\/product\/yoast-seo-premium-wordpress\/ -->\n<title>Latvijska gramatika - Talkpal<\/title>\n<meta name=\"description\" content=\"S pouzdanjem savladajte latvijsku gramatiku - nau\u010dite pravila, vje\u017ebajte upotrebu i lako pobolj\u0161ajte jezi\u010dnu to\u010dnost uz Talkpal -ovo personalizirano umjetno inteligencijsko vodstvo.\" \/>\n<meta name=\"robots\" content=\"index, follow, max-snippet:-1, max-image-preview:large, max-video-preview:-1\" \/>\n<link rel=\"canonical\" href=\"https:\/\/talkpal.ai\/hr\/latvijska-gramatika\/\" \/>\n<meta property=\"og:locale\" content=\"hr_HR\" \/>\n<meta property=\"og:type\" content=\"article\" \/>\n<meta property=\"og:title\" content=\"Latvijska gramatika\" \/>\n<meta property=\"og:description\" content=\"Ultimativni vodi\u010d za latvijsku gramatiku: Navigacija zamr\u0161eno\u0161\u0107u jedinstvenog jezika Latvijska gramatika, kao i sam jezik, predstavlja bogatu i\" \/>\n<meta property=\"og:url\" content=\"https:\/\/talkpal.ai\/hr\/latvijska-gramatika\/\" \/>\n<meta property=\"og:site_name\" content=\"Talkpal\" \/>\n<meta property=\"article:publisher\" content=\"https:\/\/www.facebook.com\/profile.php?id=100090733639311\" \/>\n<meta property=\"article:modified_time\" content=\"2025-12-17T17:13:14+00:00\" \/>\n<meta property=\"og:image\" content=\"https:\/\/talkpal.ai\/wp-content\/uploads\/2023\/05\/latvia.png\" \/>\n\t<meta property=\"og:image:width\" content=\"512\" \/>\n\t<meta property=\"og:image:height\" content=\"512\" \/>\n\t<meta property=\"og:image:type\" content=\"image\/png\" \/>\n<meta name=\"twitter:card\" content=\"summary_large_image\" \/>\n<meta name=\"twitter:site\" content=\"@talkpalai\" \/>\n<meta name=\"twitter:label1\" content=\"Procijenjeno vrijeme \u010ditanja\" \/>\n\t<meta name=\"twitter:data1\" content=\"4 minute\" \/>\n<script type=\"application\/ld+json\" class=\"yoast-schema-graph\">{\"@context\":\"https:\/\/schema.org\",\"@graph\":[{\"@type\":\"WebPage\",\"@id\":\"https:\/\/talkpal.ai\/hr\/latvijska-gramatika\/\",\"url\":\"https:\/\/talkpal.ai\/hr\/latvijska-gramatika\/\",\"name\":\"Latvijska gramatika - Talkpal\",\"isPartOf\":{\"@id\":\"https:\/\/talkpal.ai\/hr\/#website\"},\"primaryImageOfPage\":{\"@id\":\"https:\/\/talkpal.ai\/hr\/latvijska-gramatika\/#primaryimage\"},\"image\":{\"@id\":\"https:\/\/talkpal.ai\/hr\/latvijska-gramatika\/#primaryimage\"},\"thumbnailUrl\":\"https:\/\/talkpal.ai\/wp-content\/uploads\/2023\/05\/latvia.png\",\"datePublished\":\"2023-05-14T14:10:24+00:00\",\"dateModified\":\"2025-12-17T17:13:14+00:00\",\"description\":\"S pouzdanjem savladajte latvijsku gramatiku - nau\u010dite pravila, vje\u017ebajte upotrebu i lako pobolj\u0161ajte jezi\u010dnu to\u010dnost uz Talkpal -ovo personalizirano umjetno inteligencijsko vodstvo.\",\"breadcrumb\":{\"@id\":\"https:\/\/talkpal.ai\/hr\/latvijska-gramatika\/#breadcrumb\"},\"inLanguage\":\"hr\",\"potentialAction\":[{\"@type\":\"ReadAction\",\"target\":[\"https:\/\/talkpal.ai\/hr\/latvijska-gramatika\/\"]}]},{\"@type\":\"ImageObject\",\"inLanguage\":\"hr\",\"@id\":\"https:\/\/talkpal.ai\/hr\/latvijska-gramatika\/#primaryimage\",\"url\":\"https:\/\/talkpal.ai\/wp-content\/uploads\/2023\/05\/latvia.png\",\"contentUrl\":\"https:\/\/talkpal.ai\/wp-content\/uploads\/2023\/05\/latvia.png\",\"width\":512,\"height\":512},{\"@type\":\"BreadcrumbList\",\"@id\":\"https:\/\/talkpal.ai\/hr\/latvijska-gramatika\/#breadcrumb\",\"itemListElement\":[{\"@type\":\"ListItem\",\"position\":1,\"name\":\"Homepage\",\"item\":\"https:\/\/talkpal.ai\/hr\/\"},{\"@type\":\"ListItem\",\"position\":2,\"name\":\"Latvijska gramatika\"}]},{\"@type\":\"WebSite\",\"@id\":\"https:\/\/talkpal.ai\/hr\/#website\",\"url\":\"https:\/\/talkpal.ai\/hr\/\",\"name\":\"Talkpal\",\"description\":\"AI Language Learning\",\"publisher\":{\"@id\":\"https:\/\/talkpal.ai\/hr\/#organization\"},\"alternateName\":\"Talkpal AI\",\"potentialAction\":[{\"@type\":\"SearchAction\",\"target\":{\"@type\":\"EntryPoint\",\"urlTemplate\":\"https:\/\/talkpal.ai\/hr\/?s={search_term_string}\"},\"query-input\":{\"@type\":\"PropertyValueSpecification\",\"valueRequired\":true,\"valueName\":\"search_term_string\"}}],\"inLanguage\":\"hr\"},{\"@type\":\"Organization\",\"@id\":\"https:\/\/talkpal.ai\/hr\/#organization\",\"name\":\"Talkpal, Inc.\",\"alternateName\":\"Talkpal AI\",\"url\":\"https:\/\/talkpal.ai\/hr\/\",\"logo\":{\"@type\":\"ImageObject\",\"inLanguage\":\"hr\",\"@id\":\"https:\/\/talkpal.ai\/hr\/#\/schema\/logo\/image\/\",\"url\":\"https:\/\/talkpal.ai\/wp-content\/uploads\/2024\/03\/Talkpal-Logo-Icon.png\",\"contentUrl\":\"https:\/\/talkpal.ai\/wp-content\/uploads\/2024\/03\/Talkpal-Logo-Icon.png\",\"width\":2880,\"height\":2880,\"caption\":\"Talkpal, Inc.\"},\"image\":{\"@id\":\"https:\/\/talkpal.ai\/hr\/#\/schema\/logo\/image\/\"},\"sameAs\":[\"https:\/\/www.facebook.com\/profile.php?id=100090733639311\",\"https:\/\/x.com\/talkpalai\",\"https:\/\/www.linkedin.com\/company\/talkpal\/\",\"https:\/\/www.youtube.com\/@TalkPal\/\",\"https:\/\/www.tiktok.com\/@talkpal\",\"https:\/\/www.instagram.com\/talkpal_ai\/\",\"https:\/\/www.crunchbase.com\/organization\/talkpal-9cde\",\"https:\/\/www.g2.com\/products\/talkpal-for-business\/\",\"https:\/\/www.trustpilot.com\/review\/talkpal.ai\",\"https:\/\/www.capterra.com\/p\/10006800\/TalkPal\/\"],\"description\":\"Talkpal is a language learning web and mobile education app, powered by the latest AI technologies, that provides engaging experiences to its customers in many different languages to help them improve their language skills. Users can chat about unlimited amount of topics with the app and use other modes to practice their language learning.\",\"email\":\"support@talkpal.ai\",\"legalName\":\"Talkpal, Inc.\",\"foundingDate\":\"2023-04-03\",\"duns\":\"118989042\",\"numberOfEmployees\":{\"@type\":\"QuantitativeValue\",\"minValue\":\"11\",\"maxValue\":\"50\"},\"publishingPrinciples\":\"https:\/\/talkpal.ai\/publishing-principles\/\",\"actionableFeedbackPolicy\":\"https:\/\/talkpal.ai\/actionable-feedback-policy\/\",\"correctionsPolicy\":\"https:\/\/talkpal.ai\/corrections-policy\/\",\"ethicsPolicy\":\"https:\/\/talkpal.ai\/ethics-policy\/\",\"diversityPolicy\":\"https:\/\/talkpal.ai\/diversity-policy\/\",\"diversityStaffingReport\":\"https:\/\/talkpal.ai\/diversity-policy\/\"}]}<\/script>\n<!-- \/ Yoast SEO Premium plugin. -->","yoast_head_json":{"title":"Latvijska gramatika - Talkpal","description":"S pouzdanjem savladajte latvijsku gramatiku - nau\u010dite pravila, vje\u017ebajte upotrebu i lako pobolj\u0161ajte jezi\u010dnu to\u010dnost uz Talkpal -ovo personalizirano umjetno inteligencijsko vodstvo.","robots":{"index":"index","follow":"follow","max-snippet":"max-snippet:-1","max-image-preview":"max-image-preview:large","max-video-preview":"max-video-preview:-1"},"canonical":"https:\/\/talkpal.ai\/hr\/latvijska-gramatika\/","og_locale":"hr_HR","og_type":"article","og_title":"Latvijska gramatika","og_description":"Ultimativni vodi\u010d za latvijsku gramatiku: Navigacija zamr\u0161eno\u0161\u0107u jedinstvenog jezika Latvijska gramatika, kao i sam jezik, predstavlja bogatu i","og_url":"https:\/\/talkpal.ai\/hr\/latvijska-gramatika\/","og_site_name":"Talkpal","article_publisher":"https:\/\/www.facebook.com\/profile.php?id=100090733639311","article_modified_time":"2025-12-17T17:13:14+00:00","og_image":[{"width":512,"height":512,"url":"https:\/\/talkpal.ai\/wp-content\/uploads\/2023\/05\/latvia.png","type":"image\/png"}],"twitter_card":"summary_large_image","twitter_site":"@talkpalai","twitter_misc":{"Procijenjeno vrijeme \u010ditanja":"4 minute"},"schema":{"@context":"https:\/\/schema.org","@graph":[{"@type":"WebPage","@id":"https:\/\/talkpal.ai\/hr\/latvijska-gramatika\/","url":"https:\/\/talkpal.ai\/hr\/latvijska-gramatika\/","name":"Latvijska gramatika - Talkpal","isPartOf":{"@id":"https:\/\/talkpal.ai\/hr\/#website"},"primaryImageOfPage":{"@id":"https:\/\/talkpal.ai\/hr\/latvijska-gramatika\/#primaryimage"},"image":{"@id":"https:\/\/talkpal.ai\/hr\/latvijska-gramatika\/#primaryimage"},"thumbnailUrl":"https:\/\/talkpal.ai\/wp-content\/uploads\/2023\/05\/latvia.png","datePublished":"2023-05-14T14:10:24+00:00","dateModified":"2025-12-17T17:13:14+00:00","description":"S pouzdanjem savladajte latvijsku gramatiku - nau\u010dite pravila, vje\u017ebajte upotrebu i lako pobolj\u0161ajte jezi\u010dnu to\u010dnost uz Talkpal -ovo personalizirano umjetno inteligencijsko vodstvo.","breadcrumb":{"@id":"https:\/\/talkpal.ai\/hr\/latvijska-gramatika\/#breadcrumb"},"inLanguage":"hr","potentialAction":[{"@type":"ReadAction","target":["https:\/\/talkpal.ai\/hr\/latvijska-gramatika\/"]}]},{"@type":"ImageObject","inLanguage":"hr","@id":"https:\/\/talkpal.ai\/hr\/latvijska-gramatika\/#primaryimage","url":"https:\/\/talkpal.ai\/wp-content\/uploads\/2023\/05\/latvia.png","contentUrl":"https:\/\/talkpal.ai\/wp-content\/uploads\/2023\/05\/latvia.png","width":512,"height":512},{"@type":"BreadcrumbList","@id":"https:\/\/talkpal.ai\/hr\/latvijska-gramatika\/#breadcrumb","itemListElement":[{"@type":"ListItem","position":1,"name":"Homepage","item":"https:\/\/talkpal.ai\/hr\/"},{"@type":"ListItem","position":2,"name":"Latvijska gramatika"}]},{"@type":"WebSite","@id":"https:\/\/talkpal.ai\/hr\/#website","url":"https:\/\/talkpal.ai\/hr\/","name":"Talkpal","description":"AI Language Learning","publisher":{"@id":"https:\/\/talkpal.ai\/hr\/#organization"},"alternateName":"Talkpal AI","potentialAction":[{"@type":"SearchAction","target":{"@type":"EntryPoint","urlTemplate":"https:\/\/talkpal.ai\/hr\/?s={search_term_string}"},"query-input":{"@type":"PropertyValueSpecification","valueRequired":true,"valueName":"search_term_string"}}],"inLanguage":"hr"},{"@type":"Organization","@id":"https:\/\/talkpal.ai\/hr\/#organization","name":"Talkpal, Inc.","alternateName":"Talkpal AI","url":"https:\/\/talkpal.ai\/hr\/","logo":{"@type":"ImageObject","inLanguage":"hr","@id":"https:\/\/talkpal.ai\/hr\/#\/schema\/logo\/image\/","url":"https:\/\/talkpal.ai\/wp-content\/uploads\/2024\/03\/Talkpal-Logo-Icon.png","contentUrl":"https:\/\/talkpal.ai\/wp-content\/uploads\/2024\/03\/Talkpal-Logo-Icon.png","width":2880,"height":2880,"caption":"Talkpal, Inc."},"image":{"@id":"https:\/\/talkpal.ai\/hr\/#\/schema\/logo\/image\/"},"sameAs":["https:\/\/www.facebook.com\/profile.php?id=100090733639311","https:\/\/x.com\/talkpalai","https:\/\/www.linkedin.com\/company\/talkpal\/","https:\/\/www.youtube.com\/@TalkPal\/","https:\/\/www.tiktok.com\/@talkpal","https:\/\/www.instagram.com\/talkpal_ai\/","https:\/\/www.crunchbase.com\/organization\/talkpal-9cde","https:\/\/www.g2.com\/products\/talkpal-for-business\/","https:\/\/www.trustpilot.com\/review\/talkpal.ai","https:\/\/www.capterra.com\/p\/10006800\/TalkPal\/"],"description":"Talkpal is a language learning web and mobile education app, powered by the latest AI technologies, that provides engaging experiences to its customers in many different languages to help them improve their language skills. Users can chat about unlimited amount of topics with the app and use other modes to practice their language learning.","email":"support@talkpal.ai","legalName":"Talkpal, Inc.","foundingDate":"2023-04-03","duns":"118989042","numberOfEmployees":{"@type":"QuantitativeValue","minValue":"11","maxValue":"50"},"publishingPrinciples":"https:\/\/talkpal.ai\/publishing-principles\/","actionableFeedbackPolicy":"https:\/\/talkpal.ai\/actionable-feedback-policy\/","correctionsPolicy":"https:\/\/talkpal.ai\/corrections-policy\/","ethicsPolicy":"https:\/\/talkpal.ai\/ethics-policy\/","diversityPolicy":"https:\/\/talkpal.ai\/diversity-policy\/","diversityStaffingReport":"https:\/\/talkpal.ai\/diversity-policy\/"}]}},"_links":{"self":[{"href":"https:\/\/talkpal.ai\/hr\/wp-json\/wp\/v2\/pages\/145956","targetHints":{"allow":["GET"]}}],"collection":[{"href":"https:\/\/talkpal.ai\/hr\/wp-json\/wp\/v2\/pages"}],"about":[{"href":"https:\/\/talkpal.ai\/hr\/wp-json\/wp\/v2\/types\/page"}],"author":[{"embeddable":true,"href":"https:\/\/talkpal.ai\/hr\/wp-json\/wp\/v2\/users\/1"}],"replies":[{"embeddable":true,"href":"https:\/\/talkpal.ai\/hr\/wp-json\/wp\/v2\/comments?post=145956"}],"version-history":[{"count":0,"href":"https:\/\/talkpal.ai\/hr\/wp-json\/wp\/v2\/pages\/145956\/revisions"}],"wp:featuredmedia":[{"embeddable":true,"href":"https:\/\/talkpal.ai\/hr\/wp-json\/wp\/v2\/media\/145964"}],"wp:attachment":[{"href":"https:\/\/talkpal.ai\/hr\/wp-json\/wp\/v2\/media?parent=145956"}],"curies":[{"name":"wp","href":"https:\/\/api.w.org\/{rel}","templated":true}]}}