{"id":145501,"date":"2023-05-14T14:09:47","date_gmt":"2023-05-14T14:09:47","guid":{"rendered":"http:\/\/talkpal.ai\/gramatika-kannada\/"},"modified":"2025-12-11T16:23:35","modified_gmt":"2025-12-11T16:23:35","slug":"gramatika-kannada","status":"publish","type":"page","link":"https:\/\/talkpal.ai\/hr\/gramatika-kannada\/","title":{"rendered":"Gramatika Kannada"},"content":{"rendered":"\r\n\r\n\r\n<section class=\"languageChallengeSection\">\r\n    <div class=\"languageInfoWrapper\">\r\n        \r\n        <h1>Gramatika Kannada<\/h1>\r\n        <p>Uzbu\u0111eni ste zbog istra\u017eivanja kannade? Zaronite u gramatiku kannade, koja sadr\u017ei bogate glagolske konjugacije, imenice odre\u0111ene rodom i logi\u010dan sustav pade\u017ea koji o\u017eivljava jezik. Po\u010dnite u\u010diti ve\u0107 danas \u2014 savladavanje gramatike kannade pru\u017eit \u0107e vam alate za duboko povezivanje sa \u017eivopisnom kulturom Karnatake i samouvjerenu komunikaciju na jednom od najizra\u017eajnijih jezika Ju\u017ene Indije!<\/p>\r\n\r\n                            <a class=\"getStartedHidden\" href=\"https:\/\/app.talkpal.ai\/hr\/signup?lng=\">Zapo\u010dni<\/a>\r\n        \r\n    <\/div>\r\n\r\n    <figure>\r\n    <img decoding=\"async\" width=\"768\" height=\"768\" src=\"https:\/\/talkpal.ai\/wp-content\/uploads\/2023\/06\/Kannada-768x768.png\" class=\"languageImage no-lazy\" alt=\"Language learning for increased mental flexibility\" fetchpriority=\"high\" sizes=\"(max-width: 768px) 150px, 768px\" srcset=\"https:\/\/talkpal.ai\/wp-content\/uploads\/2023\/06\/Kannada-768x768.png 768w, https:\/\/talkpal.ai\/wp-content\/uploads\/2023\/06\/Kannada-300x300.png 300w\" \/>\r\n    \r\n\r\n    <\/figure>\r\n\r\n            <a class=\"getStartedVisible\" href=\"https:\/\/app.talkpal.ai\/hr\/signup?lng=\">Zapo\u010dni<\/a>\r\n    \r\n<\/section>\r\n<section class=\"promotionalBanner\">\r\n    <p class=\"promotionalText\">Naju\u010dinkovitiji na\u010din u\u010denja jezika<\/p>\r\n    <a class=\"promotionalLink\" href=\"https:\/\/app.talkpal.ai\/hr\/signup?lng=\">Isprobajte Talkpal besplatno<\/a>\r\n<\/section>\n<div class=\"wp-block-group pageContainerStyle\"><div class=\"wp-block-group__inner-container is-layout-constrained wp-block-group-is-layout-constrained\">\n<h2 class=\"wp-block-heading\" id=\"h-kannada-grammar-an-insight-into-the-richness-of-the-dravidian-language\">Kannada gramatika: Uvid u bogatstvo dravidskog jezika<\/h2>\n\n\n\n<p>Jeste li se ikada zapitali o jezi\u010dnoj raznolikosti Indije? Kao ljubitelj jezika ili znati\u017eeljan u\u010denik, mo\u017eda \u0107ete biti zainteresirani da pobli\u017ee pogledate jedan od klasi\u010dnih jezika Indije &#8211; <a href=\"https:\/\/talkpal.ai\/learn-kannada\/\">Kannada<\/a>. Kannada je dravidski jezik koji se prete\u017eno govori u ju\u017enoj dr\u017eavi Karnataka. To je materinji jezik od oko 44 milijuna ljudi, \u0161to ga \u010dini jednim od glavnih indijskih jezika. Uronimo duboko u fascinantan svijet <a href=\"https:\/\/talkpal.ai\/locations\/language-courses-in-kanada\/\">kanada<\/a> gramatike i nau\u010dimo vi\u0161e o ovom prekrasnom jeziku.<\/p>\n\n\n\n<h3 class=\"wp-block-heading\" id=\"h-the-linguistic-alphabet-kannada-script\">Lingvisti\u010dka abeceda: Kannada pismo<\/h3>\n\n\n\n<p>Kannada pismo, tako\u0111er poznato kao &#8220;\u0c95\u0ca8\u0ccd\u0ca8\u0ca1 \u0cb2\u0cbf\u0caa\u0cbf&#8221; (kannada lipi), je abugida &#8211; sustav pisanja sa slogovnim alfabetima. Svako slovo predstavlja razli\u010ditu kombinaciju suglasnika i samoglasnika. Scenarij se sastoji od 49 znakova, uklju\u010duju\u0107i 34 suglasnika i 13 samoglasnika. S vizualno jasnim izgledom, kannada pismo je prekrasan jedinstven na\u010din preno\u0161enja zvukova i zna\u010denja jezika.<\/p>\n\n\n\n<h3 class=\"wp-block-heading\" id=\"h-nouns-pronouns-and-cases-more-than-meets-the-eye\">Imenice, zamjenice i slu\u010dajevi &#8211; vi\u0161e nego \u0161to se vidi<\/h3>\n\n\n\n<p>Kannada imenice su jedinstvene zbog svog deklinacijskog sustava \u2013 slijede sustav slu\u010dajeva sli\u010dan drugim dravidskim jezicima. U Kannadi postoji osam slu\u010dajeva koji poma\u017eu u definiranju odnosa izme\u0111u imenice i drugih rije\u010di u re\u010denici: nominativna, akuzativna, instrumentalna, dativna, ablativna, genitivna, lokativna i vokativna. Imenice u Kannadi tako\u0111er su klasificirane prema spolu (mu\u0161ki, \u017eenski i kastrirani) i broju (jednina, mno\u017eina i dvostruka &#8211; rijetka zna\u010dajka me\u0111u indijskim jezicima).<\/p>\n\n\n\n<p>Zamjenice u Kannadi tako\u0111er su fascinantne. Oni nose razlike za svaku osobu (prvu, drugu i tre\u0107u), broj (jedninu, mno\u017einu i dvostruki) i spol (mu\u0161ki, \u017eenski i kastrirani). Osim toga, kanada ima nekoliko po\u010dasnih oblika obra\u0107anja, koji pokazuju kulturne aspekte jezika po\u0161tovanja i pristojnosti.<\/p>\n\n\n\n<h3 class=\"wp-block-heading\" id=\"h-venturing-into-verbs-tenses-aspects-and-moods\">Upu\u0161tanje u glagole: Vremena, aspekti i raspolo\u017eenja<\/h3>\n\n\n\n<p>Kannada glagole karakterizira bogat sustav konjugacije. Glagoli se konjugiraju prema vremenu (pro\u0161lost, sada\u0161njost i budu\u0107nost), aspektu (savr\u0161eno ili nesavr\u0161eno) i raspolo\u017eenju (indikativno, imperativno i uvjetno). Daljnja slo\u017eenost dodaje se uz prisutnost uzro\u010dnih glagola i pasivnih i aktivnih glasova. Konjugacija ovisi o osobi, broju i spolu, \u010dine\u0107i Kannada glagol formira visoko nametnute i zamr\u0161ene.<\/p>\n\n\n\n<h3 class=\"wp-block-heading\" id=\"h-adjectives-adverbs-and-more\">Pridjevi, prilozi i jo\u0161 mnogo toga<\/h3>\n\n\n\n<p>Kannada pridjevi i brojevi sla\u017eu se s imenicama koje mijenjaju u smislu spola, broja i slu\u010daja. Pridjevi se mogu nametnuti na isti na\u010din kao i imenice i \u010dak se mogu kombinirati u priloge. Jezik tako\u0111er koristi razli\u010dite veznike, \u010destice i prijedloge za spajanje re\u010denica i njihovih komponenti u kohezivnu i izra\u017eajnu cjelinu.<\/p>\n\n\n\n<h3 class=\"wp-block-heading\" id=\"h-embracing-the-beauty-of-kannada-grammar\">Prihva\u0107anje ljepote gramatike Kannada<\/h3>\n\n\n\n<p>Svijet kannadske gramatike fascinantan je koliko i slo\u017een. Zamr\u0161eni sustav slu\u010dajeva, jedinstvena skripta i visoko nametnuti glagolski oblici daju Kannadi \u0161arm i bogatstvo. Udubljuju\u0107i se u podru\u010dja ovog izvrsnog jezika, stje\u010dete dublje razumijevanje jezi\u010dne i kulturne raznolikosti Indije.<\/p>\n\n\n\n<p>Dakle, za\u0161to ne istra\u017eiti ljepotu Kannade dalje? Sa stra\u0161\u0107u i znati\u017eeljom, uskoro \u0107ete se mo\u017eda na\u0107i u prekrasnoj knji\u017eevnosti, kinu i glazbi na ovom veli\u010danstvenom jeziku. Sretno u\u010denje!<\/p>\n<\/div><\/div>\n\r\n<section class=\"learnNavigationSection\">\r\n            \r\n        <a href=\"https:\/\/talkpal.ai\/hr\/naucite-kannadu\/\">\r\n            <div class=\"learnNavigationWrapper\">\r\n                <div class=\"learnNavigationContent\">\r\n                    <img decoding=\"async\" src=\"https:\/\/talkpal.ai\/wp-content\/uploads\/2024\/08\/Kannada.jpg\" alt=\"Indian Simplified Flag\">\r\n                    <div>\r\n                        <h4>O u\u010denju kanada<\/h4>\r\n                        <p>Saznajte sve o kannadskoj gramatici.<\/p>\r\n                    <\/div>\r\n                <\/div>\r\n            <\/div>\r\n        <\/a>\r\n\r\n        \r\n        <a href=\"https:\/\/talkpal.ai\/hr\/kannada-gramaticke-vjezbe\/\">\r\n            <div class=\"learnNavigationWrapper\">\r\n                <div class=\"learnNavigationContent\">\r\n                    <img decoding=\"async\" src=\"https:\/\/talkpal.ai\/wp-content\/uploads\/2024\/08\/Kannada.jpg\" alt=\"Indian Simplified Flag\">\r\n                    <div>\r\n                        <h4>Vje\u017eba iz kannada gramatike<\/h4>\r\n                        <p>Vje\u017ebajte gramatiku Kannada .<\/p>\r\n                    <\/div>\r\n                <\/div>\r\n            <\/div>\r\n        <\/a>\r\n\r\n        \r\n        <a href=\"https:\/\/talkpal.ai\/vocabulary_language\/kannada\/\">\r\n            <div class=\"learnNavigationWrapper\">\r\n                <div class=\"learnNavigationContent\">\r\n                    <img decoding=\"async\" src=\"https:\/\/talkpal.ai\/wp-content\/uploads\/2024\/08\/Kannada.jpg\" alt=\"Indian Simplified Flag\">\r\n                    <div>\r\n                        <h4>Kannada rje\u010dnik<\/h4>\r\n                        <p>Pro\u0161irite svoj kanada vokabular.<\/p>\r\n                    <\/div>\r\n                <\/div>\r\n            <\/div>\r\n        <\/a>\r\n\r\n            <\/section>","protected":false},"excerpt":{"rendered":"<p>Kannada gramatika: Uvid u bogatstvo dravidskog jezika Jeste li se ikada zapitali o jezi\u010dnoj raznolikosti Indije? Kao ljubitelj jezika ili znati\u017eeljan u\u010denik, mo\u017eda \u0107ete biti zainteresirani da pobli\u017ee pogledate jedan od klasi\u010dnih jezika Indije &#8211; Kannada. Kannada je dravidski jezik koji se prete\u017eno govori u ju\u017enoj dr\u017eavi Karnataka. To je materinji jezik od oko 44 [&hellip;]<\/p>\n","protected":false},"author":1,"featured_media":113645,"parent":0,"menu_order":0,"comment_status":"closed","ping_status":"closed","template":"LearningContentPage.php","meta":{"_acf_changed":false,"footnotes":""},"class_list":["post-145501","page","type-page","status-publish","has-post-thumbnail","hentry"],"acf":[],"yoast_head":"<!-- This site is optimized with the Yoast SEO Premium plugin v27.2 (Yoast SEO v27.2) - https:\/\/yoast.com\/product\/yoast-seo-premium-wordpress\/ -->\n<title>Gramatika Kannada - Talkpal<\/title>\n<meta name=\"description\" content=\"Nau\u010dite kannadsku gramatiku s povjerenjem - shvatite klju\u010dna pravila, izo\u0161trite konstrukciju re\u010denica i pobolj\u0161ajte te\u010dnost\" \/>\n<meta name=\"robots\" content=\"index, follow, max-snippet:-1, max-image-preview:large, max-video-preview:-1\" \/>\n<link rel=\"canonical\" href=\"https:\/\/talkpal.ai\/hr\/gramatika-kannada\/\" \/>\n<meta property=\"og:locale\" content=\"hr_HR\" \/>\n<meta property=\"og:type\" content=\"article\" \/>\n<meta property=\"og:title\" content=\"Gramatika Kannada\" \/>\n<meta property=\"og:description\" content=\"Kannada gramatika: Uvid u bogatstvo dravidskog jezika Jeste li se ikada zapitali o jezi\u010dnoj raznolikosti Indije? Kao ljubitelj jezika ili znati\u017eeljan\" \/>\n<meta property=\"og:url\" content=\"https:\/\/talkpal.ai\/hr\/gramatika-kannada\/\" \/>\n<meta property=\"og:site_name\" content=\"Talkpal\" \/>\n<meta property=\"article:publisher\" content=\"https:\/\/www.facebook.com\/profile.php?id=100090733639311\" \/>\n<meta property=\"article:modified_time\" content=\"2025-12-11T16:23:35+00:00\" \/>\n<meta property=\"og:image\" content=\"https:\/\/talkpal.ai\/wp-content\/uploads\/2023\/05\/Kannada-india.png\" \/>\n\t<meta property=\"og:image:width\" content=\"512\" \/>\n\t<meta property=\"og:image:height\" content=\"512\" \/>\n\t<meta property=\"og:image:type\" content=\"image\/png\" \/>\n<meta name=\"twitter:card\" content=\"summary_large_image\" \/>\n<meta name=\"twitter:site\" content=\"@talkpalai\" \/>\n<meta name=\"twitter:label1\" content=\"Procijenjeno vrijeme \u010ditanja\" \/>\n\t<meta name=\"twitter:data1\" content=\"3 minute\" \/>\n<script type=\"application\/ld+json\" class=\"yoast-schema-graph\">{\"@context\":\"https:\/\/schema.org\",\"@graph\":[{\"@type\":\"WebPage\",\"@id\":\"https:\/\/talkpal.ai\/hr\/gramatika-kannada\/\",\"url\":\"https:\/\/talkpal.ai\/hr\/gramatika-kannada\/\",\"name\":\"Gramatika Kannada - Talkpal\",\"isPartOf\":{\"@id\":\"https:\/\/talkpal.ai\/hr\/#website\"},\"primaryImageOfPage\":{\"@id\":\"https:\/\/talkpal.ai\/hr\/gramatika-kannada\/#primaryimage\"},\"image\":{\"@id\":\"https:\/\/talkpal.ai\/hr\/gramatika-kannada\/#primaryimage\"},\"thumbnailUrl\":\"https:\/\/talkpal.ai\/wp-content\/uploads\/2023\/05\/Kannada-india.png\",\"datePublished\":\"2023-05-14T14:09:47+00:00\",\"dateModified\":\"2025-12-11T16:23:35+00:00\",\"description\":\"Nau\u010dite kannadsku gramatiku s povjerenjem - shvatite klju\u010dna pravila, izo\u0161trite konstrukciju re\u010denica i pobolj\u0161ajte te\u010dnost\",\"breadcrumb\":{\"@id\":\"https:\/\/talkpal.ai\/hr\/gramatika-kannada\/#breadcrumb\"},\"inLanguage\":\"hr\",\"potentialAction\":[{\"@type\":\"ReadAction\",\"target\":[\"https:\/\/talkpal.ai\/hr\/gramatika-kannada\/\"]}]},{\"@type\":\"ImageObject\",\"inLanguage\":\"hr\",\"@id\":\"https:\/\/talkpal.ai\/hr\/gramatika-kannada\/#primaryimage\",\"url\":\"https:\/\/talkpal.ai\/wp-content\/uploads\/2023\/05\/Kannada-india.png\",\"contentUrl\":\"https:\/\/talkpal.ai\/wp-content\/uploads\/2023\/05\/Kannada-india.png\",\"width\":512,\"height\":512},{\"@type\":\"BreadcrumbList\",\"@id\":\"https:\/\/talkpal.ai\/hr\/gramatika-kannada\/#breadcrumb\",\"itemListElement\":[{\"@type\":\"ListItem\",\"position\":1,\"name\":\"Homepage\",\"item\":\"https:\/\/talkpal.ai\/hr\/\"},{\"@type\":\"ListItem\",\"position\":2,\"name\":\"Gramatika Kannada\"}]},{\"@type\":\"WebSite\",\"@id\":\"https:\/\/talkpal.ai\/hr\/#website\",\"url\":\"https:\/\/talkpal.ai\/hr\/\",\"name\":\"Talkpal\",\"description\":\"AI Language Learning\",\"publisher\":{\"@id\":\"https:\/\/talkpal.ai\/hr\/#organization\"},\"alternateName\":\"Talkpal AI\",\"potentialAction\":[{\"@type\":\"SearchAction\",\"target\":{\"@type\":\"EntryPoint\",\"urlTemplate\":\"https:\/\/talkpal.ai\/hr\/?s={search_term_string}\"},\"query-input\":{\"@type\":\"PropertyValueSpecification\",\"valueRequired\":true,\"valueName\":\"search_term_string\"}}],\"inLanguage\":\"hr\"},{\"@type\":\"Organization\",\"@id\":\"https:\/\/talkpal.ai\/hr\/#organization\",\"name\":\"Talkpal, Inc.\",\"alternateName\":\"Talkpal AI\",\"url\":\"https:\/\/talkpal.ai\/hr\/\",\"logo\":{\"@type\":\"ImageObject\",\"inLanguage\":\"hr\",\"@id\":\"https:\/\/talkpal.ai\/hr\/#\/schema\/logo\/image\/\",\"url\":\"https:\/\/talkpal.ai\/wp-content\/uploads\/2024\/03\/Talkpal-Logo-Icon.png\",\"contentUrl\":\"https:\/\/talkpal.ai\/wp-content\/uploads\/2024\/03\/Talkpal-Logo-Icon.png\",\"width\":2880,\"height\":2880,\"caption\":\"Talkpal, Inc.\"},\"image\":{\"@id\":\"https:\/\/talkpal.ai\/hr\/#\/schema\/logo\/image\/\"},\"sameAs\":[\"https:\/\/www.facebook.com\/profile.php?id=100090733639311\",\"https:\/\/x.com\/talkpalai\",\"https:\/\/www.linkedin.com\/company\/talkpal\/\",\"https:\/\/www.youtube.com\/@TalkPal\/\",\"https:\/\/www.tiktok.com\/@talkpal\",\"https:\/\/www.instagram.com\/talkpal_ai\/\",\"https:\/\/www.crunchbase.com\/organization\/talkpal-9cde\",\"https:\/\/www.g2.com\/products\/talkpal-for-business\/\",\"https:\/\/www.trustpilot.com\/review\/talkpal.ai\",\"https:\/\/www.capterra.com\/p\/10006800\/TalkPal\/\"],\"description\":\"Talkpal is a language learning web and mobile education app, powered by the latest AI technologies, that provides engaging experiences to its customers in many different languages to help them improve their language skills. Users can chat about unlimited amount of topics with the app and use other modes to practice their language learning.\",\"email\":\"support@talkpal.ai\",\"legalName\":\"Talkpal, Inc.\",\"foundingDate\":\"2023-04-03\",\"duns\":\"118989042\",\"numberOfEmployees\":{\"@type\":\"QuantitativeValue\",\"minValue\":\"11\",\"maxValue\":\"50\"},\"publishingPrinciples\":\"https:\/\/talkpal.ai\/publishing-principles\/\",\"actionableFeedbackPolicy\":\"https:\/\/talkpal.ai\/actionable-feedback-policy\/\",\"correctionsPolicy\":\"https:\/\/talkpal.ai\/corrections-policy\/\",\"ethicsPolicy\":\"https:\/\/talkpal.ai\/ethics-policy\/\",\"diversityPolicy\":\"https:\/\/talkpal.ai\/diversity-policy\/\",\"diversityStaffingReport\":\"https:\/\/talkpal.ai\/diversity-policy\/\"}]}<\/script>\n<!-- \/ Yoast SEO Premium plugin. -->","yoast_head_json":{"title":"Gramatika Kannada - Talkpal","description":"Nau\u010dite kannadsku gramatiku s povjerenjem - shvatite klju\u010dna pravila, izo\u0161trite konstrukciju re\u010denica i pobolj\u0161ajte te\u010dnost","robots":{"index":"index","follow":"follow","max-snippet":"max-snippet:-1","max-image-preview":"max-image-preview:large","max-video-preview":"max-video-preview:-1"},"canonical":"https:\/\/talkpal.ai\/hr\/gramatika-kannada\/","og_locale":"hr_HR","og_type":"article","og_title":"Gramatika Kannada","og_description":"Kannada gramatika: Uvid u bogatstvo dravidskog jezika Jeste li se ikada zapitali o jezi\u010dnoj raznolikosti Indije? Kao ljubitelj jezika ili znati\u017eeljan","og_url":"https:\/\/talkpal.ai\/hr\/gramatika-kannada\/","og_site_name":"Talkpal","article_publisher":"https:\/\/www.facebook.com\/profile.php?id=100090733639311","article_modified_time":"2025-12-11T16:23:35+00:00","og_image":[{"width":512,"height":512,"url":"https:\/\/talkpal.ai\/wp-content\/uploads\/2023\/05\/Kannada-india.png","type":"image\/png"}],"twitter_card":"summary_large_image","twitter_site":"@talkpalai","twitter_misc":{"Procijenjeno vrijeme \u010ditanja":"3 minute"},"schema":{"@context":"https:\/\/schema.org","@graph":[{"@type":"WebPage","@id":"https:\/\/talkpal.ai\/hr\/gramatika-kannada\/","url":"https:\/\/talkpal.ai\/hr\/gramatika-kannada\/","name":"Gramatika Kannada - Talkpal","isPartOf":{"@id":"https:\/\/talkpal.ai\/hr\/#website"},"primaryImageOfPage":{"@id":"https:\/\/talkpal.ai\/hr\/gramatika-kannada\/#primaryimage"},"image":{"@id":"https:\/\/talkpal.ai\/hr\/gramatika-kannada\/#primaryimage"},"thumbnailUrl":"https:\/\/talkpal.ai\/wp-content\/uploads\/2023\/05\/Kannada-india.png","datePublished":"2023-05-14T14:09:47+00:00","dateModified":"2025-12-11T16:23:35+00:00","description":"Nau\u010dite kannadsku gramatiku s povjerenjem - shvatite klju\u010dna pravila, izo\u0161trite konstrukciju re\u010denica i pobolj\u0161ajte te\u010dnost","breadcrumb":{"@id":"https:\/\/talkpal.ai\/hr\/gramatika-kannada\/#breadcrumb"},"inLanguage":"hr","potentialAction":[{"@type":"ReadAction","target":["https:\/\/talkpal.ai\/hr\/gramatika-kannada\/"]}]},{"@type":"ImageObject","inLanguage":"hr","@id":"https:\/\/talkpal.ai\/hr\/gramatika-kannada\/#primaryimage","url":"https:\/\/talkpal.ai\/wp-content\/uploads\/2023\/05\/Kannada-india.png","contentUrl":"https:\/\/talkpal.ai\/wp-content\/uploads\/2023\/05\/Kannada-india.png","width":512,"height":512},{"@type":"BreadcrumbList","@id":"https:\/\/talkpal.ai\/hr\/gramatika-kannada\/#breadcrumb","itemListElement":[{"@type":"ListItem","position":1,"name":"Homepage","item":"https:\/\/talkpal.ai\/hr\/"},{"@type":"ListItem","position":2,"name":"Gramatika Kannada"}]},{"@type":"WebSite","@id":"https:\/\/talkpal.ai\/hr\/#website","url":"https:\/\/talkpal.ai\/hr\/","name":"Talkpal","description":"AI Language Learning","publisher":{"@id":"https:\/\/talkpal.ai\/hr\/#organization"},"alternateName":"Talkpal AI","potentialAction":[{"@type":"SearchAction","target":{"@type":"EntryPoint","urlTemplate":"https:\/\/talkpal.ai\/hr\/?s={search_term_string}"},"query-input":{"@type":"PropertyValueSpecification","valueRequired":true,"valueName":"search_term_string"}}],"inLanguage":"hr"},{"@type":"Organization","@id":"https:\/\/talkpal.ai\/hr\/#organization","name":"Talkpal, Inc.","alternateName":"Talkpal AI","url":"https:\/\/talkpal.ai\/hr\/","logo":{"@type":"ImageObject","inLanguage":"hr","@id":"https:\/\/talkpal.ai\/hr\/#\/schema\/logo\/image\/","url":"https:\/\/talkpal.ai\/wp-content\/uploads\/2024\/03\/Talkpal-Logo-Icon.png","contentUrl":"https:\/\/talkpal.ai\/wp-content\/uploads\/2024\/03\/Talkpal-Logo-Icon.png","width":2880,"height":2880,"caption":"Talkpal, Inc."},"image":{"@id":"https:\/\/talkpal.ai\/hr\/#\/schema\/logo\/image\/"},"sameAs":["https:\/\/www.facebook.com\/profile.php?id=100090733639311","https:\/\/x.com\/talkpalai","https:\/\/www.linkedin.com\/company\/talkpal\/","https:\/\/www.youtube.com\/@TalkPal\/","https:\/\/www.tiktok.com\/@talkpal","https:\/\/www.instagram.com\/talkpal_ai\/","https:\/\/www.crunchbase.com\/organization\/talkpal-9cde","https:\/\/www.g2.com\/products\/talkpal-for-business\/","https:\/\/www.trustpilot.com\/review\/talkpal.ai","https:\/\/www.capterra.com\/p\/10006800\/TalkPal\/"],"description":"Talkpal is a language learning web and mobile education app, powered by the latest AI technologies, that provides engaging experiences to its customers in many different languages to help them improve their language skills. Users can chat about unlimited amount of topics with the app and use other modes to practice their language learning.","email":"support@talkpal.ai","legalName":"Talkpal, Inc.","foundingDate":"2023-04-03","duns":"118989042","numberOfEmployees":{"@type":"QuantitativeValue","minValue":"11","maxValue":"50"},"publishingPrinciples":"https:\/\/talkpal.ai\/publishing-principles\/","actionableFeedbackPolicy":"https:\/\/talkpal.ai\/actionable-feedback-policy\/","correctionsPolicy":"https:\/\/talkpal.ai\/corrections-policy\/","ethicsPolicy":"https:\/\/talkpal.ai\/ethics-policy\/","diversityPolicy":"https:\/\/talkpal.ai\/diversity-policy\/","diversityStaffingReport":"https:\/\/talkpal.ai\/diversity-policy\/"}]}},"_links":{"self":[{"href":"https:\/\/talkpal.ai\/hr\/wp-json\/wp\/v2\/pages\/145501","targetHints":{"allow":["GET"]}}],"collection":[{"href":"https:\/\/talkpal.ai\/hr\/wp-json\/wp\/v2\/pages"}],"about":[{"href":"https:\/\/talkpal.ai\/hr\/wp-json\/wp\/v2\/types\/page"}],"author":[{"embeddable":true,"href":"https:\/\/talkpal.ai\/hr\/wp-json\/wp\/v2\/users\/1"}],"replies":[{"embeddable":true,"href":"https:\/\/talkpal.ai\/hr\/wp-json\/wp\/v2\/comments?post=145501"}],"version-history":[{"count":0,"href":"https:\/\/talkpal.ai\/hr\/wp-json\/wp\/v2\/pages\/145501\/revisions"}],"wp:featuredmedia":[{"embeddable":true,"href":"https:\/\/talkpal.ai\/hr\/wp-json\/wp\/v2\/media\/113645"}],"wp:attachment":[{"href":"https:\/\/talkpal.ai\/hr\/wp-json\/wp\/v2\/media?parent=145501"}],"curies":[{"name":"wp","href":"https:\/\/api.w.org\/{rel}","templated":true}]}}