{"id":145164,"date":"2023-05-14T14:09:29","date_gmt":"2023-05-14T14:09:29","guid":{"rendered":"http:\/\/talkpal.ai\/indonezijska-gramatika\/"},"modified":"2025-12-13T15:44:33","modified_gmt":"2025-12-13T15:44:33","slug":"indonezijska-gramatika","status":"publish","type":"page","link":"https:\/\/talkpal.ai\/hr\/indonezijska-gramatika\/","title":{"rendered":"Indonezijska gramatika"},"content":{"rendered":"\r\n\r\n\r\n<section class=\"languageChallengeSection\">\r\n    <div class=\"languageInfoWrapper\">\r\n        \r\n        <h1>Indonezijska gramatika<\/h1>\r\n        <p>Zanima vas savladavanje indonezijskog jezika? Svojom jednostavnom gramatikom &#8211; bez konjugacija glagola, bez rodova imenica i jednostavnom re\u010deni\u010dnom strukturom &#8211; <a href=\"https:\/\/talkpal.ai\/learn-indonesian\/\">indonezijski<\/a> je jedan od jezika najprilago\u0111enijih u\u010denicima. Zapo\u010dnite svoje putovanje ve\u0107 danas i uvjerite se kako vam razumijevanje indonezijske gramatike mo\u017ee brzo otvoriti svijet komunikacije i \u017eivopisnih kulturnih iskustava!<\/p>\r\n\r\n                            <a class=\"getStartedHidden\" href=\"https:\/\/app.talkpal.ai\/hr\/signup?lng=\">Zapo\u010dni<\/a>\r\n        \r\n    <\/div>\r\n\r\n    <figure>\r\n    <img decoding=\"async\" width=\"768\" height=\"768\" src=\"https:\/\/talkpal.ai\/wp-content\/uploads\/2023\/06\/indonesia-768x768.png\" class=\"languageImage no-lazy\" alt=\"Language learning for personal achievement\" fetchpriority=\"high\" sizes=\"(max-width: 768px) 150px, 768px\" srcset=\"https:\/\/talkpal.ai\/wp-content\/uploads\/2023\/06\/indonesia-768x768.png 768w, https:\/\/talkpal.ai\/wp-content\/uploads\/2023\/06\/indonesia-300x300.png 300w\" \/>\r\n    \r\n\r\n    <\/figure>\r\n\r\n            <a class=\"getStartedVisible\" href=\"https:\/\/app.talkpal.ai\/hr\/signup?lng=\">Zapo\u010dni<\/a>\r\n    \r\n<\/section>\r\n<section class=\"promotionalBanner\">\r\n    <p class=\"promotionalText\"><\/p>\r\n    <a class=\"promotionalLink\" href=\"https:\/\/app.talkpal.ai\/hr\/signup?lng=\"><\/a>\r\n<\/section>\n<div class=\"wp-block-group pageContainerStyle\"><div class=\"wp-block-group__inner-container is-layout-constrained wp-block-group-is-layout-constrained\">\n<h2 class=\"wp-block-heading\" id=\"h-the-wonders-of-indonesian-grammar-a-guide-for-language-learners\">\u010cuda indonezijske gramatike: Vodi\u010d za u\u010denike jezika<\/h2>\n\n\n\n<p><a href=\"https:\/\/talkpal.ai\/indonesian-grammar\/\">Indonezijska gramatika<\/a> \u2013 jednostavna, ali elegantna, gostoljubiva, ali privla\u010dna, pristupa\u010dna, ali o\u010daravaju\u0107a. Dok kre\u0107ete na svoje putovanje kako biste nau\u010dili <a href=\"https:\/\/talkpal.ai\/learn-indonesian\/\">indonezijski<\/a> jezik, budite sigurni da \u0107e prihva\u0107anje njegove gramatike biti ugodno iskustvo. Ovim \u010dlankom nastojimo vam pru\u017eiti razumijevanje klju\u010dnih aspekata indonezijske gramatike i pomo\u0107i vam da prihvatite ljepotu ovog jugoisto\u010dnoazijskog jezika.<\/p>\n\n\n\n<p>Zaronimo u temeljne elemente indonezijske gramatike, s obja\u0161njenjima i primjerima koji pravila i koncepte \u010dine divno jasnima. Dakle, sjednite, opustite se i dopustite nam da otkrijemo fascinantne tajne indonezijske gramatike za vas.<\/p>\n\n\n\n<h3 class=\"wp-block-heading\" id=\"h-1-nouns-no-genders-no-plurals-no-stress\">1. Imenice: Bez spolova, bez mno\u017eine, bez stresa!<\/h3>\n\n\n\n<p>Jedan od najsvje\u017eijih aspekata indonezijske gramatike je jednostavnost njegovog imeni\u010dkog sustava. Indonezijske imenice nemaju spol ili mno\u017einu. To zna\u010di da ka\u017eete &#8220;anjing&#8221; (pas) bilo da mislite na jedno \u0161tene ili skupinu odraslih pasa.<\/p>\n\n\n\n<p>Da biste odredili oblik mno\u017eine, mo\u017eete ili ponoviti imenicu (npr. &#8220;anak-anak&#8221; za &#8220;djeca&#8221;) ili upotrijebiti izraz koli\u010dine kao \u0161to je &#8220;banyak&#8221; (mnogo) ili &#8220;beberapa&#8221; (neki). To je to! Nije li to da\u0161ak svje\u017eeg zraka u usporedbi s drugim jezicima?<\/p>\n\n\n\n<h3 class=\"wp-block-heading\" id=\"h-2-pronouns-staying-humble-and-respectful\">2. Zamjenice: Ostati ponizan i pun po\u0161tovanja<\/h3>\n\n\n\n<p>Indonezijska <a href=\"https:\/\/talkpal.ai\/sq\/gramatika\/\">gramatika<\/a> koristi razli\u010dite zamjenice na temelju razli\u010ditih razina formalnosti. Kori\u0161tenje odgovaraju\u0107e zamjenice prilikom obra\u0107anja nekome klju\u010dno je za iskazivanje po\u0161tovanja i poniznosti. Na primjer, &#8220;aku&#8221; (ja\/ja) je le\u017eeran i intiman, &#8220;saya&#8221; je pristojan i neutralan, a &#8220;saya&#8221; je formalan i skroman. Sli\u010dno tome, &#8220;kamu&#8221; (vi) je neformalno, &#8220;Anda&#8221; je pristojno, a &#8220;Bapak\/Ibu&#8221; (gospodine\/gospo\u0111o) rezervirano je za vrlo formalne situacije.<\/p>\n\n\n\n<p>Zapamtite, uvijek je dobra ideja pogrije\u0161iti s pristojno\u0161\u0107u u novim ili neizvjesnim situacijama.<\/p>\n\n\n\n<h3 class=\"wp-block-heading\" id=\"h-3-verbs-no-conjugations-but-prefixes-and-suffixes-galore\">3. Glagoli: Nema konjugacija, ali prefiksi i sufiksi izobilje!<\/h3>\n\n\n\n<p>Indonezijski glagoli ostaju nepromijenjeni bez obzira na vrijeme, raspolo\u017eenje ili subjekt, \u0161to ih \u010dini mnogo jednostavnijim od glagola u mnogim drugim jezicima. Me\u0111utim, morat \u0107ete svladati upotrebu prefiksa i sufiksa da biste promijenili zna\u010denje glagola.<\/p>\n\n\n\n<p>Neki uobi\u010dajeni prefiksi uklju\u010duju \u201cme-\u201d (aktivni glagoli), \u201cdi-\u201d (pasivni glagoli) i \u201cber-\u201d (stativni glagoli). Uobi\u010dajeni sufiksi uklju\u010duju \u201c-kan\u201d (uzro\u010dni glagoli) i \u201c-i\u201d (prijelazni glagoli). Na primjer, &#8220;makan&#8221; zna\u010di &#8220;jesti&#8221;, &#8220;memakan&#8221; zna\u010di &#8220;konzumirati&#8221;, a &#8220;dimakan&#8221; zna\u010di &#8220;biti pojeden&#8221;.<\/p>\n\n\n\n<h3 class=\"wp-block-heading\" id=\"h-4-word-order-subject-verb-object-simplicity\">4. Redoslijed rije\u010di: Jednostavnost subjekt-glagol-objekt!<\/h3>\n\n\n\n<p>Indonezijska gramatika slijedi jednostavan redoslijed rije\u010di Subject-Verb-Object (SVO), sli\u010dan engleskom. To olak\u0161ava konstrukciju i razumijevanje re\u010denica govornicima engleskog jezika. Na primjer, &#8220;Saya memakan pisang&#8221; prevodi se izravno na &#8220;Ja (subjekt) jedem (glagol) bananu (objekt)&#8221;.<\/p>\n\n\n\n<h3 class=\"wp-block-heading\" id=\"h-5-immerse-yourself-in-indonesian-practice-makes-perfect\">5. Uronite u indonezijski: Praksa \u010dini savr\u0161enim<\/h3>\n\n\n\n<p>Ljepota indonezijske gramatike le\u017ei u njezinoj jednostavnosti i pristupa\u010dnosti. Redovita praksa \u010ditanja, pisanja, slu\u0161anja i govora pomo\u0107i \u0107e vam da savladate jezik i njegovu gramatiku. Prigrlite izazove, pobijedite slo\u017eenost i otklju\u010dajte pravi \u0161arm indonezijskog jezika.<\/p>\n\n\n\n<p>Dakle, jeste li spremni zaroniti u \u010duda indonezijske gramatike? Pristupite mu s povjerenjem i znati\u017eeljom, a predano\u0161\u0107u i uzbu\u0111enjem uskoro mo\u017eete postati rje\u010dit indonezijski govornik. Selamat Belajar! (Sretno u\u010denje!)<\/p>\n<\/div><\/div>\n\r\n<section class=\"learnNavigationSection\">\r\n            \r\n        <a href=\"https:\/\/talkpal.ai\/hr\/ucenje-indonezijskog-jezika\/\">\r\n            <div class=\"learnNavigationWrapper\">\r\n                <div class=\"learnNavigationContent\">\r\n                    <img decoding=\"async\" src=\"https:\/\/talkpal.ai\/wp-content\/uploads\/2024\/08\/Indonesian.jpg\" alt=\"Indonesian Flag\">\r\n                    <div>\r\n                        <h4>O u\u010denju indonezijskog<\/h4>\r\n                        <p>Saznajte sve o indonezijskoj gramatici.<\/p>\r\n                    <\/div>\r\n                <\/div>\r\n            <\/div>\r\n        <\/a>\r\n\r\n        \r\n        <a href=\"https:\/\/talkpal.ai\/hr\/indonezijske-gramaticke-vjezbe\/\">\r\n            <div class=\"learnNavigationWrapper\">\r\n                <div class=\"learnNavigationContent\">\r\n                    <img decoding=\"async\" src=\"https:\/\/talkpal.ai\/wp-content\/uploads\/2024\/08\/Indonesian.jpg\" alt=\"Indonesian Flag\">\r\n                    <div>\r\n                        <h4>Vje\u017eba iz gramatike indonezijskog<\/h4>\r\n                        <p>Vje\u017ebajte indonezijsku gramatiku.<\/p>\r\n                    <\/div>\r\n                <\/div>\r\n            <\/div>\r\n        <\/a>\r\n\r\n        \r\n        <a href=\"https:\/\/talkpal.ai\/vocabulary_language\/indonesian\/\">\r\n            <div class=\"learnNavigationWrapper\">\r\n                <div class=\"learnNavigationContent\">\r\n                    <img decoding=\"async\" src=\"https:\/\/talkpal.ai\/wp-content\/uploads\/2024\/08\/Indonesian.jpg\" alt=\"Indonesian Flag\">\r\n                    <div>\r\n                        <h4>indonezijski vokabular<\/h4>\r\n                        <p>Pro\u0161irite svoj vokabular indonezijskog.<\/p>\r\n                    <\/div>\r\n                <\/div>\r\n            <\/div>\r\n        <\/a>\r\n\r\n            <\/section>","protected":false},"excerpt":{"rendered":"<p>\u010cuda indonezijske gramatike: Vodi\u010d za u\u010denike jezika Indonezijska gramatika \u2013 jednostavna, ali elegantna, gostoljubiva, ali privla\u010dna, pristupa\u010dna, ali o\u010daravaju\u0107a. Dok kre\u0107ete na svoje putovanje kako biste nau\u010dili indonezijski jezik, budite sigurni da \u0107e prihva\u0107anje njegove gramatike biti ugodno iskustvo. Ovim \u010dlankom nastojimo vam pru\u017eiti razumijevanje klju\u010dnih aspekata indonezijske gramatike i pomo\u0107i vam da prihvatite ljepotu [&hellip;]<\/p>\n","protected":false},"author":1,"featured_media":113879,"parent":0,"menu_order":0,"comment_status":"closed","ping_status":"closed","template":"LearningContentPage.php","meta":{"_acf_changed":false,"footnotes":""},"class_list":["post-145164","page","type-page","status-publish","has-post-thumbnail","hentry"],"acf":[],"yoast_head":"<!-- This site is optimized with the Yoast SEO Premium plugin v27.2 (Yoast SEO v27.2) - https:\/\/yoast.com\/product\/yoast-seo-premium-wordpress\/ -->\n<title>Indonezijska gramatika - Talkpal<\/title>\n<meta name=\"description\" content=\"Savladajte indonezijsku gramatiku bez napora uz Talkpal aplikaciju za u\u010denje jezika s umjetnom inteligencijom. Komunicirajte s povjerenjem koriste\u0107i Talkpal -ovo vodstvo temeljeno na umjetnoj inteligenciji.\" \/>\n<meta name=\"robots\" content=\"index, follow, max-snippet:-1, max-image-preview:large, max-video-preview:-1\" \/>\n<link rel=\"canonical\" href=\"https:\/\/talkpal.ai\/hr\/indonezijska-gramatika\/\" \/>\n<meta property=\"og:locale\" content=\"hr_HR\" \/>\n<meta property=\"og:type\" content=\"article\" \/>\n<meta property=\"og:title\" content=\"Indonezijska gramatika\" \/>\n<meta property=\"og:description\" content=\"\u010cuda indonezijske gramatike: Vodi\u010d za u\u010denike jezika Indonezijska gramatika \u2013 jednostavna, ali elegantna, gostoljubiva, ali privla\u010dna, pristupa\u010dna, ali\" \/>\n<meta property=\"og:url\" content=\"https:\/\/talkpal.ai\/hr\/indonezijska-gramatika\/\" \/>\n<meta property=\"og:site_name\" content=\"Talkpal\" \/>\n<meta property=\"article:publisher\" content=\"https:\/\/www.facebook.com\/profile.php?id=100090733639311\" \/>\n<meta property=\"article:modified_time\" content=\"2025-12-13T15:44:33+00:00\" \/>\n<meta property=\"og:image\" content=\"https:\/\/talkpal.ai\/wp-content\/uploads\/2023\/05\/indonesia.png\" \/>\n\t<meta property=\"og:image:width\" content=\"512\" \/>\n\t<meta property=\"og:image:height\" content=\"512\" \/>\n\t<meta property=\"og:image:type\" content=\"image\/png\" \/>\n<meta name=\"twitter:card\" content=\"summary_large_image\" \/>\n<meta name=\"twitter:site\" content=\"@talkpalai\" \/>\n<meta name=\"twitter:label1\" content=\"Procijenjeno vrijeme \u010ditanja\" \/>\n\t<meta name=\"twitter:data1\" content=\"3 minute\" \/>\n<script type=\"application\/ld+json\" class=\"yoast-schema-graph\">{\"@context\":\"https:\/\/schema.org\",\"@graph\":[{\"@type\":\"WebPage\",\"@id\":\"https:\/\/talkpal.ai\/hr\/indonezijska-gramatika\/\",\"url\":\"https:\/\/talkpal.ai\/hr\/indonezijska-gramatika\/\",\"name\":\"Indonezijska gramatika - Talkpal\",\"isPartOf\":{\"@id\":\"https:\/\/talkpal.ai\/hr\/#website\"},\"primaryImageOfPage\":{\"@id\":\"https:\/\/talkpal.ai\/hr\/indonezijska-gramatika\/#primaryimage\"},\"image\":{\"@id\":\"https:\/\/talkpal.ai\/hr\/indonezijska-gramatika\/#primaryimage\"},\"thumbnailUrl\":\"https:\/\/talkpal.ai\/wp-content\/uploads\/2023\/05\/indonesia.png\",\"datePublished\":\"2023-05-14T14:09:29+00:00\",\"dateModified\":\"2025-12-13T15:44:33+00:00\",\"description\":\"Savladajte indonezijsku gramatiku bez napora uz Talkpal aplikaciju za u\u010denje jezika s umjetnom inteligencijom. Komunicirajte s povjerenjem koriste\u0107i Talkpal -ovo vodstvo temeljeno na umjetnoj inteligenciji.\",\"breadcrumb\":{\"@id\":\"https:\/\/talkpal.ai\/hr\/indonezijska-gramatika\/#breadcrumb\"},\"inLanguage\":\"hr\",\"potentialAction\":[{\"@type\":\"ReadAction\",\"target\":[\"https:\/\/talkpal.ai\/hr\/indonezijska-gramatika\/\"]}]},{\"@type\":\"ImageObject\",\"inLanguage\":\"hr\",\"@id\":\"https:\/\/talkpal.ai\/hr\/indonezijska-gramatika\/#primaryimage\",\"url\":\"https:\/\/talkpal.ai\/wp-content\/uploads\/2023\/05\/indonesia.png\",\"contentUrl\":\"https:\/\/talkpal.ai\/wp-content\/uploads\/2023\/05\/indonesia.png\",\"width\":512,\"height\":512},{\"@type\":\"BreadcrumbList\",\"@id\":\"https:\/\/talkpal.ai\/hr\/indonezijska-gramatika\/#breadcrumb\",\"itemListElement\":[{\"@type\":\"ListItem\",\"position\":1,\"name\":\"Homepage\",\"item\":\"https:\/\/talkpal.ai\/hr\/\"},{\"@type\":\"ListItem\",\"position\":2,\"name\":\"Indonezijska gramatika\"}]},{\"@type\":\"WebSite\",\"@id\":\"https:\/\/talkpal.ai\/hr\/#website\",\"url\":\"https:\/\/talkpal.ai\/hr\/\",\"name\":\"Talkpal\",\"description\":\"AI Language Learning\",\"publisher\":{\"@id\":\"https:\/\/talkpal.ai\/hr\/#organization\"},\"alternateName\":\"Talkpal AI\",\"potentialAction\":[{\"@type\":\"SearchAction\",\"target\":{\"@type\":\"EntryPoint\",\"urlTemplate\":\"https:\/\/talkpal.ai\/hr\/?s={search_term_string}\"},\"query-input\":{\"@type\":\"PropertyValueSpecification\",\"valueRequired\":true,\"valueName\":\"search_term_string\"}}],\"inLanguage\":\"hr\"},{\"@type\":\"Organization\",\"@id\":\"https:\/\/talkpal.ai\/hr\/#organization\",\"name\":\"Talkpal, Inc.\",\"alternateName\":\"Talkpal AI\",\"url\":\"https:\/\/talkpal.ai\/hr\/\",\"logo\":{\"@type\":\"ImageObject\",\"inLanguage\":\"hr\",\"@id\":\"https:\/\/talkpal.ai\/hr\/#\/schema\/logo\/image\/\",\"url\":\"https:\/\/talkpal.ai\/wp-content\/uploads\/2024\/03\/Talkpal-Logo-Icon.png\",\"contentUrl\":\"https:\/\/talkpal.ai\/wp-content\/uploads\/2024\/03\/Talkpal-Logo-Icon.png\",\"width\":2880,\"height\":2880,\"caption\":\"Talkpal, Inc.\"},\"image\":{\"@id\":\"https:\/\/talkpal.ai\/hr\/#\/schema\/logo\/image\/\"},\"sameAs\":[\"https:\/\/www.facebook.com\/profile.php?id=100090733639311\",\"https:\/\/x.com\/talkpalai\",\"https:\/\/www.linkedin.com\/company\/talkpal\/\",\"https:\/\/www.youtube.com\/@TalkPal\/\",\"https:\/\/www.tiktok.com\/@talkpal\",\"https:\/\/www.instagram.com\/talkpal_ai\/\",\"https:\/\/www.crunchbase.com\/organization\/talkpal-9cde\",\"https:\/\/www.g2.com\/products\/talkpal-for-business\/\",\"https:\/\/www.trustpilot.com\/review\/talkpal.ai\",\"https:\/\/www.capterra.com\/p\/10006800\/TalkPal\/\"],\"description\":\"Talkpal is a language learning web and mobile education app, powered by the latest AI technologies, that provides engaging experiences to its customers in many different languages to help them improve their language skills. Users can chat about unlimited amount of topics with the app and use other modes to practice their language learning.\",\"email\":\"support@talkpal.ai\",\"legalName\":\"Talkpal, Inc.\",\"foundingDate\":\"2023-04-03\",\"duns\":\"118989042\",\"numberOfEmployees\":{\"@type\":\"QuantitativeValue\",\"minValue\":\"11\",\"maxValue\":\"50\"},\"publishingPrinciples\":\"https:\/\/talkpal.ai\/publishing-principles\/\",\"actionableFeedbackPolicy\":\"https:\/\/talkpal.ai\/actionable-feedback-policy\/\",\"correctionsPolicy\":\"https:\/\/talkpal.ai\/corrections-policy\/\",\"ethicsPolicy\":\"https:\/\/talkpal.ai\/ethics-policy\/\",\"diversityPolicy\":\"https:\/\/talkpal.ai\/diversity-policy\/\",\"diversityStaffingReport\":\"https:\/\/talkpal.ai\/diversity-policy\/\"}]}<\/script>\n<!-- \/ Yoast SEO Premium plugin. -->","yoast_head_json":{"title":"Indonezijska gramatika - Talkpal","description":"Savladajte indonezijsku gramatiku bez napora uz Talkpal aplikaciju za u\u010denje jezika s umjetnom inteligencijom. Komunicirajte s povjerenjem koriste\u0107i Talkpal -ovo vodstvo temeljeno na umjetnoj inteligenciji.","robots":{"index":"index","follow":"follow","max-snippet":"max-snippet:-1","max-image-preview":"max-image-preview:large","max-video-preview":"max-video-preview:-1"},"canonical":"https:\/\/talkpal.ai\/hr\/indonezijska-gramatika\/","og_locale":"hr_HR","og_type":"article","og_title":"Indonezijska gramatika","og_description":"\u010cuda indonezijske gramatike: Vodi\u010d za u\u010denike jezika Indonezijska gramatika \u2013 jednostavna, ali elegantna, gostoljubiva, ali privla\u010dna, pristupa\u010dna, ali","og_url":"https:\/\/talkpal.ai\/hr\/indonezijska-gramatika\/","og_site_name":"Talkpal","article_publisher":"https:\/\/www.facebook.com\/profile.php?id=100090733639311","article_modified_time":"2025-12-13T15:44:33+00:00","og_image":[{"width":512,"height":512,"url":"https:\/\/talkpal.ai\/wp-content\/uploads\/2023\/05\/indonesia.png","type":"image\/png"}],"twitter_card":"summary_large_image","twitter_site":"@talkpalai","twitter_misc":{"Procijenjeno vrijeme \u010ditanja":"3 minute"},"schema":{"@context":"https:\/\/schema.org","@graph":[{"@type":"WebPage","@id":"https:\/\/talkpal.ai\/hr\/indonezijska-gramatika\/","url":"https:\/\/talkpal.ai\/hr\/indonezijska-gramatika\/","name":"Indonezijska gramatika - Talkpal","isPartOf":{"@id":"https:\/\/talkpal.ai\/hr\/#website"},"primaryImageOfPage":{"@id":"https:\/\/talkpal.ai\/hr\/indonezijska-gramatika\/#primaryimage"},"image":{"@id":"https:\/\/talkpal.ai\/hr\/indonezijska-gramatika\/#primaryimage"},"thumbnailUrl":"https:\/\/talkpal.ai\/wp-content\/uploads\/2023\/05\/indonesia.png","datePublished":"2023-05-14T14:09:29+00:00","dateModified":"2025-12-13T15:44:33+00:00","description":"Savladajte indonezijsku gramatiku bez napora uz Talkpal aplikaciju za u\u010denje jezika s umjetnom inteligencijom. Komunicirajte s povjerenjem koriste\u0107i Talkpal -ovo vodstvo temeljeno na umjetnoj inteligenciji.","breadcrumb":{"@id":"https:\/\/talkpal.ai\/hr\/indonezijska-gramatika\/#breadcrumb"},"inLanguage":"hr","potentialAction":[{"@type":"ReadAction","target":["https:\/\/talkpal.ai\/hr\/indonezijska-gramatika\/"]}]},{"@type":"ImageObject","inLanguage":"hr","@id":"https:\/\/talkpal.ai\/hr\/indonezijska-gramatika\/#primaryimage","url":"https:\/\/talkpal.ai\/wp-content\/uploads\/2023\/05\/indonesia.png","contentUrl":"https:\/\/talkpal.ai\/wp-content\/uploads\/2023\/05\/indonesia.png","width":512,"height":512},{"@type":"BreadcrumbList","@id":"https:\/\/talkpal.ai\/hr\/indonezijska-gramatika\/#breadcrumb","itemListElement":[{"@type":"ListItem","position":1,"name":"Homepage","item":"https:\/\/talkpal.ai\/hr\/"},{"@type":"ListItem","position":2,"name":"Indonezijska gramatika"}]},{"@type":"WebSite","@id":"https:\/\/talkpal.ai\/hr\/#website","url":"https:\/\/talkpal.ai\/hr\/","name":"Talkpal","description":"AI Language Learning","publisher":{"@id":"https:\/\/talkpal.ai\/hr\/#organization"},"alternateName":"Talkpal AI","potentialAction":[{"@type":"SearchAction","target":{"@type":"EntryPoint","urlTemplate":"https:\/\/talkpal.ai\/hr\/?s={search_term_string}"},"query-input":{"@type":"PropertyValueSpecification","valueRequired":true,"valueName":"search_term_string"}}],"inLanguage":"hr"},{"@type":"Organization","@id":"https:\/\/talkpal.ai\/hr\/#organization","name":"Talkpal, Inc.","alternateName":"Talkpal AI","url":"https:\/\/talkpal.ai\/hr\/","logo":{"@type":"ImageObject","inLanguage":"hr","@id":"https:\/\/talkpal.ai\/hr\/#\/schema\/logo\/image\/","url":"https:\/\/talkpal.ai\/wp-content\/uploads\/2024\/03\/Talkpal-Logo-Icon.png","contentUrl":"https:\/\/talkpal.ai\/wp-content\/uploads\/2024\/03\/Talkpal-Logo-Icon.png","width":2880,"height":2880,"caption":"Talkpal, Inc."},"image":{"@id":"https:\/\/talkpal.ai\/hr\/#\/schema\/logo\/image\/"},"sameAs":["https:\/\/www.facebook.com\/profile.php?id=100090733639311","https:\/\/x.com\/talkpalai","https:\/\/www.linkedin.com\/company\/talkpal\/","https:\/\/www.youtube.com\/@TalkPal\/","https:\/\/www.tiktok.com\/@talkpal","https:\/\/www.instagram.com\/talkpal_ai\/","https:\/\/www.crunchbase.com\/organization\/talkpal-9cde","https:\/\/www.g2.com\/products\/talkpal-for-business\/","https:\/\/www.trustpilot.com\/review\/talkpal.ai","https:\/\/www.capterra.com\/p\/10006800\/TalkPal\/"],"description":"Talkpal is a language learning web and mobile education app, powered by the latest AI technologies, that provides engaging experiences to its customers in many different languages to help them improve their language skills. Users can chat about unlimited amount of topics with the app and use other modes to practice their language learning.","email":"support@talkpal.ai","legalName":"Talkpal, Inc.","foundingDate":"2023-04-03","duns":"118989042","numberOfEmployees":{"@type":"QuantitativeValue","minValue":"11","maxValue":"50"},"publishingPrinciples":"https:\/\/talkpal.ai\/publishing-principles\/","actionableFeedbackPolicy":"https:\/\/talkpal.ai\/actionable-feedback-policy\/","correctionsPolicy":"https:\/\/talkpal.ai\/corrections-policy\/","ethicsPolicy":"https:\/\/talkpal.ai\/ethics-policy\/","diversityPolicy":"https:\/\/talkpal.ai\/diversity-policy\/","diversityStaffingReport":"https:\/\/talkpal.ai\/diversity-policy\/"}]}},"_links":{"self":[{"href":"https:\/\/talkpal.ai\/hr\/wp-json\/wp\/v2\/pages\/145164","targetHints":{"allow":["GET"]}}],"collection":[{"href":"https:\/\/talkpal.ai\/hr\/wp-json\/wp\/v2\/pages"}],"about":[{"href":"https:\/\/talkpal.ai\/hr\/wp-json\/wp\/v2\/types\/page"}],"author":[{"embeddable":true,"href":"https:\/\/talkpal.ai\/hr\/wp-json\/wp\/v2\/users\/1"}],"replies":[{"embeddable":true,"href":"https:\/\/talkpal.ai\/hr\/wp-json\/wp\/v2\/comments?post=145164"}],"version-history":[{"count":0,"href":"https:\/\/talkpal.ai\/hr\/wp-json\/wp\/v2\/pages\/145164\/revisions"}],"wp:featuredmedia":[{"embeddable":true,"href":"https:\/\/talkpal.ai\/hr\/wp-json\/wp\/v2\/media\/113879"}],"wp:attachment":[{"href":"https:\/\/talkpal.ai\/hr\/wp-json\/wp\/v2\/media?parent=145164"}],"curies":[{"name":"wp","href":"https:\/\/api.w.org\/{rel}","templated":true}]}}