{"id":144866,"date":"2023-05-14T14:09:11","date_gmt":"2023-05-14T14:09:11","guid":{"rendered":"http:\/\/talkpal.ai\/islandska-gramatika\/"},"modified":"2025-12-12T10:40:50","modified_gmt":"2025-12-12T10:40:50","slug":"islandska-gramatika","status":"publish","type":"page","link":"https:\/\/talkpal.ai\/hr\/islandska-gramatika\/","title":{"rendered":"Islandska gramatika"},"content":{"rendered":"\r\n\r\n\r\n<section class=\"languageChallengeSection\">\r\n    <div class=\"languageInfoWrapper\">\r\n        \r\n        <h1>Islandska gramatika<\/h1>\r\n        <p>Istra\u017eite fascinantnu strukturu islandskog jezika u\u010de\u0107i njegova osnovna gramati\u010dka pravila. Savladavanje islandske gramatike pomo\u0107i \u0107e vam da u\u010dinkovito komunicirate i dublje se pove\u017eete s jedinstvenom kulturom i povije\u0161\u0107u Islanda. Po\u010dnite u\u010diti islandsku gramatiku ve\u0107 danas i napravite prvi korak prema te\u010dnosti!<\/p>\r\n\r\n                            <a class=\"getStartedHidden\" href=\"https:\/\/app.talkpal.ai\/hr\/signup?lng=\">Zapo\u010dni<\/a>\r\n        \r\n    <\/div>\r\n\r\n    <figure>\r\n    <img decoding=\"async\" width=\"768\" height=\"768\" src=\"https:\/\/talkpal.ai\/wp-content\/uploads\/2023\/06\/Icelandic-768x768.png\" class=\"languageImage no-lazy\" alt=\"Language learning for better job opportunities\" fetchpriority=\"high\" sizes=\"(max-width: 768px) 150px, 768px\" srcset=\"https:\/\/talkpal.ai\/wp-content\/uploads\/2023\/06\/Icelandic-768x768.png 768w, https:\/\/talkpal.ai\/wp-content\/uploads\/2023\/06\/Icelandic-300x300.png 300w\" \/>\r\n    \r\n\r\n    <\/figure>\r\n\r\n            <a class=\"getStartedVisible\" href=\"https:\/\/app.talkpal.ai\/hr\/signup?lng=\">Zapo\u010dni<\/a>\r\n    \r\n<\/section>\r\n<section class=\"promotionalBanner\">\r\n    <p class=\"promotionalText\">Naju\u010dinkovitiji na\u010din u\u010denja jezika<\/p>\r\n    <a class=\"promotionalLink\" href=\"https:\/\/app.talkpal.ai\/hr\/signup?lng=\">Isprobajte Talkpal besplatno<\/a>\r\n<\/section>\n<div class=\"wp-block-group pageContainerStyle\"><div class=\"wp-block-group__inner-container is-layout-constrained wp-block-group-is-layout-constrained\">\n<h2 class=\"wp-block-heading\" id=\"h-the-magic-of-icelandic-grammar-unlocking-the-secrets-of-the-viking-tongue\">\u010carolija islandske gramatike: Otklju\u010davanje tajni vikin\u0161kog jezika<\/h2>\n\n\n\n<h3 class=\"wp-block-heading\" id=\"h-introduction-icelandic-the-land-of-fire-and-ice\">Uvod: Islandski, Zemlja vatre i leda<\/h3>\n\n\n\n<p><a href=\"https:\/\/talkpal.ai\/learn-icelandic\/\">Islandski<\/a> jezik, kojim govore ljudi zapanjuju\u0107e oto\u010dne nacije Islanda, poznat je po svojoj bogatoj povijesti, zadivljuju\u0107oj pjesni\u010dkoj tradiciji i iznimnoj sposobnosti prilagodbe i razvoja s vremenom. Podrijetlom iz starog nordijskog, <a href=\"https:\/\/talkpal.ai\/learn-icelandic\/\">islandski<\/a> ima poseban \u0161arm koji o\u010darava ljubitelje jezika i nadobudne poliglote. Dakle, ve\u017eite pojaseve, narode! Uskoro \u0107emo uroniti u prekrasan, slo\u017een svijet islandske gramatike, otkrivaju\u0107i njezine misterije i usput otkrivaju\u0107i skrivena blaga.<\/p>\n\n\n\n<h3 class=\"wp-block-heading\" id=\"h-1-runic-scripts-to-latin-alphabet-a-story-of-transformation\">1. Runska pisma na latini\u010dno pismo: Pri\u010da o transformaciji<\/h3>\n\n\n\n<p>Islandska abeceda je avantura <a href=\"https:\/\/talkpal.ai\/locations\/language-courses-in-sama\/\">sama<\/a> po sebi, <a href=\"https:\/\/talkpal.ai\/locations\/language-courses-in-koja\/\">koja<\/a> se sastoji od 32 znaka koji potje\u010du iz razli\u010ditih povijesnih korijena. Iako se prvenstveno temelji na latini\u010dnom pismu, abeceda zadr\u017eava neke karakteristi\u010dne znakove iz runskog pisma svojih drevnih nordijskih predaka. Savladavanje ovih znakova prva je prepreka u u\u010denju jezika, ali s vje\u017ebom \u0107ete za\u010das postati majstor!<\/p>\n\n\n\n<h3 class=\"wp-block-heading\" id=\"h-2-noun-mastery-getting-to-the-roots-of-icelandic-grammar\">2. Ovladavanje imenicama: Dolazak do korijena islandske gramatike<\/h3>\n\n\n\n<p>Jedna od temeljnih zna\u010dajki islandske gramatike je infleksija imenica po spolu, broju i slu\u010daju. Islandske imenice mogu biti \u017eenstvene, mu\u0161ke ili kastrirane, a svaki spol dolazi sa svojim jedinstvenim skupom pravila za deklinaciju. Iako se ovo mo\u017ee \u010diniti kao jezi\u010dna vo\u017enja rollercoasterom, razumijevanje ovih zamr\u0161enosti klju\u010dno je za razumijevanje jezika u cjelini. Znanje koje steknete otvorit \u0107e vam svijet mogu\u0107nosti za izra\u017eavanje niza suptilnih i slo\u017eenih zna\u010denja \u2013 prava slava islandske gramatike!<\/p>\n\n\n\n<h3 class=\"wp-block-heading\" id=\"h-3-the-mighty-verb-icelandic-s-unsung-hero\">3. Mo\u0107ni glagol: islandski neopjevani heroj<\/h3>\n\n\n\n<p>Kao i imenice, islandski glagoli prolaze kroz opse\u017enu transformaciju ovisno o svom vremenu, raspolo\u017eenju te osobi i broju subjekta. Ovaj zamr\u0161eni sustav u po\u010detku mo\u017ee biti zastra\u0161uju\u0107i, ali nosite se sa mnom! Dok u\u010dite pravilne obrasce i nepravilne neobi\u010dnosti, po\u010det \u0107ete uvi\u0111ati koliko islandska konjugacija glagola mo\u017ee biti elegantna i svestrana. Osvajanje islandskih glagola otklju\u010dat \u0107e mo\u0107 preciznog i kreativnog izra\u017eavanja misli, osje\u0107aja i postupaka.<\/p>\n\n\n\n<h3 class=\"wp-block-heading\" id=\"h-4-word-order-icelandic-s-flexible-backbone\">4. Redoslijed rije\u010di: islandska fleksibilna okosnica<\/h3>\n\n\n\n<p>Za razliku od krutosti nekih elemenata islandske gramatike, jezik nudi fleksibilnost u redoslijedu rije\u010di. To zna\u010di da mo\u017eete staviti subjekt, glagol i objekt u razli\u010dite rasporede sve dok se sla\u017eete u rodu, broju, pade\u017eima i ostalom \u2013 oslobodit \u0107ete umjetnika u sebi! Prilago\u0111avanje re\u010denica na ovaj razigran na\u010din mo\u017ee pomo\u0107i u stvaranju naglaska, nijansi i razgovornog tona, \u010dine\u0107i va\u0161 govor zanimljivijim i ugodnijim.<\/p>\n\n\n\n<h3 class=\"wp-block-heading\" id=\"h-5-embrace-the-culture-discover-the-pulse-of-the-icelandic-language\">5. Prigrlite kulturu: Otkrijte puls islandskog jezika<\/h3>\n\n\n\n<p><a href=\"https:\/\/talkpal.ai\/hr\/ucenje-islandskog-jezika\/\">Islandski jezik<\/a> ne mo\u017ee se odvojiti od svojih kulturnih korijena, sa svojim sna\u017enim vezama sa sagama, Eddama i jedinstvenom povije\u0161\u0107u i svjetonazorom nacije. Da biste istinski uronili u jezik, svesrdno prihvatite njegov kontekst. Zaronite u njegov folklor, pro\u017edirate njegovo knji\u017eevno blago i anga\u017eirajte se s izvornim govornicima. Taj je pristup klju\u010dan za postizanje jezi\u010dnog znanja i dublje povezanosti s islandskim narodom i njihovom bogatom kulturnom ba\u0161tinom.<\/p>\n\n\n\n<h3 class=\"wp-block-heading\" id=\"h-conclusion-an-icelandic-grammar-journey-worth-taking\">Zaklju\u010dak: Islandsko gramati\u010dko putovanje vrijedno putovanja<\/h3>\n\n\n\n<p>Iako se <a href=\"https:\/\/talkpal.ai\/icelandic-grammar\/\">islandska gramatika<\/a> mo\u017ee \u010diniti kao te\u017eak izazov, nagrade su obilne za one koji se odva\u017ee. Uz ustrajnost, veliko zanimanje za kulturu i velikodu\u0161nu znati\u017eelju, bit \u0107ete o\u010darani zamr\u0161enostima islandskog jezika. Dakle, pridru\u017eite nam se u ovoj avanturi i otkrijte \u010daroliju islandske gramatike, jedan po jedan uzbudljiv korak.<\/p>\n<\/div><\/div>\n\r\n<section class=\"learnNavigationSection\">\r\n            \r\n        <a href=\"https:\/\/talkpal.ai\/hr\/ucenje-islandskog-jezika\/\">\r\n            <div class=\"learnNavigationWrapper\">\r\n                <div class=\"learnNavigationContent\">\r\n                    <img decoding=\"async\" src=\"https:\/\/talkpal.ai\/wp-content\/uploads\/2024\/08\/Icelandic.jpg\" alt=\"Iceland Flag\">\r\n                    <div>\r\n                        <h4>O u\u010denju islandskog jezika<\/h4>\r\n                        <p>Saznajte sve o islandskoj gramatici.<\/p>\r\n                    <\/div>\r\n                <\/div>\r\n            <\/div>\r\n        <\/a>\r\n\r\n        \r\n        <a href=\"https:\/\/talkpal.ai\/hr\/islandske-gramaticke-vjezbe\/\">\r\n            <div class=\"learnNavigationWrapper\">\r\n                <div class=\"learnNavigationContent\">\r\n                    <img decoding=\"async\" src=\"https:\/\/talkpal.ai\/wp-content\/uploads\/2024\/08\/Icelandic.jpg\" alt=\"Iceland Flag\">\r\n                    <div>\r\n                        <h4>Vje\u017eba islandske gramatike<\/h4>\r\n                        <p>Vje\u017ebajte islandsku gramatiku.<\/p>\r\n                    <\/div>\r\n                <\/div>\r\n            <\/div>\r\n        <\/a>\r\n\r\n        \r\n        <a href=\"https:\/\/talkpal.ai\/vocabulary_language\/icelandic\/\">\r\n            <div class=\"learnNavigationWrapper\">\r\n                <div class=\"learnNavigationContent\">\r\n                    <img decoding=\"async\" src=\"https:\/\/talkpal.ai\/wp-content\/uploads\/2024\/08\/Icelandic.jpg\" alt=\"Iceland Flag\">\r\n                    <div>\r\n                        <h4>islandski vokabular<\/h4>\r\n                        <p>Pro\u0161irite svoj islandski vokabular.<\/p>\r\n                    <\/div>\r\n                <\/div>\r\n            <\/div>\r\n        <\/a>\r\n\r\n            <\/section>","protected":false},"excerpt":{"rendered":"<p>\u010carolija islandske gramatike: Otklju\u010davanje tajni vikin\u0161kog jezika Uvod: Islandski, Zemlja vatre i leda Islandski jezik, kojim govore ljudi zapanjuju\u0107e oto\u010dne nacije Islanda, poznat je po svojoj bogatoj povijesti, zadivljuju\u0107oj pjesni\u010dkoj tradiciji i iznimnoj sposobnosti prilagodbe i razvoja s vremenom. Podrijetlom iz starog nordijskog, islandski ima poseban \u0161arm koji o\u010darava ljubitelje jezika i nadobudne poliglote. Dakle, [&hellip;]<\/p>\n","protected":false},"author":1,"featured_media":113364,"parent":0,"menu_order":0,"comment_status":"closed","ping_status":"closed","template":"LearningContentPage.php","meta":{"_acf_changed":false,"footnotes":""},"class_list":["post-144866","page","type-page","status-publish","has-post-thumbnail","hentry"],"acf":[],"yoast_head":"<!-- This site is optimized with the Yoast SEO Premium plugin v27.2 (Yoast SEO v27.2) - https:\/\/yoast.com\/product\/yoast-seo-premium-wordpress\/ -->\n<title>Islandska gramatika - Talkpal<\/title>\n<meta name=\"description\" content=\"Nau\u010dite islandsku gramatiku jasno - shvatite klju\u010dna gramati\u010dka pravila, oblikujte ispravne re\u010denice i brzo pove\u0107ajte samopouzdanje koriste\u0107i Talkpal -ove lekcije umjetne inteligencije.\" \/>\n<meta name=\"robots\" content=\"index, follow, max-snippet:-1, max-image-preview:large, max-video-preview:-1\" \/>\n<link rel=\"canonical\" href=\"https:\/\/talkpal.ai\/hr\/islandska-gramatika\/\" \/>\n<meta property=\"og:locale\" content=\"hr_HR\" \/>\n<meta property=\"og:type\" content=\"article\" \/>\n<meta property=\"og:title\" content=\"Islandska gramatika\" \/>\n<meta property=\"og:description\" content=\"\u010carolija islandske gramatike: Otklju\u010davanje tajni vikin\u0161kog jezika Uvod: Islandski, Zemlja vatre i leda Islandski jezik, kojim govore ljudi zapanjuju\u0107e\" \/>\n<meta property=\"og:url\" content=\"https:\/\/talkpal.ai\/hr\/islandska-gramatika\/\" \/>\n<meta property=\"og:site_name\" content=\"Talkpal\" \/>\n<meta property=\"article:publisher\" content=\"https:\/\/www.facebook.com\/profile.php?id=100090733639311\" \/>\n<meta property=\"article:modified_time\" content=\"2025-12-12T10:40:50+00:00\" \/>\n<meta property=\"og:image\" content=\"https:\/\/talkpal.ai\/wp-content\/uploads\/2023\/05\/iceland.png\" \/>\n\t<meta property=\"og:image:width\" content=\"512\" \/>\n\t<meta property=\"og:image:height\" content=\"512\" \/>\n\t<meta property=\"og:image:type\" content=\"image\/png\" \/>\n<meta name=\"twitter:card\" content=\"summary_large_image\" \/>\n<meta name=\"twitter:site\" content=\"@talkpalai\" \/>\n<meta name=\"twitter:label1\" content=\"Procijenjeno vrijeme \u010ditanja\" \/>\n\t<meta name=\"twitter:data1\" content=\"3 minute\" \/>\n<script type=\"application\/ld+json\" class=\"yoast-schema-graph\">{\"@context\":\"https:\/\/schema.org\",\"@graph\":[{\"@type\":\"WebPage\",\"@id\":\"https:\/\/talkpal.ai\/hr\/islandska-gramatika\/\",\"url\":\"https:\/\/talkpal.ai\/hr\/islandska-gramatika\/\",\"name\":\"Islandska gramatika - Talkpal\",\"isPartOf\":{\"@id\":\"https:\/\/talkpal.ai\/hr\/#website\"},\"primaryImageOfPage\":{\"@id\":\"https:\/\/talkpal.ai\/hr\/islandska-gramatika\/#primaryimage\"},\"image\":{\"@id\":\"https:\/\/talkpal.ai\/hr\/islandska-gramatika\/#primaryimage\"},\"thumbnailUrl\":\"https:\/\/talkpal.ai\/wp-content\/uploads\/2023\/05\/iceland.png\",\"datePublished\":\"2023-05-14T14:09:11+00:00\",\"dateModified\":\"2025-12-12T10:40:50+00:00\",\"description\":\"Nau\u010dite islandsku gramatiku jasno - shvatite klju\u010dna gramati\u010dka pravila, oblikujte ispravne re\u010denice i brzo pove\u0107ajte samopouzdanje koriste\u0107i Talkpal -ove lekcije umjetne inteligencije.\",\"breadcrumb\":{\"@id\":\"https:\/\/talkpal.ai\/hr\/islandska-gramatika\/#breadcrumb\"},\"inLanguage\":\"hr\",\"potentialAction\":[{\"@type\":\"ReadAction\",\"target\":[\"https:\/\/talkpal.ai\/hr\/islandska-gramatika\/\"]}]},{\"@type\":\"ImageObject\",\"inLanguage\":\"hr\",\"@id\":\"https:\/\/talkpal.ai\/hr\/islandska-gramatika\/#primaryimage\",\"url\":\"https:\/\/talkpal.ai\/wp-content\/uploads\/2023\/05\/iceland.png\",\"contentUrl\":\"https:\/\/talkpal.ai\/wp-content\/uploads\/2023\/05\/iceland.png\",\"width\":512,\"height\":512},{\"@type\":\"BreadcrumbList\",\"@id\":\"https:\/\/talkpal.ai\/hr\/islandska-gramatika\/#breadcrumb\",\"itemListElement\":[{\"@type\":\"ListItem\",\"position\":1,\"name\":\"Homepage\",\"item\":\"https:\/\/talkpal.ai\/hr\/\"},{\"@type\":\"ListItem\",\"position\":2,\"name\":\"Islandska gramatika\"}]},{\"@type\":\"WebSite\",\"@id\":\"https:\/\/talkpal.ai\/hr\/#website\",\"url\":\"https:\/\/talkpal.ai\/hr\/\",\"name\":\"Talkpal\",\"description\":\"AI Language Learning\",\"publisher\":{\"@id\":\"https:\/\/talkpal.ai\/hr\/#organization\"},\"alternateName\":\"Talkpal AI\",\"potentialAction\":[{\"@type\":\"SearchAction\",\"target\":{\"@type\":\"EntryPoint\",\"urlTemplate\":\"https:\/\/talkpal.ai\/hr\/?s={search_term_string}\"},\"query-input\":{\"@type\":\"PropertyValueSpecification\",\"valueRequired\":true,\"valueName\":\"search_term_string\"}}],\"inLanguage\":\"hr\"},{\"@type\":\"Organization\",\"@id\":\"https:\/\/talkpal.ai\/hr\/#organization\",\"name\":\"Talkpal, Inc.\",\"alternateName\":\"Talkpal AI\",\"url\":\"https:\/\/talkpal.ai\/hr\/\",\"logo\":{\"@type\":\"ImageObject\",\"inLanguage\":\"hr\",\"@id\":\"https:\/\/talkpal.ai\/hr\/#\/schema\/logo\/image\/\",\"url\":\"https:\/\/talkpal.ai\/wp-content\/uploads\/2024\/03\/Talkpal-Logo-Icon.png\",\"contentUrl\":\"https:\/\/talkpal.ai\/wp-content\/uploads\/2024\/03\/Talkpal-Logo-Icon.png\",\"width\":2880,\"height\":2880,\"caption\":\"Talkpal, Inc.\"},\"image\":{\"@id\":\"https:\/\/talkpal.ai\/hr\/#\/schema\/logo\/image\/\"},\"sameAs\":[\"https:\/\/www.facebook.com\/profile.php?id=100090733639311\",\"https:\/\/x.com\/talkpalai\",\"https:\/\/www.linkedin.com\/company\/talkpal\/\",\"https:\/\/www.youtube.com\/@TalkPal\/\",\"https:\/\/www.tiktok.com\/@talkpal\",\"https:\/\/www.instagram.com\/talkpal_ai\/\",\"https:\/\/www.crunchbase.com\/organization\/talkpal-9cde\",\"https:\/\/www.g2.com\/products\/talkpal-for-business\/\",\"https:\/\/www.trustpilot.com\/review\/talkpal.ai\",\"https:\/\/www.capterra.com\/p\/10006800\/TalkPal\/\"],\"description\":\"Talkpal is a language learning web and mobile education app, powered by the latest AI technologies, that provides engaging experiences to its customers in many different languages to help them improve their language skills. Users can chat about unlimited amount of topics with the app and use other modes to practice their language learning.\",\"email\":\"support@talkpal.ai\",\"legalName\":\"Talkpal, Inc.\",\"foundingDate\":\"2023-04-03\",\"duns\":\"118989042\",\"numberOfEmployees\":{\"@type\":\"QuantitativeValue\",\"minValue\":\"11\",\"maxValue\":\"50\"},\"publishingPrinciples\":\"https:\/\/talkpal.ai\/publishing-principles\/\",\"actionableFeedbackPolicy\":\"https:\/\/talkpal.ai\/actionable-feedback-policy\/\",\"correctionsPolicy\":\"https:\/\/talkpal.ai\/corrections-policy\/\",\"ethicsPolicy\":\"https:\/\/talkpal.ai\/ethics-policy\/\",\"diversityPolicy\":\"https:\/\/talkpal.ai\/diversity-policy\/\",\"diversityStaffingReport\":\"https:\/\/talkpal.ai\/diversity-policy\/\"}]}<\/script>\n<!-- \/ Yoast SEO Premium plugin. -->","yoast_head_json":{"title":"Islandska gramatika - Talkpal","description":"Nau\u010dite islandsku gramatiku jasno - shvatite klju\u010dna gramati\u010dka pravila, oblikujte ispravne re\u010denice i brzo pove\u0107ajte samopouzdanje koriste\u0107i Talkpal -ove lekcije umjetne inteligencije.","robots":{"index":"index","follow":"follow","max-snippet":"max-snippet:-1","max-image-preview":"max-image-preview:large","max-video-preview":"max-video-preview:-1"},"canonical":"https:\/\/talkpal.ai\/hr\/islandska-gramatika\/","og_locale":"hr_HR","og_type":"article","og_title":"Islandska gramatika","og_description":"\u010carolija islandske gramatike: Otklju\u010davanje tajni vikin\u0161kog jezika Uvod: Islandski, Zemlja vatre i leda Islandski jezik, kojim govore ljudi zapanjuju\u0107e","og_url":"https:\/\/talkpal.ai\/hr\/islandska-gramatika\/","og_site_name":"Talkpal","article_publisher":"https:\/\/www.facebook.com\/profile.php?id=100090733639311","article_modified_time":"2025-12-12T10:40:50+00:00","og_image":[{"width":512,"height":512,"url":"https:\/\/talkpal.ai\/wp-content\/uploads\/2023\/05\/iceland.png","type":"image\/png"}],"twitter_card":"summary_large_image","twitter_site":"@talkpalai","twitter_misc":{"Procijenjeno vrijeme \u010ditanja":"3 minute"},"schema":{"@context":"https:\/\/schema.org","@graph":[{"@type":"WebPage","@id":"https:\/\/talkpal.ai\/hr\/islandska-gramatika\/","url":"https:\/\/talkpal.ai\/hr\/islandska-gramatika\/","name":"Islandska gramatika - Talkpal","isPartOf":{"@id":"https:\/\/talkpal.ai\/hr\/#website"},"primaryImageOfPage":{"@id":"https:\/\/talkpal.ai\/hr\/islandska-gramatika\/#primaryimage"},"image":{"@id":"https:\/\/talkpal.ai\/hr\/islandska-gramatika\/#primaryimage"},"thumbnailUrl":"https:\/\/talkpal.ai\/wp-content\/uploads\/2023\/05\/iceland.png","datePublished":"2023-05-14T14:09:11+00:00","dateModified":"2025-12-12T10:40:50+00:00","description":"Nau\u010dite islandsku gramatiku jasno - shvatite klju\u010dna gramati\u010dka pravila, oblikujte ispravne re\u010denice i brzo pove\u0107ajte samopouzdanje koriste\u0107i Talkpal -ove lekcije umjetne inteligencije.","breadcrumb":{"@id":"https:\/\/talkpal.ai\/hr\/islandska-gramatika\/#breadcrumb"},"inLanguage":"hr","potentialAction":[{"@type":"ReadAction","target":["https:\/\/talkpal.ai\/hr\/islandska-gramatika\/"]}]},{"@type":"ImageObject","inLanguage":"hr","@id":"https:\/\/talkpal.ai\/hr\/islandska-gramatika\/#primaryimage","url":"https:\/\/talkpal.ai\/wp-content\/uploads\/2023\/05\/iceland.png","contentUrl":"https:\/\/talkpal.ai\/wp-content\/uploads\/2023\/05\/iceland.png","width":512,"height":512},{"@type":"BreadcrumbList","@id":"https:\/\/talkpal.ai\/hr\/islandska-gramatika\/#breadcrumb","itemListElement":[{"@type":"ListItem","position":1,"name":"Homepage","item":"https:\/\/talkpal.ai\/hr\/"},{"@type":"ListItem","position":2,"name":"Islandska gramatika"}]},{"@type":"WebSite","@id":"https:\/\/talkpal.ai\/hr\/#website","url":"https:\/\/talkpal.ai\/hr\/","name":"Talkpal","description":"AI Language Learning","publisher":{"@id":"https:\/\/talkpal.ai\/hr\/#organization"},"alternateName":"Talkpal AI","potentialAction":[{"@type":"SearchAction","target":{"@type":"EntryPoint","urlTemplate":"https:\/\/talkpal.ai\/hr\/?s={search_term_string}"},"query-input":{"@type":"PropertyValueSpecification","valueRequired":true,"valueName":"search_term_string"}}],"inLanguage":"hr"},{"@type":"Organization","@id":"https:\/\/talkpal.ai\/hr\/#organization","name":"Talkpal, Inc.","alternateName":"Talkpal AI","url":"https:\/\/talkpal.ai\/hr\/","logo":{"@type":"ImageObject","inLanguage":"hr","@id":"https:\/\/talkpal.ai\/hr\/#\/schema\/logo\/image\/","url":"https:\/\/talkpal.ai\/wp-content\/uploads\/2024\/03\/Talkpal-Logo-Icon.png","contentUrl":"https:\/\/talkpal.ai\/wp-content\/uploads\/2024\/03\/Talkpal-Logo-Icon.png","width":2880,"height":2880,"caption":"Talkpal, Inc."},"image":{"@id":"https:\/\/talkpal.ai\/hr\/#\/schema\/logo\/image\/"},"sameAs":["https:\/\/www.facebook.com\/profile.php?id=100090733639311","https:\/\/x.com\/talkpalai","https:\/\/www.linkedin.com\/company\/talkpal\/","https:\/\/www.youtube.com\/@TalkPal\/","https:\/\/www.tiktok.com\/@talkpal","https:\/\/www.instagram.com\/talkpal_ai\/","https:\/\/www.crunchbase.com\/organization\/talkpal-9cde","https:\/\/www.g2.com\/products\/talkpal-for-business\/","https:\/\/www.trustpilot.com\/review\/talkpal.ai","https:\/\/www.capterra.com\/p\/10006800\/TalkPal\/"],"description":"Talkpal is a language learning web and mobile education app, powered by the latest AI technologies, that provides engaging experiences to its customers in many different languages to help them improve their language skills. Users can chat about unlimited amount of topics with the app and use other modes to practice their language learning.","email":"support@talkpal.ai","legalName":"Talkpal, Inc.","foundingDate":"2023-04-03","duns":"118989042","numberOfEmployees":{"@type":"QuantitativeValue","minValue":"11","maxValue":"50"},"publishingPrinciples":"https:\/\/talkpal.ai\/publishing-principles\/","actionableFeedbackPolicy":"https:\/\/talkpal.ai\/actionable-feedback-policy\/","correctionsPolicy":"https:\/\/talkpal.ai\/corrections-policy\/","ethicsPolicy":"https:\/\/talkpal.ai\/ethics-policy\/","diversityPolicy":"https:\/\/talkpal.ai\/diversity-policy\/","diversityStaffingReport":"https:\/\/talkpal.ai\/diversity-policy\/"}]}},"_links":{"self":[{"href":"https:\/\/talkpal.ai\/hr\/wp-json\/wp\/v2\/pages\/144866","targetHints":{"allow":["GET"]}}],"collection":[{"href":"https:\/\/talkpal.ai\/hr\/wp-json\/wp\/v2\/pages"}],"about":[{"href":"https:\/\/talkpal.ai\/hr\/wp-json\/wp\/v2\/types\/page"}],"author":[{"embeddable":true,"href":"https:\/\/talkpal.ai\/hr\/wp-json\/wp\/v2\/users\/1"}],"replies":[{"embeddable":true,"href":"https:\/\/talkpal.ai\/hr\/wp-json\/wp\/v2\/comments?post=144866"}],"version-history":[{"count":0,"href":"https:\/\/talkpal.ai\/hr\/wp-json\/wp\/v2\/pages\/144866\/revisions"}],"wp:featuredmedia":[{"embeddable":true,"href":"https:\/\/talkpal.ai\/hr\/wp-json\/wp\/v2\/media\/113364"}],"wp:attachment":[{"href":"https:\/\/talkpal.ai\/hr\/wp-json\/wp\/v2\/media?parent=144866"}],"curies":[{"name":"wp","href":"https:\/\/api.w.org\/{rel}","templated":true}]}}