{"id":144571,"date":"2023-05-14T14:08:53","date_gmt":"2023-05-14T14:08:53","guid":{"rendered":"http:\/\/talkpal.ai\/madarska-gramatika\/"},"modified":"2025-12-12T10:49:58","modified_gmt":"2025-12-12T10:49:58","slug":"madarska-gramatika","status":"publish","type":"page","link":"https:\/\/talkpal.ai\/hr\/madarska-gramatika\/","title":{"rendered":"Ma\u0111arska gramatika"},"content":{"rendered":"\r\n\r\n\r\n<section class=\"languageChallengeSection\">\r\n    <div class=\"languageInfoWrapper\">\r\n        \r\n        <h1>Ma\u0111arska gramatika<\/h1>\r\n        <p>Spremni za uistinu jedinstven jezi\u010dni izazov? Zaronite u ma\u0111arsku gramatiku i otkrijte njezine izvanredne zna\u010dajke. Po\u010dnite u\u010diti ve\u0107 danas i otkrijte kako vam savladavanje ma\u0111arske gramatike otvara vrata smislenim razgovorima i dubokom uva\u017eavanju bogate ma\u0111arske jezi\u010dne ba\u0161tine!<\/p>\r\n\r\n                            <a class=\"getStartedHidden\" href=\"https:\/\/app.talkpal.ai\/hr\/signup?lng=\">Zapo\u010dni<\/a>\r\n        \r\n    <\/div>\r\n\r\n    <figure>\r\n    <img decoding=\"async\" width=\"768\" height=\"768\" src=\"https:\/\/talkpal.ai\/wp-content\/uploads\/2023\/06\/hungarian-768x768.png\" class=\"languageImage no-lazy\" alt=\"Language learning strategies for advanced learners\" fetchpriority=\"high\" sizes=\"(max-width: 768px) 150px, 768px\" srcset=\"https:\/\/talkpal.ai\/wp-content\/uploads\/2023\/06\/hungarian-768x768.png 768w, https:\/\/talkpal.ai\/wp-content\/uploads\/2023\/06\/hungarian-300x300.png 300w\" \/>\r\n    \r\n\r\n    <\/figure>\r\n\r\n            <a class=\"getStartedVisible\" href=\"https:\/\/app.talkpal.ai\/hr\/signup?lng=\">Zapo\u010dni<\/a>\r\n    \r\n<\/section>\r\n<section class=\"promotionalBanner\">\r\n    <p class=\"promotionalText\">Naju\u010dinkovitiji na\u010din u\u010denja jezika<\/p>\r\n    <a class=\"promotionalLink\" href=\"https:\/\/app.talkpal.ai\/hr\/signup?lng=\">Isprobajte Talkpal besplatno<\/a>\r\n<\/section>\n<div class=\"wp-block-group pageContainerStyle\"><div class=\"wp-block-group__inner-container is-layout-constrained wp-block-group-is-layout-constrained\">\n<h2 class=\"wp-block-heading\" id=\"h-title-unlocking-the-secrets-of-hungarian-grammar\">Naslov: Otklju\u010davanje tajni ma\u0111arske gramatike<\/h2>\n\n\n\n<p><a href=\"https:\/\/talkpal.ai\/learn-hungarian\/\">Ma\u0111arski<\/a>, finno-ugri\u010dki jezik, isti\u010de se jedinstvenim gramati\u010dkim sustavom, \u0161to ga \u010dini o\u010daravaju\u0107im izazovom za ljubitelje jezika. U\u010denje ma\u0111arskog jezika ne samo da pro\u0161iruje va\u0161e jezi\u010dno znanje, ve\u0107 vam omogu\u0107uje i da se upustite u zadivljuju\u0107u kulturu i povijest Ma\u0111arske. Iako se <a href=\"https:\/\/talkpal.ai\/hungarian-grammar\/\">ma\u0111arska gramatika<\/a> u po\u010detku mo\u017ee \u010diniti zastra\u0161uju\u0107om, ra\u0161\u010dlanjivanje na upravljive komponente \u010dini proces u\u010denja pristupa\u010dnijim. U ovom \u0107emo vas \u010dlanku uvesti u intrigantan svijet ma\u0111arske gramatike i ponuditi smjernice za svladavanje njezine slo\u017eenosti.<\/p>\n\n\n\n<h3 class=\"wp-block-heading\" id=\"h-1-word-order-a-flexible-feature\">1. Redoslijed rije\u010di: fleksibilna zna\u010dajka<\/h3>\n\n\n\n<p>Za razliku od mnogih drugih jezika, <a href=\"https:\/\/talkpal.ai\/learn-hungarian\/\">ma\u0111arski<\/a> ima relativno fleksibilan redoslijed rije\u010di. Iako tipi\u010dna ma\u0111arska re\u010denica slijedi uzorak Subject-Verb-Object (SVO), drugi redovi rije\u010di tako\u0111er su uobi\u010dajeni i koriste se za nagla\u0161avanje razli\u010ditih dijelova re\u010denice. Upoznavanje s tim varijacijama omogu\u0107it \u0107e vam da u\u010dinkovitije shvatite i konstruirate ma\u0111arske re\u010denice.<\/p>\n\n\n\n<h3 class=\"wp-block-heading\" id=\"h-2-nouns-and-cases-the-role-of-suffixes\">2. Imenice i slu\u010dajevi: Uloga sufiksa<\/h3>\n\n\n\n<p>Ma\u0111arske imenice nemaju gramati\u010dki spol, pojednostavljuju\u0107i konstrukciju re\u010denica. Me\u0111utim, imenice i drugi dijelovi govora u ma\u0111arskoj gramatici koriste mno\u0161tvo sufiksa kako bi ukazali na slu\u010dajeve, posjedovanje i pluralnost. U\u010denje ovih sufiksa i njihove upotrebe uvelike \u0107e pobolj\u0161ati va\u0161u sposobnost komuniciranja na ma\u0111arskom jeziku.<\/p>\n\n\n\n<p>Primjerima:<\/p>\n\n\n\n<p><strong>\u2013 h\u00e1z (ku\u0107a) \u2013 h\u00e1zak (ku\u0107e)<\/strong><\/p>\n\n\n\n<p><strong>\u2013 h\u00e1zban (u ku\u0107i) \u2013 h\u00e1zakban (u ku\u0107ama)<\/strong><\/p>\n\n\n\n<h3 class=\"wp-block-heading\" id=\"h-3-verbs-conjugation-and-tense\">3. Glagoli: Konjugacija i vrijeme<\/h3>\n\n\n\n<p>Ma\u0111arski glagoli konjugirani su prema vremenu, raspolo\u017eenju, subjektu i odre\u0111enosti. Iako postoji nekoliko vremena u ma\u0111arskom, u\u010denje tri osnovna vremena \u2013 sada\u0161njosti, pro\u0161losti i budu\u0107nosti \u2013 dobra je polazna to\u010dka. Upoznajte se s redovitim obrascima konjugacije glagola i nau\u010dite uobi\u010dajene nepravilne glagole kako biste pobolj\u0161ali svoje verbalne komunikacijske vje\u0161tine.<\/p>\n\n\n\n<h3 class=\"wp-block-heading\" id=\"h-4-adjectives-agreement-and-placement\">4. Pridjevi: Sporazum i plasman<\/h3>\n\n\n\n<p>U ma\u0111arskoj gramatici pridjevi se moraju slo\u017eiti s imenicom koju mijenjaju u smislu broja (jednine ili mno\u017eine). Me\u0111utim, pridjevi ne moraju odgovarati imenici za gramati\u010dko ku\u0107i\u0161te. Pridjevi obi\u010dno prethode imenici, pru\u017eaju\u0107i opisni kontekst re\u010denice.<\/p>\n\n\n\n<p>Primjerima:<\/p>\n\n\n\n<p><strong>\u2013 piros alma (crvena jabuka)<\/strong><\/p>\n\n\n\n<p><strong>\u2013 sz\u00e9p vir\u00e1gok (lijepo cvije\u0107e)<\/strong><\/p>\n\n\n\n<h3 class=\"wp-block-heading\" id=\"h-5-vowel-harmony-a-unique-feature\">5. Harmonija samoglasnika: jedinstvena zna\u010dajka<\/h3>\n\n\n\n<p>Karakteristi\u010dan aspekt ma\u0111arske gramatike je samoglasni\u010dka harmonija, <a href=\"https:\/\/talkpal.ai\/locations\/language-courses-in-koja\/\">koja<\/a> uklju\u010duje slaganje samoglasnika unutar rije\u010di. Harmonija samoglasnika utje\u010de na na\u010din na koji se sufiksi formiraju i ve\u017eu za rije\u010di. Razumijevanje i prakticiranje samoglasni\u010dkog sklada u\u010dinit \u0107e va\u0161 pisani i govorni ma\u0111arski to\u010dnijim i prirodnijim.<\/p>\n\n\n\n<h3 class=\"wp-block-heading\" id=\"h-6-engaging-with-the-language\">6. Suradnja s jezikom<\/h3>\n\n\n\n<p>Naju\u010dinkovitiji na\u010din potpunog razumijevanja i internalizacije ma\u0111arske gramatike je dosljedno uklju\u010divanje u jezik. \u010citaju\u0107i ma\u0111arsku knji\u017eevnost, gledaju\u0107i izvorne filmove ili aktivno razgovaraju\u0107i s izvornim govornicima, poja\u010dat \u0107ete svoje razumijevanje gramatike istovremeno pro\u0161iruju\u0107i svoj vokabular.<\/p>\n\n\n\n<h3 class=\"wp-block-heading\" id=\"h-conclusion\">Zaklju\u010dak<\/h3>\n\n\n\n<p>Iako se ma\u0111arska gramatika mo\u017ee \u010diniti slo\u017eenom, pristup korak po korak i dosljedno vje\u017ebanje pomo\u0107i \u0107e vam da postanete vje\u0161ti u ovom fascinantnom jeziku. Prihvatite izazov dok kre\u0107ete na svoje putovanje ma\u0111arskim jezikom i uskoro \u0107ete se s pouzdanjem snalaziti u zamr\u0161enostima njegove gramatike. Sretno u\u010denje i u\u017eivanje u istra\u017eivanju \u010duda ma\u0111arske gramatike!<\/p>\n<\/div><\/div>\n\r\n<section class=\"learnNavigationSection\">\r\n            \r\n        <a href=\"https:\/\/talkpal.ai\/hr\/ucite-madarski\/\">\r\n            <div class=\"learnNavigationWrapper\">\r\n                <div class=\"learnNavigationContent\">\r\n                    <img decoding=\"async\" src=\"https:\/\/talkpal.ai\/wp-content\/uploads\/2024\/08\/Hungarian.jpg\" alt=\"Hungarian Flag\">\r\n                    <div>\r\n                        <h4>O ma\u0111arskom u\u010denju<\/h4>\r\n                        <p>Saznajte sve o ma\u0111arskoj gramatici.<\/p>\r\n                    <\/div>\r\n                <\/div>\r\n            <\/div>\r\n        <\/a>\r\n\r\n        \r\n        <a href=\"https:\/\/talkpal.ai\/hr\/madarske-gramaticke-vjezbe\/\">\r\n            <div class=\"learnNavigationWrapper\">\r\n                <div class=\"learnNavigationContent\">\r\n                    <img decoding=\"async\" src=\"https:\/\/talkpal.ai\/wp-content\/uploads\/2024\/08\/Hungarian.jpg\" alt=\"Hungarian Flag\">\r\n                    <div>\r\n                        <h4>Ma\u0111arska gramati\u010dka vje\u017eba<\/h4>\r\n                        <p>Vje\u017ebajte ma\u0111arsku gramatiku.<\/p>\r\n                    <\/div>\r\n                <\/div>\r\n            <\/div>\r\n        <\/a>\r\n\r\n        \r\n        <a href=\"https:\/\/talkpal.ai\/vocabulary_language\/hungarian\/\">\r\n            <div class=\"learnNavigationWrapper\">\r\n                <div class=\"learnNavigationContent\">\r\n                    <img decoding=\"async\" src=\"https:\/\/talkpal.ai\/wp-content\/uploads\/2024\/08\/Hungarian.jpg\" alt=\"Hungarian Flag\">\r\n                    <div>\r\n                        <h4>Ma\u0111arski rje\u010dnik<\/h4>\r\n                        <p>Pro\u0161irite svoj vokabular ma\u0111arskog.<\/p>\r\n                    <\/div>\r\n                <\/div>\r\n            <\/div>\r\n        <\/a>\r\n\r\n            <\/section>","protected":false},"excerpt":{"rendered":"<p>Naslov: Otklju\u010davanje tajni ma\u0111arske gramatike Ma\u0111arski, finno-ugri\u010dki jezik, isti\u010de se jedinstvenim gramati\u010dkim sustavom, \u0161to ga \u010dini o\u010daravaju\u0107im izazovom za ljubitelje jezika. U\u010denje ma\u0111arskog jezika ne samo da pro\u0161iruje va\u0161e jezi\u010dno znanje, ve\u0107 vam omogu\u0107uje i da se upustite u zadivljuju\u0107u kulturu i povijest Ma\u0111arske. Iako se ma\u0111arska gramatika u po\u010detku mo\u017ee \u010diniti zastra\u0161uju\u0107om, ra\u0161\u010dlanjivanje na [&hellip;]<\/p>\n","protected":false},"author":1,"featured_media":113129,"parent":0,"menu_order":0,"comment_status":"closed","ping_status":"closed","template":"LearningContentPage.php","meta":{"_acf_changed":false,"footnotes":""},"class_list":["post-144571","page","type-page","status-publish","has-post-thumbnail","hentry"],"acf":[],"yoast_head":"<!-- This site is optimized with the Yoast SEO Premium plugin v27.2 (Yoast SEO v27.2) - https:\/\/yoast.com\/product\/yoast-seo-premium-wordpress\/ -->\n<title>Ma\u0111arska gramatika - Talkpal<\/title>\n<meta name=\"description\" content=\"Savladajte ma\u0111arsku gramatiku - nau\u010dite gramati\u010dka pravila i vje\u017ebajte oblikovanje re\u010denica. Primajte korisne smjernice od Talkpal AI-a.\" \/>\n<meta name=\"robots\" content=\"index, follow, max-snippet:-1, max-image-preview:large, max-video-preview:-1\" \/>\n<link rel=\"canonical\" href=\"https:\/\/talkpal.ai\/hr\/madarska-gramatika\/\" \/>\n<meta property=\"og:locale\" content=\"hr_HR\" \/>\n<meta property=\"og:type\" content=\"article\" \/>\n<meta property=\"og:title\" content=\"Ma\u0111arska gramatika\" \/>\n<meta property=\"og:description\" content=\"Naslov: Otklju\u010davanje tajni ma\u0111arske gramatike Ma\u0111arski, finno-ugri\u010dki jezik, isti\u010de se jedinstvenim gramati\u010dkim sustavom, \u0161to ga \u010dini o\u010daravaju\u0107im\" \/>\n<meta property=\"og:url\" content=\"https:\/\/talkpal.ai\/hr\/madarska-gramatika\/\" \/>\n<meta property=\"og:site_name\" content=\"Talkpal\" \/>\n<meta property=\"article:publisher\" content=\"https:\/\/www.facebook.com\/profile.php?id=100090733639311\" \/>\n<meta property=\"article:modified_time\" content=\"2025-12-12T10:49:58+00:00\" \/>\n<meta property=\"og:image\" content=\"https:\/\/talkpal.ai\/wp-content\/uploads\/2023\/05\/Hungarian.png\" \/>\n\t<meta property=\"og:image:width\" content=\"512\" \/>\n\t<meta property=\"og:image:height\" content=\"512\" \/>\n\t<meta property=\"og:image:type\" content=\"image\/png\" \/>\n<meta name=\"twitter:card\" content=\"summary_large_image\" \/>\n<meta name=\"twitter:site\" content=\"@talkpalai\" \/>\n<meta name=\"twitter:label1\" content=\"Procijenjeno vrijeme \u010ditanja\" \/>\n\t<meta name=\"twitter:data1\" content=\"3 minute\" \/>\n<script type=\"application\/ld+json\" class=\"yoast-schema-graph\">{\"@context\":\"https:\/\/schema.org\",\"@graph\":[{\"@type\":\"WebPage\",\"@id\":\"https:\/\/talkpal.ai\/hr\/madarska-gramatika\/\",\"url\":\"https:\/\/talkpal.ai\/hr\/madarska-gramatika\/\",\"name\":\"Ma\u0111arska gramatika - Talkpal\",\"isPartOf\":{\"@id\":\"https:\/\/talkpal.ai\/hr\/#website\"},\"primaryImageOfPage\":{\"@id\":\"https:\/\/talkpal.ai\/hr\/madarska-gramatika\/#primaryimage\"},\"image\":{\"@id\":\"https:\/\/talkpal.ai\/hr\/madarska-gramatika\/#primaryimage\"},\"thumbnailUrl\":\"https:\/\/talkpal.ai\/wp-content\/uploads\/2023\/05\/Hungarian.png\",\"datePublished\":\"2023-05-14T14:08:53+00:00\",\"dateModified\":\"2025-12-12T10:49:58+00:00\",\"description\":\"Savladajte ma\u0111arsku gramatiku - nau\u010dite gramati\u010dka pravila i vje\u017ebajte oblikovanje re\u010denica. Primajte korisne smjernice od Talkpal AI-a.\",\"breadcrumb\":{\"@id\":\"https:\/\/talkpal.ai\/hr\/madarska-gramatika\/#breadcrumb\"},\"inLanguage\":\"hr\",\"potentialAction\":[{\"@type\":\"ReadAction\",\"target\":[\"https:\/\/talkpal.ai\/hr\/madarska-gramatika\/\"]}]},{\"@type\":\"ImageObject\",\"inLanguage\":\"hr\",\"@id\":\"https:\/\/talkpal.ai\/hr\/madarska-gramatika\/#primaryimage\",\"url\":\"https:\/\/talkpal.ai\/wp-content\/uploads\/2023\/05\/Hungarian.png\",\"contentUrl\":\"https:\/\/talkpal.ai\/wp-content\/uploads\/2023\/05\/Hungarian.png\",\"width\":512,\"height\":512},{\"@type\":\"BreadcrumbList\",\"@id\":\"https:\/\/talkpal.ai\/hr\/madarska-gramatika\/#breadcrumb\",\"itemListElement\":[{\"@type\":\"ListItem\",\"position\":1,\"name\":\"Homepage\",\"item\":\"https:\/\/talkpal.ai\/hr\/\"},{\"@type\":\"ListItem\",\"position\":2,\"name\":\"Ma\u0111arska gramatika\"}]},{\"@type\":\"WebSite\",\"@id\":\"https:\/\/talkpal.ai\/hr\/#website\",\"url\":\"https:\/\/talkpal.ai\/hr\/\",\"name\":\"Talkpal\",\"description\":\"AI Language Learning\",\"publisher\":{\"@id\":\"https:\/\/talkpal.ai\/hr\/#organization\"},\"alternateName\":\"Talkpal AI\",\"potentialAction\":[{\"@type\":\"SearchAction\",\"target\":{\"@type\":\"EntryPoint\",\"urlTemplate\":\"https:\/\/talkpal.ai\/hr\/?s={search_term_string}\"},\"query-input\":{\"@type\":\"PropertyValueSpecification\",\"valueRequired\":true,\"valueName\":\"search_term_string\"}}],\"inLanguage\":\"hr\"},{\"@type\":\"Organization\",\"@id\":\"https:\/\/talkpal.ai\/hr\/#organization\",\"name\":\"Talkpal, Inc.\",\"alternateName\":\"Talkpal AI\",\"url\":\"https:\/\/talkpal.ai\/hr\/\",\"logo\":{\"@type\":\"ImageObject\",\"inLanguage\":\"hr\",\"@id\":\"https:\/\/talkpal.ai\/hr\/#\/schema\/logo\/image\/\",\"url\":\"https:\/\/talkpal.ai\/wp-content\/uploads\/2024\/03\/Talkpal-Logo-Icon.png\",\"contentUrl\":\"https:\/\/talkpal.ai\/wp-content\/uploads\/2024\/03\/Talkpal-Logo-Icon.png\",\"width\":2880,\"height\":2880,\"caption\":\"Talkpal, Inc.\"},\"image\":{\"@id\":\"https:\/\/talkpal.ai\/hr\/#\/schema\/logo\/image\/\"},\"sameAs\":[\"https:\/\/www.facebook.com\/profile.php?id=100090733639311\",\"https:\/\/x.com\/talkpalai\",\"https:\/\/www.linkedin.com\/company\/talkpal\/\",\"https:\/\/www.youtube.com\/@TalkPal\/\",\"https:\/\/www.tiktok.com\/@talkpal\",\"https:\/\/www.instagram.com\/talkpal_ai\/\",\"https:\/\/www.crunchbase.com\/organization\/talkpal-9cde\",\"https:\/\/www.g2.com\/products\/talkpal-for-business\/\",\"https:\/\/www.trustpilot.com\/review\/talkpal.ai\",\"https:\/\/www.capterra.com\/p\/10006800\/TalkPal\/\"],\"description\":\"Talkpal is a language learning web and mobile education app, powered by the latest AI technologies, that provides engaging experiences to its customers in many different languages to help them improve their language skills. Users can chat about unlimited amount of topics with the app and use other modes to practice their language learning.\",\"email\":\"support@talkpal.ai\",\"legalName\":\"Talkpal, Inc.\",\"foundingDate\":\"2023-04-03\",\"duns\":\"118989042\",\"numberOfEmployees\":{\"@type\":\"QuantitativeValue\",\"minValue\":\"11\",\"maxValue\":\"50\"},\"publishingPrinciples\":\"https:\/\/talkpal.ai\/publishing-principles\/\",\"actionableFeedbackPolicy\":\"https:\/\/talkpal.ai\/actionable-feedback-policy\/\",\"correctionsPolicy\":\"https:\/\/talkpal.ai\/corrections-policy\/\",\"ethicsPolicy\":\"https:\/\/talkpal.ai\/ethics-policy\/\",\"diversityPolicy\":\"https:\/\/talkpal.ai\/diversity-policy\/\",\"diversityStaffingReport\":\"https:\/\/talkpal.ai\/diversity-policy\/\"}]}<\/script>\n<!-- \/ Yoast SEO Premium plugin. -->","yoast_head_json":{"title":"Ma\u0111arska gramatika - Talkpal","description":"Savladajte ma\u0111arsku gramatiku - nau\u010dite gramati\u010dka pravila i vje\u017ebajte oblikovanje re\u010denica. Primajte korisne smjernice od Talkpal AI-a.","robots":{"index":"index","follow":"follow","max-snippet":"max-snippet:-1","max-image-preview":"max-image-preview:large","max-video-preview":"max-video-preview:-1"},"canonical":"https:\/\/talkpal.ai\/hr\/madarska-gramatika\/","og_locale":"hr_HR","og_type":"article","og_title":"Ma\u0111arska gramatika","og_description":"Naslov: Otklju\u010davanje tajni ma\u0111arske gramatike Ma\u0111arski, finno-ugri\u010dki jezik, isti\u010de se jedinstvenim gramati\u010dkim sustavom, \u0161to ga \u010dini o\u010daravaju\u0107im","og_url":"https:\/\/talkpal.ai\/hr\/madarska-gramatika\/","og_site_name":"Talkpal","article_publisher":"https:\/\/www.facebook.com\/profile.php?id=100090733639311","article_modified_time":"2025-12-12T10:49:58+00:00","og_image":[{"width":512,"height":512,"url":"https:\/\/talkpal.ai\/wp-content\/uploads\/2023\/05\/Hungarian.png","type":"image\/png"}],"twitter_card":"summary_large_image","twitter_site":"@talkpalai","twitter_misc":{"Procijenjeno vrijeme \u010ditanja":"3 minute"},"schema":{"@context":"https:\/\/schema.org","@graph":[{"@type":"WebPage","@id":"https:\/\/talkpal.ai\/hr\/madarska-gramatika\/","url":"https:\/\/talkpal.ai\/hr\/madarska-gramatika\/","name":"Ma\u0111arska gramatika - Talkpal","isPartOf":{"@id":"https:\/\/talkpal.ai\/hr\/#website"},"primaryImageOfPage":{"@id":"https:\/\/talkpal.ai\/hr\/madarska-gramatika\/#primaryimage"},"image":{"@id":"https:\/\/talkpal.ai\/hr\/madarska-gramatika\/#primaryimage"},"thumbnailUrl":"https:\/\/talkpal.ai\/wp-content\/uploads\/2023\/05\/Hungarian.png","datePublished":"2023-05-14T14:08:53+00:00","dateModified":"2025-12-12T10:49:58+00:00","description":"Savladajte ma\u0111arsku gramatiku - nau\u010dite gramati\u010dka pravila i vje\u017ebajte oblikovanje re\u010denica. Primajte korisne smjernice od Talkpal AI-a.","breadcrumb":{"@id":"https:\/\/talkpal.ai\/hr\/madarska-gramatika\/#breadcrumb"},"inLanguage":"hr","potentialAction":[{"@type":"ReadAction","target":["https:\/\/talkpal.ai\/hr\/madarska-gramatika\/"]}]},{"@type":"ImageObject","inLanguage":"hr","@id":"https:\/\/talkpal.ai\/hr\/madarska-gramatika\/#primaryimage","url":"https:\/\/talkpal.ai\/wp-content\/uploads\/2023\/05\/Hungarian.png","contentUrl":"https:\/\/talkpal.ai\/wp-content\/uploads\/2023\/05\/Hungarian.png","width":512,"height":512},{"@type":"BreadcrumbList","@id":"https:\/\/talkpal.ai\/hr\/madarska-gramatika\/#breadcrumb","itemListElement":[{"@type":"ListItem","position":1,"name":"Homepage","item":"https:\/\/talkpal.ai\/hr\/"},{"@type":"ListItem","position":2,"name":"Ma\u0111arska gramatika"}]},{"@type":"WebSite","@id":"https:\/\/talkpal.ai\/hr\/#website","url":"https:\/\/talkpal.ai\/hr\/","name":"Talkpal","description":"AI Language Learning","publisher":{"@id":"https:\/\/talkpal.ai\/hr\/#organization"},"alternateName":"Talkpal AI","potentialAction":[{"@type":"SearchAction","target":{"@type":"EntryPoint","urlTemplate":"https:\/\/talkpal.ai\/hr\/?s={search_term_string}"},"query-input":{"@type":"PropertyValueSpecification","valueRequired":true,"valueName":"search_term_string"}}],"inLanguage":"hr"},{"@type":"Organization","@id":"https:\/\/talkpal.ai\/hr\/#organization","name":"Talkpal, Inc.","alternateName":"Talkpal AI","url":"https:\/\/talkpal.ai\/hr\/","logo":{"@type":"ImageObject","inLanguage":"hr","@id":"https:\/\/talkpal.ai\/hr\/#\/schema\/logo\/image\/","url":"https:\/\/talkpal.ai\/wp-content\/uploads\/2024\/03\/Talkpal-Logo-Icon.png","contentUrl":"https:\/\/talkpal.ai\/wp-content\/uploads\/2024\/03\/Talkpal-Logo-Icon.png","width":2880,"height":2880,"caption":"Talkpal, Inc."},"image":{"@id":"https:\/\/talkpal.ai\/hr\/#\/schema\/logo\/image\/"},"sameAs":["https:\/\/www.facebook.com\/profile.php?id=100090733639311","https:\/\/x.com\/talkpalai","https:\/\/www.linkedin.com\/company\/talkpal\/","https:\/\/www.youtube.com\/@TalkPal\/","https:\/\/www.tiktok.com\/@talkpal","https:\/\/www.instagram.com\/talkpal_ai\/","https:\/\/www.crunchbase.com\/organization\/talkpal-9cde","https:\/\/www.g2.com\/products\/talkpal-for-business\/","https:\/\/www.trustpilot.com\/review\/talkpal.ai","https:\/\/www.capterra.com\/p\/10006800\/TalkPal\/"],"description":"Talkpal is a language learning web and mobile education app, powered by the latest AI technologies, that provides engaging experiences to its customers in many different languages to help them improve their language skills. Users can chat about unlimited amount of topics with the app and use other modes to practice their language learning.","email":"support@talkpal.ai","legalName":"Talkpal, Inc.","foundingDate":"2023-04-03","duns":"118989042","numberOfEmployees":{"@type":"QuantitativeValue","minValue":"11","maxValue":"50"},"publishingPrinciples":"https:\/\/talkpal.ai\/publishing-principles\/","actionableFeedbackPolicy":"https:\/\/talkpal.ai\/actionable-feedback-policy\/","correctionsPolicy":"https:\/\/talkpal.ai\/corrections-policy\/","ethicsPolicy":"https:\/\/talkpal.ai\/ethics-policy\/","diversityPolicy":"https:\/\/talkpal.ai\/diversity-policy\/","diversityStaffingReport":"https:\/\/talkpal.ai\/diversity-policy\/"}]}},"_links":{"self":[{"href":"https:\/\/talkpal.ai\/hr\/wp-json\/wp\/v2\/pages\/144571","targetHints":{"allow":["GET"]}}],"collection":[{"href":"https:\/\/talkpal.ai\/hr\/wp-json\/wp\/v2\/pages"}],"about":[{"href":"https:\/\/talkpal.ai\/hr\/wp-json\/wp\/v2\/types\/page"}],"author":[{"embeddable":true,"href":"https:\/\/talkpal.ai\/hr\/wp-json\/wp\/v2\/users\/1"}],"replies":[{"embeddable":true,"href":"https:\/\/talkpal.ai\/hr\/wp-json\/wp\/v2\/comments?post=144571"}],"version-history":[{"count":0,"href":"https:\/\/talkpal.ai\/hr\/wp-json\/wp\/v2\/pages\/144571\/revisions"}],"wp:featuredmedia":[{"embeddable":true,"href":"https:\/\/talkpal.ai\/hr\/wp-json\/wp\/v2\/media\/113129"}],"wp:attachment":[{"href":"https:\/\/talkpal.ai\/hr\/wp-json\/wp\/v2\/media?parent=144571"}],"curies":[{"name":"wp","href":"https:\/\/api.w.org\/{rel}","templated":true}]}}