{"id":144240,"date":"2023-05-14T14:04:48","date_gmt":"2023-05-14T14:04:48","guid":{"rendered":"http:\/\/talkpal.ai\/hebrejska-gramatika\/"},"modified":"2025-12-13T15:40:44","modified_gmt":"2025-12-13T15:40:44","slug":"hebrejska-gramatika","status":"publish","type":"page","link":"https:\/\/talkpal.ai\/hr\/hebrejska-gramatika\/","title":{"rendered":"Hebrejska gramatika"},"content":{"rendered":"\r\n\r\n\r\n<section class=\"languageChallengeSection\">\r\n    <div class=\"languageInfoWrapper\">\r\n        \r\n        <h1>Hebrejska gramatika<\/h1>\r\n        <p>Nau\u010dite hebrejsku gramatiku i otkrijte tajne jezika s dubokim povijesnim korijenima i modernom relevantno\u0161\u0107u. Prihvatite izazov i pove\u017eite se sa \u017eivopisnom kulturom kroz ljepotu hebrejske gramatike!<\/p>\r\n\r\n                            <a class=\"getStartedHidden\" href=\"https:\/\/app.talkpal.ai\/hr\/signup?lng=\">Zapo\u010dni<\/a>\r\n        \r\n    <\/div>\r\n\r\n    <figure>\r\n    <img decoding=\"async\" width=\"768\" height=\"768\" src=\"https:\/\/talkpal.ai\/wp-content\/uploads\/2023\/06\/hebrew-768x768.png\" class=\"languageImage no-lazy\" alt=\"Language learning for proficient communication\" fetchpriority=\"high\" sizes=\"(max-width: 768px) 150px, 768px\" srcset=\"https:\/\/talkpal.ai\/wp-content\/uploads\/2023\/06\/hebrew-768x768.png 768w, https:\/\/talkpal.ai\/wp-content\/uploads\/2023\/06\/hebrew-300x300.png 300w\" \/>\r\n    \r\n\r\n    <\/figure>\r\n\r\n            <a class=\"getStartedVisible\" href=\"https:\/\/app.talkpal.ai\/hr\/signup?lng=\">Zapo\u010dni<\/a>\r\n    \r\n<\/section>\r\n<section class=\"promotionalBanner\">\r\n    <p class=\"promotionalText\">Naju\u010dinkovitiji na\u010din u\u010denja jezika<\/p>\r\n    <a class=\"promotionalLink\" href=\"https:\/\/app.talkpal.ai\/hr\/signup?lng=\">Isprobajte Talkpal besplatno<\/a>\r\n<\/section>\n<div class=\"wp-block-group pageContainerStyle\"><div class=\"wp-block-group__inner-container is-layout-constrained wp-block-group-is-layout-constrained\">\n<h2 class=\"wp-block-heading\" id=\"h-mastering-hebrew-grammar-your-ultimate-guide\">Ovladavanje hebrejskom gramatikom: Va\u0161 ultimativni vodi\u010d<\/h2>\n\n\n\n<p>Shalom, jezi\u010dni entuzijasti! Jeste li spremni zaroniti u fascinantan svijet hebrejske gramatike? Do\u0161li ste na pravo mjesto. Ispunjen lako razumljivim informacijama i razgovornim tonom, ovaj \u0107e vas \u010dlanak voditi kroz o\u010daravaju\u0107e podru\u010dje hebrejske gramatike. Uskoro \u0107ete mo\u0107i sastavljati re\u010denice i sudjelovati u smislenim razgovorima s izvornim govornicima. Dakle, zapo\u010dnimo va\u0161e putovanje prema svladavanju hebrejske gramatike!<\/p>\n\n\n\n<p><strong>Ali prvo, za\u0161to hebrejska gramatika?<\/strong><\/p>\n\n\n\n<p>Ako <a href=\"https:\/\/talkpal.ai\/learn-hebrew\/\">u\u010dite hebrejski<\/a>, \u010dvrsta gramati\u010dka osnova neophodna je za te\u010dno govorenje, \u010ditanje i pisanje. Iako se <a href=\"https:\/\/talkpal.ai\/hebrew-grammar\/\">hebrejska gramatika<\/a> u po\u010detku mo\u017ee \u010diniti slo\u017eenom, ona postaje pristupa\u010dnija jednom podijeljena na manje, upravljivije dijelove. Dakle, krenimo na ovo uzbudljivo putovanje!<\/p>\n\n\n\n<h3 class=\"wp-block-heading\" id=\"h-1-nouns-gender-and-number\">1. Imenice, spol i broj<\/h3>\n\n\n\n<p>Hebrejske imenice imaju dva spola &#8211; mu\u0161ki i \u017eenski &#8211; i mogu biti jednine ili mno\u017eine. Odre\u0111ivanje roda imenice \u010dini osnovu za pravilnu konstrukciju re\u010denica jer utje\u010de na druge vrste rije\u010di, poput glagola i pridjeva.  <\/p>\n\n\n\n<p>Op\u0107enito pravilo: ako imenica zavr\u0161ava na \u201c\u05d4\u201d (hej) ili \u201c\u05ea\u201d (tav), obi\u010dno je \u017eenskog roda. Me\u0111utim, postoje iznimke, pa je klju\u010dno zapamtiti spolove imenica tijekom u\u010denja vokabulara.<\/p>\n\n\n\n<p>Osim toga, hebrejske imenice imaju razli\u010dite oblike ovisno o broju. Imenice u mno\u017eini mu\u0161kog roda obi\u010dno zavr\u0161avaju na \u201c\u05d9\u05dd\u201d (yim), dok imenice u mno\u017eini \u017eenskog roda zavr\u0161avaju na \u201c\u05d5\u05ea\u201d (ot).<\/p>\n\n\n\n<h3 class=\"wp-block-heading\" id=\"h-2-adjectives-agreement-and-definite-articles\">2. Pridjevi, dogovori i odre\u0111eni \u010dlanci<\/h3>\n\n\n\n<p>Pridjevi na hebrejskom moraju se slo\u017eiti po spolu i broju s imenicom koju mijenjaju. Da biste pridjev u\u010dinili \u017eenskim, dodajte \u201c\u05d4\u201d (hej) na kraju ako ga ve\u0107 nema. Da biste napravili mno\u017einu pridjeva, slijedite isti princip kao i imenice: dodajte \u201c\u05d9\u05dd\u201d za mu\u0161ki rod i \u201c\u05d5\u05ea\u201d za \u017eenski rod.<\/p>\n\n\n\n<p>Odre\u0111eni \u010dlan &#8220;the&#8221; na hebrejskom je &#8220;\u05d4&#8221; (hej) i dodaje se kao prefiks imenici ili pridjevu. Na primjer, &#8220;\u05d4\u05e1\u05e4\u05e8&#8221; (haSefer &#8211; knjiga) ili &#8220;\u05d4\u05db\u05d3\u05d5\u05e8 \u05d4\u05d2\u05d3\u05d5\u05dc&#8221; (hakadur hagadol &#8211; velika lopta).<\/p>\n\n\n\n<h3 class=\"wp-block-heading\" id=\"h-3-verbs-tense-and-conjugation\">3. Glagoli, vrijeme i konjugacija<\/h3>\n\n\n\n<p><a href=\"https:\/\/talkpal.ai\/learn-hebrew\/\">Hebrejski<\/a> glagoli igraju klju\u010dnu ulogu u gramatici i podijeljeni su u sedam konjugacijskih skupina koje se nazivaju &#8220;binyanim&#8221;. Svaki binyan utje\u010de na zna\u010denje i ulogu glagola u re\u010denici.<\/p>\n\n\n\n<p>Da bismo vam dali brzi pregled, razgovarajmo o sada\u0161njem vremenu pravilnih glagola:<\/p>\n\n\n\n<p><strong>\u2013 \u05d0\u05e0\u05d9 \u05e7\u05d5\u05e8\u05d0\/\u05ea (ani kore\/et \u2013 \u010ditam, masc.\/fem.)<\/strong><\/p>\n\n\n\n<p><strong>\u2013 \u05d0\u05ea\/\u05d4 \u05e7\u05d5\u05e8\u05d0\/\u05ea (ata\/at kore\/et \u2013 \u010ditate, masc.\/fem.)<\/strong><\/p>\n\n\n\n<p><strong>\u2013 \u05d4\u05d5\u05d0\/\u05d4\u05d9\u05d0 \u05e7\u05d5\u05e8\u05d0\/\u05ea (hu\/hi kore\/et \u2013 on\/ona \u010dita)<\/strong><\/p>\n\n\n\n<p>Zapamtite, ovo je samo po\u010detak! Mnoga druga vremena, <a href=\"https:\/\/talkpal.ai\/sl\/grammar\/nepravilni-glagoli-v-angleski-slovnici\/\">nepravilni glagoli<\/a> i binyanske slo\u017eenosti pojavit \u0107e se kako napredujete.<\/p>\n\n\n\n<h3 class=\"wp-block-heading\" id=\"h-4-pronouns-prepositions-and-more\">4. Zamjenice, prijedlozi i jo\u0161 mnogo toga!<\/h3>\n\n\n\n<p>Hebrejska <a href=\"https:\/\/talkpal.ai\/sq\/gramatika\/\">gramatika<\/a> uklju\u010duje druge komponente kao \u0161to su zamjenice (\u05d0\u05e0\u05d9, \u05d0\u05ea\u05d4, \u05d4\u05d5\u05d0, \u05d4\u05d9\u05d0 i tako dalje), prijedlozi (\u05d1, \u05dc, \u05de, \u05e2\u05dc itd.) i idiomatski izrazi. Baviti se svakim elementom od klju\u010dne je va\u017enosti za postizanje sveobuhvatne te\u010dnosti u hebrejskom, stoga idite korak po korak.<\/p>\n\n\n\n<p>Zaklju\u010dno, ne postoji pre\u010dac za svladavanje hebrejske gramatike. Zahtijeva upornost, praksu i strpljenje. Me\u0111utim, nakon \u0161to shvatite njegovu zamr\u0161enost, okusit \u0107ete nijanse razgovora na hebrejskom, istra\u017eiti bogatu kulturu i povijest i produbiti svoju zahvalnost za jezik. \u05d1\u05d4\u05e6\u05dc\u05d7\u05d4 (behatzlacha \u2013 sretno)!<\/p>\n<\/div><\/div>\n\r\n<section class=\"learnNavigationSection\">\r\n            \r\n        <a href=\"https:\/\/talkpal.ai\/hr\/ucenje-hebrejskog-jezika\/\">\r\n            <div class=\"learnNavigationWrapper\">\r\n                <div class=\"learnNavigationContent\">\r\n                    <img decoding=\"async\" src=\"https:\/\/talkpal.ai\/wp-content\/uploads\/2024\/08\/Hebrew.jpg\" alt=\"Israel Flag\">\r\n                    <div>\r\n                        <h4>O u\u010denju hebrejskog<\/h4>\r\n                        <p>Saznajte sve o hebrejskoj gramatici.<\/p>\r\n                    <\/div>\r\n                <\/div>\r\n            <\/div>\r\n        <\/a>\r\n\r\n        \r\n        <a href=\"https:\/\/talkpal.ai\/hr\/vjezbe-hebrejske-gramatike\/\">\r\n            <div class=\"learnNavigationWrapper\">\r\n                <div class=\"learnNavigationContent\">\r\n                    <img decoding=\"async\" src=\"https:\/\/talkpal.ai\/wp-content\/uploads\/2024\/08\/Hebrew.jpg\" alt=\"Israel Flag\">\r\n                    <div>\r\n                        <h4>Vje\u017eba hebrejske gramatike<\/h4>\r\n                        <p>Vje\u017ebajte hebrejsku gramatiku.<\/p>\r\n                    <\/div>\r\n                <\/div>\r\n            <\/div>\r\n        <\/a>\r\n\r\n        \r\n        <a href=\"https:\/\/talkpal.ai\/vocabulary_language\/hebrew\/\">\r\n            <div class=\"learnNavigationWrapper\">\r\n                <div class=\"learnNavigationContent\">\r\n                    <img decoding=\"async\" src=\"https:\/\/talkpal.ai\/wp-content\/uploads\/2024\/08\/Hebrew.jpg\" alt=\"Israel Flag\">\r\n                    <div>\r\n                        <h4>Hebrejski rje\u010dnik<\/h4>\r\n                        <p>Pro\u0161irite svoj hebrejski vokabular.<\/p>\r\n                    <\/div>\r\n                <\/div>\r\n            <\/div>\r\n        <\/a>\r\n\r\n            <\/section>","protected":false},"excerpt":{"rendered":"<p>Ovladavanje hebrejskom gramatikom: Va\u0161 ultimativni vodi\u010d Shalom, jezi\u010dni entuzijasti! Jeste li spremni zaroniti u fascinantan svijet hebrejske gramatike? Do\u0161li ste na pravo mjesto. Ispunjen lako razumljivim informacijama i razgovornim tonom, ovaj \u0107e vas \u010dlanak voditi kroz o\u010daravaju\u0107e podru\u010dje hebrejske gramatike. Uskoro \u0107ete mo\u0107i sastavljati re\u010denice i sudjelovati u smislenim razgovorima s izvornim govornicima. Dakle, zapo\u010dnimo [&hellip;]<\/p>\n","protected":false},"author":1,"featured_media":112888,"parent":0,"menu_order":0,"comment_status":"closed","ping_status":"closed","template":"LearningContentPage.php","meta":{"_acf_changed":false,"footnotes":""},"class_list":["post-144240","page","type-page","status-publish","has-post-thumbnail","hentry"],"acf":[],"yoast_head":"<!-- This site is optimized with the Yoast SEO Premium plugin v27.2 (Yoast SEO v27.2) - https:\/\/yoast.com\/product\/yoast-seo-premium-wordpress\/ -->\n<title>Hebrejska gramatika - Talkpal<\/title>\n<meta name=\"description\" content=\"Pobolj\u0161ajte svoju hebrejsku gramatiku s pouzdanjem - nau\u010dite klju\u010dna pravila, oblikujte ispravne re\u010denice i jasno komunicirajte uz Talkpal -ove jednostavne lekcije umjetne inteligencije.\" \/>\n<meta name=\"robots\" content=\"index, follow, max-snippet:-1, max-image-preview:large, max-video-preview:-1\" \/>\n<link rel=\"canonical\" href=\"https:\/\/talkpal.ai\/hr\/hebrejska-gramatika\/\" \/>\n<meta property=\"og:locale\" content=\"hr_HR\" \/>\n<meta property=\"og:type\" content=\"article\" \/>\n<meta property=\"og:title\" content=\"Hebrejska gramatika\" \/>\n<meta property=\"og:description\" content=\"Ovladavanje hebrejskom gramatikom: Va\u0161 ultimativni vodi\u010d Shalom, jezi\u010dni entuzijasti! Jeste li spremni zaroniti u fascinantan svijet hebrejske gramatike?\" \/>\n<meta property=\"og:url\" content=\"https:\/\/talkpal.ai\/hr\/hebrejska-gramatika\/\" \/>\n<meta property=\"og:site_name\" content=\"Talkpal\" \/>\n<meta property=\"article:publisher\" content=\"https:\/\/www.facebook.com\/profile.php?id=100090733639311\" \/>\n<meta property=\"article:modified_time\" content=\"2025-12-13T15:40:44+00:00\" \/>\n<meta property=\"og:image\" content=\"https:\/\/talkpal.ai\/wp-content\/uploads\/2023\/05\/israel.png\" \/>\n\t<meta property=\"og:image:width\" content=\"512\" \/>\n\t<meta property=\"og:image:height\" content=\"512\" \/>\n\t<meta property=\"og:image:type\" content=\"image\/png\" \/>\n<meta name=\"twitter:card\" content=\"summary_large_image\" \/>\n<meta name=\"twitter:site\" content=\"@talkpalai\" \/>\n<meta name=\"twitter:label1\" content=\"Procijenjeno vrijeme \u010ditanja\" \/>\n\t<meta name=\"twitter:data1\" content=\"2 minute\" \/>\n<script type=\"application\/ld+json\" class=\"yoast-schema-graph\">{\"@context\":\"https:\/\/schema.org\",\"@graph\":[{\"@type\":\"WebPage\",\"@id\":\"https:\/\/talkpal.ai\/hr\/hebrejska-gramatika\/\",\"url\":\"https:\/\/talkpal.ai\/hr\/hebrejska-gramatika\/\",\"name\":\"Hebrejska gramatika - Talkpal\",\"isPartOf\":{\"@id\":\"https:\/\/talkpal.ai\/hr\/#website\"},\"primaryImageOfPage\":{\"@id\":\"https:\/\/talkpal.ai\/hr\/hebrejska-gramatika\/#primaryimage\"},\"image\":{\"@id\":\"https:\/\/talkpal.ai\/hr\/hebrejska-gramatika\/#primaryimage\"},\"thumbnailUrl\":\"https:\/\/talkpal.ai\/wp-content\/uploads\/2023\/05\/israel.png\",\"datePublished\":\"2023-05-14T14:04:48+00:00\",\"dateModified\":\"2025-12-13T15:40:44+00:00\",\"description\":\"Pobolj\u0161ajte svoju hebrejsku gramatiku s pouzdanjem - nau\u010dite klju\u010dna pravila, oblikujte ispravne re\u010denice i jasno komunicirajte uz Talkpal -ove jednostavne lekcije umjetne inteligencije.\",\"breadcrumb\":{\"@id\":\"https:\/\/talkpal.ai\/hr\/hebrejska-gramatika\/#breadcrumb\"},\"inLanguage\":\"hr\",\"potentialAction\":[{\"@type\":\"ReadAction\",\"target\":[\"https:\/\/talkpal.ai\/hr\/hebrejska-gramatika\/\"]}]},{\"@type\":\"ImageObject\",\"inLanguage\":\"hr\",\"@id\":\"https:\/\/talkpal.ai\/hr\/hebrejska-gramatika\/#primaryimage\",\"url\":\"https:\/\/talkpal.ai\/wp-content\/uploads\/2023\/05\/israel.png\",\"contentUrl\":\"https:\/\/talkpal.ai\/wp-content\/uploads\/2023\/05\/israel.png\",\"width\":512,\"height\":512},{\"@type\":\"BreadcrumbList\",\"@id\":\"https:\/\/talkpal.ai\/hr\/hebrejska-gramatika\/#breadcrumb\",\"itemListElement\":[{\"@type\":\"ListItem\",\"position\":1,\"name\":\"Homepage\",\"item\":\"https:\/\/talkpal.ai\/hr\/\"},{\"@type\":\"ListItem\",\"position\":2,\"name\":\"Hebrejska gramatika\"}]},{\"@type\":\"WebSite\",\"@id\":\"https:\/\/talkpal.ai\/hr\/#website\",\"url\":\"https:\/\/talkpal.ai\/hr\/\",\"name\":\"Talkpal\",\"description\":\"AI Language Learning\",\"publisher\":{\"@id\":\"https:\/\/talkpal.ai\/hr\/#organization\"},\"alternateName\":\"Talkpal AI\",\"potentialAction\":[{\"@type\":\"SearchAction\",\"target\":{\"@type\":\"EntryPoint\",\"urlTemplate\":\"https:\/\/talkpal.ai\/hr\/?s={search_term_string}\"},\"query-input\":{\"@type\":\"PropertyValueSpecification\",\"valueRequired\":true,\"valueName\":\"search_term_string\"}}],\"inLanguage\":\"hr\"},{\"@type\":\"Organization\",\"@id\":\"https:\/\/talkpal.ai\/hr\/#organization\",\"name\":\"Talkpal, Inc.\",\"alternateName\":\"Talkpal AI\",\"url\":\"https:\/\/talkpal.ai\/hr\/\",\"logo\":{\"@type\":\"ImageObject\",\"inLanguage\":\"hr\",\"@id\":\"https:\/\/talkpal.ai\/hr\/#\/schema\/logo\/image\/\",\"url\":\"https:\/\/talkpal.ai\/wp-content\/uploads\/2024\/03\/Talkpal-Logo-Icon.png\",\"contentUrl\":\"https:\/\/talkpal.ai\/wp-content\/uploads\/2024\/03\/Talkpal-Logo-Icon.png\",\"width\":2880,\"height\":2880,\"caption\":\"Talkpal, Inc.\"},\"image\":{\"@id\":\"https:\/\/talkpal.ai\/hr\/#\/schema\/logo\/image\/\"},\"sameAs\":[\"https:\/\/www.facebook.com\/profile.php?id=100090733639311\",\"https:\/\/x.com\/talkpalai\",\"https:\/\/www.linkedin.com\/company\/talkpal\/\",\"https:\/\/www.youtube.com\/@TalkPal\/\",\"https:\/\/www.tiktok.com\/@talkpal\",\"https:\/\/www.instagram.com\/talkpal_ai\/\",\"https:\/\/www.crunchbase.com\/organization\/talkpal-9cde\",\"https:\/\/www.g2.com\/products\/talkpal-for-business\/\",\"https:\/\/www.trustpilot.com\/review\/talkpal.ai\",\"https:\/\/www.capterra.com\/p\/10006800\/TalkPal\/\"],\"description\":\"Talkpal is a language learning web and mobile education app, powered by the latest AI technologies, that provides engaging experiences to its customers in many different languages to help them improve their language skills. Users can chat about unlimited amount of topics with the app and use other modes to practice their language learning.\",\"email\":\"support@talkpal.ai\",\"legalName\":\"Talkpal, Inc.\",\"foundingDate\":\"2023-04-03\",\"duns\":\"118989042\",\"numberOfEmployees\":{\"@type\":\"QuantitativeValue\",\"minValue\":\"11\",\"maxValue\":\"50\"},\"publishingPrinciples\":\"https:\/\/talkpal.ai\/publishing-principles\/\",\"actionableFeedbackPolicy\":\"https:\/\/talkpal.ai\/actionable-feedback-policy\/\",\"correctionsPolicy\":\"https:\/\/talkpal.ai\/corrections-policy\/\",\"ethicsPolicy\":\"https:\/\/talkpal.ai\/ethics-policy\/\",\"diversityPolicy\":\"https:\/\/talkpal.ai\/diversity-policy\/\",\"diversityStaffingReport\":\"https:\/\/talkpal.ai\/diversity-policy\/\"}]}<\/script>\n<!-- \/ Yoast SEO Premium plugin. -->","yoast_head_json":{"title":"Hebrejska gramatika - Talkpal","description":"Pobolj\u0161ajte svoju hebrejsku gramatiku s pouzdanjem - nau\u010dite klju\u010dna pravila, oblikujte ispravne re\u010denice i jasno komunicirajte uz Talkpal -ove jednostavne lekcije umjetne inteligencije.","robots":{"index":"index","follow":"follow","max-snippet":"max-snippet:-1","max-image-preview":"max-image-preview:large","max-video-preview":"max-video-preview:-1"},"canonical":"https:\/\/talkpal.ai\/hr\/hebrejska-gramatika\/","og_locale":"hr_HR","og_type":"article","og_title":"Hebrejska gramatika","og_description":"Ovladavanje hebrejskom gramatikom: Va\u0161 ultimativni vodi\u010d Shalom, jezi\u010dni entuzijasti! Jeste li spremni zaroniti u fascinantan svijet hebrejske gramatike?","og_url":"https:\/\/talkpal.ai\/hr\/hebrejska-gramatika\/","og_site_name":"Talkpal","article_publisher":"https:\/\/www.facebook.com\/profile.php?id=100090733639311","article_modified_time":"2025-12-13T15:40:44+00:00","og_image":[{"width":512,"height":512,"url":"https:\/\/talkpal.ai\/wp-content\/uploads\/2023\/05\/israel.png","type":"image\/png"}],"twitter_card":"summary_large_image","twitter_site":"@talkpalai","twitter_misc":{"Procijenjeno vrijeme \u010ditanja":"2 minute"},"schema":{"@context":"https:\/\/schema.org","@graph":[{"@type":"WebPage","@id":"https:\/\/talkpal.ai\/hr\/hebrejska-gramatika\/","url":"https:\/\/talkpal.ai\/hr\/hebrejska-gramatika\/","name":"Hebrejska gramatika - Talkpal","isPartOf":{"@id":"https:\/\/talkpal.ai\/hr\/#website"},"primaryImageOfPage":{"@id":"https:\/\/talkpal.ai\/hr\/hebrejska-gramatika\/#primaryimage"},"image":{"@id":"https:\/\/talkpal.ai\/hr\/hebrejska-gramatika\/#primaryimage"},"thumbnailUrl":"https:\/\/talkpal.ai\/wp-content\/uploads\/2023\/05\/israel.png","datePublished":"2023-05-14T14:04:48+00:00","dateModified":"2025-12-13T15:40:44+00:00","description":"Pobolj\u0161ajte svoju hebrejsku gramatiku s pouzdanjem - nau\u010dite klju\u010dna pravila, oblikujte ispravne re\u010denice i jasno komunicirajte uz Talkpal -ove jednostavne lekcije umjetne inteligencije.","breadcrumb":{"@id":"https:\/\/talkpal.ai\/hr\/hebrejska-gramatika\/#breadcrumb"},"inLanguage":"hr","potentialAction":[{"@type":"ReadAction","target":["https:\/\/talkpal.ai\/hr\/hebrejska-gramatika\/"]}]},{"@type":"ImageObject","inLanguage":"hr","@id":"https:\/\/talkpal.ai\/hr\/hebrejska-gramatika\/#primaryimage","url":"https:\/\/talkpal.ai\/wp-content\/uploads\/2023\/05\/israel.png","contentUrl":"https:\/\/talkpal.ai\/wp-content\/uploads\/2023\/05\/israel.png","width":512,"height":512},{"@type":"BreadcrumbList","@id":"https:\/\/talkpal.ai\/hr\/hebrejska-gramatika\/#breadcrumb","itemListElement":[{"@type":"ListItem","position":1,"name":"Homepage","item":"https:\/\/talkpal.ai\/hr\/"},{"@type":"ListItem","position":2,"name":"Hebrejska gramatika"}]},{"@type":"WebSite","@id":"https:\/\/talkpal.ai\/hr\/#website","url":"https:\/\/talkpal.ai\/hr\/","name":"Talkpal","description":"AI Language Learning","publisher":{"@id":"https:\/\/talkpal.ai\/hr\/#organization"},"alternateName":"Talkpal AI","potentialAction":[{"@type":"SearchAction","target":{"@type":"EntryPoint","urlTemplate":"https:\/\/talkpal.ai\/hr\/?s={search_term_string}"},"query-input":{"@type":"PropertyValueSpecification","valueRequired":true,"valueName":"search_term_string"}}],"inLanguage":"hr"},{"@type":"Organization","@id":"https:\/\/talkpal.ai\/hr\/#organization","name":"Talkpal, Inc.","alternateName":"Talkpal AI","url":"https:\/\/talkpal.ai\/hr\/","logo":{"@type":"ImageObject","inLanguage":"hr","@id":"https:\/\/talkpal.ai\/hr\/#\/schema\/logo\/image\/","url":"https:\/\/talkpal.ai\/wp-content\/uploads\/2024\/03\/Talkpal-Logo-Icon.png","contentUrl":"https:\/\/talkpal.ai\/wp-content\/uploads\/2024\/03\/Talkpal-Logo-Icon.png","width":2880,"height":2880,"caption":"Talkpal, Inc."},"image":{"@id":"https:\/\/talkpal.ai\/hr\/#\/schema\/logo\/image\/"},"sameAs":["https:\/\/www.facebook.com\/profile.php?id=100090733639311","https:\/\/x.com\/talkpalai","https:\/\/www.linkedin.com\/company\/talkpal\/","https:\/\/www.youtube.com\/@TalkPal\/","https:\/\/www.tiktok.com\/@talkpal","https:\/\/www.instagram.com\/talkpal_ai\/","https:\/\/www.crunchbase.com\/organization\/talkpal-9cde","https:\/\/www.g2.com\/products\/talkpal-for-business\/","https:\/\/www.trustpilot.com\/review\/talkpal.ai","https:\/\/www.capterra.com\/p\/10006800\/TalkPal\/"],"description":"Talkpal is a language learning web and mobile education app, powered by the latest AI technologies, that provides engaging experiences to its customers in many different languages to help them improve their language skills. Users can chat about unlimited amount of topics with the app and use other modes to practice their language learning.","email":"support@talkpal.ai","legalName":"Talkpal, Inc.","foundingDate":"2023-04-03","duns":"118989042","numberOfEmployees":{"@type":"QuantitativeValue","minValue":"11","maxValue":"50"},"publishingPrinciples":"https:\/\/talkpal.ai\/publishing-principles\/","actionableFeedbackPolicy":"https:\/\/talkpal.ai\/actionable-feedback-policy\/","correctionsPolicy":"https:\/\/talkpal.ai\/corrections-policy\/","ethicsPolicy":"https:\/\/talkpal.ai\/ethics-policy\/","diversityPolicy":"https:\/\/talkpal.ai\/diversity-policy\/","diversityStaffingReport":"https:\/\/talkpal.ai\/diversity-policy\/"}]}},"_links":{"self":[{"href":"https:\/\/talkpal.ai\/hr\/wp-json\/wp\/v2\/pages\/144240","targetHints":{"allow":["GET"]}}],"collection":[{"href":"https:\/\/talkpal.ai\/hr\/wp-json\/wp\/v2\/pages"}],"about":[{"href":"https:\/\/talkpal.ai\/hr\/wp-json\/wp\/v2\/types\/page"}],"author":[{"embeddable":true,"href":"https:\/\/talkpal.ai\/hr\/wp-json\/wp\/v2\/users\/1"}],"replies":[{"embeddable":true,"href":"https:\/\/talkpal.ai\/hr\/wp-json\/wp\/v2\/comments?post=144240"}],"version-history":[{"count":0,"href":"https:\/\/talkpal.ai\/hr\/wp-json\/wp\/v2\/pages\/144240\/revisions"}],"wp:featuredmedia":[{"embeddable":true,"href":"https:\/\/talkpal.ai\/hr\/wp-json\/wp\/v2\/media\/112888"}],"wp:attachment":[{"href":"https:\/\/talkpal.ai\/hr\/wp-json\/wp\/v2\/media?parent=144240"}],"curies":[{"name":"wp","href":"https:\/\/api.w.org\/{rel}","templated":true}]}}