{"id":143964,"date":"2023-05-14T14:03:43","date_gmt":"2023-05-14T14:03:43","guid":{"rendered":"http:\/\/talkpal.ai\/galicijanska-gramatika\/"},"modified":"2025-12-13T15:36:37","modified_gmt":"2025-12-13T15:36:37","slug":"galicijanska-gramatika","status":"publish","type":"page","link":"https:\/\/talkpal.ai\/hr\/galicijanska-gramatika\/","title":{"rendered":"Galicijanska gramatika"},"content":{"rendered":"\r\n\r\n\r\n<section class=\"languageChallengeSection\">\r\n    <div class=\"languageInfoWrapper\">\r\n        \r\n        <h1>Galicijanska gramatika<\/h1>\r\n        <p>Otkrijte \u010dari galicijskog jezika savladavaju\u0107i njegova temeljna gramati\u010dka pravila. Razumijevanje galicijske gramatike otvorit \u0107e vrata smislenoj komunikaciji i dubljem uva\u017eavanju \u017eivahne galicijske kulture. Po\u010dnite u\u010diti galicijsku gramatiku ve\u0107 danas i napravite prvi korak prema te\u010dnom govoru!<\/p>\r\n\r\n                            <a class=\"getStartedHidden\" href=\"https:\/\/app.talkpal.ai\/hr\/signup?lng=\">Zapo\u010dni<\/a>\r\n        \r\n    <\/div>\r\n\r\n    <figure>\r\n    <img decoding=\"async\" width=\"768\" height=\"768\" src=\"https:\/\/talkpal.ai\/wp-content\/uploads\/2023\/06\/galician-768x768.png\" class=\"languageImage no-lazy\" alt=\"Language immersion powerful learning method\" fetchpriority=\"high\" sizes=\"(max-width: 768px) 150px, 768px\" srcset=\"https:\/\/talkpal.ai\/wp-content\/uploads\/2023\/06\/galician-768x768.png 768w, https:\/\/talkpal.ai\/wp-content\/uploads\/2023\/06\/galician-300x300.png 300w\" \/>\r\n    \r\n\r\n    <\/figure>\r\n\r\n            <a class=\"getStartedVisible\" href=\"https:\/\/app.talkpal.ai\/hr\/signup?lng=\">Zapo\u010dni<\/a>\r\n    \r\n<\/section>\r\n<section class=\"promotionalBanner\">\r\n    <p class=\"promotionalText\">Naju\u010dinkovitiji na\u010din u\u010denja jezika<\/p>\r\n    <a class=\"promotionalLink\" href=\"https:\/\/app.talkpal.ai\/hr\/signup?lng=\">Isprobajte Talkpal besplatno<\/a>\r\n<\/section>\n<div class=\"wp-block-group pageContainerStyle\"><div class=\"wp-block-group__inner-container is-layout-constrained wp-block-group-is-layout-constrained\">\n<h2 class=\"wp-block-heading\" id=\"h-galician-grammar-unlocking-the-beauty-of-a-romance-language\">Galicijska gramatika: Otklju\u010davanje ljepote romanskog jezika<\/h2>\n\n\n\n<p><a href=\"https:\/\/talkpal.ai\/learn-galician\/\">Galicijski<\/a>, romanski jezik kojim govori vi\u0161e od dva milijuna ljudi na sjeverozapadu \u0160panjolske, jedinstveni je i zadivljuju\u0107i dijalekt koji dijeli sli\u010dnosti s portugalskim. Ima prepoznatljivu fonologiju, fascinantnu povijest i \u017eivopisnu pjesni\u010dku tradiciju. Da biste svladali ovaj o\u010daravaju\u0107i jezik, klju\u010dno je razumjeti njegovu gramatiku. U ovom \u0107emo \u010dlanku istra\u017eiti bitne aspekte galicijske gramatike i dati savjete koji \u0107e vam pomo\u0107i da budete bolji na ovom lingvisti\u010dkom putovanju.<\/p>\n\n\n\n<h3 class=\"wp-block-heading\" id=\"h-key-components-of-galician-grammar\">Klju\u010dne komponente galicijske gramatike:<\/h3>\n\n\n\n<p><a href=\"https:\/\/talkpal.ai\/galician-grammar\/\">Galicijska gramatika<\/a>, kao i drugi romanski jezici, sastoji se od razli\u010ditih pravila i struktura koje definiraju njegovu pravilnu uporabu. Evo nekoliko temeljnih aspekata galicijske gramatike s kojima biste trebali biti upoznati:<\/p>\n\n\n\n<p><strong>1. Imenice:<\/strong> Galicijske imenice imaju dva gramati\u010dka spola (mu\u0161ki i \u017eenski) i nanesene su za broj (jednina i mno\u017eina). Spol imenice utje\u010de na oblik \u010dlanaka, pridjeva i zamjenica koje ga prate.<\/p>\n\n\n\n<p><strong>2. \u010clanci:<\/strong> Galicijski ima odre\u0111ene \u010dlanke (o, os, a, as) i neodre\u0111ene \u010dlanke (un, uns, unha, unhas). Odre\u0111eni \u010dlanci koriste se za upu\u0107ivanje na odre\u0111ene objekte ili osobe, dok se neodre\u0111eni \u010dlanci koriste za op\u0107e ili nespecifi\u010dne reference.<\/p>\n\n\n\n<p>3. Pridjevi i <strong>prilozi: Pridjevi<\/strong> na galicijskom obi\u010dno se sla\u017eu po spolu i broju s imenicama koje mijenjaju. Prilozi su, s druge strane, nepromjenjivi i ne mijenjaju se po rodu ili broju imenice.<\/p>\n\n\n\n<p><strong>4. Glagoli:<\/strong> Galicijski glagoli konjugirani su u tri pravilna uzorka (ar, er, ir) i razli\u010ditim nepravilnim uzorcima. Glagoli se nanose prema vremenu (sada\u0161njost, pro\u0161lost, budu\u0107nost itd.), Raspolo\u017eenju (indikativno, konjunktivno, imperativno), aspektu (savr\u0161eno, nesavr\u0161eno) i glasu (aktivno, pasivno). Zamjenice se \u010desto izostavljaju u konjugaciji glagola, jer glagolski oblik obi\u010dno ukazuje na subjekt.<\/p>\n\n\n\n<p><strong>5. Struktura re\u010denice:<\/strong> Galicijski obi\u010dno koristi redoslijed rije\u010di Subject-Verb-Object (SVO) ili Verb-Subject-Object (VSO), ovisno o naglasku i kontekstu. Me\u0111utim, ovaj redoslijed rije\u010di je fleksibilan.<\/p>\n\n\n\n<h3 class=\"wp-block-heading\" id=\"h-tips-for-learning-galician-grammar\">Savjeti za u\u010denje galicijskih gramatika:<\/h3>\n\n\n\n<p>Da biste se istaknuli na svom galicijskom putu u\u010denja gramatike, razmislite o ovim korisnim strategijama:<\/p>\n\n\n\n<p><strong>1. Redovita praksa:<\/strong> Dosljednost je klju\u010dna. Posvetite odre\u0111eno vrijeme svaki dan ili tjedan vje\u017ebanju gramati\u010dkih vje\u017ebi, \u010ditanja i pisanja na galicijskom jeziku.<\/p>\n\n\n\n<p><strong>2. Koristite izvorne resurse:<\/strong> Uronite u autenti\u010dne galicijske materijale kao \u0161to su knji\u017eevnost, novinski \u010dlanci i filmovi. To ne samo da vam poma\u017ee da vidite galicijski gramatiku u kontekstu, ve\u0107 i pobolj\u0161ava va\u0161e vje\u0161tine \u010ditanja i slu\u0161anja.<\/p>\n\n\n\n<p><strong>3. Nau\u010dite spolove i \u010dlanke imenica:<\/strong> Upoznajte se s galicijskim imeni\u010dkim rodovima i pravilnom uporabom \u010dlanaka. To je klju\u010dno za formiranje to\u010dnih i koherentnih re\u010denica.<\/p>\n\n\n\n<p><strong>4. Pove\u017eite se<\/strong> s izvornim govornicima: Sura\u0111ujte s izvornim galicijskim govornicima putem programa za razmjenu jezika, dru\u0161tvenih medija ili internetskih foruma. To pru\u017ea mogu\u0107nosti za <a href=\"https:\/\/talkpal.ai\/grammar\/\">vje\u017ebanje gramatike<\/a> u stvarnim razgovorima i primanje vrijednih povratnih informacija.<\/p>\n\n\n\n<p><strong>5. Strpljenje i upornost:<\/strong> U\u010denje novog jezika zahtijeva vrijeme, odlu\u010dnost i strpljenje. Prigrlite izazove i usput proslavite svoj napredak.<\/p>\n\n\n\n<h2 class=\"wp-block-heading\" id=\"h-conclusion\">Zaklju\u010dak:<\/h2>\n\n\n\n<p>Galicijska <a href=\"https:\/\/talkpal.ai\/sq\/gramatika\/\">gramatika<\/a>, sa svojim jedinstvenim karakteristikama i povezano\u0161\u0107u s obitelji romanskog jezika, dr\u017ei klju\u010d za svladavanje ovog zadivljuju\u0107eg dijalekta. Razumijevanjem njegovih klju\u010dnih komponenti i pra\u0107enjem na\u0161ih strategija u\u010denja, bit \u0107ete na dobrom putu do jezi\u010dnog znanja. Dakle, krenite na ovo uzbudljivo putovanje i otklju\u010dajte \u010duda galicijskih jezika!<\/p>\n<\/div><\/div>\n\r\n<section class=\"learnNavigationSection\">\r\n            \r\n        <a href=\"https:\/\/talkpal.ai\/hr\/ucenje-galicijskog-jezika\/\">\r\n            <div class=\"learnNavigationWrapper\">\r\n                <div class=\"learnNavigationContent\">\r\n                    <img decoding=\"async\" src=\"https:\/\/talkpal.ai\/wp-content\/uploads\/2024\/08\/Galician.jpg\" alt=\"Galicia Flag\">\r\n                    <div>\r\n                        <h4>O galicijskom u\u010denju<\/h4>\r\n                        <p>Saznajte sve o galicijskim gramatikama.<\/p>\r\n                    <\/div>\r\n                <\/div>\r\n            <\/div>\r\n        <\/a>\r\n\r\n        \r\n        <a href=\"https:\/\/talkpal.ai\/hr\/galicijske-gramaticke-vjezbe\/\">\r\n            <div class=\"learnNavigationWrapper\">\r\n                <div class=\"learnNavigationContent\">\r\n                    <img decoding=\"async\" src=\"https:\/\/talkpal.ai\/wp-content\/uploads\/2024\/08\/Galician.jpg\" alt=\"Galicia Flag\">\r\n                    <div>\r\n                        <h4>Vje\u017eba iz gramatike galicijskog jezika<\/h4>\r\n                        <p>Vje\u017ebajte galicijski gramatiku.<\/p>\r\n                    <\/div>\r\n                <\/div>\r\n            <\/div>\r\n        <\/a>\r\n\r\n        \r\n        <a href=\"https:\/\/talkpal.ai\/vocabulary_language\/galician\/\">\r\n            <div class=\"learnNavigationWrapper\">\r\n                <div class=\"learnNavigationContent\">\r\n                    <img decoding=\"async\" src=\"https:\/\/talkpal.ai\/wp-content\/uploads\/2024\/08\/Galician.jpg\" alt=\"Galicia Flag\">\r\n                    <div>\r\n                        <h4>Galicijski rje\u010dnik<\/h4>\r\n                        <p>Pro\u0161irite svoj galicijski vokabular.<\/p>\r\n                    <\/div>\r\n                <\/div>\r\n            <\/div>\r\n        <\/a>\r\n\r\n            <\/section>","protected":false},"excerpt":{"rendered":"<p>Galicijska gramatika: Otklju\u010davanje ljepote romanskog jezika Galicijski, romanski jezik kojim govori vi\u0161e od dva milijuna ljudi na sjeverozapadu \u0160panjolske, jedinstveni je i zadivljuju\u0107i dijalekt koji dijeli sli\u010dnosti s portugalskim. Ima prepoznatljivu fonologiju, fascinantnu povijest i \u017eivopisnu pjesni\u010dku tradiciju. Da biste svladali ovaj o\u010daravaju\u0107i jezik, klju\u010dno je razumjeti njegovu gramatiku. U ovom \u0107emo \u010dlanku istra\u017eiti bitne [&hellip;]<\/p>\n","protected":false},"author":1,"featured_media":111913,"parent":0,"menu_order":0,"comment_status":"closed","ping_status":"closed","template":"LearningContentPage.php","meta":{"_acf_changed":false,"footnotes":""},"class_list":["post-143964","page","type-page","status-publish","has-post-thumbnail","hentry"],"acf":[],"yoast_head":"<!-- This site is optimized with the Yoast SEO Premium plugin v27.2 (Yoast SEO v27.2) - https:\/\/yoast.com\/product\/yoast-seo-premium-wordpress\/ -->\n<title>Galicijanska gramatika - Talkpal<\/title>\n<meta name=\"description\" content=\"S lako\u0107om savladajte galicijsku gramatiku - nau\u010dite pravila, sastavite ispravne re\u010denice i jasno komunicirajte\" \/>\n<meta name=\"robots\" content=\"index, follow, max-snippet:-1, max-image-preview:large, max-video-preview:-1\" \/>\n<link rel=\"canonical\" href=\"https:\/\/talkpal.ai\/hr\/galicijanska-gramatika\/\" \/>\n<meta property=\"og:locale\" content=\"hr_HR\" \/>\n<meta property=\"og:type\" content=\"article\" \/>\n<meta property=\"og:title\" content=\"Galicijanska gramatika\" \/>\n<meta property=\"og:description\" content=\"Galicijska gramatika: Otklju\u010davanje ljepote romanskog jezika Galicijski, romanski jezik kojim govori vi\u0161e od dva milijuna ljudi na sjeverozapadu\" \/>\n<meta property=\"og:url\" content=\"https:\/\/talkpal.ai\/hr\/galicijanska-gramatika\/\" \/>\n<meta property=\"og:site_name\" content=\"Talkpal\" \/>\n<meta property=\"article:publisher\" content=\"https:\/\/www.facebook.com\/profile.php?id=100090733639311\" \/>\n<meta property=\"article:modified_time\" content=\"2025-12-13T15:36:37+00:00\" \/>\n<meta property=\"og:image\" content=\"https:\/\/talkpal.ai\/wp-content\/uploads\/2023\/05\/Galician-spain.png\" \/>\n\t<meta property=\"og:image:width\" content=\"512\" \/>\n\t<meta property=\"og:image:height\" content=\"512\" \/>\n\t<meta property=\"og:image:type\" content=\"image\/png\" \/>\n<meta name=\"twitter:card\" content=\"summary_large_image\" \/>\n<meta name=\"twitter:site\" content=\"@talkpalai\" \/>\n<meta name=\"twitter:label1\" content=\"Procijenjeno vrijeme \u010ditanja\" \/>\n\t<meta name=\"twitter:data1\" content=\"3 minute\" \/>\n<script type=\"application\/ld+json\" class=\"yoast-schema-graph\">{\"@context\":\"https:\/\/schema.org\",\"@graph\":[{\"@type\":\"WebPage\",\"@id\":\"https:\/\/talkpal.ai\/hr\/galicijanska-gramatika\/\",\"url\":\"https:\/\/talkpal.ai\/hr\/galicijanska-gramatika\/\",\"name\":\"Galicijanska gramatika - Talkpal\",\"isPartOf\":{\"@id\":\"https:\/\/talkpal.ai\/hr\/#website\"},\"primaryImageOfPage\":{\"@id\":\"https:\/\/talkpal.ai\/hr\/galicijanska-gramatika\/#primaryimage\"},\"image\":{\"@id\":\"https:\/\/talkpal.ai\/hr\/galicijanska-gramatika\/#primaryimage\"},\"thumbnailUrl\":\"https:\/\/talkpal.ai\/wp-content\/uploads\/2023\/05\/Galician-spain.png\",\"datePublished\":\"2023-05-14T14:03:43+00:00\",\"dateModified\":\"2025-12-13T15:36:37+00:00\",\"description\":\"S lako\u0107om savladajte galicijsku gramatiku - nau\u010dite pravila, sastavite ispravne re\u010denice i jasno komunicirajte\",\"breadcrumb\":{\"@id\":\"https:\/\/talkpal.ai\/hr\/galicijanska-gramatika\/#breadcrumb\"},\"inLanguage\":\"hr\",\"potentialAction\":[{\"@type\":\"ReadAction\",\"target\":[\"https:\/\/talkpal.ai\/hr\/galicijanska-gramatika\/\"]}]},{\"@type\":\"ImageObject\",\"inLanguage\":\"hr\",\"@id\":\"https:\/\/talkpal.ai\/hr\/galicijanska-gramatika\/#primaryimage\",\"url\":\"https:\/\/talkpal.ai\/wp-content\/uploads\/2023\/05\/Galician-spain.png\",\"contentUrl\":\"https:\/\/talkpal.ai\/wp-content\/uploads\/2023\/05\/Galician-spain.png\",\"width\":512,\"height\":512},{\"@type\":\"BreadcrumbList\",\"@id\":\"https:\/\/talkpal.ai\/hr\/galicijanska-gramatika\/#breadcrumb\",\"itemListElement\":[{\"@type\":\"ListItem\",\"position\":1,\"name\":\"Homepage\",\"item\":\"https:\/\/talkpal.ai\/hr\/\"},{\"@type\":\"ListItem\",\"position\":2,\"name\":\"Galicijanska gramatika\"}]},{\"@type\":\"WebSite\",\"@id\":\"https:\/\/talkpal.ai\/hr\/#website\",\"url\":\"https:\/\/talkpal.ai\/hr\/\",\"name\":\"Talkpal\",\"description\":\"AI Language Learning\",\"publisher\":{\"@id\":\"https:\/\/talkpal.ai\/hr\/#organization\"},\"alternateName\":\"Talkpal AI\",\"potentialAction\":[{\"@type\":\"SearchAction\",\"target\":{\"@type\":\"EntryPoint\",\"urlTemplate\":\"https:\/\/talkpal.ai\/hr\/?s={search_term_string}\"},\"query-input\":{\"@type\":\"PropertyValueSpecification\",\"valueRequired\":true,\"valueName\":\"search_term_string\"}}],\"inLanguage\":\"hr\"},{\"@type\":\"Organization\",\"@id\":\"https:\/\/talkpal.ai\/hr\/#organization\",\"name\":\"Talkpal, Inc.\",\"alternateName\":\"Talkpal AI\",\"url\":\"https:\/\/talkpal.ai\/hr\/\",\"logo\":{\"@type\":\"ImageObject\",\"inLanguage\":\"hr\",\"@id\":\"https:\/\/talkpal.ai\/hr\/#\/schema\/logo\/image\/\",\"url\":\"https:\/\/talkpal.ai\/wp-content\/uploads\/2024\/03\/Talkpal-Logo-Icon.png\",\"contentUrl\":\"https:\/\/talkpal.ai\/wp-content\/uploads\/2024\/03\/Talkpal-Logo-Icon.png\",\"width\":2880,\"height\":2880,\"caption\":\"Talkpal, Inc.\"},\"image\":{\"@id\":\"https:\/\/talkpal.ai\/hr\/#\/schema\/logo\/image\/\"},\"sameAs\":[\"https:\/\/www.facebook.com\/profile.php?id=100090733639311\",\"https:\/\/x.com\/talkpalai\",\"https:\/\/www.linkedin.com\/company\/talkpal\/\",\"https:\/\/www.youtube.com\/@TalkPal\/\",\"https:\/\/www.tiktok.com\/@talkpal\",\"https:\/\/www.instagram.com\/talkpal_ai\/\",\"https:\/\/www.crunchbase.com\/organization\/talkpal-9cde\",\"https:\/\/www.g2.com\/products\/talkpal-for-business\/\",\"https:\/\/www.trustpilot.com\/review\/talkpal.ai\",\"https:\/\/www.capterra.com\/p\/10006800\/TalkPal\/\"],\"description\":\"Talkpal is a language learning web and mobile education app, powered by the latest AI technologies, that provides engaging experiences to its customers in many different languages to help them improve their language skills. Users can chat about unlimited amount of topics with the app and use other modes to practice their language learning.\",\"email\":\"support@talkpal.ai\",\"legalName\":\"Talkpal, Inc.\",\"foundingDate\":\"2023-04-03\",\"duns\":\"118989042\",\"numberOfEmployees\":{\"@type\":\"QuantitativeValue\",\"minValue\":\"11\",\"maxValue\":\"50\"},\"publishingPrinciples\":\"https:\/\/talkpal.ai\/publishing-principles\/\",\"actionableFeedbackPolicy\":\"https:\/\/talkpal.ai\/actionable-feedback-policy\/\",\"correctionsPolicy\":\"https:\/\/talkpal.ai\/corrections-policy\/\",\"ethicsPolicy\":\"https:\/\/talkpal.ai\/ethics-policy\/\",\"diversityPolicy\":\"https:\/\/talkpal.ai\/diversity-policy\/\",\"diversityStaffingReport\":\"https:\/\/talkpal.ai\/diversity-policy\/\"}]}<\/script>\n<!-- \/ Yoast SEO Premium plugin. -->","yoast_head_json":{"title":"Galicijanska gramatika - Talkpal","description":"S lako\u0107om savladajte galicijsku gramatiku - nau\u010dite pravila, sastavite ispravne re\u010denice i jasno komunicirajte","robots":{"index":"index","follow":"follow","max-snippet":"max-snippet:-1","max-image-preview":"max-image-preview:large","max-video-preview":"max-video-preview:-1"},"canonical":"https:\/\/talkpal.ai\/hr\/galicijanska-gramatika\/","og_locale":"hr_HR","og_type":"article","og_title":"Galicijanska gramatika","og_description":"Galicijska gramatika: Otklju\u010davanje ljepote romanskog jezika Galicijski, romanski jezik kojim govori vi\u0161e od dva milijuna ljudi na sjeverozapadu","og_url":"https:\/\/talkpal.ai\/hr\/galicijanska-gramatika\/","og_site_name":"Talkpal","article_publisher":"https:\/\/www.facebook.com\/profile.php?id=100090733639311","article_modified_time":"2025-12-13T15:36:37+00:00","og_image":[{"width":512,"height":512,"url":"https:\/\/talkpal.ai\/wp-content\/uploads\/2023\/05\/Galician-spain.png","type":"image\/png"}],"twitter_card":"summary_large_image","twitter_site":"@talkpalai","twitter_misc":{"Procijenjeno vrijeme \u010ditanja":"3 minute"},"schema":{"@context":"https:\/\/schema.org","@graph":[{"@type":"WebPage","@id":"https:\/\/talkpal.ai\/hr\/galicijanska-gramatika\/","url":"https:\/\/talkpal.ai\/hr\/galicijanska-gramatika\/","name":"Galicijanska gramatika - Talkpal","isPartOf":{"@id":"https:\/\/talkpal.ai\/hr\/#website"},"primaryImageOfPage":{"@id":"https:\/\/talkpal.ai\/hr\/galicijanska-gramatika\/#primaryimage"},"image":{"@id":"https:\/\/talkpal.ai\/hr\/galicijanska-gramatika\/#primaryimage"},"thumbnailUrl":"https:\/\/talkpal.ai\/wp-content\/uploads\/2023\/05\/Galician-spain.png","datePublished":"2023-05-14T14:03:43+00:00","dateModified":"2025-12-13T15:36:37+00:00","description":"S lako\u0107om savladajte galicijsku gramatiku - nau\u010dite pravila, sastavite ispravne re\u010denice i jasno komunicirajte","breadcrumb":{"@id":"https:\/\/talkpal.ai\/hr\/galicijanska-gramatika\/#breadcrumb"},"inLanguage":"hr","potentialAction":[{"@type":"ReadAction","target":["https:\/\/talkpal.ai\/hr\/galicijanska-gramatika\/"]}]},{"@type":"ImageObject","inLanguage":"hr","@id":"https:\/\/talkpal.ai\/hr\/galicijanska-gramatika\/#primaryimage","url":"https:\/\/talkpal.ai\/wp-content\/uploads\/2023\/05\/Galician-spain.png","contentUrl":"https:\/\/talkpal.ai\/wp-content\/uploads\/2023\/05\/Galician-spain.png","width":512,"height":512},{"@type":"BreadcrumbList","@id":"https:\/\/talkpal.ai\/hr\/galicijanska-gramatika\/#breadcrumb","itemListElement":[{"@type":"ListItem","position":1,"name":"Homepage","item":"https:\/\/talkpal.ai\/hr\/"},{"@type":"ListItem","position":2,"name":"Galicijanska gramatika"}]},{"@type":"WebSite","@id":"https:\/\/talkpal.ai\/hr\/#website","url":"https:\/\/talkpal.ai\/hr\/","name":"Talkpal","description":"AI Language Learning","publisher":{"@id":"https:\/\/talkpal.ai\/hr\/#organization"},"alternateName":"Talkpal AI","potentialAction":[{"@type":"SearchAction","target":{"@type":"EntryPoint","urlTemplate":"https:\/\/talkpal.ai\/hr\/?s={search_term_string}"},"query-input":{"@type":"PropertyValueSpecification","valueRequired":true,"valueName":"search_term_string"}}],"inLanguage":"hr"},{"@type":"Organization","@id":"https:\/\/talkpal.ai\/hr\/#organization","name":"Talkpal, Inc.","alternateName":"Talkpal AI","url":"https:\/\/talkpal.ai\/hr\/","logo":{"@type":"ImageObject","inLanguage":"hr","@id":"https:\/\/talkpal.ai\/hr\/#\/schema\/logo\/image\/","url":"https:\/\/talkpal.ai\/wp-content\/uploads\/2024\/03\/Talkpal-Logo-Icon.png","contentUrl":"https:\/\/talkpal.ai\/wp-content\/uploads\/2024\/03\/Talkpal-Logo-Icon.png","width":2880,"height":2880,"caption":"Talkpal, Inc."},"image":{"@id":"https:\/\/talkpal.ai\/hr\/#\/schema\/logo\/image\/"},"sameAs":["https:\/\/www.facebook.com\/profile.php?id=100090733639311","https:\/\/x.com\/talkpalai","https:\/\/www.linkedin.com\/company\/talkpal\/","https:\/\/www.youtube.com\/@TalkPal\/","https:\/\/www.tiktok.com\/@talkpal","https:\/\/www.instagram.com\/talkpal_ai\/","https:\/\/www.crunchbase.com\/organization\/talkpal-9cde","https:\/\/www.g2.com\/products\/talkpal-for-business\/","https:\/\/www.trustpilot.com\/review\/talkpal.ai","https:\/\/www.capterra.com\/p\/10006800\/TalkPal\/"],"description":"Talkpal is a language learning web and mobile education app, powered by the latest AI technologies, that provides engaging experiences to its customers in many different languages to help them improve their language skills. Users can chat about unlimited amount of topics with the app and use other modes to practice their language learning.","email":"support@talkpal.ai","legalName":"Talkpal, Inc.","foundingDate":"2023-04-03","duns":"118989042","numberOfEmployees":{"@type":"QuantitativeValue","minValue":"11","maxValue":"50"},"publishingPrinciples":"https:\/\/talkpal.ai\/publishing-principles\/","actionableFeedbackPolicy":"https:\/\/talkpal.ai\/actionable-feedback-policy\/","correctionsPolicy":"https:\/\/talkpal.ai\/corrections-policy\/","ethicsPolicy":"https:\/\/talkpal.ai\/ethics-policy\/","diversityPolicy":"https:\/\/talkpal.ai\/diversity-policy\/","diversityStaffingReport":"https:\/\/talkpal.ai\/diversity-policy\/"}]}},"_links":{"self":[{"href":"https:\/\/talkpal.ai\/hr\/wp-json\/wp\/v2\/pages\/143964","targetHints":{"allow":["GET"]}}],"collection":[{"href":"https:\/\/talkpal.ai\/hr\/wp-json\/wp\/v2\/pages"}],"about":[{"href":"https:\/\/talkpal.ai\/hr\/wp-json\/wp\/v2\/types\/page"}],"author":[{"embeddable":true,"href":"https:\/\/talkpal.ai\/hr\/wp-json\/wp\/v2\/users\/1"}],"replies":[{"embeddable":true,"href":"https:\/\/talkpal.ai\/hr\/wp-json\/wp\/v2\/comments?post=143964"}],"version-history":[{"count":0,"href":"https:\/\/talkpal.ai\/hr\/wp-json\/wp\/v2\/pages\/143964\/revisions"}],"wp:featuredmedia":[{"embeddable":true,"href":"https:\/\/talkpal.ai\/hr\/wp-json\/wp\/v2\/media\/111913"}],"wp:attachment":[{"href":"https:\/\/talkpal.ai\/hr\/wp-json\/wp\/v2\/media?parent=143964"}],"curies":[{"name":"wp","href":"https:\/\/api.w.org\/{rel}","templated":true}]}}