{"id":143618,"date":"2023-05-14T14:03:23","date_gmt":"2023-05-14T14:03:23","guid":{"rendered":"http:\/\/talkpal.ai\/danska-gramatika\/"},"modified":"2025-12-13T15:27:56","modified_gmt":"2025-12-13T15:27:56","slug":"danska-gramatika","status":"publish","type":"page","link":"https:\/\/talkpal.ai\/hr\/danska-gramatika\/","title":{"rendered":"Danska gramatika"},"content":{"rendered":"\r\n\r\n\r\n<section class=\"languageChallengeSection\">\r\n    <div class=\"languageInfoWrapper\">\r\n        \r\n        <h1>Danska gramatika<\/h1>\r\n        <p>Otkrijte osnove danske gramatike i po\u010dnite samouvjereno komunicirati na ovom \u0161armantnom skandinavskom jeziku. Savladavanjem osnovnih pravila i struktura ste\u0107i \u0107ete vje\u0161tine potrebne za povezivanje s govornicima danskog jezika i iskustvo njihove bogate kulture iz prve ruke. Po\u010dnite u\u010diti dansku gramatiku ve\u0107 danas i napravite prvi korak prema te\u010dnosti!\n\n<\/p>\r\n\r\n                            <a class=\"getStartedHidden\" href=\"https:\/\/app.talkpal.ai\/hr\/signup?lng=\">Zapo\u010dni<\/a>\r\n        \r\n    <\/div>\r\n\r\n    <figure>\r\n    <img decoding=\"async\" width=\"768\" height=\"768\" src=\"https:\/\/talkpal.ai\/wp-content\/uploads\/2023\/06\/danish-768x768.png\" class=\"languageImage no-lazy\" alt=\"Language learning for career enhancement\" fetchpriority=\"high\" sizes=\"(max-width: 768px) 150px, 768px\" srcset=\"https:\/\/talkpal.ai\/wp-content\/uploads\/2023\/06\/danish-768x768.png 768w, https:\/\/talkpal.ai\/wp-content\/uploads\/2023\/06\/danish-300x300.png 300w\" \/>\r\n    \r\n\r\n    <\/figure>\r\n\r\n            <a class=\"getStartedVisible\" href=\"https:\/\/app.talkpal.ai\/hr\/signup?lng=\">Zapo\u010dni<\/a>\r\n    \r\n<\/section>\r\n<section class=\"promotionalBanner\">\r\n    <p class=\"promotionalText\">Naju\u010dinkovitiji na\u010din u\u010denja jezika<\/p>\r\n    <a class=\"promotionalLink\" href=\"https:\/\/app.talkpal.ai\/hr\/signup?lng=\">Isprobajte Talkpal besplatno<\/a>\r\n<\/section>\n<div class=\"wp-block-group pageContainerStyle\"><div class=\"wp-block-group__inner-container is-layout-constrained wp-block-group-is-layout-constrained\">\n<h2 class=\"wp-block-heading\" id=\"h-delving-into-the-depths-of-danish-grammar-unraveling-its-idiosyncrasies-and-charm\">Uranjanje u dubine danske gramatike: Razotkrivanje njezinih idiosinkrazija i \u0161arma<\/h2>\n\n\n\n<p>Sje\u0107ate se vremena kada se u\u010denje engleske gramatike \u010dinilo kao te\u0161ka bitka s mno\u0161tvom pravila, iznimaka i zamr\u0161ene terminologije? Ako ste sada krenuli u u\u010denje danskog jezika, pripremite se za jo\u0161 jednu zanosnu vo\u017enju kroz slo\u017eenost i u\u017eitke danske gramatike.<\/p>\n\n\n\n<p><a href=\"https:\/\/talkpal.ai\/learn-danish\/\">Danski<\/a>, sjevernogermanski jezik, dijeli sli\u010dnosti s jezicima kao \u0161to su <a href=\"https:\/\/talkpal.ai\/learn-norwegian\/\">norve\u0161ki<\/a> i <a href=\"https:\/\/talkpal.ai\/learn-swedish\/\">\u0161vedski<\/a>. Me\u0111utim, ima svoje jedinstvene karakteristike koje ga \u010dine draguljem vrijednim dubinskog istra\u017eivanja. Po\u010dnimo s otkrivanjem \u010duda danske gramatike, jedno po jedno pravilo.<\/p>\n\n\n\n<p><strong>Upe\u010datljiva zna\u010dajka danske gramatike<\/strong> je njezina jednostavnost kada je rije\u010d o redoslijedu rije\u010di. Danski slijedi strukturu subjekt-glagol-objekt (SVO), poput engleskog, \u0161to govornicima engleskog jezika olak\u0161ava razumijevanje. Me\u0111utim, postoji zaokret \u2013 upotreba V2 <a href=\"https:\/\/talkpal.ai\/locations\/learn-english-in-reda\/\">reda<\/a> rije\u010di u glavnim re\u010denicama, \u0161to zna\u010di da glagol uvijek <a href=\"https:\/\/talkpal.ai\/locations\/language-courses-in-mora\/\">mora<\/a> biti drugi element. Ovo pravilo dodaje da\u0161ak jedinstvenosti danskom jeziku.<\/p>\n\n\n\n<p>Jo\u0161 jedan simpati\u010dan aspekt danske gramatike je njegov <strong>dvospolni sustav<\/strong>. Dok se neki jezici poput francuskog ili \u0161panjolskog sastoje od odvojenih spolova za mu\u0161ki i \u017eenski, danski to pojednostavljuje kori\u0161tenjem dva glavna spola: zajedni\u010dkog i kastriranog. U danskom, ve\u0107ina imenica spada u kategoriju &#8220;uobi\u010dajeno&#8221;, zbog \u010dega je rodno slaganje s pridjevima i \u010dlanovima relativno jednostavno za shvatiti.<\/p>\n\n\n\n<p>Uronite u podru\u010dje <strong>konjugacije glagola<\/strong> i otkrit \u0107ete da danski nadma\u0161uje druge jezike u pogledu jednostavnosti. Danski glagoli se ne mijenjaju prema predmetu, \u0161to ga \u010dini povjetarcem za pam\u0107enje i razumijevanje razli\u010ditih oblika. Redoviti glagoli slijede predvidljive obrasce, a \u010dak i <a href=\"https:\/\/talkpal.ai\/sl\/grammar\/nepravilni-glagoli-v-angleski-slovnici\/\">nepravilni glagoli<\/a> predstavljaju mali izazov jer su njihove nepravilnosti vrlo suptilne.<\/p>\n\n\n\n<p><a href=\"https:\/\/talkpal.ai\/danish-grammar\/\">Danska gramatika<\/a> nudi jedinstvenu zna\u010dajku svojom <strong>upotrebom neodre\u0111enih, \u010dlanaka i demonstracija<\/strong>. Neodre\u0111eni \u010dlan ekvivalentan je &#8220;a&#8221; ili &#8220;an&#8221; na engleskom, a na danskom mo\u017ee biti &#8220;en&#8221; za uobi\u010dajeni rod ili &#8220;et&#8221; za imenice srednjeg roda. Odre\u0111eni \u010dlan, sli\u010dan &#8220;the&#8221; u engleskom jeziku, pridodaje se kraju same imenice, stapaju\u0107i se u jednu rije\u010d. Demonstrativi, koji ukazuju na odre\u0111ene imenice, tako\u0111er se mijenjaju prema spolu imenice, dodaju\u0107i razinu specifi\u010dnosti i \u0161arma.<\/p>\n\n\n\n<p>Ne zaboravimo na ljepotu <strong>danskog izgovora<\/strong> , koji zahtijeva poznavanje njegovih prepoznatljivih samoglasnika i umek\u0161anih suglasnika. Upotreba st\u00f8da (a <a href=\"https:\/\/talkpal.ai\/culture\/how-do-i-pronounce-the-glottal-stop\/\">glottal stop<\/a>) dodatno ga razlikuje od ostalih germanskih jezika, daju\u0107i danskom jedinstveni zvuk i privla\u010dnost.<\/p>\n\n\n\n<p>Udubljuju\u0107i se u dansku gramatiku, ne samo da \u0107ete nau\u010diti <a href=\"https:\/\/talkpal.ai\/sl\/najvecje-napake-ki-se-jim-je-treba-izogniti-pri-ucenju-novega-jezika\/\">novi jezik<\/a>, ve\u0107 \u0107ete i \u0161iroko obogatiti svoje kulturno znanje i razumijevanje Danske i njezinih ljudi. Iako ponekad izazovna, danska gramatika nudi jedinstveno iskustvo u\u010denja koje otvara vrata bezbrojnim \u010darima i idiosinkrazijama koje ga \u010dine neodoljivim jezikom za istra\u017eivanje. Dakle, zgrabite svoje jezi\u010dne knjige i upustite se u dansku gramati\u010dku avanturu koja obe\u0107ava da \u0107e vas o\u010darati i inspirirati na svakom koraku!<\/p>\n<\/div><\/div>\n\r\n<section class=\"learnNavigationSection\">\r\n            \r\n        <a href=\"https:\/\/talkpal.ai\/hr\/ucenje-danskog-jezika\/\">\r\n            <div class=\"learnNavigationWrapper\">\r\n                <div class=\"learnNavigationContent\">\r\n                    <img decoding=\"async\" src=\"https:\/\/talkpal.ai\/wp-content\/uploads\/2024\/08\/Danish.jpg\" alt=\"Danish Flag\">\r\n                    <div>\r\n                        <h4>O u\u010denju danskog<\/h4>\r\n                        <p>Saznajte sve o danskoj gramatici.<\/p>\r\n                    <\/div>\r\n                <\/div>\r\n            <\/div>\r\n        <\/a>\r\n\r\n        \r\n        <a href=\"https:\/\/talkpal.ai\/hr\/danske-gramaticke-vjezbe\/\">\r\n            <div class=\"learnNavigationWrapper\">\r\n                <div class=\"learnNavigationContent\">\r\n                    <img decoding=\"async\" src=\"https:\/\/talkpal.ai\/wp-content\/uploads\/2024\/08\/Danish.jpg\" alt=\"Danish Flag\">\r\n                    <div>\r\n                        <h4>Danska gramati\u010dka vje\u017eba<\/h4>\r\n                        <p>Vje\u017ebajte dansku gramatiku.<\/p>\r\n                    <\/div>\r\n                <\/div>\r\n            <\/div>\r\n        <\/a>\r\n\r\n        \r\n        <a href=\"https:\/\/talkpal.ai\/vocabulary_language\/danish\/\">\r\n            <div class=\"learnNavigationWrapper\">\r\n                <div class=\"learnNavigationContent\">\r\n                    <img decoding=\"async\" src=\"https:\/\/talkpal.ai\/wp-content\/uploads\/2024\/08\/Danish.jpg\" alt=\"Danish Flag\">\r\n                    <div>\r\n                        <h4>Danski vokabular<\/h4>\r\n                        <p>Pro\u0161irite svoj vokabular danskog.<\/p>\r\n                    <\/div>\r\n                <\/div>\r\n            <\/div>\r\n        <\/a>\r\n\r\n            <\/section>","protected":false},"excerpt":{"rendered":"<p>Uranjanje u dubine danske gramatike: Razotkrivanje njezinih idiosinkrazija i \u0161arma Sje\u0107ate se vremena kada se u\u010denje engleske gramatike \u010dinilo kao te\u0161ka bitka s mno\u0161tvom pravila, iznimaka i zamr\u0161ene terminologije? Ako ste sada krenuli u u\u010denje danskog jezika, pripremite se za jo\u0161 jednu zanosnu vo\u017enju kroz slo\u017eenost i u\u017eitke danske gramatike. Danski, sjevernogermanski jezik, dijeli sli\u010dnosti [&hellip;]<\/p>\n","protected":false},"author":1,"featured_media":110889,"parent":0,"menu_order":0,"comment_status":"closed","ping_status":"closed","template":"LearningContentPage.php","meta":{"_acf_changed":false,"footnotes":""},"class_list":["post-143618","page","type-page","status-publish","has-post-thumbnail","hentry"],"acf":[],"yoast_head":"<!-- This site is optimized with the Yoast SEO Premium plugin v27.2 (Yoast SEO v27.2) - https:\/\/yoast.com\/product\/yoast-seo-premium-wordpress\/ -->\n<title>Danska gramatika - Talkpal<\/title>\n<meta name=\"description\" content=\"Istra\u017eite zamr\u0161enosti danske gramatike i otkrijte njezina jedinstvena pravila i karakteristike. Nau\u010dite se bez napora snalaziti u jeziku.\" \/>\n<meta name=\"robots\" content=\"index, follow, max-snippet:-1, max-image-preview:large, max-video-preview:-1\" \/>\n<link rel=\"canonical\" href=\"https:\/\/talkpal.ai\/hr\/danska-gramatika\/\" \/>\n<meta property=\"og:locale\" content=\"hr_HR\" \/>\n<meta property=\"og:type\" content=\"article\" \/>\n<meta property=\"og:title\" content=\"Danska gramatika\" \/>\n<meta property=\"og:description\" content=\"Uranjanje u dubine danske gramatike: Razotkrivanje njezinih idiosinkrazija i \u0161arma Sje\u0107ate se vremena kada se u\u010denje engleske gramatike \u010dinilo kao te\u0161ka\" \/>\n<meta property=\"og:url\" content=\"https:\/\/talkpal.ai\/hr\/danska-gramatika\/\" \/>\n<meta property=\"og:site_name\" content=\"Talkpal\" \/>\n<meta property=\"article:publisher\" content=\"https:\/\/www.facebook.com\/profile.php?id=100090733639311\" \/>\n<meta property=\"article:modified_time\" content=\"2025-12-13T15:27:56+00:00\" \/>\n<meta property=\"og:image\" content=\"https:\/\/talkpal.ai\/wp-content\/uploads\/2023\/05\/denmark.png\" \/>\n\t<meta property=\"og:image:width\" content=\"512\" \/>\n\t<meta property=\"og:image:height\" content=\"512\" \/>\n\t<meta property=\"og:image:type\" content=\"image\/png\" \/>\n<meta name=\"twitter:card\" content=\"summary_large_image\" \/>\n<meta name=\"twitter:site\" content=\"@talkpalai\" \/>\n<meta name=\"twitter:label1\" content=\"Procijenjeno vrijeme \u010ditanja\" \/>\n\t<meta name=\"twitter:data1\" content=\"2 minute\" \/>\n<script type=\"application\/ld+json\" class=\"yoast-schema-graph\">{\"@context\":\"https:\/\/schema.org\",\"@graph\":[{\"@type\":\"WebPage\",\"@id\":\"https:\/\/talkpal.ai\/hr\/danska-gramatika\/\",\"url\":\"https:\/\/talkpal.ai\/hr\/danska-gramatika\/\",\"name\":\"Danska gramatika - Talkpal\",\"isPartOf\":{\"@id\":\"https:\/\/talkpal.ai\/hr\/#website\"},\"primaryImageOfPage\":{\"@id\":\"https:\/\/talkpal.ai\/hr\/danska-gramatika\/#primaryimage\"},\"image\":{\"@id\":\"https:\/\/talkpal.ai\/hr\/danska-gramatika\/#primaryimage\"},\"thumbnailUrl\":\"https:\/\/talkpal.ai\/wp-content\/uploads\/2023\/05\/denmark.png\",\"datePublished\":\"2023-05-14T14:03:23+00:00\",\"dateModified\":\"2025-12-13T15:27:56+00:00\",\"description\":\"Istra\u017eite zamr\u0161enosti danske gramatike i otkrijte njezina jedinstvena pravila i karakteristike. Nau\u010dite se bez napora snalaziti u jeziku.\",\"breadcrumb\":{\"@id\":\"https:\/\/talkpal.ai\/hr\/danska-gramatika\/#breadcrumb\"},\"inLanguage\":\"hr\",\"potentialAction\":[{\"@type\":\"ReadAction\",\"target\":[\"https:\/\/talkpal.ai\/hr\/danska-gramatika\/\"]}]},{\"@type\":\"ImageObject\",\"inLanguage\":\"hr\",\"@id\":\"https:\/\/talkpal.ai\/hr\/danska-gramatika\/#primaryimage\",\"url\":\"https:\/\/talkpal.ai\/wp-content\/uploads\/2023\/05\/denmark.png\",\"contentUrl\":\"https:\/\/talkpal.ai\/wp-content\/uploads\/2023\/05\/denmark.png\",\"width\":512,\"height\":512},{\"@type\":\"BreadcrumbList\",\"@id\":\"https:\/\/talkpal.ai\/hr\/danska-gramatika\/#breadcrumb\",\"itemListElement\":[{\"@type\":\"ListItem\",\"position\":1,\"name\":\"Homepage\",\"item\":\"https:\/\/talkpal.ai\/hr\/\"},{\"@type\":\"ListItem\",\"position\":2,\"name\":\"Danska gramatika\"}]},{\"@type\":\"WebSite\",\"@id\":\"https:\/\/talkpal.ai\/hr\/#website\",\"url\":\"https:\/\/talkpal.ai\/hr\/\",\"name\":\"Talkpal\",\"description\":\"AI Language Learning\",\"publisher\":{\"@id\":\"https:\/\/talkpal.ai\/hr\/#organization\"},\"alternateName\":\"Talkpal AI\",\"potentialAction\":[{\"@type\":\"SearchAction\",\"target\":{\"@type\":\"EntryPoint\",\"urlTemplate\":\"https:\/\/talkpal.ai\/hr\/?s={search_term_string}\"},\"query-input\":{\"@type\":\"PropertyValueSpecification\",\"valueRequired\":true,\"valueName\":\"search_term_string\"}}],\"inLanguage\":\"hr\"},{\"@type\":\"Organization\",\"@id\":\"https:\/\/talkpal.ai\/hr\/#organization\",\"name\":\"Talkpal, Inc.\",\"alternateName\":\"Talkpal AI\",\"url\":\"https:\/\/talkpal.ai\/hr\/\",\"logo\":{\"@type\":\"ImageObject\",\"inLanguage\":\"hr\",\"@id\":\"https:\/\/talkpal.ai\/hr\/#\/schema\/logo\/image\/\",\"url\":\"https:\/\/talkpal.ai\/wp-content\/uploads\/2024\/03\/Talkpal-Logo-Icon.png\",\"contentUrl\":\"https:\/\/talkpal.ai\/wp-content\/uploads\/2024\/03\/Talkpal-Logo-Icon.png\",\"width\":2880,\"height\":2880,\"caption\":\"Talkpal, Inc.\"},\"image\":{\"@id\":\"https:\/\/talkpal.ai\/hr\/#\/schema\/logo\/image\/\"},\"sameAs\":[\"https:\/\/www.facebook.com\/profile.php?id=100090733639311\",\"https:\/\/x.com\/talkpalai\",\"https:\/\/www.linkedin.com\/company\/talkpal\/\",\"https:\/\/www.youtube.com\/@TalkPal\/\",\"https:\/\/www.tiktok.com\/@talkpal\",\"https:\/\/www.instagram.com\/talkpal_ai\/\",\"https:\/\/www.crunchbase.com\/organization\/talkpal-9cde\",\"https:\/\/www.g2.com\/products\/talkpal-for-business\/\",\"https:\/\/www.trustpilot.com\/review\/talkpal.ai\",\"https:\/\/www.capterra.com\/p\/10006800\/TalkPal\/\"],\"description\":\"Talkpal is a language learning web and mobile education app, powered by the latest AI technologies, that provides engaging experiences to its customers in many different languages to help them improve their language skills. Users can chat about unlimited amount of topics with the app and use other modes to practice their language learning.\",\"email\":\"support@talkpal.ai\",\"legalName\":\"Talkpal, Inc.\",\"foundingDate\":\"2023-04-03\",\"duns\":\"118989042\",\"numberOfEmployees\":{\"@type\":\"QuantitativeValue\",\"minValue\":\"11\",\"maxValue\":\"50\"},\"publishingPrinciples\":\"https:\/\/talkpal.ai\/publishing-principles\/\",\"actionableFeedbackPolicy\":\"https:\/\/talkpal.ai\/actionable-feedback-policy\/\",\"correctionsPolicy\":\"https:\/\/talkpal.ai\/corrections-policy\/\",\"ethicsPolicy\":\"https:\/\/talkpal.ai\/ethics-policy\/\",\"diversityPolicy\":\"https:\/\/talkpal.ai\/diversity-policy\/\",\"diversityStaffingReport\":\"https:\/\/talkpal.ai\/diversity-policy\/\"}]}<\/script>\n<!-- \/ Yoast SEO Premium plugin. -->","yoast_head_json":{"title":"Danska gramatika - Talkpal","description":"Istra\u017eite zamr\u0161enosti danske gramatike i otkrijte njezina jedinstvena pravila i karakteristike. Nau\u010dite se bez napora snalaziti u jeziku.","robots":{"index":"index","follow":"follow","max-snippet":"max-snippet:-1","max-image-preview":"max-image-preview:large","max-video-preview":"max-video-preview:-1"},"canonical":"https:\/\/talkpal.ai\/hr\/danska-gramatika\/","og_locale":"hr_HR","og_type":"article","og_title":"Danska gramatika","og_description":"Uranjanje u dubine danske gramatike: Razotkrivanje njezinih idiosinkrazija i \u0161arma Sje\u0107ate se vremena kada se u\u010denje engleske gramatike \u010dinilo kao te\u0161ka","og_url":"https:\/\/talkpal.ai\/hr\/danska-gramatika\/","og_site_name":"Talkpal","article_publisher":"https:\/\/www.facebook.com\/profile.php?id=100090733639311","article_modified_time":"2025-12-13T15:27:56+00:00","og_image":[{"width":512,"height":512,"url":"https:\/\/talkpal.ai\/wp-content\/uploads\/2023\/05\/denmark.png","type":"image\/png"}],"twitter_card":"summary_large_image","twitter_site":"@talkpalai","twitter_misc":{"Procijenjeno vrijeme \u010ditanja":"2 minute"},"schema":{"@context":"https:\/\/schema.org","@graph":[{"@type":"WebPage","@id":"https:\/\/talkpal.ai\/hr\/danska-gramatika\/","url":"https:\/\/talkpal.ai\/hr\/danska-gramatika\/","name":"Danska gramatika - Talkpal","isPartOf":{"@id":"https:\/\/talkpal.ai\/hr\/#website"},"primaryImageOfPage":{"@id":"https:\/\/talkpal.ai\/hr\/danska-gramatika\/#primaryimage"},"image":{"@id":"https:\/\/talkpal.ai\/hr\/danska-gramatika\/#primaryimage"},"thumbnailUrl":"https:\/\/talkpal.ai\/wp-content\/uploads\/2023\/05\/denmark.png","datePublished":"2023-05-14T14:03:23+00:00","dateModified":"2025-12-13T15:27:56+00:00","description":"Istra\u017eite zamr\u0161enosti danske gramatike i otkrijte njezina jedinstvena pravila i karakteristike. Nau\u010dite se bez napora snalaziti u jeziku.","breadcrumb":{"@id":"https:\/\/talkpal.ai\/hr\/danska-gramatika\/#breadcrumb"},"inLanguage":"hr","potentialAction":[{"@type":"ReadAction","target":["https:\/\/talkpal.ai\/hr\/danska-gramatika\/"]}]},{"@type":"ImageObject","inLanguage":"hr","@id":"https:\/\/talkpal.ai\/hr\/danska-gramatika\/#primaryimage","url":"https:\/\/talkpal.ai\/wp-content\/uploads\/2023\/05\/denmark.png","contentUrl":"https:\/\/talkpal.ai\/wp-content\/uploads\/2023\/05\/denmark.png","width":512,"height":512},{"@type":"BreadcrumbList","@id":"https:\/\/talkpal.ai\/hr\/danska-gramatika\/#breadcrumb","itemListElement":[{"@type":"ListItem","position":1,"name":"Homepage","item":"https:\/\/talkpal.ai\/hr\/"},{"@type":"ListItem","position":2,"name":"Danska gramatika"}]},{"@type":"WebSite","@id":"https:\/\/talkpal.ai\/hr\/#website","url":"https:\/\/talkpal.ai\/hr\/","name":"Talkpal","description":"AI Language Learning","publisher":{"@id":"https:\/\/talkpal.ai\/hr\/#organization"},"alternateName":"Talkpal AI","potentialAction":[{"@type":"SearchAction","target":{"@type":"EntryPoint","urlTemplate":"https:\/\/talkpal.ai\/hr\/?s={search_term_string}"},"query-input":{"@type":"PropertyValueSpecification","valueRequired":true,"valueName":"search_term_string"}}],"inLanguage":"hr"},{"@type":"Organization","@id":"https:\/\/talkpal.ai\/hr\/#organization","name":"Talkpal, Inc.","alternateName":"Talkpal AI","url":"https:\/\/talkpal.ai\/hr\/","logo":{"@type":"ImageObject","inLanguage":"hr","@id":"https:\/\/talkpal.ai\/hr\/#\/schema\/logo\/image\/","url":"https:\/\/talkpal.ai\/wp-content\/uploads\/2024\/03\/Talkpal-Logo-Icon.png","contentUrl":"https:\/\/talkpal.ai\/wp-content\/uploads\/2024\/03\/Talkpal-Logo-Icon.png","width":2880,"height":2880,"caption":"Talkpal, Inc."},"image":{"@id":"https:\/\/talkpal.ai\/hr\/#\/schema\/logo\/image\/"},"sameAs":["https:\/\/www.facebook.com\/profile.php?id=100090733639311","https:\/\/x.com\/talkpalai","https:\/\/www.linkedin.com\/company\/talkpal\/","https:\/\/www.youtube.com\/@TalkPal\/","https:\/\/www.tiktok.com\/@talkpal","https:\/\/www.instagram.com\/talkpal_ai\/","https:\/\/www.crunchbase.com\/organization\/talkpal-9cde","https:\/\/www.g2.com\/products\/talkpal-for-business\/","https:\/\/www.trustpilot.com\/review\/talkpal.ai","https:\/\/www.capterra.com\/p\/10006800\/TalkPal\/"],"description":"Talkpal is a language learning web and mobile education app, powered by the latest AI technologies, that provides engaging experiences to its customers in many different languages to help them improve their language skills. Users can chat about unlimited amount of topics with the app and use other modes to practice their language learning.","email":"support@talkpal.ai","legalName":"Talkpal, Inc.","foundingDate":"2023-04-03","duns":"118989042","numberOfEmployees":{"@type":"QuantitativeValue","minValue":"11","maxValue":"50"},"publishingPrinciples":"https:\/\/talkpal.ai\/publishing-principles\/","actionableFeedbackPolicy":"https:\/\/talkpal.ai\/actionable-feedback-policy\/","correctionsPolicy":"https:\/\/talkpal.ai\/corrections-policy\/","ethicsPolicy":"https:\/\/talkpal.ai\/ethics-policy\/","diversityPolicy":"https:\/\/talkpal.ai\/diversity-policy\/","diversityStaffingReport":"https:\/\/talkpal.ai\/diversity-policy\/"}]}},"_links":{"self":[{"href":"https:\/\/talkpal.ai\/hr\/wp-json\/wp\/v2\/pages\/143618","targetHints":{"allow":["GET"]}}],"collection":[{"href":"https:\/\/talkpal.ai\/hr\/wp-json\/wp\/v2\/pages"}],"about":[{"href":"https:\/\/talkpal.ai\/hr\/wp-json\/wp\/v2\/types\/page"}],"author":[{"embeddable":true,"href":"https:\/\/talkpal.ai\/hr\/wp-json\/wp\/v2\/users\/1"}],"replies":[{"embeddable":true,"href":"https:\/\/talkpal.ai\/hr\/wp-json\/wp\/v2\/comments?post=143618"}],"version-history":[{"count":0,"href":"https:\/\/talkpal.ai\/hr\/wp-json\/wp\/v2\/pages\/143618\/revisions"}],"wp:featuredmedia":[{"embeddable":true,"href":"https:\/\/talkpal.ai\/hr\/wp-json\/wp\/v2\/media\/110889"}],"wp:attachment":[{"href":"https:\/\/talkpal.ai\/hr\/wp-json\/wp\/v2\/media?parent=143618"}],"curies":[{"name":"wp","href":"https:\/\/api.w.org\/{rel}","templated":true}]}}