{"id":143298,"date":"2023-05-14T14:03:07","date_gmt":"2023-05-14T14:03:07","guid":{"rendered":"http:\/\/talkpal.ai\/ceska-gramatika\/"},"modified":"2025-12-13T15:24:06","modified_gmt":"2025-12-13T15:24:06","slug":"ceska-gramatika","status":"publish","type":"page","link":"https:\/\/talkpal.ai\/hr\/ceska-gramatika\/","title":{"rendered":"\u010ce\u0161ka gramatika"},"content":{"rendered":"\r\n\r\n\r\n<section class=\"languageChallengeSection\">\r\n    <div class=\"languageInfoWrapper\">\r\n        \r\n        <h1>\u010ce\u0161ka gramatika<\/h1>\r\n        <p>Istra\u017eite zamr\u0161enosti \u010de\u0161ke gramatike i otvorite vrata razumijevanju ovog srednjoeuropskog jezika. Savladavanjem bitnih pravila i obrazaca, u\u010dinkovitije \u0107ete komunicirati i ste\u0107i dublji uvid u \u010de\u0161ku kulturu. Po\u010dnite u\u010diti \u010de\u0161ku gramatiku ve\u0107 danas i napravite prvi korak prema te\u010dnosti!<\/p>\r\n\r\n                            <a class=\"getStartedHidden\" href=\"https:\/\/app.talkpal.ai\/hr\/signup?lng=\">Zapo\u010dni<\/a>\r\n        \r\n    <\/div>\r\n\r\n    <figure>\r\n    <img decoding=\"async\" width=\"768\" height=\"768\" src=\"https:\/\/talkpal.ai\/wp-content\/uploads\/2023\/06\/Czech-768x768.png\" class=\"languageImage no-lazy\" alt=\"Language learning for intellectual development\" fetchpriority=\"high\" sizes=\"(max-width: 768px) 150px, 768px\" srcset=\"https:\/\/talkpal.ai\/wp-content\/uploads\/2023\/06\/Czech-768x768.png 768w, https:\/\/talkpal.ai\/wp-content\/uploads\/2023\/06\/Czech-300x300.png 300w\" \/>\r\n    \r\n\r\n    <\/figure>\r\n\r\n            <a class=\"getStartedVisible\" href=\"https:\/\/app.talkpal.ai\/hr\/signup?lng=\">Zapo\u010dni<\/a>\r\n    \r\n<\/section>\r\n<section class=\"promotionalBanner\">\r\n    <p class=\"promotionalText\">Naju\u010dinkovitiji na\u010din u\u010denja jezika<\/p>\r\n    <a class=\"promotionalLink\" href=\"https:\/\/app.talkpal.ai\/hr\/signup?lng=\">Isprobajte Talkpal besplatno<\/a>\r\n<\/section>\n<div class=\"wp-block-group pageContainerStyle\"><div class=\"wp-block-group__inner-container is-layout-constrained wp-block-group-is-layout-constrained\">\n<h2 class=\"wp-block-heading\" id=\"h-czech-grammar-making-sense-of-the-czech-language-s-unique-structure\">\u010ce\u0161ka gramatika: Shva\u0107anje jedinstvene strukture \u010de\u0161kog jezika<\/h2>\n\n\n\n<p>Ako ste ikada poku\u0161ali nau\u010diti <a href=\"https:\/\/talkpal.ai\/learn-czech\/\">\u010de\u0161ki<\/a> \u2013 ili \u010dak samo pro\u010ditali \u010de\u0161ki \u010dlanak ili knjigu \u2013 vjerojatno ste primijetili da njegova <a href=\"https:\/\/talkpal.ai\/sq\/gramatika\/\">gramatika<\/a> mo\u017ee biti prili\u010dno izazovna. \u0160iroko smatrana jednim od najslo\u017eenijih jezi\u010dnih sustava, <a href=\"https:\/\/talkpal.ai\/mt\/grammatika-ceka\/\">\u010de\u0161ka gramatika<\/a> zbunila je mnoge strane <a href=\"https:\/\/talkpal.ai\/talkpal-discount-for-students\/\">studente<\/a>. Ali ne dopustite da vas to zastra\u0161i! Osobitosti \u010de\u0161ke gramatike su <a href=\"https:\/\/talkpal.ai\/locations\/language-courses-in-ono\/\">ono<\/a> \u0161to je \u010dini fascinantnom i jedinstvenom. U ovom \u0107emo \u010dlanku demistificirati nekoliko klju\u010dnih elemenata \u010de\u0161ke gramatike na razgovorni na\u010din, poma\u017eu\u0107i vam da dublje razumijete ovaj prekrasan jezik.<\/p>\n\n\n\n<h3 class=\"wp-block-heading\" id=\"h-1-nouns-declensions-and-cases-galore\">1. Imenice &#8211; Deklinacije i slu\u010dajevi galore!<\/h3>\n\n\n\n<p>Jedna od prvih stvari koje \u0107ete primijetiti kod \u010de\u0161ke gramatike su deklinacije imenica. Deklinacija je skupina imenica sa sli\u010dnim gramati\u010dkim zna\u010dajkama, a \u010de\u0161ka ima do 14 razli\u010ditih deklinacija. \u0160to ka\u017eete na raznolikost? Svaka deklinacija ima specifi\u010dan uzorak za predstavljanje jednine i mno\u017eine imenica.<\/p>\n\n\n\n<p>\u010ce\u0161ke imenice tako\u0111er imaju sedam razli\u010ditih slu\u010dajeva: nominativni, genitivni, dativni, akuzativni, vokativni, lokativni i instrumentalni. Iako bi se takav broj mogao \u010diniti zastra\u0161uju\u0107im, bitno je nau\u010diti o tim slu\u010dajevima jer su klju\u010dni u preno\u0161enju zna\u010denja. Na primjer, u \u010de\u0161kom redoslijed rije\u010di nije kriti\u010dan kao u engleskom \u2013 pade\u017ei ozna\u010davaju odnose izme\u0111u rije\u010di.<\/p>\n\n\n\n<h3 class=\"wp-block-heading\" id=\"h-2-adjectives-agreeing-with-nouns\">2. Pridjevi \u2013 Dogovaranje s imenicama<\/h3>\n\n\n\n<p>\u010ce\u0161ki pridjevi imaju posebnu du\u017enost: moraju se slo\u017eiti s imenicama koje mijenjaju u spolu, broju i slu\u010daju. Zamislite to kao dinami\u010dan duo, gramati\u010dki tango, gdje se jedna polovica graciozno prilago\u0111ava kako bi nadopunila drugu. Ovaj sporazum poma\u017ee u stvaranju harmonije u re\u010denicama i pove\u0107ava jasno\u0107u.<\/p>\n\n\n\n<p>Na primjer, rije\u010d za &#8220;lijepo&#8221; na \u010de\u0161kom je &#8220;kr\u00e1sn\u00fd&#8221;. Ako opisujete lijepu ku\u0107u (d\u016fm), <a href=\"https:\/\/talkpal.ai\/locations\/language-courses-in-koja\/\">koja<\/a> je mu\u0161kog roda, upotrijebit \u0107ete &#8220;kr\u00e1sn\u00fd d\u016fm&#8221;. Za lijepu djevojku (d\u00edvka), koja je \u017eenskog roda, postaje \u201ckr\u00e1sn\u00e1 d\u00edvka\u201d. A za lijep dan (den), \u0161to je srednji rod, re\u0107i \u0107ete &#8220;kr\u00e1sn\u00fd den.&#8221; Pogledajte kako pridjev ple\u0161e zajedno s imenicom?<\/p>\n\n\n\n<h3 class=\"wp-block-heading\" id=\"h-3-verbs-the-art-of-conjugation\">3. Glagoli \u2013 Umjetnost konjugacije<\/h3>\n\n\n\n<p>Na \u010de\u0161kom, umjetnost konjugacije &#8211; to jest, mijenjanje glagolskih oblika temeljenih na vremenu, raspolo\u017eenju i osobi &#8211; preuzima vlastiti \u017eivot. \u010ce\u0161ki glagoli spadaju u dvije kategorije: savr\u0161eni i nesavr\u0161eni. Savr\u0161eni glagoli ukazuju na to da je radnja dovr\u0161ena, dok nesavr\u0161eni glagoli sugeriraju teku\u0107e ili uobi\u010dajene radnje.  <\/p>\n\n\n\n<p><a href=\"https:\/\/talkpal.ai\/mt\/grammatika-ceka\/\">\u010ce\u0161ka gramatika<\/a> ima neke uzbudljive hirove kada su u pitanju glagoli. Na primjer, budu\u0107e vrijeme se redovito formira samo za nesavr\u0161ene glagole. Za savr\u0161ene glagole stapa se sa sada\u0161njim vremenom! Tako\u0111er, umjesto da ima specifi\u010dan pasivni glas, \u010de\u0161ki uklju\u010duje pasivne konstrukcije pomo\u0107u pomo\u0107nih glagola. Ne zaboravimo na \u010de\u0161ke povratne glagole, gdje se radnje vra\u0107aju na subjekt, dodaju\u0107i jo\u0161 jedan sloj nijanse ovom intrigantnom jeziku.<\/p>\n\n\n\n<h3 class=\"wp-block-heading\" id=\"h-4-pronouns-the-mirror-of-linguistic-diversity\">4. Zamjenice: Ogledalo jezi\u010dne raznolikosti<\/h3>\n\n\n\n<p>Zamjenice u \u010de\u0161koj gramatici \u2013 govorimo o osobnim, posvojnim, pokaznim, upitnim i odnosnim zamjenicama \u2013 sve pokazuju istu raznolikost kao i drugi dijelovi govora. I oni se moraju slo\u017eiti po spolu, broju i slu\u010daju s imenicama koje zamjenjuju ili na koje se pozivaju.<\/p>\n\n\n\n<p>Na primjer, ako govorite o knjizi koja vam se svi\u0111a, rekli biste &#8220;M\u00e1m r\u00e1d tu knihu&#8221; (Svi\u0111a mi se ta knjiga). Ovdje je &#8220;tu&#8221; \u017eenski oblik pokazne zamjenice &#8220;to&#8221;, sla\u017eu\u0107i se s &#8220;kniha&#8221; (knjiga), koja je tako\u0111er \u017eenskog roda.<\/p>\n\n\n\n<h3 class=\"wp-block-heading\" id=\"h-5-embracing-the-challenge\">5. Prihva\u0107anje izazova<\/h3>\n\n\n\n<p>\u010ce\u0161ka gramatika mo\u017ee biti zbunjuju\u0107a i zastra\u0161uju\u0107a, ali je tako\u0111er ono \u0161to ovaj fascinantan jezik isti\u010de. Ne bje\u017eite od izazova! Zapamtite, ne radi se o savladavanju svega odjednom, ve\u0107 o napredovanju korak po korak. Odvojite vrijeme za razumijevanje jedinstvenog sustava \u010de\u0161ke gramatike i bit \u0107ete na dobrom putu da svladate ovaj prekrasan, slo\u017een jezik. I dok prihva\u0107ate divnu nijansu koju nudi \u010de\u0161ka gramatika, nedvojbeno \u0107ete otkriti novu zahvalnost za njezine zamr\u0161enosti. Sretno u\u010denje!<\/p>\n<\/div><\/div>\n\r\n<section class=\"learnNavigationSection\">\r\n            \r\n        <a href=\"https:\/\/talkpal.ai\/hr\/ucenje-ceskog-jezika\/\">\r\n            <div class=\"learnNavigationWrapper\">\r\n                <div class=\"learnNavigationContent\">\r\n                    <img decoding=\"async\" src=\"https:\/\/talkpal.ai\/wp-content\/uploads\/2024\/08\/Czech.jpg\" alt=\"Czech Flag\">\r\n                    <div>\r\n                        <h4>O u\u010denju \u010de\u0161kog<\/h4>\r\n                        <p>Saznajte sve o \u010de\u0161koj gramatici.<\/p>\r\n                    <\/div>\r\n                <\/div>\r\n            <\/div>\r\n        <\/a>\r\n\r\n        \r\n        <a href=\"https:\/\/talkpal.ai\/hr\/ceske-gramaticke-vjezbe\/\">\r\n            <div class=\"learnNavigationWrapper\">\r\n                <div class=\"learnNavigationContent\">\r\n                    <img decoding=\"async\" src=\"https:\/\/talkpal.ai\/wp-content\/uploads\/2024\/08\/Czech.jpg\" alt=\"Czech Flag\">\r\n                    <div>\r\n                        <h4>Vje\u017eba \u010de\u0161ke gramatike<\/h4>\r\n                        <p>Vje\u017ebajte \u010de\u0161ku gramatiku.<\/p>\r\n                    <\/div>\r\n                <\/div>\r\n            <\/div>\r\n        <\/a>\r\n\r\n        \r\n        <a href=\"https:\/\/talkpal.ai\/vocabulary_language\/czech\/\">\r\n            <div class=\"learnNavigationWrapper\">\r\n                <div class=\"learnNavigationContent\">\r\n                    <img decoding=\"async\" src=\"https:\/\/talkpal.ai\/wp-content\/uploads\/2024\/08\/Czech.jpg\" alt=\"Czech Flag\">\r\n                    <div>\r\n                        <h4>\u010ce\u0161ki rje\u010dnik<\/h4>\r\n                        <p>Pro\u0161irite svoj \u010de\u0161ki vokabular.<\/p>\r\n                    <\/div>\r\n                <\/div>\r\n            <\/div>\r\n        <\/a>\r\n\r\n            <\/section>","protected":false},"excerpt":{"rendered":"<p>\u010ce\u0161ka gramatika: Shva\u0107anje jedinstvene strukture \u010de\u0161kog jezika Ako ste ikada poku\u0161ali nau\u010diti \u010de\u0161ki \u2013 ili \u010dak samo pro\u010ditali \u010de\u0161ki \u010dlanak ili knjigu \u2013 vjerojatno ste primijetili da njegova gramatika mo\u017ee biti prili\u010dno izazovna. \u0160iroko smatrana jednim od najslo\u017eenijih jezi\u010dnih sustava, \u010de\u0161ka gramatika zbunila je mnoge strane studente. Ali ne dopustite da vas to zastra\u0161i! Osobitosti [&hellip;]<\/p>\n","protected":false},"author":1,"featured_media":111672,"parent":0,"menu_order":0,"comment_status":"closed","ping_status":"closed","template":"LearningContentPage.php","meta":{"_acf_changed":false,"footnotes":""},"class_list":["post-143298","page","type-page","status-publish","has-post-thumbnail","hentry"],"acf":[],"yoast_head":"<!-- This site is optimized with the Yoast SEO Premium plugin v27.2 (Yoast SEO v27.2) - https:\/\/yoast.com\/product\/yoast-seo-premium-wordpress\/ -->\n<title>\u010ce\u0161ka gramatika - Talkpal<\/title>\n<meta name=\"description\" content=\"Otkrijte tajne \u010de\u0161ke gramatike. Saznajte vi\u0161e o njegovoj jedinstvenoj slo\u017eenosti i kako u\u010dinkovito savladati deklinacije imenica.\" \/>\n<meta name=\"robots\" content=\"index, follow, max-snippet:-1, max-image-preview:large, max-video-preview:-1\" \/>\n<link rel=\"canonical\" href=\"https:\/\/talkpal.ai\/hr\/ceska-gramatika\/\" \/>\n<meta property=\"og:locale\" content=\"hr_HR\" \/>\n<meta property=\"og:type\" content=\"article\" \/>\n<meta property=\"og:title\" content=\"\u010ce\u0161ka gramatika\" \/>\n<meta property=\"og:description\" content=\"\u010ce\u0161ka gramatika: Shva\u0107anje jedinstvene strukture \u010de\u0161kog jezika Ako ste ikada poku\u0161ali nau\u010diti \u010de\u0161ki \u2013 ili \u010dak samo pro\u010ditali \u010de\u0161ki \u010dlanak ili knjigu \u2013\" \/>\n<meta property=\"og:url\" content=\"https:\/\/talkpal.ai\/hr\/ceska-gramatika\/\" \/>\n<meta property=\"og:site_name\" content=\"Talkpal\" \/>\n<meta property=\"article:publisher\" content=\"https:\/\/www.facebook.com\/profile.php?id=100090733639311\" \/>\n<meta property=\"article:modified_time\" content=\"2025-12-13T15:24:06+00:00\" \/>\n<meta property=\"og:image\" content=\"https:\/\/talkpal.ai\/wp-content\/uploads\/2023\/05\/czech-republic.png\" \/>\n\t<meta property=\"og:image:width\" content=\"512\" \/>\n\t<meta property=\"og:image:height\" content=\"512\" \/>\n\t<meta property=\"og:image:type\" content=\"image\/png\" \/>\n<meta name=\"twitter:card\" content=\"summary_large_image\" \/>\n<meta name=\"twitter:site\" content=\"@talkpalai\" \/>\n<meta name=\"twitter:label1\" content=\"Procijenjeno vrijeme \u010ditanja\" \/>\n\t<meta name=\"twitter:data1\" content=\"3 minute\" \/>\n<script type=\"application\/ld+json\" class=\"yoast-schema-graph\">{\"@context\":\"https:\/\/schema.org\",\"@graph\":[{\"@type\":\"WebPage\",\"@id\":\"https:\/\/talkpal.ai\/hr\/ceska-gramatika\/\",\"url\":\"https:\/\/talkpal.ai\/hr\/ceska-gramatika\/\",\"name\":\"\u010ce\u0161ka gramatika - Talkpal\",\"isPartOf\":{\"@id\":\"https:\/\/talkpal.ai\/hr\/#website\"},\"primaryImageOfPage\":{\"@id\":\"https:\/\/talkpal.ai\/hr\/ceska-gramatika\/#primaryimage\"},\"image\":{\"@id\":\"https:\/\/talkpal.ai\/hr\/ceska-gramatika\/#primaryimage\"},\"thumbnailUrl\":\"https:\/\/talkpal.ai\/wp-content\/uploads\/2023\/05\/czech-republic.png\",\"datePublished\":\"2023-05-14T14:03:07+00:00\",\"dateModified\":\"2025-12-13T15:24:06+00:00\",\"description\":\"Otkrijte tajne \u010de\u0161ke gramatike. Saznajte vi\u0161e o njegovoj jedinstvenoj slo\u017eenosti i kako u\u010dinkovito savladati deklinacije imenica.\",\"breadcrumb\":{\"@id\":\"https:\/\/talkpal.ai\/hr\/ceska-gramatika\/#breadcrumb\"},\"inLanguage\":\"hr\",\"potentialAction\":[{\"@type\":\"ReadAction\",\"target\":[\"https:\/\/talkpal.ai\/hr\/ceska-gramatika\/\"]}]},{\"@type\":\"ImageObject\",\"inLanguage\":\"hr\",\"@id\":\"https:\/\/talkpal.ai\/hr\/ceska-gramatika\/#primaryimage\",\"url\":\"https:\/\/talkpal.ai\/wp-content\/uploads\/2023\/05\/czech-republic.png\",\"contentUrl\":\"https:\/\/talkpal.ai\/wp-content\/uploads\/2023\/05\/czech-republic.png\",\"width\":512,\"height\":512},{\"@type\":\"BreadcrumbList\",\"@id\":\"https:\/\/talkpal.ai\/hr\/ceska-gramatika\/#breadcrumb\",\"itemListElement\":[{\"@type\":\"ListItem\",\"position\":1,\"name\":\"Homepage\",\"item\":\"https:\/\/talkpal.ai\/hr\/\"},{\"@type\":\"ListItem\",\"position\":2,\"name\":\"\u010ce\u0161ka gramatika\"}]},{\"@type\":\"WebSite\",\"@id\":\"https:\/\/talkpal.ai\/hr\/#website\",\"url\":\"https:\/\/talkpal.ai\/hr\/\",\"name\":\"Talkpal\",\"description\":\"AI Language Learning\",\"publisher\":{\"@id\":\"https:\/\/talkpal.ai\/hr\/#organization\"},\"alternateName\":\"Talkpal AI\",\"potentialAction\":[{\"@type\":\"SearchAction\",\"target\":{\"@type\":\"EntryPoint\",\"urlTemplate\":\"https:\/\/talkpal.ai\/hr\/?s={search_term_string}\"},\"query-input\":{\"@type\":\"PropertyValueSpecification\",\"valueRequired\":true,\"valueName\":\"search_term_string\"}}],\"inLanguage\":\"hr\"},{\"@type\":\"Organization\",\"@id\":\"https:\/\/talkpal.ai\/hr\/#organization\",\"name\":\"Talkpal, Inc.\",\"alternateName\":\"Talkpal AI\",\"url\":\"https:\/\/talkpal.ai\/hr\/\",\"logo\":{\"@type\":\"ImageObject\",\"inLanguage\":\"hr\",\"@id\":\"https:\/\/talkpal.ai\/hr\/#\/schema\/logo\/image\/\",\"url\":\"https:\/\/talkpal.ai\/wp-content\/uploads\/2024\/03\/Talkpal-Logo-Icon.png\",\"contentUrl\":\"https:\/\/talkpal.ai\/wp-content\/uploads\/2024\/03\/Talkpal-Logo-Icon.png\",\"width\":2880,\"height\":2880,\"caption\":\"Talkpal, Inc.\"},\"image\":{\"@id\":\"https:\/\/talkpal.ai\/hr\/#\/schema\/logo\/image\/\"},\"sameAs\":[\"https:\/\/www.facebook.com\/profile.php?id=100090733639311\",\"https:\/\/x.com\/talkpalai\",\"https:\/\/www.linkedin.com\/company\/talkpal\/\",\"https:\/\/www.youtube.com\/@TalkPal\/\",\"https:\/\/www.tiktok.com\/@talkpal\",\"https:\/\/www.instagram.com\/talkpal_ai\/\",\"https:\/\/www.crunchbase.com\/organization\/talkpal-9cde\",\"https:\/\/www.g2.com\/products\/talkpal-for-business\/\",\"https:\/\/www.trustpilot.com\/review\/talkpal.ai\",\"https:\/\/www.capterra.com\/p\/10006800\/TalkPal\/\"],\"description\":\"Talkpal is a language learning web and mobile education app, powered by the latest AI technologies, that provides engaging experiences to its customers in many different languages to help them improve their language skills. Users can chat about unlimited amount of topics with the app and use other modes to practice their language learning.\",\"email\":\"support@talkpal.ai\",\"legalName\":\"Talkpal, Inc.\",\"foundingDate\":\"2023-04-03\",\"duns\":\"118989042\",\"numberOfEmployees\":{\"@type\":\"QuantitativeValue\",\"minValue\":\"11\",\"maxValue\":\"50\"},\"publishingPrinciples\":\"https:\/\/talkpal.ai\/publishing-principles\/\",\"actionableFeedbackPolicy\":\"https:\/\/talkpal.ai\/actionable-feedback-policy\/\",\"correctionsPolicy\":\"https:\/\/talkpal.ai\/corrections-policy\/\",\"ethicsPolicy\":\"https:\/\/talkpal.ai\/ethics-policy\/\",\"diversityPolicy\":\"https:\/\/talkpal.ai\/diversity-policy\/\",\"diversityStaffingReport\":\"https:\/\/talkpal.ai\/diversity-policy\/\"}]}<\/script>\n<!-- \/ Yoast SEO Premium plugin. -->","yoast_head_json":{"title":"\u010ce\u0161ka gramatika - Talkpal","description":"Otkrijte tajne \u010de\u0161ke gramatike. Saznajte vi\u0161e o njegovoj jedinstvenoj slo\u017eenosti i kako u\u010dinkovito savladati deklinacije imenica.","robots":{"index":"index","follow":"follow","max-snippet":"max-snippet:-1","max-image-preview":"max-image-preview:large","max-video-preview":"max-video-preview:-1"},"canonical":"https:\/\/talkpal.ai\/hr\/ceska-gramatika\/","og_locale":"hr_HR","og_type":"article","og_title":"\u010ce\u0161ka gramatika","og_description":"\u010ce\u0161ka gramatika: Shva\u0107anje jedinstvene strukture \u010de\u0161kog jezika Ako ste ikada poku\u0161ali nau\u010diti \u010de\u0161ki \u2013 ili \u010dak samo pro\u010ditali \u010de\u0161ki \u010dlanak ili knjigu \u2013","og_url":"https:\/\/talkpal.ai\/hr\/ceska-gramatika\/","og_site_name":"Talkpal","article_publisher":"https:\/\/www.facebook.com\/profile.php?id=100090733639311","article_modified_time":"2025-12-13T15:24:06+00:00","og_image":[{"width":512,"height":512,"url":"https:\/\/talkpal.ai\/wp-content\/uploads\/2023\/05\/czech-republic.png","type":"image\/png"}],"twitter_card":"summary_large_image","twitter_site":"@talkpalai","twitter_misc":{"Procijenjeno vrijeme \u010ditanja":"3 minute"},"schema":{"@context":"https:\/\/schema.org","@graph":[{"@type":"WebPage","@id":"https:\/\/talkpal.ai\/hr\/ceska-gramatika\/","url":"https:\/\/talkpal.ai\/hr\/ceska-gramatika\/","name":"\u010ce\u0161ka gramatika - Talkpal","isPartOf":{"@id":"https:\/\/talkpal.ai\/hr\/#website"},"primaryImageOfPage":{"@id":"https:\/\/talkpal.ai\/hr\/ceska-gramatika\/#primaryimage"},"image":{"@id":"https:\/\/talkpal.ai\/hr\/ceska-gramatika\/#primaryimage"},"thumbnailUrl":"https:\/\/talkpal.ai\/wp-content\/uploads\/2023\/05\/czech-republic.png","datePublished":"2023-05-14T14:03:07+00:00","dateModified":"2025-12-13T15:24:06+00:00","description":"Otkrijte tajne \u010de\u0161ke gramatike. Saznajte vi\u0161e o njegovoj jedinstvenoj slo\u017eenosti i kako u\u010dinkovito savladati deklinacije imenica.","breadcrumb":{"@id":"https:\/\/talkpal.ai\/hr\/ceska-gramatika\/#breadcrumb"},"inLanguage":"hr","potentialAction":[{"@type":"ReadAction","target":["https:\/\/talkpal.ai\/hr\/ceska-gramatika\/"]}]},{"@type":"ImageObject","inLanguage":"hr","@id":"https:\/\/talkpal.ai\/hr\/ceska-gramatika\/#primaryimage","url":"https:\/\/talkpal.ai\/wp-content\/uploads\/2023\/05\/czech-republic.png","contentUrl":"https:\/\/talkpal.ai\/wp-content\/uploads\/2023\/05\/czech-republic.png","width":512,"height":512},{"@type":"BreadcrumbList","@id":"https:\/\/talkpal.ai\/hr\/ceska-gramatika\/#breadcrumb","itemListElement":[{"@type":"ListItem","position":1,"name":"Homepage","item":"https:\/\/talkpal.ai\/hr\/"},{"@type":"ListItem","position":2,"name":"\u010ce\u0161ka gramatika"}]},{"@type":"WebSite","@id":"https:\/\/talkpal.ai\/hr\/#website","url":"https:\/\/talkpal.ai\/hr\/","name":"Talkpal","description":"AI Language Learning","publisher":{"@id":"https:\/\/talkpal.ai\/hr\/#organization"},"alternateName":"Talkpal AI","potentialAction":[{"@type":"SearchAction","target":{"@type":"EntryPoint","urlTemplate":"https:\/\/talkpal.ai\/hr\/?s={search_term_string}"},"query-input":{"@type":"PropertyValueSpecification","valueRequired":true,"valueName":"search_term_string"}}],"inLanguage":"hr"},{"@type":"Organization","@id":"https:\/\/talkpal.ai\/hr\/#organization","name":"Talkpal, Inc.","alternateName":"Talkpal AI","url":"https:\/\/talkpal.ai\/hr\/","logo":{"@type":"ImageObject","inLanguage":"hr","@id":"https:\/\/talkpal.ai\/hr\/#\/schema\/logo\/image\/","url":"https:\/\/talkpal.ai\/wp-content\/uploads\/2024\/03\/Talkpal-Logo-Icon.png","contentUrl":"https:\/\/talkpal.ai\/wp-content\/uploads\/2024\/03\/Talkpal-Logo-Icon.png","width":2880,"height":2880,"caption":"Talkpal, Inc."},"image":{"@id":"https:\/\/talkpal.ai\/hr\/#\/schema\/logo\/image\/"},"sameAs":["https:\/\/www.facebook.com\/profile.php?id=100090733639311","https:\/\/x.com\/talkpalai","https:\/\/www.linkedin.com\/company\/talkpal\/","https:\/\/www.youtube.com\/@TalkPal\/","https:\/\/www.tiktok.com\/@talkpal","https:\/\/www.instagram.com\/talkpal_ai\/","https:\/\/www.crunchbase.com\/organization\/talkpal-9cde","https:\/\/www.g2.com\/products\/talkpal-for-business\/","https:\/\/www.trustpilot.com\/review\/talkpal.ai","https:\/\/www.capterra.com\/p\/10006800\/TalkPal\/"],"description":"Talkpal is a language learning web and mobile education app, powered by the latest AI technologies, that provides engaging experiences to its customers in many different languages to help them improve their language skills. Users can chat about unlimited amount of topics with the app and use other modes to practice their language learning.","email":"support@talkpal.ai","legalName":"Talkpal, Inc.","foundingDate":"2023-04-03","duns":"118989042","numberOfEmployees":{"@type":"QuantitativeValue","minValue":"11","maxValue":"50"},"publishingPrinciples":"https:\/\/talkpal.ai\/publishing-principles\/","actionableFeedbackPolicy":"https:\/\/talkpal.ai\/actionable-feedback-policy\/","correctionsPolicy":"https:\/\/talkpal.ai\/corrections-policy\/","ethicsPolicy":"https:\/\/talkpal.ai\/ethics-policy\/","diversityPolicy":"https:\/\/talkpal.ai\/diversity-policy\/","diversityStaffingReport":"https:\/\/talkpal.ai\/diversity-policy\/"}]}},"_links":{"self":[{"href":"https:\/\/talkpal.ai\/hr\/wp-json\/wp\/v2\/pages\/143298","targetHints":{"allow":["GET"]}}],"collection":[{"href":"https:\/\/talkpal.ai\/hr\/wp-json\/wp\/v2\/pages"}],"about":[{"href":"https:\/\/talkpal.ai\/hr\/wp-json\/wp\/v2\/types\/page"}],"author":[{"embeddable":true,"href":"https:\/\/talkpal.ai\/hr\/wp-json\/wp\/v2\/users\/1"}],"replies":[{"embeddable":true,"href":"https:\/\/talkpal.ai\/hr\/wp-json\/wp\/v2\/comments?post=143298"}],"version-history":[{"count":0,"href":"https:\/\/talkpal.ai\/hr\/wp-json\/wp\/v2\/pages\/143298\/revisions"}],"wp:featuredmedia":[{"embeddable":true,"href":"https:\/\/talkpal.ai\/hr\/wp-json\/wp\/v2\/media\/111672"}],"wp:attachment":[{"href":"https:\/\/talkpal.ai\/hr\/wp-json\/wp\/v2\/media?parent=143298"}],"curies":[{"name":"wp","href":"https:\/\/api.w.org\/{rel}","templated":true}]}}