{"id":142996,"date":"2023-05-14T14:02:30","date_gmt":"2023-05-14T14:02:30","guid":{"rendered":"http:\/\/talkpal.ai\/grcka-gramatika\/"},"modified":"2025-12-13T15:14:18","modified_gmt":"2025-12-13T15:14:18","slug":"grcka-gramatika","status":"publish","type":"page","link":"https:\/\/talkpal.ai\/hr\/grcka-gramatika\/","title":{"rendered":"Gr\u010dka gramatika"},"content":{"rendered":"\r\n\r\n\r\n<section class=\"languageChallengeSection\">\r\n    <div class=\"languageInfoWrapper\">\r\n        \r\n        <h1>Gr\u010dka gramatika<\/h1>\r\n        <p>Nau\u010dite gr\u010dku gramatiku i zakora\u010dite u svijet jednog od najstarijih i najutjecajnijih jezika \u010dovje\u010danstva. <a href=\"https:\/\/talkpal.ai\/learn-greek\/\">Gr\u010dki<\/a> vas upoznaje sa svojom jedinstvenom abecedom, ekspresivnim glagolskim konjugacijama i sustavom imenskih pade\u017ea koji oblikuju zna\u010denje. Dok istra\u017eujete, otkrit \u0107ete korijene mnogih engleskih rije\u010di i povezati se s bogatom kulturnom ba\u0161tinom. Zaronite i u\u017eivajte u nagra\u0111uju\u0107em izazovu u\u010denja gr\u010dke gramatike!<\/p>\r\n\r\n                            <a class=\"getStartedHidden\" href=\"https:\/\/app.talkpal.ai\/hr\/signup?lng=\">Zapo\u010dni<\/a>\r\n        \r\n    <\/div>\r\n\r\n    <figure>\r\n    <img decoding=\"async\" width=\"768\" height=\"768\" src=\"https:\/\/talkpal.ai\/wp-content\/uploads\/2023\/06\/greek-768x768.png\" class=\"languageImage no-lazy\" alt=\"Language learning to boost personal capability\" fetchpriority=\"high\" sizes=\"(max-width: 768px) 150px, 768px\" srcset=\"https:\/\/talkpal.ai\/wp-content\/uploads\/2023\/06\/greek-768x768.png 768w, https:\/\/talkpal.ai\/wp-content\/uploads\/2023\/06\/greek-300x300.png 300w\" \/>\r\n    \r\n\r\n    <\/figure>\r\n\r\n            <a class=\"getStartedVisible\" href=\"https:\/\/app.talkpal.ai\/hr\/signup?lng=\">Zapo\u010dni<\/a>\r\n    \r\n<\/section>\r\n<section class=\"promotionalBanner\">\r\n    <p class=\"promotionalText\">Naju\u010dinkovitiji na\u010din u\u010denja jezika<\/p>\r\n    <a class=\"promotionalLink\" href=\"https:\/\/app.talkpal.ai\/hr\/signup?lng=\">Isprobajte Talkpal besplatno<\/a>\r\n<\/section>\n<div class=\"wp-block-group pageContainerStyle\"><div class=\"wp-block-group__inner-container is-layout-constrained wp-block-group-is-layout-constrained\">\n<h2 class=\"wp-block-heading\" id=\"h-demystifying-greek-grammar-a-comprehensive-guide\">Demistifikacija gr\u010dke gramatike: Sveobuhvatan vodi\u010d<\/h2>\n\n\n\n<p><a href=\"https:\/\/talkpal.ai\/learn-greek\/\">Gr\u010dki<\/a>, elegantan i drevni jezik, ima posebno mjesto u jezi\u010dnoj povijesti i danas je utjecajan. Sa sna\u017enim temeljima u gr\u010dkoj gramatici, dobit \u0107ete pristup bogatstvu kulturnih i povijesnih resursa dok \u0107ete otklju\u010dati jo\u0161 jedan sloj zna\u010denja u engleskom rje\u010dniku. Suprotno uvrije\u017eenom mi\u0161ljenju, <a href=\"https:\/\/talkpal.ai\/greek-grammar\/\">gr\u010dka gramatika<\/a> nije tako zastra\u0161uju\u0107a kao \u0161to se u po\u010detku \u010dini. U ovom \u0107emo vam \u010dlanku pomo\u0107i da se sna\u0111ete u bitnim komponentama gr\u010dke gramatike kako bismo vam omogu\u0107ili da pristupite ovom jeziku s povjerenjem i entuzijazmom.<\/p>\n\n\n\n<h3 class=\"wp-block-heading\" id=\"h-1-understanding-greek-nouns-cases-and-articles\">1. Razumijevanje gr\u010dkih imenica, slu\u010dajeva i \u010dlanaka<\/h3>\n\n\n\n<p>Gr\u010dke imenice razvrstane su u tri spola: mu\u0161ki, \u017eenski i kastrirani. Svaka imenica pripada jednoj od tri deklinacije, koje odre\u0111uju nastavke imenice na temelju roda, broja (jednina ili mno\u017eina) i pade\u017ea. U gr\u010dkom jeziku postoji pet slu\u010dajeva: nominativni, genitivni, dativni, akuzativni i vokativni.<\/p>\n\n\n\n<p>Bitan aspekt gr\u010dke gramatike vrti se oko \u010dlanka. Sli\u010dno engleskom &#8216;the&#8217;, gr\u010dki odre\u0111eni \u010dlan klju\u010dan je za razumijevanje gr\u010dkih tekstova. Gr\u010dki \u010dlanak <a href=\"https:\/\/talkpal.ai\/locations\/language-courses-in-mora\/\">mora<\/a> se slo\u017eiti s imenicom u spolu, broju i slu\u010daju. Gr\u010dki tako\u0111er ima neodre\u0111eni \u010dlan koji funkcionira kao &#8216;a&#8217; ili &#8216;an&#8217; u engleskom.<\/p>\n\n\n\n<h3 class=\"wp-block-heading\" id=\"h-2-tackling-greek-verbs-conjugation-and-moods\">2. Rje\u0161avanje gr\u010dkih glagola: konjugacija i raspolo\u017eenja<\/h3>\n\n\n\n<p>Gr\u010dke glagole karakterizira njihovo vrijeme, glas, raspolo\u017eenje, osoba i broj. Glagoli u gr\u010dkom jeziku konjugirani su prema njihovom vremenu, \u0161to ukazuje na to kada se doga\u0111a radnja. Postoji sedam glavnih dijelova gr\u010dkog glagola, od kojih svaki odgovara vremenu:<\/p>\n\n\n\n<p><strong>&#8211; Predstaviti<\/strong><\/p>\n\n\n\n<p><strong>\u2013 Budu\u0107nost<\/strong><\/p>\n\n\n\n<p><strong>\u2013 Aorist (jednostavno pro\u0161lo)<\/strong><\/p>\n\n\n\n<p><strong>\u2013 Savr\u0161eno<\/strong><\/p>\n\n\n\n<p><strong>\u2013 Budu\u0107nost savr\u0161ena<\/strong><\/p>\n\n\n\n<p><strong>\u2013 Pluperfekt<\/strong><\/p>\n\n\n\n<p><strong>\u2013 Aorist pasiv<\/strong><\/p>\n\n\n\n<p>Osim toga, gr\u010dki glagoli imaju razli\u010dita raspolo\u017eenja <a href=\"https:\/\/talkpal.ai\/locations\/language-courses-in-koja\/\">koja<\/a> izra\u017eavaju govornikov stav prema radnji. Ta su raspolo\u017eenja imperativi, indikativna i konjunktivna.<\/p>\n\n\n\n<h3 class=\"wp-block-heading\" id=\"h-3-crafting-expressive-sentences-with-greek-adjectives-and-adverbs\">3. Izrada izra\u017eajnih re\u010denica s gr\u010dkim pridjevima i prilozima<\/h3>\n\n\n\n<p>Gr\u010dki pridjevi dodaju boju i opis va\u0161im re\u010denicama. Sli\u010dno imenicama, pridjevi na gr\u010dkom moraju se slo\u017eiti po spolu, broju i slu\u010daju s imenicom koju opisuju. Nadalje, pridjevi pripadaju jednoj od tri deklinacije, koja odre\u0111uje njihove zavr\u0161etke.<\/p>\n\n\n\n<p>Gr\u010dki prilozi mijenjaju glagole, pridjeve ili druge priloge. Oni izra\u017eavaju kako, kada, gdje ili u kojoj mjeri se radnja provodi. Za razliku od pridjeva, prilozi se ne moraju slagati s imenicama u spolu, broju ili slu\u010daju. U mnogim slu\u010dajevima, prilozi se formiraju dodavanjem specifi\u010dnih zavr\u0161etaka pridjevskim korijenima.<\/p>\n\n\n\n<h3 class=\"wp-block-heading\" id=\"h-4-exploring-greek-pronouns-and-greek-sentence-structure\">4. Istra\u017eivanje gr\u010dkih zamjenica i strukture gr\u010dkih re\u010denica<\/h3>\n\n\n\n<p>Zamjenice igraju zna\u010dajnu ulogu u gr\u010dkoj gramatici, jer zamjenjuju imenice i moraju se slo\u017eiti s imenicom koju predstavljaju u spolu, broju i slu\u010daju. Postoje osobne, refleksivne, demonstrativne, relativne, upitne i neodre\u0111ene zamjenice na gr\u010dkom.<\/p>\n\n\n\n<p>Gr\u010dka struktura re\u010denica prvenstveno slijedi redoslijed subjekt-glagol-objekt (SVO). Me\u0111utim, zbog svoje vrlo nametnute prirode, gr\u010dki nudi ve\u0107u fleksibilnost u redoslijedu rije\u010di, \u0161to omogu\u0107uje naglasak i pjesni\u010dki izraz. Ova se fleksibilnost isprva mo\u017ee \u010diniti izazovnom, ali postaje pristupa\u010dnija kako se upoznajete s nijansama jezika.<\/p>\n\n\n\n<h3 class=\"wp-block-heading\" id=\"h-conclusion\">Zaklju\u010dak<\/h3>\n\n\n\n<p>Dok kre\u0107ete na put svladavanja gr\u010dke gramatike, sjetite se da su praksa i ustrajnost klju\u010dni za uspjeh. Odvojite vrijeme za otkrivanje slo\u017eenosti gr\u010dkih imenica, glagola, pridjeva, priloga i strukture re\u010denica. Dok dublje ulazite u ovaj fascinantan jezik, otkrit \u0107ete da gr\u010dka gramatika postaje poznatija i manje zastra\u0161uju\u0107a. Sretno i \u03ba\u03b1\u03bb\u03ae \u03b5\u03c0\u03b9\u03c4\u03c5\u03c7\u03af\u03b1!<\/p>\n<\/div><\/div>\n\r\n<section class=\"learnNavigationSection\">\r\n            \r\n        <a href=\"https:\/\/talkpal.ai\/hr\/ucenje-grckog\/\">\r\n            <div class=\"learnNavigationWrapper\">\r\n                <div class=\"learnNavigationContent\">\r\n                    <img decoding=\"async\" src=\"https:\/\/talkpal.ai\/wp-content\/uploads\/2024\/08\/Greek.jpg\" alt=\"Greek Flag\">\r\n                    <div>\r\n                        <h4>O u\u010denju gr\u010dkog<\/h4>\r\n                        <p>Saznajte sve o gr\u010dkoj gramatici.<\/p>\r\n                    <\/div>\r\n                <\/div>\r\n            <\/div>\r\n        <\/a>\r\n\r\n        \r\n        <a href=\"https:\/\/talkpal.ai\/hr\/vjezbe-gramatike-za-grcku\/\">\r\n            <div class=\"learnNavigationWrapper\">\r\n                <div class=\"learnNavigationContent\">\r\n                    <img decoding=\"async\" src=\"https:\/\/talkpal.ai\/wp-content\/uploads\/2024\/08\/Greek.jpg\" alt=\"Greek Flag\">\r\n                    <div>\r\n                        <h4>Vje\u017eba gr\u010dke gramatike<\/h4>\r\n                        <p>Vje\u017ebajte gr\u010dku gramatiku.<\/p>\r\n                    <\/div>\r\n                <\/div>\r\n            <\/div>\r\n        <\/a>\r\n\r\n        \r\n        <a href=\"https:\/\/talkpal.ai\/vocabulary_language\/greek\/\">\r\n            <div class=\"learnNavigationWrapper\">\r\n                <div class=\"learnNavigationContent\">\r\n                    <img decoding=\"async\" src=\"https:\/\/talkpal.ai\/wp-content\/uploads\/2024\/08\/Greek.jpg\" alt=\"Greek Flag\">\r\n                    <div>\r\n                        <h4>Gr\u010dki rje\u010dnik<\/h4>\r\n                        <p>Pro\u0161irite svoj gr\u010dki vokabular.<\/p>\r\n                    <\/div>\r\n                <\/div>\r\n            <\/div>\r\n        <\/a>\r\n\r\n            <\/section>","protected":false},"excerpt":{"rendered":"<p>Demistifikacija gr\u010dke gramatike: Sveobuhvatan vodi\u010d Gr\u010dki, elegantan i drevni jezik, ima posebno mjesto u jezi\u010dnoj povijesti i danas je utjecajan. Sa sna\u017enim temeljima u gr\u010dkoj gramatici, dobit \u0107ete pristup bogatstvu kulturnih i povijesnih resursa dok \u0107ete otklju\u010dati jo\u0161 jedan sloj zna\u010denja u engleskom rje\u010dniku. Suprotno uvrije\u017eenom mi\u0161ljenju, gr\u010dka gramatika nije tako zastra\u0161uju\u0107a kao \u0161to se [&hellip;]<\/p>\n","protected":false},"author":1,"featured_media":112646,"parent":0,"menu_order":0,"comment_status":"closed","ping_status":"closed","template":"LearningContentPage.php","meta":{"_acf_changed":false,"footnotes":""},"class_list":["post-142996","page","type-page","status-publish","has-post-thumbnail","hentry"],"acf":[],"yoast_head":"<!-- This site is optimized with the Yoast SEO Premium plugin v27.2 (Yoast SEO v27.2) - https:\/\/yoast.com\/product\/yoast-seo-premium-wordpress\/ -->\n<title>Gr\u010dka gramatika - Talkpal<\/title>\n<meta name=\"description\" content=\"Savladajte gr\u010dku gramatiku s povjerenjem - nau\u010dite va\u017ena pravila, vje\u017ebajte oblikovanje re\u010denica i brzo oja\u010dajte svoje vje\u0161tine uz Talkpal AI.\" \/>\n<meta name=\"robots\" content=\"index, follow, max-snippet:-1, max-image-preview:large, max-video-preview:-1\" \/>\n<link rel=\"canonical\" href=\"https:\/\/talkpal.ai\/hr\/grcka-gramatika\/\" \/>\n<meta property=\"og:locale\" content=\"hr_HR\" \/>\n<meta property=\"og:type\" content=\"article\" \/>\n<meta property=\"og:title\" content=\"Gr\u010dka gramatika\" \/>\n<meta property=\"og:description\" content=\"Demistifikacija gr\u010dke gramatike: Sveobuhvatan vodi\u010d Gr\u010dki, elegantan i drevni jezik, ima posebno mjesto u jezi\u010dnoj povijesti i danas je utjecajan. Sa\" \/>\n<meta property=\"og:url\" content=\"https:\/\/talkpal.ai\/hr\/grcka-gramatika\/\" \/>\n<meta property=\"og:site_name\" content=\"Talkpal\" \/>\n<meta property=\"article:publisher\" content=\"https:\/\/www.facebook.com\/profile.php?id=100090733639311\" \/>\n<meta property=\"article:modified_time\" content=\"2025-12-13T15:14:18+00:00\" \/>\n<meta property=\"og:image\" content=\"https:\/\/talkpal.ai\/wp-content\/uploads\/2023\/05\/greece.png\" \/>\n\t<meta property=\"og:image:width\" content=\"512\" \/>\n\t<meta property=\"og:image:height\" content=\"512\" \/>\n\t<meta property=\"og:image:type\" content=\"image\/png\" \/>\n<meta name=\"twitter:card\" content=\"summary_large_image\" \/>\n<meta name=\"twitter:site\" content=\"@talkpalai\" \/>\n<meta name=\"twitter:label1\" content=\"Procijenjeno vrijeme \u010ditanja\" \/>\n\t<meta name=\"twitter:data1\" content=\"3 minute\" \/>\n<script type=\"application\/ld+json\" class=\"yoast-schema-graph\">{\"@context\":\"https:\/\/schema.org\",\"@graph\":[{\"@type\":\"WebPage\",\"@id\":\"https:\/\/talkpal.ai\/hr\/grcka-gramatika\/\",\"url\":\"https:\/\/talkpal.ai\/hr\/grcka-gramatika\/\",\"name\":\"Gr\u010dka gramatika - Talkpal\",\"isPartOf\":{\"@id\":\"https:\/\/talkpal.ai\/hr\/#website\"},\"primaryImageOfPage\":{\"@id\":\"https:\/\/talkpal.ai\/hr\/grcka-gramatika\/#primaryimage\"},\"image\":{\"@id\":\"https:\/\/talkpal.ai\/hr\/grcka-gramatika\/#primaryimage\"},\"thumbnailUrl\":\"https:\/\/talkpal.ai\/wp-content\/uploads\/2023\/05\/greece.png\",\"datePublished\":\"2023-05-14T14:02:30+00:00\",\"dateModified\":\"2025-12-13T15:14:18+00:00\",\"description\":\"Savladajte gr\u010dku gramatiku s povjerenjem - nau\u010dite va\u017ena pravila, vje\u017ebajte oblikovanje re\u010denica i brzo oja\u010dajte svoje vje\u0161tine uz Talkpal AI.\",\"breadcrumb\":{\"@id\":\"https:\/\/talkpal.ai\/hr\/grcka-gramatika\/#breadcrumb\"},\"inLanguage\":\"hr\",\"potentialAction\":[{\"@type\":\"ReadAction\",\"target\":[\"https:\/\/talkpal.ai\/hr\/grcka-gramatika\/\"]}]},{\"@type\":\"ImageObject\",\"inLanguage\":\"hr\",\"@id\":\"https:\/\/talkpal.ai\/hr\/grcka-gramatika\/#primaryimage\",\"url\":\"https:\/\/talkpal.ai\/wp-content\/uploads\/2023\/05\/greece.png\",\"contentUrl\":\"https:\/\/talkpal.ai\/wp-content\/uploads\/2023\/05\/greece.png\",\"width\":512,\"height\":512},{\"@type\":\"BreadcrumbList\",\"@id\":\"https:\/\/talkpal.ai\/hr\/grcka-gramatika\/#breadcrumb\",\"itemListElement\":[{\"@type\":\"ListItem\",\"position\":1,\"name\":\"Homepage\",\"item\":\"https:\/\/talkpal.ai\/hr\/\"},{\"@type\":\"ListItem\",\"position\":2,\"name\":\"Gr\u010dka gramatika\"}]},{\"@type\":\"WebSite\",\"@id\":\"https:\/\/talkpal.ai\/hr\/#website\",\"url\":\"https:\/\/talkpal.ai\/hr\/\",\"name\":\"Talkpal\",\"description\":\"AI Language Learning\",\"publisher\":{\"@id\":\"https:\/\/talkpal.ai\/hr\/#organization\"},\"alternateName\":\"Talkpal AI\",\"potentialAction\":[{\"@type\":\"SearchAction\",\"target\":{\"@type\":\"EntryPoint\",\"urlTemplate\":\"https:\/\/talkpal.ai\/hr\/?s={search_term_string}\"},\"query-input\":{\"@type\":\"PropertyValueSpecification\",\"valueRequired\":true,\"valueName\":\"search_term_string\"}}],\"inLanguage\":\"hr\"},{\"@type\":\"Organization\",\"@id\":\"https:\/\/talkpal.ai\/hr\/#organization\",\"name\":\"Talkpal, Inc.\",\"alternateName\":\"Talkpal AI\",\"url\":\"https:\/\/talkpal.ai\/hr\/\",\"logo\":{\"@type\":\"ImageObject\",\"inLanguage\":\"hr\",\"@id\":\"https:\/\/talkpal.ai\/hr\/#\/schema\/logo\/image\/\",\"url\":\"https:\/\/talkpal.ai\/wp-content\/uploads\/2024\/03\/Talkpal-Logo-Icon.png\",\"contentUrl\":\"https:\/\/talkpal.ai\/wp-content\/uploads\/2024\/03\/Talkpal-Logo-Icon.png\",\"width\":2880,\"height\":2880,\"caption\":\"Talkpal, Inc.\"},\"image\":{\"@id\":\"https:\/\/talkpal.ai\/hr\/#\/schema\/logo\/image\/\"},\"sameAs\":[\"https:\/\/www.facebook.com\/profile.php?id=100090733639311\",\"https:\/\/x.com\/talkpalai\",\"https:\/\/www.linkedin.com\/company\/talkpal\/\",\"https:\/\/www.youtube.com\/@TalkPal\/\",\"https:\/\/www.tiktok.com\/@talkpal\",\"https:\/\/www.instagram.com\/talkpal_ai\/\",\"https:\/\/www.crunchbase.com\/organization\/talkpal-9cde\",\"https:\/\/www.g2.com\/products\/talkpal-for-business\/\",\"https:\/\/www.trustpilot.com\/review\/talkpal.ai\",\"https:\/\/www.capterra.com\/p\/10006800\/TalkPal\/\"],\"description\":\"Talkpal is a language learning web and mobile education app, powered by the latest AI technologies, that provides engaging experiences to its customers in many different languages to help them improve their language skills. Users can chat about unlimited amount of topics with the app and use other modes to practice their language learning.\",\"email\":\"support@talkpal.ai\",\"legalName\":\"Talkpal, Inc.\",\"foundingDate\":\"2023-04-03\",\"duns\":\"118989042\",\"numberOfEmployees\":{\"@type\":\"QuantitativeValue\",\"minValue\":\"11\",\"maxValue\":\"50\"},\"publishingPrinciples\":\"https:\/\/talkpal.ai\/publishing-principles\/\",\"actionableFeedbackPolicy\":\"https:\/\/talkpal.ai\/actionable-feedback-policy\/\",\"correctionsPolicy\":\"https:\/\/talkpal.ai\/corrections-policy\/\",\"ethicsPolicy\":\"https:\/\/talkpal.ai\/ethics-policy\/\",\"diversityPolicy\":\"https:\/\/talkpal.ai\/diversity-policy\/\",\"diversityStaffingReport\":\"https:\/\/talkpal.ai\/diversity-policy\/\"}]}<\/script>\n<!-- \/ Yoast SEO Premium plugin. -->","yoast_head_json":{"title":"Gr\u010dka gramatika - Talkpal","description":"Savladajte gr\u010dku gramatiku s povjerenjem - nau\u010dite va\u017ena pravila, vje\u017ebajte oblikovanje re\u010denica i brzo oja\u010dajte svoje vje\u0161tine uz Talkpal AI.","robots":{"index":"index","follow":"follow","max-snippet":"max-snippet:-1","max-image-preview":"max-image-preview:large","max-video-preview":"max-video-preview:-1"},"canonical":"https:\/\/talkpal.ai\/hr\/grcka-gramatika\/","og_locale":"hr_HR","og_type":"article","og_title":"Gr\u010dka gramatika","og_description":"Demistifikacija gr\u010dke gramatike: Sveobuhvatan vodi\u010d Gr\u010dki, elegantan i drevni jezik, ima posebno mjesto u jezi\u010dnoj povijesti i danas je utjecajan. Sa","og_url":"https:\/\/talkpal.ai\/hr\/grcka-gramatika\/","og_site_name":"Talkpal","article_publisher":"https:\/\/www.facebook.com\/profile.php?id=100090733639311","article_modified_time":"2025-12-13T15:14:18+00:00","og_image":[{"width":512,"height":512,"url":"https:\/\/talkpal.ai\/wp-content\/uploads\/2023\/05\/greece.png","type":"image\/png"}],"twitter_card":"summary_large_image","twitter_site":"@talkpalai","twitter_misc":{"Procijenjeno vrijeme \u010ditanja":"3 minute"},"schema":{"@context":"https:\/\/schema.org","@graph":[{"@type":"WebPage","@id":"https:\/\/talkpal.ai\/hr\/grcka-gramatika\/","url":"https:\/\/talkpal.ai\/hr\/grcka-gramatika\/","name":"Gr\u010dka gramatika - Talkpal","isPartOf":{"@id":"https:\/\/talkpal.ai\/hr\/#website"},"primaryImageOfPage":{"@id":"https:\/\/talkpal.ai\/hr\/grcka-gramatika\/#primaryimage"},"image":{"@id":"https:\/\/talkpal.ai\/hr\/grcka-gramatika\/#primaryimage"},"thumbnailUrl":"https:\/\/talkpal.ai\/wp-content\/uploads\/2023\/05\/greece.png","datePublished":"2023-05-14T14:02:30+00:00","dateModified":"2025-12-13T15:14:18+00:00","description":"Savladajte gr\u010dku gramatiku s povjerenjem - nau\u010dite va\u017ena pravila, vje\u017ebajte oblikovanje re\u010denica i brzo oja\u010dajte svoje vje\u0161tine uz Talkpal AI.","breadcrumb":{"@id":"https:\/\/talkpal.ai\/hr\/grcka-gramatika\/#breadcrumb"},"inLanguage":"hr","potentialAction":[{"@type":"ReadAction","target":["https:\/\/talkpal.ai\/hr\/grcka-gramatika\/"]}]},{"@type":"ImageObject","inLanguage":"hr","@id":"https:\/\/talkpal.ai\/hr\/grcka-gramatika\/#primaryimage","url":"https:\/\/talkpal.ai\/wp-content\/uploads\/2023\/05\/greece.png","contentUrl":"https:\/\/talkpal.ai\/wp-content\/uploads\/2023\/05\/greece.png","width":512,"height":512},{"@type":"BreadcrumbList","@id":"https:\/\/talkpal.ai\/hr\/grcka-gramatika\/#breadcrumb","itemListElement":[{"@type":"ListItem","position":1,"name":"Homepage","item":"https:\/\/talkpal.ai\/hr\/"},{"@type":"ListItem","position":2,"name":"Gr\u010dka gramatika"}]},{"@type":"WebSite","@id":"https:\/\/talkpal.ai\/hr\/#website","url":"https:\/\/talkpal.ai\/hr\/","name":"Talkpal","description":"AI Language Learning","publisher":{"@id":"https:\/\/talkpal.ai\/hr\/#organization"},"alternateName":"Talkpal AI","potentialAction":[{"@type":"SearchAction","target":{"@type":"EntryPoint","urlTemplate":"https:\/\/talkpal.ai\/hr\/?s={search_term_string}"},"query-input":{"@type":"PropertyValueSpecification","valueRequired":true,"valueName":"search_term_string"}}],"inLanguage":"hr"},{"@type":"Organization","@id":"https:\/\/talkpal.ai\/hr\/#organization","name":"Talkpal, Inc.","alternateName":"Talkpal AI","url":"https:\/\/talkpal.ai\/hr\/","logo":{"@type":"ImageObject","inLanguage":"hr","@id":"https:\/\/talkpal.ai\/hr\/#\/schema\/logo\/image\/","url":"https:\/\/talkpal.ai\/wp-content\/uploads\/2024\/03\/Talkpal-Logo-Icon.png","contentUrl":"https:\/\/talkpal.ai\/wp-content\/uploads\/2024\/03\/Talkpal-Logo-Icon.png","width":2880,"height":2880,"caption":"Talkpal, Inc."},"image":{"@id":"https:\/\/talkpal.ai\/hr\/#\/schema\/logo\/image\/"},"sameAs":["https:\/\/www.facebook.com\/profile.php?id=100090733639311","https:\/\/x.com\/talkpalai","https:\/\/www.linkedin.com\/company\/talkpal\/","https:\/\/www.youtube.com\/@TalkPal\/","https:\/\/www.tiktok.com\/@talkpal","https:\/\/www.instagram.com\/talkpal_ai\/","https:\/\/www.crunchbase.com\/organization\/talkpal-9cde","https:\/\/www.g2.com\/products\/talkpal-for-business\/","https:\/\/www.trustpilot.com\/review\/talkpal.ai","https:\/\/www.capterra.com\/p\/10006800\/TalkPal\/"],"description":"Talkpal is a language learning web and mobile education app, powered by the latest AI technologies, that provides engaging experiences to its customers in many different languages to help them improve their language skills. Users can chat about unlimited amount of topics with the app and use other modes to practice their language learning.","email":"support@talkpal.ai","legalName":"Talkpal, Inc.","foundingDate":"2023-04-03","duns":"118989042","numberOfEmployees":{"@type":"QuantitativeValue","minValue":"11","maxValue":"50"},"publishingPrinciples":"https:\/\/talkpal.ai\/publishing-principles\/","actionableFeedbackPolicy":"https:\/\/talkpal.ai\/actionable-feedback-policy\/","correctionsPolicy":"https:\/\/talkpal.ai\/corrections-policy\/","ethicsPolicy":"https:\/\/talkpal.ai\/ethics-policy\/","diversityPolicy":"https:\/\/talkpal.ai\/diversity-policy\/","diversityStaffingReport":"https:\/\/talkpal.ai\/diversity-policy\/"}]}},"_links":{"self":[{"href":"https:\/\/talkpal.ai\/hr\/wp-json\/wp\/v2\/pages\/142996","targetHints":{"allow":["GET"]}}],"collection":[{"href":"https:\/\/talkpal.ai\/hr\/wp-json\/wp\/v2\/pages"}],"about":[{"href":"https:\/\/talkpal.ai\/hr\/wp-json\/wp\/v2\/types\/page"}],"author":[{"embeddable":true,"href":"https:\/\/talkpal.ai\/hr\/wp-json\/wp\/v2\/users\/1"}],"replies":[{"embeddable":true,"href":"https:\/\/talkpal.ai\/hr\/wp-json\/wp\/v2\/comments?post=142996"}],"version-history":[{"count":0,"href":"https:\/\/talkpal.ai\/hr\/wp-json\/wp\/v2\/pages\/142996\/revisions"}],"wp:featuredmedia":[{"embeddable":true,"href":"https:\/\/talkpal.ai\/hr\/wp-json\/wp\/v2\/media\/112646"}],"wp:attachment":[{"href":"https:\/\/talkpal.ai\/hr\/wp-json\/wp\/v2\/media?parent=142996"}],"curies":[{"name":"wp","href":"https:\/\/api.w.org\/{rel}","templated":true}]}}